{"id":2236,"date":"2019-01-12T20:39:39","date_gmt":"2019-01-12T19:39:39","guid":{"rendered":"https:\/\/sysmatec.ch\/produit\/gel-deshydratant\/"},"modified":"2022-03-10T10:55:59","modified_gmt":"2022-03-10T09:55:59","slug":"trocknungsmittel","status":"publish","type":"product","link":"https:\/\/sysmatec.ch\/de\/Produkt\/trocknungsmittel\/","title":{"rendered":"Trocknungsmittel"},"content":{"rendered":"<ul>\n<li>Silicagel mit Farbindikator von orange nach dunkelbraun bis schwarz (enth\u00e4lt kein Kobald-II-Chlorid).<\/li>\n<li>K\u00f6rnung 2.0 &#8211; 5.0 mm<\/li>\n<li>Verlust beim Trocknen &lt;=4%.<\/li>\n<li>V 1895-04: 360 g\/Flasche<\/li>\n<li>V 1895-08: 720 g\/Flasche<\/li>\n<\/ul>\n<p>Bemerkung:<\/p>\n<ul>\n<li>Sie k\u00f6nnen das Silicagel regenerieren, in dem Sie es mit der zu den Exsikkatoren mitgelieferten Bodenwannen \u00fcber 90 Minuten in einem Ofen bei 90 \u00b0C- 100\u00b0C erw\u00e4rmen.<\/li>\n<li>Ein Mikrowellenofen ist nicht geeignet.<\/li>\n<li>Pro cm Sch\u00fctth\u00f6he m\u00fcssen Sie 90 Minuten zum Regenerieren einplanen.<\/li>\n<li>Nicht ben\u00f6tigtes Trocknungsmittel bewahren Sie bitte in einem verschlossenen Gef\u00e4\u00df auf.<\/li>\n<li>Der Farbindikator gibt Auskunft \u00fcber den S\u00e4ttigungsgrad des Trocknungsmittels. Orange: getrocknet und einsatzf\u00e4hig, dunkelbraun bis schwarz: ges\u00e4ttigt.<\/li>\n<\/ul>\n","protected":false},"excerpt":{"rendered":"<p><span class=\"VIiyi\" lang=\"de\"><span class=\"JLqJ4b ChMk0b\" data-language-for-alternatives=\"de\" data-language-to-translate-into=\"fr\" data-phrase-index=\"3\" data-number-of-phrases=\"4\">Trockenmittel f\u00fcr Exsikkator.<\/span><\/span><\/p>\n","protected":false},"featured_media":1249,"template":"","meta":{"_crdt_document":""},"product_brand":[],"product_cat":[143],"product_tag":[],"class_list":{"0":"post-2236","1":"product","2":"type-product","3":"status-publish","4":"has-post-thumbnail","6":"product_cat-exsikkator","8":"first","9":"instock","10":"taxable","11":"shipping-taxable","12":"product-type-simple"},"yoast_head":"<!-- This site is optimized with the Yoast SEO plugin v27.3 - https:\/\/yoast.com\/product\/yoast-seo-wordpress\/ -->\n<title>Trocknungsmittel - Sysmatec<\/title>\n<meta name=\"description\" content=\"Kieselgel-Trockenmittel zur Verwendung in Exsikkatoren. Ein Farbstoff erm\u00f6glicht es, seinen Hydratationszustand zu kennen.\" \/>\n<meta name=\"robots\" content=\"index, follow, max-snippet:-1, max-image-preview:large, max-video-preview:-1\" \/>\n<link rel=\"canonical\" href=\"https:\/\/sysmatec.ch\/de\/produit\/trocknungsmittel\/\" \/>\n<meta property=\"og:locale\" content=\"de_DE\" \/>\n<meta property=\"og:type\" content=\"article\" \/>\n<meta property=\"og:title\" content=\"Trocknungsmittel - Sysmatec\" \/>\n<meta property=\"og:description\" content=\"Kieselgel-Trockenmittel zur Verwendung in Exsikkatoren. Ein Farbstoff erm\u00f6glicht es, seinen Hydratationszustand zu kennen.\" \/>\n<meta property=\"og:url\" content=\"https:\/\/sysmatec.ch\/de\/produit\/trocknungsmittel\/\" \/>\n<meta property=\"og:site_name\" content=\"Sysmatec\" \/>\n<meta property=\"article:modified_time\" content=\"2022-03-10T09:55:59+00:00\" \/>\n<meta property=\"og:image\" content=\"https:\/\/sysmatec.ch\/wp-content\/uploads\/2019\/01\/SiccoSilicagel1.jpg\" \/>\n\t<meta property=\"og:image:width\" content=\"182\" \/>\n\t<meta property=\"og:image:height\" content=\"93\" \/>\n\t<meta property=\"og:image:type\" content=\"image\/jpeg\" \/>\n<meta name=\"twitter:card\" content=\"summary_large_image\" \/>\n<meta name=\"twitter:label1\" content=\"Gesch\u00e4tzte Lesezeit\" \/>\n\t<meta name=\"twitter:data1\" content=\"1\u00a0Minute\" \/>\n<script type=\"application\/ld+json\" class=\"yoast-schema-graph\">{\"@context\":\"https:\\\/\\\/schema.org\",\"@graph\":[{\"@type\":\"WebPage\",\"@id\":\"https:\\\/\\\/sysmatec.ch\\\/de\\\/produit\\\/trocknungsmittel\\\/\",\"url\":\"https:\\\/\\\/sysmatec.ch\\\/de\\\/produit\\\/trocknungsmittel\\\/\",\"name\":\"Trocknungsmittel - Sysmatec\",\"isPartOf\":{\"@id\":\"https:\\\/\\\/sysmatec.ch\\\/de\\\/#website\"},\"primaryImageOfPage\":{\"@id\":\"https:\\\/\\\/sysmatec.ch\\\/de\\\/produit\\\/trocknungsmittel\\\/#primaryimage\"},\"image\":{\"@id\":\"https:\\\/\\\/sysmatec.ch\\\/de\\\/produit\\\/trocknungsmittel\\\/#primaryimage\"},\"thumbnailUrl\":\"https:\\\/\\\/sysmatec.ch\\\/wp-content\\\/uploads\\\/2019\\\/01\\\/SiccoSilicagel1.jpg\",\"datePublished\":\"2019-01-12T19:39:39+00:00\",\"dateModified\":\"2022-03-10T09:55:59+00:00\",\"description\":\"Kieselgel-Trockenmittel zur Verwendung in Exsikkatoren. Ein Farbstoff erm\u00f6glicht es, seinen Hydratationszustand zu kennen.\",\"breadcrumb\":{\"@id\":\"https:\\\/\\\/sysmatec.ch\\\/de\\\/produit\\\/trocknungsmittel\\\/#breadcrumb\"},\"inLanguage\":\"de\",\"potentialAction\":[{\"@type\":\"ReadAction\",\"target\":[\"https:\\\/\\\/sysmatec.ch\\\/de\\\/produit\\\/trocknungsmittel\\\/\"]}]},{\"@type\":\"ImageObject\",\"inLanguage\":\"de\",\"@id\":\"https:\\\/\\\/sysmatec.ch\\\/de\\\/produit\\\/trocknungsmittel\\\/#primaryimage\",\"url\":\"https:\\\/\\\/sysmatec.ch\\\/wp-content\\\/uploads\\\/2019\\\/01\\\/SiccoSilicagel1.jpg\",\"contentUrl\":\"https:\\\/\\\/sysmatec.ch\\\/wp-content\\\/uploads\\\/2019\\\/01\\\/SiccoSilicagel1.jpg\",\"width\":182,\"height\":93},{\"@type\":\"BreadcrumbList\",\"@id\":\"https:\\\/\\\/sysmatec.ch\\\/de\\\/produit\\\/trocknungsmittel\\\/#breadcrumb\",\"itemListElement\":[{\"@type\":\"ListItem\",\"position\":1,\"name\":\"Accueil\",\"item\":\"https:\\\/\\\/sysmatec.ch\\\/de\\\/\"},{\"@type\":\"ListItem\",\"position\":2,\"name\":\"Die Aktivit\u00e4t von Sysmatec\",\"item\":\"https:\\\/\\\/sysmatec.ch\\\/de\\\/\"},{\"@type\":\"ListItem\",\"position\":3,\"name\":\"Trocknungsmittel\"}]},{\"@type\":\"WebSite\",\"@id\":\"https:\\\/\\\/sysmatec.ch\\\/de\\\/#website\",\"url\":\"https:\\\/\\\/sysmatec.ch\\\/de\\\/\",\"name\":\"Sysmatec\",\"description\":\"Equipement de laboratoire et logiciels\",\"publisher\":{\"@id\":\"https:\\\/\\\/sysmatec.ch\\\/de\\\/#organization\"},\"potentialAction\":[{\"@type\":\"SearchAction\",\"target\":{\"@type\":\"EntryPoint\",\"urlTemplate\":\"https:\\\/\\\/sysmatec.ch\\\/de\\\/?s={search_term_string}\"},\"query-input\":{\"@type\":\"PropertyValueSpecification\",\"valueRequired\":true,\"valueName\":\"search_term_string\"}}],\"inLanguage\":\"de\"},{\"@type\":\"Organization\",\"@id\":\"https:\\\/\\\/sysmatec.ch\\\/de\\\/#organization\",\"name\":\"Sysmatec\",\"url\":\"https:\\\/\\\/sysmatec.ch\\\/de\\\/\",\"logo\":{\"@type\":\"ImageObject\",\"inLanguage\":\"de\",\"@id\":\"https:\\\/\\\/sysmatec.ch\\\/de\\\/#\\\/schema\\\/logo\\\/image\\\/\",\"url\":\"https:\\\/\\\/sysmatec.ch\\\/wp-content\\\/uploads\\\/2018\\\/11\\\/LogoSysmatec.jpg\",\"contentUrl\":\"https:\\\/\\\/sysmatec.ch\\\/wp-content\\\/uploads\\\/2018\\\/11\\\/LogoSysmatec.jpg\",\"width\":301,\"height\":297,\"caption\":\"Sysmatec\"},\"image\":{\"@id\":\"https:\\\/\\\/sysmatec.ch\\\/de\\\/#\\\/schema\\\/logo\\\/image\\\/\"}}]}<\/script>\n<!-- \/ Yoast SEO plugin. -->","yoast_head_json":{"title":"Trocknungsmittel - Sysmatec","description":"Kieselgel-Trockenmittel zur Verwendung in Exsikkatoren. Ein Farbstoff erm\u00f6glicht es, seinen Hydratationszustand zu kennen.","robots":{"index":"index","follow":"follow","max-snippet":"max-snippet:-1","max-image-preview":"max-image-preview:large","max-video-preview":"max-video-preview:-1"},"canonical":"https:\/\/sysmatec.ch\/de\/produit\/trocknungsmittel\/","og_locale":"de_DE","og_type":"article","og_title":"Trocknungsmittel - Sysmatec","og_description":"Kieselgel-Trockenmittel zur Verwendung in Exsikkatoren. Ein Farbstoff erm\u00f6glicht es, seinen Hydratationszustand zu kennen.","og_url":"https:\/\/sysmatec.ch\/de\/produit\/trocknungsmittel\/","og_site_name":"Sysmatec","article_modified_time":"2022-03-10T09:55:59+00:00","og_image":[{"width":182,"height":93,"url":"https:\/\/sysmatec.ch\/wp-content\/uploads\/2019\/01\/SiccoSilicagel1.jpg","type":"image\/jpeg"}],"twitter_card":"summary_large_image","twitter_misc":{"Gesch\u00e4tzte Lesezeit":"1\u00a0Minute"},"schema":{"@context":"https:\/\/schema.org","@graph":[{"@type":"WebPage","@id":"https:\/\/sysmatec.ch\/de\/produit\/trocknungsmittel\/","url":"https:\/\/sysmatec.ch\/de\/produit\/trocknungsmittel\/","name":"Trocknungsmittel - Sysmatec","isPartOf":{"@id":"https:\/\/sysmatec.ch\/de\/#website"},"primaryImageOfPage":{"@id":"https:\/\/sysmatec.ch\/de\/produit\/trocknungsmittel\/#primaryimage"},"image":{"@id":"https:\/\/sysmatec.ch\/de\/produit\/trocknungsmittel\/#primaryimage"},"thumbnailUrl":"https:\/\/sysmatec.ch\/wp-content\/uploads\/2019\/01\/SiccoSilicagel1.jpg","datePublished":"2019-01-12T19:39:39+00:00","dateModified":"2022-03-10T09:55:59+00:00","description":"Kieselgel-Trockenmittel zur Verwendung in Exsikkatoren. Ein Farbstoff erm\u00f6glicht es, seinen Hydratationszustand zu kennen.","breadcrumb":{"@id":"https:\/\/sysmatec.ch\/de\/produit\/trocknungsmittel\/#breadcrumb"},"inLanguage":"de","potentialAction":[{"@type":"ReadAction","target":["https:\/\/sysmatec.ch\/de\/produit\/trocknungsmittel\/"]}]},{"@type":"ImageObject","inLanguage":"de","@id":"https:\/\/sysmatec.ch\/de\/produit\/trocknungsmittel\/#primaryimage","url":"https:\/\/sysmatec.ch\/wp-content\/uploads\/2019\/01\/SiccoSilicagel1.jpg","contentUrl":"https:\/\/sysmatec.ch\/wp-content\/uploads\/2019\/01\/SiccoSilicagel1.jpg","width":182,"height":93},{"@type":"BreadcrumbList","@id":"https:\/\/sysmatec.ch\/de\/produit\/trocknungsmittel\/#breadcrumb","itemListElement":[{"@type":"ListItem","position":1,"name":"Accueil","item":"https:\/\/sysmatec.ch\/de\/"},{"@type":"ListItem","position":2,"name":"Die Aktivit\u00e4t von Sysmatec","item":"https:\/\/sysmatec.ch\/de\/"},{"@type":"ListItem","position":3,"name":"Trocknungsmittel"}]},{"@type":"WebSite","@id":"https:\/\/sysmatec.ch\/de\/#website","url":"https:\/\/sysmatec.ch\/de\/","name":"Sysmatec","description":"Equipement de laboratoire et logiciels","publisher":{"@id":"https:\/\/sysmatec.ch\/de\/#organization"},"potentialAction":[{"@type":"SearchAction","target":{"@type":"EntryPoint","urlTemplate":"https:\/\/sysmatec.ch\/de\/?s={search_term_string}"},"query-input":{"@type":"PropertyValueSpecification","valueRequired":true,"valueName":"search_term_string"}}],"inLanguage":"de"},{"@type":"Organization","@id":"https:\/\/sysmatec.ch\/de\/#organization","name":"Sysmatec","url":"https:\/\/sysmatec.ch\/de\/","logo":{"@type":"ImageObject","inLanguage":"de","@id":"https:\/\/sysmatec.ch\/de\/#\/schema\/logo\/image\/","url":"https:\/\/sysmatec.ch\/wp-content\/uploads\/2018\/11\/LogoSysmatec.jpg","contentUrl":"https:\/\/sysmatec.ch\/wp-content\/uploads\/2018\/11\/LogoSysmatec.jpg","width":301,"height":297,"caption":"Sysmatec"},"image":{"@id":"https:\/\/sysmatec.ch\/de\/#\/schema\/logo\/image\/"}}]}},"_links":{"self":[{"href":"https:\/\/sysmatec.ch\/de\/wp-json\/wp\/v2\/product\/2236","targetHints":{"allow":["GET"]}}],"collection":[{"href":"https:\/\/sysmatec.ch\/de\/wp-json\/wp\/v2\/product"}],"about":[{"href":"https:\/\/sysmatec.ch\/de\/wp-json\/wp\/v2\/types\/product"}],"wp:featuredmedia":[{"embeddable":true,"href":"https:\/\/sysmatec.ch\/de\/wp-json\/wp\/v2\/media\/1249"}],"wp:attachment":[{"href":"https:\/\/sysmatec.ch\/de\/wp-json\/wp\/v2\/media?parent=2236"}],"wp:term":[{"taxonomy":"product_brand","embeddable":true,"href":"https:\/\/sysmatec.ch\/de\/wp-json\/wp\/v2\/product_brand?post=2236"},{"taxonomy":"product_cat","embeddable":true,"href":"https:\/\/sysmatec.ch\/de\/wp-json\/wp\/v2\/product_cat?post=2236"},{"taxonomy":"product_tag","embeddable":true,"href":"https:\/\/sysmatec.ch\/de\/wp-json\/wp\/v2\/product_tag?post=2236"}],"curies":[{"name":"wp","href":"https:\/\/api.w.org\/{rel}","templated":true}]}}