{"id":22359,"date":"2021-03-01T18:17:21","date_gmt":"2021-03-01T17:17:25","guid":{"rendered":"https:\/\/sysmatec.ch\/?post_type=product&#038;p=22359"},"modified":"2021-10-25T21:49:12","modified_gmt":"2021-10-25T19:49:12","slug":"autoklave-superior-n","status":"publish","type":"product","link":"https:\/\/sysmatec.ch\/de\/Produkt\/autoklave-superior-n\/","title":{"rendered":"Autoklave Superior N"},"content":{"rendered":"<p><span class=\"VIiyi\" lang=\"de\"><span class=\"JLqJ4b\" data-language-for-alternatives=\"de\" data-language-to-translate-into=\"fr\" data-phrase-index=\"0\">F\u00fcr die Dampfsterilisation sind dies kompakte Autoklaven der Klasse N (Kein Vakuum). Sie sind zuverl\u00e4ssig. Dank Premium-Komponenten aus Europa halten sie l\u00e4nger. Die 18 und 23 Liter Kammern bestehen aus dickem AISI 304 Monoblock-Stahlguss.<\/span><\/span><\/p>\n<p><span class=\"VIiyi\" lang=\"de\"><span class=\"JLqJ4b\" data-language-for-alternatives=\"de\" data-language-to-translate-into=\"fr\" data-phrase-index=\"0\">Sie haben mehr als 10 vordefinierte validierte Sterilisationsprogramme.<\/span><\/span><\/p>\n<p><span class=\"VIiyi\" lang=\"de\"><span class=\"JLqJ4b\" data-language-for-alternatives=\"de\" data-language-to-translate-into=\"fr\" data-phrase-index=\"0\">Sie sind sicher dank Sensoren, die die Betriebsparameter \u00fcberpr\u00fcfen und die Zykluszeiten an interne und externe Bedingungen anpassen. Insbesondere verf\u00fcgen sie \u00fcber einen integrierten Sensor, der die Wasserqualit\u00e4t kontinuierlich \u00fcberwacht. Nur Wasser von guter Qualit\u00e4t garantiert eine perfekte Sterilisation und eine lange Lebensdauer Ihrer Instrumente und Ihres Autoklaven.<\/span><\/span><\/p>\n<p><span class=\"VIiyi\" lang=\"de\"><span class=\"JLqJ4b\" data-language-for-alternatives=\"de\" data-language-to-translate-into=\"fr\" data-phrase-index=\"0\">Diese Autoklaven verf\u00fcgen \u00fcber ein motorisiertes T\u00fcrschloss, das absolute Sicherheit, einfachere Handhabung und automatisches \u00d6ffnen garantiert.<\/span><\/span><\/p>\n<p><span class=\"VIiyi\" lang=\"de\"><span class=\"JLqJ4b\" data-language-for-alternatives=\"de\" data-language-to-translate-into=\"fr\" data-phrase-index=\"0\">Ein Thermodrucker erm\u00f6glicht das Drucken der Bedingungen, unter denen die Sterilisation stattgefunden hat, und liefert so eine permanente Aufzeichnung jedes Sterilisationszyklus. \u00dcber einen optionalen USB-Anschluss kann der Sterilisationszyklus auf einem USB-Stick gespeichert werden. Daten k\u00f6nnen in propriet\u00e4re PC-Software importiert werden.<\/span><\/span><\/p>\n<p><span class=\"VIiyi\" lang=\"de\"><span class=\"JLqJ4b\" data-language-for-alternatives=\"de\" data-language-to-translate-into=\"fr\" data-phrase-index=\"0\">Sie sind einfach zu bedienen und haben ein mehrsprachiges Men\u00fc.<\/span><\/span><\/p>\n<h2><span class=\"VIiyi\" lang=\"de\"><span class=\"JLqJ4b ChMk0b\" data-language-for-alternatives=\"de\" data-language-to-translate-into=\"fr\" data-phrase-index=\"0\">Autoklave Superior N 18 L Eigenschaften<\/span><\/span><\/h2>\n<ul>\n<li><span class=\"VIiyi\" lang=\"de\"><span class=\"JLqJ4b ChMk0b\" data-language-for-alternatives=\"de\" data-language-to-translate-into=\"fr\" data-phrase-index=\"2\">Vakuumtyp: Kein Vaccum<\/span><\/span><\/li>\n<li><span class=\"VIiyi\" lang=\"de\"><span class=\"JLqJ4b ChMk0b\" data-language-for-alternatives=\"de\" data-language-to-translate-into=\"fr\" data-phrase-index=\"4\">Integrierter Dampferzeuger<\/span><\/span><\/li>\n<li><span class=\"VIiyi\" lang=\"de\"><span class=\"JLqJ4b ChMk0b\" data-language-for-alternatives=\"de\" data-language-to-translate-into=\"fr\" data-phrase-index=\"6\">Integrierter Drucker<\/span> <span class=\"JLqJ4b ChMk0b\" data-language-for-alternatives=\"de\" data-language-to-translate-into=\"fr\" data-phrase-index=\"8\">Wasserqualit\u00e4tssensor<\/span><\/span><\/li>\n<li><span class=\"VIiyi\" lang=\"de\"><span class=\"JLqJ4b ChMk0b\" data-language-for-alternatives=\"de\" data-language-to-translate-into=\"fr\" data-phrase-index=\"10\">Optionaler USB-Datenlogger<\/span><\/span><\/li>\n<li><span class=\"VIiyi\" lang=\"de\"><span class=\"JLqJ4b ChMk0b\" data-language-for-alternatives=\"de\" data-language-to-translate-into=\"fr\" data-phrase-index=\"12\">Gesamtabmessungen: 505Bx615Tx400H mm<\/span><\/span><\/li>\n<li><span class=\"VIiyi\" lang=\"de\"><span class=\"JLqJ4b ChMk0b\" data-language-for-alternatives=\"de\" data-language-to-translate-into=\"fr\" data-phrase-index=\"14\">Kammerabmessungen: \u00f8236&#215;381.5 mm<\/span><\/span><\/li>\n<li><span class=\"VIiyi\" lang=\"de\"><span class=\"JLqJ4b ChMk0b\" data-language-for-alternatives=\"de\" data-language-to-translate-into=\"fr\" data-phrase-index=\"16\">Tablettgr\u00f6\u00dfe: 4 Tabletts, 185 Bx 285 Tx 18 H mm<\/span><\/span><\/li>\n<li><span class=\"VIiyi\" lang=\"de\"><span class=\"JLqJ4b ChMk0b\" data-language-for-alternatives=\"de\" data-language-to-translate-into=\"fr\" data-phrase-index=\"18\">Versorgungsspannung: 230 V +\/- 10%, 50-60 Hz<\/span> <span class=\"JLqJ4b ChMk0b\" data-language-for-alternatives=\"de\" data-language-to-translate-into=\"fr\" data-phrase-index=\"20\">Leistung: 2400 W.<\/span><\/span><\/li>\n<\/ul>\n<h2><span class=\"VIiyi\" lang=\"de\"><span class=\"JLqJ4b ChMk0b\" data-language-for-alternatives=\"de\" data-language-to-translate-into=\"fr\" data-phrase-index=\"22\">Sterilisationszyklen f\u00fcr Autokalve N 18 L<\/span><\/span><\/h2>\n<table width=\"595\">\n<tbody>\n<tr>\n<td width=\"136\">Zyklusname<\/td>\n<td width=\"80\">Typ<\/td>\n<td width=\"139\">Dauer (inklusiv Trocknung<\/td>\n<td width=\"80\">Max. Gewicht (kg)<\/td>\n<td width=\"80\">Sterilisierbares Material<\/td>\n<td width=\"80\">Verpackt<\/td>\n<\/tr>\n<tr>\n<td>121 \u00b0C Feste Offen<\/td>\n<td>\u00a0N<\/td>\n<td>48 min<\/td>\n<td>1.5<\/td>\n<td colspan=\"2\"><span class=\"VIiyi\" lang=\"de\"><span class=\"JLqJ4b ChMk0b\" data-language-for-alternatives=\"de\" data-language-to-translate-into=\"en\" data-phrase-index=\"0\">Gummifeststoffe und empfindliche Feststoffe<\/span><\/span><\/td>\n<\/tr>\n<tr>\n<td width=\"136\">134 \u00b0C Feste Offen<\/td>\n<td>\u00a0N<\/td>\n<td>36 min<\/td>\n<td>1.5<\/td>\n<td colspan=\"2\"><span class=\"VIiyi\" lang=\"de\"><span class=\"JLqJ4b ChMk0b\" data-language-for-alternatives=\"de\" data-language-to-translate-into=\"en\" data-phrase-index=\"0\">Gummifeststoffe und Metallfeststoffe<\/span><\/span><\/td>\n<\/tr>\n<tr>\n<td>134 \u00b0C Prion<\/td>\n<td>\u00a0N<\/td>\n<td>50 min<\/td>\n<td>1.5<\/td>\n<td><span class=\"VIiyi\" lang=\"de\"><span class=\"JLqJ4b ChMk0b\" data-language-for-alternatives=\"de\" data-language-to-translate-into=\"en\" data-phrase-index=\"0\">Metallinstrumente<\/span><\/span><\/td>\n<td>nein<\/td>\n<\/tr>\n<tr>\n<td>121 \u00b0C Schnell<\/td>\n<td>\u00a0N<\/td>\n<td>38 min<\/td>\n<td>3<\/td>\n<td><span class=\"VIiyi\" lang=\"de\"><span class=\"JLqJ4b ChMk0b\" data-language-for-alternatives=\"de\" data-language-to-translate-into=\"en\" data-phrase-index=\"0\">Gummifeststoffe und empfindliche Feststoffe<\/span><\/span><\/td>\n<td>nein<\/td>\n<\/tr>\n<tr>\n<td>134\u00b0C Schnell<\/td>\n<td>N<\/td>\n<td>28 min<\/td>\n<td>3<\/td>\n<td width=\"80\"><span class=\"VIiyi\" lang=\"de\"><span class=\"JLqJ4b ChMk0b\" data-language-for-alternatives=\"de\" data-language-to-translate-into=\"en\" data-phrase-index=\"0\">Gummifeststoffe und Metallfeststoffe<\/span><\/span><\/td>\n<td>nein<\/td>\n<\/tr>\n<\/tbody>\n<\/table>\n<h2><span class=\"VIiyi\" lang=\"de\"><span class=\"JLqJ4b ChMk0b\" data-language-for-alternatives=\"de\" data-language-to-translate-into=\"fr\" data-phrase-index=\"0\">Eigenschaften f\u00fcr Autoklave Superior N 23 L<\/span><\/span><\/h2>\n<ul>\n<li><span class=\"VIiyi\" lang=\"de\"><span class=\"JLqJ4b ChMk0b\" data-language-for-alternatives=\"de\" data-language-to-translate-into=\"fr\" data-phrase-index=\"2\">Vakuumtyp: Kein Vaccum<\/span><\/span><\/li>\n<li><span class=\"VIiyi\" lang=\"de\"><span class=\"JLqJ4b ChMk0b\" data-language-for-alternatives=\"de\" data-language-to-translate-into=\"fr\" data-phrase-index=\"4\">Integrierter Dampferzeuger<\/span><\/span><\/li>\n<li><span class=\"VIiyi\" lang=\"de\"><span class=\"JLqJ4b ChMk0b\" data-language-for-alternatives=\"de\" data-language-to-translate-into=\"fr\" data-phrase-index=\"6\">Integrierter Drucker<\/span><\/span><\/li>\n<li><span class=\"VIiyi\" lang=\"de\"><span class=\"JLqJ4b ChMk0b\" data-language-for-alternatives=\"de\" data-language-to-translate-into=\"fr\" data-phrase-index=\"8\">Wasserqualit\u00e4tssensor<\/span><\/span><\/li>\n<li><span class=\"VIiyi\" lang=\"de\"><span class=\"JLqJ4b ChMk0b\" data-language-for-alternatives=\"de\" data-language-to-translate-into=\"fr\" data-phrase-index=\"10\">Optionaler USB-Datenlogger<\/span><\/span><\/li>\n<li><span class=\"VIiyi\" lang=\"de\"><span class=\"JLqJ4b ChMk0b\" data-language-for-alternatives=\"de\" data-language-to-translate-into=\"fr\" data-phrase-index=\"12\">Gesamtabmessungen: 505Bx690Tx400H mm<\/span><\/span><\/li>\n<li><span class=\"VIiyi\" lang=\"de\"><span class=\"JLqJ4b ChMk0b\" data-language-for-alternatives=\"de\" data-language-to-translate-into=\"fr\" data-phrase-index=\"14\">Kammerabmessungen: \u00f8236&#215;530 mm<\/span><\/span><\/li>\n<li><span class=\"VIiyi\" lang=\"de\"><span class=\"JLqJ4b ChMk0b\" data-language-for-alternatives=\"de\" data-language-to-translate-into=\"fr\" data-phrase-index=\"16\">Tablettgr\u00f6\u00dfe: 4 Tabletts 185Bx440Tx19H mm<\/span><\/span><\/li>\n<li><span class=\"VIiyi\" lang=\"de\"><span class=\"JLqJ4b ChMk0b\" data-language-for-alternatives=\"de\" data-language-to-translate-into=\"fr\" data-phrase-index=\"18\">Versorgungsspannung: 230 V +\/- 10%, 50-60 Hz<\/span><\/span><\/li>\n<li><span class=\"VIiyi\" lang=\"de\"><span class=\"JLqJ4b ChMk0b\" data-language-for-alternatives=\"de\" data-language-to-translate-into=\"fr\" data-phrase-index=\"20\">Leistung: 2400 W<\/span><\/span><\/li>\n<\/ul>\n<h2><span class=\"VIiyi\" lang=\"de\"><span class=\"JLqJ4b ChMk0b\" data-language-for-alternatives=\"de\" data-language-to-translate-into=\"fr\" data-phrase-index=\"22\">Sterilisationszyklen f\u00fcr Autokalve Superior N 23 L<\/span><\/span><\/h2>\n<table width=\"595\">\n<tbody>\n<tr>\n<td width=\"136\">Zyklusname<\/td>\n<td width=\"80\">Typ<\/td>\n<td width=\"139\">Dauer (inklusiv Trocknung<\/td>\n<td width=\"80\">Max. Gewicht (kg)<\/td>\n<td width=\"80\">Sterilisierbares Material<\/td>\n<td width=\"80\">Verpackt<\/td>\n<\/tr>\n<tr>\n<td><span class=\"VIiyi\" lang=\"de\"><span class=\"JLqJ4b ChMk0b\" data-language-for-alternatives=\"de\" data-language-to-translate-into=\"en\" data-phrase-index=\"0\">121 \u00b0C fest offen<\/span><\/span><\/td>\n<td>N<\/td>\n<td>58 min<\/td>\n<td>2.5<\/td>\n<td colspan=\"2\"><span class=\"VIiyi\" lang=\"de\"><span class=\"JLqJ4b ChMk0b\" data-language-for-alternatives=\"de\" data-language-to-translate-into=\"en\" data-phrase-index=\"0\">Gummifeststoffe und empfindliche Feststoffe<\/span><\/span><\/td>\n<\/tr>\n<tr>\n<td width=\"136\">134 \u00b0C <span class=\"VIiyi\" lang=\"de\"><span class=\"JLqJ4b ChMk0b\" data-language-for-alternatives=\"de\" data-language-to-translate-into=\"en\" data-phrase-index=\"0\">fest offen<\/span><\/span><\/td>\n<td>N<\/td>\n<td>46 min<\/td>\n<td>2.5<\/td>\n<td colspan=\"2\"><span class=\"VIiyi\" lang=\"de\"><span class=\"JLqJ4b ChMk0b\" data-language-for-alternatives=\"de\" data-language-to-translate-into=\"en\" data-phrase-index=\"0\">Gummifeststoffe und Metallfeststoffe<\/span><\/span><\/td>\n<\/tr>\n<tr>\n<td>134 \u00b0C Prion<\/td>\n<td>N<\/td>\n<td>60 min<\/td>\n<td>2.5<\/td>\n<td><span class=\"VIiyi\" lang=\"de\"><span class=\"JLqJ4b ChMk0b\" data-language-for-alternatives=\"de\" data-language-to-translate-into=\"en\" data-phrase-index=\"0\">Metallische Instrumente<\/span><\/span><\/td>\n<td>nein<\/td>\n<\/tr>\n<tr>\n<td>121 \u00b0C Schnell<\/td>\n<td>N<\/td>\n<td>48 min<\/td>\n<td>4.5<\/td>\n<td><span class=\"VIiyi\" lang=\"de\"><span class=\"JLqJ4b ChMk0b\" data-language-for-alternatives=\"de\" data-language-to-translate-into=\"en\" data-phrase-index=\"0\">Gummifeststoffe und Metallfeststoffe<\/span><\/span><\/td>\n<td>nein<\/td>\n<\/tr>\n<tr>\n<td>134\u00b0C Schnell<\/td>\n<td>N<\/td>\n<td>38 min<\/td>\n<td>4.5<\/td>\n<td width=\"80\"><span class=\"VIiyi\" lang=\"de\"><span class=\"JLqJ4b ChMk0b\" data-language-for-alternatives=\"de\" data-language-to-translate-into=\"en\" data-phrase-index=\"0\">Gummifeststoffe und Metallfeststoffe<\/span><\/span><\/td>\n<td>nein<\/td>\n<\/tr>\n<\/tbody>\n<\/table>\n","protected":false},"excerpt":{"rendered":"<p>Autoklave Typ N mit Volumen 18 L bis 23 L<\/p>\n","protected":false},"featured_media":22337,"template":"","meta":{"_crdt_document":""},"product_brand":[],"product_cat":[157],"product_tag":[],"class_list":{"0":"post-22359","1":"product","2":"type-product","3":"status-publish","4":"has-post-thumbnail","6":"product_cat-autoklav","8":"first","9":"instock","10":"taxable","11":"shipping-taxable","12":"product-type-simple"},"yoast_head":"<!-- This site is optimized with the Yoast SEO plugin v27.4 - https:\/\/yoast.com\/product\/yoast-seo-wordpress\/ -->\n<title>Autoklave Superior N - Sysmatec<\/title>\n<meta name=\"description\" content=\"Tischautoklav f\u00fcr medizinische, zahnmedizinische, kosmetische Salons, Tattoo-Studios. Autoklav Typ N. Volumen von 18 und 23 L\" \/>\n<meta name=\"robots\" content=\"index, follow, max-snippet:-1, max-image-preview:large, max-video-preview:-1\" \/>\n<link rel=\"canonical\" href=\"https:\/\/sysmatec.ch\/de\/produit\/autoklave-superior-n\/\" \/>\n<meta property=\"og:locale\" content=\"de_DE\" \/>\n<meta property=\"og:type\" content=\"article\" \/>\n<meta property=\"og:title\" content=\"Autoklave Superior N - Sysmatec\" \/>\n<meta property=\"og:description\" content=\"Tischautoklav f\u00fcr medizinische, zahnmedizinische, kosmetische Salons, Tattoo-Studios. Autoklav Typ N. Volumen von 18 und 23 L\" \/>\n<meta property=\"og:url\" content=\"https:\/\/sysmatec.ch\/de\/produit\/autoklave-superior-n\/\" \/>\n<meta property=\"og:site_name\" content=\"Sysmatec\" \/>\n<meta property=\"article:modified_time\" content=\"2021-10-25T19:49:12+00:00\" \/>\n<meta property=\"og:image\" content=\"https:\/\/sysmatec.ch\/wp-content\/uploads\/2019\/01\/AutoclaveB18_Superior1.jpg\" \/>\n\t<meta property=\"og:image:width\" content=\"505\" \/>\n\t<meta property=\"og:image:height\" content=\"384\" \/>\n\t<meta property=\"og:image:type\" content=\"image\/jpeg\" \/>\n<meta name=\"twitter:card\" content=\"summary_large_image\" \/>\n<meta name=\"twitter:label1\" content=\"Gesch\u00e4tzte Lesezeit\" \/>\n\t<meta name=\"twitter:data1\" content=\"2\u00a0Minuten\" \/>\n<script type=\"application\/ld+json\" class=\"yoast-schema-graph\">{\"@context\":\"https:\\\/\\\/schema.org\",\"@graph\":[{\"@type\":\"WebPage\",\"@id\":\"https:\\\/\\\/sysmatec.ch\\\/de\\\/produit\\\/autoklave-superior-n\\\/\",\"url\":\"https:\\\/\\\/sysmatec.ch\\\/de\\\/produit\\\/autoklave-superior-n\\\/\",\"name\":\"Autoklave Superior N - Sysmatec\",\"isPartOf\":{\"@id\":\"https:\\\/\\\/sysmatec.ch\\\/de\\\/#website\"},\"primaryImageOfPage\":{\"@id\":\"https:\\\/\\\/sysmatec.ch\\\/de\\\/produit\\\/autoklave-superior-n\\\/#primaryimage\"},\"image\":{\"@id\":\"https:\\\/\\\/sysmatec.ch\\\/de\\\/produit\\\/autoklave-superior-n\\\/#primaryimage\"},\"thumbnailUrl\":\"https:\\\/\\\/sysmatec.ch\\\/wp-content\\\/uploads\\\/2019\\\/01\\\/AutoclaveB18_Superior1.jpg\",\"datePublished\":\"2021-03-01T17:17:25+00:00\",\"dateModified\":\"2021-10-25T19:49:12+00:00\",\"description\":\"Tischautoklav f\u00fcr medizinische, zahnmedizinische, kosmetische Salons, Tattoo-Studios. Autoklav Typ N. Volumen von 18 und 23 L\",\"breadcrumb\":{\"@id\":\"https:\\\/\\\/sysmatec.ch\\\/de\\\/produit\\\/autoklave-superior-n\\\/#breadcrumb\"},\"inLanguage\":\"de\",\"potentialAction\":[{\"@type\":\"ReadAction\",\"target\":[\"https:\\\/\\\/sysmatec.ch\\\/de\\\/produit\\\/autoklave-superior-n\\\/\"]}]},{\"@type\":\"ImageObject\",\"inLanguage\":\"de\",\"@id\":\"https:\\\/\\\/sysmatec.ch\\\/de\\\/produit\\\/autoklave-superior-n\\\/#primaryimage\",\"url\":\"https:\\\/\\\/sysmatec.ch\\\/wp-content\\\/uploads\\\/2019\\\/01\\\/AutoclaveB18_Superior1.jpg\",\"contentUrl\":\"https:\\\/\\\/sysmatec.ch\\\/wp-content\\\/uploads\\\/2019\\\/01\\\/AutoclaveB18_Superior1.jpg\",\"width\":505,\"height\":384},{\"@type\":\"BreadcrumbList\",\"@id\":\"https:\\\/\\\/sysmatec.ch\\\/de\\\/produit\\\/autoklave-superior-n\\\/#breadcrumb\",\"itemListElement\":[{\"@type\":\"ListItem\",\"position\":1,\"name\":\"Accueil\",\"item\":\"https:\\\/\\\/sysmatec.ch\\\/de\\\/\"},{\"@type\":\"ListItem\",\"position\":2,\"name\":\"Die Aktivit\u00e4t von Sysmatec\",\"item\":\"https:\\\/\\\/sysmatec.ch\\\/de\\\/\"},{\"@type\":\"ListItem\",\"position\":3,\"name\":\"Autoklave Superior N\"}]},{\"@type\":\"WebSite\",\"@id\":\"https:\\\/\\\/sysmatec.ch\\\/de\\\/#website\",\"url\":\"https:\\\/\\\/sysmatec.ch\\\/de\\\/\",\"name\":\"Sysmatec\",\"description\":\"Equipement de laboratoire et logiciels\",\"publisher\":{\"@id\":\"https:\\\/\\\/sysmatec.ch\\\/de\\\/#organization\"},\"potentialAction\":[{\"@type\":\"SearchAction\",\"target\":{\"@type\":\"EntryPoint\",\"urlTemplate\":\"https:\\\/\\\/sysmatec.ch\\\/de\\\/?s={search_term_string}\"},\"query-input\":{\"@type\":\"PropertyValueSpecification\",\"valueRequired\":true,\"valueName\":\"search_term_string\"}}],\"inLanguage\":\"de\"},{\"@type\":\"Organization\",\"@id\":\"https:\\\/\\\/sysmatec.ch\\\/de\\\/#organization\",\"name\":\"Sysmatec\",\"url\":\"https:\\\/\\\/sysmatec.ch\\\/de\\\/\",\"logo\":{\"@type\":\"ImageObject\",\"inLanguage\":\"de\",\"@id\":\"https:\\\/\\\/sysmatec.ch\\\/de\\\/#\\\/schema\\\/logo\\\/image\\\/\",\"url\":\"https:\\\/\\\/sysmatec.ch\\\/wp-content\\\/uploads\\\/2018\\\/11\\\/LogoSysmatec.jpg\",\"contentUrl\":\"https:\\\/\\\/sysmatec.ch\\\/wp-content\\\/uploads\\\/2018\\\/11\\\/LogoSysmatec.jpg\",\"width\":301,\"height\":297,\"caption\":\"Sysmatec\"},\"image\":{\"@id\":\"https:\\\/\\\/sysmatec.ch\\\/de\\\/#\\\/schema\\\/logo\\\/image\\\/\"}}]}<\/script>\n<!-- \/ Yoast SEO plugin. -->","yoast_head_json":{"title":"Autoklave Superior N - Sysmatec","description":"Tischautoklav f\u00fcr medizinische, zahnmedizinische, kosmetische Salons, Tattoo-Studios. Autoklav Typ N. Volumen von 18 und 23 L","robots":{"index":"index","follow":"follow","max-snippet":"max-snippet:-1","max-image-preview":"max-image-preview:large","max-video-preview":"max-video-preview:-1"},"canonical":"https:\/\/sysmatec.ch\/de\/produit\/autoklave-superior-n\/","og_locale":"de_DE","og_type":"article","og_title":"Autoklave Superior N - Sysmatec","og_description":"Tischautoklav f\u00fcr medizinische, zahnmedizinische, kosmetische Salons, Tattoo-Studios. Autoklav Typ N. Volumen von 18 und 23 L","og_url":"https:\/\/sysmatec.ch\/de\/produit\/autoklave-superior-n\/","og_site_name":"Sysmatec","article_modified_time":"2021-10-25T19:49:12+00:00","og_image":[{"width":505,"height":384,"url":"https:\/\/sysmatec.ch\/wp-content\/uploads\/2019\/01\/AutoclaveB18_Superior1.jpg","type":"image\/jpeg"}],"twitter_card":"summary_large_image","twitter_misc":{"Gesch\u00e4tzte Lesezeit":"2\u00a0Minuten"},"schema":{"@context":"https:\/\/schema.org","@graph":[{"@type":"WebPage","@id":"https:\/\/sysmatec.ch\/de\/produit\/autoklave-superior-n\/","url":"https:\/\/sysmatec.ch\/de\/produit\/autoklave-superior-n\/","name":"Autoklave Superior N - Sysmatec","isPartOf":{"@id":"https:\/\/sysmatec.ch\/de\/#website"},"primaryImageOfPage":{"@id":"https:\/\/sysmatec.ch\/de\/produit\/autoklave-superior-n\/#primaryimage"},"image":{"@id":"https:\/\/sysmatec.ch\/de\/produit\/autoklave-superior-n\/#primaryimage"},"thumbnailUrl":"https:\/\/sysmatec.ch\/wp-content\/uploads\/2019\/01\/AutoclaveB18_Superior1.jpg","datePublished":"2021-03-01T17:17:25+00:00","dateModified":"2021-10-25T19:49:12+00:00","description":"Tischautoklav f\u00fcr medizinische, zahnmedizinische, kosmetische Salons, Tattoo-Studios. Autoklav Typ N. Volumen von 18 und 23 L","breadcrumb":{"@id":"https:\/\/sysmatec.ch\/de\/produit\/autoklave-superior-n\/#breadcrumb"},"inLanguage":"de","potentialAction":[{"@type":"ReadAction","target":["https:\/\/sysmatec.ch\/de\/produit\/autoklave-superior-n\/"]}]},{"@type":"ImageObject","inLanguage":"de","@id":"https:\/\/sysmatec.ch\/de\/produit\/autoklave-superior-n\/#primaryimage","url":"https:\/\/sysmatec.ch\/wp-content\/uploads\/2019\/01\/AutoclaveB18_Superior1.jpg","contentUrl":"https:\/\/sysmatec.ch\/wp-content\/uploads\/2019\/01\/AutoclaveB18_Superior1.jpg","width":505,"height":384},{"@type":"BreadcrumbList","@id":"https:\/\/sysmatec.ch\/de\/produit\/autoklave-superior-n\/#breadcrumb","itemListElement":[{"@type":"ListItem","position":1,"name":"Accueil","item":"https:\/\/sysmatec.ch\/de\/"},{"@type":"ListItem","position":2,"name":"Die Aktivit\u00e4t von Sysmatec","item":"https:\/\/sysmatec.ch\/de\/"},{"@type":"ListItem","position":3,"name":"Autoklave Superior N"}]},{"@type":"WebSite","@id":"https:\/\/sysmatec.ch\/de\/#website","url":"https:\/\/sysmatec.ch\/de\/","name":"Sysmatec","description":"Equipement de laboratoire et logiciels","publisher":{"@id":"https:\/\/sysmatec.ch\/de\/#organization"},"potentialAction":[{"@type":"SearchAction","target":{"@type":"EntryPoint","urlTemplate":"https:\/\/sysmatec.ch\/de\/?s={search_term_string}"},"query-input":{"@type":"PropertyValueSpecification","valueRequired":true,"valueName":"search_term_string"}}],"inLanguage":"de"},{"@type":"Organization","@id":"https:\/\/sysmatec.ch\/de\/#organization","name":"Sysmatec","url":"https:\/\/sysmatec.ch\/de\/","logo":{"@type":"ImageObject","inLanguage":"de","@id":"https:\/\/sysmatec.ch\/de\/#\/schema\/logo\/image\/","url":"https:\/\/sysmatec.ch\/wp-content\/uploads\/2018\/11\/LogoSysmatec.jpg","contentUrl":"https:\/\/sysmatec.ch\/wp-content\/uploads\/2018\/11\/LogoSysmatec.jpg","width":301,"height":297,"caption":"Sysmatec"},"image":{"@id":"https:\/\/sysmatec.ch\/de\/#\/schema\/logo\/image\/"}}]}},"_links":{"self":[{"href":"https:\/\/sysmatec.ch\/de\/wp-json\/wp\/v2\/product\/22359","targetHints":{"allow":["GET"]}}],"collection":[{"href":"https:\/\/sysmatec.ch\/de\/wp-json\/wp\/v2\/product"}],"about":[{"href":"https:\/\/sysmatec.ch\/de\/wp-json\/wp\/v2\/types\/product"}],"wp:featuredmedia":[{"embeddable":true,"href":"https:\/\/sysmatec.ch\/de\/wp-json\/wp\/v2\/media\/22337"}],"wp:attachment":[{"href":"https:\/\/sysmatec.ch\/de\/wp-json\/wp\/v2\/media?parent=22359"}],"wp:term":[{"taxonomy":"product_brand","embeddable":true,"href":"https:\/\/sysmatec.ch\/de\/wp-json\/wp\/v2\/product_brand?post=22359"},{"taxonomy":"product_cat","embeddable":true,"href":"https:\/\/sysmatec.ch\/de\/wp-json\/wp\/v2\/product_cat?post=22359"},{"taxonomy":"product_tag","embeddable":true,"href":"https:\/\/sysmatec.ch\/de\/wp-json\/wp\/v2\/product_tag?post=22359"}],"curies":[{"name":"wp","href":"https:\/\/api.w.org\/{rel}","templated":true}]}}