{"id":22325,"date":"2021-02-28T20:51:12","date_gmt":"2021-02-28T19:51:12","guid":{"rendered":"https:\/\/sysmatec.ch\/?post_type=product&#038;p=22325"},"modified":"2021-11-27T17:26:40","modified_gmt":"2021-11-27T16:26:40","slug":"obst-penetrometer-41030","status":"publish","type":"product","link":"https:\/\/sysmatec.ch\/de\/Produkt\/obst-penetrometer-41030\/","title":{"rendered":"Obst-Penetrometer 41030"},"content":{"rendered":"<p>Dieses kleine und handliche Testger\u00e4t eignet sich hervorragend zur Reifebestimmung (Erntezeitpunkt) und zur Qualit\u00e4tskontrolle w\u00e4hrend der Lagerung von Obst und Beerenfr\u00fcchten. Der Penetrometerwert ist die anerkannte Ma\u00dfeinheit zur Bestimmung der Fruchtfleischfestigkeit. Er ist mit 2 Spitzen geliefert: 11 mm und 8 mm (1cm\u00b2 Oberfl\u00e4che und \u00bd cm\u00b2 Oberfl\u00e4che)<\/p>\n<ul>\n<li>Messbereich gro\u00dfe Spitze (11 mm): 0,5 \u2013 12 kg\/cm2\u00a0(\u00d710 5Pa )<\/li>\n<li>Messbereich kleine Spitze (8 mm): 1 \u2013 24 kg\/cm2\u00a0(\u00d710 5Pa )<\/li>\n<li>Aufl\u00f6sung: 0,1 (11 mm Spitze) \/ 0,2 (8 mm Spitze)<\/li>\n<li>Genaugkeit:\u00a0\u00b10,1<\/li>\n<li>Eindr\u00fccktiefe: 10 mm<\/li>\n<li>Geh\u00e4use:\u00a0Metall<\/li>\n<li>Abmessungen:\u00a0140\u00a0x 60\u00a0x 30 mm<\/li>\n<li>Gewicht: 300 g<\/li>\n<\/ul>\n<p>Lieferumfang<\/p>\n<ul>\n<li>Obst-Penetrometer<\/li>\n<li>2 Spitzen: 11 mm und 8 mm<\/li>\n<li>Etui<\/li>\n<\/ul>\n","protected":false},"excerpt":{"rendered":"<p>Obst-Penetrometer f\u00fcr die Reifebestimmung<\/p>\n","protected":false},"featured_media":22329,"template":"","meta":{"_crdt_document":""},"product_brand":[],"product_cat":[200],"product_tag":[],"class_list":{"0":"post-22325","1":"product","2":"type-product","3":"status-publish","4":"has-post-thumbnail","6":"product_cat-harte","8":"first","9":"instock","10":"taxable","11":"shipping-taxable","12":"product-type-simple"},"yoast_head":"<!-- This site is optimized with the Yoast SEO plugin v27.3 - https:\/\/yoast.com\/product\/yoast-seo-wordpress\/ -->\n<title>Obst-Penetrometer 41030 - Sysmatec<\/title>\n<meta name=\"description\" content=\"Obst-Penetrometer, zur Bestimmung der Fruchtreife. Es misst die Kraft, die erforderlich ist, um eine kalibrierte Spitze in das Fruchtfleisch zu treiben.\" \/>\n<meta name=\"robots\" content=\"index, follow, max-snippet:-1, max-image-preview:large, max-video-preview:-1\" \/>\n<link rel=\"canonical\" href=\"https:\/\/sysmatec.ch\/de\/produit\/obst-penetrometer-41030\/\" \/>\n<meta property=\"og:locale\" content=\"de_DE\" \/>\n<meta property=\"og:type\" content=\"article\" \/>\n<meta property=\"og:title\" content=\"Obst-Penetrometer 41030 - Sysmatec\" \/>\n<meta property=\"og:description\" content=\"Obst-Penetrometer, zur Bestimmung der Fruchtreife. Es misst die Kraft, die erforderlich ist, um eine kalibrierte Spitze in das Fruchtfleisch zu treiben.\" \/>\n<meta property=\"og:url\" content=\"https:\/\/sysmatec.ch\/de\/produit\/obst-penetrometer-41030\/\" \/>\n<meta property=\"og:site_name\" content=\"Sysmatec\" \/>\n<meta property=\"article:modified_time\" content=\"2021-11-27T16:26:40+00:00\" \/>\n<meta property=\"og:image\" content=\"https:\/\/sysmatec.ch\/wp-content\/uploads\/2021\/02\/ObstPenetrometer_StepSystem.jpg\" \/>\n\t<meta property=\"og:image:width\" content=\"600\" \/>\n\t<meta property=\"og:image:height\" content=\"450\" \/>\n\t<meta property=\"og:image:type\" content=\"image\/jpeg\" \/>\n<meta name=\"twitter:card\" content=\"summary_large_image\" \/>\n<script type=\"application\/ld+json\" class=\"yoast-schema-graph\">{\"@context\":\"https:\\\/\\\/schema.org\",\"@graph\":[{\"@type\":\"WebPage\",\"@id\":\"https:\\\/\\\/sysmatec.ch\\\/de\\\/produit\\\/obst-penetrometer-41030\\\/\",\"url\":\"https:\\\/\\\/sysmatec.ch\\\/de\\\/produit\\\/obst-penetrometer-41030\\\/\",\"name\":\"Obst-Penetrometer 41030 - Sysmatec\",\"isPartOf\":{\"@id\":\"https:\\\/\\\/sysmatec.ch\\\/de\\\/#website\"},\"primaryImageOfPage\":{\"@id\":\"https:\\\/\\\/sysmatec.ch\\\/de\\\/produit\\\/obst-penetrometer-41030\\\/#primaryimage\"},\"image\":{\"@id\":\"https:\\\/\\\/sysmatec.ch\\\/de\\\/produit\\\/obst-penetrometer-41030\\\/#primaryimage\"},\"thumbnailUrl\":\"https:\\\/\\\/sysmatec.ch\\\/wp-content\\\/uploads\\\/2021\\\/02\\\/ObstPenetrometer_StepSystem.jpg\",\"datePublished\":\"2021-02-28T19:51:12+00:00\",\"dateModified\":\"2021-11-27T16:26:40+00:00\",\"description\":\"Obst-Penetrometer, zur Bestimmung der Fruchtreife. Es misst die Kraft, die erforderlich ist, um eine kalibrierte Spitze in das Fruchtfleisch zu treiben.\",\"breadcrumb\":{\"@id\":\"https:\\\/\\\/sysmatec.ch\\\/de\\\/produit\\\/obst-penetrometer-41030\\\/#breadcrumb\"},\"inLanguage\":\"de\",\"potentialAction\":[{\"@type\":\"ReadAction\",\"target\":[\"https:\\\/\\\/sysmatec.ch\\\/de\\\/produit\\\/obst-penetrometer-41030\\\/\"]}]},{\"@type\":\"ImageObject\",\"inLanguage\":\"de\",\"@id\":\"https:\\\/\\\/sysmatec.ch\\\/de\\\/produit\\\/obst-penetrometer-41030\\\/#primaryimage\",\"url\":\"https:\\\/\\\/sysmatec.ch\\\/wp-content\\\/uploads\\\/2021\\\/02\\\/ObstPenetrometer_StepSystem.jpg\",\"contentUrl\":\"https:\\\/\\\/sysmatec.ch\\\/wp-content\\\/uploads\\\/2021\\\/02\\\/ObstPenetrometer_StepSystem.jpg\",\"width\":600,\"height\":450},{\"@type\":\"BreadcrumbList\",\"@id\":\"https:\\\/\\\/sysmatec.ch\\\/de\\\/produit\\\/obst-penetrometer-41030\\\/#breadcrumb\",\"itemListElement\":[{\"@type\":\"ListItem\",\"position\":1,\"name\":\"Accueil\",\"item\":\"https:\\\/\\\/sysmatec.ch\\\/de\\\/\"},{\"@type\":\"ListItem\",\"position\":2,\"name\":\"Die Aktivit\u00e4t von Sysmatec\",\"item\":\"https:\\\/\\\/sysmatec.ch\\\/de\\\/\"},{\"@type\":\"ListItem\",\"position\":3,\"name\":\"Obst-Penetrometer 41030\"}]},{\"@type\":\"WebSite\",\"@id\":\"https:\\\/\\\/sysmatec.ch\\\/de\\\/#website\",\"url\":\"https:\\\/\\\/sysmatec.ch\\\/de\\\/\",\"name\":\"Sysmatec\",\"description\":\"Equipement de laboratoire et logiciels\",\"publisher\":{\"@id\":\"https:\\\/\\\/sysmatec.ch\\\/de\\\/#organization\"},\"potentialAction\":[{\"@type\":\"SearchAction\",\"target\":{\"@type\":\"EntryPoint\",\"urlTemplate\":\"https:\\\/\\\/sysmatec.ch\\\/de\\\/?s={search_term_string}\"},\"query-input\":{\"@type\":\"PropertyValueSpecification\",\"valueRequired\":true,\"valueName\":\"search_term_string\"}}],\"inLanguage\":\"de\"},{\"@type\":\"Organization\",\"@id\":\"https:\\\/\\\/sysmatec.ch\\\/de\\\/#organization\",\"name\":\"Sysmatec\",\"url\":\"https:\\\/\\\/sysmatec.ch\\\/de\\\/\",\"logo\":{\"@type\":\"ImageObject\",\"inLanguage\":\"de\",\"@id\":\"https:\\\/\\\/sysmatec.ch\\\/de\\\/#\\\/schema\\\/logo\\\/image\\\/\",\"url\":\"https:\\\/\\\/sysmatec.ch\\\/wp-content\\\/uploads\\\/2018\\\/11\\\/LogoSysmatec.jpg\",\"contentUrl\":\"https:\\\/\\\/sysmatec.ch\\\/wp-content\\\/uploads\\\/2018\\\/11\\\/LogoSysmatec.jpg\",\"width\":301,\"height\":297,\"caption\":\"Sysmatec\"},\"image\":{\"@id\":\"https:\\\/\\\/sysmatec.ch\\\/de\\\/#\\\/schema\\\/logo\\\/image\\\/\"}}]}<\/script>\n<!-- \/ Yoast SEO plugin. -->","yoast_head_json":{"title":"Obst-Penetrometer 41030 - Sysmatec","description":"Obst-Penetrometer, zur Bestimmung der Fruchtreife. Es misst die Kraft, die erforderlich ist, um eine kalibrierte Spitze in das Fruchtfleisch zu treiben.","robots":{"index":"index","follow":"follow","max-snippet":"max-snippet:-1","max-image-preview":"max-image-preview:large","max-video-preview":"max-video-preview:-1"},"canonical":"https:\/\/sysmatec.ch\/de\/produit\/obst-penetrometer-41030\/","og_locale":"de_DE","og_type":"article","og_title":"Obst-Penetrometer 41030 - Sysmatec","og_description":"Obst-Penetrometer, zur Bestimmung der Fruchtreife. Es misst die Kraft, die erforderlich ist, um eine kalibrierte Spitze in das Fruchtfleisch zu treiben.","og_url":"https:\/\/sysmatec.ch\/de\/produit\/obst-penetrometer-41030\/","og_site_name":"Sysmatec","article_modified_time":"2021-11-27T16:26:40+00:00","og_image":[{"width":600,"height":450,"url":"https:\/\/sysmatec.ch\/wp-content\/uploads\/2021\/02\/ObstPenetrometer_StepSystem.jpg","type":"image\/jpeg"}],"twitter_card":"summary_large_image","schema":{"@context":"https:\/\/schema.org","@graph":[{"@type":"WebPage","@id":"https:\/\/sysmatec.ch\/de\/produit\/obst-penetrometer-41030\/","url":"https:\/\/sysmatec.ch\/de\/produit\/obst-penetrometer-41030\/","name":"Obst-Penetrometer 41030 - Sysmatec","isPartOf":{"@id":"https:\/\/sysmatec.ch\/de\/#website"},"primaryImageOfPage":{"@id":"https:\/\/sysmatec.ch\/de\/produit\/obst-penetrometer-41030\/#primaryimage"},"image":{"@id":"https:\/\/sysmatec.ch\/de\/produit\/obst-penetrometer-41030\/#primaryimage"},"thumbnailUrl":"https:\/\/sysmatec.ch\/wp-content\/uploads\/2021\/02\/ObstPenetrometer_StepSystem.jpg","datePublished":"2021-02-28T19:51:12+00:00","dateModified":"2021-11-27T16:26:40+00:00","description":"Obst-Penetrometer, zur Bestimmung der Fruchtreife. Es misst die Kraft, die erforderlich ist, um eine kalibrierte Spitze in das Fruchtfleisch zu treiben.","breadcrumb":{"@id":"https:\/\/sysmatec.ch\/de\/produit\/obst-penetrometer-41030\/#breadcrumb"},"inLanguage":"de","potentialAction":[{"@type":"ReadAction","target":["https:\/\/sysmatec.ch\/de\/produit\/obst-penetrometer-41030\/"]}]},{"@type":"ImageObject","inLanguage":"de","@id":"https:\/\/sysmatec.ch\/de\/produit\/obst-penetrometer-41030\/#primaryimage","url":"https:\/\/sysmatec.ch\/wp-content\/uploads\/2021\/02\/ObstPenetrometer_StepSystem.jpg","contentUrl":"https:\/\/sysmatec.ch\/wp-content\/uploads\/2021\/02\/ObstPenetrometer_StepSystem.jpg","width":600,"height":450},{"@type":"BreadcrumbList","@id":"https:\/\/sysmatec.ch\/de\/produit\/obst-penetrometer-41030\/#breadcrumb","itemListElement":[{"@type":"ListItem","position":1,"name":"Accueil","item":"https:\/\/sysmatec.ch\/de\/"},{"@type":"ListItem","position":2,"name":"Die Aktivit\u00e4t von Sysmatec","item":"https:\/\/sysmatec.ch\/de\/"},{"@type":"ListItem","position":3,"name":"Obst-Penetrometer 41030"}]},{"@type":"WebSite","@id":"https:\/\/sysmatec.ch\/de\/#website","url":"https:\/\/sysmatec.ch\/de\/","name":"Sysmatec","description":"Equipement de laboratoire et logiciels","publisher":{"@id":"https:\/\/sysmatec.ch\/de\/#organization"},"potentialAction":[{"@type":"SearchAction","target":{"@type":"EntryPoint","urlTemplate":"https:\/\/sysmatec.ch\/de\/?s={search_term_string}"},"query-input":{"@type":"PropertyValueSpecification","valueRequired":true,"valueName":"search_term_string"}}],"inLanguage":"de"},{"@type":"Organization","@id":"https:\/\/sysmatec.ch\/de\/#organization","name":"Sysmatec","url":"https:\/\/sysmatec.ch\/de\/","logo":{"@type":"ImageObject","inLanguage":"de","@id":"https:\/\/sysmatec.ch\/de\/#\/schema\/logo\/image\/","url":"https:\/\/sysmatec.ch\/wp-content\/uploads\/2018\/11\/LogoSysmatec.jpg","contentUrl":"https:\/\/sysmatec.ch\/wp-content\/uploads\/2018\/11\/LogoSysmatec.jpg","width":301,"height":297,"caption":"Sysmatec"},"image":{"@id":"https:\/\/sysmatec.ch\/de\/#\/schema\/logo\/image\/"}}]}},"_links":{"self":[{"href":"https:\/\/sysmatec.ch\/de\/wp-json\/wp\/v2\/product\/22325","targetHints":{"allow":["GET"]}}],"collection":[{"href":"https:\/\/sysmatec.ch\/de\/wp-json\/wp\/v2\/product"}],"about":[{"href":"https:\/\/sysmatec.ch\/de\/wp-json\/wp\/v2\/types\/product"}],"wp:featuredmedia":[{"embeddable":true,"href":"https:\/\/sysmatec.ch\/de\/wp-json\/wp\/v2\/media\/22329"}],"wp:attachment":[{"href":"https:\/\/sysmatec.ch\/de\/wp-json\/wp\/v2\/media?parent=22325"}],"wp:term":[{"taxonomy":"product_brand","embeddable":true,"href":"https:\/\/sysmatec.ch\/de\/wp-json\/wp\/v2\/product_brand?post=22325"},{"taxonomy":"product_cat","embeddable":true,"href":"https:\/\/sysmatec.ch\/de\/wp-json\/wp\/v2\/product_cat?post=22325"},{"taxonomy":"product_tag","embeddable":true,"href":"https:\/\/sysmatec.ch\/de\/wp-json\/wp\/v2\/product_tag?post=22325"}],"curies":[{"name":"wp","href":"https:\/\/api.w.org\/{rel}","templated":true}]}}