{"id":22305,"date":"2021-02-28T10:12:56","date_gmt":"2021-02-28T09:12:56","guid":{"rendered":"https:\/\/sysmatec.ch\/?post_type=product&#038;p=22305"},"modified":"2021-11-27T18:14:47","modified_gmt":"2021-11-27T17:14:47","slug":"laborspritzenpumpe-tyd02-04","status":"publish","type":"product","link":"https:\/\/sysmatec.ch\/de\/Produkt\/laborspritzenpumpe-tyd02-04\/","title":{"rendered":"Laborspritzenpumpe TYD02-04"},"content":{"rendered":"<div class=\"post-content woocommerce-product-details__short-description\">\n<p><span class=\"VIiyi\" lang=\"de\"><span class=\"JLqJ4b ChMk0b\" data-language-for-alternatives=\"de\" data-language-to-translate-into=\"en\" data-phrase-index=\"0\">Es kann vier Spritzen zusammenbauen, andere Mengen k\u00f6nnen angepasst werden; Gute Leistung, hohe Pr\u00e4zision und hohe Genauigkeit; Langlebiges mechanisches Getriebedesign, lange Lebensdauer und gute Zuverl\u00e4ssigkeit. Unterst\u00fctzung f\u00fcr mehrere Arbeitsmodi; Hochaufl\u00f6sendes Farb-Touchscreen-LCD, einfach und leicht einzustellen<\/span> <span class=\"JLqJ4b ChMk0b\" data-language-for-alternatives=\"de\" data-language-to-translate-into=\"en\" data-phrase-index=\"1\">Parameter, Statusanzeige intuitiv und \u00fcbersichtlich; Mit einstellbaren Schutzma\u00dfnahmen und Alarmmechanismus; Die RS-485-Kommunikation unterst\u00fctzt das MODBUS-Protokoll, l\u00e4sst sich leicht an andere Ger\u00e4te anschlie\u00dfen; Alle Edelstahlgeh\u00e4use, leicht zu reinigen und zu warten.<\/span> <\/span><\/p>\n<p><span class=\"VIiyi\" lang=\"de\"><span class=\"JLqJ4b ChMk0b\" data-language-for-alternatives=\"de\" data-language-to-translate-into=\"en\" data-phrase-index=\"3\">Fluss: 0.184 nl \/ min &#8211; 24,520 ml \/ min<\/span><\/span><\/p>\n<p><span class=\"VIiyi\" lang=\"de\"><span class=\"JLqJ4b ChMk0b\" data-language-for-alternatives=\"de\" data-language-to-translate-into=\"en\" data-phrase-index=\"5\">Max: 4 Kan\u00e4le<\/span><\/span><\/p>\n<\/div>\n<h2><span class=\"VIiyi\" lang=\"de\"><span class=\"JLqJ4b\" data-language-for-alternatives=\"de\" data-language-to-translate-into=\"en\" data-phrase-index=\"0\">Spritzepumpe Funktion und Merkmal<\/span><\/span><\/h2>\n<ul>\n<li><span class=\"VIiyi\" lang=\"de\"><span class=\"JLqJ4b\" data-language-for-alternatives=\"de\" data-language-to-translate-into=\"en\" data-phrase-index=\"0\">Es k\u00f6nnen vier Spritzen zusammengebaut werden<\/span><\/span><\/li>\n<li><span class=\"VIiyi\" lang=\"de\"><span class=\"JLqJ4b\" data-language-for-alternatives=\"de\" data-language-to-translate-into=\"en\" data-phrase-index=\"0\">Eine Vielzahl von Arbeitsmodi zur Auswahl<\/span><\/span><\/li>\n<li><span class=\"VIiyi\" lang=\"de\"><span class=\"JLqJ4b\" data-language-for-alternatives=\"de\" data-language-to-translate-into=\"en\" data-phrase-index=\"0\">Farbiger Touchscreen, LCD-Display, bequeme und schnelle Bedienung<\/span><\/span><\/li>\n<li><span class=\"VIiyi\" lang=\"de\"><span class=\"JLqJ4b\" data-language-for-alternatives=\"de\" data-language-to-translate-into=\"en\" data-phrase-index=\"0\">Unterst\u00fctzung der Bildschirmsperre und Stummschaltung<\/span><\/span><\/li>\n<li><span class=\"VIiyi\" lang=\"de\"><span class=\"JLqJ4b\" data-language-for-alternatives=\"de\" data-language-to-translate-into=\"en\" data-phrase-index=\"0\">Mit Lichtern, Tasten, klar funktionierendem Zustand<\/span><\/span><\/li>\n<li><span class=\"VIiyi\" lang=\"de\"><span class=\"JLqJ4b\" data-language-for-alternatives=\"de\" data-language-to-translate-into=\"en\" data-phrase-index=\"0\">Unterst\u00fctzen Sie eine Vielzahl von Standardspritzen und passen Sie die Spritze an<\/span><\/span><\/li>\n<li><span class=\"VIiyi\" lang=\"de\"><span class=\"JLqJ4b\" data-language-for-alternatives=\"de\" data-language-to-translate-into=\"en\" data-phrase-index=\"0\">Hochpr\u00e4zise Steuerung<\/span><\/span><\/li>\n<li><span class=\"VIiyi\" lang=\"de\"><span class=\"JLqJ4b\" data-language-for-alternatives=\"de\" data-language-to-translate-into=\"en\" data-phrase-index=\"0\">Spritzenschutz und Staualarm<\/span><\/span><\/li>\n<li><span class=\"VIiyi\" lang=\"de\"><span class=\"JLqJ4b\" data-language-for-alternatives=\"de\" data-language-to-translate-into=\"en\" data-phrase-index=\"0\">RS485-Kommunikation, unterst\u00fctzt das MODBUS-Protokoll<\/span><\/span><\/li>\n<li><span class=\"VIiyi\" lang=\"de\"><span class=\"JLqJ4b\" data-language-for-alternatives=\"de\" data-language-to-translate-into=\"en\" data-phrase-index=\"0\">Start-Stopp und Richtung der externen Signalsteuerung<\/span><\/span><\/li>\n<li><span class=\"VIiyi\" lang=\"de\"><span class=\"JLqJ4b\" data-language-for-alternatives=\"de\" data-language-to-translate-into=\"en\" data-phrase-index=\"0\">Ein breites Spektrum an Leistungsaufnahme<\/span><\/span><\/li>\n<li><span class=\"VIiyi\" lang=\"de\"><span class=\"JLqJ4b\" data-language-for-alternatives=\"de\" data-language-to-translate-into=\"en\" data-phrase-index=\"0\">Volle Edelstahlschale<\/span><\/span><\/li>\n<\/ul>\n<h2><span class=\"VIiyi\" lang=\"de\"><span class=\"JLqJ4b\" data-language-for-alternatives=\"de\" data-language-to-translate-into=\"en\" data-phrase-index=\"0\">Spritzepumpe <\/span><\/span><span class=\"VIiyi\" lang=\"de\"><span class=\"JLqJ4b\" data-language-for-alternatives=\"de\" data-language-to-translate-into=\"en\" data-phrase-index=\"0\">Technische Parameter<\/span><\/span><\/h2>\n<ul>\n<li><span class=\"VIiyi\" lang=\"de\"><span class=\"JLqJ4b\" data-language-for-alternatives=\"de\" data-language-to-translate-into=\"en\" data-phrase-index=\"0\">Spritzengr\u00f6\u00dfe: 10 ul &#8211; 10 ml<\/span><\/span><\/li>\n<li><span class=\"VIiyi\" lang=\"de\"><span class=\"JLqJ4b\" data-language-for-alternatives=\"de\" data-language-to-translate-into=\"en\" data-phrase-index=\"0\">Arbeitsmodus: Infusion, Entnahme, Infusion \/ Entnahme, Entnahme \/ Infusion, kontinuierlicher Modus<\/span><\/span><\/li>\n<li><span class=\"VIiyi\" lang=\"de\"><span class=\"JLqJ4b\" data-language-for-alternatives=\"de\" data-language-to-translate-into=\"en\" data-phrase-index=\"0\">Kan\u00e4le: 4<\/span><\/span><\/li>\n<li><span class=\"VIiyi\" lang=\"de\"><span class=\"JLqJ4b\" data-language-for-alternatives=\"de\" data-language-to-translate-into=\"en\" data-phrase-index=\"0\">Pumpenhub: 140 mm<\/span><\/span><\/li>\n<li><span class=\"VIiyi\" lang=\"de\"><span class=\"JLqJ4b\" data-language-for-alternatives=\"de\" data-language-to-translate-into=\"en\" data-phrase-index=\"0\">Schubvorschub pro Mikroschritt: 0,156 um \/ ustep<\/span><\/span><\/li>\n<li><span class=\"VIiyi\" lang=\"de\"><span class=\"JLqJ4b\" data-language-for-alternatives=\"de\" data-language-to-translate-into=\"en\" data-phrase-index=\"0\">Lineargeschwindigkeit: 1 um \/ min &#8211; 150 mm \/ min<\/span><\/span><\/li>\n<li><span class=\"VIiyi\" lang=\"de\"><span class=\"JLqJ4b\" data-language-for-alternatives=\"de\" data-language-to-translate-into=\"en\" data-phrase-index=\"0\">Lineare Aufl\u00f6sung: 1 um \/ min<\/span><\/span><\/li>\n<li><span class=\"VIiyi\" lang=\"de\"><span class=\"JLqJ4b\" data-language-for-alternatives=\"de\" data-language-to-translate-into=\"en\" data-phrase-index=\"0\">Lineare Verfahrgenauigkeit: Fehler &lt;\u00b1 0,35% (\uff1e 30% des Pumpenhubs)<\/span><\/span><\/li>\n<li><span class=\"VIiyi\" lang=\"de\"><span class=\"JLqJ4b\" data-language-for-alternatives=\"de\" data-language-to-translate-into=\"en\" data-phrase-index=\"0\">Lineare Kraft: maximale Nennleistung:&gt; 20 KGF<\/span><\/span><\/li>\n<li><span class=\"VIiyi\" lang=\"de\"><span class=\"JLqJ4b\" data-language-for-alternatives=\"de\" data-language-to-translate-into=\"en\" data-phrase-index=\"0\">Schubregelung: 1-100% beliebig einstellbar<\/span><\/span><\/li>\n<li><span class=\"VIiyi\" lang=\"de\"><span class=\"JLqJ4b\" data-language-for-alternatives=\"de\" data-language-to-translate-into=\"en\" data-phrase-index=\"0\">Spritzenauswahl: Eingebaute Haupthersteller, das Hauptmodell der zu w\u00e4hlenden Spritze; Kann kundenspezifische Spritzen, Gr\u00f6\u00dfe und Durchmesser der Direkteingabespritze verwenden<\/span><\/span><\/li>\n<li><span class=\"VIiyi\" lang=\"de\"><span class=\"JLqJ4b\" data-language-for-alternatives=\"de\" data-language-to-translate-into=\"en\" data-phrase-index=\"0\">Durchflusskalibrierung: Durchlaufen Sie das Kalibrierungsverfahren, um ein genaueres Fl\u00fcssigkeitsvolumen zu erhalten<\/span><\/span><\/li>\n<li><span class=\"VIiyi\" lang=\"de\"><span class=\"JLqJ4b\" data-language-for-alternatives=\"de\" data-language-to-translate-into=\"en\" data-phrase-index=\"0\">Anzeige: 4.3-Zoll-Farb-LCD, Aufl\u00f6sung 480 * 272, Farbe 65 k; Mit Bildschirmanzeige und Transfusionsvolumen, Fl\u00fcssigkeitsmenge, Durchfluss, Betriebsrichtung, Spritzenspezifikation usw .; Betriebsstatus der Animationsanzeige<\/span><\/span><\/li>\n<li><span class=\"VIiyi\" lang=\"de\"><span class=\"JLqJ4b\" data-language-for-alternatives=\"de\" data-language-to-translate-into=\"en\" data-phrase-index=\"0\">Betriebsmodus: Touchscreen + Taste<\/span><\/span><\/li>\n<li><span class=\"VIiyi\" lang=\"de\"><span class=\"JLqJ4b\" data-language-for-alternatives=\"de\" data-language-to-translate-into=\"en\" data-phrase-index=\"0\">Ausschaltspeicher: Die Laufparameter werden automatisch gespeichert<\/span><\/span><\/li>\n<li><span class=\"VIiyi\" lang=\"de\"><span class=\"JLqJ4b\" data-language-for-alternatives=\"de\" data-language-to-translate-into=\"en\" data-phrase-index=\"0\">Weitere Funktionen: Pause und Stopp, Soundtipp, Sperrparameter, Schnellvorlauf und R\u00fcckzug \u2022 Zustandssignalausgang: 1 Stra\u00dfenstoppzustand, 1 Zustandsstra\u00dfenrichtung<\/span><\/span><\/li>\n<li><span class=\"VIiyi\" lang=\"de\"><span class=\"JLqJ4b\" data-language-for-alternatives=\"de\" data-language-to-translate-into=\"en\" data-phrase-index=\"0\">Steuersignaleingang: 1 Weg nach unten entlang der Ansaugung, 1 Weg nach unten entlang des Ausl\u00f6sers, um anzuhalten<\/span><\/span><\/li>\n<li><span class=\"VIiyi\" lang=\"de\"><span class=\"JLqJ4b\" data-language-for-alternatives=\"de\" data-language-to-translate-into=\"en\" data-phrase-index=\"0\">Kommunikationsschnittstelle: RS485, MODBUS-Protokoll<\/span><\/span><\/li>\n<li><span class=\"VIiyi\" lang=\"de\"><span class=\"JLqJ4b\" data-language-for-alternatives=\"de\" data-language-to-translate-into=\"en\" data-phrase-index=\"0\">Anwendbare Leistung: AC100-240 v \/ 20 w<\/span><\/span><\/li>\n<li><span class=\"VIiyi\" lang=\"de\"><span class=\"JLqJ4b\" data-language-for-alternatives=\"de\" data-language-to-translate-into=\"en\" data-phrase-index=\"0\">Arbeitstemperatur: 5 bis 40 \u00b0 C.<\/span><\/span><\/li>\n<li><span class=\"VIiyi\" lang=\"de\"><span class=\"JLqJ4b\" data-language-for-alternatives=\"de\" data-language-to-translate-into=\"en\" data-phrase-index=\"0\">Relative Luftfeuchtigkeit: &lt;80% rF<\/span><\/span><\/li>\n<li><span class=\"VIiyi\" lang=\"de\"><span class=\"JLqJ4b\" data-language-for-alternatives=\"de\" data-language-to-translate-into=\"en\" data-phrase-index=\"0\">Abmessung: 290 * 228 * 180 mm<\/span><\/span><\/li>\n<li><span class=\"VIiyi\" lang=\"de\"><span class=\"JLqJ4b\" data-language-for-alternatives=\"de\" data-language-to-translate-into=\"en\" data-phrase-index=\"0\">Gewicht: 4.8 kg<\/span><\/span><\/li>\n<\/ul>\n<h2><span class=\"VIiyi\" lang=\"de\"><span class=\"JLqJ4b\" data-language-for-alternatives=\"de\" data-language-to-translate-into=\"en\" data-phrase-index=\"0\">Spritze Auswahl (Durchflussrate = Linearrate \u00d7 Spritzeninnenschnittfl\u00e4che)<\/span><\/span><\/h2>\n<table>\n<tbody>\n<tr>\n<td width=\"139\"><strong>Spritzegr\u00f6sse<\/strong><\/td>\n<td width=\"140\"><strong>Spritze ID(mm)<\/strong><\/td>\n<td width=\"140\"><strong>Min. Durchfluss (nl\/min)<\/strong><\/td>\n<td width=\"139\"><strong>Max .Durchfluss (ml\/min)<\/strong><\/td>\n<\/tr>\n<tr>\n<td width=\"139\">10\u03bcl<\/td>\n<td width=\"140\">0.485<\/td>\n<td width=\"140\">0.184<\/td>\n<td width=\"139\">0.027<\/td>\n<\/tr>\n<tr>\n<td width=\"139\">25\u03bcl<\/td>\n<td width=\"140\">0.729<\/td>\n<td width=\"140\">0.417<\/td>\n<td width=\"139\">0.0626<\/td>\n<\/tr>\n<tr>\n<td width=\"139\">50\u03bcl<\/td>\n<td width=\"140\">1.03<\/td>\n<td width=\"140\">0.833<\/td>\n<td width=\"139\">0.125<\/td>\n<\/tr>\n<tr>\n<td width=\"139\">100\u03bcl<\/td>\n<td width=\"140\">1.457<\/td>\n<td width=\"140\">1.667<\/td>\n<td width=\"139\">0.250<\/td>\n<\/tr>\n<tr>\n<td width=\"139\">250\u03bcl<\/td>\n<td width=\"140\">2.304<\/td>\n<td width=\"140\">4.169<\/td>\n<td width=\"139\">0.625<\/td>\n<\/tr>\n<tr>\n<td width=\"139\">500\u03bcl<\/td>\n<td width=\"140\">3.256<\/td>\n<td width=\"140\">8.326<\/td>\n<td width=\"139\">1.248<\/td>\n<\/tr>\n<tr>\n<td width=\"139\">1ml<\/td>\n<td width=\"140\">4.699<\/td>\n<td width=\"140\">17.342<\/td>\n<td width=\"139\">2.601<\/td>\n<\/tr>\n<tr>\n<td width=\"139\">5ml<\/td>\n<td width=\"140\">11.989<\/td>\n<td width=\"140\">112.890<\/td>\n<td width=\"139\">16.933<\/td>\n<\/tr>\n<tr>\n<td width=\"139\">10ml<\/td>\n<td width=\"140\">14.427<\/td>\n<td width=\"140\">163.469<\/td>\n<td width=\"139\">24.520<\/td>\n<\/tr>\n<\/tbody>\n<\/table>\n","protected":false},"excerpt":{"rendered":"<p><span class=\"VIiyi\" lang=\"de\"><span class=\"JLqJ4b ChMk0b\" data-language-for-alternatives=\"de\" data-language-to-translate-into=\"en\" data-phrase-index=\"0\">Mehrkanalspritzenpumpe f\u00fcr Labor<\/span><\/span><\/p>\n","protected":false},"featured_media":22309,"template":"","meta":{"_crdt_document":""},"product_brand":[],"product_cat":[98,99],"product_tag":[],"class_list":{"0":"post-22305","1":"product","2":"type-product","3":"status-publish","4":"has-post-thumbnail","6":"product_cat-peristaltisch","7":"product_cat-pumpe","9":"first","10":"instock","11":"taxable","12":"shipping-taxable","13":"product-type-simple"},"yoast_head":"<!-- This site is optimized with the Yoast SEO plugin v27.4 - https:\/\/yoast.com\/product\/yoast-seo-wordpress\/ -->\n<title>Laborspritzenpumpe TYD02-04 - Sysmatec<\/title>\n<meta name=\"description\" content=\"Laborspritzenpumpe, saug- und f\u00f6rderf\u00e4hig. Multichannel kann es bis zu 4 Spritzen verwenden.\" \/>\n<meta name=\"robots\" content=\"index, follow, max-snippet:-1, max-image-preview:large, max-video-preview:-1\" \/>\n<link rel=\"canonical\" href=\"https:\/\/sysmatec.ch\/de\/produit\/laborspritzenpumpe-tyd02-04\/\" \/>\n<meta property=\"og:locale\" content=\"de_DE\" \/>\n<meta property=\"og:type\" content=\"article\" \/>\n<meta property=\"og:title\" content=\"Laborspritzenpumpe TYD02-04 - Sysmatec\" \/>\n<meta property=\"og:description\" content=\"Laborspritzenpumpe, saug- und f\u00f6rderf\u00e4hig. Multichannel kann es bis zu 4 Spritzen verwenden.\" \/>\n<meta property=\"og:url\" content=\"https:\/\/sysmatec.ch\/de\/produit\/laborspritzenpumpe-tyd02-04\/\" \/>\n<meta property=\"og:site_name\" content=\"Sysmatec\" \/>\n<meta property=\"article:modified_time\" content=\"2021-11-27T17:14:47+00:00\" \/>\n<meta property=\"og:image\" content=\"https:\/\/sysmatec.ch\/wp-content\/uploads\/2021\/02\/PousseSeringue_4xLeadfluid.jpg\" \/>\n\t<meta property=\"og:image:width\" content=\"578\" \/>\n\t<meta property=\"og:image:height\" content=\"377\" \/>\n\t<meta property=\"og:image:type\" content=\"image\/jpeg\" \/>\n<meta name=\"twitter:card\" content=\"summary_large_image\" \/>\n<meta name=\"twitter:label1\" content=\"Gesch\u00e4tzte Lesezeit\" \/>\n\t<meta name=\"twitter:data1\" content=\"2\u00a0Minuten\" \/>\n<script type=\"application\/ld+json\" class=\"yoast-schema-graph\">{\"@context\":\"https:\\\/\\\/schema.org\",\"@graph\":[{\"@type\":\"WebPage\",\"@id\":\"https:\\\/\\\/sysmatec.ch\\\/de\\\/produit\\\/laborspritzenpumpe-tyd02-04\\\/\",\"url\":\"https:\\\/\\\/sysmatec.ch\\\/de\\\/produit\\\/laborspritzenpumpe-tyd02-04\\\/\",\"name\":\"Laborspritzenpumpe TYD02-04 - Sysmatec\",\"isPartOf\":{\"@id\":\"https:\\\/\\\/sysmatec.ch\\\/de\\\/#website\"},\"primaryImageOfPage\":{\"@id\":\"https:\\\/\\\/sysmatec.ch\\\/de\\\/produit\\\/laborspritzenpumpe-tyd02-04\\\/#primaryimage\"},\"image\":{\"@id\":\"https:\\\/\\\/sysmatec.ch\\\/de\\\/produit\\\/laborspritzenpumpe-tyd02-04\\\/#primaryimage\"},\"thumbnailUrl\":\"https:\\\/\\\/sysmatec.ch\\\/wp-content\\\/uploads\\\/2021\\\/02\\\/PousseSeringue_4xLeadfluid.jpg\",\"datePublished\":\"2021-02-28T09:12:56+00:00\",\"dateModified\":\"2021-11-27T17:14:47+00:00\",\"description\":\"Laborspritzenpumpe, saug- und f\u00f6rderf\u00e4hig. Multichannel kann es bis zu 4 Spritzen verwenden.\",\"breadcrumb\":{\"@id\":\"https:\\\/\\\/sysmatec.ch\\\/de\\\/produit\\\/laborspritzenpumpe-tyd02-04\\\/#breadcrumb\"},\"inLanguage\":\"de\",\"potentialAction\":[{\"@type\":\"ReadAction\",\"target\":[\"https:\\\/\\\/sysmatec.ch\\\/de\\\/produit\\\/laborspritzenpumpe-tyd02-04\\\/\"]}]},{\"@type\":\"ImageObject\",\"inLanguage\":\"de\",\"@id\":\"https:\\\/\\\/sysmatec.ch\\\/de\\\/produit\\\/laborspritzenpumpe-tyd02-04\\\/#primaryimage\",\"url\":\"https:\\\/\\\/sysmatec.ch\\\/wp-content\\\/uploads\\\/2021\\\/02\\\/PousseSeringue_4xLeadfluid.jpg\",\"contentUrl\":\"https:\\\/\\\/sysmatec.ch\\\/wp-content\\\/uploads\\\/2021\\\/02\\\/PousseSeringue_4xLeadfluid.jpg\",\"width\":578,\"height\":377},{\"@type\":\"BreadcrumbList\",\"@id\":\"https:\\\/\\\/sysmatec.ch\\\/de\\\/produit\\\/laborspritzenpumpe-tyd02-04\\\/#breadcrumb\",\"itemListElement\":[{\"@type\":\"ListItem\",\"position\":1,\"name\":\"Accueil\",\"item\":\"https:\\\/\\\/sysmatec.ch\\\/de\\\/\"},{\"@type\":\"ListItem\",\"position\":2,\"name\":\"Die Aktivit\u00e4t von Sysmatec\",\"item\":\"https:\\\/\\\/sysmatec.ch\\\/de\\\/\"},{\"@type\":\"ListItem\",\"position\":3,\"name\":\"Laborspritzenpumpe TYD02-04\"}]},{\"@type\":\"WebSite\",\"@id\":\"https:\\\/\\\/sysmatec.ch\\\/de\\\/#website\",\"url\":\"https:\\\/\\\/sysmatec.ch\\\/de\\\/\",\"name\":\"Sysmatec\",\"description\":\"Equipement de laboratoire et logiciels\",\"publisher\":{\"@id\":\"https:\\\/\\\/sysmatec.ch\\\/de\\\/#organization\"},\"potentialAction\":[{\"@type\":\"SearchAction\",\"target\":{\"@type\":\"EntryPoint\",\"urlTemplate\":\"https:\\\/\\\/sysmatec.ch\\\/de\\\/?s={search_term_string}\"},\"query-input\":{\"@type\":\"PropertyValueSpecification\",\"valueRequired\":true,\"valueName\":\"search_term_string\"}}],\"inLanguage\":\"de\"},{\"@type\":\"Organization\",\"@id\":\"https:\\\/\\\/sysmatec.ch\\\/de\\\/#organization\",\"name\":\"Sysmatec\",\"url\":\"https:\\\/\\\/sysmatec.ch\\\/de\\\/\",\"logo\":{\"@type\":\"ImageObject\",\"inLanguage\":\"de\",\"@id\":\"https:\\\/\\\/sysmatec.ch\\\/de\\\/#\\\/schema\\\/logo\\\/image\\\/\",\"url\":\"https:\\\/\\\/sysmatec.ch\\\/wp-content\\\/uploads\\\/2018\\\/11\\\/LogoSysmatec.jpg\",\"contentUrl\":\"https:\\\/\\\/sysmatec.ch\\\/wp-content\\\/uploads\\\/2018\\\/11\\\/LogoSysmatec.jpg\",\"width\":301,\"height\":297,\"caption\":\"Sysmatec\"},\"image\":{\"@id\":\"https:\\\/\\\/sysmatec.ch\\\/de\\\/#\\\/schema\\\/logo\\\/image\\\/\"}}]}<\/script>\n<!-- \/ Yoast SEO plugin. -->","yoast_head_json":{"title":"Laborspritzenpumpe TYD02-04 - Sysmatec","description":"Laborspritzenpumpe, saug- und f\u00f6rderf\u00e4hig. Multichannel kann es bis zu 4 Spritzen verwenden.","robots":{"index":"index","follow":"follow","max-snippet":"max-snippet:-1","max-image-preview":"max-image-preview:large","max-video-preview":"max-video-preview:-1"},"canonical":"https:\/\/sysmatec.ch\/de\/produit\/laborspritzenpumpe-tyd02-04\/","og_locale":"de_DE","og_type":"article","og_title":"Laborspritzenpumpe TYD02-04 - Sysmatec","og_description":"Laborspritzenpumpe, saug- und f\u00f6rderf\u00e4hig. Multichannel kann es bis zu 4 Spritzen verwenden.","og_url":"https:\/\/sysmatec.ch\/de\/produit\/laborspritzenpumpe-tyd02-04\/","og_site_name":"Sysmatec","article_modified_time":"2021-11-27T17:14:47+00:00","og_image":[{"width":578,"height":377,"url":"https:\/\/sysmatec.ch\/wp-content\/uploads\/2021\/02\/PousseSeringue_4xLeadfluid.jpg","type":"image\/jpeg"}],"twitter_card":"summary_large_image","twitter_misc":{"Gesch\u00e4tzte Lesezeit":"2\u00a0Minuten"},"schema":{"@context":"https:\/\/schema.org","@graph":[{"@type":"WebPage","@id":"https:\/\/sysmatec.ch\/de\/produit\/laborspritzenpumpe-tyd02-04\/","url":"https:\/\/sysmatec.ch\/de\/produit\/laborspritzenpumpe-tyd02-04\/","name":"Laborspritzenpumpe TYD02-04 - Sysmatec","isPartOf":{"@id":"https:\/\/sysmatec.ch\/de\/#website"},"primaryImageOfPage":{"@id":"https:\/\/sysmatec.ch\/de\/produit\/laborspritzenpumpe-tyd02-04\/#primaryimage"},"image":{"@id":"https:\/\/sysmatec.ch\/de\/produit\/laborspritzenpumpe-tyd02-04\/#primaryimage"},"thumbnailUrl":"https:\/\/sysmatec.ch\/wp-content\/uploads\/2021\/02\/PousseSeringue_4xLeadfluid.jpg","datePublished":"2021-02-28T09:12:56+00:00","dateModified":"2021-11-27T17:14:47+00:00","description":"Laborspritzenpumpe, saug- und f\u00f6rderf\u00e4hig. Multichannel kann es bis zu 4 Spritzen verwenden.","breadcrumb":{"@id":"https:\/\/sysmatec.ch\/de\/produit\/laborspritzenpumpe-tyd02-04\/#breadcrumb"},"inLanguage":"de","potentialAction":[{"@type":"ReadAction","target":["https:\/\/sysmatec.ch\/de\/produit\/laborspritzenpumpe-tyd02-04\/"]}]},{"@type":"ImageObject","inLanguage":"de","@id":"https:\/\/sysmatec.ch\/de\/produit\/laborspritzenpumpe-tyd02-04\/#primaryimage","url":"https:\/\/sysmatec.ch\/wp-content\/uploads\/2021\/02\/PousseSeringue_4xLeadfluid.jpg","contentUrl":"https:\/\/sysmatec.ch\/wp-content\/uploads\/2021\/02\/PousseSeringue_4xLeadfluid.jpg","width":578,"height":377},{"@type":"BreadcrumbList","@id":"https:\/\/sysmatec.ch\/de\/produit\/laborspritzenpumpe-tyd02-04\/#breadcrumb","itemListElement":[{"@type":"ListItem","position":1,"name":"Accueil","item":"https:\/\/sysmatec.ch\/de\/"},{"@type":"ListItem","position":2,"name":"Die Aktivit\u00e4t von Sysmatec","item":"https:\/\/sysmatec.ch\/de\/"},{"@type":"ListItem","position":3,"name":"Laborspritzenpumpe TYD02-04"}]},{"@type":"WebSite","@id":"https:\/\/sysmatec.ch\/de\/#website","url":"https:\/\/sysmatec.ch\/de\/","name":"Sysmatec","description":"Equipement de laboratoire et logiciels","publisher":{"@id":"https:\/\/sysmatec.ch\/de\/#organization"},"potentialAction":[{"@type":"SearchAction","target":{"@type":"EntryPoint","urlTemplate":"https:\/\/sysmatec.ch\/de\/?s={search_term_string}"},"query-input":{"@type":"PropertyValueSpecification","valueRequired":true,"valueName":"search_term_string"}}],"inLanguage":"de"},{"@type":"Organization","@id":"https:\/\/sysmatec.ch\/de\/#organization","name":"Sysmatec","url":"https:\/\/sysmatec.ch\/de\/","logo":{"@type":"ImageObject","inLanguage":"de","@id":"https:\/\/sysmatec.ch\/de\/#\/schema\/logo\/image\/","url":"https:\/\/sysmatec.ch\/wp-content\/uploads\/2018\/11\/LogoSysmatec.jpg","contentUrl":"https:\/\/sysmatec.ch\/wp-content\/uploads\/2018\/11\/LogoSysmatec.jpg","width":301,"height":297,"caption":"Sysmatec"},"image":{"@id":"https:\/\/sysmatec.ch\/de\/#\/schema\/logo\/image\/"}}]}},"_links":{"self":[{"href":"https:\/\/sysmatec.ch\/de\/wp-json\/wp\/v2\/product\/22305","targetHints":{"allow":["GET"]}}],"collection":[{"href":"https:\/\/sysmatec.ch\/de\/wp-json\/wp\/v2\/product"}],"about":[{"href":"https:\/\/sysmatec.ch\/de\/wp-json\/wp\/v2\/types\/product"}],"wp:featuredmedia":[{"embeddable":true,"href":"https:\/\/sysmatec.ch\/de\/wp-json\/wp\/v2\/media\/22309"}],"wp:attachment":[{"href":"https:\/\/sysmatec.ch\/de\/wp-json\/wp\/v2\/media?parent=22305"}],"wp:term":[{"taxonomy":"product_brand","embeddable":true,"href":"https:\/\/sysmatec.ch\/de\/wp-json\/wp\/v2\/product_brand?post=22305"},{"taxonomy":"product_cat","embeddable":true,"href":"https:\/\/sysmatec.ch\/de\/wp-json\/wp\/v2\/product_cat?post=22305"},{"taxonomy":"product_tag","embeddable":true,"href":"https:\/\/sysmatec.ch\/de\/wp-json\/wp\/v2\/product_tag?post=22305"}],"curies":[{"name":"wp","href":"https:\/\/api.w.org\/{rel}","templated":true}]}}