{"id":2230,"date":"2019-01-12T20:45:04","date_gmt":"2019-01-12T19:45:04","guid":{"rendered":"https:\/\/sysmatec.ch\/produit\/regulateur-de-debit-de-gaz-avec-mesure-de-lhumidite\/"},"modified":"2022-03-10T08:26:16","modified_gmt":"2022-03-10T07:26:16","slug":"gasdosierer-mit-feuchetmessung","status":"publish","type":"product","link":"https:\/\/sysmatec.ch\/de\/Produkt\/gasdosierer-mit-feuchetmessung\/","title":{"rendered":"Gasdosierer mit Feuchetmessung"},"content":{"rendered":"<p>Reguliert die Einleitung von Gas in eine SICCO Handschuhbox um den Gasverbrauch zu senken. Die Steuerung des Gasflusses erfolgt in Abh\u00e4ngigkeit von der relativen Luftfeuchte im Innenraum, die \u00dcberwachung erfolgt per Sensor, der \u00fcber eine Kabeldurchf\u00fchrung eingef\u00fchrt wird. Sobald die gew\u00fcnschte Restfeuchte erreicht ist, wird der Gaszufluss gestoppt. Bei einer Abweichung um 1 % vom eingestellten Wert wird der Durchgang automatisch ge\u00f6ffnet und erneut mit Gas gesp\u00fclt.<\/p>\n<p>Set bestehend aus Gasdosierer, Sensorkabel, Schlauch zur Verbindung von Durchflussregulierer und Messger\u00e4t, Stromkabel. Es werden ein Stromanschluss 230 V \/ 50 Hz sowie zwei freie Kabeldurchf\u00fchrungen f\u00fcr Gaszufuhr und Sensor ben\u00f6tigt.<\/p>\n<ul>\n<li type=\"disc\">Einstellbereich Luftfeuchtigkeit: 0 bis 50 % rF<\/li>\n<li type=\"disc\">Arbeitstemperatur: -20 \u00b0C bis +60 \u00b0C<\/li>\n<li type=\"disc\">Anzeigebereich: 0.1 bis 99 % rF, -30 \u00b0C bis +70 \u00b0C<\/li>\n<li type=\"disc\">Messgenauigkeit: +\/- 3% rF, +\/- 0.5 \u00b0C<\/li>\n<li type=\"disc\">Aufl\u00f6sung: 0.1 \u00b0rF, 0.1 \u00b0C<\/li>\n<li type=\"disc\">Durchflussregulierer Gaszufuhr: 2-10 L\/min.<\/li>\n<li type=\"disc\">L\u00e4nge Sensorkabel: 1.2 m<\/li>\n<li type=\"disc\">Gewicht: 1800 g<\/li>\n<\/ul>\n","protected":false},"excerpt":{"rendered":"<p>Gasdosierer mit Feuchetmessung.<\/p>\n","protected":false},"featured_media":1247,"template":"","meta":{"_crdt_document":""},"product_brand":[],"product_cat":[143],"product_tag":[],"class_list":{"0":"post-2230","1":"product","2":"type-product","3":"status-publish","4":"has-post-thumbnail","6":"product_cat-exsikkator","8":"first","9":"instock","10":"taxable","11":"shipping-taxable","12":"product-type-simple"},"yoast_head":"<!-- This site is optimized with the Yoast SEO plugin v27.4 - https:\/\/yoast.com\/product\/yoast-seo-wordpress\/ -->\n<title>Gasdosierer mit Feuchetmessung - Sysmatec<\/title>\n<meta name=\"description\" content=\"Gasdurchflussregler f\u00fcr Exsikkator, mit Feuchtemessung. Die Gaszufuhr wird entsprechend der internen Luftfeuchtigkeit geregelt.\" \/>\n<meta name=\"robots\" content=\"index, follow, max-snippet:-1, max-image-preview:large, max-video-preview:-1\" \/>\n<link rel=\"canonical\" href=\"https:\/\/sysmatec.ch\/de\/produit\/gasdosierer-mit-feuchetmessung\/\" \/>\n<meta property=\"og:locale\" content=\"de_DE\" \/>\n<meta property=\"og:type\" content=\"article\" \/>\n<meta property=\"og:title\" content=\"Gasdosierer mit Feuchetmessung - Sysmatec\" \/>\n<meta property=\"og:description\" content=\"Gasdurchflussregler f\u00fcr Exsikkator, mit Feuchtemessung. Die Gaszufuhr wird entsprechend der internen Luftfeuchtigkeit geregelt.\" \/>\n<meta property=\"og:url\" content=\"https:\/\/sysmatec.ch\/de\/produit\/gasdosierer-mit-feuchetmessung\/\" \/>\n<meta property=\"og:site_name\" content=\"Sysmatec\" \/>\n<meta property=\"article:modified_time\" content=\"2022-03-10T07:26:16+00:00\" \/>\n<meta property=\"og:image\" content=\"https:\/\/sysmatec.ch\/wp-content\/uploads\/2019\/01\/SiccoGasController.jpg\" \/>\n\t<meta property=\"og:image:width\" content=\"190\" \/>\n\t<meta property=\"og:image:height\" content=\"142\" \/>\n\t<meta property=\"og:image:type\" content=\"image\/jpeg\" \/>\n<meta name=\"twitter:card\" content=\"summary_large_image\" \/>\n<meta name=\"twitter:label1\" content=\"Gesch\u00e4tzte Lesezeit\" \/>\n\t<meta name=\"twitter:data1\" content=\"1\u00a0Minute\" \/>\n<script type=\"application\/ld+json\" class=\"yoast-schema-graph\">{\"@context\":\"https:\\\/\\\/schema.org\",\"@graph\":[{\"@type\":\"WebPage\",\"@id\":\"https:\\\/\\\/sysmatec.ch\\\/de\\\/produit\\\/gasdosierer-mit-feuchetmessung\\\/\",\"url\":\"https:\\\/\\\/sysmatec.ch\\\/de\\\/produit\\\/gasdosierer-mit-feuchetmessung\\\/\",\"name\":\"Gasdosierer mit Feuchetmessung - Sysmatec\",\"isPartOf\":{\"@id\":\"https:\\\/\\\/sysmatec.ch\\\/de\\\/#website\"},\"primaryImageOfPage\":{\"@id\":\"https:\\\/\\\/sysmatec.ch\\\/de\\\/produit\\\/gasdosierer-mit-feuchetmessung\\\/#primaryimage\"},\"image\":{\"@id\":\"https:\\\/\\\/sysmatec.ch\\\/de\\\/produit\\\/gasdosierer-mit-feuchetmessung\\\/#primaryimage\"},\"thumbnailUrl\":\"https:\\\/\\\/sysmatec.ch\\\/wp-content\\\/uploads\\\/2019\\\/01\\\/SiccoGasController.jpg\",\"datePublished\":\"2019-01-12T19:45:04+00:00\",\"dateModified\":\"2022-03-10T07:26:16+00:00\",\"description\":\"Gasdurchflussregler f\u00fcr Exsikkator, mit Feuchtemessung. Die Gaszufuhr wird entsprechend der internen Luftfeuchtigkeit geregelt.\",\"breadcrumb\":{\"@id\":\"https:\\\/\\\/sysmatec.ch\\\/de\\\/produit\\\/gasdosierer-mit-feuchetmessung\\\/#breadcrumb\"},\"inLanguage\":\"de\",\"potentialAction\":[{\"@type\":\"ReadAction\",\"target\":[\"https:\\\/\\\/sysmatec.ch\\\/de\\\/produit\\\/gasdosierer-mit-feuchetmessung\\\/\"]}]},{\"@type\":\"ImageObject\",\"inLanguage\":\"de\",\"@id\":\"https:\\\/\\\/sysmatec.ch\\\/de\\\/produit\\\/gasdosierer-mit-feuchetmessung\\\/#primaryimage\",\"url\":\"https:\\\/\\\/sysmatec.ch\\\/wp-content\\\/uploads\\\/2019\\\/01\\\/SiccoGasController.jpg\",\"contentUrl\":\"https:\\\/\\\/sysmatec.ch\\\/wp-content\\\/uploads\\\/2019\\\/01\\\/SiccoGasController.jpg\",\"width\":190,\"height\":142},{\"@type\":\"BreadcrumbList\",\"@id\":\"https:\\\/\\\/sysmatec.ch\\\/de\\\/produit\\\/gasdosierer-mit-feuchetmessung\\\/#breadcrumb\",\"itemListElement\":[{\"@type\":\"ListItem\",\"position\":1,\"name\":\"Accueil\",\"item\":\"https:\\\/\\\/sysmatec.ch\\\/de\\\/\"},{\"@type\":\"ListItem\",\"position\":2,\"name\":\"Die Aktivit\u00e4t von Sysmatec\",\"item\":\"https:\\\/\\\/sysmatec.ch\\\/de\\\/\"},{\"@type\":\"ListItem\",\"position\":3,\"name\":\"Gasdosierer mit Feuchetmessung\"}]},{\"@type\":\"WebSite\",\"@id\":\"https:\\\/\\\/sysmatec.ch\\\/de\\\/#website\",\"url\":\"https:\\\/\\\/sysmatec.ch\\\/de\\\/\",\"name\":\"Sysmatec\",\"description\":\"Equipement de laboratoire et logiciels\",\"publisher\":{\"@id\":\"https:\\\/\\\/sysmatec.ch\\\/de\\\/#organization\"},\"potentialAction\":[{\"@type\":\"SearchAction\",\"target\":{\"@type\":\"EntryPoint\",\"urlTemplate\":\"https:\\\/\\\/sysmatec.ch\\\/de\\\/?s={search_term_string}\"},\"query-input\":{\"@type\":\"PropertyValueSpecification\",\"valueRequired\":true,\"valueName\":\"search_term_string\"}}],\"inLanguage\":\"de\"},{\"@type\":\"Organization\",\"@id\":\"https:\\\/\\\/sysmatec.ch\\\/de\\\/#organization\",\"name\":\"Sysmatec\",\"url\":\"https:\\\/\\\/sysmatec.ch\\\/de\\\/\",\"logo\":{\"@type\":\"ImageObject\",\"inLanguage\":\"de\",\"@id\":\"https:\\\/\\\/sysmatec.ch\\\/de\\\/#\\\/schema\\\/logo\\\/image\\\/\",\"url\":\"https:\\\/\\\/sysmatec.ch\\\/wp-content\\\/uploads\\\/2018\\\/11\\\/LogoSysmatec.jpg\",\"contentUrl\":\"https:\\\/\\\/sysmatec.ch\\\/wp-content\\\/uploads\\\/2018\\\/11\\\/LogoSysmatec.jpg\",\"width\":301,\"height\":297,\"caption\":\"Sysmatec\"},\"image\":{\"@id\":\"https:\\\/\\\/sysmatec.ch\\\/de\\\/#\\\/schema\\\/logo\\\/image\\\/\"}}]}<\/script>\n<!-- \/ Yoast SEO plugin. -->","yoast_head_json":{"title":"Gasdosierer mit Feuchetmessung - Sysmatec","description":"Gasdurchflussregler f\u00fcr Exsikkator, mit Feuchtemessung. Die Gaszufuhr wird entsprechend der internen Luftfeuchtigkeit geregelt.","robots":{"index":"index","follow":"follow","max-snippet":"max-snippet:-1","max-image-preview":"max-image-preview:large","max-video-preview":"max-video-preview:-1"},"canonical":"https:\/\/sysmatec.ch\/de\/produit\/gasdosierer-mit-feuchetmessung\/","og_locale":"de_DE","og_type":"article","og_title":"Gasdosierer mit Feuchetmessung - Sysmatec","og_description":"Gasdurchflussregler f\u00fcr Exsikkator, mit Feuchtemessung. Die Gaszufuhr wird entsprechend der internen Luftfeuchtigkeit geregelt.","og_url":"https:\/\/sysmatec.ch\/de\/produit\/gasdosierer-mit-feuchetmessung\/","og_site_name":"Sysmatec","article_modified_time":"2022-03-10T07:26:16+00:00","og_image":[{"width":190,"height":142,"url":"https:\/\/sysmatec.ch\/wp-content\/uploads\/2019\/01\/SiccoGasController.jpg","type":"image\/jpeg"}],"twitter_card":"summary_large_image","twitter_misc":{"Gesch\u00e4tzte Lesezeit":"1\u00a0Minute"},"schema":{"@context":"https:\/\/schema.org","@graph":[{"@type":"WebPage","@id":"https:\/\/sysmatec.ch\/de\/produit\/gasdosierer-mit-feuchetmessung\/","url":"https:\/\/sysmatec.ch\/de\/produit\/gasdosierer-mit-feuchetmessung\/","name":"Gasdosierer mit Feuchetmessung - Sysmatec","isPartOf":{"@id":"https:\/\/sysmatec.ch\/de\/#website"},"primaryImageOfPage":{"@id":"https:\/\/sysmatec.ch\/de\/produit\/gasdosierer-mit-feuchetmessung\/#primaryimage"},"image":{"@id":"https:\/\/sysmatec.ch\/de\/produit\/gasdosierer-mit-feuchetmessung\/#primaryimage"},"thumbnailUrl":"https:\/\/sysmatec.ch\/wp-content\/uploads\/2019\/01\/SiccoGasController.jpg","datePublished":"2019-01-12T19:45:04+00:00","dateModified":"2022-03-10T07:26:16+00:00","description":"Gasdurchflussregler f\u00fcr Exsikkator, mit Feuchtemessung. Die Gaszufuhr wird entsprechend der internen Luftfeuchtigkeit geregelt.","breadcrumb":{"@id":"https:\/\/sysmatec.ch\/de\/produit\/gasdosierer-mit-feuchetmessung\/#breadcrumb"},"inLanguage":"de","potentialAction":[{"@type":"ReadAction","target":["https:\/\/sysmatec.ch\/de\/produit\/gasdosierer-mit-feuchetmessung\/"]}]},{"@type":"ImageObject","inLanguage":"de","@id":"https:\/\/sysmatec.ch\/de\/produit\/gasdosierer-mit-feuchetmessung\/#primaryimage","url":"https:\/\/sysmatec.ch\/wp-content\/uploads\/2019\/01\/SiccoGasController.jpg","contentUrl":"https:\/\/sysmatec.ch\/wp-content\/uploads\/2019\/01\/SiccoGasController.jpg","width":190,"height":142},{"@type":"BreadcrumbList","@id":"https:\/\/sysmatec.ch\/de\/produit\/gasdosierer-mit-feuchetmessung\/#breadcrumb","itemListElement":[{"@type":"ListItem","position":1,"name":"Accueil","item":"https:\/\/sysmatec.ch\/de\/"},{"@type":"ListItem","position":2,"name":"Die Aktivit\u00e4t von Sysmatec","item":"https:\/\/sysmatec.ch\/de\/"},{"@type":"ListItem","position":3,"name":"Gasdosierer mit Feuchetmessung"}]},{"@type":"WebSite","@id":"https:\/\/sysmatec.ch\/de\/#website","url":"https:\/\/sysmatec.ch\/de\/","name":"Sysmatec","description":"Equipement de laboratoire et logiciels","publisher":{"@id":"https:\/\/sysmatec.ch\/de\/#organization"},"potentialAction":[{"@type":"SearchAction","target":{"@type":"EntryPoint","urlTemplate":"https:\/\/sysmatec.ch\/de\/?s={search_term_string}"},"query-input":{"@type":"PropertyValueSpecification","valueRequired":true,"valueName":"search_term_string"}}],"inLanguage":"de"},{"@type":"Organization","@id":"https:\/\/sysmatec.ch\/de\/#organization","name":"Sysmatec","url":"https:\/\/sysmatec.ch\/de\/","logo":{"@type":"ImageObject","inLanguage":"de","@id":"https:\/\/sysmatec.ch\/de\/#\/schema\/logo\/image\/","url":"https:\/\/sysmatec.ch\/wp-content\/uploads\/2018\/11\/LogoSysmatec.jpg","contentUrl":"https:\/\/sysmatec.ch\/wp-content\/uploads\/2018\/11\/LogoSysmatec.jpg","width":301,"height":297,"caption":"Sysmatec"},"image":{"@id":"https:\/\/sysmatec.ch\/de\/#\/schema\/logo\/image\/"}}]}},"_links":{"self":[{"href":"https:\/\/sysmatec.ch\/de\/wp-json\/wp\/v2\/product\/2230","targetHints":{"allow":["GET"]}}],"collection":[{"href":"https:\/\/sysmatec.ch\/de\/wp-json\/wp\/v2\/product"}],"about":[{"href":"https:\/\/sysmatec.ch\/de\/wp-json\/wp\/v2\/types\/product"}],"wp:featuredmedia":[{"embeddable":true,"href":"https:\/\/sysmatec.ch\/de\/wp-json\/wp\/v2\/media\/1247"}],"wp:attachment":[{"href":"https:\/\/sysmatec.ch\/de\/wp-json\/wp\/v2\/media?parent=2230"}],"wp:term":[{"taxonomy":"product_brand","embeddable":true,"href":"https:\/\/sysmatec.ch\/de\/wp-json\/wp\/v2\/product_brand?post=2230"},{"taxonomy":"product_cat","embeddable":true,"href":"https:\/\/sysmatec.ch\/de\/wp-json\/wp\/v2\/product_cat?post=2230"},{"taxonomy":"product_tag","embeddable":true,"href":"https:\/\/sysmatec.ch\/de\/wp-json\/wp\/v2\/product_tag?post=2230"}],"curies":[{"name":"wp","href":"https:\/\/api.w.org\/{rel}","templated":true}]}}