{"id":22295,"date":"2021-02-27T20:47:46","date_gmt":"2021-02-27T19:47:46","guid":{"rendered":"https:\/\/sysmatec.ch\/?post_type=product&#038;p=22295"},"modified":"2021-11-27T18:37:45","modified_gmt":"2021-11-27T17:37:45","slug":"weather-station-hy-wds6e","status":"publish","type":"product","link":"https:\/\/sysmatec.ch\/de\/Produkt\/weather-station-hy-wds6e\/","title":{"rendered":"Wetterstation HY-WDS6E"},"content":{"rendered":"<p><span class=\"VIiyi\" lang=\"de\"><span class=\"JLqJ4b\" data-language-for-alternatives=\"de\" data-language-to-translate-into=\"fr\" data-phrase-index=\"0\">Es ist eine Wetterstation mit mehreren hochgenauen Sensoren. Der Windsensor des HY-WDS6E basiert auf Ultraschalltechnologie. Ideal f\u00fcr Anwendungen, die eine wirtschaftliche Wettererfassung erfordern. Ohne teure Kalibrierung oder Wartung vor Ort und mit einem korrosionsfreien Geh\u00e4use ist der HY-WDS6E wartungsfrei, schnell und einfach zu installieren.<\/span><\/span><\/p>\n<p><span class=\"VIiyi\" lang=\"de\"><span class=\"JLqJ4b\" data-language-for-alternatives=\"de\" data-language-to-translate-into=\"fr\" data-phrase-index=\"0\">Gemessene Parameter: Lufttemperatur, Luftfeuchtigkeit, Windgeschwindigkeit, Windrichtung, Luftdruck und Niederschlag. Lufttemperatur-, Feuchtigkeits- und Druckmessungen werden mit einem industriellen Standard-MEMS-Sensor gemessen, der im Strahlenschutzschild positioniert ist. Es zeichnet sich durch hohe Genauigkeit und schnelle Reaktionszeit aus. Die Messung der Windgeschwindigkeit und -richtung basiert auf dem Prinzip der Ultraschalllaufzeitdifferenz. Niederschlag wird durch 24G-Radar erfasst, das Niederschlag und seine Intensit\u00e4t schnell erfassen kann.<\/span><\/span><\/p>\n<p><span class=\"VIiyi\" lang=\"de\"><span class=\"JLqJ4b\" data-language-for-alternatives=\"de\" data-language-to-translate-into=\"fr\" data-phrase-index=\"0\">Das GPS-Global-Positionierungsmodul und der elektronische Kompass k\u00f6nnen optional in einem reservierten Raum installiert werden. Mit diesen beiden Modulen k\u00f6nnen Sie L\u00e4ngengrad und Geschwindigkeit genau ermitteln und so die wahre und scheinbare Windgeschwindigkeit und -richtung berechnen. Eigenschaften Robustes Design, einfach zu installieren, 24 Stunden kontinuierliche \u00dcberwachung Ohne bewegliche Teile ist das gesamte System wartungsfrei MODBUS-Kommunikationsprotokoll, Standard-RS485 \/ RS232-Ausgang Ein elektronisches Kompass-, GPS- oder BeiDou-Global-Positionierungsmodul kann hinzugef\u00fcgt werden Mit interner Heizung sorgt normaler Betrieb bei kaltem Wetter Radarniederschlag kann die Niederschlagsmenge genau messen und den Beginn und das Ende des Regens widerspiegeln. Technische Spezifikation<\/span><\/span><\/p>\n<h2><span class=\"VIiyi\" lang=\"de\"><span class=\"JLqJ4b ChMk0b\" data-language-for-alternatives=\"de\" data-language-to-translate-into=\"en\" data-phrase-index=\"0\" data-number-of-phrases=\"1\">Technische Spezifikation der Wetterstation<\/span><\/span><\/h2>\n<table class=\"table-striped\" border=\"1\">\n<tbody>\n<tr>\n<td>Modell<\/td>\n<td colspan=\"4\">HY-WDS6E<\/td>\n<\/tr>\n<tr>\n<td>Signal Ausgang<\/td>\n<td colspan=\"4\">RS232,RS485,SDI-12<\/td>\n<\/tr>\n<tr>\n<td>Sromspeisung<\/td>\n<td colspan=\"4\">DC\uff1a7-24V<\/td>\n<\/tr>\n<tr>\n<td>Data Ausgabe<\/td>\n<td colspan=\"4\">1 per second<\/td>\n<\/tr>\n<tr>\n<td>Verbrauch<\/td>\n<td colspan=\"4\">125mA@12V (ohne Heizung)<\/td>\n<\/tr>\n<tr>\n<td>Geh\u00e4usematerial<\/td>\n<td colspan=\"4\">ABS<\/td>\n<\/tr>\n<tr>\n<td>Communication Protocoll<\/td>\n<td colspan=\"4\">Modbus\u3001NMEA-0183\u3001SDI-12<\/td>\n<\/tr>\n<tr>\n<td>Dimension<\/td>\n<td colspan=\"4\">\u00d8144 * 248 mm<\/td>\n<\/tr>\n<tr>\n<td>Arbeitstemperatur<\/td>\n<td colspan=\"4\">-40\u2103 &#8211; +70\u2103<\/td>\n<\/tr>\n<tr>\n<td>Arbeitsfeuchte<\/td>\n<td colspan=\"4\">0 &#8211; 100%<\/td>\n<\/tr>\n<tr>\n<td><\/td>\n<td>Prinzip<\/td>\n<td>Bereich<\/td>\n<td>Genauigkeit<\/td>\n<td>Aufl\u00f6sung<\/td>\n<\/tr>\n<tr>\n<td>\u00a0Wind Geschwindigkeit<\/td>\n<td>Ultrasonic<\/td>\n<td>0-60m\/s<\/td>\n<td>\u00b12%<\/td>\n<td>0.01m\/s<\/td>\n<\/tr>\n<tr>\n<td>Wind Direktion<\/td>\n<td>Ultrasonic<\/td>\n<td>0-359\u00b0<\/td>\n<td>&lt;3\u00b0<\/td>\n<td>1\u00b0<\/td>\n<\/tr>\n<tr>\n<td>Luft Temperatur<\/td>\n<td>MEMS sensor<\/td>\n<td>-40\u2103\u00a0&#8211; +80\u2103<\/td>\n<td>\u00b10.5\u2103<\/td>\n<td>0.1\u2103<\/td>\n<\/tr>\n<tr>\n<td>Luft Feuchte<\/td>\n<td>MEMS sensor<\/td>\n<td>0-100%<\/td>\n<td>\u00b12\uff05<\/td>\n<td>0.1\uff05<\/td>\n<\/tr>\n<tr>\n<td>Luft Druck<\/td>\n<td>MEMS sensor<\/td>\n<td>150-1100hPa<\/td>\n<td>\u00b11 hPa<\/td>\n<td>0.1hPa<\/td>\n<\/tr>\n<tr>\n<td>Niederschlag<\/p>\n<p>(Typ:<span class=\"VIiyi\" lang=\"de\"><span class=\"JLqJ4b ChMk0b\" data-language-for-alternatives=\"de\" data-language-to-translate-into=\"fr\" data-phrase-index=\"0\">Regen \/ Hagel \/ Schnee;<\/span> <span class=\"JLqJ4b ChMk0b\" data-language-for-alternatives=\"de\" data-language-to-translate-into=\"fr\" data-phrase-index=\"1\">Intensit\u00e4t: Regen<\/span><\/span> )<\/td>\n<td>Radar<\/td>\n<td>0-100mm\/hr<\/td>\n<td>\u00b110%<\/td>\n<td>0.01mm<\/td>\n<\/tr>\n<tr>\n<td>Luminance<\/td>\n<td>\u00a0Silicon<\/td>\n<td>0-200000\u00a0lux<\/td>\n<td>\u00b15%<\/td>\n<td>1 Lux<\/td>\n<\/tr>\n<tr>\n<td>Sonnen Strahlung<\/td>\n<td>\u00a0Silicon<\/td>\n<td>0-2000\u00a0W\/m2<\/td>\n<td>\u00b15%<\/td>\n<td>1 W\/m2<\/td>\n<\/tr>\n<tr>\n<td>UV<\/td>\n<td>Silicon<\/td>\n<td>0-2000\u00a0W\/m2<\/td>\n<td>\u00b15%<\/td>\n<td>1 W\/m2<\/td>\n<\/tr>\n<tr>\n<td>UV Index<\/td>\n<td>Silicon<\/td>\n<td>0-15<\/td>\n<td>\u00b15%<\/td>\n<td>1<\/td>\n<\/tr>\n<tr>\n<td>PM1.0\/PM2.5\/PM10<\/td>\n<td>Laser scattering<\/td>\n<td>0-500ug\/m3<\/td>\n<td>\u00b110%<\/td>\n<td>1 ug\/m3<\/td>\n<\/tr>\n<tr>\n<td>H\u00f6he<\/td>\n<td>MEMS sensor<\/td>\n<td>-50-9000m<\/td>\n<td>\u00b15\uff05<\/td>\n<td>1m<\/td>\n<\/tr>\n<\/tbody>\n<\/table>\n","protected":false},"excerpt":{"rendered":"<p>Komplette Wettersation (Temperatur, Druck, Feuchte, Strahlung, Niederschlag, Wind)<\/p>\n","protected":false},"featured_media":22302,"template":"","meta":{"_crdt_document":""},"product_brand":[],"product_cat":[233],"product_tag":[],"class_list":{"0":"post-22295","1":"product","2":"type-product","3":"status-publish","4":"has-post-thumbnail","6":"product_cat-wetter","8":"first","9":"instock","10":"taxable","11":"shipping-taxable","12":"product-type-simple"},"yoast_head":"<!-- This site is optimized with the Yoast SEO plugin v27.3 - https:\/\/yoast.com\/product\/yoast-seo-wordpress\/ -->\n<title>Wetterstation HY-WDS6E - Sysmatec<\/title>\n<meta name=\"description\" content=\"Wetterstation zur Messung von Lufttemperatur, Luftfeuchte, Windgeschwindigkeit, Windrichtung, Luftdruck und Niederschlag.\" \/>\n<meta name=\"robots\" content=\"index, follow, max-snippet:-1, max-image-preview:large, max-video-preview:-1\" \/>\n<link rel=\"canonical\" href=\"https:\/\/sysmatec.ch\/de\/produit\/weather-station-hy-wds6e\/\" \/>\n<meta property=\"og:locale\" content=\"de_DE\" \/>\n<meta property=\"og:type\" content=\"article\" \/>\n<meta property=\"og:title\" content=\"Wetterstation HY-WDS6E - Sysmatec\" \/>\n<meta property=\"og:description\" content=\"Wetterstation zur Messung von Lufttemperatur, Luftfeuchte, Windgeschwindigkeit, Windrichtung, Luftdruck und Niederschlag.\" \/>\n<meta property=\"og:url\" content=\"https:\/\/sysmatec.ch\/de\/produit\/weather-station-hy-wds6e\/\" \/>\n<meta property=\"og:site_name\" content=\"Sysmatec\" \/>\n<meta property=\"article:modified_time\" content=\"2021-11-27T17:37:45+00:00\" \/>\n<meta property=\"og:image\" content=\"https:\/\/sysmatec.ch\/wp-content\/uploads\/2021\/02\/StationMeteo_HYWDS6E.jpg\" \/>\n\t<meta property=\"og:image:width\" content=\"775\" \/>\n\t<meta property=\"og:image:height\" content=\"537\" \/>\n\t<meta property=\"og:image:type\" content=\"image\/jpeg\" \/>\n<meta name=\"twitter:card\" content=\"summary_large_image\" \/>\n<meta name=\"twitter:label1\" content=\"Gesch\u00e4tzte Lesezeit\" \/>\n\t<meta name=\"twitter:data1\" content=\"2\u00a0Minuten\" \/>\n<script type=\"application\/ld+json\" class=\"yoast-schema-graph\">{\"@context\":\"https:\\\/\\\/schema.org\",\"@graph\":[{\"@type\":\"WebPage\",\"@id\":\"https:\\\/\\\/sysmatec.ch\\\/de\\\/produit\\\/weather-station-hy-wds6e\\\/\",\"url\":\"https:\\\/\\\/sysmatec.ch\\\/de\\\/produit\\\/weather-station-hy-wds6e\\\/\",\"name\":\"Wetterstation HY-WDS6E - Sysmatec\",\"isPartOf\":{\"@id\":\"https:\\\/\\\/sysmatec.ch\\\/de\\\/#website\"},\"primaryImageOfPage\":{\"@id\":\"https:\\\/\\\/sysmatec.ch\\\/de\\\/produit\\\/weather-station-hy-wds6e\\\/#primaryimage\"},\"image\":{\"@id\":\"https:\\\/\\\/sysmatec.ch\\\/de\\\/produit\\\/weather-station-hy-wds6e\\\/#primaryimage\"},\"thumbnailUrl\":\"https:\\\/\\\/sysmatec.ch\\\/wp-content\\\/uploads\\\/2021\\\/02\\\/StationMeteo_HYWDS6E.jpg\",\"datePublished\":\"2021-02-27T19:47:46+00:00\",\"dateModified\":\"2021-11-27T17:37:45+00:00\",\"description\":\"Wetterstation zur Messung von Lufttemperatur, Luftfeuchte, Windgeschwindigkeit, Windrichtung, Luftdruck und Niederschlag.\",\"breadcrumb\":{\"@id\":\"https:\\\/\\\/sysmatec.ch\\\/de\\\/produit\\\/weather-station-hy-wds6e\\\/#breadcrumb\"},\"inLanguage\":\"de\",\"potentialAction\":[{\"@type\":\"ReadAction\",\"target\":[\"https:\\\/\\\/sysmatec.ch\\\/de\\\/produit\\\/weather-station-hy-wds6e\\\/\"]}]},{\"@type\":\"ImageObject\",\"inLanguage\":\"de\",\"@id\":\"https:\\\/\\\/sysmatec.ch\\\/de\\\/produit\\\/weather-station-hy-wds6e\\\/#primaryimage\",\"url\":\"https:\\\/\\\/sysmatec.ch\\\/wp-content\\\/uploads\\\/2021\\\/02\\\/StationMeteo_HYWDS6E.jpg\",\"contentUrl\":\"https:\\\/\\\/sysmatec.ch\\\/wp-content\\\/uploads\\\/2021\\\/02\\\/StationMeteo_HYWDS6E.jpg\",\"width\":775,\"height\":537},{\"@type\":\"BreadcrumbList\",\"@id\":\"https:\\\/\\\/sysmatec.ch\\\/de\\\/produit\\\/weather-station-hy-wds6e\\\/#breadcrumb\",\"itemListElement\":[{\"@type\":\"ListItem\",\"position\":1,\"name\":\"Accueil\",\"item\":\"https:\\\/\\\/sysmatec.ch\\\/de\\\/\"},{\"@type\":\"ListItem\",\"position\":2,\"name\":\"Die Aktivit\u00e4t von Sysmatec\",\"item\":\"https:\\\/\\\/sysmatec.ch\\\/de\\\/\"},{\"@type\":\"ListItem\",\"position\":3,\"name\":\"Wetterstation HY-WDS6E\"}]},{\"@type\":\"WebSite\",\"@id\":\"https:\\\/\\\/sysmatec.ch\\\/de\\\/#website\",\"url\":\"https:\\\/\\\/sysmatec.ch\\\/de\\\/\",\"name\":\"Sysmatec\",\"description\":\"Equipement de laboratoire et logiciels\",\"publisher\":{\"@id\":\"https:\\\/\\\/sysmatec.ch\\\/de\\\/#organization\"},\"potentialAction\":[{\"@type\":\"SearchAction\",\"target\":{\"@type\":\"EntryPoint\",\"urlTemplate\":\"https:\\\/\\\/sysmatec.ch\\\/de\\\/?s={search_term_string}\"},\"query-input\":{\"@type\":\"PropertyValueSpecification\",\"valueRequired\":true,\"valueName\":\"search_term_string\"}}],\"inLanguage\":\"de\"},{\"@type\":\"Organization\",\"@id\":\"https:\\\/\\\/sysmatec.ch\\\/de\\\/#organization\",\"name\":\"Sysmatec\",\"url\":\"https:\\\/\\\/sysmatec.ch\\\/de\\\/\",\"logo\":{\"@type\":\"ImageObject\",\"inLanguage\":\"de\",\"@id\":\"https:\\\/\\\/sysmatec.ch\\\/de\\\/#\\\/schema\\\/logo\\\/image\\\/\",\"url\":\"https:\\\/\\\/sysmatec.ch\\\/wp-content\\\/uploads\\\/2018\\\/11\\\/LogoSysmatec.jpg\",\"contentUrl\":\"https:\\\/\\\/sysmatec.ch\\\/wp-content\\\/uploads\\\/2018\\\/11\\\/LogoSysmatec.jpg\",\"width\":301,\"height\":297,\"caption\":\"Sysmatec\"},\"image\":{\"@id\":\"https:\\\/\\\/sysmatec.ch\\\/de\\\/#\\\/schema\\\/logo\\\/image\\\/\"}}]}<\/script>\n<!-- \/ Yoast SEO plugin. -->","yoast_head_json":{"title":"Wetterstation HY-WDS6E - Sysmatec","description":"Wetterstation zur Messung von Lufttemperatur, Luftfeuchte, Windgeschwindigkeit, Windrichtung, Luftdruck und Niederschlag.","robots":{"index":"index","follow":"follow","max-snippet":"max-snippet:-1","max-image-preview":"max-image-preview:large","max-video-preview":"max-video-preview:-1"},"canonical":"https:\/\/sysmatec.ch\/de\/produit\/weather-station-hy-wds6e\/","og_locale":"de_DE","og_type":"article","og_title":"Wetterstation HY-WDS6E - Sysmatec","og_description":"Wetterstation zur Messung von Lufttemperatur, Luftfeuchte, Windgeschwindigkeit, Windrichtung, Luftdruck und Niederschlag.","og_url":"https:\/\/sysmatec.ch\/de\/produit\/weather-station-hy-wds6e\/","og_site_name":"Sysmatec","article_modified_time":"2021-11-27T17:37:45+00:00","og_image":[{"width":775,"height":537,"url":"https:\/\/sysmatec.ch\/wp-content\/uploads\/2021\/02\/StationMeteo_HYWDS6E.jpg","type":"image\/jpeg"}],"twitter_card":"summary_large_image","twitter_misc":{"Gesch\u00e4tzte Lesezeit":"2\u00a0Minuten"},"schema":{"@context":"https:\/\/schema.org","@graph":[{"@type":"WebPage","@id":"https:\/\/sysmatec.ch\/de\/produit\/weather-station-hy-wds6e\/","url":"https:\/\/sysmatec.ch\/de\/produit\/weather-station-hy-wds6e\/","name":"Wetterstation HY-WDS6E - Sysmatec","isPartOf":{"@id":"https:\/\/sysmatec.ch\/de\/#website"},"primaryImageOfPage":{"@id":"https:\/\/sysmatec.ch\/de\/produit\/weather-station-hy-wds6e\/#primaryimage"},"image":{"@id":"https:\/\/sysmatec.ch\/de\/produit\/weather-station-hy-wds6e\/#primaryimage"},"thumbnailUrl":"https:\/\/sysmatec.ch\/wp-content\/uploads\/2021\/02\/StationMeteo_HYWDS6E.jpg","datePublished":"2021-02-27T19:47:46+00:00","dateModified":"2021-11-27T17:37:45+00:00","description":"Wetterstation zur Messung von Lufttemperatur, Luftfeuchte, Windgeschwindigkeit, Windrichtung, Luftdruck und Niederschlag.","breadcrumb":{"@id":"https:\/\/sysmatec.ch\/de\/produit\/weather-station-hy-wds6e\/#breadcrumb"},"inLanguage":"de","potentialAction":[{"@type":"ReadAction","target":["https:\/\/sysmatec.ch\/de\/produit\/weather-station-hy-wds6e\/"]}]},{"@type":"ImageObject","inLanguage":"de","@id":"https:\/\/sysmatec.ch\/de\/produit\/weather-station-hy-wds6e\/#primaryimage","url":"https:\/\/sysmatec.ch\/wp-content\/uploads\/2021\/02\/StationMeteo_HYWDS6E.jpg","contentUrl":"https:\/\/sysmatec.ch\/wp-content\/uploads\/2021\/02\/StationMeteo_HYWDS6E.jpg","width":775,"height":537},{"@type":"BreadcrumbList","@id":"https:\/\/sysmatec.ch\/de\/produit\/weather-station-hy-wds6e\/#breadcrumb","itemListElement":[{"@type":"ListItem","position":1,"name":"Accueil","item":"https:\/\/sysmatec.ch\/de\/"},{"@type":"ListItem","position":2,"name":"Die Aktivit\u00e4t von Sysmatec","item":"https:\/\/sysmatec.ch\/de\/"},{"@type":"ListItem","position":3,"name":"Wetterstation HY-WDS6E"}]},{"@type":"WebSite","@id":"https:\/\/sysmatec.ch\/de\/#website","url":"https:\/\/sysmatec.ch\/de\/","name":"Sysmatec","description":"Equipement de laboratoire et logiciels","publisher":{"@id":"https:\/\/sysmatec.ch\/de\/#organization"},"potentialAction":[{"@type":"SearchAction","target":{"@type":"EntryPoint","urlTemplate":"https:\/\/sysmatec.ch\/de\/?s={search_term_string}"},"query-input":{"@type":"PropertyValueSpecification","valueRequired":true,"valueName":"search_term_string"}}],"inLanguage":"de"},{"@type":"Organization","@id":"https:\/\/sysmatec.ch\/de\/#organization","name":"Sysmatec","url":"https:\/\/sysmatec.ch\/de\/","logo":{"@type":"ImageObject","inLanguage":"de","@id":"https:\/\/sysmatec.ch\/de\/#\/schema\/logo\/image\/","url":"https:\/\/sysmatec.ch\/wp-content\/uploads\/2018\/11\/LogoSysmatec.jpg","contentUrl":"https:\/\/sysmatec.ch\/wp-content\/uploads\/2018\/11\/LogoSysmatec.jpg","width":301,"height":297,"caption":"Sysmatec"},"image":{"@id":"https:\/\/sysmatec.ch\/de\/#\/schema\/logo\/image\/"}}]}},"_links":{"self":[{"href":"https:\/\/sysmatec.ch\/de\/wp-json\/wp\/v2\/product\/22295","targetHints":{"allow":["GET"]}}],"collection":[{"href":"https:\/\/sysmatec.ch\/de\/wp-json\/wp\/v2\/product"}],"about":[{"href":"https:\/\/sysmatec.ch\/de\/wp-json\/wp\/v2\/types\/product"}],"wp:featuredmedia":[{"embeddable":true,"href":"https:\/\/sysmatec.ch\/de\/wp-json\/wp\/v2\/media\/22302"}],"wp:attachment":[{"href":"https:\/\/sysmatec.ch\/de\/wp-json\/wp\/v2\/media?parent=22295"}],"wp:term":[{"taxonomy":"product_brand","embeddable":true,"href":"https:\/\/sysmatec.ch\/de\/wp-json\/wp\/v2\/product_brand?post=22295"},{"taxonomy":"product_cat","embeddable":true,"href":"https:\/\/sysmatec.ch\/de\/wp-json\/wp\/v2\/product_cat?post=22295"},{"taxonomy":"product_tag","embeddable":true,"href":"https:\/\/sysmatec.ch\/de\/wp-json\/wp\/v2\/product_tag?post=22295"}],"curies":[{"name":"wp","href":"https:\/\/api.w.org\/{rel}","templated":true}]}}