{"id":2227,"date":"2019-01-12T20:46:26","date_gmt":"2019-01-12T19:46:26","guid":{"rendered":"https:\/\/sysmatec.ch\/produit\/entretien-des-dessiccateurs\/"},"modified":"2022-03-10T08:20:35","modified_gmt":"2022-03-10T07:20:35","slug":"reinigung-von-den-exsikkatoren","status":"publish","type":"product","link":"https:\/\/sysmatec.ch\/de\/Produkt\/reinigung-von-den-exsikkatoren\/","title":{"rendered":"Reinigung von den Exsikkatoren"},"content":{"rendered":"<p>Zum Abstauben und zur allgemeinen Reinigung sollten nur weiche T\u00fccher wie z. B. Schwammt\u00fccher ben\u00fctzt werden. Nicht empfohlen sind Scheuert\u00fccher und Scheuerschw\u00e4mme, Mikrofasert\u00fccher, Scheuermittel und l\u00f6sungsmittelhaltige Reiniger. Diese k\u00f6nnen die Scheiben verkratzen oder tr\u00fcben und somit dauerhaft besch\u00e4digen. Wasserspritzer, Fingerabdr\u00fccke oder \u00e4hnliche Verschmutzungen k\u00f6nnen Sie mit einem handels\u00fcblichen Glasreiniger entfernen.<\/p>\n<p>Da sich die Acrylglasscheiben der Exsikkatoren statisch aufladen und somit Staub aus der Umgebungsluft angezogen wird, k\u00f6nnen auch antistatisch wirkende Reiniger verwendet werden, um diesen Effekt zu minimieren.<\/p>\n<p>Neben den Scheiben sollte auch der Magnetverschluss der T\u00fcr regelm\u00e4\u00dfig gereinigt und die T\u00fcrdichtung auf Besch\u00e4digungen \u00fcberpr\u00fcft werden. Hierdurch k\u00f6nnen Sie sicherstellen, dass Ihr Exsikkator immer dicht verschlossen ist.<\/p>\n","protected":false},"excerpt":{"rendered":"<p>Reinigung von den Exsikkatoren<\/p>\n","protected":false},"featured_media":0,"template":"","meta":{"_crdt_document":""},"product_brand":[],"product_cat":[143],"product_tag":[],"class_list":{"0":"post-2227","1":"product","2":"type-product","3":"status-publish","5":"product_cat-exsikkator","7":"first","8":"instock","9":"taxable","10":"shipping-taxable","11":"product-type-simple"},"yoast_head":"<!-- This site is optimized with the Yoast SEO plugin v27.3 - https:\/\/yoast.com\/product\/yoast-seo-wordpress\/ -->\n<title>Reinigung von den Exsikkatoren - Sysmatec<\/title>\n<meta name=\"description\" content=\"Um den Exsikkator zu pflegen, stauben Sie ihn ab und reinigen Sie ihn mit einem weichen Tuch oder Frottee. Vermeiden Sie abrasive Materialien.\" \/>\n<meta name=\"robots\" content=\"index, follow, max-snippet:-1, max-image-preview:large, max-video-preview:-1\" \/>\n<link rel=\"canonical\" href=\"https:\/\/sysmatec.ch\/de\/produit\/reinigung-von-den-exsikkatoren\/\" \/>\n<meta property=\"og:locale\" content=\"de_DE\" \/>\n<meta property=\"og:type\" content=\"article\" \/>\n<meta property=\"og:title\" content=\"Reinigung von den Exsikkatoren - Sysmatec\" \/>\n<meta property=\"og:description\" content=\"Um den Exsikkator zu pflegen, stauben Sie ihn ab und reinigen Sie ihn mit einem weichen Tuch oder Frottee. Vermeiden Sie abrasive Materialien.\" \/>\n<meta property=\"og:url\" content=\"https:\/\/sysmatec.ch\/de\/produit\/reinigung-von-den-exsikkatoren\/\" \/>\n<meta property=\"og:site_name\" content=\"Sysmatec\" \/>\n<meta property=\"article:modified_time\" content=\"2022-03-10T07:20:35+00:00\" \/>\n<meta name=\"twitter:card\" content=\"summary_large_image\" \/>\n<meta name=\"twitter:label1\" content=\"Gesch\u00e4tzte Lesezeit\" \/>\n\t<meta name=\"twitter:data1\" content=\"1\u00a0Minute\" \/>\n<script type=\"application\/ld+json\" class=\"yoast-schema-graph\">{\"@context\":\"https:\\\/\\\/schema.org\",\"@graph\":[{\"@type\":\"WebPage\",\"@id\":\"https:\\\/\\\/sysmatec.ch\\\/de\\\/produit\\\/reinigung-von-den-exsikkatoren\\\/\",\"url\":\"https:\\\/\\\/sysmatec.ch\\\/de\\\/produit\\\/reinigung-von-den-exsikkatoren\\\/\",\"name\":\"Reinigung von den Exsikkatoren - Sysmatec\",\"isPartOf\":{\"@id\":\"https:\\\/\\\/sysmatec.ch\\\/de\\\/#website\"},\"datePublished\":\"2019-01-12T19:46:26+00:00\",\"dateModified\":\"2022-03-10T07:20:35+00:00\",\"description\":\"Um den Exsikkator zu pflegen, stauben Sie ihn ab und reinigen Sie ihn mit einem weichen Tuch oder Frottee. Vermeiden Sie abrasive Materialien.\",\"breadcrumb\":{\"@id\":\"https:\\\/\\\/sysmatec.ch\\\/de\\\/produit\\\/reinigung-von-den-exsikkatoren\\\/#breadcrumb\"},\"inLanguage\":\"de\",\"potentialAction\":[{\"@type\":\"ReadAction\",\"target\":[\"https:\\\/\\\/sysmatec.ch\\\/de\\\/produit\\\/reinigung-von-den-exsikkatoren\\\/\"]}]},{\"@type\":\"BreadcrumbList\",\"@id\":\"https:\\\/\\\/sysmatec.ch\\\/de\\\/produit\\\/reinigung-von-den-exsikkatoren\\\/#breadcrumb\",\"itemListElement\":[{\"@type\":\"ListItem\",\"position\":1,\"name\":\"Accueil\",\"item\":\"https:\\\/\\\/sysmatec.ch\\\/de\\\/\"},{\"@type\":\"ListItem\",\"position\":2,\"name\":\"Die Aktivit\u00e4t von Sysmatec\",\"item\":\"https:\\\/\\\/sysmatec.ch\\\/de\\\/\"},{\"@type\":\"ListItem\",\"position\":3,\"name\":\"Reinigung von den Exsikkatoren\"}]},{\"@type\":\"WebSite\",\"@id\":\"https:\\\/\\\/sysmatec.ch\\\/de\\\/#website\",\"url\":\"https:\\\/\\\/sysmatec.ch\\\/de\\\/\",\"name\":\"Sysmatec\",\"description\":\"Equipement de laboratoire et logiciels\",\"publisher\":{\"@id\":\"https:\\\/\\\/sysmatec.ch\\\/de\\\/#organization\"},\"potentialAction\":[{\"@type\":\"SearchAction\",\"target\":{\"@type\":\"EntryPoint\",\"urlTemplate\":\"https:\\\/\\\/sysmatec.ch\\\/de\\\/?s={search_term_string}\"},\"query-input\":{\"@type\":\"PropertyValueSpecification\",\"valueRequired\":true,\"valueName\":\"search_term_string\"}}],\"inLanguage\":\"de\"},{\"@type\":\"Organization\",\"@id\":\"https:\\\/\\\/sysmatec.ch\\\/de\\\/#organization\",\"name\":\"Sysmatec\",\"url\":\"https:\\\/\\\/sysmatec.ch\\\/de\\\/\",\"logo\":{\"@type\":\"ImageObject\",\"inLanguage\":\"de\",\"@id\":\"https:\\\/\\\/sysmatec.ch\\\/de\\\/#\\\/schema\\\/logo\\\/image\\\/\",\"url\":\"https:\\\/\\\/sysmatec.ch\\\/wp-content\\\/uploads\\\/2018\\\/11\\\/LogoSysmatec.jpg\",\"contentUrl\":\"https:\\\/\\\/sysmatec.ch\\\/wp-content\\\/uploads\\\/2018\\\/11\\\/LogoSysmatec.jpg\",\"width\":301,\"height\":297,\"caption\":\"Sysmatec\"},\"image\":{\"@id\":\"https:\\\/\\\/sysmatec.ch\\\/de\\\/#\\\/schema\\\/logo\\\/image\\\/\"}}]}<\/script>\n<!-- \/ Yoast SEO plugin. -->","yoast_head_json":{"title":"Reinigung von den Exsikkatoren - Sysmatec","description":"Um den Exsikkator zu pflegen, stauben Sie ihn ab und reinigen Sie ihn mit einem weichen Tuch oder Frottee. Vermeiden Sie abrasive Materialien.","robots":{"index":"index","follow":"follow","max-snippet":"max-snippet:-1","max-image-preview":"max-image-preview:large","max-video-preview":"max-video-preview:-1"},"canonical":"https:\/\/sysmatec.ch\/de\/produit\/reinigung-von-den-exsikkatoren\/","og_locale":"de_DE","og_type":"article","og_title":"Reinigung von den Exsikkatoren - Sysmatec","og_description":"Um den Exsikkator zu pflegen, stauben Sie ihn ab und reinigen Sie ihn mit einem weichen Tuch oder Frottee. Vermeiden Sie abrasive Materialien.","og_url":"https:\/\/sysmatec.ch\/de\/produit\/reinigung-von-den-exsikkatoren\/","og_site_name":"Sysmatec","article_modified_time":"2022-03-10T07:20:35+00:00","twitter_card":"summary_large_image","twitter_misc":{"Gesch\u00e4tzte Lesezeit":"1\u00a0Minute"},"schema":{"@context":"https:\/\/schema.org","@graph":[{"@type":"WebPage","@id":"https:\/\/sysmatec.ch\/de\/produit\/reinigung-von-den-exsikkatoren\/","url":"https:\/\/sysmatec.ch\/de\/produit\/reinigung-von-den-exsikkatoren\/","name":"Reinigung von den Exsikkatoren - Sysmatec","isPartOf":{"@id":"https:\/\/sysmatec.ch\/de\/#website"},"datePublished":"2019-01-12T19:46:26+00:00","dateModified":"2022-03-10T07:20:35+00:00","description":"Um den Exsikkator zu pflegen, stauben Sie ihn ab und reinigen Sie ihn mit einem weichen Tuch oder Frottee. Vermeiden Sie abrasive Materialien.","breadcrumb":{"@id":"https:\/\/sysmatec.ch\/de\/produit\/reinigung-von-den-exsikkatoren\/#breadcrumb"},"inLanguage":"de","potentialAction":[{"@type":"ReadAction","target":["https:\/\/sysmatec.ch\/de\/produit\/reinigung-von-den-exsikkatoren\/"]}]},{"@type":"BreadcrumbList","@id":"https:\/\/sysmatec.ch\/de\/produit\/reinigung-von-den-exsikkatoren\/#breadcrumb","itemListElement":[{"@type":"ListItem","position":1,"name":"Accueil","item":"https:\/\/sysmatec.ch\/de\/"},{"@type":"ListItem","position":2,"name":"Die Aktivit\u00e4t von Sysmatec","item":"https:\/\/sysmatec.ch\/de\/"},{"@type":"ListItem","position":3,"name":"Reinigung von den Exsikkatoren"}]},{"@type":"WebSite","@id":"https:\/\/sysmatec.ch\/de\/#website","url":"https:\/\/sysmatec.ch\/de\/","name":"Sysmatec","description":"Equipement de laboratoire et logiciels","publisher":{"@id":"https:\/\/sysmatec.ch\/de\/#organization"},"potentialAction":[{"@type":"SearchAction","target":{"@type":"EntryPoint","urlTemplate":"https:\/\/sysmatec.ch\/de\/?s={search_term_string}"},"query-input":{"@type":"PropertyValueSpecification","valueRequired":true,"valueName":"search_term_string"}}],"inLanguage":"de"},{"@type":"Organization","@id":"https:\/\/sysmatec.ch\/de\/#organization","name":"Sysmatec","url":"https:\/\/sysmatec.ch\/de\/","logo":{"@type":"ImageObject","inLanguage":"de","@id":"https:\/\/sysmatec.ch\/de\/#\/schema\/logo\/image\/","url":"https:\/\/sysmatec.ch\/wp-content\/uploads\/2018\/11\/LogoSysmatec.jpg","contentUrl":"https:\/\/sysmatec.ch\/wp-content\/uploads\/2018\/11\/LogoSysmatec.jpg","width":301,"height":297,"caption":"Sysmatec"},"image":{"@id":"https:\/\/sysmatec.ch\/de\/#\/schema\/logo\/image\/"}}]}},"_links":{"self":[{"href":"https:\/\/sysmatec.ch\/de\/wp-json\/wp\/v2\/product\/2227","targetHints":{"allow":["GET"]}}],"collection":[{"href":"https:\/\/sysmatec.ch\/de\/wp-json\/wp\/v2\/product"}],"about":[{"href":"https:\/\/sysmatec.ch\/de\/wp-json\/wp\/v2\/types\/product"}],"wp:attachment":[{"href":"https:\/\/sysmatec.ch\/de\/wp-json\/wp\/v2\/media?parent=2227"}],"wp:term":[{"taxonomy":"product_brand","embeddable":true,"href":"https:\/\/sysmatec.ch\/de\/wp-json\/wp\/v2\/product_brand?post=2227"},{"taxonomy":"product_cat","embeddable":true,"href":"https:\/\/sysmatec.ch\/de\/wp-json\/wp\/v2\/product_cat?post=2227"},{"taxonomy":"product_tag","embeddable":true,"href":"https:\/\/sysmatec.ch\/de\/wp-json\/wp\/v2\/product_tag?post=2227"}],"curies":[{"name":"wp","href":"https:\/\/api.w.org\/{rel}","templated":true}]}}