{"id":2223,"date":"2019-01-12T21:05:35","date_gmt":"2019-01-12T20:05:35","guid":{"rendered":"https:\/\/sysmatec.ch\/produit\/boite-a-gants-avec-sas-vitrum-v1986-08\/"},"modified":"2022-03-10T08:08:59","modified_gmt":"2022-03-10T07:08:59","slug":"handschuhbox-vitrum-mit-schleuse-v1986-08","status":"publish","type":"product","link":"https:\/\/sysmatec.ch\/de\/Produkt\/handschuhbox-vitrum-mit-schleuse-v1986-08\/","title":{"rendered":"Handschuhbox Vitrum mit Schleuse V1986-08"},"content":{"rendered":"<ul>\n<li>Aluminiumrahmen mit Scheiben aus Borosilikatglas 3.3, Frontseite mit Eingriffs\u00f6ffnungen, Seitenwand rechts und Unterseite Boden aus Aluminium, Boden im Arbeitsraum aus Edelstahl, inklusive Schlauch (L = 2x 5 m) und vier Schnellkupplungen zur Begasung von Arbeitsraum und Schleuse, ein Paar Handschuhe Gr\u00f6\u00dfe 9 aus Naturkautschuk, zwei Kabeldurchf\u00fchrungen auf der R\u00fcckseite (rechts \/ links oben).<\/li>\n<li>Schleuse mit zwei T\u00fcren, Au\u00dfent\u00fcr mit Riegel um versehentliches \u00d6ffnen zu vermeiden. Tablett mit Aluminiumboden ragt bei T\u00fcr\u00f6ffnung in den Arbeitsraum zur einfachen Entnahme eingebrachter Produkte. Der Klappdeckel wird mittels zwei seitlichen Gasdruckfedern bei \u00d6ffnung in aufrechter Position sicher gehalten.<\/li>\n<li>Die sorgf\u00e4ltig ausgew\u00e4hlten Materialien dieser Handschuhbox erlauben Ihnen das Arbeiten mit L\u00f6sungsmitteln und das Arbeiten mit hei\u00dfen Medien.<\/li>\n<li>Bedingungen: -20\u00b0C bis +120\u00b0C, Normaldruck<\/li>\n<\/ul>\n","protected":false},"excerpt":{"rendered":"<p>Handschuhbox mit Schleuse.<\/p>\n","protected":false},"featured_media":1253,"template":"","meta":{"_crdt_document":""},"product_brand":[],"product_cat":[141],"product_tag":[],"class_list":{"0":"post-2223","1":"product","2":"type-product","3":"status-publish","4":"has-post-thumbnail","6":"product_cat-handschuhebox","8":"first","9":"instock","10":"taxable","11":"shipping-taxable","12":"product-type-simple"},"yoast_head":"<!-- This site is optimized with the Yoast SEO plugin v27.3 - https:\/\/yoast.com\/product\/yoast-seo-wordpress\/ -->\n<title>Handschuhbox Vitrum mit Schleuse V1986-08 - Sysmatec<\/title>\n<meta name=\"description\" content=\"Handschuhbox mit Glas- und Aluminiumschleuse. Es hat 2 Schlitze f\u00fcr Handschuhe. Die Luftschleuse hat eine Au\u00dfent\u00fcr und eine Innent\u00fcr.\" \/>\n<meta name=\"robots\" content=\"index, follow, max-snippet:-1, max-image-preview:large, max-video-preview:-1\" \/>\n<link rel=\"canonical\" href=\"https:\/\/sysmatec.ch\/de\/produit\/handschuhbox-vitrum-mit-schleuse-v1986-08\/\" \/>\n<meta property=\"og:locale\" content=\"de_DE\" \/>\n<meta property=\"og:type\" content=\"article\" \/>\n<meta property=\"og:title\" content=\"Handschuhbox Vitrum mit Schleuse V1986-08 - Sysmatec\" \/>\n<meta property=\"og:description\" content=\"Handschuhbox mit Glas- und Aluminiumschleuse. Es hat 2 Schlitze f\u00fcr Handschuhe. Die Luftschleuse hat eine Au\u00dfent\u00fcr und eine Innent\u00fcr.\" \/>\n<meta property=\"og:url\" content=\"https:\/\/sysmatec.ch\/de\/produit\/handschuhbox-vitrum-mit-schleuse-v1986-08\/\" \/>\n<meta property=\"og:site_name\" content=\"Sysmatec\" \/>\n<meta property=\"article:modified_time\" content=\"2022-03-10T07:08:59+00:00\" \/>\n<meta property=\"og:image\" content=\"https:\/\/sysmatec.ch\/wp-content\/uploads\/2019\/01\/Boite-a-gants_BolaV1986-08.jpg\" \/>\n\t<meta property=\"og:image:width\" content=\"191\" \/>\n\t<meta property=\"og:image:height\" content=\"144\" \/>\n\t<meta property=\"og:image:type\" content=\"image\/jpeg\" \/>\n<meta name=\"twitter:card\" content=\"summary_large_image\" \/>\n<meta name=\"twitter:label1\" content=\"Gesch\u00e4tzte Lesezeit\" \/>\n\t<meta name=\"twitter:data1\" content=\"1\u00a0Minute\" \/>\n<script type=\"application\/ld+json\" class=\"yoast-schema-graph\">{\"@context\":\"https:\\\/\\\/schema.org\",\"@graph\":[{\"@type\":\"WebPage\",\"@id\":\"https:\\\/\\\/sysmatec.ch\\\/de\\\/produit\\\/handschuhbox-vitrum-mit-schleuse-v1986-08\\\/\",\"url\":\"https:\\\/\\\/sysmatec.ch\\\/de\\\/produit\\\/handschuhbox-vitrum-mit-schleuse-v1986-08\\\/\",\"name\":\"Handschuhbox Vitrum mit Schleuse V1986-08 - Sysmatec\",\"isPartOf\":{\"@id\":\"https:\\\/\\\/sysmatec.ch\\\/de\\\/#website\"},\"primaryImageOfPage\":{\"@id\":\"https:\\\/\\\/sysmatec.ch\\\/de\\\/produit\\\/handschuhbox-vitrum-mit-schleuse-v1986-08\\\/#primaryimage\"},\"image\":{\"@id\":\"https:\\\/\\\/sysmatec.ch\\\/de\\\/produit\\\/handschuhbox-vitrum-mit-schleuse-v1986-08\\\/#primaryimage\"},\"thumbnailUrl\":\"https:\\\/\\\/sysmatec.ch\\\/wp-content\\\/uploads\\\/2019\\\/01\\\/Boite-a-gants_BolaV1986-08.jpg\",\"datePublished\":\"2019-01-12T20:05:35+00:00\",\"dateModified\":\"2022-03-10T07:08:59+00:00\",\"description\":\"Handschuhbox mit Glas- und Aluminiumschleuse. Es hat 2 Schlitze f\u00fcr Handschuhe. Die Luftschleuse hat eine Au\u00dfent\u00fcr und eine Innent\u00fcr.\",\"breadcrumb\":{\"@id\":\"https:\\\/\\\/sysmatec.ch\\\/de\\\/produit\\\/handschuhbox-vitrum-mit-schleuse-v1986-08\\\/#breadcrumb\"},\"inLanguage\":\"de\",\"potentialAction\":[{\"@type\":\"ReadAction\",\"target\":[\"https:\\\/\\\/sysmatec.ch\\\/de\\\/produit\\\/handschuhbox-vitrum-mit-schleuse-v1986-08\\\/\"]}]},{\"@type\":\"ImageObject\",\"inLanguage\":\"de\",\"@id\":\"https:\\\/\\\/sysmatec.ch\\\/de\\\/produit\\\/handschuhbox-vitrum-mit-schleuse-v1986-08\\\/#primaryimage\",\"url\":\"https:\\\/\\\/sysmatec.ch\\\/wp-content\\\/uploads\\\/2019\\\/01\\\/Boite-a-gants_BolaV1986-08.jpg\",\"contentUrl\":\"https:\\\/\\\/sysmatec.ch\\\/wp-content\\\/uploads\\\/2019\\\/01\\\/Boite-a-gants_BolaV1986-08.jpg\",\"width\":191,\"height\":144},{\"@type\":\"BreadcrumbList\",\"@id\":\"https:\\\/\\\/sysmatec.ch\\\/de\\\/produit\\\/handschuhbox-vitrum-mit-schleuse-v1986-08\\\/#breadcrumb\",\"itemListElement\":[{\"@type\":\"ListItem\",\"position\":1,\"name\":\"Accueil\",\"item\":\"https:\\\/\\\/sysmatec.ch\\\/de\\\/\"},{\"@type\":\"ListItem\",\"position\":2,\"name\":\"Die Aktivit\u00e4t von Sysmatec\",\"item\":\"https:\\\/\\\/sysmatec.ch\\\/de\\\/\"},{\"@type\":\"ListItem\",\"position\":3,\"name\":\"Handschuhbox Vitrum mit Schleuse V1986-08\"}]},{\"@type\":\"WebSite\",\"@id\":\"https:\\\/\\\/sysmatec.ch\\\/de\\\/#website\",\"url\":\"https:\\\/\\\/sysmatec.ch\\\/de\\\/\",\"name\":\"Sysmatec\",\"description\":\"Equipement de laboratoire et logiciels\",\"publisher\":{\"@id\":\"https:\\\/\\\/sysmatec.ch\\\/de\\\/#organization\"},\"potentialAction\":[{\"@type\":\"SearchAction\",\"target\":{\"@type\":\"EntryPoint\",\"urlTemplate\":\"https:\\\/\\\/sysmatec.ch\\\/de\\\/?s={search_term_string}\"},\"query-input\":{\"@type\":\"PropertyValueSpecification\",\"valueRequired\":true,\"valueName\":\"search_term_string\"}}],\"inLanguage\":\"de\"},{\"@type\":\"Organization\",\"@id\":\"https:\\\/\\\/sysmatec.ch\\\/de\\\/#organization\",\"name\":\"Sysmatec\",\"url\":\"https:\\\/\\\/sysmatec.ch\\\/de\\\/\",\"logo\":{\"@type\":\"ImageObject\",\"inLanguage\":\"de\",\"@id\":\"https:\\\/\\\/sysmatec.ch\\\/de\\\/#\\\/schema\\\/logo\\\/image\\\/\",\"url\":\"https:\\\/\\\/sysmatec.ch\\\/wp-content\\\/uploads\\\/2018\\\/11\\\/LogoSysmatec.jpg\",\"contentUrl\":\"https:\\\/\\\/sysmatec.ch\\\/wp-content\\\/uploads\\\/2018\\\/11\\\/LogoSysmatec.jpg\",\"width\":301,\"height\":297,\"caption\":\"Sysmatec\"},\"image\":{\"@id\":\"https:\\\/\\\/sysmatec.ch\\\/de\\\/#\\\/schema\\\/logo\\\/image\\\/\"}}]}<\/script>\n<!-- \/ Yoast SEO plugin. -->","yoast_head_json":{"title":"Handschuhbox Vitrum mit Schleuse V1986-08 - Sysmatec","description":"Handschuhbox mit Glas- und Aluminiumschleuse. Es hat 2 Schlitze f\u00fcr Handschuhe. Die Luftschleuse hat eine Au\u00dfent\u00fcr und eine Innent\u00fcr.","robots":{"index":"index","follow":"follow","max-snippet":"max-snippet:-1","max-image-preview":"max-image-preview:large","max-video-preview":"max-video-preview:-1"},"canonical":"https:\/\/sysmatec.ch\/de\/produit\/handschuhbox-vitrum-mit-schleuse-v1986-08\/","og_locale":"de_DE","og_type":"article","og_title":"Handschuhbox Vitrum mit Schleuse V1986-08 - Sysmatec","og_description":"Handschuhbox mit Glas- und Aluminiumschleuse. Es hat 2 Schlitze f\u00fcr Handschuhe. Die Luftschleuse hat eine Au\u00dfent\u00fcr und eine Innent\u00fcr.","og_url":"https:\/\/sysmatec.ch\/de\/produit\/handschuhbox-vitrum-mit-schleuse-v1986-08\/","og_site_name":"Sysmatec","article_modified_time":"2022-03-10T07:08:59+00:00","og_image":[{"width":191,"height":144,"url":"https:\/\/sysmatec.ch\/wp-content\/uploads\/2019\/01\/Boite-a-gants_BolaV1986-08.jpg","type":"image\/jpeg"}],"twitter_card":"summary_large_image","twitter_misc":{"Gesch\u00e4tzte Lesezeit":"1\u00a0Minute"},"schema":{"@context":"https:\/\/schema.org","@graph":[{"@type":"WebPage","@id":"https:\/\/sysmatec.ch\/de\/produit\/handschuhbox-vitrum-mit-schleuse-v1986-08\/","url":"https:\/\/sysmatec.ch\/de\/produit\/handschuhbox-vitrum-mit-schleuse-v1986-08\/","name":"Handschuhbox Vitrum mit Schleuse V1986-08 - Sysmatec","isPartOf":{"@id":"https:\/\/sysmatec.ch\/de\/#website"},"primaryImageOfPage":{"@id":"https:\/\/sysmatec.ch\/de\/produit\/handschuhbox-vitrum-mit-schleuse-v1986-08\/#primaryimage"},"image":{"@id":"https:\/\/sysmatec.ch\/de\/produit\/handschuhbox-vitrum-mit-schleuse-v1986-08\/#primaryimage"},"thumbnailUrl":"https:\/\/sysmatec.ch\/wp-content\/uploads\/2019\/01\/Boite-a-gants_BolaV1986-08.jpg","datePublished":"2019-01-12T20:05:35+00:00","dateModified":"2022-03-10T07:08:59+00:00","description":"Handschuhbox mit Glas- und Aluminiumschleuse. Es hat 2 Schlitze f\u00fcr Handschuhe. Die Luftschleuse hat eine Au\u00dfent\u00fcr und eine Innent\u00fcr.","breadcrumb":{"@id":"https:\/\/sysmatec.ch\/de\/produit\/handschuhbox-vitrum-mit-schleuse-v1986-08\/#breadcrumb"},"inLanguage":"de","potentialAction":[{"@type":"ReadAction","target":["https:\/\/sysmatec.ch\/de\/produit\/handschuhbox-vitrum-mit-schleuse-v1986-08\/"]}]},{"@type":"ImageObject","inLanguage":"de","@id":"https:\/\/sysmatec.ch\/de\/produit\/handschuhbox-vitrum-mit-schleuse-v1986-08\/#primaryimage","url":"https:\/\/sysmatec.ch\/wp-content\/uploads\/2019\/01\/Boite-a-gants_BolaV1986-08.jpg","contentUrl":"https:\/\/sysmatec.ch\/wp-content\/uploads\/2019\/01\/Boite-a-gants_BolaV1986-08.jpg","width":191,"height":144},{"@type":"BreadcrumbList","@id":"https:\/\/sysmatec.ch\/de\/produit\/handschuhbox-vitrum-mit-schleuse-v1986-08\/#breadcrumb","itemListElement":[{"@type":"ListItem","position":1,"name":"Accueil","item":"https:\/\/sysmatec.ch\/de\/"},{"@type":"ListItem","position":2,"name":"Die Aktivit\u00e4t von Sysmatec","item":"https:\/\/sysmatec.ch\/de\/"},{"@type":"ListItem","position":3,"name":"Handschuhbox Vitrum mit Schleuse V1986-08"}]},{"@type":"WebSite","@id":"https:\/\/sysmatec.ch\/de\/#website","url":"https:\/\/sysmatec.ch\/de\/","name":"Sysmatec","description":"Equipement de laboratoire et logiciels","publisher":{"@id":"https:\/\/sysmatec.ch\/de\/#organization"},"potentialAction":[{"@type":"SearchAction","target":{"@type":"EntryPoint","urlTemplate":"https:\/\/sysmatec.ch\/de\/?s={search_term_string}"},"query-input":{"@type":"PropertyValueSpecification","valueRequired":true,"valueName":"search_term_string"}}],"inLanguage":"de"},{"@type":"Organization","@id":"https:\/\/sysmatec.ch\/de\/#organization","name":"Sysmatec","url":"https:\/\/sysmatec.ch\/de\/","logo":{"@type":"ImageObject","inLanguage":"de","@id":"https:\/\/sysmatec.ch\/de\/#\/schema\/logo\/image\/","url":"https:\/\/sysmatec.ch\/wp-content\/uploads\/2018\/11\/LogoSysmatec.jpg","contentUrl":"https:\/\/sysmatec.ch\/wp-content\/uploads\/2018\/11\/LogoSysmatec.jpg","width":301,"height":297,"caption":"Sysmatec"},"image":{"@id":"https:\/\/sysmatec.ch\/de\/#\/schema\/logo\/image\/"}}]}},"_links":{"self":[{"href":"https:\/\/sysmatec.ch\/de\/wp-json\/wp\/v2\/product\/2223","targetHints":{"allow":["GET"]}}],"collection":[{"href":"https:\/\/sysmatec.ch\/de\/wp-json\/wp\/v2\/product"}],"about":[{"href":"https:\/\/sysmatec.ch\/de\/wp-json\/wp\/v2\/types\/product"}],"wp:featuredmedia":[{"embeddable":true,"href":"https:\/\/sysmatec.ch\/de\/wp-json\/wp\/v2\/media\/1253"}],"wp:attachment":[{"href":"https:\/\/sysmatec.ch\/de\/wp-json\/wp\/v2\/media?parent=2223"}],"wp:term":[{"taxonomy":"product_brand","embeddable":true,"href":"https:\/\/sysmatec.ch\/de\/wp-json\/wp\/v2\/product_brand?post=2223"},{"taxonomy":"product_cat","embeddable":true,"href":"https:\/\/sysmatec.ch\/de\/wp-json\/wp\/v2\/product_cat?post=2223"},{"taxonomy":"product_tag","embeddable":true,"href":"https:\/\/sysmatec.ch\/de\/wp-json\/wp\/v2\/product_tag?post=2223"}],"curies":[{"name":"wp","href":"https:\/\/api.w.org\/{rel}","templated":true}]}}