{"id":2221,"date":"2019-01-12T21:07:03","date_gmt":"2019-01-12T20:07:03","guid":{"rendered":"https:\/\/sysmatec.ch\/produit\/boite-a-gants-avec-sas-pmma-pe-v1750-08\/"},"modified":"2022-03-09T20:55:47","modified_gmt":"2022-03-09T19:55:47","slug":"handschuhbox-trio-mit-schleuse-pmma-pe-v1750-08","status":"publish","type":"product","link":"https:\/\/sysmatec.ch\/de\/Produkt\/handschuhbox-trio-mit-schleuse-pmma-pe-v1750-08\/","title":{"rendered":"Handschuhbox Trio mit Schleuse, PMMA\/PE, V1750-08"},"content":{"rendered":"<p>Aluminiumrahmen mit Scheiben aus Acrylglas, Boden aus Polyethylen. Frontseite mit drei Eingriffs\u00f6ffnungen und zwei Paar Handschuhen Gr\u00f6\u00dfe 9 aus Naturkautschuk, drei Kabeldurchf\u00fchrungen auf der R\u00fcckseite (rechts \/ Mitte \/ links oben).<\/p>\n<p>Schleuse (rechts) mit zwei T\u00fcren, Au\u00dfent\u00fcr mit Riegel um versehentliches \u00d6ffnen zu vermeiden. Tablett ragt bei T\u00fcr\u00f6ffnung in den Arbeitsraum zur einfachen Entnahme eingebrachter Produkte. Arbeitsraum und Schleuse inklusive je zwei Schlauch-Anschl\u00fcssen zur Begasung und Bel\u00fcftung sowie passenden Schl\u00e4uchen (2x 5 m Begasungsschlauch aus PVC und 2x 5 m Bel\u00fcftungsschlauch aus PE).<\/p>\n<ul>\n<li type=\"disc\">Au\u00dfenma\u00dfe gesamt B x H x T in mm: 1590 x 690 x 590<\/li>\n<li type=\"disc\">Gewicht: ca. 28 kg<\/li>\n<li type=\"disc\">Innenvolumen Box: 440 Liter<\/li>\n<li type=\"disc\">Innenvolumen Schleuse: 24 Liter<\/li>\n<li type=\"disc\">Gesamtlast Box: 60 kg<\/li>\n<li type=\"disc\">Gesamtlast Schleuse: 3 kg<\/li>\n<li type=\"disc\">Klappdeckel\u00f6ffnung B x H in mm: 1240 x 425<\/li>\n<li type=\"disc\">Nutzbarer Innenraum Box B x H x T in mm: 1240 x 650 x 550<\/li>\n<li type=\"disc\">Nutzbarer Innenraum Schleuse B x H x T in mm: 220 x 275 x 320<\/li>\n<\/ul>\n","protected":false},"excerpt":{"rendered":"<p>Handschuhbox mit Schleuse.<\/p>\n","protected":false},"featured_media":1255,"template":"","meta":{"_crdt_document":""},"product_brand":[],"product_cat":[141],"product_tag":[],"class_list":{"0":"post-2221","1":"product","2":"type-product","3":"status-publish","4":"has-post-thumbnail","6":"product_cat-handschuhebox","8":"first","9":"instock","10":"taxable","11":"shipping-taxable","12":"product-type-simple"},"yoast_head":"<!-- This site is optimized with the Yoast SEO plugin v27.3 - https:\/\/yoast.com\/product\/yoast-seo-wordpress\/ -->\n<title>Handschuhbox Trio mit Schleuse, PMMA\/PE, V1750-08 - Sysmatec<\/title>\n<meta name=\"description\" content=\"Handschuhbox mit Luftschleuse. Es hat 3 Schlitze f\u00fcr Handschuhe. Die Luftschleuse hat eine Au\u00dfent\u00fcr und eine Innent\u00fcr.\" \/>\n<meta name=\"robots\" content=\"index, follow, max-snippet:-1, max-image-preview:large, max-video-preview:-1\" \/>\n<link rel=\"canonical\" href=\"https:\/\/sysmatec.ch\/de\/produit\/handschuhbox-trio-mit-schleuse-pmma-pe-v1750-08\/\" \/>\n<meta property=\"og:locale\" content=\"de_DE\" \/>\n<meta property=\"og:type\" content=\"article\" \/>\n<meta property=\"og:title\" content=\"Handschuhbox Trio mit Schleuse, PMMA\/PE, V1750-08 - Sysmatec\" \/>\n<meta property=\"og:description\" content=\"Handschuhbox mit Luftschleuse. Es hat 3 Schlitze f\u00fcr Handschuhe. Die Luftschleuse hat eine Au\u00dfent\u00fcr und eine Innent\u00fcr.\" \/>\n<meta property=\"og:url\" content=\"https:\/\/sysmatec.ch\/de\/produit\/handschuhbox-trio-mit-schleuse-pmma-pe-v1750-08\/\" \/>\n<meta property=\"og:site_name\" content=\"Sysmatec\" \/>\n<meta property=\"article:modified_time\" content=\"2022-03-09T19:55:47+00:00\" \/>\n<meta property=\"og:image\" content=\"https:\/\/sysmatec.ch\/wp-content\/uploads\/2019\/01\/Boite-a-gants_BolaV1750.jpg\" \/>\n\t<meta property=\"og:image:width\" content=\"186\" \/>\n\t<meta property=\"og:image:height\" content=\"140\" \/>\n\t<meta property=\"og:image:type\" content=\"image\/jpeg\" \/>\n<meta name=\"twitter:card\" content=\"summary_large_image\" \/>\n<meta name=\"twitter:label1\" content=\"Gesch\u00e4tzte Lesezeit\" \/>\n\t<meta name=\"twitter:data1\" content=\"1\u00a0Minute\" \/>\n<script type=\"application\/ld+json\" class=\"yoast-schema-graph\">{\"@context\":\"https:\\\/\\\/schema.org\",\"@graph\":[{\"@type\":\"WebPage\",\"@id\":\"https:\\\/\\\/sysmatec.ch\\\/de\\\/produit\\\/handschuhbox-trio-mit-schleuse-pmma-pe-v1750-08\\\/\",\"url\":\"https:\\\/\\\/sysmatec.ch\\\/de\\\/produit\\\/handschuhbox-trio-mit-schleuse-pmma-pe-v1750-08\\\/\",\"name\":\"Handschuhbox Trio mit Schleuse, PMMA\\\/PE, V1750-08 - Sysmatec\",\"isPartOf\":{\"@id\":\"https:\\\/\\\/sysmatec.ch\\\/de\\\/#website\"},\"primaryImageOfPage\":{\"@id\":\"https:\\\/\\\/sysmatec.ch\\\/de\\\/produit\\\/handschuhbox-trio-mit-schleuse-pmma-pe-v1750-08\\\/#primaryimage\"},\"image\":{\"@id\":\"https:\\\/\\\/sysmatec.ch\\\/de\\\/produit\\\/handschuhbox-trio-mit-schleuse-pmma-pe-v1750-08\\\/#primaryimage\"},\"thumbnailUrl\":\"https:\\\/\\\/sysmatec.ch\\\/wp-content\\\/uploads\\\/2019\\\/01\\\/Boite-a-gants_BolaV1750.jpg\",\"datePublished\":\"2019-01-12T20:07:03+00:00\",\"dateModified\":\"2022-03-09T19:55:47+00:00\",\"description\":\"Handschuhbox mit Luftschleuse. Es hat 3 Schlitze f\u00fcr Handschuhe. Die Luftschleuse hat eine Au\u00dfent\u00fcr und eine Innent\u00fcr.\",\"breadcrumb\":{\"@id\":\"https:\\\/\\\/sysmatec.ch\\\/de\\\/produit\\\/handschuhbox-trio-mit-schleuse-pmma-pe-v1750-08\\\/#breadcrumb\"},\"inLanguage\":\"de\",\"potentialAction\":[{\"@type\":\"ReadAction\",\"target\":[\"https:\\\/\\\/sysmatec.ch\\\/de\\\/produit\\\/handschuhbox-trio-mit-schleuse-pmma-pe-v1750-08\\\/\"]}]},{\"@type\":\"ImageObject\",\"inLanguage\":\"de\",\"@id\":\"https:\\\/\\\/sysmatec.ch\\\/de\\\/produit\\\/handschuhbox-trio-mit-schleuse-pmma-pe-v1750-08\\\/#primaryimage\",\"url\":\"https:\\\/\\\/sysmatec.ch\\\/wp-content\\\/uploads\\\/2019\\\/01\\\/Boite-a-gants_BolaV1750.jpg\",\"contentUrl\":\"https:\\\/\\\/sysmatec.ch\\\/wp-content\\\/uploads\\\/2019\\\/01\\\/Boite-a-gants_BolaV1750.jpg\",\"width\":186,\"height\":140},{\"@type\":\"BreadcrumbList\",\"@id\":\"https:\\\/\\\/sysmatec.ch\\\/de\\\/produit\\\/handschuhbox-trio-mit-schleuse-pmma-pe-v1750-08\\\/#breadcrumb\",\"itemListElement\":[{\"@type\":\"ListItem\",\"position\":1,\"name\":\"Accueil\",\"item\":\"https:\\\/\\\/sysmatec.ch\\\/de\\\/\"},{\"@type\":\"ListItem\",\"position\":2,\"name\":\"Die Aktivit\u00e4t von Sysmatec\",\"item\":\"https:\\\/\\\/sysmatec.ch\\\/de\\\/\"},{\"@type\":\"ListItem\",\"position\":3,\"name\":\"Handschuhbox Trio mit Schleuse, PMMA\\\/PE, V1750-08\"}]},{\"@type\":\"WebSite\",\"@id\":\"https:\\\/\\\/sysmatec.ch\\\/de\\\/#website\",\"url\":\"https:\\\/\\\/sysmatec.ch\\\/de\\\/\",\"name\":\"Sysmatec\",\"description\":\"Equipement de laboratoire et logiciels\",\"publisher\":{\"@id\":\"https:\\\/\\\/sysmatec.ch\\\/de\\\/#organization\"},\"potentialAction\":[{\"@type\":\"SearchAction\",\"target\":{\"@type\":\"EntryPoint\",\"urlTemplate\":\"https:\\\/\\\/sysmatec.ch\\\/de\\\/?s={search_term_string}\"},\"query-input\":{\"@type\":\"PropertyValueSpecification\",\"valueRequired\":true,\"valueName\":\"search_term_string\"}}],\"inLanguage\":\"de\"},{\"@type\":\"Organization\",\"@id\":\"https:\\\/\\\/sysmatec.ch\\\/de\\\/#organization\",\"name\":\"Sysmatec\",\"url\":\"https:\\\/\\\/sysmatec.ch\\\/de\\\/\",\"logo\":{\"@type\":\"ImageObject\",\"inLanguage\":\"de\",\"@id\":\"https:\\\/\\\/sysmatec.ch\\\/de\\\/#\\\/schema\\\/logo\\\/image\\\/\",\"url\":\"https:\\\/\\\/sysmatec.ch\\\/wp-content\\\/uploads\\\/2018\\\/11\\\/LogoSysmatec.jpg\",\"contentUrl\":\"https:\\\/\\\/sysmatec.ch\\\/wp-content\\\/uploads\\\/2018\\\/11\\\/LogoSysmatec.jpg\",\"width\":301,\"height\":297,\"caption\":\"Sysmatec\"},\"image\":{\"@id\":\"https:\\\/\\\/sysmatec.ch\\\/de\\\/#\\\/schema\\\/logo\\\/image\\\/\"}}]}<\/script>\n<!-- \/ Yoast SEO plugin. -->","yoast_head_json":{"title":"Handschuhbox Trio mit Schleuse, PMMA\/PE, V1750-08 - Sysmatec","description":"Handschuhbox mit Luftschleuse. Es hat 3 Schlitze f\u00fcr Handschuhe. Die Luftschleuse hat eine Au\u00dfent\u00fcr und eine Innent\u00fcr.","robots":{"index":"index","follow":"follow","max-snippet":"max-snippet:-1","max-image-preview":"max-image-preview:large","max-video-preview":"max-video-preview:-1"},"canonical":"https:\/\/sysmatec.ch\/de\/produit\/handschuhbox-trio-mit-schleuse-pmma-pe-v1750-08\/","og_locale":"de_DE","og_type":"article","og_title":"Handschuhbox Trio mit Schleuse, PMMA\/PE, V1750-08 - Sysmatec","og_description":"Handschuhbox mit Luftschleuse. Es hat 3 Schlitze f\u00fcr Handschuhe. Die Luftschleuse hat eine Au\u00dfent\u00fcr und eine Innent\u00fcr.","og_url":"https:\/\/sysmatec.ch\/de\/produit\/handschuhbox-trio-mit-schleuse-pmma-pe-v1750-08\/","og_site_name":"Sysmatec","article_modified_time":"2022-03-09T19:55:47+00:00","og_image":[{"width":186,"height":140,"url":"https:\/\/sysmatec.ch\/wp-content\/uploads\/2019\/01\/Boite-a-gants_BolaV1750.jpg","type":"image\/jpeg"}],"twitter_card":"summary_large_image","twitter_misc":{"Gesch\u00e4tzte Lesezeit":"1\u00a0Minute"},"schema":{"@context":"https:\/\/schema.org","@graph":[{"@type":"WebPage","@id":"https:\/\/sysmatec.ch\/de\/produit\/handschuhbox-trio-mit-schleuse-pmma-pe-v1750-08\/","url":"https:\/\/sysmatec.ch\/de\/produit\/handschuhbox-trio-mit-schleuse-pmma-pe-v1750-08\/","name":"Handschuhbox Trio mit Schleuse, PMMA\/PE, V1750-08 - Sysmatec","isPartOf":{"@id":"https:\/\/sysmatec.ch\/de\/#website"},"primaryImageOfPage":{"@id":"https:\/\/sysmatec.ch\/de\/produit\/handschuhbox-trio-mit-schleuse-pmma-pe-v1750-08\/#primaryimage"},"image":{"@id":"https:\/\/sysmatec.ch\/de\/produit\/handschuhbox-trio-mit-schleuse-pmma-pe-v1750-08\/#primaryimage"},"thumbnailUrl":"https:\/\/sysmatec.ch\/wp-content\/uploads\/2019\/01\/Boite-a-gants_BolaV1750.jpg","datePublished":"2019-01-12T20:07:03+00:00","dateModified":"2022-03-09T19:55:47+00:00","description":"Handschuhbox mit Luftschleuse. Es hat 3 Schlitze f\u00fcr Handschuhe. Die Luftschleuse hat eine Au\u00dfent\u00fcr und eine Innent\u00fcr.","breadcrumb":{"@id":"https:\/\/sysmatec.ch\/de\/produit\/handschuhbox-trio-mit-schleuse-pmma-pe-v1750-08\/#breadcrumb"},"inLanguage":"de","potentialAction":[{"@type":"ReadAction","target":["https:\/\/sysmatec.ch\/de\/produit\/handschuhbox-trio-mit-schleuse-pmma-pe-v1750-08\/"]}]},{"@type":"ImageObject","inLanguage":"de","@id":"https:\/\/sysmatec.ch\/de\/produit\/handschuhbox-trio-mit-schleuse-pmma-pe-v1750-08\/#primaryimage","url":"https:\/\/sysmatec.ch\/wp-content\/uploads\/2019\/01\/Boite-a-gants_BolaV1750.jpg","contentUrl":"https:\/\/sysmatec.ch\/wp-content\/uploads\/2019\/01\/Boite-a-gants_BolaV1750.jpg","width":186,"height":140},{"@type":"BreadcrumbList","@id":"https:\/\/sysmatec.ch\/de\/produit\/handschuhbox-trio-mit-schleuse-pmma-pe-v1750-08\/#breadcrumb","itemListElement":[{"@type":"ListItem","position":1,"name":"Accueil","item":"https:\/\/sysmatec.ch\/de\/"},{"@type":"ListItem","position":2,"name":"Die Aktivit\u00e4t von Sysmatec","item":"https:\/\/sysmatec.ch\/de\/"},{"@type":"ListItem","position":3,"name":"Handschuhbox Trio mit Schleuse, PMMA\/PE, V1750-08"}]},{"@type":"WebSite","@id":"https:\/\/sysmatec.ch\/de\/#website","url":"https:\/\/sysmatec.ch\/de\/","name":"Sysmatec","description":"Equipement de laboratoire et logiciels","publisher":{"@id":"https:\/\/sysmatec.ch\/de\/#organization"},"potentialAction":[{"@type":"SearchAction","target":{"@type":"EntryPoint","urlTemplate":"https:\/\/sysmatec.ch\/de\/?s={search_term_string}"},"query-input":{"@type":"PropertyValueSpecification","valueRequired":true,"valueName":"search_term_string"}}],"inLanguage":"de"},{"@type":"Organization","@id":"https:\/\/sysmatec.ch\/de\/#organization","name":"Sysmatec","url":"https:\/\/sysmatec.ch\/de\/","logo":{"@type":"ImageObject","inLanguage":"de","@id":"https:\/\/sysmatec.ch\/de\/#\/schema\/logo\/image\/","url":"https:\/\/sysmatec.ch\/wp-content\/uploads\/2018\/11\/LogoSysmatec.jpg","contentUrl":"https:\/\/sysmatec.ch\/wp-content\/uploads\/2018\/11\/LogoSysmatec.jpg","width":301,"height":297,"caption":"Sysmatec"},"image":{"@id":"https:\/\/sysmatec.ch\/de\/#\/schema\/logo\/image\/"}}]}},"_links":{"self":[{"href":"https:\/\/sysmatec.ch\/de\/wp-json\/wp\/v2\/product\/2221","targetHints":{"allow":["GET"]}}],"collection":[{"href":"https:\/\/sysmatec.ch\/de\/wp-json\/wp\/v2\/product"}],"about":[{"href":"https:\/\/sysmatec.ch\/de\/wp-json\/wp\/v2\/types\/product"}],"wp:featuredmedia":[{"embeddable":true,"href":"https:\/\/sysmatec.ch\/de\/wp-json\/wp\/v2\/media\/1255"}],"wp:attachment":[{"href":"https:\/\/sysmatec.ch\/de\/wp-json\/wp\/v2\/media?parent=2221"}],"wp:term":[{"taxonomy":"product_brand","embeddable":true,"href":"https:\/\/sysmatec.ch\/de\/wp-json\/wp\/v2\/product_brand?post=2221"},{"taxonomy":"product_cat","embeddable":true,"href":"https:\/\/sysmatec.ch\/de\/wp-json\/wp\/v2\/product_cat?post=2221"},{"taxonomy":"product_tag","embeddable":true,"href":"https:\/\/sysmatec.ch\/de\/wp-json\/wp\/v2\/product_tag?post=2221"}],"curies":[{"name":"wp","href":"https:\/\/api.w.org\/{rel}","templated":true}]}}