{"id":22192,"date":"2021-02-21T19:05:47","date_gmt":"2021-02-21T18:05:48","guid":{"rendered":"https:\/\/sysmatec.ch\/?post_type=product&#038;p=22192"},"modified":"2021-11-28T11:20:47","modified_gmt":"2021-11-28T10:20:47","slug":"funk-temperatur-datenlogger-msr147w2d-mit-steckbaren-sensoren","status":"publish","type":"product","link":"https:\/\/sysmatec.ch\/de\/Produkt\/funk-temperatur-datenlogger-msr147w2d-mit-steckbaren-sensoren\/","title":{"rendered":"Funk-Temperatur Datenlogger MSR147W2D mit steckbaren Sensoren"},"content":{"rendered":"<p>Physiologische Parameter wie Hauttemperatur und \u2013feuchte pr\u00e4zise aufzeichnen und drahtlos \u00fcberwachen \u2013 dies erm\u00f6glicht Ihnen der mit Wifi Kommunikation und einer Speicherkapazit\u00e4t von 1 Mio. Messwerten ausgestattete MSR147W2D. Der Funk-Datenlogger verf\u00fcgt \u00fcber 5 Anschl\u00fcsse f\u00fcr steckbare Feuchte- und Temperatursensoren.<\/p>\n<p>Die Sensoren f\u00fcr den MSR147W2D sind einzeln ausbau- und einsetzbar. Mittels automatischer Konfigurationsfunktion erkennt der Datenlogger sofort, wenn ein Sensor eingesteckt wird. Die Kalibrationsdaten werden im entsprechenden Sensor hinterlegt. Abrufen k\u00f6nnen Sie die gemessenen Werte jederzeit online mittels BLE oder \u00fcber USB. Die MSR Data Logger-App erlaubt Ihnen, Datenaufzeichnungen aus der Ferne zu starten und zu stoppen sowie die gemessenen Werte auf Ihrem Smartphone auszulesen und an die MSR SmartCloud zu \u00fcbertragen.<\/p>\n<p>Anwendungsbereich<\/p>\n<ul>\n<li type=\"disc\">Probandenversuche in Klimakabinen, unter kontrollierten Bedingungen: Hauttemperatur und \u2013 feuchte, Mikroklimatemperatur und -feuchte (Partialdruck im Mikroklima)<\/li>\n<li type=\"disc\">Feldversuche z.B. beim Skifahren, Joggen, Radfahren, Schwimmen, Feuerwehreins\u00e4tze, Milit\u00e4r, Schuhfeuchtemessungen, Motorrad- und Velohelme, Rucksackmessungen etc.<\/li>\n<li type=\"disc\">Schlafversuche: Hautfeuchte- und Temperatur, Schlafh\u00f6hlentemperatur und -feuchte, Druck\u00e4nderungen bei Luftbetten beim Bewegen (exaktes Monitoring des Bewegungsablaufs m\u00f6glich)<\/li>\n<li type=\"disc\">Medizinbereich: Hauttemperatur\/-feuchte bei St\u00fctzstr\u00fcmpfen, Temperatur-\/Feuchteverlauf bei Wundpflastern, Messung der W\u00e4rmemenge bei K\u00fchl- und Heizpflastern (Effizienz des K\u00fchl-, respektive des Heizeffektes)<\/li>\n<li type=\"disc\">Testmessungen f\u00fcr Giessereischutz- oder andere Funktions- oder Arbeitsbekleidung<\/li>\n<\/ul>\n<p><span class=\"VIiyi\" lang=\"de\"><span class=\"JLqJ4b ChMk0b\" data-language-for-alternatives=\"de\" data-language-to-translate-into=\"fr\" data-phrase-index=\"0\" data-number-of-phrases=\"1\">Vom Datenlogger gemessene Parameter: Temperatur, Feuchtigkeit, Beschleunigungsdruck nach Wunsch.<\/span><\/span><\/p>\n<p>Sie k\u00f6nnen hier Ihrer\u00a0Datenlogger zusammenstellen:<br \/>\n<iframe loading=\"lazy\" style=\"border: 0px; padding: 0; margin: 0;\" src=\"https:\/\/www.msr.ch\/de\/affiliate\/msr147wd.php?ver=Sysmatec\" name=\"value\" width=\"695\" height=\"3300\" frameborder=\"0\" scrolling=\"no\"><span class=\"mce_SELRES_start\" style=\"width: 0px; line-height: 0; overflow: hidden; display: inline-block;\" data-mce-type=\"bookmark\">\ufeff<\/span><span class=\"mce_SELRES_start\" style=\"width: 0px; line-height: 0; overflow: hidden; display: inline-block;\" data-mce-type=\"bookmark\">\ufeff<\/span><span class=\"mce_SELRES_start\" style=\"width: 0px; line-height: 0; overflow: hidden; display: inline-block;\" data-mce-type=\"bookmark\">\ufeff<\/span><\/iframe><\/p>\n","protected":false},"excerpt":{"rendered":"<p>Funk-Temperatur, Feuchte, Druck und Beschleunigung Datenlogger. Wifi Kommunikation.<\/p>\n","protected":false},"featured_media":22195,"template":"","meta":{"_crdt_document":""},"product_brand":[],"product_cat":[168,173],"product_tag":[],"class_list":{"0":"post-22192","1":"product","2":"type-product","3":"status-publish","4":"has-post-thumbnail","6":"product_cat-datenlogger","7":"product_cat-temperatur","9":"first","10":"instock","11":"taxable","12":"shipping-taxable","13":"product-type-simple"},"yoast_head":"<!-- This site is optimized with the Yoast SEO plugin v27.4 - https:\/\/yoast.com\/product\/yoast-seo-wordpress\/ -->\n<title>Funk-Temperatur Datenlogger MSR147W2D mit steckbaren Sensoren - Sysmatec<\/title>\n<meta name=\"description\" content=\"Rekorder mit Wifi-Kommunikation. Gemessene Parameter: Temperatur, Feuchtigkeit, Druck, Beschleunigung. Gro\u00dfe Speicherkapazit\u00e4t.\" \/>\n<meta name=\"robots\" content=\"index, follow, max-snippet:-1, max-image-preview:large, max-video-preview:-1\" \/>\n<link rel=\"canonical\" href=\"https:\/\/sysmatec.ch\/de\/produit\/funk-temperatur-datenlogger-msr147w2d-mit-steckbaren-sensoren\/\" \/>\n<meta property=\"og:locale\" content=\"de_DE\" \/>\n<meta property=\"og:type\" content=\"article\" \/>\n<meta property=\"og:title\" content=\"Funk-Temperatur Datenlogger MSR147W2D mit steckbaren Sensoren - Sysmatec\" \/>\n<meta property=\"og:description\" content=\"Rekorder mit Wifi-Kommunikation. Gemessene Parameter: Temperatur, Feuchtigkeit, Druck, Beschleunigung. Gro\u00dfe Speicherkapazit\u00e4t.\" \/>\n<meta property=\"og:url\" content=\"https:\/\/sysmatec.ch\/de\/produit\/funk-temperatur-datenlogger-msr147w2d-mit-steckbaren-sensoren\/\" \/>\n<meta property=\"og:site_name\" content=\"Sysmatec\" \/>\n<meta property=\"article:modified_time\" content=\"2021-11-28T10:20:47+00:00\" \/>\n<meta property=\"og:image\" content=\"https:\/\/sysmatec.ch\/wp-content\/uploads\/2021\/02\/Enregistreur_-MSR147W2D1-scaled.jpg\" \/>\n\t<meta property=\"og:image:width\" content=\"2560\" \/>\n\t<meta property=\"og:image:height\" content=\"1704\" \/>\n\t<meta property=\"og:image:type\" content=\"image\/jpeg\" \/>\n<meta name=\"twitter:card\" content=\"summary_large_image\" \/>\n<meta name=\"twitter:label1\" content=\"Gesch\u00e4tzte Lesezeit\" \/>\n\t<meta name=\"twitter:data1\" content=\"1\u00a0Minute\" \/>\n<script type=\"application\/ld+json\" class=\"yoast-schema-graph\">{\"@context\":\"https:\\\/\\\/schema.org\",\"@graph\":[{\"@type\":\"WebPage\",\"@id\":\"https:\\\/\\\/sysmatec.ch\\\/de\\\/produit\\\/funk-temperatur-datenlogger-msr147w2d-mit-steckbaren-sensoren\\\/\",\"url\":\"https:\\\/\\\/sysmatec.ch\\\/de\\\/produit\\\/funk-temperatur-datenlogger-msr147w2d-mit-steckbaren-sensoren\\\/\",\"name\":\"Funk-Temperatur Datenlogger MSR147W2D mit steckbaren Sensoren - Sysmatec\",\"isPartOf\":{\"@id\":\"https:\\\/\\\/sysmatec.ch\\\/de\\\/#website\"},\"primaryImageOfPage\":{\"@id\":\"https:\\\/\\\/sysmatec.ch\\\/de\\\/produit\\\/funk-temperatur-datenlogger-msr147w2d-mit-steckbaren-sensoren\\\/#primaryimage\"},\"image\":{\"@id\":\"https:\\\/\\\/sysmatec.ch\\\/de\\\/produit\\\/funk-temperatur-datenlogger-msr147w2d-mit-steckbaren-sensoren\\\/#primaryimage\"},\"thumbnailUrl\":\"https:\\\/\\\/sysmatec.ch\\\/wp-content\\\/uploads\\\/2021\\\/02\\\/Enregistreur_-MSR147W2D1-scaled.jpg\",\"datePublished\":\"2021-02-21T18:05:48+00:00\",\"dateModified\":\"2021-11-28T10:20:47+00:00\",\"description\":\"Rekorder mit Wifi-Kommunikation. Gemessene Parameter: Temperatur, Feuchtigkeit, Druck, Beschleunigung. Gro\u00dfe Speicherkapazit\u00e4t.\",\"breadcrumb\":{\"@id\":\"https:\\\/\\\/sysmatec.ch\\\/de\\\/produit\\\/funk-temperatur-datenlogger-msr147w2d-mit-steckbaren-sensoren\\\/#breadcrumb\"},\"inLanguage\":\"de\",\"potentialAction\":[{\"@type\":\"ReadAction\",\"target\":[\"https:\\\/\\\/sysmatec.ch\\\/de\\\/produit\\\/funk-temperatur-datenlogger-msr147w2d-mit-steckbaren-sensoren\\\/\"]}]},{\"@type\":\"ImageObject\",\"inLanguage\":\"de\",\"@id\":\"https:\\\/\\\/sysmatec.ch\\\/de\\\/produit\\\/funk-temperatur-datenlogger-msr147w2d-mit-steckbaren-sensoren\\\/#primaryimage\",\"url\":\"https:\\\/\\\/sysmatec.ch\\\/wp-content\\\/uploads\\\/2021\\\/02\\\/Enregistreur_-MSR147W2D1-scaled.jpg\",\"contentUrl\":\"https:\\\/\\\/sysmatec.ch\\\/wp-content\\\/uploads\\\/2021\\\/02\\\/Enregistreur_-MSR147W2D1-scaled.jpg\",\"width\":2560,\"height\":1704},{\"@type\":\"BreadcrumbList\",\"@id\":\"https:\\\/\\\/sysmatec.ch\\\/de\\\/produit\\\/funk-temperatur-datenlogger-msr147w2d-mit-steckbaren-sensoren\\\/#breadcrumb\",\"itemListElement\":[{\"@type\":\"ListItem\",\"position\":1,\"name\":\"Accueil\",\"item\":\"https:\\\/\\\/sysmatec.ch\\\/de\\\/\"},{\"@type\":\"ListItem\",\"position\":2,\"name\":\"Die Aktivit\u00e4t von Sysmatec\",\"item\":\"https:\\\/\\\/sysmatec.ch\\\/de\\\/\"},{\"@type\":\"ListItem\",\"position\":3,\"name\":\"Funk-Temperatur Datenlogger MSR147W2D mit steckbaren Sensoren\"}]},{\"@type\":\"WebSite\",\"@id\":\"https:\\\/\\\/sysmatec.ch\\\/de\\\/#website\",\"url\":\"https:\\\/\\\/sysmatec.ch\\\/de\\\/\",\"name\":\"Sysmatec\",\"description\":\"Equipement de laboratoire et logiciels\",\"publisher\":{\"@id\":\"https:\\\/\\\/sysmatec.ch\\\/de\\\/#organization\"},\"potentialAction\":[{\"@type\":\"SearchAction\",\"target\":{\"@type\":\"EntryPoint\",\"urlTemplate\":\"https:\\\/\\\/sysmatec.ch\\\/de\\\/?s={search_term_string}\"},\"query-input\":{\"@type\":\"PropertyValueSpecification\",\"valueRequired\":true,\"valueName\":\"search_term_string\"}}],\"inLanguage\":\"de\"},{\"@type\":\"Organization\",\"@id\":\"https:\\\/\\\/sysmatec.ch\\\/de\\\/#organization\",\"name\":\"Sysmatec\",\"url\":\"https:\\\/\\\/sysmatec.ch\\\/de\\\/\",\"logo\":{\"@type\":\"ImageObject\",\"inLanguage\":\"de\",\"@id\":\"https:\\\/\\\/sysmatec.ch\\\/de\\\/#\\\/schema\\\/logo\\\/image\\\/\",\"url\":\"https:\\\/\\\/sysmatec.ch\\\/wp-content\\\/uploads\\\/2018\\\/11\\\/LogoSysmatec.jpg\",\"contentUrl\":\"https:\\\/\\\/sysmatec.ch\\\/wp-content\\\/uploads\\\/2018\\\/11\\\/LogoSysmatec.jpg\",\"width\":301,\"height\":297,\"caption\":\"Sysmatec\"},\"image\":{\"@id\":\"https:\\\/\\\/sysmatec.ch\\\/de\\\/#\\\/schema\\\/logo\\\/image\\\/\"}}]}<\/script>\n<!-- \/ Yoast SEO plugin. -->","yoast_head_json":{"title":"Funk-Temperatur Datenlogger MSR147W2D mit steckbaren Sensoren - Sysmatec","description":"Rekorder mit Wifi-Kommunikation. Gemessene Parameter: Temperatur, Feuchtigkeit, Druck, Beschleunigung. Gro\u00dfe Speicherkapazit\u00e4t.","robots":{"index":"index","follow":"follow","max-snippet":"max-snippet:-1","max-image-preview":"max-image-preview:large","max-video-preview":"max-video-preview:-1"},"canonical":"https:\/\/sysmatec.ch\/de\/produit\/funk-temperatur-datenlogger-msr147w2d-mit-steckbaren-sensoren\/","og_locale":"de_DE","og_type":"article","og_title":"Funk-Temperatur Datenlogger MSR147W2D mit steckbaren Sensoren - Sysmatec","og_description":"Rekorder mit Wifi-Kommunikation. Gemessene Parameter: Temperatur, Feuchtigkeit, Druck, Beschleunigung. Gro\u00dfe Speicherkapazit\u00e4t.","og_url":"https:\/\/sysmatec.ch\/de\/produit\/funk-temperatur-datenlogger-msr147w2d-mit-steckbaren-sensoren\/","og_site_name":"Sysmatec","article_modified_time":"2021-11-28T10:20:47+00:00","og_image":[{"width":2560,"height":1704,"url":"https:\/\/sysmatec.ch\/wp-content\/uploads\/2021\/02\/Enregistreur_-MSR147W2D1-scaled.jpg","type":"image\/jpeg"}],"twitter_card":"summary_large_image","twitter_misc":{"Gesch\u00e4tzte Lesezeit":"1\u00a0Minute"},"schema":{"@context":"https:\/\/schema.org","@graph":[{"@type":"WebPage","@id":"https:\/\/sysmatec.ch\/de\/produit\/funk-temperatur-datenlogger-msr147w2d-mit-steckbaren-sensoren\/","url":"https:\/\/sysmatec.ch\/de\/produit\/funk-temperatur-datenlogger-msr147w2d-mit-steckbaren-sensoren\/","name":"Funk-Temperatur Datenlogger MSR147W2D mit steckbaren Sensoren - Sysmatec","isPartOf":{"@id":"https:\/\/sysmatec.ch\/de\/#website"},"primaryImageOfPage":{"@id":"https:\/\/sysmatec.ch\/de\/produit\/funk-temperatur-datenlogger-msr147w2d-mit-steckbaren-sensoren\/#primaryimage"},"image":{"@id":"https:\/\/sysmatec.ch\/de\/produit\/funk-temperatur-datenlogger-msr147w2d-mit-steckbaren-sensoren\/#primaryimage"},"thumbnailUrl":"https:\/\/sysmatec.ch\/wp-content\/uploads\/2021\/02\/Enregistreur_-MSR147W2D1-scaled.jpg","datePublished":"2021-02-21T18:05:48+00:00","dateModified":"2021-11-28T10:20:47+00:00","description":"Rekorder mit Wifi-Kommunikation. Gemessene Parameter: Temperatur, Feuchtigkeit, Druck, Beschleunigung. Gro\u00dfe Speicherkapazit\u00e4t.","breadcrumb":{"@id":"https:\/\/sysmatec.ch\/de\/produit\/funk-temperatur-datenlogger-msr147w2d-mit-steckbaren-sensoren\/#breadcrumb"},"inLanguage":"de","potentialAction":[{"@type":"ReadAction","target":["https:\/\/sysmatec.ch\/de\/produit\/funk-temperatur-datenlogger-msr147w2d-mit-steckbaren-sensoren\/"]}]},{"@type":"ImageObject","inLanguage":"de","@id":"https:\/\/sysmatec.ch\/de\/produit\/funk-temperatur-datenlogger-msr147w2d-mit-steckbaren-sensoren\/#primaryimage","url":"https:\/\/sysmatec.ch\/wp-content\/uploads\/2021\/02\/Enregistreur_-MSR147W2D1-scaled.jpg","contentUrl":"https:\/\/sysmatec.ch\/wp-content\/uploads\/2021\/02\/Enregistreur_-MSR147W2D1-scaled.jpg","width":2560,"height":1704},{"@type":"BreadcrumbList","@id":"https:\/\/sysmatec.ch\/de\/produit\/funk-temperatur-datenlogger-msr147w2d-mit-steckbaren-sensoren\/#breadcrumb","itemListElement":[{"@type":"ListItem","position":1,"name":"Accueil","item":"https:\/\/sysmatec.ch\/de\/"},{"@type":"ListItem","position":2,"name":"Die Aktivit\u00e4t von Sysmatec","item":"https:\/\/sysmatec.ch\/de\/"},{"@type":"ListItem","position":3,"name":"Funk-Temperatur Datenlogger MSR147W2D mit steckbaren Sensoren"}]},{"@type":"WebSite","@id":"https:\/\/sysmatec.ch\/de\/#website","url":"https:\/\/sysmatec.ch\/de\/","name":"Sysmatec","description":"Equipement de laboratoire et logiciels","publisher":{"@id":"https:\/\/sysmatec.ch\/de\/#organization"},"potentialAction":[{"@type":"SearchAction","target":{"@type":"EntryPoint","urlTemplate":"https:\/\/sysmatec.ch\/de\/?s={search_term_string}"},"query-input":{"@type":"PropertyValueSpecification","valueRequired":true,"valueName":"search_term_string"}}],"inLanguage":"de"},{"@type":"Organization","@id":"https:\/\/sysmatec.ch\/de\/#organization","name":"Sysmatec","url":"https:\/\/sysmatec.ch\/de\/","logo":{"@type":"ImageObject","inLanguage":"de","@id":"https:\/\/sysmatec.ch\/de\/#\/schema\/logo\/image\/","url":"https:\/\/sysmatec.ch\/wp-content\/uploads\/2018\/11\/LogoSysmatec.jpg","contentUrl":"https:\/\/sysmatec.ch\/wp-content\/uploads\/2018\/11\/LogoSysmatec.jpg","width":301,"height":297,"caption":"Sysmatec"},"image":{"@id":"https:\/\/sysmatec.ch\/de\/#\/schema\/logo\/image\/"}}]}},"_links":{"self":[{"href":"https:\/\/sysmatec.ch\/de\/wp-json\/wp\/v2\/product\/22192","targetHints":{"allow":["GET"]}}],"collection":[{"href":"https:\/\/sysmatec.ch\/de\/wp-json\/wp\/v2\/product"}],"about":[{"href":"https:\/\/sysmatec.ch\/de\/wp-json\/wp\/v2\/types\/product"}],"wp:featuredmedia":[{"embeddable":true,"href":"https:\/\/sysmatec.ch\/de\/wp-json\/wp\/v2\/media\/22195"}],"wp:attachment":[{"href":"https:\/\/sysmatec.ch\/de\/wp-json\/wp\/v2\/media?parent=22192"}],"wp:term":[{"taxonomy":"product_brand","embeddable":true,"href":"https:\/\/sysmatec.ch\/de\/wp-json\/wp\/v2\/product_brand?post=22192"},{"taxonomy":"product_cat","embeddable":true,"href":"https:\/\/sysmatec.ch\/de\/wp-json\/wp\/v2\/product_cat?post=22192"},{"taxonomy":"product_tag","embeddable":true,"href":"https:\/\/sysmatec.ch\/de\/wp-json\/wp\/v2\/product_tag?post=22192"}],"curies":[{"name":"wp","href":"https:\/\/api.w.org\/{rel}","templated":true}]}}