{"id":2217,"date":"2019-01-13T16:52:42","date_gmt":"2019-01-13T15:52:42","guid":{"rendered":"https:\/\/sysmatec.ch\/produit\/collecteur-de-fractions-omnicoll\/"},"modified":"2022-03-09T20:50:21","modified_gmt":"2022-03-09T19:50:21","slug":"fraktionssammler-omnicoll","status":"publish","type":"product","link":"https:\/\/sysmatec.ch\/de\/Produkt\/fraktionssammler-omnicoll\/","title":{"rendered":"Fraktionssammler OMNICOLL"},"content":{"rendered":"<p>Beschreibung<\/p>\n<ul>\n<li>Der grosse Vorteil des OMNICOLL Fraktionssammlers ist seine aussergew\u00f6hnliche Flexibilit\u00e4t: Praktisch alle g\u00e4ngigen Reagenzglas-Gr\u00f6ssen und Reagenzglasgestell-Typen k\u00f6nnen mit diesem Fraktionssammler verwendet werden.<\/li>\n<li>Dadurch dass mehrere Gestelle zusammen verbunden werden k\u00f6nnen, ist das Sammeln einer unbeschr\u00e4nkten Anzahl an Fraktionen m\u00f6glich.<\/li>\n<li>Einfache und flexible Programmierung der Positionen\/Abst\u00e4nde der Reagenzgl\u00e4ser\/Gef\u00e4sse.<\/li>\n<li>Programmierung der Faktionssammlung gem\u00e4\u00df dem gesammelten Volumen (0.01 bis 500 ml) oder \u00fcber die Zeit (0.1 bis 999.9 min).<\/li>\n<li>Bietet die M\u00f6glichkeit, zwischen zwei Fraktionen eine Pause (0.1 bis 999.9 min) oder eine Reinigungssequenz zu programmieren.<\/li>\n<li>Der Fraktionssammler bietet auch die M\u00f6glichkeit, eine Fraktion gleichzeitig parallel in mehreren Reagenzgl\u00e4sern zu sammeln.<\/li>\n<li>Das Ger\u00e4t kann einfach in einem thermostatisierten Bereich gesetzt werden.<\/li>\n<li>Externe Steuerung: damit kann die Sammlung extern gestartet werden (zum Beispiel bei einer Alarm) Die Fraktionssammlung kann so automatisiert werden. Das Ger\u00e4t hat auch eine RS232 Schnittstelle f\u00fcr die Ansteuerung \u00fcber einen Computer. Ein <a href=\"https:\/\/sysmatec.ch\/German\/dG1_Siam.html\">Programm<\/a> existiert bereits.<\/li>\n<\/ul>\n<p>Spezifikationen<\/p>\n<table border=\"1\" width=\"100%\" cellspacing=\"0\" cellpadding=\"2\">\n<tbody>\n<tr>\n<td valign=\"top\">Fraktion<\/td>\n<td>Dauer von 0.1 bis 999.9 Minuten in 0.1 Minute Schritte<\/td>\n<\/tr>\n<tr>\n<td valign=\"top\"><\/td>\n<td>Volumen von 0.01 bis 500 ml<\/td>\n<\/tr>\n<tr>\n<td valign=\"top\"><\/td>\n<td>Eine Pause von 0.1 bis 999.9 Minute kann programmiert werden<\/td>\n<\/tr>\n<tr>\n<td valign=\"top\"><\/td>\n<td>Extern Steuerung ist m\u00f6glich<\/td>\n<\/tr>\n<tr>\n<td valign=\"top\">Kapazit\u00e4t<\/td>\n<td>ist von der Reagenzglasgestell abh\u00e4ngig. Die ben\u00fctzbar Oberfl\u00e4che ist 45 \u00d7 31 cm gross.<\/td>\n<\/tr>\n<tr>\n<td valign=\"top\"><\/td>\n<td>Zum Beispiel: 216 Reagenzgl\u00e4ser mit 13 &#8211; 16 mm Durchmesser, 160 Reagenzgl\u00e4ser mit 20 mm Durchmesser, 96 Reagenzgl\u00e4ser mit 30 mm Durchmesser<\/td>\n<\/tr>\n<tr>\n<td valign=\"top\"><\/td>\n<td>Die Kapazit\u00e4t kann mit zus\u00e4tzlichen Elementen erweitert werden<\/td>\n<\/tr>\n<tr>\n<td valign=\"top\">Stromspeisung<\/td>\n<td>9 V DC\/12 W, Netzteil 230 V \/ AC 50 &#8211; 60 Hz, Batterie<\/td>\n<\/tr>\n<tr>\n<td valign=\"top\">Sicherheitsnormen<\/td>\n<td>IEC 1010\/1 f\u00fcr Laborprodukte<\/td>\n<\/tr>\n<tr>\n<td valign=\"top\">Gewicht<\/td>\n<td>6.4 kg<\/td>\n<\/tr>\n<tr>\n<td valign=\"top\">Masse<\/td>\n<td>34 \u00d7 30 \u00d7 49 cm (B \u00d7 H \u00d7 T)<\/td>\n<\/tr>\n<tr>\n<td valign=\"top\">Garantie<\/td>\n<td>2 Jahre<\/td>\n<\/tr>\n<\/tbody>\n<\/table>\n","protected":false},"excerpt":{"rendered":"<p>Fraktionssammler f\u00fcr alle Arten von Beh\u00e4ltern.<\/p>\n","protected":false},"featured_media":1257,"template":"","meta":{"_crdt_document":""},"product_brand":[],"product_cat":[139],"product_tag":[],"class_list":{"0":"post-2217","1":"product","2":"type-product","3":"status-publish","4":"has-post-thumbnail","6":"product_cat-fraktionssammler","8":"first","9":"instock","10":"taxable","11":"shipping-taxable","12":"product-type-simple"},"yoast_head":"<!-- This site is optimized with the Yoast SEO plugin v27.3 - https:\/\/yoast.com\/product\/yoast-seo-wordpress\/ -->\n<title>Fraktionssammler OMNICOLL - Sysmatec<\/title>\n<meta name=\"description\" content=\"Fraktionssammler, der an alle Arten von Beh\u00e4ltern angepasst werden kann, auch an gro\u00dfe. Es ist sehr einfach zu programmieren. Er l\u00e4sst sich problemlos verl\u00e4ngern.\" \/>\n<meta name=\"robots\" content=\"index, follow, max-snippet:-1, max-image-preview:large, max-video-preview:-1\" \/>\n<link rel=\"canonical\" href=\"https:\/\/sysmatec.ch\/de\/produit\/fraktionssammler-omnicoll\/\" \/>\n<meta property=\"og:locale\" content=\"de_DE\" \/>\n<meta property=\"og:type\" content=\"article\" \/>\n<meta property=\"og:title\" content=\"Fraktionssammler OMNICOLL - Sysmatec\" \/>\n<meta property=\"og:description\" content=\"Fraktionssammler, der an alle Arten von Beh\u00e4ltern angepasst werden kann, auch an gro\u00dfe. Es ist sehr einfach zu programmieren. Er l\u00e4sst sich problemlos verl\u00e4ngern.\" \/>\n<meta property=\"og:url\" content=\"https:\/\/sysmatec.ch\/de\/produit\/fraktionssammler-omnicoll\/\" \/>\n<meta property=\"og:site_name\" content=\"Sysmatec\" \/>\n<meta property=\"article:modified_time\" content=\"2022-03-09T19:50:21+00:00\" \/>\n<meta property=\"og:image\" content=\"https:\/\/sysmatec.ch\/wp-content\/uploads\/2019\/01\/CollecteurDeFraction_Lambda.jpg\" \/>\n\t<meta property=\"og:image:width\" content=\"140\" \/>\n\t<meta property=\"og:image:height\" content=\"178\" \/>\n\t<meta property=\"og:image:type\" content=\"image\/jpeg\" \/>\n<meta name=\"twitter:card\" content=\"summary_large_image\" \/>\n<meta name=\"twitter:label1\" content=\"Gesch\u00e4tzte Lesezeit\" \/>\n\t<meta name=\"twitter:data1\" content=\"1\u00a0Minute\" \/>\n<script type=\"application\/ld+json\" class=\"yoast-schema-graph\">{\"@context\":\"https:\\\/\\\/schema.org\",\"@graph\":[{\"@type\":\"WebPage\",\"@id\":\"https:\\\/\\\/sysmatec.ch\\\/de\\\/produit\\\/fraktionssammler-omnicoll\\\/\",\"url\":\"https:\\\/\\\/sysmatec.ch\\\/de\\\/produit\\\/fraktionssammler-omnicoll\\\/\",\"name\":\"Fraktionssammler OMNICOLL - Sysmatec\",\"isPartOf\":{\"@id\":\"https:\\\/\\\/sysmatec.ch\\\/de\\\/#website\"},\"primaryImageOfPage\":{\"@id\":\"https:\\\/\\\/sysmatec.ch\\\/de\\\/produit\\\/fraktionssammler-omnicoll\\\/#primaryimage\"},\"image\":{\"@id\":\"https:\\\/\\\/sysmatec.ch\\\/de\\\/produit\\\/fraktionssammler-omnicoll\\\/#primaryimage\"},\"thumbnailUrl\":\"https:\\\/\\\/sysmatec.ch\\\/wp-content\\\/uploads\\\/2019\\\/01\\\/CollecteurDeFraction_Lambda.jpg\",\"datePublished\":\"2019-01-13T15:52:42+00:00\",\"dateModified\":\"2022-03-09T19:50:21+00:00\",\"description\":\"Fraktionssammler, der an alle Arten von Beh\u00e4ltern angepasst werden kann, auch an gro\u00dfe. Es ist sehr einfach zu programmieren. Er l\u00e4sst sich problemlos verl\u00e4ngern.\",\"breadcrumb\":{\"@id\":\"https:\\\/\\\/sysmatec.ch\\\/de\\\/produit\\\/fraktionssammler-omnicoll\\\/#breadcrumb\"},\"inLanguage\":\"de\",\"potentialAction\":[{\"@type\":\"ReadAction\",\"target\":[\"https:\\\/\\\/sysmatec.ch\\\/de\\\/produit\\\/fraktionssammler-omnicoll\\\/\"]}]},{\"@type\":\"ImageObject\",\"inLanguage\":\"de\",\"@id\":\"https:\\\/\\\/sysmatec.ch\\\/de\\\/produit\\\/fraktionssammler-omnicoll\\\/#primaryimage\",\"url\":\"https:\\\/\\\/sysmatec.ch\\\/wp-content\\\/uploads\\\/2019\\\/01\\\/CollecteurDeFraction_Lambda.jpg\",\"contentUrl\":\"https:\\\/\\\/sysmatec.ch\\\/wp-content\\\/uploads\\\/2019\\\/01\\\/CollecteurDeFraction_Lambda.jpg\",\"width\":140,\"height\":178},{\"@type\":\"BreadcrumbList\",\"@id\":\"https:\\\/\\\/sysmatec.ch\\\/de\\\/produit\\\/fraktionssammler-omnicoll\\\/#breadcrumb\",\"itemListElement\":[{\"@type\":\"ListItem\",\"position\":1,\"name\":\"Accueil\",\"item\":\"https:\\\/\\\/sysmatec.ch\\\/de\\\/\"},{\"@type\":\"ListItem\",\"position\":2,\"name\":\"Die Aktivit\u00e4t von Sysmatec\",\"item\":\"https:\\\/\\\/sysmatec.ch\\\/de\\\/\"},{\"@type\":\"ListItem\",\"position\":3,\"name\":\"Fraktionssammler OMNICOLL\"}]},{\"@type\":\"WebSite\",\"@id\":\"https:\\\/\\\/sysmatec.ch\\\/de\\\/#website\",\"url\":\"https:\\\/\\\/sysmatec.ch\\\/de\\\/\",\"name\":\"Sysmatec\",\"description\":\"Equipement de laboratoire et logiciels\",\"publisher\":{\"@id\":\"https:\\\/\\\/sysmatec.ch\\\/de\\\/#organization\"},\"potentialAction\":[{\"@type\":\"SearchAction\",\"target\":{\"@type\":\"EntryPoint\",\"urlTemplate\":\"https:\\\/\\\/sysmatec.ch\\\/de\\\/?s={search_term_string}\"},\"query-input\":{\"@type\":\"PropertyValueSpecification\",\"valueRequired\":true,\"valueName\":\"search_term_string\"}}],\"inLanguage\":\"de\"},{\"@type\":\"Organization\",\"@id\":\"https:\\\/\\\/sysmatec.ch\\\/de\\\/#organization\",\"name\":\"Sysmatec\",\"url\":\"https:\\\/\\\/sysmatec.ch\\\/de\\\/\",\"logo\":{\"@type\":\"ImageObject\",\"inLanguage\":\"de\",\"@id\":\"https:\\\/\\\/sysmatec.ch\\\/de\\\/#\\\/schema\\\/logo\\\/image\\\/\",\"url\":\"https:\\\/\\\/sysmatec.ch\\\/wp-content\\\/uploads\\\/2018\\\/11\\\/LogoSysmatec.jpg\",\"contentUrl\":\"https:\\\/\\\/sysmatec.ch\\\/wp-content\\\/uploads\\\/2018\\\/11\\\/LogoSysmatec.jpg\",\"width\":301,\"height\":297,\"caption\":\"Sysmatec\"},\"image\":{\"@id\":\"https:\\\/\\\/sysmatec.ch\\\/de\\\/#\\\/schema\\\/logo\\\/image\\\/\"}}]}<\/script>\n<!-- \/ Yoast SEO plugin. -->","yoast_head_json":{"title":"Fraktionssammler OMNICOLL - Sysmatec","description":"Fraktionssammler, der an alle Arten von Beh\u00e4ltern angepasst werden kann, auch an gro\u00dfe. Es ist sehr einfach zu programmieren. Er l\u00e4sst sich problemlos verl\u00e4ngern.","robots":{"index":"index","follow":"follow","max-snippet":"max-snippet:-1","max-image-preview":"max-image-preview:large","max-video-preview":"max-video-preview:-1"},"canonical":"https:\/\/sysmatec.ch\/de\/produit\/fraktionssammler-omnicoll\/","og_locale":"de_DE","og_type":"article","og_title":"Fraktionssammler OMNICOLL - Sysmatec","og_description":"Fraktionssammler, der an alle Arten von Beh\u00e4ltern angepasst werden kann, auch an gro\u00dfe. Es ist sehr einfach zu programmieren. Er l\u00e4sst sich problemlos verl\u00e4ngern.","og_url":"https:\/\/sysmatec.ch\/de\/produit\/fraktionssammler-omnicoll\/","og_site_name":"Sysmatec","article_modified_time":"2022-03-09T19:50:21+00:00","og_image":[{"width":140,"height":178,"url":"https:\/\/sysmatec.ch\/wp-content\/uploads\/2019\/01\/CollecteurDeFraction_Lambda.jpg","type":"image\/jpeg"}],"twitter_card":"summary_large_image","twitter_misc":{"Gesch\u00e4tzte Lesezeit":"1\u00a0Minute"},"schema":{"@context":"https:\/\/schema.org","@graph":[{"@type":"WebPage","@id":"https:\/\/sysmatec.ch\/de\/produit\/fraktionssammler-omnicoll\/","url":"https:\/\/sysmatec.ch\/de\/produit\/fraktionssammler-omnicoll\/","name":"Fraktionssammler OMNICOLL - Sysmatec","isPartOf":{"@id":"https:\/\/sysmatec.ch\/de\/#website"},"primaryImageOfPage":{"@id":"https:\/\/sysmatec.ch\/de\/produit\/fraktionssammler-omnicoll\/#primaryimage"},"image":{"@id":"https:\/\/sysmatec.ch\/de\/produit\/fraktionssammler-omnicoll\/#primaryimage"},"thumbnailUrl":"https:\/\/sysmatec.ch\/wp-content\/uploads\/2019\/01\/CollecteurDeFraction_Lambda.jpg","datePublished":"2019-01-13T15:52:42+00:00","dateModified":"2022-03-09T19:50:21+00:00","description":"Fraktionssammler, der an alle Arten von Beh\u00e4ltern angepasst werden kann, auch an gro\u00dfe. Es ist sehr einfach zu programmieren. Er l\u00e4sst sich problemlos verl\u00e4ngern.","breadcrumb":{"@id":"https:\/\/sysmatec.ch\/de\/produit\/fraktionssammler-omnicoll\/#breadcrumb"},"inLanguage":"de","potentialAction":[{"@type":"ReadAction","target":["https:\/\/sysmatec.ch\/de\/produit\/fraktionssammler-omnicoll\/"]}]},{"@type":"ImageObject","inLanguage":"de","@id":"https:\/\/sysmatec.ch\/de\/produit\/fraktionssammler-omnicoll\/#primaryimage","url":"https:\/\/sysmatec.ch\/wp-content\/uploads\/2019\/01\/CollecteurDeFraction_Lambda.jpg","contentUrl":"https:\/\/sysmatec.ch\/wp-content\/uploads\/2019\/01\/CollecteurDeFraction_Lambda.jpg","width":140,"height":178},{"@type":"BreadcrumbList","@id":"https:\/\/sysmatec.ch\/de\/produit\/fraktionssammler-omnicoll\/#breadcrumb","itemListElement":[{"@type":"ListItem","position":1,"name":"Accueil","item":"https:\/\/sysmatec.ch\/de\/"},{"@type":"ListItem","position":2,"name":"Die Aktivit\u00e4t von Sysmatec","item":"https:\/\/sysmatec.ch\/de\/"},{"@type":"ListItem","position":3,"name":"Fraktionssammler OMNICOLL"}]},{"@type":"WebSite","@id":"https:\/\/sysmatec.ch\/de\/#website","url":"https:\/\/sysmatec.ch\/de\/","name":"Sysmatec","description":"Equipement de laboratoire et logiciels","publisher":{"@id":"https:\/\/sysmatec.ch\/de\/#organization"},"potentialAction":[{"@type":"SearchAction","target":{"@type":"EntryPoint","urlTemplate":"https:\/\/sysmatec.ch\/de\/?s={search_term_string}"},"query-input":{"@type":"PropertyValueSpecification","valueRequired":true,"valueName":"search_term_string"}}],"inLanguage":"de"},{"@type":"Organization","@id":"https:\/\/sysmatec.ch\/de\/#organization","name":"Sysmatec","url":"https:\/\/sysmatec.ch\/de\/","logo":{"@type":"ImageObject","inLanguage":"de","@id":"https:\/\/sysmatec.ch\/de\/#\/schema\/logo\/image\/","url":"https:\/\/sysmatec.ch\/wp-content\/uploads\/2018\/11\/LogoSysmatec.jpg","contentUrl":"https:\/\/sysmatec.ch\/wp-content\/uploads\/2018\/11\/LogoSysmatec.jpg","width":301,"height":297,"caption":"Sysmatec"},"image":{"@id":"https:\/\/sysmatec.ch\/de\/#\/schema\/logo\/image\/"}}]}},"_links":{"self":[{"href":"https:\/\/sysmatec.ch\/de\/wp-json\/wp\/v2\/product\/2217","targetHints":{"allow":["GET"]}}],"collection":[{"href":"https:\/\/sysmatec.ch\/de\/wp-json\/wp\/v2\/product"}],"about":[{"href":"https:\/\/sysmatec.ch\/de\/wp-json\/wp\/v2\/types\/product"}],"wp:featuredmedia":[{"embeddable":true,"href":"https:\/\/sysmatec.ch\/de\/wp-json\/wp\/v2\/media\/1257"}],"wp:attachment":[{"href":"https:\/\/sysmatec.ch\/de\/wp-json\/wp\/v2\/media?parent=2217"}],"wp:term":[{"taxonomy":"product_brand","embeddable":true,"href":"https:\/\/sysmatec.ch\/de\/wp-json\/wp\/v2\/product_brand?post=2217"},{"taxonomy":"product_cat","embeddable":true,"href":"https:\/\/sysmatec.ch\/de\/wp-json\/wp\/v2\/product_cat?post=2217"},{"taxonomy":"product_tag","embeddable":true,"href":"https:\/\/sysmatec.ch\/de\/wp-json\/wp\/v2\/product_tag?post=2217"}],"curies":[{"name":"wp","href":"https:\/\/api.w.org\/{rel}","templated":true}]}}