{"id":2214,"date":"2019-01-13T17:14:25","date_gmt":"2019-01-13T16:14:25","guid":{"rendered":"https:\/\/sysmatec.ch\/produit\/compteur-de-colonies-manuel-schuett-count\/"},"modified":"2022-03-09T20:44:31","modified_gmt":"2022-03-09T19:44:31","slug":"manueller-koloniezaehler-schuett-count","status":"publish","type":"product","link":"https:\/\/sysmatec.ch\/de\/Produkt\/manueller-koloniezaehler-schuett-count\/","title":{"rendered":"Manueller Koloniez\u00e4hler Schuett count"},"content":{"rendered":"<ul>\n<li>drei Beleuchtungsarten: schr\u00e4g von unten, schr\u00e4g von oben und Auflicht (optional)<\/li>\n<li>Petrischalen oder N\u00e4hrkartonscheiben mit \u00d8 90 mm, \u00d8 60 mm oder \u00d8 150 mm (optional)<\/li>\n<li>hohe Kolonien-Transparenz durch LED-Lichtquelle &#8211; keine Erw\u00e4rmung der Proben<\/li>\n<li>Lichtst\u00e4rke, Z\u00e4hlempfindlichkeit und Lautst\u00e4rke einstellbar<\/li>\n<li>Mittelwertbildung<\/li>\n<li>Daten\u00fcbertragung per USB auf den PC<\/li>\n<li>Ausl\u00f6sung des Z\u00e4hlimpulses durch Markieren der Kolonien mit einem beliebigen Filzstift. Als akustische Z\u00e4hlkontrolle dient ein in der Lautst\u00e4rke einstellbarer Summer.<\/li>\n<li>mit einer Stifthalterung ausger\u00fcstet.<\/li>\n<li>Mit einer 4-stelligen LED-Anzeige (0-9999) und einer \u00fcbersichtlichen Folientastatur f\u00fcr alle Bedienelemente.<\/li>\n<\/ul>\n<h2>Koloniez\u00e4hler Technische Daten<\/h2>\n<ul>\n<li>Abmessungen (B x H x T): 260 x 130 x 250 mm<\/li>\n<li>H\u00f6he mit Schwanenhalslupe\/Lampe: ca. 300 mm<\/li>\n<li>Gewicht: 1.5 kg<\/li>\n<li>Anschlussspannnung: 100-240 V \/ 50-60 Hz<\/li>\n<li>Steckernetzteil: 5 V DC, 2100 mA, 20 W<\/li>\n<\/ul>\n","protected":false},"excerpt":{"rendered":"<p>Manueller Koloniez\u00e4hler<\/p>\n","protected":false},"featured_media":1259,"template":"","meta":{"_crdt_document":""},"product_brand":[],"product_cat":[137],"product_tag":[],"class_list":{"0":"post-2214","1":"product","2":"type-product","3":"status-publish","4":"has-post-thumbnail","6":"product_cat-koloniezahler","8":"first","9":"instock","10":"taxable","11":"shipping-taxable","12":"product-type-simple"},"yoast_head":"<!-- This site is optimized with the Yoast SEO plugin v27.4 - https:\/\/yoast.com\/product\/yoast-seo-wordpress\/ -->\n<title>Manueller Koloniez\u00e4hler Schuett count - Sysmatec<\/title>\n<meta name=\"description\" content=\"Manueller Kolonienz\u00e4hler. Es hat verschiedene LED-Lichtquellen, variabel und ein integriertes Messger\u00e4t.\" \/>\n<meta name=\"robots\" content=\"index, follow, max-snippet:-1, max-image-preview:large, max-video-preview:-1\" \/>\n<link rel=\"canonical\" href=\"https:\/\/sysmatec.ch\/de\/produit\/manueller-koloniezaehler-schuett-count\/\" \/>\n<meta property=\"og:locale\" content=\"de_DE\" \/>\n<meta property=\"og:type\" content=\"article\" \/>\n<meta property=\"og:title\" content=\"Manueller Koloniez\u00e4hler Schuett count - Sysmatec\" \/>\n<meta property=\"og:description\" content=\"Manueller Kolonienz\u00e4hler. Es hat verschiedene LED-Lichtquellen, variabel und ein integriertes Messger\u00e4t.\" \/>\n<meta property=\"og:url\" content=\"https:\/\/sysmatec.ch\/de\/produit\/manueller-koloniezaehler-schuett-count\/\" \/>\n<meta property=\"og:site_name\" content=\"Sysmatec\" \/>\n<meta property=\"article:modified_time\" content=\"2022-03-09T19:44:31+00:00\" \/>\n<meta property=\"og:image\" content=\"https:\/\/sysmatec.ch\/wp-content\/uploads\/2019\/01\/CompteurDeColonies_SchuettCount.jpg\" \/>\n\t<meta property=\"og:image:width\" content=\"194\" \/>\n\t<meta property=\"og:image:height\" content=\"355\" \/>\n\t<meta property=\"og:image:type\" content=\"image\/jpeg\" \/>\n<meta name=\"twitter:card\" content=\"summary_large_image\" \/>\n<meta name=\"twitter:label1\" content=\"Gesch\u00e4tzte Lesezeit\" \/>\n\t<meta name=\"twitter:data1\" content=\"1\u00a0Minute\" \/>\n<script type=\"application\/ld+json\" class=\"yoast-schema-graph\">{\"@context\":\"https:\\\/\\\/schema.org\",\"@graph\":[{\"@type\":\"WebPage\",\"@id\":\"https:\\\/\\\/sysmatec.ch\\\/de\\\/produit\\\/manueller-koloniezaehler-schuett-count\\\/\",\"url\":\"https:\\\/\\\/sysmatec.ch\\\/de\\\/produit\\\/manueller-koloniezaehler-schuett-count\\\/\",\"name\":\"Manueller Koloniez\u00e4hler Schuett count - Sysmatec\",\"isPartOf\":{\"@id\":\"https:\\\/\\\/sysmatec.ch\\\/de\\\/#website\"},\"primaryImageOfPage\":{\"@id\":\"https:\\\/\\\/sysmatec.ch\\\/de\\\/produit\\\/manueller-koloniezaehler-schuett-count\\\/#primaryimage\"},\"image\":{\"@id\":\"https:\\\/\\\/sysmatec.ch\\\/de\\\/produit\\\/manueller-koloniezaehler-schuett-count\\\/#primaryimage\"},\"thumbnailUrl\":\"https:\\\/\\\/sysmatec.ch\\\/wp-content\\\/uploads\\\/2019\\\/01\\\/CompteurDeColonies_SchuettCount.jpg\",\"datePublished\":\"2019-01-13T16:14:25+00:00\",\"dateModified\":\"2022-03-09T19:44:31+00:00\",\"description\":\"Manueller Kolonienz\u00e4hler. Es hat verschiedene LED-Lichtquellen, variabel und ein integriertes Messger\u00e4t.\",\"breadcrumb\":{\"@id\":\"https:\\\/\\\/sysmatec.ch\\\/de\\\/produit\\\/manueller-koloniezaehler-schuett-count\\\/#breadcrumb\"},\"inLanguage\":\"de\",\"potentialAction\":[{\"@type\":\"ReadAction\",\"target\":[\"https:\\\/\\\/sysmatec.ch\\\/de\\\/produit\\\/manueller-koloniezaehler-schuett-count\\\/\"]}]},{\"@type\":\"ImageObject\",\"inLanguage\":\"de\",\"@id\":\"https:\\\/\\\/sysmatec.ch\\\/de\\\/produit\\\/manueller-koloniezaehler-schuett-count\\\/#primaryimage\",\"url\":\"https:\\\/\\\/sysmatec.ch\\\/wp-content\\\/uploads\\\/2019\\\/01\\\/CompteurDeColonies_SchuettCount.jpg\",\"contentUrl\":\"https:\\\/\\\/sysmatec.ch\\\/wp-content\\\/uploads\\\/2019\\\/01\\\/CompteurDeColonies_SchuettCount.jpg\",\"width\":194,\"height\":355},{\"@type\":\"BreadcrumbList\",\"@id\":\"https:\\\/\\\/sysmatec.ch\\\/de\\\/produit\\\/manueller-koloniezaehler-schuett-count\\\/#breadcrumb\",\"itemListElement\":[{\"@type\":\"ListItem\",\"position\":1,\"name\":\"Accueil\",\"item\":\"https:\\\/\\\/sysmatec.ch\\\/de\\\/\"},{\"@type\":\"ListItem\",\"position\":2,\"name\":\"Die Aktivit\u00e4t von Sysmatec\",\"item\":\"https:\\\/\\\/sysmatec.ch\\\/de\\\/\"},{\"@type\":\"ListItem\",\"position\":3,\"name\":\"Manueller Koloniez\u00e4hler Schuett count\"}]},{\"@type\":\"WebSite\",\"@id\":\"https:\\\/\\\/sysmatec.ch\\\/de\\\/#website\",\"url\":\"https:\\\/\\\/sysmatec.ch\\\/de\\\/\",\"name\":\"Sysmatec\",\"description\":\"Equipement de laboratoire et logiciels\",\"publisher\":{\"@id\":\"https:\\\/\\\/sysmatec.ch\\\/de\\\/#organization\"},\"potentialAction\":[{\"@type\":\"SearchAction\",\"target\":{\"@type\":\"EntryPoint\",\"urlTemplate\":\"https:\\\/\\\/sysmatec.ch\\\/de\\\/?s={search_term_string}\"},\"query-input\":{\"@type\":\"PropertyValueSpecification\",\"valueRequired\":true,\"valueName\":\"search_term_string\"}}],\"inLanguage\":\"de\"},{\"@type\":\"Organization\",\"@id\":\"https:\\\/\\\/sysmatec.ch\\\/de\\\/#organization\",\"name\":\"Sysmatec\",\"url\":\"https:\\\/\\\/sysmatec.ch\\\/de\\\/\",\"logo\":{\"@type\":\"ImageObject\",\"inLanguage\":\"de\",\"@id\":\"https:\\\/\\\/sysmatec.ch\\\/de\\\/#\\\/schema\\\/logo\\\/image\\\/\",\"url\":\"https:\\\/\\\/sysmatec.ch\\\/wp-content\\\/uploads\\\/2018\\\/11\\\/LogoSysmatec.jpg\",\"contentUrl\":\"https:\\\/\\\/sysmatec.ch\\\/wp-content\\\/uploads\\\/2018\\\/11\\\/LogoSysmatec.jpg\",\"width\":301,\"height\":297,\"caption\":\"Sysmatec\"},\"image\":{\"@id\":\"https:\\\/\\\/sysmatec.ch\\\/de\\\/#\\\/schema\\\/logo\\\/image\\\/\"}}]}<\/script>\n<!-- \/ Yoast SEO plugin. -->","yoast_head_json":{"title":"Manueller Koloniez\u00e4hler Schuett count - Sysmatec","description":"Manueller Kolonienz\u00e4hler. Es hat verschiedene LED-Lichtquellen, variabel und ein integriertes Messger\u00e4t.","robots":{"index":"index","follow":"follow","max-snippet":"max-snippet:-1","max-image-preview":"max-image-preview:large","max-video-preview":"max-video-preview:-1"},"canonical":"https:\/\/sysmatec.ch\/de\/produit\/manueller-koloniezaehler-schuett-count\/","og_locale":"de_DE","og_type":"article","og_title":"Manueller Koloniez\u00e4hler Schuett count - Sysmatec","og_description":"Manueller Kolonienz\u00e4hler. Es hat verschiedene LED-Lichtquellen, variabel und ein integriertes Messger\u00e4t.","og_url":"https:\/\/sysmatec.ch\/de\/produit\/manueller-koloniezaehler-schuett-count\/","og_site_name":"Sysmatec","article_modified_time":"2022-03-09T19:44:31+00:00","og_image":[{"width":194,"height":355,"url":"https:\/\/sysmatec.ch\/wp-content\/uploads\/2019\/01\/CompteurDeColonies_SchuettCount.jpg","type":"image\/jpeg"}],"twitter_card":"summary_large_image","twitter_misc":{"Gesch\u00e4tzte Lesezeit":"1\u00a0Minute"},"schema":{"@context":"https:\/\/schema.org","@graph":[{"@type":"WebPage","@id":"https:\/\/sysmatec.ch\/de\/produit\/manueller-koloniezaehler-schuett-count\/","url":"https:\/\/sysmatec.ch\/de\/produit\/manueller-koloniezaehler-schuett-count\/","name":"Manueller Koloniez\u00e4hler Schuett count - Sysmatec","isPartOf":{"@id":"https:\/\/sysmatec.ch\/de\/#website"},"primaryImageOfPage":{"@id":"https:\/\/sysmatec.ch\/de\/produit\/manueller-koloniezaehler-schuett-count\/#primaryimage"},"image":{"@id":"https:\/\/sysmatec.ch\/de\/produit\/manueller-koloniezaehler-schuett-count\/#primaryimage"},"thumbnailUrl":"https:\/\/sysmatec.ch\/wp-content\/uploads\/2019\/01\/CompteurDeColonies_SchuettCount.jpg","datePublished":"2019-01-13T16:14:25+00:00","dateModified":"2022-03-09T19:44:31+00:00","description":"Manueller Kolonienz\u00e4hler. Es hat verschiedene LED-Lichtquellen, variabel und ein integriertes Messger\u00e4t.","breadcrumb":{"@id":"https:\/\/sysmatec.ch\/de\/produit\/manueller-koloniezaehler-schuett-count\/#breadcrumb"},"inLanguage":"de","potentialAction":[{"@type":"ReadAction","target":["https:\/\/sysmatec.ch\/de\/produit\/manueller-koloniezaehler-schuett-count\/"]}]},{"@type":"ImageObject","inLanguage":"de","@id":"https:\/\/sysmatec.ch\/de\/produit\/manueller-koloniezaehler-schuett-count\/#primaryimage","url":"https:\/\/sysmatec.ch\/wp-content\/uploads\/2019\/01\/CompteurDeColonies_SchuettCount.jpg","contentUrl":"https:\/\/sysmatec.ch\/wp-content\/uploads\/2019\/01\/CompteurDeColonies_SchuettCount.jpg","width":194,"height":355},{"@type":"BreadcrumbList","@id":"https:\/\/sysmatec.ch\/de\/produit\/manueller-koloniezaehler-schuett-count\/#breadcrumb","itemListElement":[{"@type":"ListItem","position":1,"name":"Accueil","item":"https:\/\/sysmatec.ch\/de\/"},{"@type":"ListItem","position":2,"name":"Die Aktivit\u00e4t von Sysmatec","item":"https:\/\/sysmatec.ch\/de\/"},{"@type":"ListItem","position":3,"name":"Manueller Koloniez\u00e4hler Schuett count"}]},{"@type":"WebSite","@id":"https:\/\/sysmatec.ch\/de\/#website","url":"https:\/\/sysmatec.ch\/de\/","name":"Sysmatec","description":"Equipement de laboratoire et logiciels","publisher":{"@id":"https:\/\/sysmatec.ch\/de\/#organization"},"potentialAction":[{"@type":"SearchAction","target":{"@type":"EntryPoint","urlTemplate":"https:\/\/sysmatec.ch\/de\/?s={search_term_string}"},"query-input":{"@type":"PropertyValueSpecification","valueRequired":true,"valueName":"search_term_string"}}],"inLanguage":"de"},{"@type":"Organization","@id":"https:\/\/sysmatec.ch\/de\/#organization","name":"Sysmatec","url":"https:\/\/sysmatec.ch\/de\/","logo":{"@type":"ImageObject","inLanguage":"de","@id":"https:\/\/sysmatec.ch\/de\/#\/schema\/logo\/image\/","url":"https:\/\/sysmatec.ch\/wp-content\/uploads\/2018\/11\/LogoSysmatec.jpg","contentUrl":"https:\/\/sysmatec.ch\/wp-content\/uploads\/2018\/11\/LogoSysmatec.jpg","width":301,"height":297,"caption":"Sysmatec"},"image":{"@id":"https:\/\/sysmatec.ch\/de\/#\/schema\/logo\/image\/"}}]}},"_links":{"self":[{"href":"https:\/\/sysmatec.ch\/de\/wp-json\/wp\/v2\/product\/2214","targetHints":{"allow":["GET"]}}],"collection":[{"href":"https:\/\/sysmatec.ch\/de\/wp-json\/wp\/v2\/product"}],"about":[{"href":"https:\/\/sysmatec.ch\/de\/wp-json\/wp\/v2\/types\/product"}],"wp:featuredmedia":[{"embeddable":true,"href":"https:\/\/sysmatec.ch\/de\/wp-json\/wp\/v2\/media\/1259"}],"wp:attachment":[{"href":"https:\/\/sysmatec.ch\/de\/wp-json\/wp\/v2\/media?parent=2214"}],"wp:term":[{"taxonomy":"product_brand","embeddable":true,"href":"https:\/\/sysmatec.ch\/de\/wp-json\/wp\/v2\/product_brand?post=2214"},{"taxonomy":"product_cat","embeddable":true,"href":"https:\/\/sysmatec.ch\/de\/wp-json\/wp\/v2\/product_cat?post=2214"},{"taxonomy":"product_tag","embeddable":true,"href":"https:\/\/sysmatec.ch\/de\/wp-json\/wp\/v2\/product_tag?post=2214"}],"curies":[{"name":"wp","href":"https:\/\/api.w.org\/{rel}","templated":true}]}}