{"id":2210,"date":"2019-01-13T17:45:00","date_gmt":"2019-01-13T16:45:00","guid":{"rendered":"https:\/\/sysmatec.ch\/produit\/preparation-dechantillons-solides-pour-la-microbiologie-systeme-de-sachets\/"},"modified":"2023-02-04T15:10:57","modified_gmt":"2023-02-04T14:10:57","slug":"stomacher-blender-lz-smb-a100","status":"publish","type":"product","link":"https:\/\/sysmatec.ch\/de\/Produkt\/stomacher-blender-lz-smb-a100\/","title":{"rendered":"Stomacher Blender LZ SMB A100"},"content":{"rendered":"<p>Dieser Magenmixer ist ein Homogenisator mit einem intelligenten Programmsteuerungssystem zur Einstellung von Misch- Zeit und -Geschwindigkeit. Durch die transparente T\u00fcr aus geh\u00e4rtetem Glas kann der Prozess beobachtet werden. Ausgestattet mit einem LCD-Bildschirm zum Einstellen und Visualisieren von Testparametern verarbeitet es sowohl konzentrierte als auch verd\u00fcnnte feste und fl\u00fcssige Proben, die in einem sterilen, homogenen Beutel verpackt sind. Das Erhitzen, Sterilisieren oder Waschen von Ger\u00e4ten und Utensilien, falls vorhanden, ist nicht erforderlich, au\u00dfer im Falle einer Undichtigkeit.<\/p>\n<h2>Technische Beschreibung<\/h2>\n<ul>\n<li>Einzigartiges mechanisches Systemdesign f\u00fcr feine Mischvorg\u00e4nge<\/li>\n<li>Einfache Einstellung von Beat-Geschwindigkeit und -Dauer<\/li>\n<li>Die Amplitude des Schlags ist einstellbar, was die Behandlung je nach Menge erleichtert<\/li>\n<li>Mikroprozessorgesteuerte Technik<\/li>\n<li>F\u00fcr sterile Einwegbeutel f\u00fcr Hygiene und Sicherheit<\/li>\n<li>Leichtes \u00d6ffnen der T\u00fcr f\u00fcr eine effiziente Reinigung<\/li>\n<li>Fassungsverm\u00f6gen 3 bis 400 ml<\/li>\n<li>Abmessungen der Homogenisatorbeutel 300 \u00d7 170 mm<\/li>\n<li>Mischzeit 0,1 bis 99,99 Minuten oder Dauerbetrieb<\/li>\n<li>Mischgeschwindigkeit 3 \u200b\u200bbis 12 Mal\/Sekunde<\/li>\n<li>Schlagweite 0 bis 50 mm einstellbar<\/li>\n<li>Speicher f\u00fcr 3 Programme<\/li>\n<li>LCD Bildschirm<\/li>\n<li>Maschinenabmessungen (B \u00d7 T \u00d7 H) 420 \u00d7 230 \u00d7 330 mm<\/li>\n<li>Verpackungsabmessungen (B \u00d7 T \u00d7 H) 570 \u00d7 340 \u00d7 460 mm<\/li>\n<li>Nettogewicht 19kg<\/li>\n<li>Gesamtgewicht 22 kg<\/li>\n<li>Stromversorgung 110V, 220V \/ 50Hz<\/li>\n<li>Leistung 200W<\/li>\n<li>Option: UV-Lampe zur Innenraumdesinfektion (Modell LZ SMB A101)<\/li>\n<\/ul>\n","protected":false},"excerpt":{"rendered":"<p>Magenmischer zur Vorbereitung fester Proben.<\/p>\n","protected":false},"featured_media":28247,"template":"","meta":{"_crdt_document":""},"product_brand":[],"product_cat":[134,135],"product_tag":[],"class_list":{"0":"post-2210","1":"product","2":"type-product","3":"status-publish","4":"has-post-thumbnail","6":"product_cat-probe","7":"product_cat-vorbereitung","9":"first","10":"instock","11":"taxable","12":"shipping-taxable","13":"product-type-simple"},"yoast_head":"<!-- This site is optimized with the Yoast SEO plugin v27.4 - https:\/\/yoast.com\/product\/yoast-seo-wordpress\/ -->\n<title>Stomacher Blender LZ SMB A100 - Sysmatec<\/title>\n<meta name=\"description\" content=\"Magenmischer zur Probenvorbereitung f\u00fcr mikrobiologische Analysen. 3-Version f\u00fcr Volumenbereiche von 3-400 ml.\" \/>\n<meta name=\"robots\" content=\"index, follow, max-snippet:-1, max-image-preview:large, max-video-preview:-1\" \/>\n<link rel=\"canonical\" href=\"https:\/\/sysmatec.ch\/de\/Produkt\/stomacher-blender-lz-smb-a100\/\" \/>\n<meta property=\"og:locale\" content=\"de_DE\" \/>\n<meta property=\"og:type\" content=\"article\" \/>\n<meta property=\"og:title\" content=\"Stomacher Blender LZ SMB A100 - Sysmatec\" \/>\n<meta property=\"og:description\" content=\"Magenmischer zur Probenvorbereitung f\u00fcr mikrobiologische Analysen. 3-Version f\u00fcr Volumenbereiche von 3-400 ml.\" \/>\n<meta property=\"og:url\" content=\"https:\/\/sysmatec.ch\/de\/Produkt\/stomacher-blender-lz-smb-a100\/\" \/>\n<meta property=\"og:site_name\" content=\"Sysmatec\" \/>\n<meta property=\"article:modified_time\" content=\"2023-02-04T14:10:57+00:00\" \/>\n<meta property=\"og:image\" content=\"https:\/\/sysmatec.ch\/wp-content\/uploads\/2019\/01\/MalaxeurStomacal_LabozonLZ-SMB-A100.jpg\" \/>\n\t<meta property=\"og:image:width\" content=\"250\" \/>\n\t<meta property=\"og:image:height\" content=\"250\" \/>\n\t<meta property=\"og:image:type\" content=\"image\/jpeg\" \/>\n<meta name=\"twitter:card\" content=\"summary_large_image\" \/>\n<meta name=\"twitter:label1\" content=\"Gesch\u00e4tzte Lesezeit\" \/>\n\t<meta name=\"twitter:data1\" content=\"1\u00a0Minute\" \/>\n<script type=\"application\/ld+json\" class=\"yoast-schema-graph\">{\"@context\":\"https:\\\/\\\/schema.org\",\"@graph\":[{\"@type\":\"WebPage\",\"@id\":\"https:\\\/\\\/sysmatec.ch\\\/de\\\/Produkt\\\/stomacher-blender-lz-smb-a100\\\/\",\"url\":\"https:\\\/\\\/sysmatec.ch\\\/de\\\/Produkt\\\/stomacher-blender-lz-smb-a100\\\/\",\"name\":\"Stomacher Blender LZ SMB A100 - Sysmatec\",\"isPartOf\":{\"@id\":\"https:\\\/\\\/sysmatec.ch\\\/de\\\/#website\"},\"primaryImageOfPage\":{\"@id\":\"https:\\\/\\\/sysmatec.ch\\\/de\\\/Produkt\\\/stomacher-blender-lz-smb-a100\\\/#primaryimage\"},\"image\":{\"@id\":\"https:\\\/\\\/sysmatec.ch\\\/de\\\/Produkt\\\/stomacher-blender-lz-smb-a100\\\/#primaryimage\"},\"thumbnailUrl\":\"https:\\\/\\\/sysmatec.ch\\\/wp-content\\\/uploads\\\/2019\\\/01\\\/MalaxeurStomacal_LabozonLZ-SMB-A100.jpg\",\"datePublished\":\"2019-01-13T16:45:00+00:00\",\"dateModified\":\"2023-02-04T14:10:57+00:00\",\"description\":\"Magenmischer zur Probenvorbereitung f\u00fcr mikrobiologische Analysen. 3-Version f\u00fcr Volumenbereiche von 3-400 ml.\",\"breadcrumb\":{\"@id\":\"https:\\\/\\\/sysmatec.ch\\\/de\\\/Produkt\\\/stomacher-blender-lz-smb-a100\\\/#breadcrumb\"},\"inLanguage\":\"de\",\"potentialAction\":[{\"@type\":\"ReadAction\",\"target\":[\"https:\\\/\\\/sysmatec.ch\\\/de\\\/Produkt\\\/stomacher-blender-lz-smb-a100\\\/\"]}]},{\"@type\":\"ImageObject\",\"inLanguage\":\"de\",\"@id\":\"https:\\\/\\\/sysmatec.ch\\\/de\\\/Produkt\\\/stomacher-blender-lz-smb-a100\\\/#primaryimage\",\"url\":\"https:\\\/\\\/sysmatec.ch\\\/wp-content\\\/uploads\\\/2019\\\/01\\\/MalaxeurStomacal_LabozonLZ-SMB-A100.jpg\",\"contentUrl\":\"https:\\\/\\\/sysmatec.ch\\\/wp-content\\\/uploads\\\/2019\\\/01\\\/MalaxeurStomacal_LabozonLZ-SMB-A100.jpg\",\"width\":250,\"height\":250},{\"@type\":\"BreadcrumbList\",\"@id\":\"https:\\\/\\\/sysmatec.ch\\\/de\\\/Produkt\\\/stomacher-blender-lz-smb-a100\\\/#breadcrumb\",\"itemListElement\":[{\"@type\":\"ListItem\",\"position\":1,\"name\":\"Accueil\",\"item\":\"https:\\\/\\\/sysmatec.ch\\\/de\\\/\"},{\"@type\":\"ListItem\",\"position\":2,\"name\":\"Die Aktivit\u00e4t von Sysmatec\",\"item\":\"https:\\\/\\\/sysmatec.ch\\\/de\\\/\"},{\"@type\":\"ListItem\",\"position\":3,\"name\":\"Stomacher Blender LZ SMB A100\"}]},{\"@type\":\"WebSite\",\"@id\":\"https:\\\/\\\/sysmatec.ch\\\/de\\\/#website\",\"url\":\"https:\\\/\\\/sysmatec.ch\\\/de\\\/\",\"name\":\"Sysmatec\",\"description\":\"Equipement de laboratoire et logiciels\",\"publisher\":{\"@id\":\"https:\\\/\\\/sysmatec.ch\\\/de\\\/#organization\"},\"potentialAction\":[{\"@type\":\"SearchAction\",\"target\":{\"@type\":\"EntryPoint\",\"urlTemplate\":\"https:\\\/\\\/sysmatec.ch\\\/de\\\/?s={search_term_string}\"},\"query-input\":{\"@type\":\"PropertyValueSpecification\",\"valueRequired\":true,\"valueName\":\"search_term_string\"}}],\"inLanguage\":\"de\"},{\"@type\":\"Organization\",\"@id\":\"https:\\\/\\\/sysmatec.ch\\\/de\\\/#organization\",\"name\":\"Sysmatec\",\"url\":\"https:\\\/\\\/sysmatec.ch\\\/de\\\/\",\"logo\":{\"@type\":\"ImageObject\",\"inLanguage\":\"de\",\"@id\":\"https:\\\/\\\/sysmatec.ch\\\/de\\\/#\\\/schema\\\/logo\\\/image\\\/\",\"url\":\"https:\\\/\\\/sysmatec.ch\\\/wp-content\\\/uploads\\\/2018\\\/11\\\/LogoSysmatec.jpg\",\"contentUrl\":\"https:\\\/\\\/sysmatec.ch\\\/wp-content\\\/uploads\\\/2018\\\/11\\\/LogoSysmatec.jpg\",\"width\":301,\"height\":297,\"caption\":\"Sysmatec\"},\"image\":{\"@id\":\"https:\\\/\\\/sysmatec.ch\\\/de\\\/#\\\/schema\\\/logo\\\/image\\\/\"}}]}<\/script>\n<!-- \/ Yoast SEO plugin. -->","yoast_head_json":{"title":"Stomacher Blender LZ SMB A100 - Sysmatec","description":"Magenmischer zur Probenvorbereitung f\u00fcr mikrobiologische Analysen. 3-Version f\u00fcr Volumenbereiche von 3-400 ml.","robots":{"index":"index","follow":"follow","max-snippet":"max-snippet:-1","max-image-preview":"max-image-preview:large","max-video-preview":"max-video-preview:-1"},"canonical":"https:\/\/sysmatec.ch\/de\/Produkt\/stomacher-blender-lz-smb-a100\/","og_locale":"de_DE","og_type":"article","og_title":"Stomacher Blender LZ SMB A100 - Sysmatec","og_description":"Magenmischer zur Probenvorbereitung f\u00fcr mikrobiologische Analysen. 3-Version f\u00fcr Volumenbereiche von 3-400 ml.","og_url":"https:\/\/sysmatec.ch\/de\/Produkt\/stomacher-blender-lz-smb-a100\/","og_site_name":"Sysmatec","article_modified_time":"2023-02-04T14:10:57+00:00","og_image":[{"width":250,"height":250,"url":"https:\/\/sysmatec.ch\/wp-content\/uploads\/2019\/01\/MalaxeurStomacal_LabozonLZ-SMB-A100.jpg","type":"image\/jpeg"}],"twitter_card":"summary_large_image","twitter_misc":{"Gesch\u00e4tzte Lesezeit":"1\u00a0Minute"},"schema":{"@context":"https:\/\/schema.org","@graph":[{"@type":"WebPage","@id":"https:\/\/sysmatec.ch\/de\/Produkt\/stomacher-blender-lz-smb-a100\/","url":"https:\/\/sysmatec.ch\/de\/Produkt\/stomacher-blender-lz-smb-a100\/","name":"Stomacher Blender LZ SMB A100 - Sysmatec","isPartOf":{"@id":"https:\/\/sysmatec.ch\/de\/#website"},"primaryImageOfPage":{"@id":"https:\/\/sysmatec.ch\/de\/Produkt\/stomacher-blender-lz-smb-a100\/#primaryimage"},"image":{"@id":"https:\/\/sysmatec.ch\/de\/Produkt\/stomacher-blender-lz-smb-a100\/#primaryimage"},"thumbnailUrl":"https:\/\/sysmatec.ch\/wp-content\/uploads\/2019\/01\/MalaxeurStomacal_LabozonLZ-SMB-A100.jpg","datePublished":"2019-01-13T16:45:00+00:00","dateModified":"2023-02-04T14:10:57+00:00","description":"Magenmischer zur Probenvorbereitung f\u00fcr mikrobiologische Analysen. 3-Version f\u00fcr Volumenbereiche von 3-400 ml.","breadcrumb":{"@id":"https:\/\/sysmatec.ch\/de\/Produkt\/stomacher-blender-lz-smb-a100\/#breadcrumb"},"inLanguage":"de","potentialAction":[{"@type":"ReadAction","target":["https:\/\/sysmatec.ch\/de\/Produkt\/stomacher-blender-lz-smb-a100\/"]}]},{"@type":"ImageObject","inLanguage":"de","@id":"https:\/\/sysmatec.ch\/de\/Produkt\/stomacher-blender-lz-smb-a100\/#primaryimage","url":"https:\/\/sysmatec.ch\/wp-content\/uploads\/2019\/01\/MalaxeurStomacal_LabozonLZ-SMB-A100.jpg","contentUrl":"https:\/\/sysmatec.ch\/wp-content\/uploads\/2019\/01\/MalaxeurStomacal_LabozonLZ-SMB-A100.jpg","width":250,"height":250},{"@type":"BreadcrumbList","@id":"https:\/\/sysmatec.ch\/de\/Produkt\/stomacher-blender-lz-smb-a100\/#breadcrumb","itemListElement":[{"@type":"ListItem","position":1,"name":"Accueil","item":"https:\/\/sysmatec.ch\/de\/"},{"@type":"ListItem","position":2,"name":"Die Aktivit\u00e4t von Sysmatec","item":"https:\/\/sysmatec.ch\/de\/"},{"@type":"ListItem","position":3,"name":"Stomacher Blender LZ SMB A100"}]},{"@type":"WebSite","@id":"https:\/\/sysmatec.ch\/de\/#website","url":"https:\/\/sysmatec.ch\/de\/","name":"Sysmatec","description":"Equipement de laboratoire et logiciels","publisher":{"@id":"https:\/\/sysmatec.ch\/de\/#organization"},"potentialAction":[{"@type":"SearchAction","target":{"@type":"EntryPoint","urlTemplate":"https:\/\/sysmatec.ch\/de\/?s={search_term_string}"},"query-input":{"@type":"PropertyValueSpecification","valueRequired":true,"valueName":"search_term_string"}}],"inLanguage":"de"},{"@type":"Organization","@id":"https:\/\/sysmatec.ch\/de\/#organization","name":"Sysmatec","url":"https:\/\/sysmatec.ch\/de\/","logo":{"@type":"ImageObject","inLanguage":"de","@id":"https:\/\/sysmatec.ch\/de\/#\/schema\/logo\/image\/","url":"https:\/\/sysmatec.ch\/wp-content\/uploads\/2018\/11\/LogoSysmatec.jpg","contentUrl":"https:\/\/sysmatec.ch\/wp-content\/uploads\/2018\/11\/LogoSysmatec.jpg","width":301,"height":297,"caption":"Sysmatec"},"image":{"@id":"https:\/\/sysmatec.ch\/de\/#\/schema\/logo\/image\/"}}]}},"_links":{"self":[{"href":"https:\/\/sysmatec.ch\/de\/wp-json\/wp\/v2\/product\/2210","targetHints":{"allow":["GET"]}}],"collection":[{"href":"https:\/\/sysmatec.ch\/de\/wp-json\/wp\/v2\/product"}],"about":[{"href":"https:\/\/sysmatec.ch\/de\/wp-json\/wp\/v2\/types\/product"}],"wp:featuredmedia":[{"embeddable":true,"href":"https:\/\/sysmatec.ch\/de\/wp-json\/wp\/v2\/media\/28247"}],"wp:attachment":[{"href":"https:\/\/sysmatec.ch\/de\/wp-json\/wp\/v2\/media?parent=2210"}],"wp:term":[{"taxonomy":"product_brand","embeddable":true,"href":"https:\/\/sysmatec.ch\/de\/wp-json\/wp\/v2\/product_brand?post=2210"},{"taxonomy":"product_cat","embeddable":true,"href":"https:\/\/sysmatec.ch\/de\/wp-json\/wp\/v2\/product_cat?post=2210"},{"taxonomy":"product_tag","embeddable":true,"href":"https:\/\/sysmatec.ch\/de\/wp-json\/wp\/v2\/product_tag?post=2210"}],"curies":[{"name":"wp","href":"https:\/\/api.w.org\/{rel}","templated":true}]}}