{"id":2208,"date":"2019-01-13T17:50:05","date_gmt":"2019-01-13T16:50:05","guid":{"rendered":"https:\/\/sysmatec.ch\/produit\/diluteur-gravimetrique-lab-pro\/"},"modified":"2022-03-09T19:08:18","modified_gmt":"2022-03-09T18:08:18","slug":"gravimetrischer-verduenner-lab-pro","status":"publish","type":"product","link":"https:\/\/sysmatec.ch\/de\/Produkt\/gravimetrischer-verduenner-lab-pro\/","title":{"rendered":"Gravimetrischer Verd\u00fcnner Lab Pro"},"content":{"rendered":"<p>Das System LabPro ist sehr praktisch f\u00fcr die Vorbereitung von Proben. Es kann bei Verd\u00fcnnung oder nur f\u00fcr vordefinierte Flussgkeitvolumen zudosieren benutzt werden.<\/p>\n<p>Eine LabPro Pumpe ist mit einer Explorer Waage angeschlossen. Die Pumpe berechnet die Menge Fl\u00fcssigkeit, die zudosiert werden muss. Z. B., wenn der Ben\u00fctzer einen Wert von 9.00 eingibt und die Probe 11 g wiegt, wird die Pumpe 99.0 g Fl\u00fcssigkeit zudosieren. Die Probe wird dann 10 mal verd\u00fcnnt.<\/p>\n","protected":false},"excerpt":{"rendered":"<p><span class=\"VIiyi\" lang=\"de\"><span class=\"JLqJ4b ChMk0b\" data-language-for-alternatives=\"de\" data-language-to-translate-into=\"fr\" data-phrase-index=\"2\" data-number-of-phrases=\"3\">Probenvorbereitung mit einem gravimetrischen <\/span><\/span>Verd\u00fcnner.<\/p>\n","protected":false},"featured_media":1261,"template":"","meta":{"_crdt_document":""},"product_brand":[],"product_cat":[134,135],"product_tag":[],"class_list":{"0":"post-2208","1":"product","2":"type-product","3":"status-publish","4":"has-post-thumbnail","6":"product_cat-probe","7":"product_cat-vorbereitung","9":"first","10":"instock","11":"taxable","12":"shipping-taxable","13":"product-type-simple"},"yoast_head":"<!-- This site is optimized with the Yoast SEO plugin v27.3 - https:\/\/yoast.com\/product\/yoast-seo-wordpress\/ -->\n<title>Gravimetrischer Verd\u00fcnner Lab Pro - Sysmatec<\/title>\n<meta name=\"description\" content=\"Gravimetrischer Dilutor zum Verd\u00fcnnen von Proben mit einer Peristaltikpumpe und einer Waage.\" \/>\n<meta name=\"robots\" content=\"index, follow, max-snippet:-1, max-image-preview:large, max-video-preview:-1\" \/>\n<link rel=\"canonical\" href=\"https:\/\/sysmatec.ch\/de\/produit\/gravimetrischer-verduenner-lab-pro\/\" \/>\n<meta property=\"og:locale\" content=\"de_DE\" \/>\n<meta property=\"og:type\" content=\"article\" \/>\n<meta property=\"og:title\" content=\"Gravimetrischer Verd\u00fcnner Lab Pro - Sysmatec\" \/>\n<meta property=\"og:description\" content=\"Gravimetrischer Dilutor zum Verd\u00fcnnen von Proben mit einer Peristaltikpumpe und einer Waage.\" \/>\n<meta property=\"og:url\" content=\"https:\/\/sysmatec.ch\/de\/produit\/gravimetrischer-verduenner-lab-pro\/\" \/>\n<meta property=\"og:site_name\" content=\"Sysmatec\" \/>\n<meta property=\"article:modified_time\" content=\"2022-03-09T18:08:18+00:00\" \/>\n<meta property=\"og:image\" content=\"https:\/\/sysmatec.ch\/wp-content\/uploads\/2019\/01\/PreparationEchantillon_LabPro.gif\" \/>\n\t<meta property=\"og:image:width\" content=\"210\" \/>\n\t<meta property=\"og:image:height\" content=\"158\" \/>\n\t<meta property=\"og:image:type\" content=\"image\/gif\" \/>\n<meta name=\"twitter:card\" content=\"summary_large_image\" \/>\n<script type=\"application\/ld+json\" class=\"yoast-schema-graph\">{\"@context\":\"https:\\\/\\\/schema.org\",\"@graph\":[{\"@type\":\"WebPage\",\"@id\":\"https:\\\/\\\/sysmatec.ch\\\/de\\\/produit\\\/gravimetrischer-verduenner-lab-pro\\\/\",\"url\":\"https:\\\/\\\/sysmatec.ch\\\/de\\\/produit\\\/gravimetrischer-verduenner-lab-pro\\\/\",\"name\":\"Gravimetrischer Verd\u00fcnner Lab Pro - Sysmatec\",\"isPartOf\":{\"@id\":\"https:\\\/\\\/sysmatec.ch\\\/de\\\/#website\"},\"primaryImageOfPage\":{\"@id\":\"https:\\\/\\\/sysmatec.ch\\\/de\\\/produit\\\/gravimetrischer-verduenner-lab-pro\\\/#primaryimage\"},\"image\":{\"@id\":\"https:\\\/\\\/sysmatec.ch\\\/de\\\/produit\\\/gravimetrischer-verduenner-lab-pro\\\/#primaryimage\"},\"thumbnailUrl\":\"https:\\\/\\\/sysmatec.ch\\\/wp-content\\\/uploads\\\/2019\\\/01\\\/PreparationEchantillon_LabPro.gif\",\"datePublished\":\"2019-01-13T16:50:05+00:00\",\"dateModified\":\"2022-03-09T18:08:18+00:00\",\"description\":\"Gravimetrischer Dilutor zum Verd\u00fcnnen von Proben mit einer Peristaltikpumpe und einer Waage.\",\"breadcrumb\":{\"@id\":\"https:\\\/\\\/sysmatec.ch\\\/de\\\/produit\\\/gravimetrischer-verduenner-lab-pro\\\/#breadcrumb\"},\"inLanguage\":\"de\",\"potentialAction\":[{\"@type\":\"ReadAction\",\"target\":[\"https:\\\/\\\/sysmatec.ch\\\/de\\\/produit\\\/gravimetrischer-verduenner-lab-pro\\\/\"]}]},{\"@type\":\"ImageObject\",\"inLanguage\":\"de\",\"@id\":\"https:\\\/\\\/sysmatec.ch\\\/de\\\/produit\\\/gravimetrischer-verduenner-lab-pro\\\/#primaryimage\",\"url\":\"https:\\\/\\\/sysmatec.ch\\\/wp-content\\\/uploads\\\/2019\\\/01\\\/PreparationEchantillon_LabPro.gif\",\"contentUrl\":\"https:\\\/\\\/sysmatec.ch\\\/wp-content\\\/uploads\\\/2019\\\/01\\\/PreparationEchantillon_LabPro.gif\",\"width\":210,\"height\":158},{\"@type\":\"BreadcrumbList\",\"@id\":\"https:\\\/\\\/sysmatec.ch\\\/de\\\/produit\\\/gravimetrischer-verduenner-lab-pro\\\/#breadcrumb\",\"itemListElement\":[{\"@type\":\"ListItem\",\"position\":1,\"name\":\"Accueil\",\"item\":\"https:\\\/\\\/sysmatec.ch\\\/de\\\/\"},{\"@type\":\"ListItem\",\"position\":2,\"name\":\"Die Aktivit\u00e4t von Sysmatec\",\"item\":\"https:\\\/\\\/sysmatec.ch\\\/de\\\/\"},{\"@type\":\"ListItem\",\"position\":3,\"name\":\"Gravimetrischer Verd\u00fcnner Lab Pro\"}]},{\"@type\":\"WebSite\",\"@id\":\"https:\\\/\\\/sysmatec.ch\\\/de\\\/#website\",\"url\":\"https:\\\/\\\/sysmatec.ch\\\/de\\\/\",\"name\":\"Sysmatec\",\"description\":\"Equipement de laboratoire et logiciels\",\"publisher\":{\"@id\":\"https:\\\/\\\/sysmatec.ch\\\/de\\\/#organization\"},\"potentialAction\":[{\"@type\":\"SearchAction\",\"target\":{\"@type\":\"EntryPoint\",\"urlTemplate\":\"https:\\\/\\\/sysmatec.ch\\\/de\\\/?s={search_term_string}\"},\"query-input\":{\"@type\":\"PropertyValueSpecification\",\"valueRequired\":true,\"valueName\":\"search_term_string\"}}],\"inLanguage\":\"de\"},{\"@type\":\"Organization\",\"@id\":\"https:\\\/\\\/sysmatec.ch\\\/de\\\/#organization\",\"name\":\"Sysmatec\",\"url\":\"https:\\\/\\\/sysmatec.ch\\\/de\\\/\",\"logo\":{\"@type\":\"ImageObject\",\"inLanguage\":\"de\",\"@id\":\"https:\\\/\\\/sysmatec.ch\\\/de\\\/#\\\/schema\\\/logo\\\/image\\\/\",\"url\":\"https:\\\/\\\/sysmatec.ch\\\/wp-content\\\/uploads\\\/2018\\\/11\\\/LogoSysmatec.jpg\",\"contentUrl\":\"https:\\\/\\\/sysmatec.ch\\\/wp-content\\\/uploads\\\/2018\\\/11\\\/LogoSysmatec.jpg\",\"width\":301,\"height\":297,\"caption\":\"Sysmatec\"},\"image\":{\"@id\":\"https:\\\/\\\/sysmatec.ch\\\/de\\\/#\\\/schema\\\/logo\\\/image\\\/\"}}]}<\/script>\n<!-- \/ Yoast SEO plugin. -->","yoast_head_json":{"title":"Gravimetrischer Verd\u00fcnner Lab Pro - Sysmatec","description":"Gravimetrischer Dilutor zum Verd\u00fcnnen von Proben mit einer Peristaltikpumpe und einer Waage.","robots":{"index":"index","follow":"follow","max-snippet":"max-snippet:-1","max-image-preview":"max-image-preview:large","max-video-preview":"max-video-preview:-1"},"canonical":"https:\/\/sysmatec.ch\/de\/produit\/gravimetrischer-verduenner-lab-pro\/","og_locale":"de_DE","og_type":"article","og_title":"Gravimetrischer Verd\u00fcnner Lab Pro - Sysmatec","og_description":"Gravimetrischer Dilutor zum Verd\u00fcnnen von Proben mit einer Peristaltikpumpe und einer Waage.","og_url":"https:\/\/sysmatec.ch\/de\/produit\/gravimetrischer-verduenner-lab-pro\/","og_site_name":"Sysmatec","article_modified_time":"2022-03-09T18:08:18+00:00","og_image":[{"width":210,"height":158,"url":"https:\/\/sysmatec.ch\/wp-content\/uploads\/2019\/01\/PreparationEchantillon_LabPro.gif","type":"image\/gif"}],"twitter_card":"summary_large_image","schema":{"@context":"https:\/\/schema.org","@graph":[{"@type":"WebPage","@id":"https:\/\/sysmatec.ch\/de\/produit\/gravimetrischer-verduenner-lab-pro\/","url":"https:\/\/sysmatec.ch\/de\/produit\/gravimetrischer-verduenner-lab-pro\/","name":"Gravimetrischer Verd\u00fcnner Lab Pro - Sysmatec","isPartOf":{"@id":"https:\/\/sysmatec.ch\/de\/#website"},"primaryImageOfPage":{"@id":"https:\/\/sysmatec.ch\/de\/produit\/gravimetrischer-verduenner-lab-pro\/#primaryimage"},"image":{"@id":"https:\/\/sysmatec.ch\/de\/produit\/gravimetrischer-verduenner-lab-pro\/#primaryimage"},"thumbnailUrl":"https:\/\/sysmatec.ch\/wp-content\/uploads\/2019\/01\/PreparationEchantillon_LabPro.gif","datePublished":"2019-01-13T16:50:05+00:00","dateModified":"2022-03-09T18:08:18+00:00","description":"Gravimetrischer Dilutor zum Verd\u00fcnnen von Proben mit einer Peristaltikpumpe und einer Waage.","breadcrumb":{"@id":"https:\/\/sysmatec.ch\/de\/produit\/gravimetrischer-verduenner-lab-pro\/#breadcrumb"},"inLanguage":"de","potentialAction":[{"@type":"ReadAction","target":["https:\/\/sysmatec.ch\/de\/produit\/gravimetrischer-verduenner-lab-pro\/"]}]},{"@type":"ImageObject","inLanguage":"de","@id":"https:\/\/sysmatec.ch\/de\/produit\/gravimetrischer-verduenner-lab-pro\/#primaryimage","url":"https:\/\/sysmatec.ch\/wp-content\/uploads\/2019\/01\/PreparationEchantillon_LabPro.gif","contentUrl":"https:\/\/sysmatec.ch\/wp-content\/uploads\/2019\/01\/PreparationEchantillon_LabPro.gif","width":210,"height":158},{"@type":"BreadcrumbList","@id":"https:\/\/sysmatec.ch\/de\/produit\/gravimetrischer-verduenner-lab-pro\/#breadcrumb","itemListElement":[{"@type":"ListItem","position":1,"name":"Accueil","item":"https:\/\/sysmatec.ch\/de\/"},{"@type":"ListItem","position":2,"name":"Die Aktivit\u00e4t von Sysmatec","item":"https:\/\/sysmatec.ch\/de\/"},{"@type":"ListItem","position":3,"name":"Gravimetrischer Verd\u00fcnner Lab Pro"}]},{"@type":"WebSite","@id":"https:\/\/sysmatec.ch\/de\/#website","url":"https:\/\/sysmatec.ch\/de\/","name":"Sysmatec","description":"Equipement de laboratoire et logiciels","publisher":{"@id":"https:\/\/sysmatec.ch\/de\/#organization"},"potentialAction":[{"@type":"SearchAction","target":{"@type":"EntryPoint","urlTemplate":"https:\/\/sysmatec.ch\/de\/?s={search_term_string}"},"query-input":{"@type":"PropertyValueSpecification","valueRequired":true,"valueName":"search_term_string"}}],"inLanguage":"de"},{"@type":"Organization","@id":"https:\/\/sysmatec.ch\/de\/#organization","name":"Sysmatec","url":"https:\/\/sysmatec.ch\/de\/","logo":{"@type":"ImageObject","inLanguage":"de","@id":"https:\/\/sysmatec.ch\/de\/#\/schema\/logo\/image\/","url":"https:\/\/sysmatec.ch\/wp-content\/uploads\/2018\/11\/LogoSysmatec.jpg","contentUrl":"https:\/\/sysmatec.ch\/wp-content\/uploads\/2018\/11\/LogoSysmatec.jpg","width":301,"height":297,"caption":"Sysmatec"},"image":{"@id":"https:\/\/sysmatec.ch\/de\/#\/schema\/logo\/image\/"}}]}},"_links":{"self":[{"href":"https:\/\/sysmatec.ch\/de\/wp-json\/wp\/v2\/product\/2208","targetHints":{"allow":["GET"]}}],"collection":[{"href":"https:\/\/sysmatec.ch\/de\/wp-json\/wp\/v2\/product"}],"about":[{"href":"https:\/\/sysmatec.ch\/de\/wp-json\/wp\/v2\/types\/product"}],"wp:featuredmedia":[{"embeddable":true,"href":"https:\/\/sysmatec.ch\/de\/wp-json\/wp\/v2\/media\/1261"}],"wp:attachment":[{"href":"https:\/\/sysmatec.ch\/de\/wp-json\/wp\/v2\/media?parent=2208"}],"wp:term":[{"taxonomy":"product_brand","embeddable":true,"href":"https:\/\/sysmatec.ch\/de\/wp-json\/wp\/v2\/product_brand?post=2208"},{"taxonomy":"product_cat","embeddable":true,"href":"https:\/\/sysmatec.ch\/de\/wp-json\/wp\/v2\/product_cat?post=2208"},{"taxonomy":"product_tag","embeddable":true,"href":"https:\/\/sysmatec.ch\/de\/wp-json\/wp\/v2\/product_tag?post=2208"}],"curies":[{"name":"wp","href":"https:\/\/api.w.org\/{rel}","templated":true}]}}