{"id":22053,"date":"2021-02-08T21:05:35","date_gmt":"2021-02-08T20:05:35","guid":{"rendered":"https:\/\/sysmatec.ch\/?post_type=product&#038;p=22053"},"modified":"2021-11-28T20:22:49","modified_gmt":"2021-11-28T19:22:49","slug":"sicherheitszeit-temperatur-anzeige-stti","status":"publish","type":"product","link":"https:\/\/sysmatec.ch\/de\/Produkt\/sicherheitszeit-temperatur-anzeige-stti\/","title":{"rendered":"Sicherheitszeit-Temperatur-Anzeige sTTI"},"content":{"rendered":"<p><span class=\"VIiyi\" lang=\"de\"><span class=\"JLqJ4b ChMk0b\" data-language-for-alternatives=\"de\" data-language-to-translate-into=\"en\" data-phrase-index=\"0\">Es ist nicht wirklich ein Temperaturrekorder, aber es kann verwendet werden, um der K\u00fchlkette zu folgen.<\/span><\/span><\/p>\n<p><span class=\"VIiyi\" lang=\"de\"><span class=\"JLqJ4b ChMk0b\" data-language-for-alternatives=\"de\" data-language-to-translate-into=\"en\" data-phrase-index=\"2\">Der Indikator zeigt eine Farb\u00e4nderung an, wenn das Produkt einer zu hohen Temperatur ausgesetzt wurde.<\/span> <span class=\"JLqJ4b ChMk0b\" data-language-for-alternatives=\"de\" data-language-to-translate-into=\"en\" data-phrase-index=\"3\">Die Oberfl\u00e4che der Farbe h\u00e4ngt von der Zeit ab, die bei dieser zu hohen Temperatur vergangen ist.<\/span> <span class=\"JLqJ4b ChMk0b\" data-language-for-alternatives=\"de\" data-language-to-translate-into=\"en\" data-phrase-index=\"4\">Je nach Temperaturniveau des Benutzers gibt es unterschiedliche Modelle.<\/span> <span class=\"JLqJ4b ChMk0b\" data-language-for-alternatives=\"de\" data-language-to-translate-into=\"en\" data-phrase-index=\"5\">Das Standardintervall betr\u00e4gt 5 Stunden.<\/span><\/span><\/p>\n<p><span class=\"VIiyi\" lang=\"de\"><span class=\"JLqJ4b ChMk0b\" data-language-for-alternatives=\"de\" data-language-to-translate-into=\"en\" data-phrase-index=\"7\">Bei \u00fcberm\u00e4\u00dfiger Zeiteinwirkung bei h\u00f6heren Temperaturen als angegeben erscheint eine rote Oberfl\u00e4che.<\/span> <span class=\"JLqJ4b ChMk0b\" data-language-for-alternatives=\"de\" data-language-to-translate-into=\"en\" data-phrase-index=\"8\">Die Gr\u00f6\u00dfe der Oberfl\u00e4che nimmt mit der Zeit zu, die bei zu hoher Temperatur vergeht.<\/span><\/span><\/p>\n<table style=\"border-collapse: collapse; width: 694px; height: 502px;\" border=\"0\" width=\"240\" cellspacing=\"0\" cellpadding=\"0\">\n<tbody>\n<tr style=\"height: 15.0pt;\">\n<td style=\"height: 15.0pt; width: 60pt;\" width=\"80\" height=\"20\">Modell<\/td>\n<td style=\"width: 60pt;\" width=\"80\">STOP Temperatur (keine Farbeentwicklung)<\/td>\n<td style=\"width: 60pt;\" width=\"80\">START Temperatur (d<span class=\"VIiyi\" lang=\"de\"><span class=\"JLqJ4b ChMk0b\" data-language-for-alternatives=\"de\" data-language-to-translate-into=\"en\" data-phrase-index=\"0\">ie farbige Oberfl\u00e4che nimmt zu<\/span><\/span> )<\/td>\n<\/tr>\n<tr style=\"height: 15.0pt;\">\n<td style=\"height: 15.0pt;\" height=\"20\">Temp Control 5<\/td>\n<td>&lt; 5 \u00b0 C<\/td>\n<td>&gt; 8 \u00b0C<\/td>\n<\/tr>\n<tr style=\"height: 15.0pt;\">\n<td style=\"height: 15.0pt;\" height=\"20\">Temp Control 8<\/td>\n<td>&lt; 8 \u00b0 C<\/td>\n<td>&gt; 11 \u00b0C<\/td>\n<\/tr>\n<tr style=\"height: 15.0pt;\">\n<td style=\"height: 15.0pt;\" height=\"20\">Temp Control 10<\/td>\n<td>&lt; 10 \u00b0 C<\/td>\n<td>&gt; 14 \u00b0C<\/td>\n<\/tr>\n<tr style=\"height: 15.0pt;\">\n<td style=\"height: 15.0pt;\" height=\"20\">Temp Control 15<\/td>\n<td>&lt; 15 \u00b0 C<\/td>\n<td>&gt; 18 \u00b0C<\/td>\n<\/tr>\n<\/tbody>\n<\/table>\n","protected":false},"excerpt":{"rendered":"<p>Sicherheitszeit-Temperatur-Anzeige f\u00fcr die K\u00e4ltekette<\/p>\n","protected":false},"featured_media":22056,"template":"","meta":{"_crdt_document":""},"product_brand":[],"product_cat":[172,173],"product_tag":[],"class_list":{"0":"post-22053","1":"product","2":"type-product","3":"status-publish","4":"has-post-thumbnail","6":"product_cat-einweg-logger","7":"product_cat-temperatur","9":"first","10":"instock","11":"taxable","12":"shipping-taxable","13":"product-type-simple"},"yoast_head":"<!-- This site is optimized with the Yoast SEO plugin v27.3 - https:\/\/yoast.com\/product\/yoast-seo-wordpress\/ -->\n<title>Sicherheitszeit-Temperatur-Anzeige sTTI - Sysmatec<\/title>\n<meta name=\"description\" content=\"Temperaturanzeige f\u00fcr die K\u00fchlkette. Sie gibt an, wie lange die Temperatur au\u00dferhalb eines bestimmten Bereichs lag.\" \/>\n<meta name=\"robots\" content=\"index, follow, max-snippet:-1, max-image-preview:large, max-video-preview:-1\" \/>\n<link rel=\"canonical\" href=\"https:\/\/sysmatec.ch\/de\/produit\/sicherheitszeit-temperatur-anzeige-stti\/\" \/>\n<meta property=\"og:locale\" content=\"de_DE\" \/>\n<meta property=\"og:type\" content=\"article\" \/>\n<meta property=\"og:title\" content=\"Sicherheitszeit-Temperatur-Anzeige sTTI - Sysmatec\" \/>\n<meta property=\"og:description\" content=\"Temperaturanzeige f\u00fcr die K\u00fchlkette. Sie gibt an, wie lange die Temperatur au\u00dferhalb eines bestimmten Bereichs lag.\" \/>\n<meta property=\"og:url\" content=\"https:\/\/sysmatec.ch\/de\/produit\/sicherheitszeit-temperatur-anzeige-stti\/\" \/>\n<meta property=\"og:site_name\" content=\"Sysmatec\" \/>\n<meta property=\"article:modified_time\" content=\"2021-11-28T19:22:49+00:00\" \/>\n<meta property=\"og:image\" content=\"https:\/\/sysmatec.ch\/wp-content\/uploads\/2021\/02\/IndicateurTemperature_STTI.jpg\" \/>\n\t<meta property=\"og:image:width\" content=\"562\" \/>\n\t<meta property=\"og:image:height\" content=\"395\" \/>\n\t<meta property=\"og:image:type\" content=\"image\/jpeg\" \/>\n<meta name=\"twitter:card\" content=\"summary_large_image\" \/>\n<meta name=\"twitter:label1\" content=\"Gesch\u00e4tzte Lesezeit\" \/>\n\t<meta name=\"twitter:data1\" content=\"1\u00a0Minute\" \/>\n<script type=\"application\/ld+json\" class=\"yoast-schema-graph\">{\"@context\":\"https:\\\/\\\/schema.org\",\"@graph\":[{\"@type\":\"WebPage\",\"@id\":\"https:\\\/\\\/sysmatec.ch\\\/de\\\/produit\\\/sicherheitszeit-temperatur-anzeige-stti\\\/\",\"url\":\"https:\\\/\\\/sysmatec.ch\\\/de\\\/produit\\\/sicherheitszeit-temperatur-anzeige-stti\\\/\",\"name\":\"Sicherheitszeit-Temperatur-Anzeige sTTI - Sysmatec\",\"isPartOf\":{\"@id\":\"https:\\\/\\\/sysmatec.ch\\\/de\\\/#website\"},\"primaryImageOfPage\":{\"@id\":\"https:\\\/\\\/sysmatec.ch\\\/de\\\/produit\\\/sicherheitszeit-temperatur-anzeige-stti\\\/#primaryimage\"},\"image\":{\"@id\":\"https:\\\/\\\/sysmatec.ch\\\/de\\\/produit\\\/sicherheitszeit-temperatur-anzeige-stti\\\/#primaryimage\"},\"thumbnailUrl\":\"https:\\\/\\\/sysmatec.ch\\\/wp-content\\\/uploads\\\/2021\\\/02\\\/IndicateurTemperature_STTI.jpg\",\"datePublished\":\"2021-02-08T20:05:35+00:00\",\"dateModified\":\"2021-11-28T19:22:49+00:00\",\"description\":\"Temperaturanzeige f\u00fcr die K\u00fchlkette. Sie gibt an, wie lange die Temperatur au\u00dferhalb eines bestimmten Bereichs lag.\",\"breadcrumb\":{\"@id\":\"https:\\\/\\\/sysmatec.ch\\\/de\\\/produit\\\/sicherheitszeit-temperatur-anzeige-stti\\\/#breadcrumb\"},\"inLanguage\":\"de\",\"potentialAction\":[{\"@type\":\"ReadAction\",\"target\":[\"https:\\\/\\\/sysmatec.ch\\\/de\\\/produit\\\/sicherheitszeit-temperatur-anzeige-stti\\\/\"]}]},{\"@type\":\"ImageObject\",\"inLanguage\":\"de\",\"@id\":\"https:\\\/\\\/sysmatec.ch\\\/de\\\/produit\\\/sicherheitszeit-temperatur-anzeige-stti\\\/#primaryimage\",\"url\":\"https:\\\/\\\/sysmatec.ch\\\/wp-content\\\/uploads\\\/2021\\\/02\\\/IndicateurTemperature_STTI.jpg\",\"contentUrl\":\"https:\\\/\\\/sysmatec.ch\\\/wp-content\\\/uploads\\\/2021\\\/02\\\/IndicateurTemperature_STTI.jpg\",\"width\":562,\"height\":395},{\"@type\":\"BreadcrumbList\",\"@id\":\"https:\\\/\\\/sysmatec.ch\\\/de\\\/produit\\\/sicherheitszeit-temperatur-anzeige-stti\\\/#breadcrumb\",\"itemListElement\":[{\"@type\":\"ListItem\",\"position\":1,\"name\":\"Accueil\",\"item\":\"https:\\\/\\\/sysmatec.ch\\\/de\\\/\"},{\"@type\":\"ListItem\",\"position\":2,\"name\":\"Die Aktivit\u00e4t von Sysmatec\",\"item\":\"https:\\\/\\\/sysmatec.ch\\\/de\\\/\"},{\"@type\":\"ListItem\",\"position\":3,\"name\":\"Sicherheitszeit-Temperatur-Anzeige sTTI\"}]},{\"@type\":\"WebSite\",\"@id\":\"https:\\\/\\\/sysmatec.ch\\\/de\\\/#website\",\"url\":\"https:\\\/\\\/sysmatec.ch\\\/de\\\/\",\"name\":\"Sysmatec\",\"description\":\"Equipement de laboratoire et logiciels\",\"publisher\":{\"@id\":\"https:\\\/\\\/sysmatec.ch\\\/de\\\/#organization\"},\"potentialAction\":[{\"@type\":\"SearchAction\",\"target\":{\"@type\":\"EntryPoint\",\"urlTemplate\":\"https:\\\/\\\/sysmatec.ch\\\/de\\\/?s={search_term_string}\"},\"query-input\":{\"@type\":\"PropertyValueSpecification\",\"valueRequired\":true,\"valueName\":\"search_term_string\"}}],\"inLanguage\":\"de\"},{\"@type\":\"Organization\",\"@id\":\"https:\\\/\\\/sysmatec.ch\\\/de\\\/#organization\",\"name\":\"Sysmatec\",\"url\":\"https:\\\/\\\/sysmatec.ch\\\/de\\\/\",\"logo\":{\"@type\":\"ImageObject\",\"inLanguage\":\"de\",\"@id\":\"https:\\\/\\\/sysmatec.ch\\\/de\\\/#\\\/schema\\\/logo\\\/image\\\/\",\"url\":\"https:\\\/\\\/sysmatec.ch\\\/wp-content\\\/uploads\\\/2018\\\/11\\\/LogoSysmatec.jpg\",\"contentUrl\":\"https:\\\/\\\/sysmatec.ch\\\/wp-content\\\/uploads\\\/2018\\\/11\\\/LogoSysmatec.jpg\",\"width\":301,\"height\":297,\"caption\":\"Sysmatec\"},\"image\":{\"@id\":\"https:\\\/\\\/sysmatec.ch\\\/de\\\/#\\\/schema\\\/logo\\\/image\\\/\"}}]}<\/script>\n<!-- \/ Yoast SEO plugin. -->","yoast_head_json":{"title":"Sicherheitszeit-Temperatur-Anzeige sTTI - Sysmatec","description":"Temperaturanzeige f\u00fcr die K\u00fchlkette. Sie gibt an, wie lange die Temperatur au\u00dferhalb eines bestimmten Bereichs lag.","robots":{"index":"index","follow":"follow","max-snippet":"max-snippet:-1","max-image-preview":"max-image-preview:large","max-video-preview":"max-video-preview:-1"},"canonical":"https:\/\/sysmatec.ch\/de\/produit\/sicherheitszeit-temperatur-anzeige-stti\/","og_locale":"de_DE","og_type":"article","og_title":"Sicherheitszeit-Temperatur-Anzeige sTTI - Sysmatec","og_description":"Temperaturanzeige f\u00fcr die K\u00fchlkette. Sie gibt an, wie lange die Temperatur au\u00dferhalb eines bestimmten Bereichs lag.","og_url":"https:\/\/sysmatec.ch\/de\/produit\/sicherheitszeit-temperatur-anzeige-stti\/","og_site_name":"Sysmatec","article_modified_time":"2021-11-28T19:22:49+00:00","og_image":[{"width":562,"height":395,"url":"https:\/\/sysmatec.ch\/wp-content\/uploads\/2021\/02\/IndicateurTemperature_STTI.jpg","type":"image\/jpeg"}],"twitter_card":"summary_large_image","twitter_misc":{"Gesch\u00e4tzte Lesezeit":"1\u00a0Minute"},"schema":{"@context":"https:\/\/schema.org","@graph":[{"@type":"WebPage","@id":"https:\/\/sysmatec.ch\/de\/produit\/sicherheitszeit-temperatur-anzeige-stti\/","url":"https:\/\/sysmatec.ch\/de\/produit\/sicherheitszeit-temperatur-anzeige-stti\/","name":"Sicherheitszeit-Temperatur-Anzeige sTTI - Sysmatec","isPartOf":{"@id":"https:\/\/sysmatec.ch\/de\/#website"},"primaryImageOfPage":{"@id":"https:\/\/sysmatec.ch\/de\/produit\/sicherheitszeit-temperatur-anzeige-stti\/#primaryimage"},"image":{"@id":"https:\/\/sysmatec.ch\/de\/produit\/sicherheitszeit-temperatur-anzeige-stti\/#primaryimage"},"thumbnailUrl":"https:\/\/sysmatec.ch\/wp-content\/uploads\/2021\/02\/IndicateurTemperature_STTI.jpg","datePublished":"2021-02-08T20:05:35+00:00","dateModified":"2021-11-28T19:22:49+00:00","description":"Temperaturanzeige f\u00fcr die K\u00fchlkette. Sie gibt an, wie lange die Temperatur au\u00dferhalb eines bestimmten Bereichs lag.","breadcrumb":{"@id":"https:\/\/sysmatec.ch\/de\/produit\/sicherheitszeit-temperatur-anzeige-stti\/#breadcrumb"},"inLanguage":"de","potentialAction":[{"@type":"ReadAction","target":["https:\/\/sysmatec.ch\/de\/produit\/sicherheitszeit-temperatur-anzeige-stti\/"]}]},{"@type":"ImageObject","inLanguage":"de","@id":"https:\/\/sysmatec.ch\/de\/produit\/sicherheitszeit-temperatur-anzeige-stti\/#primaryimage","url":"https:\/\/sysmatec.ch\/wp-content\/uploads\/2021\/02\/IndicateurTemperature_STTI.jpg","contentUrl":"https:\/\/sysmatec.ch\/wp-content\/uploads\/2021\/02\/IndicateurTemperature_STTI.jpg","width":562,"height":395},{"@type":"BreadcrumbList","@id":"https:\/\/sysmatec.ch\/de\/produit\/sicherheitszeit-temperatur-anzeige-stti\/#breadcrumb","itemListElement":[{"@type":"ListItem","position":1,"name":"Accueil","item":"https:\/\/sysmatec.ch\/de\/"},{"@type":"ListItem","position":2,"name":"Die Aktivit\u00e4t von Sysmatec","item":"https:\/\/sysmatec.ch\/de\/"},{"@type":"ListItem","position":3,"name":"Sicherheitszeit-Temperatur-Anzeige sTTI"}]},{"@type":"WebSite","@id":"https:\/\/sysmatec.ch\/de\/#website","url":"https:\/\/sysmatec.ch\/de\/","name":"Sysmatec","description":"Equipement de laboratoire et logiciels","publisher":{"@id":"https:\/\/sysmatec.ch\/de\/#organization"},"potentialAction":[{"@type":"SearchAction","target":{"@type":"EntryPoint","urlTemplate":"https:\/\/sysmatec.ch\/de\/?s={search_term_string}"},"query-input":{"@type":"PropertyValueSpecification","valueRequired":true,"valueName":"search_term_string"}}],"inLanguage":"de"},{"@type":"Organization","@id":"https:\/\/sysmatec.ch\/de\/#organization","name":"Sysmatec","url":"https:\/\/sysmatec.ch\/de\/","logo":{"@type":"ImageObject","inLanguage":"de","@id":"https:\/\/sysmatec.ch\/de\/#\/schema\/logo\/image\/","url":"https:\/\/sysmatec.ch\/wp-content\/uploads\/2018\/11\/LogoSysmatec.jpg","contentUrl":"https:\/\/sysmatec.ch\/wp-content\/uploads\/2018\/11\/LogoSysmatec.jpg","width":301,"height":297,"caption":"Sysmatec"},"image":{"@id":"https:\/\/sysmatec.ch\/de\/#\/schema\/logo\/image\/"}}]}},"_links":{"self":[{"href":"https:\/\/sysmatec.ch\/de\/wp-json\/wp\/v2\/product\/22053","targetHints":{"allow":["GET"]}}],"collection":[{"href":"https:\/\/sysmatec.ch\/de\/wp-json\/wp\/v2\/product"}],"about":[{"href":"https:\/\/sysmatec.ch\/de\/wp-json\/wp\/v2\/types\/product"}],"wp:featuredmedia":[{"embeddable":true,"href":"https:\/\/sysmatec.ch\/de\/wp-json\/wp\/v2\/media\/22056"}],"wp:attachment":[{"href":"https:\/\/sysmatec.ch\/de\/wp-json\/wp\/v2\/media?parent=22053"}],"wp:term":[{"taxonomy":"product_brand","embeddable":true,"href":"https:\/\/sysmatec.ch\/de\/wp-json\/wp\/v2\/product_brand?post=22053"},{"taxonomy":"product_cat","embeddable":true,"href":"https:\/\/sysmatec.ch\/de\/wp-json\/wp\/v2\/product_cat?post=22053"},{"taxonomy":"product_tag","embeddable":true,"href":"https:\/\/sysmatec.ch\/de\/wp-json\/wp\/v2\/product_tag?post=22053"}],"curies":[{"name":"wp","href":"https:\/\/api.w.org\/{rel}","templated":true}]}}