{"id":2205,"date":"2019-01-13T18:49:33","date_gmt":"2019-01-13T17:49:33","guid":{"rendered":"https:\/\/sysmatec.ch\/produit\/jarre-anaerobie\/"},"modified":"2022-03-09T19:02:03","modified_gmt":"2022-03-09T18:02:03","slug":"anaerobengefaesse","status":"publish","type":"product","link":"https:\/\/sysmatec.ch\/de\/Produkt\/anaerobengefaesse\/","title":{"rendered":"Anaerobengef\u00e4\u00dfe"},"content":{"rendered":"<p>Zur Z\u00fcchtung von anaeroben oder mikroaerophilen Mikroorganismen in einer definierten Gas-Atmosph\u00e4re.<\/p>\n<p>Prinzip: Evakuieren (mit Vakuumpumpe) und Bef\u00fcllung mit Gas (zB Stickstoff) ohne chemische Zus\u00e4tze oder mit chemische anaerobe Systeme (GasPacks), als Zubeh\u00f6r erh\u00e4ltlich.<\/p>\n<p>Sie sind bruchsicher und alterungsbest\u00e4ndig, aus rostfreiem robusten Edelstahl oder transparentem Polycarbonat.<\/p>\n<p>Gef\u00e4\u00dfdeckel: UV-stabiler Kunststoff (Polyoxymethylen) bzw. durchsichtiges Polycarbonat<\/p>\n<p>Die meisten Anaerobengef\u00e4\u00dfe haben 2 Eckventile inkl. Schlaucholiven, f\u00fcr Begasungs- und Vakuumschl\u00e4uche (5 mm Innen-\u00d8). Sie sind mit Manometer, zur genauen Kontrolle des Vakuums bzw. \u00dcberdrucks (-1 bis + 0.2 bar) ausger\u00fcstet.<\/p>\n<p>Deckel in Sonderanfertigung,auf Anfrage erh\u00e4ltlich.<\/p>\n<p>Einsatzgestelle (optional): F\u00fcr Petrischalen, Mikrotiterplatten oder Reagenzgl\u00e4ser, ausgestattet mit Halterungen f\u00fcr Anaerobisiersysteme.<\/p>\n<p><span class=\"VIiyi\" lang=\"de\"><span class=\"JLqJ4b ChMk0b\" data-language-for-alternatives=\"de\" data-language-to-translate-into=\"fr\" data-phrase-index=\"3\" data-number-of-phrases=\"4\">Einige von ihnen k\u00f6nnen f\u00fcr das Anoxomat (TM)-System angepasst werden<\/span><\/span><\/p>\n<table border=\"1\" width=\"668\" cellspacing=\"2\" cellpadding=\"0\">\n<tbody>\n<tr>\n<td>Modell<\/td>\n<td>Beschreibung<\/td>\n<td>Volum (L)<\/td>\n<td>Innen-\u00d8 (mm)<\/td>\n<td>Innenh\u00f6he (mm)<\/td>\n<\/tr>\n<tr>\n<td>Large, Ref.3.380 102<\/td>\n<td>f\u00fcr bis zu 15 Petrischalen \u00d8 60-150 mmGef\u00e4\u00df: Edelstahl, Deckel: Kunststoff<\/p>\n<p>2 Eckventile, 1 Manometer<\/td>\n<td>6<\/td>\n<td>175<\/td>\n<td>260<\/td>\n<\/tr>\n<tr>\n<td>Small, Ref.3.380 202<\/td>\n<td>f\u00fcr bis zu 10 Petrischalen \u00d8 60-100 mmGef\u00e4\u00df: Edelstahl, Deckel: Kunststoff<\/p>\n<p>2 Eckventile, 1 Manometer<\/td>\n<td>2<\/td>\n<td>120<\/td>\n<td>170<\/td>\n<\/tr>\n<tr>\n<td>Standard, Ref.3.380 302<\/td>\n<td>f\u00fcr bis zu 15 Petrischalen \u00d8 60-100 mmGef\u00e4\u00df: Edelstahl, Deckel: Kunststoff<\/p>\n<p>2 Eckventile, 1 Manometer<\/td>\n<td>3<\/td>\n<td>120<\/td>\n<td>270<\/td>\n<\/tr>\n<tr>\n<td>Eco, Ref.3.380 502<\/td>\n<td>f\u00fcr bis zu 15 Petrischalen \u00d8 60-100 mmGef\u00e4\u00df: Edelstahl, Deckel: Polycarbonat<\/p>\n<p>Bel\u00fcftungsschraube<\/td>\n<td>3<\/td>\n<td>120<\/td>\n<td>270<\/td>\n<\/tr>\n<tr>\n<td>Crystal, Ref.3.380 902<\/td>\n<td>f\u00fcr bis zu 15 Petrischalen \u00d8 60-100 mmGef\u00e4\u00df: Polycarbonat, Deckel: Polycarbonat<\/p>\n<p>2 Eckventile, 1 Manometer<\/td>\n<td>3<\/td>\n<td>120<\/td>\n<td>270<\/td>\n<\/tr>\n<\/tbody>\n<\/table>\n<p>Zubeh\u00f6r<\/p>\n<table border=\"1\" width=\"662\" cellspacing=\"2\" cellpadding=\"0\">\n<tbody>\n<tr>\n<td>Modell<\/td>\n<td>Beschreibung<\/td>\n<\/tr>\n<tr>\n<td>Petrischalen-Einsatzgestell &#8222;small&#8220;, Ref. 3.385 102<\/td>\n<td>f\u00fcr bis zu 10 Petrischalen \u00d8 60-100 mmgeeignet f\u00fcr Gef\u00e4\u00df &#8222;large&#8220;, &#8222;small&#8220;, &#8222;standard&#8220;, &#8222;eco&#8220;, &#8222;crystal&#8220;<\/td>\n<\/tr>\n<tr>\n<td>Petrischalen-Einsatzgestell &#8222;standard&#8220; Ref. 3.385 202<\/td>\n<td>f\u00fcr bis zu 15 Petrischalen \u00d8 60-100 mmgeeignet f\u00fcr Gef\u00e4\u00df &#8222;large&#8220;, &#8222;standard&#8220;, &#8222;eco&#8220;, &#8222;crystal&#8220;<\/td>\n<\/tr>\n<tr>\n<td>Petrischalen-Einsatzgestell &#8222;150&#8220;, Ref. 3.385 302<\/td>\n<td>f\u00fcr bis zu 15 Petrischalen \u00d8 150 mmgeeignet f\u00fcr Gef\u00e4\u00df &#8222;large&#8220;<\/td>\n<\/tr>\n<tr>\n<td>Petrischalen-Einsatzgestell &#8222;3&#215;60&#8220;, Ref. 3.385 402<\/td>\n<td>f\u00fcr bis zu 45 Petrischalen \u00d8 60 mmgeeignet f\u00fcr Gef\u00e4\u00df &#8222;large&#8220;<\/td>\n<\/tr>\n<tr>\n<td>Einsatzgestell &#8222;micro&#8220;, Ref. 3.385 502<\/td>\n<td>f\u00fcr Mikrotiterplattengeeignet f\u00fcr Gef\u00e4\u00df &#8222;large&#8220;<\/td>\n<\/tr>\n<tr>\n<td>Einsatzgestell &#8222;test tubes&#8220;, Ref. 3.385 602<\/td>\n<td>f\u00fcr 9 Reagenzgl\u00e4ser \u00d8 18 mmgeeignet f\u00fcr Gef\u00e4\u00df &#8222;large&#8220;, &#8222;small&#8220;, &#8222;standard&#8220;, &#8222;eco&#8220;, &#8222;crystal&#8220;<\/td>\n<\/tr>\n<tr>\n<td>GasPack-Kit &#8222;anaerobic&#8220; (VE=10), Ref 3.880 300<\/td>\n<td><\/td>\n<\/tr>\n<tr>\n<td>GasPack-Kit &#8222;CO2&#8220; (VE=10), Ref 3.880 400<\/td>\n<td><\/td>\n<\/tr>\n<tr>\n<td>GasPack-Kit &#8222;microaerophil&#8220; (VE=10), Ref 3.880 500<\/td>\n<td><\/td>\n<\/tr>\n<tr>\n<td>Anaerobiose-Indikator, Teststreifen (VE=100), Ref 3.880 600<\/td>\n<td><\/td>\n<\/tr>\n<tr>\n<td>Sicherheits-Katalysator-Set, Beutel (VE=5), Ref 3.880 700<\/td>\n<\/tr>\n<\/tbody>\n<\/table>\n","protected":false},"excerpt":{"rendered":"<p><span class=\"VIiyi\" lang=\"de\"><span class=\"JLqJ4b ChMk0b\" data-language-for-alternatives=\"de\" data-language-to-translate-into=\"fr\" data-phrase-index=\"0\">T\u00f6pfe f\u00fcr anaerobe und mikroaerophile Kultur.<\/span> <span class=\"JLqJ4b ChMk0b\" data-language-for-alternatives=\"de\" data-language-to-translate-into=\"fr\" data-phrase-index=\"1\">Zur Verwendung mit einem Evakuierungssystem oder Gaspack.<\/span> <span class=\"JLqJ4b ChMk0b\" data-language-for-alternatives=\"de\" data-language-to-translate-into=\"fr\" data-phrase-index=\"2\">F\u00fcr Petrischalen und Kulturr\u00f6hrchen.<\/span><\/span><\/p>\n","protected":false},"featured_media":1267,"template":"","meta":{"_crdt_document":""},"product_brand":[],"product_cat":[131],"product_tag":[],"class_list":{"0":"post-2205","1":"product","2":"type-product","3":"status-publish","4":"has-post-thumbnail","6":"product_cat-anaerobe","8":"first","9":"instock","10":"taxable","11":"shipping-taxable","12":"product-type-simple"},"yoast_head":"<!-- This site is optimized with the Yoast SEO plugin v27.3 - https:\/\/yoast.com\/product\/yoast-seo-wordpress\/ -->\n<title>Anaerobengef\u00e4\u00dfe - Sysmatec<\/title>\n<meta name=\"description\" content=\"Anaerobengef\u00e4\u00df f\u00fcr die Kultivierung von anaeroben oder mikroaerophilen Mikroorganismen. Verwendet das Prinzip der Evakuierung mit oder ohne chemisches Reagenz.\" \/>\n<meta name=\"robots\" content=\"index, follow, max-snippet:-1, max-image-preview:large, max-video-preview:-1\" \/>\n<link rel=\"canonical\" href=\"https:\/\/sysmatec.ch\/de\/produit\/anaerobengefaesse\/\" \/>\n<meta property=\"og:locale\" content=\"de_DE\" \/>\n<meta property=\"og:type\" content=\"article\" \/>\n<meta property=\"og:title\" content=\"Anaerobengef\u00e4\u00dfe - Sysmatec\" \/>\n<meta property=\"og:description\" content=\"Anaerobengef\u00e4\u00df f\u00fcr die Kultivierung von anaeroben oder mikroaerophilen Mikroorganismen. Verwendet das Prinzip der Evakuierung mit oder ohne chemisches Reagenz.\" \/>\n<meta property=\"og:url\" content=\"https:\/\/sysmatec.ch\/de\/produit\/anaerobengefaesse\/\" \/>\n<meta property=\"og:site_name\" content=\"Sysmatec\" \/>\n<meta property=\"article:modified_time\" content=\"2022-03-09T18:02:03+00:00\" \/>\n<meta property=\"og:image\" content=\"https:\/\/sysmatec.ch\/wp-content\/uploads\/2019\/01\/Jarre_Schuett1.jpg\" \/>\n\t<meta property=\"og:image:width\" content=\"179\" \/>\n\t<meta property=\"og:image:height\" content=\"194\" \/>\n\t<meta property=\"og:image:type\" content=\"image\/jpeg\" \/>\n<meta name=\"twitter:card\" content=\"summary_large_image\" \/>\n<meta name=\"twitter:label1\" content=\"Gesch\u00e4tzte Lesezeit\" \/>\n\t<meta name=\"twitter:data1\" content=\"2\u00a0Minuten\" \/>\n<script type=\"application\/ld+json\" class=\"yoast-schema-graph\">{\"@context\":\"https:\\\/\\\/schema.org\",\"@graph\":[{\"@type\":\"WebPage\",\"@id\":\"https:\\\/\\\/sysmatec.ch\\\/de\\\/produit\\\/anaerobengefaesse\\\/\",\"url\":\"https:\\\/\\\/sysmatec.ch\\\/de\\\/produit\\\/anaerobengefaesse\\\/\",\"name\":\"Anaerobengef\u00e4\u00dfe - Sysmatec\",\"isPartOf\":{\"@id\":\"https:\\\/\\\/sysmatec.ch\\\/de\\\/#website\"},\"primaryImageOfPage\":{\"@id\":\"https:\\\/\\\/sysmatec.ch\\\/de\\\/produit\\\/anaerobengefaesse\\\/#primaryimage\"},\"image\":{\"@id\":\"https:\\\/\\\/sysmatec.ch\\\/de\\\/produit\\\/anaerobengefaesse\\\/#primaryimage\"},\"thumbnailUrl\":\"https:\\\/\\\/sysmatec.ch\\\/wp-content\\\/uploads\\\/2019\\\/01\\\/Jarre_Schuett1.jpg\",\"datePublished\":\"2019-01-13T17:49:33+00:00\",\"dateModified\":\"2022-03-09T18:02:03+00:00\",\"description\":\"Anaerobengef\u00e4\u00df f\u00fcr die Kultivierung von anaeroben oder mikroaerophilen Mikroorganismen. Verwendet das Prinzip der Evakuierung mit oder ohne chemisches Reagenz.\",\"breadcrumb\":{\"@id\":\"https:\\\/\\\/sysmatec.ch\\\/de\\\/produit\\\/anaerobengefaesse\\\/#breadcrumb\"},\"inLanguage\":\"de\",\"potentialAction\":[{\"@type\":\"ReadAction\",\"target\":[\"https:\\\/\\\/sysmatec.ch\\\/de\\\/produit\\\/anaerobengefaesse\\\/\"]}]},{\"@type\":\"ImageObject\",\"inLanguage\":\"de\",\"@id\":\"https:\\\/\\\/sysmatec.ch\\\/de\\\/produit\\\/anaerobengefaesse\\\/#primaryimage\",\"url\":\"https:\\\/\\\/sysmatec.ch\\\/wp-content\\\/uploads\\\/2019\\\/01\\\/Jarre_Schuett1.jpg\",\"contentUrl\":\"https:\\\/\\\/sysmatec.ch\\\/wp-content\\\/uploads\\\/2019\\\/01\\\/Jarre_Schuett1.jpg\",\"width\":179,\"height\":194},{\"@type\":\"BreadcrumbList\",\"@id\":\"https:\\\/\\\/sysmatec.ch\\\/de\\\/produit\\\/anaerobengefaesse\\\/#breadcrumb\",\"itemListElement\":[{\"@type\":\"ListItem\",\"position\":1,\"name\":\"Accueil\",\"item\":\"https:\\\/\\\/sysmatec.ch\\\/de\\\/\"},{\"@type\":\"ListItem\",\"position\":2,\"name\":\"Die Aktivit\u00e4t von Sysmatec\",\"item\":\"https:\\\/\\\/sysmatec.ch\\\/de\\\/\"},{\"@type\":\"ListItem\",\"position\":3,\"name\":\"Anaerobengef\u00e4\u00dfe\"}]},{\"@type\":\"WebSite\",\"@id\":\"https:\\\/\\\/sysmatec.ch\\\/de\\\/#website\",\"url\":\"https:\\\/\\\/sysmatec.ch\\\/de\\\/\",\"name\":\"Sysmatec\",\"description\":\"Equipement de laboratoire et logiciels\",\"publisher\":{\"@id\":\"https:\\\/\\\/sysmatec.ch\\\/de\\\/#organization\"},\"potentialAction\":[{\"@type\":\"SearchAction\",\"target\":{\"@type\":\"EntryPoint\",\"urlTemplate\":\"https:\\\/\\\/sysmatec.ch\\\/de\\\/?s={search_term_string}\"},\"query-input\":{\"@type\":\"PropertyValueSpecification\",\"valueRequired\":true,\"valueName\":\"search_term_string\"}}],\"inLanguage\":\"de\"},{\"@type\":\"Organization\",\"@id\":\"https:\\\/\\\/sysmatec.ch\\\/de\\\/#organization\",\"name\":\"Sysmatec\",\"url\":\"https:\\\/\\\/sysmatec.ch\\\/de\\\/\",\"logo\":{\"@type\":\"ImageObject\",\"inLanguage\":\"de\",\"@id\":\"https:\\\/\\\/sysmatec.ch\\\/de\\\/#\\\/schema\\\/logo\\\/image\\\/\",\"url\":\"https:\\\/\\\/sysmatec.ch\\\/wp-content\\\/uploads\\\/2018\\\/11\\\/LogoSysmatec.jpg\",\"contentUrl\":\"https:\\\/\\\/sysmatec.ch\\\/wp-content\\\/uploads\\\/2018\\\/11\\\/LogoSysmatec.jpg\",\"width\":301,\"height\":297,\"caption\":\"Sysmatec\"},\"image\":{\"@id\":\"https:\\\/\\\/sysmatec.ch\\\/de\\\/#\\\/schema\\\/logo\\\/image\\\/\"}}]}<\/script>\n<!-- \/ Yoast SEO plugin. -->","yoast_head_json":{"title":"Anaerobengef\u00e4\u00dfe - Sysmatec","description":"Anaerobengef\u00e4\u00df f\u00fcr die Kultivierung von anaeroben oder mikroaerophilen Mikroorganismen. Verwendet das Prinzip der Evakuierung mit oder ohne chemisches Reagenz.","robots":{"index":"index","follow":"follow","max-snippet":"max-snippet:-1","max-image-preview":"max-image-preview:large","max-video-preview":"max-video-preview:-1"},"canonical":"https:\/\/sysmatec.ch\/de\/produit\/anaerobengefaesse\/","og_locale":"de_DE","og_type":"article","og_title":"Anaerobengef\u00e4\u00dfe - Sysmatec","og_description":"Anaerobengef\u00e4\u00df f\u00fcr die Kultivierung von anaeroben oder mikroaerophilen Mikroorganismen. Verwendet das Prinzip der Evakuierung mit oder ohne chemisches Reagenz.","og_url":"https:\/\/sysmatec.ch\/de\/produit\/anaerobengefaesse\/","og_site_name":"Sysmatec","article_modified_time":"2022-03-09T18:02:03+00:00","og_image":[{"width":179,"height":194,"url":"https:\/\/sysmatec.ch\/wp-content\/uploads\/2019\/01\/Jarre_Schuett1.jpg","type":"image\/jpeg"}],"twitter_card":"summary_large_image","twitter_misc":{"Gesch\u00e4tzte Lesezeit":"2\u00a0Minuten"},"schema":{"@context":"https:\/\/schema.org","@graph":[{"@type":"WebPage","@id":"https:\/\/sysmatec.ch\/de\/produit\/anaerobengefaesse\/","url":"https:\/\/sysmatec.ch\/de\/produit\/anaerobengefaesse\/","name":"Anaerobengef\u00e4\u00dfe - Sysmatec","isPartOf":{"@id":"https:\/\/sysmatec.ch\/de\/#website"},"primaryImageOfPage":{"@id":"https:\/\/sysmatec.ch\/de\/produit\/anaerobengefaesse\/#primaryimage"},"image":{"@id":"https:\/\/sysmatec.ch\/de\/produit\/anaerobengefaesse\/#primaryimage"},"thumbnailUrl":"https:\/\/sysmatec.ch\/wp-content\/uploads\/2019\/01\/Jarre_Schuett1.jpg","datePublished":"2019-01-13T17:49:33+00:00","dateModified":"2022-03-09T18:02:03+00:00","description":"Anaerobengef\u00e4\u00df f\u00fcr die Kultivierung von anaeroben oder mikroaerophilen Mikroorganismen. Verwendet das Prinzip der Evakuierung mit oder ohne chemisches Reagenz.","breadcrumb":{"@id":"https:\/\/sysmatec.ch\/de\/produit\/anaerobengefaesse\/#breadcrumb"},"inLanguage":"de","potentialAction":[{"@type":"ReadAction","target":["https:\/\/sysmatec.ch\/de\/produit\/anaerobengefaesse\/"]}]},{"@type":"ImageObject","inLanguage":"de","@id":"https:\/\/sysmatec.ch\/de\/produit\/anaerobengefaesse\/#primaryimage","url":"https:\/\/sysmatec.ch\/wp-content\/uploads\/2019\/01\/Jarre_Schuett1.jpg","contentUrl":"https:\/\/sysmatec.ch\/wp-content\/uploads\/2019\/01\/Jarre_Schuett1.jpg","width":179,"height":194},{"@type":"BreadcrumbList","@id":"https:\/\/sysmatec.ch\/de\/produit\/anaerobengefaesse\/#breadcrumb","itemListElement":[{"@type":"ListItem","position":1,"name":"Accueil","item":"https:\/\/sysmatec.ch\/de\/"},{"@type":"ListItem","position":2,"name":"Die Aktivit\u00e4t von Sysmatec","item":"https:\/\/sysmatec.ch\/de\/"},{"@type":"ListItem","position":3,"name":"Anaerobengef\u00e4\u00dfe"}]},{"@type":"WebSite","@id":"https:\/\/sysmatec.ch\/de\/#website","url":"https:\/\/sysmatec.ch\/de\/","name":"Sysmatec","description":"Equipement de laboratoire et logiciels","publisher":{"@id":"https:\/\/sysmatec.ch\/de\/#organization"},"potentialAction":[{"@type":"SearchAction","target":{"@type":"EntryPoint","urlTemplate":"https:\/\/sysmatec.ch\/de\/?s={search_term_string}"},"query-input":{"@type":"PropertyValueSpecification","valueRequired":true,"valueName":"search_term_string"}}],"inLanguage":"de"},{"@type":"Organization","@id":"https:\/\/sysmatec.ch\/de\/#organization","name":"Sysmatec","url":"https:\/\/sysmatec.ch\/de\/","logo":{"@type":"ImageObject","inLanguage":"de","@id":"https:\/\/sysmatec.ch\/de\/#\/schema\/logo\/image\/","url":"https:\/\/sysmatec.ch\/wp-content\/uploads\/2018\/11\/LogoSysmatec.jpg","contentUrl":"https:\/\/sysmatec.ch\/wp-content\/uploads\/2018\/11\/LogoSysmatec.jpg","width":301,"height":297,"caption":"Sysmatec"},"image":{"@id":"https:\/\/sysmatec.ch\/de\/#\/schema\/logo\/image\/"}}]}},"_links":{"self":[{"href":"https:\/\/sysmatec.ch\/de\/wp-json\/wp\/v2\/product\/2205","targetHints":{"allow":["GET"]}}],"collection":[{"href":"https:\/\/sysmatec.ch\/de\/wp-json\/wp\/v2\/product"}],"about":[{"href":"https:\/\/sysmatec.ch\/de\/wp-json\/wp\/v2\/types\/product"}],"wp:featuredmedia":[{"embeddable":true,"href":"https:\/\/sysmatec.ch\/de\/wp-json\/wp\/v2\/media\/1267"}],"wp:attachment":[{"href":"https:\/\/sysmatec.ch\/de\/wp-json\/wp\/v2\/media?parent=2205"}],"wp:term":[{"taxonomy":"product_brand","embeddable":true,"href":"https:\/\/sysmatec.ch\/de\/wp-json\/wp\/v2\/product_brand?post=2205"},{"taxonomy":"product_cat","embeddable":true,"href":"https:\/\/sysmatec.ch\/de\/wp-json\/wp\/v2\/product_cat?post=2205"},{"taxonomy":"product_tag","embeddable":true,"href":"https:\/\/sysmatec.ch\/de\/wp-json\/wp\/v2\/product_tag?post=2205"}],"curies":[{"name":"wp","href":"https:\/\/api.w.org\/{rel}","templated":true}]}}