{"id":22031,"date":"2021-02-06T20:48:12","date_gmt":"2021-02-06T19:48:12","guid":{"rendered":"https:\/\/sysmatec.ch\/?post_type=product&#038;p=22031"},"modified":"2021-11-28T20:38:33","modified_gmt":"2021-11-28T19:38:33","slug":"schwarzkoerperkalibrator-fuer-infrarot-thermometer-eti","status":"publish","type":"product","link":"https:\/\/sysmatec.ch\/de\/Produkt\/schwarzkoerperkalibrator-fuer-infrarot-thermometer-eti\/","title":{"rendered":"Schwarzk\u00f6rperkalibrator f\u00fcr Infrarot-Thermometer ETI"},"content":{"rendered":"<p><span class=\"VIiyi\" lang=\"de\"><span class=\"JLqJ4b ChMk0b\" data-language-for-alternatives=\"de\" data-language-to-translate-into=\"en\" data-phrase-index=\"0\">Ideal zum Kalibrieren von Infrarot-Thermometern aller Art<\/span><\/span><\/p>\n<p><span class=\"VIiyi\" lang=\"de\"><span class=\"JLqJ4b ChMk0b\" data-language-for-alternatives=\"de\" data-language-to-translate-into=\"en\" data-phrase-index=\"2\">Kann in Verbindung mit einem Referenzthermometer verwendet werden, das oben am Kalibrator eingesetzt ist.<\/span> <span class=\"JLqJ4b ChMk0b\" data-language-for-alternatives=\"de\" data-language-to-translate-into=\"en\" data-phrase-index=\"3\">3.3 mm Durchmesser<\/span><\/span><\/p>\n<h2><span class=\"VIiyi\" lang=\"de\"><span class=\"JLqJ4b ChMk0b\" data-language-for-alternatives=\"de\" data-language-to-translate-into=\"fr\" data-phrase-index=\"7\" data-number-of-phrases=\"8\">Technische Eigenschaften des Schwarzk\u00f6rperkalibrators.<\/span><\/span><\/h2>\n<ul>\n<li><span class=\"VIiyi\" lang=\"de\"><span class=\"JLqJ4b ChMk0b\" data-language-for-alternatives=\"de\" data-language-to-translate-into=\"en\" data-phrase-index=\"9\">UK 3-poliger Stecker im Lieferumfang enthalten (andere lokale Stecker auf Anfrage), 240 Volt<\/span><\/span><\/li>\n<li><span class=\"VIiyi\" lang=\"de\"> <span class=\"JLqJ4b ChMk0b\" data-language-for-alternatives=\"de\" data-language-to-translate-into=\"en\" data-phrase-index=\"11\">Einfache Verwendung mit LCD-Display<\/span><\/span><\/li>\n<li><span class=\"VIiyi\" lang=\"de\"><span class=\"JLqJ4b ChMk0b\" data-language-for-alternatives=\"de\" data-language-to-translate-into=\"en\" data-phrase-index=\"13\">Temperaturbereich 50 \u00b0 C bis 500 \u00b0 C.<\/span><\/span><\/li>\n<li><span class=\"VIiyi\" lang=\"de\"><span class=\"JLqJ4b ChMk0b\" data-language-for-alternatives=\"de\" data-language-to-translate-into=\"en\" data-phrase-index=\"15\">Genauigkeit ab \u00b1 1 \u00b0 C.<\/span><\/span><\/li>\n<li><span class=\"VIiyi\" lang=\"de\"><span class=\"JLqJ4b ChMk0b\" data-language-for-alternatives=\"de\" data-language-to-translate-into=\"en\" data-phrase-index=\"17\">Aufheizzeit &#8211; 40 Minuten<\/span> <span class=\"JLqJ4b ChMk0b\" data-language-for-alternatives=\"de\" data-language-to-translate-into=\"en\" data-phrase-index=\"19\">Abk\u00fchlzeit &#8211; 30 Minuten<\/span><\/span><\/li>\n<li><span class=\"VIiyi\" lang=\"de\"><span class=\"JLqJ4b ChMk0b\" data-language-for-alternatives=\"de\" data-language-to-translate-into=\"en\" data-phrase-index=\"21\">Emissionsgrad auf 0,95 festgelegt<\/span><\/span><\/li>\n<li>Target size &#8211; 58mm<\/li>\n<li>Low cost alternative to sending away multiple thermometers for calibration<\/li>\n<li>Creates a stable temperature reading for batch tests<\/li>\n<li><span class=\"VIiyi\" lang=\"de\"><span class=\"JLqJ4b ChMk0b\" data-language-for-alternatives=\"de\" data-language-to-translate-into=\"en\" data-phrase-index=\"0\">Zielgr\u00f6\u00dfe &#8211; 58mm<\/span><\/span><\/li>\n<li><span class=\"VIiyi\" lang=\"de\"><span class=\"JLqJ4b ChMk0b\" data-language-for-alternatives=\"de\" data-language-to-translate-into=\"en\" data-phrase-index=\"2\">Kosteng\u00fcnstige Alternative zum Versenden mehrerer Thermometer zur Kalibrierung<\/span><\/span><\/li>\n<li><span class=\"VIiyi\" lang=\"de\"><span class=\"JLqJ4b ChMk0b\" data-language-for-alternatives=\"de\" data-language-to-translate-into=\"en\" data-phrase-index=\"4\">Erstellt einen stabilen Temperaturwert f\u00fcr Batch-Tests<\/span><\/span><\/li>\n<\/ul>\n<h2>Tipps zur Verwendung des Schwarzk\u00f6rperkalibrators<\/h2>\n<ul>\n<li><span class=\"VIiyi\" lang=\"de\"><span class=\"JLqJ4b ChMk0b\" data-language-for-alternatives=\"de\" data-language-to-translate-into=\"en\" data-phrase-index=\"5\">Bitte lassen Sie es 30 Minuten abk\u00fchlen, bevor Sie es ausschalten<\/span><\/span><\/li>\n<li><span class=\"VIiyi\" lang=\"de\"><span class=\"JLqJ4b ChMk0b\" data-language-for-alternatives=\"de\" data-language-to-translate-into=\"en\" data-phrase-index=\"7\">Vorsicht &#8211; Geh\u00e4use und Oberfl\u00e4chen rund um das Ger\u00e4t k\u00f6nnen sehr hei\u00df werden<\/span><\/span><\/li>\n<\/ul>\n","protected":false},"excerpt":{"rendered":"<p>Schwarzk\u00f6rperkalibrator f\u00fcr Infrarot-Thermometer.<\/p>\n","protected":false},"featured_media":22034,"template":"","meta":{"_crdt_document":""},"product_brand":[],"product_cat":[178,173],"product_tag":[],"class_list":{"0":"post-22031","1":"product","2":"type-product","3":"status-publish","4":"has-post-thumbnail","6":"product_cat-kalibrator","7":"product_cat-temperatur","9":"first","10":"instock","11":"taxable","12":"shipping-taxable","13":"product-type-simple"},"yoast_head":"<!-- This site is optimized with the Yoast SEO plugin v27.3 - https:\/\/yoast.com\/product\/yoast-seo-wordpress\/ -->\n<title>Schwarzk\u00f6rperkalibrator f\u00fcr Infrarot-Thermometer ETI - Sysmatec<\/title>\n<meta name=\"description\" content=\"Schwarzk\u00f6rperkalibrator zur Kalibrierung oder Kontrolle von Infrarot-Thermometern. Temperaturbereich 50 bis 500 \u00b0C.\" \/>\n<meta name=\"robots\" content=\"index, follow, max-snippet:-1, max-image-preview:large, max-video-preview:-1\" \/>\n<link rel=\"canonical\" href=\"https:\/\/sysmatec.ch\/de\/produit\/schwarzkoerperkalibrator-fuer-infrarot-thermometer-eti\/\" \/>\n<meta property=\"og:locale\" content=\"de_DE\" \/>\n<meta property=\"og:type\" content=\"article\" \/>\n<meta property=\"og:title\" content=\"Schwarzk\u00f6rperkalibrator f\u00fcr Infrarot-Thermometer ETI - Sysmatec\" \/>\n<meta property=\"og:description\" content=\"Schwarzk\u00f6rperkalibrator zur Kalibrierung oder Kontrolle von Infrarot-Thermometern. Temperaturbereich 50 bis 500 \u00b0C.\" \/>\n<meta property=\"og:url\" content=\"https:\/\/sysmatec.ch\/de\/produit\/schwarzkoerperkalibrator-fuer-infrarot-thermometer-eti\/\" \/>\n<meta property=\"og:site_name\" content=\"Sysmatec\" \/>\n<meta property=\"article:modified_time\" content=\"2021-11-28T19:38:33+00:00\" \/>\n<meta property=\"og:image\" content=\"https:\/\/sysmatec.ch\/wp-content\/uploads\/2021\/02\/CalibrateurSondeIR_BlackBodyEtiltd.jpg\" \/>\n\t<meta property=\"og:image:width\" content=\"617\" \/>\n\t<meta property=\"og:image:height\" content=\"392\" \/>\n\t<meta property=\"og:image:type\" content=\"image\/jpeg\" \/>\n<meta name=\"twitter:card\" content=\"summary_large_image\" \/>\n<meta name=\"twitter:label1\" content=\"Gesch\u00e4tzte Lesezeit\" \/>\n\t<meta name=\"twitter:data1\" content=\"1\u00a0Minute\" \/>\n<script type=\"application\/ld+json\" class=\"yoast-schema-graph\">{\"@context\":\"https:\\\/\\\/schema.org\",\"@graph\":[{\"@type\":\"WebPage\",\"@id\":\"https:\\\/\\\/sysmatec.ch\\\/de\\\/produit\\\/schwarzkoerperkalibrator-fuer-infrarot-thermometer-eti\\\/\",\"url\":\"https:\\\/\\\/sysmatec.ch\\\/de\\\/produit\\\/schwarzkoerperkalibrator-fuer-infrarot-thermometer-eti\\\/\",\"name\":\"Schwarzk\u00f6rperkalibrator f\u00fcr Infrarot-Thermometer ETI - Sysmatec\",\"isPartOf\":{\"@id\":\"https:\\\/\\\/sysmatec.ch\\\/de\\\/#website\"},\"primaryImageOfPage\":{\"@id\":\"https:\\\/\\\/sysmatec.ch\\\/de\\\/produit\\\/schwarzkoerperkalibrator-fuer-infrarot-thermometer-eti\\\/#primaryimage\"},\"image\":{\"@id\":\"https:\\\/\\\/sysmatec.ch\\\/de\\\/produit\\\/schwarzkoerperkalibrator-fuer-infrarot-thermometer-eti\\\/#primaryimage\"},\"thumbnailUrl\":\"https:\\\/\\\/sysmatec.ch\\\/wp-content\\\/uploads\\\/2021\\\/02\\\/CalibrateurSondeIR_BlackBodyEtiltd.jpg\",\"datePublished\":\"2021-02-06T19:48:12+00:00\",\"dateModified\":\"2021-11-28T19:38:33+00:00\",\"description\":\"Schwarzk\u00f6rperkalibrator zur Kalibrierung oder Kontrolle von Infrarot-Thermometern. Temperaturbereich 50 bis 500 \u00b0C.\",\"breadcrumb\":{\"@id\":\"https:\\\/\\\/sysmatec.ch\\\/de\\\/produit\\\/schwarzkoerperkalibrator-fuer-infrarot-thermometer-eti\\\/#breadcrumb\"},\"inLanguage\":\"de\",\"potentialAction\":[{\"@type\":\"ReadAction\",\"target\":[\"https:\\\/\\\/sysmatec.ch\\\/de\\\/produit\\\/schwarzkoerperkalibrator-fuer-infrarot-thermometer-eti\\\/\"]}]},{\"@type\":\"ImageObject\",\"inLanguage\":\"de\",\"@id\":\"https:\\\/\\\/sysmatec.ch\\\/de\\\/produit\\\/schwarzkoerperkalibrator-fuer-infrarot-thermometer-eti\\\/#primaryimage\",\"url\":\"https:\\\/\\\/sysmatec.ch\\\/wp-content\\\/uploads\\\/2021\\\/02\\\/CalibrateurSondeIR_BlackBodyEtiltd.jpg\",\"contentUrl\":\"https:\\\/\\\/sysmatec.ch\\\/wp-content\\\/uploads\\\/2021\\\/02\\\/CalibrateurSondeIR_BlackBodyEtiltd.jpg\",\"width\":617,\"height\":392},{\"@type\":\"BreadcrumbList\",\"@id\":\"https:\\\/\\\/sysmatec.ch\\\/de\\\/produit\\\/schwarzkoerperkalibrator-fuer-infrarot-thermometer-eti\\\/#breadcrumb\",\"itemListElement\":[{\"@type\":\"ListItem\",\"position\":1,\"name\":\"Accueil\",\"item\":\"https:\\\/\\\/sysmatec.ch\\\/de\\\/\"},{\"@type\":\"ListItem\",\"position\":2,\"name\":\"Die Aktivit\u00e4t von Sysmatec\",\"item\":\"https:\\\/\\\/sysmatec.ch\\\/de\\\/\"},{\"@type\":\"ListItem\",\"position\":3,\"name\":\"Schwarzk\u00f6rperkalibrator f\u00fcr Infrarot-Thermometer ETI\"}]},{\"@type\":\"WebSite\",\"@id\":\"https:\\\/\\\/sysmatec.ch\\\/de\\\/#website\",\"url\":\"https:\\\/\\\/sysmatec.ch\\\/de\\\/\",\"name\":\"Sysmatec\",\"description\":\"Equipement de laboratoire et logiciels\",\"publisher\":{\"@id\":\"https:\\\/\\\/sysmatec.ch\\\/de\\\/#organization\"},\"potentialAction\":[{\"@type\":\"SearchAction\",\"target\":{\"@type\":\"EntryPoint\",\"urlTemplate\":\"https:\\\/\\\/sysmatec.ch\\\/de\\\/?s={search_term_string}\"},\"query-input\":{\"@type\":\"PropertyValueSpecification\",\"valueRequired\":true,\"valueName\":\"search_term_string\"}}],\"inLanguage\":\"de\"},{\"@type\":\"Organization\",\"@id\":\"https:\\\/\\\/sysmatec.ch\\\/de\\\/#organization\",\"name\":\"Sysmatec\",\"url\":\"https:\\\/\\\/sysmatec.ch\\\/de\\\/\",\"logo\":{\"@type\":\"ImageObject\",\"inLanguage\":\"de\",\"@id\":\"https:\\\/\\\/sysmatec.ch\\\/de\\\/#\\\/schema\\\/logo\\\/image\\\/\",\"url\":\"https:\\\/\\\/sysmatec.ch\\\/wp-content\\\/uploads\\\/2018\\\/11\\\/LogoSysmatec.jpg\",\"contentUrl\":\"https:\\\/\\\/sysmatec.ch\\\/wp-content\\\/uploads\\\/2018\\\/11\\\/LogoSysmatec.jpg\",\"width\":301,\"height\":297,\"caption\":\"Sysmatec\"},\"image\":{\"@id\":\"https:\\\/\\\/sysmatec.ch\\\/de\\\/#\\\/schema\\\/logo\\\/image\\\/\"}}]}<\/script>\n<!-- \/ Yoast SEO plugin. -->","yoast_head_json":{"title":"Schwarzk\u00f6rperkalibrator f\u00fcr Infrarot-Thermometer ETI - Sysmatec","description":"Schwarzk\u00f6rperkalibrator zur Kalibrierung oder Kontrolle von Infrarot-Thermometern. Temperaturbereich 50 bis 500 \u00b0C.","robots":{"index":"index","follow":"follow","max-snippet":"max-snippet:-1","max-image-preview":"max-image-preview:large","max-video-preview":"max-video-preview:-1"},"canonical":"https:\/\/sysmatec.ch\/de\/produit\/schwarzkoerperkalibrator-fuer-infrarot-thermometer-eti\/","og_locale":"de_DE","og_type":"article","og_title":"Schwarzk\u00f6rperkalibrator f\u00fcr Infrarot-Thermometer ETI - Sysmatec","og_description":"Schwarzk\u00f6rperkalibrator zur Kalibrierung oder Kontrolle von Infrarot-Thermometern. Temperaturbereich 50 bis 500 \u00b0C.","og_url":"https:\/\/sysmatec.ch\/de\/produit\/schwarzkoerperkalibrator-fuer-infrarot-thermometer-eti\/","og_site_name":"Sysmatec","article_modified_time":"2021-11-28T19:38:33+00:00","og_image":[{"width":617,"height":392,"url":"https:\/\/sysmatec.ch\/wp-content\/uploads\/2021\/02\/CalibrateurSondeIR_BlackBodyEtiltd.jpg","type":"image\/jpeg"}],"twitter_card":"summary_large_image","twitter_misc":{"Gesch\u00e4tzte Lesezeit":"1\u00a0Minute"},"schema":{"@context":"https:\/\/schema.org","@graph":[{"@type":"WebPage","@id":"https:\/\/sysmatec.ch\/de\/produit\/schwarzkoerperkalibrator-fuer-infrarot-thermometer-eti\/","url":"https:\/\/sysmatec.ch\/de\/produit\/schwarzkoerperkalibrator-fuer-infrarot-thermometer-eti\/","name":"Schwarzk\u00f6rperkalibrator f\u00fcr Infrarot-Thermometer ETI - Sysmatec","isPartOf":{"@id":"https:\/\/sysmatec.ch\/de\/#website"},"primaryImageOfPage":{"@id":"https:\/\/sysmatec.ch\/de\/produit\/schwarzkoerperkalibrator-fuer-infrarot-thermometer-eti\/#primaryimage"},"image":{"@id":"https:\/\/sysmatec.ch\/de\/produit\/schwarzkoerperkalibrator-fuer-infrarot-thermometer-eti\/#primaryimage"},"thumbnailUrl":"https:\/\/sysmatec.ch\/wp-content\/uploads\/2021\/02\/CalibrateurSondeIR_BlackBodyEtiltd.jpg","datePublished":"2021-02-06T19:48:12+00:00","dateModified":"2021-11-28T19:38:33+00:00","description":"Schwarzk\u00f6rperkalibrator zur Kalibrierung oder Kontrolle von Infrarot-Thermometern. Temperaturbereich 50 bis 500 \u00b0C.","breadcrumb":{"@id":"https:\/\/sysmatec.ch\/de\/produit\/schwarzkoerperkalibrator-fuer-infrarot-thermometer-eti\/#breadcrumb"},"inLanguage":"de","potentialAction":[{"@type":"ReadAction","target":["https:\/\/sysmatec.ch\/de\/produit\/schwarzkoerperkalibrator-fuer-infrarot-thermometer-eti\/"]}]},{"@type":"ImageObject","inLanguage":"de","@id":"https:\/\/sysmatec.ch\/de\/produit\/schwarzkoerperkalibrator-fuer-infrarot-thermometer-eti\/#primaryimage","url":"https:\/\/sysmatec.ch\/wp-content\/uploads\/2021\/02\/CalibrateurSondeIR_BlackBodyEtiltd.jpg","contentUrl":"https:\/\/sysmatec.ch\/wp-content\/uploads\/2021\/02\/CalibrateurSondeIR_BlackBodyEtiltd.jpg","width":617,"height":392},{"@type":"BreadcrumbList","@id":"https:\/\/sysmatec.ch\/de\/produit\/schwarzkoerperkalibrator-fuer-infrarot-thermometer-eti\/#breadcrumb","itemListElement":[{"@type":"ListItem","position":1,"name":"Accueil","item":"https:\/\/sysmatec.ch\/de\/"},{"@type":"ListItem","position":2,"name":"Die Aktivit\u00e4t von Sysmatec","item":"https:\/\/sysmatec.ch\/de\/"},{"@type":"ListItem","position":3,"name":"Schwarzk\u00f6rperkalibrator f\u00fcr Infrarot-Thermometer ETI"}]},{"@type":"WebSite","@id":"https:\/\/sysmatec.ch\/de\/#website","url":"https:\/\/sysmatec.ch\/de\/","name":"Sysmatec","description":"Equipement de laboratoire et logiciels","publisher":{"@id":"https:\/\/sysmatec.ch\/de\/#organization"},"potentialAction":[{"@type":"SearchAction","target":{"@type":"EntryPoint","urlTemplate":"https:\/\/sysmatec.ch\/de\/?s={search_term_string}"},"query-input":{"@type":"PropertyValueSpecification","valueRequired":true,"valueName":"search_term_string"}}],"inLanguage":"de"},{"@type":"Organization","@id":"https:\/\/sysmatec.ch\/de\/#organization","name":"Sysmatec","url":"https:\/\/sysmatec.ch\/de\/","logo":{"@type":"ImageObject","inLanguage":"de","@id":"https:\/\/sysmatec.ch\/de\/#\/schema\/logo\/image\/","url":"https:\/\/sysmatec.ch\/wp-content\/uploads\/2018\/11\/LogoSysmatec.jpg","contentUrl":"https:\/\/sysmatec.ch\/wp-content\/uploads\/2018\/11\/LogoSysmatec.jpg","width":301,"height":297,"caption":"Sysmatec"},"image":{"@id":"https:\/\/sysmatec.ch\/de\/#\/schema\/logo\/image\/"}}]}},"_links":{"self":[{"href":"https:\/\/sysmatec.ch\/de\/wp-json\/wp\/v2\/product\/22031","targetHints":{"allow":["GET"]}}],"collection":[{"href":"https:\/\/sysmatec.ch\/de\/wp-json\/wp\/v2\/product"}],"about":[{"href":"https:\/\/sysmatec.ch\/de\/wp-json\/wp\/v2\/types\/product"}],"wp:featuredmedia":[{"embeddable":true,"href":"https:\/\/sysmatec.ch\/de\/wp-json\/wp\/v2\/media\/22034"}],"wp:attachment":[{"href":"https:\/\/sysmatec.ch\/de\/wp-json\/wp\/v2\/media?parent=22031"}],"wp:term":[{"taxonomy":"product_brand","embeddable":true,"href":"https:\/\/sysmatec.ch\/de\/wp-json\/wp\/v2\/product_brand?post=22031"},{"taxonomy":"product_cat","embeddable":true,"href":"https:\/\/sysmatec.ch\/de\/wp-json\/wp\/v2\/product_cat?post=22031"},{"taxonomy":"product_tag","embeddable":true,"href":"https:\/\/sysmatec.ch\/de\/wp-json\/wp\/v2\/product_tag?post=22031"}],"curies":[{"name":"wp","href":"https:\/\/api.w.org\/{rel}","templated":true}]}}