{"id":22023,"date":"2021-02-06T18:24:59","date_gmt":"2021-02-06T17:24:59","guid":{"rendered":"https:\/\/sysmatec.ch\/?post_type=product&#038;p=22023"},"modified":"2021-11-29T11:49:14","modified_gmt":"2021-11-29T10:49:14","slug":"echtzeit-partikelzaehler-zur-messung-der-luftqualitaet-temtop-pmd-331","status":"publish","type":"product","link":"https:\/\/sysmatec.ch\/de\/Produkt\/echtzeit-partikelzaehler-zur-messung-der-luftqualitaet-temtop-pmd-331\/","title":{"rendered":"Echtzeit-Partikelz\u00e4hler zur Messung der Luftqualit\u00e4t Temtop PMD 331"},"content":{"rendered":"<p><span class=\"VIiyi\" lang=\"de\"><span class=\"JLqJ4b ChMk0b\" data-language-for-alternatives=\"de\" data-language-to-translate-into=\"fr\" data-phrase-index=\"0\">Dieser Partikelz\u00e4hler besteht aus Laseremitter, Silizium-Fotozelle, optomechanischer Struktur, Optik, Fr\u00e4ser, Luftpumpe, Filtervorrichtung und elektronischer Schaltung.<\/span> <span class=\"JLqJ4b ChMk0b\" data-language-for-alternatives=\"de\" data-language-to-translate-into=\"fr\" data-phrase-index=\"1\">Es liefert Echtzeit- und genaue Z\u00e4hlungen f\u00fcr 0,3 \u03bcm \/ 0,5 \u03bcm \/ 0,7 \u03bcm \/ 1 \u03bcm \/ 2,5 \u03bcm \/ 5 \u03bcm \/ 10 \u03bcm.<\/span><\/span><\/p>\n<h2>Beschreibung<\/h2>\n<ul>\n<li><span class=\"VIiyi\" lang=\"de\"><span class=\"JLqJ4b ChMk0b\" data-language-for-alternatives=\"de\" data-language-to-translate-into=\"fr\" data-phrase-index=\"0\">Arbeitsprinzip: Laser-Mie-Streuprinzip<\/span><\/span><\/li>\n<li><span class=\"VIiyi\" lang=\"de\"><span class=\"JLqJ4b ChMk0b\" data-language-for-alternatives=\"de\" data-language-to-translate-into=\"fr\" data-phrase-index=\"2\">Arbeitstemperaturbereich: 0 ~ 50 \u00b0 C.<\/span><\/span><\/li>\n<li><span class=\"VIiyi\" lang=\"de\"><span class=\"JLqJ4b ChMk0b\" data-language-for-alternatives=\"de\" data-language-to-translate-into=\"fr\" data-phrase-index=\"4\">Lagertemperaturbereich: -20 \u2103 ~ 60 \u2103<\/span><\/span><\/li>\n<li><span class=\"VIiyi\" lang=\"de\"><span class=\"JLqJ4b ChMk0b\" data-language-for-alternatives=\"de\" data-language-to-translate-into=\"fr\" data-phrase-index=\"6\">Messbereich: 0 ~ 3.000.000 Partikel \/ ft\u00b3<\/span><\/span><\/li>\n<li><span class=\"VIiyi\" lang=\"de\"><span class=\"JLqJ4b ChMk0b\" data-language-for-alternatives=\"de\" data-language-to-translate-into=\"fr\" data-phrase-index=\"8\">Genauigkeit: \u00b1 10% (kalibriertes Aerosol)<\/span><\/span><\/li>\n<li><span class=\"VIiyi\" lang=\"de\"><span class=\"JLqJ4b ChMk0b\" data-language-for-alternatives=\"de\" data-language-to-translate-into=\"fr\" data-phrase-index=\"10\">Durchfluss: 2,83 l \/ min<\/span><\/span><\/li>\n<li><span class=\"VIiyi\" lang=\"de\"><span class=\"JLqJ4b ChMk0b\" data-language-for-alternatives=\"de\" data-language-to-translate-into=\"fr\" data-phrase-index=\"12\">Laseremitter: 50 mW, 780 nm<\/span><\/span><\/li>\n<li><span class=\"VIiyi\" lang=\"de\"><span class=\"JLqJ4b ChMk0b\" data-language-for-alternatives=\"de\" data-language-to-translate-into=\"fr\" data-phrase-index=\"14\">Abtastrate: 3 ~ 60s<\/span><\/span><\/li>\n<li><span class=\"VIiyi\" lang=\"de\"><span class=\"JLqJ4b ChMk0b\" data-language-for-alternatives=\"de\" data-language-to-translate-into=\"fr\" data-phrase-index=\"16\">Datenspeicherung: 2.000.000 Punkte<\/span><\/span><\/li>\n<li><span class=\"VIiyi\" lang=\"de\"><span class=\"JLqJ4b ChMk0b\" data-language-for-alternatives=\"de\" data-language-to-translate-into=\"fr\" data-phrase-index=\"18\">Dauerbetrieb 8 Stunden Akku voll aufgeladen<\/span><\/span><\/li>\n<li><span class=\"VIiyi\" lang=\"de\"><span class=\"JLqJ4b ChMk0b\" data-language-for-alternatives=\"de\" data-language-to-translate-into=\"fr\" data-phrase-index=\"20\">Kommunikationsmodus: RS232 \/ USB<\/span><\/span><\/li>\n<li><span class=\"VIiyi\" lang=\"de\"><span class=\"JLqJ4b ChMk0b\" data-language-for-alternatives=\"de\" data-language-to-translate-into=\"fr\" data-phrase-index=\"22\">Gewicht: 0.9 kg<\/span><\/span><\/li>\n<\/ul>\n<p><span class=\"VIiyi\" lang=\"de\"><span class=\"JLqJ4b ChMk0b\" data-language-for-alternatives=\"de\" data-language-to-translate-into=\"fr\" data-phrase-index=\"24\">Breite Anwendung: Vertrauen in HLK, staubfreie Werkstatt, Operationsr\u00e4ume, Filtertests, IAQ-Untersuchungen, \u00dcberwachung der Luftqualit\u00e4t usw.<\/span><\/span><\/p>\n","protected":false},"excerpt":{"rendered":"<p><span class=\"VIiyi\" lang=\"de\"><span class=\"JLqJ4b ChMk0b\" data-language-for-alternatives=\"de\" data-language-to-translate-into=\"fr\" data-phrase-index=\"0\">Dieser Detektor misst die Partikelverteilung im Durchmesser von 0,3 um \/ 0,5 um \/ 0,7 um \/ 1 um \/ 2,5 um \/ 5 um \/ 10 um<\/span><\/span><\/p>\n","protected":false},"featured_media":22027,"template":"","meta":{"_crdt_document":""},"product_brand":[],"product_cat":[185,374],"product_tag":[],"class_list":{"0":"post-22023","1":"product","2":"type-product","3":"status-publish","4":"has-post-thumbnail","6":"product_cat-analyzer-de","7":"product_cat-gas-de","9":"first","10":"instock","11":"taxable","12":"shipping-taxable","13":"product-type-simple"},"yoast_head":"<!-- This site is optimized with the Yoast SEO plugin v27.4 - https:\/\/yoast.com\/product\/yoast-seo-wordpress\/ -->\n<title>Echtzeit-Partikelz\u00e4hler zur Messung der Luftqualit\u00e4t Temtop PMD 331 - Sysmatec<\/title>\n<meta name=\"description\" content=\"Partikelz\u00e4hler zur Luftqualit\u00e4tsmessung, PM 0.3, PM 0.5, PM0.7, PM1, PM2.5, PM5, PM10. Messung durch Lasermethode.\" \/>\n<meta name=\"robots\" content=\"index, follow, max-snippet:-1, max-image-preview:large, max-video-preview:-1\" \/>\n<link rel=\"canonical\" href=\"https:\/\/sysmatec.ch\/de\/produit\/echtzeit-partikelzaehler-zur-messung-der-luftqualitaet-temtop-pmd-331\/\" \/>\n<meta property=\"og:locale\" content=\"de_DE\" \/>\n<meta property=\"og:type\" content=\"article\" \/>\n<meta property=\"og:title\" content=\"Echtzeit-Partikelz\u00e4hler zur Messung der Luftqualit\u00e4t Temtop PMD 331 - Sysmatec\" \/>\n<meta property=\"og:description\" content=\"Partikelz\u00e4hler zur Luftqualit\u00e4tsmessung, PM 0.3, PM 0.5, PM0.7, PM1, PM2.5, PM5, PM10. Messung durch Lasermethode.\" \/>\n<meta property=\"og:url\" content=\"https:\/\/sysmatec.ch\/de\/produit\/echtzeit-partikelzaehler-zur-messung-der-luftqualitaet-temtop-pmd-331\/\" \/>\n<meta property=\"og:site_name\" content=\"Sysmatec\" \/>\n<meta property=\"article:modified_time\" content=\"2021-11-29T10:49:14+00:00\" \/>\n<meta property=\"og:image\" content=\"https:\/\/sysmatec.ch\/wp-content\/uploads\/2021\/02\/DetecteurParticule_ElitechPMB331.jpg\" \/>\n\t<meta property=\"og:image:width\" content=\"1000\" \/>\n\t<meta property=\"og:image:height\" content=\"1000\" \/>\n\t<meta property=\"og:image:type\" content=\"image\/jpeg\" \/>\n<meta name=\"twitter:card\" content=\"summary_large_image\" \/>\n<meta name=\"twitter:label1\" content=\"Gesch\u00e4tzte Lesezeit\" \/>\n\t<meta name=\"twitter:data1\" content=\"1\u00a0Minute\" \/>\n<script type=\"application\/ld+json\" class=\"yoast-schema-graph\">{\"@context\":\"https:\\\/\\\/schema.org\",\"@graph\":[{\"@type\":\"WebPage\",\"@id\":\"https:\\\/\\\/sysmatec.ch\\\/de\\\/produit\\\/echtzeit-partikelzaehler-zur-messung-der-luftqualitaet-temtop-pmd-331\\\/\",\"url\":\"https:\\\/\\\/sysmatec.ch\\\/de\\\/produit\\\/echtzeit-partikelzaehler-zur-messung-der-luftqualitaet-temtop-pmd-331\\\/\",\"name\":\"Echtzeit-Partikelz\u00e4hler zur Messung der Luftqualit\u00e4t Temtop PMD 331 - Sysmatec\",\"isPartOf\":{\"@id\":\"https:\\\/\\\/sysmatec.ch\\\/de\\\/#website\"},\"primaryImageOfPage\":{\"@id\":\"https:\\\/\\\/sysmatec.ch\\\/de\\\/produit\\\/echtzeit-partikelzaehler-zur-messung-der-luftqualitaet-temtop-pmd-331\\\/#primaryimage\"},\"image\":{\"@id\":\"https:\\\/\\\/sysmatec.ch\\\/de\\\/produit\\\/echtzeit-partikelzaehler-zur-messung-der-luftqualitaet-temtop-pmd-331\\\/#primaryimage\"},\"thumbnailUrl\":\"https:\\\/\\\/sysmatec.ch\\\/wp-content\\\/uploads\\\/2021\\\/02\\\/DetecteurParticule_ElitechPMB331.jpg\",\"datePublished\":\"2021-02-06T17:24:59+00:00\",\"dateModified\":\"2021-11-29T10:49:14+00:00\",\"description\":\"Partikelz\u00e4hler zur Luftqualit\u00e4tsmessung, PM 0.3, PM 0.5, PM0.7, PM1, PM2.5, PM5, PM10. Messung durch Lasermethode.\",\"breadcrumb\":{\"@id\":\"https:\\\/\\\/sysmatec.ch\\\/de\\\/produit\\\/echtzeit-partikelzaehler-zur-messung-der-luftqualitaet-temtop-pmd-331\\\/#breadcrumb\"},\"inLanguage\":\"de\",\"potentialAction\":[{\"@type\":\"ReadAction\",\"target\":[\"https:\\\/\\\/sysmatec.ch\\\/de\\\/produit\\\/echtzeit-partikelzaehler-zur-messung-der-luftqualitaet-temtop-pmd-331\\\/\"]}]},{\"@type\":\"ImageObject\",\"inLanguage\":\"de\",\"@id\":\"https:\\\/\\\/sysmatec.ch\\\/de\\\/produit\\\/echtzeit-partikelzaehler-zur-messung-der-luftqualitaet-temtop-pmd-331\\\/#primaryimage\",\"url\":\"https:\\\/\\\/sysmatec.ch\\\/wp-content\\\/uploads\\\/2021\\\/02\\\/DetecteurParticule_ElitechPMB331.jpg\",\"contentUrl\":\"https:\\\/\\\/sysmatec.ch\\\/wp-content\\\/uploads\\\/2021\\\/02\\\/DetecteurParticule_ElitechPMB331.jpg\",\"width\":1000,\"height\":1000},{\"@type\":\"BreadcrumbList\",\"@id\":\"https:\\\/\\\/sysmatec.ch\\\/de\\\/produit\\\/echtzeit-partikelzaehler-zur-messung-der-luftqualitaet-temtop-pmd-331\\\/#breadcrumb\",\"itemListElement\":[{\"@type\":\"ListItem\",\"position\":1,\"name\":\"Accueil\",\"item\":\"https:\\\/\\\/sysmatec.ch\\\/de\\\/\"},{\"@type\":\"ListItem\",\"position\":2,\"name\":\"Die Aktivit\u00e4t von Sysmatec\",\"item\":\"https:\\\/\\\/sysmatec.ch\\\/de\\\/\"},{\"@type\":\"ListItem\",\"position\":3,\"name\":\"Echtzeit-Partikelz\u00e4hler zur Messung der Luftqualit\u00e4t Temtop PMD 331\"}]},{\"@type\":\"WebSite\",\"@id\":\"https:\\\/\\\/sysmatec.ch\\\/de\\\/#website\",\"url\":\"https:\\\/\\\/sysmatec.ch\\\/de\\\/\",\"name\":\"Sysmatec\",\"description\":\"Equipement de laboratoire et logiciels\",\"publisher\":{\"@id\":\"https:\\\/\\\/sysmatec.ch\\\/de\\\/#organization\"},\"potentialAction\":[{\"@type\":\"SearchAction\",\"target\":{\"@type\":\"EntryPoint\",\"urlTemplate\":\"https:\\\/\\\/sysmatec.ch\\\/de\\\/?s={search_term_string}\"},\"query-input\":{\"@type\":\"PropertyValueSpecification\",\"valueRequired\":true,\"valueName\":\"search_term_string\"}}],\"inLanguage\":\"de\"},{\"@type\":\"Organization\",\"@id\":\"https:\\\/\\\/sysmatec.ch\\\/de\\\/#organization\",\"name\":\"Sysmatec\",\"url\":\"https:\\\/\\\/sysmatec.ch\\\/de\\\/\",\"logo\":{\"@type\":\"ImageObject\",\"inLanguage\":\"de\",\"@id\":\"https:\\\/\\\/sysmatec.ch\\\/de\\\/#\\\/schema\\\/logo\\\/image\\\/\",\"url\":\"https:\\\/\\\/sysmatec.ch\\\/wp-content\\\/uploads\\\/2018\\\/11\\\/LogoSysmatec.jpg\",\"contentUrl\":\"https:\\\/\\\/sysmatec.ch\\\/wp-content\\\/uploads\\\/2018\\\/11\\\/LogoSysmatec.jpg\",\"width\":301,\"height\":297,\"caption\":\"Sysmatec\"},\"image\":{\"@id\":\"https:\\\/\\\/sysmatec.ch\\\/de\\\/#\\\/schema\\\/logo\\\/image\\\/\"}}]}<\/script>\n<!-- \/ Yoast SEO plugin. -->","yoast_head_json":{"title":"Echtzeit-Partikelz\u00e4hler zur Messung der Luftqualit\u00e4t Temtop PMD 331 - Sysmatec","description":"Partikelz\u00e4hler zur Luftqualit\u00e4tsmessung, PM 0.3, PM 0.5, PM0.7, PM1, PM2.5, PM5, PM10. Messung durch Lasermethode.","robots":{"index":"index","follow":"follow","max-snippet":"max-snippet:-1","max-image-preview":"max-image-preview:large","max-video-preview":"max-video-preview:-1"},"canonical":"https:\/\/sysmatec.ch\/de\/produit\/echtzeit-partikelzaehler-zur-messung-der-luftqualitaet-temtop-pmd-331\/","og_locale":"de_DE","og_type":"article","og_title":"Echtzeit-Partikelz\u00e4hler zur Messung der Luftqualit\u00e4t Temtop PMD 331 - Sysmatec","og_description":"Partikelz\u00e4hler zur Luftqualit\u00e4tsmessung, PM 0.3, PM 0.5, PM0.7, PM1, PM2.5, PM5, PM10. Messung durch Lasermethode.","og_url":"https:\/\/sysmatec.ch\/de\/produit\/echtzeit-partikelzaehler-zur-messung-der-luftqualitaet-temtop-pmd-331\/","og_site_name":"Sysmatec","article_modified_time":"2021-11-29T10:49:14+00:00","og_image":[{"width":1000,"height":1000,"url":"https:\/\/sysmatec.ch\/wp-content\/uploads\/2021\/02\/DetecteurParticule_ElitechPMB331.jpg","type":"image\/jpeg"}],"twitter_card":"summary_large_image","twitter_misc":{"Gesch\u00e4tzte Lesezeit":"1\u00a0Minute"},"schema":{"@context":"https:\/\/schema.org","@graph":[{"@type":"WebPage","@id":"https:\/\/sysmatec.ch\/de\/produit\/echtzeit-partikelzaehler-zur-messung-der-luftqualitaet-temtop-pmd-331\/","url":"https:\/\/sysmatec.ch\/de\/produit\/echtzeit-partikelzaehler-zur-messung-der-luftqualitaet-temtop-pmd-331\/","name":"Echtzeit-Partikelz\u00e4hler zur Messung der Luftqualit\u00e4t Temtop PMD 331 - Sysmatec","isPartOf":{"@id":"https:\/\/sysmatec.ch\/de\/#website"},"primaryImageOfPage":{"@id":"https:\/\/sysmatec.ch\/de\/produit\/echtzeit-partikelzaehler-zur-messung-der-luftqualitaet-temtop-pmd-331\/#primaryimage"},"image":{"@id":"https:\/\/sysmatec.ch\/de\/produit\/echtzeit-partikelzaehler-zur-messung-der-luftqualitaet-temtop-pmd-331\/#primaryimage"},"thumbnailUrl":"https:\/\/sysmatec.ch\/wp-content\/uploads\/2021\/02\/DetecteurParticule_ElitechPMB331.jpg","datePublished":"2021-02-06T17:24:59+00:00","dateModified":"2021-11-29T10:49:14+00:00","description":"Partikelz\u00e4hler zur Luftqualit\u00e4tsmessung, PM 0.3, PM 0.5, PM0.7, PM1, PM2.5, PM5, PM10. Messung durch Lasermethode.","breadcrumb":{"@id":"https:\/\/sysmatec.ch\/de\/produit\/echtzeit-partikelzaehler-zur-messung-der-luftqualitaet-temtop-pmd-331\/#breadcrumb"},"inLanguage":"de","potentialAction":[{"@type":"ReadAction","target":["https:\/\/sysmatec.ch\/de\/produit\/echtzeit-partikelzaehler-zur-messung-der-luftqualitaet-temtop-pmd-331\/"]}]},{"@type":"ImageObject","inLanguage":"de","@id":"https:\/\/sysmatec.ch\/de\/produit\/echtzeit-partikelzaehler-zur-messung-der-luftqualitaet-temtop-pmd-331\/#primaryimage","url":"https:\/\/sysmatec.ch\/wp-content\/uploads\/2021\/02\/DetecteurParticule_ElitechPMB331.jpg","contentUrl":"https:\/\/sysmatec.ch\/wp-content\/uploads\/2021\/02\/DetecteurParticule_ElitechPMB331.jpg","width":1000,"height":1000},{"@type":"BreadcrumbList","@id":"https:\/\/sysmatec.ch\/de\/produit\/echtzeit-partikelzaehler-zur-messung-der-luftqualitaet-temtop-pmd-331\/#breadcrumb","itemListElement":[{"@type":"ListItem","position":1,"name":"Accueil","item":"https:\/\/sysmatec.ch\/de\/"},{"@type":"ListItem","position":2,"name":"Die Aktivit\u00e4t von Sysmatec","item":"https:\/\/sysmatec.ch\/de\/"},{"@type":"ListItem","position":3,"name":"Echtzeit-Partikelz\u00e4hler zur Messung der Luftqualit\u00e4t Temtop PMD 331"}]},{"@type":"WebSite","@id":"https:\/\/sysmatec.ch\/de\/#website","url":"https:\/\/sysmatec.ch\/de\/","name":"Sysmatec","description":"Equipement de laboratoire et logiciels","publisher":{"@id":"https:\/\/sysmatec.ch\/de\/#organization"},"potentialAction":[{"@type":"SearchAction","target":{"@type":"EntryPoint","urlTemplate":"https:\/\/sysmatec.ch\/de\/?s={search_term_string}"},"query-input":{"@type":"PropertyValueSpecification","valueRequired":true,"valueName":"search_term_string"}}],"inLanguage":"de"},{"@type":"Organization","@id":"https:\/\/sysmatec.ch\/de\/#organization","name":"Sysmatec","url":"https:\/\/sysmatec.ch\/de\/","logo":{"@type":"ImageObject","inLanguage":"de","@id":"https:\/\/sysmatec.ch\/de\/#\/schema\/logo\/image\/","url":"https:\/\/sysmatec.ch\/wp-content\/uploads\/2018\/11\/LogoSysmatec.jpg","contentUrl":"https:\/\/sysmatec.ch\/wp-content\/uploads\/2018\/11\/LogoSysmatec.jpg","width":301,"height":297,"caption":"Sysmatec"},"image":{"@id":"https:\/\/sysmatec.ch\/de\/#\/schema\/logo\/image\/"}}]}},"_links":{"self":[{"href":"https:\/\/sysmatec.ch\/de\/wp-json\/wp\/v2\/product\/22023","targetHints":{"allow":["GET"]}}],"collection":[{"href":"https:\/\/sysmatec.ch\/de\/wp-json\/wp\/v2\/product"}],"about":[{"href":"https:\/\/sysmatec.ch\/de\/wp-json\/wp\/v2\/types\/product"}],"wp:featuredmedia":[{"embeddable":true,"href":"https:\/\/sysmatec.ch\/de\/wp-json\/wp\/v2\/media\/22027"}],"wp:attachment":[{"href":"https:\/\/sysmatec.ch\/de\/wp-json\/wp\/v2\/media?parent=22023"}],"wp:term":[{"taxonomy":"product_brand","embeddable":true,"href":"https:\/\/sysmatec.ch\/de\/wp-json\/wp\/v2\/product_brand?post=22023"},{"taxonomy":"product_cat","embeddable":true,"href":"https:\/\/sysmatec.ch\/de\/wp-json\/wp\/v2\/product_cat?post=22023"},{"taxonomy":"product_tag","embeddable":true,"href":"https:\/\/sysmatec.ch\/de\/wp-json\/wp\/v2\/product_tag?post=22023"}],"curies":[{"name":"wp","href":"https:\/\/api.w.org\/{rel}","templated":true}]}}