{"id":22018,"date":"2021-02-06T11:50:45","date_gmt":"2021-02-06T10:50:45","guid":{"rendered":"https:\/\/sysmatec.ch\/produit\/temtop-m2000c-handhold-co2-air-quality-monitor-pm2-5-pm10\/"},"modified":"2021-11-29T13:14:28","modified_gmt":"2021-11-29T12:14:28","slug":"co2-und-pm2-5-pm10-luftqualitaetsmonitor-temtop-m2000c","status":"publish","type":"product","link":"https:\/\/sysmatec.ch\/de\/Produkt\/co2-und-pm2-5-pm10-luftqualitaetsmonitor-temtop-m2000c\/","title":{"rendered":"CO2 und PM2.5 \/ PM10 Luftqualit\u00e4tsmonitor Temtop M2000C"},"content":{"rendered":"<p><span class=\"VIiyi\" lang=\"de\"><span class=\"JLqJ4b ChMk0b\" data-language-for-alternatives=\"de\" data-language-to-translate-into=\"en\" data-phrase-index=\"0\">Der Handluftqualit\u00e4tsdetektor erfasst die Luftqualit\u00e4t im Innen- und Au\u00dfenbereich genau.<\/span> <span class=\"JLqJ4b ChMk0b\" data-language-for-alternatives=\"de\" data-language-to-translate-into=\"en\" data-phrase-index=\"1\">Dieser Detektor erkennt PM2.5- und PM10-Partikel, CO2, Temperatur und Luftfeuchtigkeit.<\/span><\/span><\/p>\n<h2>Beschreibung<\/h2>\n<ul>\n<li><span class=\"VIiyi\" lang=\"de\"><span class=\"JLqJ4b ChMk0b\" data-language-for-alternatives=\"de\" data-language-to-translate-into=\"en\" data-phrase-index=\"0\">Anzeige: TFT-Farb-LCD-Bildschirm<\/span><\/span><\/li>\n<li><span class=\"VIiyi\" lang=\"de\"><span class=\"JLqJ4b ChMk0b\" data-language-for-alternatives=\"de\" data-language-to-translate-into=\"en\" data-phrase-index=\"2\">Batteriespannung: 3,7 VDC<\/span><\/span><\/li>\n<li><span class=\"VIiyi\" lang=\"de\"><span class=\"JLqJ4b ChMk0b\" data-language-for-alternatives=\"de\" data-language-to-translate-into=\"en\" data-phrase-index=\"4\">Gesamtabmessung: 73,5 * 139 * 37,5 mm<\/span><\/span><\/li>\n<li><span class=\"VIiyi\" lang=\"de\"><span class=\"JLqJ4b ChMk0b\" data-language-for-alternatives=\"de\" data-language-to-translate-into=\"en\" data-phrase-index=\"6\">Netzteil: Ausgangsspannung = DC5V, Ausgangsstrom = 1A<\/span><\/span><\/li>\n<li><span class=\"VIiyi\" lang=\"de\"><span class=\"JLqJ4b ChMk0b\" data-language-for-alternatives=\"de\" data-language-to-translate-into=\"en\" data-phrase-index=\"8\">Betriebsumgebung: Temperaturbereich = 0 ~ 50 \u00b0 C, Feuchtigkeitsbereich = 0 ~ 90% rF, atmosph\u00e4rischer Druck = 1 atm<\/span><\/span><\/li>\n<li><span class=\"VIiyi\" lang=\"de\"><span class=\"JLqJ4b ChMk0b\" data-language-for-alternatives=\"de\" data-language-to-translate-into=\"en\" data-phrase-index=\"10\">PM2.5: Messbereich = 0 ~ 999ug \/ m\u00b3, Aufl\u00f6sung = 0.1ug \/ m\u00b3<\/span><\/span><\/li>\n<li><span class=\"VIiyi\" lang=\"de\"><span class=\"JLqJ4b ChMk0b\" data-language-for-alternatives=\"de\" data-language-to-translate-into=\"en\" data-phrase-index=\"12\">PM10: Messbereich: 0 ~ 999ug \/ m\u00b3, Aufl\u00f6sung: 0,1ug \/ m\u00b3<\/span><\/span><\/li>\n<li><span class=\"VIiyi\" lang=\"de\"><span class=\"JLqJ4b ChMk0b\" data-language-for-alternatives=\"de\" data-language-to-translate-into=\"en\" data-phrase-index=\"14\">CO2: Messbereich: 0 ~ 5000PPM, Aufl\u00f6sung: 1PPM<\/span><\/span><\/li>\n<\/ul>\n<table width=\"437\">\n<tbody>\n<tr>\n<td colspan=\"3\" width=\"305\">Parameter<\/td>\n<td width=\"132\"><\/td>\n<\/tr>\n<tr>\n<td>PM2.5 (ug\/m3)<\/td>\n<td>PM10\u00a0 (ug\/m3)<\/td>\n<td>CO2 (ppm)<\/td>\n<td>Luftqualit\u00e4t<\/td>\n<\/tr>\n<tr>\n<td>0 \u00e0 12<\/td>\n<td>0 \u00e0 54<\/td>\n<td>0 \u00e0 700<\/td>\n<td>gut<\/td>\n<\/tr>\n<tr>\n<td>12.1 \u00e0 35.4<\/td>\n<td>55 \u00e0 154<\/td>\n<td>701 \u00e0 1000<\/td>\n<td>mittel<\/td>\n<\/tr>\n<tr>\n<td>35.5 \u00e0 55.4<\/td>\n<td>155 \u00e0 254<\/td>\n<td>1001 \u00e0 1500<\/td>\n<td><span class=\"VIiyi\" lang=\"de\"><span class=\"JLqJ4b ChMk0b\" data-language-for-alternatives=\"de\" data-language-to-translate-into=\"fr\" data-phrase-index=\"0\">schlecht f\u00fcr sensible Menschen<\/span><\/span><\/td>\n<\/tr>\n<tr>\n<td>55.5 \u00e0 150.4<\/td>\n<td>255 \u00e0 354<\/td>\n<td>1501 \u00e0 2500<\/td>\n<td><span class=\"VIiyi\" lang=\"de\"><span class=\"JLqJ4b ChMk0b\" data-language-for-alternatives=\"de\" data-language-to-translate-into=\"fr\" data-phrase-index=\"0\">schlecht <\/span><\/span><\/td>\n<\/tr>\n<tr>\n<td>150.5 \u00e0 250.4<\/td>\n<td>355 \u00e0 424<\/td>\n<td>2500 \u00e0 5000<\/td>\n<td>sehr <span class=\"VIiyi\" lang=\"de\"><span class=\"JLqJ4b ChMk0b\" data-language-for-alternatives=\"de\" data-language-to-translate-into=\"fr\" data-phrase-index=\"0\">schlecht <\/span><\/span><\/td>\n<\/tr>\n<tr>\n<td>&gt;250.5<\/td>\n<td>&gt;425<\/td>\n<td>&gt;5000<\/td>\n<td>gef\u00e4hrlcih<\/td>\n<\/tr>\n<\/tbody>\n<\/table>\n<p><span class=\"VIiyi\" lang=\"de\"><span class=\"JLqJ4b ChMk0b\" data-language-for-alternatives=\"de\" data-language-to-translate-into=\"fr\" data-phrase-index=\"0\">PM2.5 haben einen Durchmesser von 2.5 Mikrometern oder weniger und k\u00f6nnen nur mit einem Elektronenmikroskop gesehen werden.<\/span> <span class=\"JLqJ4b ChMk0b\" data-language-for-alternatives=\"de\" data-language-to-translate-into=\"fr\" data-phrase-index=\"1\">Bei allen Arten der Verbrennung entstehen feine Partikel, einschlie\u00dflich Kraftfahrzeugen, Kraftwerken, Holzverbrennung in Wohngebieten, Waldbr\u00e4nden, Verbrennung in der Landwirtschaft und einigen industriellen Prozessen.<\/span><\/span><\/p>\n<p><span class=\"VIiyi\" lang=\"de\"><span class=\"JLqJ4b ChMk0b\" data-language-for-alternatives=\"de\" data-language-to-translate-into=\"fr\" data-phrase-index=\"3\">PM10 haben einen Durchmesser von 2.5 bis 10 Mikrometern.<\/span> <span class=\"JLqJ4b ChMk0b\" data-language-for-alternatives=\"de\" data-language-to-translate-into=\"fr\" data-phrase-index=\"4\">Zu den Quellen geh\u00f6ren Quetsch- oder Schleifvorg\u00e4nge sowie Staub, der von Fahrzeugen auf Stra\u00dfen aufgewirbelt wird.<\/span> <span class=\"JLqJ4b ChMk0b\" data-language-for-alternatives=\"de\" data-language-to-translate-into=\"fr\" data-phrase-index=\"5\">Diese winzigen Partikel, die etwa 30-mal kleiner sind als die Breite eines Haares auf Ihrem Kopf, sind klein genug, um an unseren defensiven Nasenhaaren vorbei in unsere Lunge eingeatmet zu werden.<\/span><\/span><\/p>\n","protected":false},"excerpt":{"rendered":"<p>Lufqualit\u00e4tmessung, die Paremter sind CO2, Partikel\u00a0 (PM2.5 und PM10), Temperatur, Feuchte<\/p>\n","protected":false},"featured_media":22015,"template":"","meta":{"_crdt_document":""},"product_brand":[],"product_cat":[185,248,374],"product_tag":[],"class_list":{"0":"post-22018","1":"product","2":"type-product","3":"status-publish","4":"has-post-thumbnail","6":"product_cat-analyzer-de","7":"product_cat-co2-de","8":"product_cat-gas-de","10":"first","11":"instock","12":"taxable","13":"shipping-taxable","14":"product-type-simple"},"yoast_head":"<!-- This site is optimized with the Yoast SEO plugin v27.3 - https:\/\/yoast.com\/product\/yoast-seo-wordpress\/ -->\n<title>CO2 und PM2.5 \/ PM10 Luftqualit\u00e4tsmonitor Temtop M2000C - Sysmatec<\/title>\n<meta name=\"description\" content=\"Partikelz\u00e4hler zur Messung der Luftqualit\u00e4t, PM2.5, PM5, PM10. Es misst auch Temperatur, Luftfeuchtigkeit und CO2.\" \/>\n<meta name=\"robots\" content=\"index, follow, max-snippet:-1, max-image-preview:large, max-video-preview:-1\" \/>\n<link rel=\"canonical\" href=\"https:\/\/sysmatec.ch\/de\/produit\/co2-und-pm2-5-pm10-luftqualitaetsmonitor-temtop-m2000c\/\" \/>\n<meta property=\"og:locale\" content=\"de_DE\" \/>\n<meta property=\"og:type\" content=\"article\" \/>\n<meta property=\"og:title\" content=\"CO2 und PM2.5 \/ PM10 Luftqualit\u00e4tsmonitor Temtop M2000C - Sysmatec\" \/>\n<meta property=\"og:description\" content=\"Partikelz\u00e4hler zur Messung der Luftqualit\u00e4t, PM2.5, PM5, PM10. Es misst auch Temperatur, Luftfeuchtigkeit und CO2.\" \/>\n<meta property=\"og:url\" content=\"https:\/\/sysmatec.ch\/de\/produit\/co2-und-pm2-5-pm10-luftqualitaetsmonitor-temtop-m2000c\/\" \/>\n<meta property=\"og:site_name\" content=\"Sysmatec\" \/>\n<meta property=\"article:modified_time\" content=\"2021-11-29T12:14:28+00:00\" \/>\n<meta property=\"og:image\" content=\"https:\/\/sysmatec.ch\/wp-content\/uploads\/2021\/02\/Particule_ElitechM2000C.jpg\" \/>\n\t<meta property=\"og:image:width\" content=\"1000\" \/>\n\t<meta property=\"og:image:height\" content=\"1000\" \/>\n\t<meta property=\"og:image:type\" content=\"image\/jpeg\" \/>\n<meta name=\"twitter:card\" content=\"summary_large_image\" \/>\n<meta name=\"twitter:label1\" content=\"Gesch\u00e4tzte Lesezeit\" \/>\n\t<meta name=\"twitter:data1\" content=\"2\u00a0Minuten\" \/>\n<script type=\"application\/ld+json\" class=\"yoast-schema-graph\">{\"@context\":\"https:\\\/\\\/schema.org\",\"@graph\":[{\"@type\":\"WebPage\",\"@id\":\"https:\\\/\\\/sysmatec.ch\\\/de\\\/produit\\\/co2-und-pm2-5-pm10-luftqualitaetsmonitor-temtop-m2000c\\\/\",\"url\":\"https:\\\/\\\/sysmatec.ch\\\/de\\\/produit\\\/co2-und-pm2-5-pm10-luftqualitaetsmonitor-temtop-m2000c\\\/\",\"name\":\"CO2 und PM2.5 \\\/ PM10 Luftqualit\u00e4tsmonitor Temtop M2000C - Sysmatec\",\"isPartOf\":{\"@id\":\"https:\\\/\\\/sysmatec.ch\\\/de\\\/#website\"},\"primaryImageOfPage\":{\"@id\":\"https:\\\/\\\/sysmatec.ch\\\/de\\\/produit\\\/co2-und-pm2-5-pm10-luftqualitaetsmonitor-temtop-m2000c\\\/#primaryimage\"},\"image\":{\"@id\":\"https:\\\/\\\/sysmatec.ch\\\/de\\\/produit\\\/co2-und-pm2-5-pm10-luftqualitaetsmonitor-temtop-m2000c\\\/#primaryimage\"},\"thumbnailUrl\":\"https:\\\/\\\/sysmatec.ch\\\/wp-content\\\/uploads\\\/2021\\\/02\\\/Particule_ElitechM2000C.jpg\",\"datePublished\":\"2021-02-06T10:50:45+00:00\",\"dateModified\":\"2021-11-29T12:14:28+00:00\",\"description\":\"Partikelz\u00e4hler zur Messung der Luftqualit\u00e4t, PM2.5, PM5, PM10. Es misst auch Temperatur, Luftfeuchtigkeit und CO2.\",\"breadcrumb\":{\"@id\":\"https:\\\/\\\/sysmatec.ch\\\/de\\\/produit\\\/co2-und-pm2-5-pm10-luftqualitaetsmonitor-temtop-m2000c\\\/#breadcrumb\"},\"inLanguage\":\"de\",\"potentialAction\":[{\"@type\":\"ReadAction\",\"target\":[\"https:\\\/\\\/sysmatec.ch\\\/de\\\/produit\\\/co2-und-pm2-5-pm10-luftqualitaetsmonitor-temtop-m2000c\\\/\"]}]},{\"@type\":\"ImageObject\",\"inLanguage\":\"de\",\"@id\":\"https:\\\/\\\/sysmatec.ch\\\/de\\\/produit\\\/co2-und-pm2-5-pm10-luftqualitaetsmonitor-temtop-m2000c\\\/#primaryimage\",\"url\":\"https:\\\/\\\/sysmatec.ch\\\/wp-content\\\/uploads\\\/2021\\\/02\\\/Particule_ElitechM2000C.jpg\",\"contentUrl\":\"https:\\\/\\\/sysmatec.ch\\\/wp-content\\\/uploads\\\/2021\\\/02\\\/Particule_ElitechM2000C.jpg\",\"width\":1000,\"height\":1000},{\"@type\":\"BreadcrumbList\",\"@id\":\"https:\\\/\\\/sysmatec.ch\\\/de\\\/produit\\\/co2-und-pm2-5-pm10-luftqualitaetsmonitor-temtop-m2000c\\\/#breadcrumb\",\"itemListElement\":[{\"@type\":\"ListItem\",\"position\":1,\"name\":\"Accueil\",\"item\":\"https:\\\/\\\/sysmatec.ch\\\/de\\\/\"},{\"@type\":\"ListItem\",\"position\":2,\"name\":\"Die Aktivit\u00e4t von Sysmatec\",\"item\":\"https:\\\/\\\/sysmatec.ch\\\/de\\\/\"},{\"@type\":\"ListItem\",\"position\":3,\"name\":\"CO2 und PM2.5 \\\/ PM10 Luftqualit\u00e4tsmonitor Temtop M2000C\"}]},{\"@type\":\"WebSite\",\"@id\":\"https:\\\/\\\/sysmatec.ch\\\/de\\\/#website\",\"url\":\"https:\\\/\\\/sysmatec.ch\\\/de\\\/\",\"name\":\"Sysmatec\",\"description\":\"Equipement de laboratoire et logiciels\",\"publisher\":{\"@id\":\"https:\\\/\\\/sysmatec.ch\\\/de\\\/#organization\"},\"potentialAction\":[{\"@type\":\"SearchAction\",\"target\":{\"@type\":\"EntryPoint\",\"urlTemplate\":\"https:\\\/\\\/sysmatec.ch\\\/de\\\/?s={search_term_string}\"},\"query-input\":{\"@type\":\"PropertyValueSpecification\",\"valueRequired\":true,\"valueName\":\"search_term_string\"}}],\"inLanguage\":\"de\"},{\"@type\":\"Organization\",\"@id\":\"https:\\\/\\\/sysmatec.ch\\\/de\\\/#organization\",\"name\":\"Sysmatec\",\"url\":\"https:\\\/\\\/sysmatec.ch\\\/de\\\/\",\"logo\":{\"@type\":\"ImageObject\",\"inLanguage\":\"de\",\"@id\":\"https:\\\/\\\/sysmatec.ch\\\/de\\\/#\\\/schema\\\/logo\\\/image\\\/\",\"url\":\"https:\\\/\\\/sysmatec.ch\\\/wp-content\\\/uploads\\\/2018\\\/11\\\/LogoSysmatec.jpg\",\"contentUrl\":\"https:\\\/\\\/sysmatec.ch\\\/wp-content\\\/uploads\\\/2018\\\/11\\\/LogoSysmatec.jpg\",\"width\":301,\"height\":297,\"caption\":\"Sysmatec\"},\"image\":{\"@id\":\"https:\\\/\\\/sysmatec.ch\\\/de\\\/#\\\/schema\\\/logo\\\/image\\\/\"}}]}<\/script>\n<!-- \/ Yoast SEO plugin. -->","yoast_head_json":{"title":"CO2 und PM2.5 \/ PM10 Luftqualit\u00e4tsmonitor Temtop M2000C - Sysmatec","description":"Partikelz\u00e4hler zur Messung der Luftqualit\u00e4t, PM2.5, PM5, PM10. Es misst auch Temperatur, Luftfeuchtigkeit und CO2.","robots":{"index":"index","follow":"follow","max-snippet":"max-snippet:-1","max-image-preview":"max-image-preview:large","max-video-preview":"max-video-preview:-1"},"canonical":"https:\/\/sysmatec.ch\/de\/produit\/co2-und-pm2-5-pm10-luftqualitaetsmonitor-temtop-m2000c\/","og_locale":"de_DE","og_type":"article","og_title":"CO2 und PM2.5 \/ PM10 Luftqualit\u00e4tsmonitor Temtop M2000C - Sysmatec","og_description":"Partikelz\u00e4hler zur Messung der Luftqualit\u00e4t, PM2.5, PM5, PM10. Es misst auch Temperatur, Luftfeuchtigkeit und CO2.","og_url":"https:\/\/sysmatec.ch\/de\/produit\/co2-und-pm2-5-pm10-luftqualitaetsmonitor-temtop-m2000c\/","og_site_name":"Sysmatec","article_modified_time":"2021-11-29T12:14:28+00:00","og_image":[{"width":1000,"height":1000,"url":"https:\/\/sysmatec.ch\/wp-content\/uploads\/2021\/02\/Particule_ElitechM2000C.jpg","type":"image\/jpeg"}],"twitter_card":"summary_large_image","twitter_misc":{"Gesch\u00e4tzte Lesezeit":"2\u00a0Minuten"},"schema":{"@context":"https:\/\/schema.org","@graph":[{"@type":"WebPage","@id":"https:\/\/sysmatec.ch\/de\/produit\/co2-und-pm2-5-pm10-luftqualitaetsmonitor-temtop-m2000c\/","url":"https:\/\/sysmatec.ch\/de\/produit\/co2-und-pm2-5-pm10-luftqualitaetsmonitor-temtop-m2000c\/","name":"CO2 und PM2.5 \/ PM10 Luftqualit\u00e4tsmonitor Temtop M2000C - Sysmatec","isPartOf":{"@id":"https:\/\/sysmatec.ch\/de\/#website"},"primaryImageOfPage":{"@id":"https:\/\/sysmatec.ch\/de\/produit\/co2-und-pm2-5-pm10-luftqualitaetsmonitor-temtop-m2000c\/#primaryimage"},"image":{"@id":"https:\/\/sysmatec.ch\/de\/produit\/co2-und-pm2-5-pm10-luftqualitaetsmonitor-temtop-m2000c\/#primaryimage"},"thumbnailUrl":"https:\/\/sysmatec.ch\/wp-content\/uploads\/2021\/02\/Particule_ElitechM2000C.jpg","datePublished":"2021-02-06T10:50:45+00:00","dateModified":"2021-11-29T12:14:28+00:00","description":"Partikelz\u00e4hler zur Messung der Luftqualit\u00e4t, PM2.5, PM5, PM10. Es misst auch Temperatur, Luftfeuchtigkeit und CO2.","breadcrumb":{"@id":"https:\/\/sysmatec.ch\/de\/produit\/co2-und-pm2-5-pm10-luftqualitaetsmonitor-temtop-m2000c\/#breadcrumb"},"inLanguage":"de","potentialAction":[{"@type":"ReadAction","target":["https:\/\/sysmatec.ch\/de\/produit\/co2-und-pm2-5-pm10-luftqualitaetsmonitor-temtop-m2000c\/"]}]},{"@type":"ImageObject","inLanguage":"de","@id":"https:\/\/sysmatec.ch\/de\/produit\/co2-und-pm2-5-pm10-luftqualitaetsmonitor-temtop-m2000c\/#primaryimage","url":"https:\/\/sysmatec.ch\/wp-content\/uploads\/2021\/02\/Particule_ElitechM2000C.jpg","contentUrl":"https:\/\/sysmatec.ch\/wp-content\/uploads\/2021\/02\/Particule_ElitechM2000C.jpg","width":1000,"height":1000},{"@type":"BreadcrumbList","@id":"https:\/\/sysmatec.ch\/de\/produit\/co2-und-pm2-5-pm10-luftqualitaetsmonitor-temtop-m2000c\/#breadcrumb","itemListElement":[{"@type":"ListItem","position":1,"name":"Accueil","item":"https:\/\/sysmatec.ch\/de\/"},{"@type":"ListItem","position":2,"name":"Die Aktivit\u00e4t von Sysmatec","item":"https:\/\/sysmatec.ch\/de\/"},{"@type":"ListItem","position":3,"name":"CO2 und PM2.5 \/ PM10 Luftqualit\u00e4tsmonitor Temtop M2000C"}]},{"@type":"WebSite","@id":"https:\/\/sysmatec.ch\/de\/#website","url":"https:\/\/sysmatec.ch\/de\/","name":"Sysmatec","description":"Equipement de laboratoire et logiciels","publisher":{"@id":"https:\/\/sysmatec.ch\/de\/#organization"},"potentialAction":[{"@type":"SearchAction","target":{"@type":"EntryPoint","urlTemplate":"https:\/\/sysmatec.ch\/de\/?s={search_term_string}"},"query-input":{"@type":"PropertyValueSpecification","valueRequired":true,"valueName":"search_term_string"}}],"inLanguage":"de"},{"@type":"Organization","@id":"https:\/\/sysmatec.ch\/de\/#organization","name":"Sysmatec","url":"https:\/\/sysmatec.ch\/de\/","logo":{"@type":"ImageObject","inLanguage":"de","@id":"https:\/\/sysmatec.ch\/de\/#\/schema\/logo\/image\/","url":"https:\/\/sysmatec.ch\/wp-content\/uploads\/2018\/11\/LogoSysmatec.jpg","contentUrl":"https:\/\/sysmatec.ch\/wp-content\/uploads\/2018\/11\/LogoSysmatec.jpg","width":301,"height":297,"caption":"Sysmatec"},"image":{"@id":"https:\/\/sysmatec.ch\/de\/#\/schema\/logo\/image\/"}}]}},"_links":{"self":[{"href":"https:\/\/sysmatec.ch\/de\/wp-json\/wp\/v2\/product\/22018","targetHints":{"allow":["GET"]}}],"collection":[{"href":"https:\/\/sysmatec.ch\/de\/wp-json\/wp\/v2\/product"}],"about":[{"href":"https:\/\/sysmatec.ch\/de\/wp-json\/wp\/v2\/types\/product"}],"wp:featuredmedia":[{"embeddable":true,"href":"https:\/\/sysmatec.ch\/de\/wp-json\/wp\/v2\/media\/22015"}],"wp:attachment":[{"href":"https:\/\/sysmatec.ch\/de\/wp-json\/wp\/v2\/media?parent=22018"}],"wp:term":[{"taxonomy":"product_brand","embeddable":true,"href":"https:\/\/sysmatec.ch\/de\/wp-json\/wp\/v2\/product_brand?post=22018"},{"taxonomy":"product_cat","embeddable":true,"href":"https:\/\/sysmatec.ch\/de\/wp-json\/wp\/v2\/product_cat?post=22018"},{"taxonomy":"product_tag","embeddable":true,"href":"https:\/\/sysmatec.ch\/de\/wp-json\/wp\/v2\/product_tag?post=22018"}],"curies":[{"name":"wp","href":"https:\/\/api.w.org\/{rel}","templated":true}]}}