{"id":22005,"date":"2021-02-02T21:21:15","date_gmt":"2021-02-02T20:21:15","guid":{"rendered":"https:\/\/sysmatec.ch\/?post_type=product&#038;p=22005"},"modified":"2021-11-29T13:25:22","modified_gmt":"2021-11-29T12:25:22","slug":"spin-columns-expell","status":"publish","type":"product","link":"https:\/\/sysmatec.ch\/de\/Produkt\/spin-columns-expell\/","title":{"rendered":"Spin Columns Expell"},"content":{"rendered":"<p><span class=\"VIiyi\" lang=\"de\"><span class=\"JLqJ4b ChMk0b\" data-language-for-alternatives=\"de\" data-language-to-translate-into=\"en\" data-phrase-index=\"0\">Das CAPP Expell-Spin-Column-System besteht aus einer Kombination eines 0,8-ml-Rundrohrfilterrohrs und eines 1,5 \/ 2,0-ml-Empf\u00e4ngerrohrs, die in einem breiten Spektrum molekularbiologischer Anwendungen auf hohe Leistung getestet wurden.<\/span> <span class=\"JLqJ4b ChMk0b\" data-language-for-alternatives=\"de\" data-language-to-translate-into=\"en\" data-phrase-index=\"1\">CAPP Expell Spin-S\u00e4ulen verf\u00fcgen \u00fcber hochwertige Filtermembranen aus Glasfaserfiltern oder Polyethylen.<\/span> <span class=\"JLqJ4b ChMk0b\" data-language-for-alternatives=\"de\" data-language-to-translate-into=\"en\" data-phrase-index=\"2\">Sowohl das Filterrohr als auch das Empf\u00e4ngerrohr bestehen aus einer einzigartigen Mischung aus hochwertigem, nicht benetzbarem Polypropylen, das sich durch minimale Wechselwirkung mit Reaktionskomponenten auszeichnet.<\/span> <span class=\"JLqJ4b ChMk0b\" data-language-for-alternatives=\"de\" data-language-to-translate-into=\"en\" data-phrase-index=\"3\">Empf\u00e4ngerr\u00f6hrchen verf\u00fcgen \u00fcber Volumenabstufungsmarkierungen, mit denen die w\u00e4hrend des Gebrauchs gesammelte Produktmenge leicht \u00fcberwacht werden kann.<\/span><\/span><\/p>\n<h2><span lang=\"de\">Die idealen Spin Columns f\u00fcr die DNA-Extraktion mit hoher Ausbeute<\/span><\/h2>\n<p><span class=\"VIiyi\" lang=\"de\"><span class=\"JLqJ4b ChMk0b\" data-language-for-alternatives=\"de\" data-language-to-translate-into=\"en\" data-phrase-index=\"0\">CAPP Expell-Spin-S\u00e4ulen erm\u00f6glichen eine schnelle DNA-Extraktion mit hoher Ausbeute aus einer Vielzahl von Zellen.<\/span> <span class=\"JLqJ4b ChMk0b\" data-language-for-alternatives=\"de\" data-language-to-translate-into=\"en\" data-phrase-index=\"1\">Die resultierende hochwertige DNA kann f\u00fcr die Sequenzierung, Klonierung und viele andere nachgeschaltete Anwendungen der n\u00e4chsten Generation verwendet werden.<\/span> <span class=\"JLqJ4b ChMk0b\" data-language-for-alternatives=\"de\" data-language-to-translate-into=\"en\" data-phrase-index=\"2\">Nach der Zelllyse wird das Lysat mit Glasperlenfiltern zu CAPP Expell-Spin-S\u00e4ulen gegeben, und die Filter wirken magisch, um die gesamte genomische DNA zur\u00fcckzuhalten, w\u00e4hrend andere zellul\u00e4re Komponenten im Durchfluss verloren gehen.<\/span> <span class=\"JLqJ4b ChMk0b\" data-language-for-alternatives=\"de\" data-language-to-translate-into=\"en\" data-phrase-index=\"3\">Ein schneller Waschschritt, gefolgt von einer Elution, f\u00fchrt zu einer gro\u00dfen Menge an DNA, die in den Empf\u00e4ngerr\u00f6hrchen der CAPP Expell-Spin-S\u00e4ulen gesammelt wird, wobei der halbe Aufwand f\u00fcr andere weniger effiziente Extraktionsmethoden erforderlich ist.<\/span><\/span><\/p>\n<h2><span lang=\"de\">Au\u00dfergew\u00f6hnliche PCR-Reinigung mit CAPP Expell Spin Columns<\/span><\/h2>\n<p><span class=\"VIiyi\" lang=\"de\"><span class=\"JLqJ4b ChMk0b\" data-language-for-alternatives=\"de\" data-language-to-translate-into=\"en\" data-phrase-index=\"0\">CAPP Expell-Spin-S\u00e4ulen erm\u00f6glichen eine schnelle DNA-Extraktion mit hoher Ausbeute aus einer Vielzahl von Zellen.<\/span> <span class=\"JLqJ4b ChMk0b\" data-language-for-alternatives=\"de\" data-language-to-translate-into=\"en\" data-phrase-index=\"1\">Die resultierende hochwertige DNA kann f\u00fcr die Sequenzierung, Klonierung und viele andere nachgeschaltete Anwendungen der n\u00e4chsten Generation verwendet werden.<\/span> <span class=\"JLqJ4b ChMk0b\" data-language-for-alternatives=\"de\" data-language-to-translate-into=\"en\" data-phrase-index=\"2\">Nach der Zelllyse wird das Lysat mit Glasperlenfiltern zu CAPP Expell-Spin-S\u00e4ulen gegeben, und die Filter wirken magisch, um die gesamte genomische DNA zur\u00fcckzuhalten, w\u00e4hrend andere zellul\u00e4re Komponenten im Durchfluss verloren gehen.<\/span> <span class=\"JLqJ4b ChMk0b\" data-language-for-alternatives=\"de\" data-language-to-translate-into=\"en\" data-phrase-index=\"3\">Ein schneller Waschschritt, gefolgt von einer Elution, f\u00fchrt zu einer gro\u00dfen Menge an DNA, die in den Empf\u00e4ngerr\u00f6hrchen der CAPP Expell-Spin-S\u00e4ulen gesammelt wird, wobei der halbe Aufwand f\u00fcr andere weniger effiziente Extraktionsmethoden erforderlich ist.<\/span><\/span><\/p>\n<h2><span class=\"VIiyi\" lang=\"de\"><span class=\"JLqJ4b ChMk0b\" data-language-for-alternatives=\"de\" data-language-to-translate-into=\"en\" data-phrase-index=\"0\">Spin-S\u00e4ule Sepzifikation<\/span><\/span><\/h2>\n<table>\n<thead>\n<tr>\n<th>Cat. No.<\/th>\n<th>Beschreibung<\/th>\n<\/tr>\n<\/thead>\n<tbody>\n<tr>\n<th>5052001C<\/th>\n<th><span class=\"VIiyi\" lang=\"de\"><span class=\"JLqJ4b ChMk0b\" data-language-for-alternatives=\"de\" data-language-to-translate-into=\"en\" data-phrase-index=\"0\">Spin-S\u00e4ule 0,8 ml, GF-F2, Beutel, 100 St\u00fcck aussto\u00dfen.<\/span> <span class=\"JLqJ4b ChMk0b\" data-language-for-alternatives=\"de\" data-language-to-translate-into=\"en\" data-phrase-index=\"1\">Filterrohre und 100 Stk.<\/span> <span class=\"JLqJ4b ChMk0b\" data-language-for-alternatives=\"de\" data-language-to-translate-into=\"en\" data-phrase-index=\"2\">Empf\u00e4ngerr\u00f6hren 2,0 ml<\/span><\/span><\/th>\n<\/tr>\n<tr>\n<th>5052002C<\/th>\n<th><span class=\"VIiyi\" lang=\"de\"><span class=\"JLqJ4b ChMk0b\" data-language-for-alternatives=\"de\" data-language-to-translate-into=\"en\" data-phrase-index=\"0\">Spin-S\u00e4ule 0,8 ml, GF-N2, Beutel, 100 Stk.<\/span> <span class=\"JLqJ4b ChMk0b\" data-language-for-alternatives=\"de\" data-language-to-translate-into=\"en\" data-phrase-index=\"1\">Filterrohre und 100 Stk.<\/span> <span class=\"JLqJ4b ChMk0b\" data-language-for-alternatives=\"de\" data-language-to-translate-into=\"en\" data-phrase-index=\"2\">Empf\u00e4ngerr\u00f6hren 2,0 ml<\/span><\/span><\/th>\n<\/tr>\n<tr>\n<th>5052003C<\/th>\n<th><span class=\"VIiyi\" lang=\"de\"><span class=\"JLqJ4b ChMk0b\" data-language-for-alternatives=\"de\" data-language-to-translate-into=\"en\" data-phrase-index=\"0\">Spin-S\u00e4ule 0,8 ml PE 20-60 \u00b5m, Beutel, 100 Stk.<\/span> <span class=\"JLqJ4b ChMk0b\" data-language-for-alternatives=\"de\" data-language-to-translate-into=\"en\" data-phrase-index=\"1\">Filterrohre und 100 Stk.<\/span> <span class=\"JLqJ4b ChMk0b\" data-language-for-alternatives=\"de\" data-language-to-translate-into=\"en\" data-phrase-index=\"2\">Empf\u00e4ngerr\u00f6hren 2,0 ml<\/span><\/span><\/th>\n<\/tr>\n<tr>\n<th>5050800C<\/th>\n<th><span class=\"VIiyi\" lang=\"de\"><span class=\"JLqJ4b ChMk0b\" data-language-for-alternatives=\"de\" data-language-to-translate-into=\"en\" data-phrase-index=\"0\">Spin-S\u00e4ule 0,8 ml, ohne Filter, Beutel, 1000 Stk. Aussto\u00dfen.<\/span> <span class=\"JLqJ4b ChMk0b\" data-language-for-alternatives=\"de\" data-language-to-translate-into=\"en\" data-phrase-index=\"1\">Filterrohre und 1000 St\u00fcck<\/span> <span class=\"JLqJ4b ChMk0b\" data-language-for-alternatives=\"de\" data-language-to-translate-into=\"en\" data-phrase-index=\"2\">Filterringe<\/span><\/span><\/th>\n<\/tr>\n<tr>\n<th>5052000C<\/th>\n<th>Empfangsr\u00f6hre 2,0 ml, Beutel, 10x 1000 St\u00fcck<\/th>\n<\/tr>\n<\/tbody>\n<\/table>\n<p>&nbsp;<\/p>\n","protected":false},"excerpt":{"rendered":"<p><span class=\"VIiyi\" lang=\"de\"><span class=\"JLqJ4b ChMk0b\" data-language-for-alternatives=\"de\" data-language-to-translate-into=\"en\" data-phrase-index=\"0\">Kombination aus einem 0.8-ml-Rundrohrfilterrohr und einem 1.5 \/ 2.0-ml-Empf\u00e4ngerrohr<\/span><\/span><\/p>\n","protected":false},"featured_media":22009,"template":"","meta":{"_crdt_document":""},"product_brand":[],"product_cat":[279,388],"product_tag":[],"class_list":{"0":"post-22005","1":"product","2":"type-product","3":"status-publish","4":"has-post-thumbnail","6":"product_cat-verbrauchsmaterial","7":"product_cat-verteilung","9":"first","10":"instock","11":"taxable","12":"shipping-taxable","13":"product-type-simple"},"yoast_head":"<!-- This site is optimized with the Yoast SEO plugin v27.4 - https:\/\/yoast.com\/product\/yoast-seo-wordpress\/ -->\n<title>Spin Columns Expell - Sysmatec<\/title>\n<meta name=\"description\" content=\"Die Spins\u00e4ule oder Zentrifugens\u00e4ule ist besonders n\u00fctzlich f\u00fcr PCR, Plasmidpr\u00e4paration und DNA-Gewinnung.\" \/>\n<meta name=\"robots\" content=\"index, follow, max-snippet:-1, max-image-preview:large, max-video-preview:-1\" \/>\n<link rel=\"canonical\" href=\"https:\/\/sysmatec.ch\/de\/produit\/spin-columns-expell\/\" \/>\n<meta property=\"og:locale\" content=\"de_DE\" \/>\n<meta property=\"og:type\" content=\"article\" \/>\n<meta property=\"og:title\" content=\"Spin Columns Expell - Sysmatec\" \/>\n<meta property=\"og:description\" content=\"Die Spins\u00e4ule oder Zentrifugens\u00e4ule ist besonders n\u00fctzlich f\u00fcr PCR, Plasmidpr\u00e4paration und DNA-Gewinnung.\" \/>\n<meta property=\"og:url\" content=\"https:\/\/sysmatec.ch\/de\/produit\/spin-columns-expell\/\" \/>\n<meta property=\"og:site_name\" content=\"Sysmatec\" \/>\n<meta property=\"article:modified_time\" content=\"2021-11-29T12:25:22+00:00\" \/>\n<meta property=\"og:image\" content=\"https:\/\/sysmatec.ch\/wp-content\/uploads\/2021\/02\/ColonneDeCentrifugation_Capp.jpg\" \/>\n\t<meta property=\"og:image:width\" content=\"412\" \/>\n\t<meta property=\"og:image:height\" content=\"389\" \/>\n\t<meta property=\"og:image:type\" content=\"image\/jpeg\" \/>\n<meta name=\"twitter:card\" content=\"summary_large_image\" \/>\n<meta name=\"twitter:label1\" content=\"Gesch\u00e4tzte Lesezeit\" \/>\n\t<meta name=\"twitter:data1\" content=\"2\u00a0Minuten\" \/>\n<script type=\"application\/ld+json\" class=\"yoast-schema-graph\">{\"@context\":\"https:\\\/\\\/schema.org\",\"@graph\":[{\"@type\":\"WebPage\",\"@id\":\"https:\\\/\\\/sysmatec.ch\\\/de\\\/produit\\\/spin-columns-expell\\\/\",\"url\":\"https:\\\/\\\/sysmatec.ch\\\/de\\\/produit\\\/spin-columns-expell\\\/\",\"name\":\"Spin Columns Expell - Sysmatec\",\"isPartOf\":{\"@id\":\"https:\\\/\\\/sysmatec.ch\\\/de\\\/#website\"},\"primaryImageOfPage\":{\"@id\":\"https:\\\/\\\/sysmatec.ch\\\/de\\\/produit\\\/spin-columns-expell\\\/#primaryimage\"},\"image\":{\"@id\":\"https:\\\/\\\/sysmatec.ch\\\/de\\\/produit\\\/spin-columns-expell\\\/#primaryimage\"},\"thumbnailUrl\":\"https:\\\/\\\/sysmatec.ch\\\/wp-content\\\/uploads\\\/2021\\\/02\\\/ColonneDeCentrifugation_Capp.jpg\",\"datePublished\":\"2021-02-02T20:21:15+00:00\",\"dateModified\":\"2021-11-29T12:25:22+00:00\",\"description\":\"Die Spins\u00e4ule oder Zentrifugens\u00e4ule ist besonders n\u00fctzlich f\u00fcr PCR, Plasmidpr\u00e4paration und DNA-Gewinnung.\",\"breadcrumb\":{\"@id\":\"https:\\\/\\\/sysmatec.ch\\\/de\\\/produit\\\/spin-columns-expell\\\/#breadcrumb\"},\"inLanguage\":\"de\",\"potentialAction\":[{\"@type\":\"ReadAction\",\"target\":[\"https:\\\/\\\/sysmatec.ch\\\/de\\\/produit\\\/spin-columns-expell\\\/\"]}]},{\"@type\":\"ImageObject\",\"inLanguage\":\"de\",\"@id\":\"https:\\\/\\\/sysmatec.ch\\\/de\\\/produit\\\/spin-columns-expell\\\/#primaryimage\",\"url\":\"https:\\\/\\\/sysmatec.ch\\\/wp-content\\\/uploads\\\/2021\\\/02\\\/ColonneDeCentrifugation_Capp.jpg\",\"contentUrl\":\"https:\\\/\\\/sysmatec.ch\\\/wp-content\\\/uploads\\\/2021\\\/02\\\/ColonneDeCentrifugation_Capp.jpg\",\"width\":412,\"height\":389},{\"@type\":\"BreadcrumbList\",\"@id\":\"https:\\\/\\\/sysmatec.ch\\\/de\\\/produit\\\/spin-columns-expell\\\/#breadcrumb\",\"itemListElement\":[{\"@type\":\"ListItem\",\"position\":1,\"name\":\"Accueil\",\"item\":\"https:\\\/\\\/sysmatec.ch\\\/de\\\/\"},{\"@type\":\"ListItem\",\"position\":2,\"name\":\"Die Aktivit\u00e4t von Sysmatec\",\"item\":\"https:\\\/\\\/sysmatec.ch\\\/de\\\/\"},{\"@type\":\"ListItem\",\"position\":3,\"name\":\"Spin Columns Expell\"}]},{\"@type\":\"WebSite\",\"@id\":\"https:\\\/\\\/sysmatec.ch\\\/de\\\/#website\",\"url\":\"https:\\\/\\\/sysmatec.ch\\\/de\\\/\",\"name\":\"Sysmatec\",\"description\":\"Equipement de laboratoire et logiciels\",\"publisher\":{\"@id\":\"https:\\\/\\\/sysmatec.ch\\\/de\\\/#organization\"},\"potentialAction\":[{\"@type\":\"SearchAction\",\"target\":{\"@type\":\"EntryPoint\",\"urlTemplate\":\"https:\\\/\\\/sysmatec.ch\\\/de\\\/?s={search_term_string}\"},\"query-input\":{\"@type\":\"PropertyValueSpecification\",\"valueRequired\":true,\"valueName\":\"search_term_string\"}}],\"inLanguage\":\"de\"},{\"@type\":\"Organization\",\"@id\":\"https:\\\/\\\/sysmatec.ch\\\/de\\\/#organization\",\"name\":\"Sysmatec\",\"url\":\"https:\\\/\\\/sysmatec.ch\\\/de\\\/\",\"logo\":{\"@type\":\"ImageObject\",\"inLanguage\":\"de\",\"@id\":\"https:\\\/\\\/sysmatec.ch\\\/de\\\/#\\\/schema\\\/logo\\\/image\\\/\",\"url\":\"https:\\\/\\\/sysmatec.ch\\\/wp-content\\\/uploads\\\/2018\\\/11\\\/LogoSysmatec.jpg\",\"contentUrl\":\"https:\\\/\\\/sysmatec.ch\\\/wp-content\\\/uploads\\\/2018\\\/11\\\/LogoSysmatec.jpg\",\"width\":301,\"height\":297,\"caption\":\"Sysmatec\"},\"image\":{\"@id\":\"https:\\\/\\\/sysmatec.ch\\\/de\\\/#\\\/schema\\\/logo\\\/image\\\/\"}}]}<\/script>\n<!-- \/ Yoast SEO plugin. -->","yoast_head_json":{"title":"Spin Columns Expell - Sysmatec","description":"Die Spins\u00e4ule oder Zentrifugens\u00e4ule ist besonders n\u00fctzlich f\u00fcr PCR, Plasmidpr\u00e4paration und DNA-Gewinnung.","robots":{"index":"index","follow":"follow","max-snippet":"max-snippet:-1","max-image-preview":"max-image-preview:large","max-video-preview":"max-video-preview:-1"},"canonical":"https:\/\/sysmatec.ch\/de\/produit\/spin-columns-expell\/","og_locale":"de_DE","og_type":"article","og_title":"Spin Columns Expell - Sysmatec","og_description":"Die Spins\u00e4ule oder Zentrifugens\u00e4ule ist besonders n\u00fctzlich f\u00fcr PCR, Plasmidpr\u00e4paration und DNA-Gewinnung.","og_url":"https:\/\/sysmatec.ch\/de\/produit\/spin-columns-expell\/","og_site_name":"Sysmatec","article_modified_time":"2021-11-29T12:25:22+00:00","og_image":[{"width":412,"height":389,"url":"https:\/\/sysmatec.ch\/wp-content\/uploads\/2021\/02\/ColonneDeCentrifugation_Capp.jpg","type":"image\/jpeg"}],"twitter_card":"summary_large_image","twitter_misc":{"Gesch\u00e4tzte Lesezeit":"2\u00a0Minuten"},"schema":{"@context":"https:\/\/schema.org","@graph":[{"@type":"WebPage","@id":"https:\/\/sysmatec.ch\/de\/produit\/spin-columns-expell\/","url":"https:\/\/sysmatec.ch\/de\/produit\/spin-columns-expell\/","name":"Spin Columns Expell - Sysmatec","isPartOf":{"@id":"https:\/\/sysmatec.ch\/de\/#website"},"primaryImageOfPage":{"@id":"https:\/\/sysmatec.ch\/de\/produit\/spin-columns-expell\/#primaryimage"},"image":{"@id":"https:\/\/sysmatec.ch\/de\/produit\/spin-columns-expell\/#primaryimage"},"thumbnailUrl":"https:\/\/sysmatec.ch\/wp-content\/uploads\/2021\/02\/ColonneDeCentrifugation_Capp.jpg","datePublished":"2021-02-02T20:21:15+00:00","dateModified":"2021-11-29T12:25:22+00:00","description":"Die Spins\u00e4ule oder Zentrifugens\u00e4ule ist besonders n\u00fctzlich f\u00fcr PCR, Plasmidpr\u00e4paration und DNA-Gewinnung.","breadcrumb":{"@id":"https:\/\/sysmatec.ch\/de\/produit\/spin-columns-expell\/#breadcrumb"},"inLanguage":"de","potentialAction":[{"@type":"ReadAction","target":["https:\/\/sysmatec.ch\/de\/produit\/spin-columns-expell\/"]}]},{"@type":"ImageObject","inLanguage":"de","@id":"https:\/\/sysmatec.ch\/de\/produit\/spin-columns-expell\/#primaryimage","url":"https:\/\/sysmatec.ch\/wp-content\/uploads\/2021\/02\/ColonneDeCentrifugation_Capp.jpg","contentUrl":"https:\/\/sysmatec.ch\/wp-content\/uploads\/2021\/02\/ColonneDeCentrifugation_Capp.jpg","width":412,"height":389},{"@type":"BreadcrumbList","@id":"https:\/\/sysmatec.ch\/de\/produit\/spin-columns-expell\/#breadcrumb","itemListElement":[{"@type":"ListItem","position":1,"name":"Accueil","item":"https:\/\/sysmatec.ch\/de\/"},{"@type":"ListItem","position":2,"name":"Die Aktivit\u00e4t von Sysmatec","item":"https:\/\/sysmatec.ch\/de\/"},{"@type":"ListItem","position":3,"name":"Spin Columns Expell"}]},{"@type":"WebSite","@id":"https:\/\/sysmatec.ch\/de\/#website","url":"https:\/\/sysmatec.ch\/de\/","name":"Sysmatec","description":"Equipement de laboratoire et logiciels","publisher":{"@id":"https:\/\/sysmatec.ch\/de\/#organization"},"potentialAction":[{"@type":"SearchAction","target":{"@type":"EntryPoint","urlTemplate":"https:\/\/sysmatec.ch\/de\/?s={search_term_string}"},"query-input":{"@type":"PropertyValueSpecification","valueRequired":true,"valueName":"search_term_string"}}],"inLanguage":"de"},{"@type":"Organization","@id":"https:\/\/sysmatec.ch\/de\/#organization","name":"Sysmatec","url":"https:\/\/sysmatec.ch\/de\/","logo":{"@type":"ImageObject","inLanguage":"de","@id":"https:\/\/sysmatec.ch\/de\/#\/schema\/logo\/image\/","url":"https:\/\/sysmatec.ch\/wp-content\/uploads\/2018\/11\/LogoSysmatec.jpg","contentUrl":"https:\/\/sysmatec.ch\/wp-content\/uploads\/2018\/11\/LogoSysmatec.jpg","width":301,"height":297,"caption":"Sysmatec"},"image":{"@id":"https:\/\/sysmatec.ch\/de\/#\/schema\/logo\/image\/"}}]}},"_links":{"self":[{"href":"https:\/\/sysmatec.ch\/de\/wp-json\/wp\/v2\/product\/22005","targetHints":{"allow":["GET"]}}],"collection":[{"href":"https:\/\/sysmatec.ch\/de\/wp-json\/wp\/v2\/product"}],"about":[{"href":"https:\/\/sysmatec.ch\/de\/wp-json\/wp\/v2\/types\/product"}],"wp:featuredmedia":[{"embeddable":true,"href":"https:\/\/sysmatec.ch\/de\/wp-json\/wp\/v2\/media\/22009"}],"wp:attachment":[{"href":"https:\/\/sysmatec.ch\/de\/wp-json\/wp\/v2\/media?parent=22005"}],"wp:term":[{"taxonomy":"product_brand","embeddable":true,"href":"https:\/\/sysmatec.ch\/de\/wp-json\/wp\/v2\/product_brand?post=22005"},{"taxonomy":"product_cat","embeddable":true,"href":"https:\/\/sysmatec.ch\/de\/wp-json\/wp\/v2\/product_cat?post=22005"},{"taxonomy":"product_tag","embeddable":true,"href":"https:\/\/sysmatec.ch\/de\/wp-json\/wp\/v2\/product_tag?post=22005"}],"curies":[{"name":"wp","href":"https:\/\/api.w.org\/{rel}","templated":true}]}}