{"id":2200,"date":"2019-01-13T19:10:45","date_gmt":"2019-01-13T18:10:45","guid":{"rendered":"https:\/\/sysmatec.ch\/produit\/pipette-monocanal-de-la-serie-universal-et-short\/"},"modified":"2022-03-09T18:50:35","modified_gmt":"2022-03-09T17:50:35","slug":"einkanal-capp-ecopipette-serie-universal-und-short","status":"publish","type":"product","link":"https:\/\/sysmatec.ch\/de\/Produkt\/einkanal-capp-ecopipette-serie-universal-und-short\/","title":{"rendered":"Einkanal-Capp Ecopipette Serie &#8222;Universal&#8220; und &#8222;Short&#8220;"},"content":{"rendered":"<p>Ecopipette (TM) mechanische Einkanal-Pipette mit erneuerbaren Materialien konstruiert. Es wird in wiederverwertbaren und biologisch abbaubaren Materialien verpackt und kommt mit einem ecotradeTM Programm: schicken Sie uns Ihre alten Pipetten (jede Marke) und Sie bekommen einen Rabatt auf Ihre neue Ecopipette. Wir sorgen f\u00fcr eine umweltschonende Entsorgung aller alten Pipetten.<\/p>\n<p>Ecopipette Vorteile:<\/p>\n<ul>\n<li type=\"disc\">Verriegelbarer Einstellungsknopf ben\u00f6tigt 50% weniger Umdrehungen.<\/li>\n<li type=\"disc\">Display ist w\u00e4hrend der Handbetrieb vollst\u00e4ndig sichtbar.<\/li>\n<li type=\"disc\">Reduzierte Kraftbedarf zum Absaugen und Ausblasen.<\/li>\n<li type=\"disc\">Die einzige Pipette mit festen und variablen austauschbaren Mechanismus.<\/li>\n<li type=\"disc\">Breiter Knopf zur Vereinfachung der Spitzenabwurf.<\/li>\n<li type=\"disc\">Voll autklavierbarer Pipette K\u00f6rper (keine Demontage erforderlich).<\/li>\n<li type=\"disc\">Doppel-O-Ring f\u00fcr optimale Spitzendichtung.<\/li>\n<li type=\"disc\">Kompatibel mit allen g\u00e4ngigen Pipettenspitze Marken.<\/li>\n<li type=\"disc\">Robustes Design umfasst Metallspitze Basis.<\/li>\n<li type=\"disc\">Volumenbereich f\u00fcr die Variable version<\/li>\n<\/ul>\n<table border=\"1\" width=\"371\" cellspacing=\"0\" cellpadding=\"0\">\n<tbody>\n<tr>\n<td>Ref. Nummer<\/td>\n<td>L\u00e4nge<\/td>\n<td>Volum<\/td>\n<td>Farbe Kode<\/td>\n<\/tr>\n<tr>\n<td>C02-1S<\/td>\n<td>kurz<\/td>\n<td>0.2-2 ul<\/td>\n<td>Violet<\/td>\n<\/tr>\n<tr>\n<td>C02-1<\/td>\n<td>standard<\/td>\n<td>0.2-2 ul<\/td>\n<td>Violet<\/td>\n<\/tr>\n<tr>\n<td>C10-1<\/td>\n<td>standard<\/td>\n<td>0.5-10 ul<\/td>\n<td>Weiss<\/td>\n<\/tr>\n<tr>\n<td>C20-1<\/td>\n<td>standard<\/td>\n<td>2-20 ul<\/td>\n<td>Grau<\/td>\n<\/tr>\n<tr>\n<td>C50-1<\/td>\n<td>standard<\/td>\n<td>5-50 ul<\/td>\n<td>Rot<\/td>\n<\/tr>\n<tr>\n<td>C100-1<\/td>\n<td>standard<\/td>\n<td>10-100 ul<\/td>\n<td>Orange<\/td>\n<\/tr>\n<tr>\n<td>C200-1<\/td>\n<td>standard<\/td>\n<td>20-200 ul<\/td>\n<td>Gelb<\/td>\n<\/tr>\n<tr>\n<td>C1000-1<\/td>\n<td>standard<\/td>\n<td>100-1000 ul<\/td>\n<td>Blau<\/td>\n<\/tr>\n<tr>\n<td>C5000-1<\/td>\n<td>standard<\/td>\n<td>1-5 ml<\/td>\n<td>Gr\u00fcn<\/td>\n<\/tr>\n<\/tbody>\n<\/table>\n<p>Erl\u00e4uterungen zur Genauigkeit: erste Wert ist f\u00fcr 10% des Bereichs, zweite Wert ist f\u00fcr 100% des Bereichs<\/p>\n<p>Volumen f\u00fcr den Fix Volumen Version (andere Volumen auf Anfrage)<\/p>\n<table border=\"1\" width=\"410\" cellspacing=\"0\" cellpadding=\"0\">\n<tbody>\n<tr>\n<td>Ref. Nummer<\/td>\n<td>L\u00e4nge<\/td>\n<td>Volum<\/td>\n<\/tr>\n<tr>\n<td>C02-1S-001<\/td>\n<td>short<\/td>\n<td>1 ul<\/td>\n<\/tr>\n<tr>\n<td>C10-1-005<\/td>\n<td>standard<\/td>\n<td>5 ul<\/td>\n<\/tr>\n<tr>\n<td>C10-1-010<\/td>\n<td>standard<\/td>\n<td>10 ul<\/td>\n<\/tr>\n<tr>\n<td>C50-1-020<\/td>\n<td>standard<\/td>\n<td>20 ul<\/td>\n<\/tr>\n<tr>\n<td>C50-1-025<\/td>\n<td>standard<\/td>\n<td>25 ul<\/td>\n<\/tr>\n<tr>\n<td>C100-1-030<\/td>\n<td>standard<\/td>\n<td>30 ul<\/td>\n<\/tr>\n<tr>\n<td>C100-1-050<\/td>\n<td>standard<\/td>\n<td>50 ul<\/td>\n<\/tr>\n<tr>\n<td>C200-1-100<\/td>\n<td>standard<\/td>\n<td>100 ul<\/td>\n<\/tr>\n<tr>\n<td>C200-1-200<\/td>\n<td>standard<\/td>\n<td>200 ul<\/td>\n<\/tr>\n<tr>\n<td>C1000-1-500<\/td>\n<td>standard<\/td>\n<td>500 ul<\/td>\n<\/tr>\n<tr>\n<td>C5000-1-1000<\/td>\n<td>standard<\/td>\n<td>1000 ul<\/td>\n<\/tr>\n<tr>\n<td>Cxxx-1-yyy<\/td>\n<td>xxx=max. pipette volume<\/td>\n<td>yyy=desired volume<\/td>\n<\/tr>\n<\/tbody>\n<\/table>\n<p>SKE-03-XX: Drei Pipetten frei w\u00e4hlbar, St\u00e4nder, Racks und Timer<\/p>\n","protected":false},"excerpt":{"rendered":"<p><span class=\"VIiyi\" lang=\"de\"><span class=\"JLqJ4b ChMk0b\" data-language-for-alternatives=\"de\" data-language-to-translate-into=\"fr\" data-phrase-index=\"4\" data-number-of-phrases=\"5\">Einkanalpipette mit festen oder variablen Volumina.<\/span><\/span><\/p>\n","protected":false},"featured_media":1271,"template":"","meta":{"_crdt_document":""},"product_brand":[],"product_cat":[129],"product_tag":[],"class_list":{"0":"post-2200","1":"product","2":"type-product","3":"status-publish","4":"has-post-thumbnail","6":"product_cat-pipette-de","8":"first","9":"instock","10":"taxable","11":"shipping-taxable","12":"product-type-simple"},"yoast_head":"<!-- This site is optimized with the Yoast SEO plugin v27.3 - https:\/\/yoast.com\/product\/yoast-seo-wordpress\/ -->\n<title>Einkanal-Capp Ecopipette Serie &quot;Universal&quot; und &quot;Short&quot; - Sysmatec<\/title>\n<meta name=\"description\" content=\"Einkanalpipette. Sie k\u00f6nnen ein variables Volumen oder ein festes Volumen haben. F\u00fcr den einfacheren Einsatz in Laminar-Flow-Abz\u00fcgen gibt es eine verk\u00fcrzte Version.\" \/>\n<meta name=\"robots\" content=\"index, follow, max-snippet:-1, max-image-preview:large, max-video-preview:-1\" \/>\n<link rel=\"canonical\" href=\"https:\/\/sysmatec.ch\/de\/produit\/einkanal-capp-ecopipette-serie-universal-und-short\/\" \/>\n<meta property=\"og:locale\" content=\"de_DE\" \/>\n<meta property=\"og:type\" content=\"article\" \/>\n<meta property=\"og:title\" content=\"Einkanal-Capp Ecopipette Serie &quot;Universal&quot; und &quot;Short&quot; - Sysmatec\" \/>\n<meta property=\"og:description\" content=\"Einkanalpipette. Sie k\u00f6nnen ein variables Volumen oder ein festes Volumen haben. F\u00fcr den einfacheren Einsatz in Laminar-Flow-Abz\u00fcgen gibt es eine verk\u00fcrzte Version.\" \/>\n<meta property=\"og:url\" content=\"https:\/\/sysmatec.ch\/de\/produit\/einkanal-capp-ecopipette-serie-universal-und-short\/\" \/>\n<meta property=\"og:site_name\" content=\"Sysmatec\" \/>\n<meta property=\"article:modified_time\" content=\"2022-03-09T17:50:35+00:00\" \/>\n<meta property=\"og:image\" content=\"https:\/\/sysmatec.ch\/wp-content\/uploads\/2019\/01\/Pipette_CappStandard.gif\" \/>\n\t<meta property=\"og:image:width\" content=\"133\" \/>\n\t<meta property=\"og:image:height\" content=\"175\" \/>\n\t<meta property=\"og:image:type\" content=\"image\/gif\" \/>\n<meta name=\"twitter:card\" content=\"summary_large_image\" \/>\n<meta name=\"twitter:label1\" content=\"Gesch\u00e4tzte Lesezeit\" \/>\n\t<meta name=\"twitter:data1\" content=\"1\u00a0Minute\" \/>\n<script type=\"application\/ld+json\" class=\"yoast-schema-graph\">{\"@context\":\"https:\\\/\\\/schema.org\",\"@graph\":[{\"@type\":\"WebPage\",\"@id\":\"https:\\\/\\\/sysmatec.ch\\\/de\\\/produit\\\/einkanal-capp-ecopipette-serie-universal-und-short\\\/\",\"url\":\"https:\\\/\\\/sysmatec.ch\\\/de\\\/produit\\\/einkanal-capp-ecopipette-serie-universal-und-short\\\/\",\"name\":\"Einkanal-Capp Ecopipette Serie \\\"Universal\\\" und \\\"Short\\\" - Sysmatec\",\"isPartOf\":{\"@id\":\"https:\\\/\\\/sysmatec.ch\\\/de\\\/#website\"},\"primaryImageOfPage\":{\"@id\":\"https:\\\/\\\/sysmatec.ch\\\/de\\\/produit\\\/einkanal-capp-ecopipette-serie-universal-und-short\\\/#primaryimage\"},\"image\":{\"@id\":\"https:\\\/\\\/sysmatec.ch\\\/de\\\/produit\\\/einkanal-capp-ecopipette-serie-universal-und-short\\\/#primaryimage\"},\"thumbnailUrl\":\"https:\\\/\\\/sysmatec.ch\\\/wp-content\\\/uploads\\\/2019\\\/01\\\/Pipette_CappStandard.gif\",\"datePublished\":\"2019-01-13T18:10:45+00:00\",\"dateModified\":\"2022-03-09T17:50:35+00:00\",\"description\":\"Einkanalpipette. Sie k\u00f6nnen ein variables Volumen oder ein festes Volumen haben. F\u00fcr den einfacheren Einsatz in Laminar-Flow-Abz\u00fcgen gibt es eine verk\u00fcrzte Version.\",\"breadcrumb\":{\"@id\":\"https:\\\/\\\/sysmatec.ch\\\/de\\\/produit\\\/einkanal-capp-ecopipette-serie-universal-und-short\\\/#breadcrumb\"},\"inLanguage\":\"de\",\"potentialAction\":[{\"@type\":\"ReadAction\",\"target\":[\"https:\\\/\\\/sysmatec.ch\\\/de\\\/produit\\\/einkanal-capp-ecopipette-serie-universal-und-short\\\/\"]}]},{\"@type\":\"ImageObject\",\"inLanguage\":\"de\",\"@id\":\"https:\\\/\\\/sysmatec.ch\\\/de\\\/produit\\\/einkanal-capp-ecopipette-serie-universal-und-short\\\/#primaryimage\",\"url\":\"https:\\\/\\\/sysmatec.ch\\\/wp-content\\\/uploads\\\/2019\\\/01\\\/Pipette_CappStandard.gif\",\"contentUrl\":\"https:\\\/\\\/sysmatec.ch\\\/wp-content\\\/uploads\\\/2019\\\/01\\\/Pipette_CappStandard.gif\",\"width\":133,\"height\":175},{\"@type\":\"BreadcrumbList\",\"@id\":\"https:\\\/\\\/sysmatec.ch\\\/de\\\/produit\\\/einkanal-capp-ecopipette-serie-universal-und-short\\\/#breadcrumb\",\"itemListElement\":[{\"@type\":\"ListItem\",\"position\":1,\"name\":\"Accueil\",\"item\":\"https:\\\/\\\/sysmatec.ch\\\/de\\\/\"},{\"@type\":\"ListItem\",\"position\":2,\"name\":\"Die Aktivit\u00e4t von Sysmatec\",\"item\":\"https:\\\/\\\/sysmatec.ch\\\/de\\\/\"},{\"@type\":\"ListItem\",\"position\":3,\"name\":\"Einkanal-Capp Ecopipette Serie &#8222;Universal&#8220; und &#8222;Short&#8220;\"}]},{\"@type\":\"WebSite\",\"@id\":\"https:\\\/\\\/sysmatec.ch\\\/de\\\/#website\",\"url\":\"https:\\\/\\\/sysmatec.ch\\\/de\\\/\",\"name\":\"Sysmatec\",\"description\":\"Equipement de laboratoire et logiciels\",\"publisher\":{\"@id\":\"https:\\\/\\\/sysmatec.ch\\\/de\\\/#organization\"},\"potentialAction\":[{\"@type\":\"SearchAction\",\"target\":{\"@type\":\"EntryPoint\",\"urlTemplate\":\"https:\\\/\\\/sysmatec.ch\\\/de\\\/?s={search_term_string}\"},\"query-input\":{\"@type\":\"PropertyValueSpecification\",\"valueRequired\":true,\"valueName\":\"search_term_string\"}}],\"inLanguage\":\"de\"},{\"@type\":\"Organization\",\"@id\":\"https:\\\/\\\/sysmatec.ch\\\/de\\\/#organization\",\"name\":\"Sysmatec\",\"url\":\"https:\\\/\\\/sysmatec.ch\\\/de\\\/\",\"logo\":{\"@type\":\"ImageObject\",\"inLanguage\":\"de\",\"@id\":\"https:\\\/\\\/sysmatec.ch\\\/de\\\/#\\\/schema\\\/logo\\\/image\\\/\",\"url\":\"https:\\\/\\\/sysmatec.ch\\\/wp-content\\\/uploads\\\/2018\\\/11\\\/LogoSysmatec.jpg\",\"contentUrl\":\"https:\\\/\\\/sysmatec.ch\\\/wp-content\\\/uploads\\\/2018\\\/11\\\/LogoSysmatec.jpg\",\"width\":301,\"height\":297,\"caption\":\"Sysmatec\"},\"image\":{\"@id\":\"https:\\\/\\\/sysmatec.ch\\\/de\\\/#\\\/schema\\\/logo\\\/image\\\/\"}}]}<\/script>\n<!-- \/ Yoast SEO plugin. -->","yoast_head_json":{"title":"Einkanal-Capp Ecopipette Serie \"Universal\" und \"Short\" - Sysmatec","description":"Einkanalpipette. Sie k\u00f6nnen ein variables Volumen oder ein festes Volumen haben. F\u00fcr den einfacheren Einsatz in Laminar-Flow-Abz\u00fcgen gibt es eine verk\u00fcrzte Version.","robots":{"index":"index","follow":"follow","max-snippet":"max-snippet:-1","max-image-preview":"max-image-preview:large","max-video-preview":"max-video-preview:-1"},"canonical":"https:\/\/sysmatec.ch\/de\/produit\/einkanal-capp-ecopipette-serie-universal-und-short\/","og_locale":"de_DE","og_type":"article","og_title":"Einkanal-Capp Ecopipette Serie \"Universal\" und \"Short\" - Sysmatec","og_description":"Einkanalpipette. Sie k\u00f6nnen ein variables Volumen oder ein festes Volumen haben. F\u00fcr den einfacheren Einsatz in Laminar-Flow-Abz\u00fcgen gibt es eine verk\u00fcrzte Version.","og_url":"https:\/\/sysmatec.ch\/de\/produit\/einkanal-capp-ecopipette-serie-universal-und-short\/","og_site_name":"Sysmatec","article_modified_time":"2022-03-09T17:50:35+00:00","og_image":[{"width":133,"height":175,"url":"https:\/\/sysmatec.ch\/wp-content\/uploads\/2019\/01\/Pipette_CappStandard.gif","type":"image\/gif"}],"twitter_card":"summary_large_image","twitter_misc":{"Gesch\u00e4tzte Lesezeit":"1\u00a0Minute"},"schema":{"@context":"https:\/\/schema.org","@graph":[{"@type":"WebPage","@id":"https:\/\/sysmatec.ch\/de\/produit\/einkanal-capp-ecopipette-serie-universal-und-short\/","url":"https:\/\/sysmatec.ch\/de\/produit\/einkanal-capp-ecopipette-serie-universal-und-short\/","name":"Einkanal-Capp Ecopipette Serie \"Universal\" und \"Short\" - Sysmatec","isPartOf":{"@id":"https:\/\/sysmatec.ch\/de\/#website"},"primaryImageOfPage":{"@id":"https:\/\/sysmatec.ch\/de\/produit\/einkanal-capp-ecopipette-serie-universal-und-short\/#primaryimage"},"image":{"@id":"https:\/\/sysmatec.ch\/de\/produit\/einkanal-capp-ecopipette-serie-universal-und-short\/#primaryimage"},"thumbnailUrl":"https:\/\/sysmatec.ch\/wp-content\/uploads\/2019\/01\/Pipette_CappStandard.gif","datePublished":"2019-01-13T18:10:45+00:00","dateModified":"2022-03-09T17:50:35+00:00","description":"Einkanalpipette. Sie k\u00f6nnen ein variables Volumen oder ein festes Volumen haben. F\u00fcr den einfacheren Einsatz in Laminar-Flow-Abz\u00fcgen gibt es eine verk\u00fcrzte Version.","breadcrumb":{"@id":"https:\/\/sysmatec.ch\/de\/produit\/einkanal-capp-ecopipette-serie-universal-und-short\/#breadcrumb"},"inLanguage":"de","potentialAction":[{"@type":"ReadAction","target":["https:\/\/sysmatec.ch\/de\/produit\/einkanal-capp-ecopipette-serie-universal-und-short\/"]}]},{"@type":"ImageObject","inLanguage":"de","@id":"https:\/\/sysmatec.ch\/de\/produit\/einkanal-capp-ecopipette-serie-universal-und-short\/#primaryimage","url":"https:\/\/sysmatec.ch\/wp-content\/uploads\/2019\/01\/Pipette_CappStandard.gif","contentUrl":"https:\/\/sysmatec.ch\/wp-content\/uploads\/2019\/01\/Pipette_CappStandard.gif","width":133,"height":175},{"@type":"BreadcrumbList","@id":"https:\/\/sysmatec.ch\/de\/produit\/einkanal-capp-ecopipette-serie-universal-und-short\/#breadcrumb","itemListElement":[{"@type":"ListItem","position":1,"name":"Accueil","item":"https:\/\/sysmatec.ch\/de\/"},{"@type":"ListItem","position":2,"name":"Die Aktivit\u00e4t von Sysmatec","item":"https:\/\/sysmatec.ch\/de\/"},{"@type":"ListItem","position":3,"name":"Einkanal-Capp Ecopipette Serie &#8222;Universal&#8220; und &#8222;Short&#8220;"}]},{"@type":"WebSite","@id":"https:\/\/sysmatec.ch\/de\/#website","url":"https:\/\/sysmatec.ch\/de\/","name":"Sysmatec","description":"Equipement de laboratoire et logiciels","publisher":{"@id":"https:\/\/sysmatec.ch\/de\/#organization"},"potentialAction":[{"@type":"SearchAction","target":{"@type":"EntryPoint","urlTemplate":"https:\/\/sysmatec.ch\/de\/?s={search_term_string}"},"query-input":{"@type":"PropertyValueSpecification","valueRequired":true,"valueName":"search_term_string"}}],"inLanguage":"de"},{"@type":"Organization","@id":"https:\/\/sysmatec.ch\/de\/#organization","name":"Sysmatec","url":"https:\/\/sysmatec.ch\/de\/","logo":{"@type":"ImageObject","inLanguage":"de","@id":"https:\/\/sysmatec.ch\/de\/#\/schema\/logo\/image\/","url":"https:\/\/sysmatec.ch\/wp-content\/uploads\/2018\/11\/LogoSysmatec.jpg","contentUrl":"https:\/\/sysmatec.ch\/wp-content\/uploads\/2018\/11\/LogoSysmatec.jpg","width":301,"height":297,"caption":"Sysmatec"},"image":{"@id":"https:\/\/sysmatec.ch\/de\/#\/schema\/logo\/image\/"}}]}},"_links":{"self":[{"href":"https:\/\/sysmatec.ch\/de\/wp-json\/wp\/v2\/product\/2200","targetHints":{"allow":["GET"]}}],"collection":[{"href":"https:\/\/sysmatec.ch\/de\/wp-json\/wp\/v2\/product"}],"about":[{"href":"https:\/\/sysmatec.ch\/de\/wp-json\/wp\/v2\/types\/product"}],"wp:featuredmedia":[{"embeddable":true,"href":"https:\/\/sysmatec.ch\/de\/wp-json\/wp\/v2\/media\/1271"}],"wp:attachment":[{"href":"https:\/\/sysmatec.ch\/de\/wp-json\/wp\/v2\/media?parent=2200"}],"wp:term":[{"taxonomy":"product_brand","embeddable":true,"href":"https:\/\/sysmatec.ch\/de\/wp-json\/wp\/v2\/product_brand?post=2200"},{"taxonomy":"product_cat","embeddable":true,"href":"https:\/\/sysmatec.ch\/de\/wp-json\/wp\/v2\/product_cat?post=2200"},{"taxonomy":"product_tag","embeddable":true,"href":"https:\/\/sysmatec.ch\/de\/wp-json\/wp\/v2\/product_tag?post=2200"}],"curies":[{"name":"wp","href":"https:\/\/api.w.org\/{rel}","templated":true}]}}