{"id":21997,"date":"2021-02-01T20:39:31","date_gmt":"2021-02-01T19:39:31","guid":{"rendered":"https:\/\/sysmatec.ch\/?post_type=product&#038;p=21997"},"modified":"2021-11-29T13:35:05","modified_gmt":"2021-11-29T12:35:05","slug":"4g-echtzeit-datenlogger-4g-rcw360","status":"publish","type":"product","link":"https:\/\/sysmatec.ch\/de\/Produkt\/4g-echtzeit-datenlogger-4g-rcw360\/","title":{"rendered":"4G Echtzeit-Datenlogger 4G RCW360"},"content":{"rendered":"<p><span class=\"VIiyi\" lang=\"de\"><span class=\"JLqJ4b ChMk0b\" data-language-for-alternatives=\"de\" data-language-to-translate-into=\"en\" data-phrase-index=\"0\">Dieser Temperaturdatenlogger ist ein vernetztes Ger\u00e4t und wurde f\u00fcr den Ferntransport zur \u00dcberwachung der K\u00fchlkettentemperatur entwickelt.<\/span> <span class=\"JLqJ4b ChMk0b\" data-language-for-alternatives=\"de\" data-language-to-translate-into=\"en\" data-phrase-index=\"1\">Er kann die Temperaturaufzeichnung ohne Einstellungen starten, automatisch Temperaturdaten hochladen und die Temperatur\u00e4nderungen w\u00e4hrend des Transports \u00fcberwachen, um die Fernfracht zu \u00fcberwachen. Er besitzt eine wiederaufladbare Batterie.<\/span><\/span><\/p>\n<table class=\"tg\">\n<tbody>\n<tr>\n<td class=\"tg-s268\" width=\"222\">Stromspeisung<\/td>\n<td class=\"tg-s268\" width=\"424\">5 V, 1 A<\/td>\n<\/tr>\n<tr>\n<td class=\"tg-s268\">Temperaturbereich<\/td>\n<td class=\"tg-s268\">-20 bis 70 \u00b0C<\/td>\n<\/tr>\n<tr>\n<td class=\"tg-s268\">Temperaturegenauigkeit<\/td>\n<td class=\"tg-s268\">+\/- 0.5 \u00b0C<\/td>\n<\/tr>\n<tr>\n<td class=\"tg-0lax\">Temperaturaufl\u00f6sung<\/td>\n<td class=\"tg-0lax\">0.1 \u00b0C<\/td>\n<\/tr>\n<tr>\n<td class=\"tg-0lax\">Feuchtebereich<\/td>\n<td class=\"tg-0lax\">0 bis 100 % HR<\/td>\n<\/tr>\n<tr>\n<td class=\"tg-0lax\">Feuchtegenauigkeit<\/td>\n<td class=\"tg-0lax\">+\/-5 % HR<\/td>\n<\/tr>\n<tr>\n<td class=\"tg-0lax\">Feuchteaufl\u00f6sung<\/td>\n<td class=\"tg-0lax\">1 % HR<\/td>\n<\/tr>\n<tr>\n<td class=\"tg-0lax\">Speicher<\/td>\n<td class=\"tg-0lax\">32 000 Werte<\/td>\n<\/tr>\n<tr>\n<td class=\"tg-0lax\">Speicherungintervall<\/td>\n<td class=\"tg-0lax\">5 Minute bis 24 Stunde<\/td>\n<\/tr>\n<tr>\n<td class=\"tg-0lax\">Batterie<\/td>\n<td class=\"tg-0lax\">Lithium, wiederaufladebar<\/td>\n<\/tr>\n<tr>\n<td class=\"tg-0lax\">Dauer<\/td>\n<td class=\"tg-0lax\">ca. 3 Monate, 1 Speicherung pro Stunde bei 25 \u00b0C<\/td>\n<\/tr>\n<tr>\n<td class=\"tg-0lax\">Schutz<\/td>\n<td class=\"tg-0lax\">IP65 mit internen Sensoren, IP64 mit aussen Sensoren<\/td>\n<\/tr>\n<tr>\n<td class=\"tg-0lax\">Sensortyp<\/td>\n<td class=\"tg-0lax\"><span class=\"VIiyi\" lang=\"de\"><span class=\"JLqJ4b ChMk0b\" data-language-for-alternatives=\"de\" data-language-to-translate-into=\"fr\" data-phrase-index=\"0\">interne Sensoren: kombinierter Temperatur- \/ Feuchtigkeitssensor<\/span><\/span><\/p>\n<p><span class=\"VIiyi\" lang=\"de\"><span class=\"JLqJ4b ChMk0b\" data-language-for-alternatives=\"de\" data-language-to-translate-into=\"fr\" data-phrase-index=\"2\">externe Sensoren: Temperatursensor oder kombinierter Temperatur- \/ Feuchtigkeitssensor<\/span><\/span><\/td>\n<\/tr>\n<tr>\n<td class=\"tg-0lax\">Led<\/td>\n<td class=\"tg-0lax\"><span class=\"VIiyi\" lang=\"de\"><span class=\"JLqJ4b ChMk0b\" data-language-for-alternatives=\"de\" data-language-to-translate-into=\"fr\" data-phrase-index=\"0\">Status- und Leistungsanzeige<\/span><\/span><\/td>\n<\/tr>\n<tr>\n<td class=\"tg-0lax\">Display<\/td>\n<td class=\"tg-0lax\">Segmentiert<\/td>\n<\/tr>\n<tr>\n<td class=\"tg-0lax\">Kommunikationschnittstelle<\/td>\n<td class=\"tg-0lax\">4 G oder Wifi<\/td>\n<\/tr>\n<tr>\n<td class=\"tg-0lax\">Alarme<\/td>\n<td class=\"tg-0lax\"><span class=\"VIiyi\" lang=\"de\"><span class=\"JLqJ4b ChMk0b\" data-language-for-alternatives=\"de\" data-language-to-translate-into=\"fr\" data-phrase-index=\"0\">Sound, E-Mail-Benachrichtigungen, App-Benachrichtigung<\/span><\/span><\/td>\n<\/tr>\n<tr>\n<td class=\"tg-0lax\">Kn\u00f6pfe<\/td>\n<td class=\"tg-0lax\">ON\/OFF, Menu<\/td>\n<\/tr>\n<\/tbody>\n<\/table>\n<p>&nbsp;<\/p>\n","protected":false},"excerpt":{"rendered":"<p><span class=\"VIiyi\" lang=\"de\"><span class=\"JLqJ4b ChMk0b\" data-language-for-alternatives=\"de\" data-language-to-translate-into=\"fr\" data-phrase-index=\"0\">Wiederverwendbarer 4G-Temperaturlogger<\/span><\/span><\/p>\n","protected":false},"featured_media":22001,"template":"","meta":{"_crdt_document":""},"product_brand":[],"product_cat":[168,173],"product_tag":[],"class_list":{"0":"post-21997","1":"product","2":"type-product","3":"status-publish","4":"has-post-thumbnail","6":"product_cat-datenlogger","7":"product_cat-temperatur","9":"first","10":"instock","11":"taxable","12":"shipping-taxable","13":"product-type-simple"},"yoast_head":"<!-- This site is optimized with the Yoast SEO plugin v27.3 - https:\/\/yoast.com\/product\/yoast-seo-wordpress\/ -->\n<title>4G Echtzeit-Datenlogger 4G RCW360 - Sysmatec<\/title>\n<meta name=\"description\" content=\"4G-Temperaturrekorder mit Kommunikation \u00fcber das Telefonnetz, der die M\u00f6glichkeit bietet, die Daten in Echtzeit abzufragen.\" \/>\n<meta name=\"robots\" content=\"index, follow, max-snippet:-1, max-image-preview:large, max-video-preview:-1\" \/>\n<link rel=\"canonical\" href=\"https:\/\/sysmatec.ch\/de\/produit\/4g-echtzeit-datenlogger-4g-rcw360\/\" \/>\n<meta property=\"og:locale\" content=\"de_DE\" \/>\n<meta property=\"og:type\" content=\"article\" \/>\n<meta property=\"og:title\" content=\"4G Echtzeit-Datenlogger 4G RCW360 - Sysmatec\" \/>\n<meta property=\"og:description\" content=\"4G-Temperaturrekorder mit Kommunikation \u00fcber das Telefonnetz, der die M\u00f6glichkeit bietet, die Daten in Echtzeit abzufragen.\" \/>\n<meta property=\"og:url\" content=\"https:\/\/sysmatec.ch\/de\/produit\/4g-echtzeit-datenlogger-4g-rcw360\/\" \/>\n<meta property=\"og:site_name\" content=\"Sysmatec\" \/>\n<meta property=\"article:modified_time\" content=\"2021-11-29T12:35:05+00:00\" \/>\n<meta property=\"og:image\" content=\"https:\/\/sysmatec.ch\/wp-content\/uploads\/2021\/02\/TemperatureLoggerRCW360.jpg\" \/>\n\t<meta property=\"og:image:width\" content=\"283\" \/>\n\t<meta property=\"og:image:height\" content=\"262\" \/>\n\t<meta property=\"og:image:type\" content=\"image\/jpeg\" \/>\n<meta name=\"twitter:card\" content=\"summary_large_image\" \/>\n<meta name=\"twitter:label1\" content=\"Gesch\u00e4tzte Lesezeit\" \/>\n\t<meta name=\"twitter:data1\" content=\"1\u00a0Minute\" \/>\n<script type=\"application\/ld+json\" class=\"yoast-schema-graph\">{\"@context\":\"https:\\\/\\\/schema.org\",\"@graph\":[{\"@type\":\"WebPage\",\"@id\":\"https:\\\/\\\/sysmatec.ch\\\/de\\\/produit\\\/4g-echtzeit-datenlogger-4g-rcw360\\\/\",\"url\":\"https:\\\/\\\/sysmatec.ch\\\/de\\\/produit\\\/4g-echtzeit-datenlogger-4g-rcw360\\\/\",\"name\":\"4G Echtzeit-Datenlogger 4G RCW360 - Sysmatec\",\"isPartOf\":{\"@id\":\"https:\\\/\\\/sysmatec.ch\\\/de\\\/#website\"},\"primaryImageOfPage\":{\"@id\":\"https:\\\/\\\/sysmatec.ch\\\/de\\\/produit\\\/4g-echtzeit-datenlogger-4g-rcw360\\\/#primaryimage\"},\"image\":{\"@id\":\"https:\\\/\\\/sysmatec.ch\\\/de\\\/produit\\\/4g-echtzeit-datenlogger-4g-rcw360\\\/#primaryimage\"},\"thumbnailUrl\":\"https:\\\/\\\/sysmatec.ch\\\/wp-content\\\/uploads\\\/2021\\\/02\\\/TemperatureLoggerRCW360.jpg\",\"datePublished\":\"2021-02-01T19:39:31+00:00\",\"dateModified\":\"2021-11-29T12:35:05+00:00\",\"description\":\"4G-Temperaturrekorder mit Kommunikation \u00fcber das Telefonnetz, der die M\u00f6glichkeit bietet, die Daten in Echtzeit abzufragen.\",\"breadcrumb\":{\"@id\":\"https:\\\/\\\/sysmatec.ch\\\/de\\\/produit\\\/4g-echtzeit-datenlogger-4g-rcw360\\\/#breadcrumb\"},\"inLanguage\":\"de\",\"potentialAction\":[{\"@type\":\"ReadAction\",\"target\":[\"https:\\\/\\\/sysmatec.ch\\\/de\\\/produit\\\/4g-echtzeit-datenlogger-4g-rcw360\\\/\"]}]},{\"@type\":\"ImageObject\",\"inLanguage\":\"de\",\"@id\":\"https:\\\/\\\/sysmatec.ch\\\/de\\\/produit\\\/4g-echtzeit-datenlogger-4g-rcw360\\\/#primaryimage\",\"url\":\"https:\\\/\\\/sysmatec.ch\\\/wp-content\\\/uploads\\\/2021\\\/02\\\/TemperatureLoggerRCW360.jpg\",\"contentUrl\":\"https:\\\/\\\/sysmatec.ch\\\/wp-content\\\/uploads\\\/2021\\\/02\\\/TemperatureLoggerRCW360.jpg\",\"width\":283,\"height\":262},{\"@type\":\"BreadcrumbList\",\"@id\":\"https:\\\/\\\/sysmatec.ch\\\/de\\\/produit\\\/4g-echtzeit-datenlogger-4g-rcw360\\\/#breadcrumb\",\"itemListElement\":[{\"@type\":\"ListItem\",\"position\":1,\"name\":\"Accueil\",\"item\":\"https:\\\/\\\/sysmatec.ch\\\/de\\\/\"},{\"@type\":\"ListItem\",\"position\":2,\"name\":\"Die Aktivit\u00e4t von Sysmatec\",\"item\":\"https:\\\/\\\/sysmatec.ch\\\/de\\\/\"},{\"@type\":\"ListItem\",\"position\":3,\"name\":\"4G Echtzeit-Datenlogger 4G RCW360\"}]},{\"@type\":\"WebSite\",\"@id\":\"https:\\\/\\\/sysmatec.ch\\\/de\\\/#website\",\"url\":\"https:\\\/\\\/sysmatec.ch\\\/de\\\/\",\"name\":\"Sysmatec\",\"description\":\"Equipement de laboratoire et logiciels\",\"publisher\":{\"@id\":\"https:\\\/\\\/sysmatec.ch\\\/de\\\/#organization\"},\"potentialAction\":[{\"@type\":\"SearchAction\",\"target\":{\"@type\":\"EntryPoint\",\"urlTemplate\":\"https:\\\/\\\/sysmatec.ch\\\/de\\\/?s={search_term_string}\"},\"query-input\":{\"@type\":\"PropertyValueSpecification\",\"valueRequired\":true,\"valueName\":\"search_term_string\"}}],\"inLanguage\":\"de\"},{\"@type\":\"Organization\",\"@id\":\"https:\\\/\\\/sysmatec.ch\\\/de\\\/#organization\",\"name\":\"Sysmatec\",\"url\":\"https:\\\/\\\/sysmatec.ch\\\/de\\\/\",\"logo\":{\"@type\":\"ImageObject\",\"inLanguage\":\"de\",\"@id\":\"https:\\\/\\\/sysmatec.ch\\\/de\\\/#\\\/schema\\\/logo\\\/image\\\/\",\"url\":\"https:\\\/\\\/sysmatec.ch\\\/wp-content\\\/uploads\\\/2018\\\/11\\\/LogoSysmatec.jpg\",\"contentUrl\":\"https:\\\/\\\/sysmatec.ch\\\/wp-content\\\/uploads\\\/2018\\\/11\\\/LogoSysmatec.jpg\",\"width\":301,\"height\":297,\"caption\":\"Sysmatec\"},\"image\":{\"@id\":\"https:\\\/\\\/sysmatec.ch\\\/de\\\/#\\\/schema\\\/logo\\\/image\\\/\"}}]}<\/script>\n<!-- \/ Yoast SEO plugin. -->","yoast_head_json":{"title":"4G Echtzeit-Datenlogger 4G RCW360 - Sysmatec","description":"4G-Temperaturrekorder mit Kommunikation \u00fcber das Telefonnetz, der die M\u00f6glichkeit bietet, die Daten in Echtzeit abzufragen.","robots":{"index":"index","follow":"follow","max-snippet":"max-snippet:-1","max-image-preview":"max-image-preview:large","max-video-preview":"max-video-preview:-1"},"canonical":"https:\/\/sysmatec.ch\/de\/produit\/4g-echtzeit-datenlogger-4g-rcw360\/","og_locale":"de_DE","og_type":"article","og_title":"4G Echtzeit-Datenlogger 4G RCW360 - Sysmatec","og_description":"4G-Temperaturrekorder mit Kommunikation \u00fcber das Telefonnetz, der die M\u00f6glichkeit bietet, die Daten in Echtzeit abzufragen.","og_url":"https:\/\/sysmatec.ch\/de\/produit\/4g-echtzeit-datenlogger-4g-rcw360\/","og_site_name":"Sysmatec","article_modified_time":"2021-11-29T12:35:05+00:00","og_image":[{"width":283,"height":262,"url":"https:\/\/sysmatec.ch\/wp-content\/uploads\/2021\/02\/TemperatureLoggerRCW360.jpg","type":"image\/jpeg"}],"twitter_card":"summary_large_image","twitter_misc":{"Gesch\u00e4tzte Lesezeit":"1\u00a0Minute"},"schema":{"@context":"https:\/\/schema.org","@graph":[{"@type":"WebPage","@id":"https:\/\/sysmatec.ch\/de\/produit\/4g-echtzeit-datenlogger-4g-rcw360\/","url":"https:\/\/sysmatec.ch\/de\/produit\/4g-echtzeit-datenlogger-4g-rcw360\/","name":"4G Echtzeit-Datenlogger 4G RCW360 - Sysmatec","isPartOf":{"@id":"https:\/\/sysmatec.ch\/de\/#website"},"primaryImageOfPage":{"@id":"https:\/\/sysmatec.ch\/de\/produit\/4g-echtzeit-datenlogger-4g-rcw360\/#primaryimage"},"image":{"@id":"https:\/\/sysmatec.ch\/de\/produit\/4g-echtzeit-datenlogger-4g-rcw360\/#primaryimage"},"thumbnailUrl":"https:\/\/sysmatec.ch\/wp-content\/uploads\/2021\/02\/TemperatureLoggerRCW360.jpg","datePublished":"2021-02-01T19:39:31+00:00","dateModified":"2021-11-29T12:35:05+00:00","description":"4G-Temperaturrekorder mit Kommunikation \u00fcber das Telefonnetz, der die M\u00f6glichkeit bietet, die Daten in Echtzeit abzufragen.","breadcrumb":{"@id":"https:\/\/sysmatec.ch\/de\/produit\/4g-echtzeit-datenlogger-4g-rcw360\/#breadcrumb"},"inLanguage":"de","potentialAction":[{"@type":"ReadAction","target":["https:\/\/sysmatec.ch\/de\/produit\/4g-echtzeit-datenlogger-4g-rcw360\/"]}]},{"@type":"ImageObject","inLanguage":"de","@id":"https:\/\/sysmatec.ch\/de\/produit\/4g-echtzeit-datenlogger-4g-rcw360\/#primaryimage","url":"https:\/\/sysmatec.ch\/wp-content\/uploads\/2021\/02\/TemperatureLoggerRCW360.jpg","contentUrl":"https:\/\/sysmatec.ch\/wp-content\/uploads\/2021\/02\/TemperatureLoggerRCW360.jpg","width":283,"height":262},{"@type":"BreadcrumbList","@id":"https:\/\/sysmatec.ch\/de\/produit\/4g-echtzeit-datenlogger-4g-rcw360\/#breadcrumb","itemListElement":[{"@type":"ListItem","position":1,"name":"Accueil","item":"https:\/\/sysmatec.ch\/de\/"},{"@type":"ListItem","position":2,"name":"Die Aktivit\u00e4t von Sysmatec","item":"https:\/\/sysmatec.ch\/de\/"},{"@type":"ListItem","position":3,"name":"4G Echtzeit-Datenlogger 4G RCW360"}]},{"@type":"WebSite","@id":"https:\/\/sysmatec.ch\/de\/#website","url":"https:\/\/sysmatec.ch\/de\/","name":"Sysmatec","description":"Equipement de laboratoire et logiciels","publisher":{"@id":"https:\/\/sysmatec.ch\/de\/#organization"},"potentialAction":[{"@type":"SearchAction","target":{"@type":"EntryPoint","urlTemplate":"https:\/\/sysmatec.ch\/de\/?s={search_term_string}"},"query-input":{"@type":"PropertyValueSpecification","valueRequired":true,"valueName":"search_term_string"}}],"inLanguage":"de"},{"@type":"Organization","@id":"https:\/\/sysmatec.ch\/de\/#organization","name":"Sysmatec","url":"https:\/\/sysmatec.ch\/de\/","logo":{"@type":"ImageObject","inLanguage":"de","@id":"https:\/\/sysmatec.ch\/de\/#\/schema\/logo\/image\/","url":"https:\/\/sysmatec.ch\/wp-content\/uploads\/2018\/11\/LogoSysmatec.jpg","contentUrl":"https:\/\/sysmatec.ch\/wp-content\/uploads\/2018\/11\/LogoSysmatec.jpg","width":301,"height":297,"caption":"Sysmatec"},"image":{"@id":"https:\/\/sysmatec.ch\/de\/#\/schema\/logo\/image\/"}}]}},"_links":{"self":[{"href":"https:\/\/sysmatec.ch\/de\/wp-json\/wp\/v2\/product\/21997","targetHints":{"allow":["GET"]}}],"collection":[{"href":"https:\/\/sysmatec.ch\/de\/wp-json\/wp\/v2\/product"}],"about":[{"href":"https:\/\/sysmatec.ch\/de\/wp-json\/wp\/v2\/types\/product"}],"wp:featuredmedia":[{"embeddable":true,"href":"https:\/\/sysmatec.ch\/de\/wp-json\/wp\/v2\/media\/22001"}],"wp:attachment":[{"href":"https:\/\/sysmatec.ch\/de\/wp-json\/wp\/v2\/media?parent=21997"}],"wp:term":[{"taxonomy":"product_brand","embeddable":true,"href":"https:\/\/sysmatec.ch\/de\/wp-json\/wp\/v2\/product_brand?post=21997"},{"taxonomy":"product_cat","embeddable":true,"href":"https:\/\/sysmatec.ch\/de\/wp-json\/wp\/v2\/product_cat?post=21997"},{"taxonomy":"product_tag","embeddable":true,"href":"https:\/\/sysmatec.ch\/de\/wp-json\/wp\/v2\/product_tag?post=21997"}],"curies":[{"name":"wp","href":"https:\/\/api.w.org\/{rel}","templated":true}]}}