{"id":21993,"date":"2021-02-01T11:49:51","date_gmt":"2021-02-01T10:49:51","guid":{"rendered":"https:\/\/sysmatec.ch\/?post_type=product&#038;p=21993"},"modified":"2024-07-28T12:23:04","modified_gmt":"2024-07-28T10:23:04","slug":"einweg-echtzeit-datenlogger-glog5","status":"publish","type":"product","link":"https:\/\/sysmatec.ch\/de\/Produkt\/einweg-echtzeit-datenlogger-glog5\/","title":{"rendered":"Einweg-Echtzeit Datenlogger Glog5"},"content":{"rendered":"<p>Bei diesem Rekorder handelt es sich um ein Ger\u00e4t, das \u00fcber das Telefonnetz kommuniziert und f\u00fcr den Ferntransport zur \u00dcberwachung der Temperatur in der K\u00fchlkette konzipiert ist. Es kann ohne Anpassung die Temperaturaufzeichnung starten, Temperaturdaten automatisch herunterladen und Alarme ausl\u00f6sen, um Fracht \u00fcber gro\u00dfe Entfernungen zu \u00fcberwachen. Es nutzt das Mobilfunknetz.<\/p>\n<h2>Vorteile<\/h2>\n<ul>\n<li>Genauer Standort<\/li>\n<li>Multisensor (Temperatur, Luftfeuchtigkeit, Licht, Vibration, Positionierung)<\/li>\n<li>M\u00f6glichkeit, das Ger\u00e4t bei versehentlicher Aul\u00f6sung bis zu dreimal zu starten.<\/li>\n<li>Flugmodus<\/li>\n<li>Generierung von PDF- und CSV-Berichten<\/li>\n<li>Zugriff auf Daten \u00fcber die Cloud<\/li>\n<li>Optional: GPS, pH, CO, extrem niedriger Au\u00dfentemperatursensor -196 \u00b0C<\/li>\n<\/ul>\n<h2>3 Modellen<\/h2>\n<table width=\"1209\" cellspacing=\"0\" cellpadding=\"0\">\n<tbody>\n<tr>\n<td width=\"329\">Glog 5-T<\/td>\n<td width=\"328\">Glog 5-TLE<\/td>\n<td width=\"328\">Glog 5-TH<\/td>\n<\/tr>\n<tr>\n<td width=\"224\" height=\"106\">Sensortyp<\/td>\n<td width=\"329\">Intern-Temperatur<\/td>\n<td width=\"328\">Intern- und Au\u00dfentemperatur f\u00fcr niedrige Temperatur<\/td>\n<td width=\"328\">Intern- Temperatur &#8211; Feuchtigkeit<\/td>\n<\/tr>\n<tr>\n<td width=\"224\" height=\"71\">Temperaturbereich<\/td>\n<td width=\"329\">-30\u02daC bis\u00a0 70\u02daC<\/td>\n<td width=\"328\">\u00a0intern\uff1a-30 \u00b0C bis 70 \u00b0C<\/p>\n<p>Niedrig\uff1a-200\u00b0C bis 150 \u00b0C<\/td>\n<td width=\"328\">\u00a0-30\u02daC bis\u00a0 70\u02daC<\/td>\n<\/tr>\n<tr>\n<td width=\"224\" height=\"106\">Temperaturgenauigkeit<\/td>\n<td width=\"329\">\u00b10.5 \u00b0C<\/td>\n<td width=\"328\">\u00b10.5 \u00b0C(-40 bis 85 \u00b0C)<\/p>\n<p>\u00b11 \u00b0C(-100 bis 150 \u00b0C)<\/p>\n<p>\u00b12 \u00b0C(ausserhalb)<\/td>\n<td width=\"328\">\u00b10.5\u00b0C<\/td>\n<\/tr>\n<tr>\n<td width=\"224\" height=\"70\">Feuchtigkeitsbereich<\/td>\n<td width=\"329\">\/<\/td>\n<td width=\"328\">\/<\/td>\n<td width=\"328\">0% HR~100%HR<\/td>\n<\/tr>\n<tr>\n<td width=\"224\" height=\"71\">Feuchtigskeitgenauigkeit<\/td>\n<td width=\"329\">\/<\/td>\n<td width=\"328\">\/<\/td>\n<td width=\"328\">\u00b15% HR<\/td>\n<\/tr>\n<\/tbody>\n<\/table>\n<h2>Allgemeine technische Daten<\/h2>\n<table width=\"520\">\n<tbody>\n<tr>\n<td width=\"216\">Beschleunigungsbereich<\/td>\n<td width=\"304\">0g bis 16g<\/td>\n<\/tr>\n<tr>\n<td width=\"216\">Lichtmessbereich<\/td>\n<td width=\"304\">0 bis 52 000Lux<\/td>\n<\/tr>\n<tr>\n<td width=\"216\">Aufl\u00f6sung<\/td>\n<td width=\"304\">0.1\u00b0C\/0.1%RH\/0.1g\/1Lux<\/td>\n<\/tr>\n<tr>\n<td width=\"216\">Speicherungsintervall<\/td>\n<td width=\"304\">1min bis 24h; Standard: 5 Min<\/td>\n<\/tr>\n<tr>\n<td width=\"216\">Kommunikationsintervall<\/td>\n<td width=\"304\">1min bis 24h; Standard: 60 Min<\/td>\n<\/tr>\n<tr>\n<td width=\"216\">Speicher<\/td>\n<td width=\"304\">32 000 Werte<\/td>\n<\/tr>\n<tr>\n<td width=\"216\">Shadow Recording<\/td>\n<td width=\"304\">Front + Rear<\/td>\n<\/tr>\n<tr>\n<td width=\"216\">Alarme<\/td>\n<td width=\"304\">Grenzwerte \u00fcberschritten, Batteriestand niedrig<\/td>\n<\/tr>\n<tr>\n<td width=\"216\">Alarme Vizualisierung<\/td>\n<td width=\"304\">Display + LED-Anzeige<\/td>\n<\/tr>\n<tr>\n<td width=\"216\">\u00dcbertragungsmethode<\/td>\n<td width=\"304\">4G<\/td>\n<\/tr>\n<tr>\n<td width=\"216\">Display<\/td>\n<td width=\"304\">LCD<\/td>\n<\/tr>\n<tr>\n<td width=\"216\">Leuchtanzeigen<\/td>\n<td width=\"304\">Rote\/gr\u00fcne, rot\/blaue LED-Anzeigen<\/td>\n<\/tr>\n<tr>\n<td width=\"216\">Tasten<\/td>\n<td width=\"304\">2 Tasten<\/td>\n<\/tr>\n<tr>\n<td width=\"216\">Start Mode<\/td>\n<td width=\"304\">Knopf\/Plattform\/Timer<\/td>\n<\/tr>\n<tr>\n<td width=\"216\">Stop Mode<\/td>\n<td width=\"304\">Schaltfl\u00e4che\/Plattform\/verstrichene Zeit<\/td>\n<\/tr>\n<tr>\n<td width=\"216\">Neustart<\/td>\n<td width=\"304\">3 Mal (im Leben)<\/td>\n<\/tr>\n<tr>\n<td width=\"216\">Flugzeug-Modus<\/td>\n<td width=\"304\">Taste\/Uhr\/Erkennung<\/td>\n<\/tr>\n<tr>\n<td width=\"216\">Schutz<\/td>\n<td width=\"304\">IP65<\/td>\n<\/tr>\n<tr>\n<td width=\"216\">Aktualisieren<\/td>\n<td width=\"304\">Software \/ Plateforme<\/td>\n<\/tr>\n<tr>\n<td width=\"216\">Betriebsbedingungen<\/td>\n<td width=\"304\">-30 \u00b0C bis 70 \u00b0C, 0 % RH bis 100 % RH (nicht kondensierend)<\/td>\n<\/tr>\n<tr>\n<td width=\"216\">Standortmethode<\/td>\n<td width=\"304\">LBS+GPS (optional)<\/td>\n<\/tr>\n<tr>\n<td width=\"216\">Batterietyp<\/td>\n<td width=\"304\">Einweg-Lithium-Mangan-Batterie (3,0 V, 4800 mAh)<\/td>\n<\/tr>\n<tr>\n<td width=\"216\">Lagerbedingungen<\/td>\n<td width=\"304\">15 bis 30 \u00b0C\uff0c20 bis 75%RH<\/td>\n<\/tr>\n<tr>\n<td width=\"216\">Dimensionen<\/td>\n<td width=\"304\">103 x 61.3 x 30 (mm)<\/td>\n<\/tr>\n<tr>\n<td>Batterielebensdauer<\/td>\n<td width=\"304\">Aufnahmeintervall 5 Min., Downloadintervall 60 Min<br \/>\n&gt;15 \u00b0C: 120 Tage, 0 \u00b0C bis 15 \u00b0C: 100 Tage, -15 \u00b0C bis 0 \u00b0C: 60 Tage, -30 \u00b0C bis -15 \u00b0C: 40 Tage<\/td>\n<\/tr>\n<\/tbody>\n<\/table>\n<p>&nbsp;<\/p>\n","protected":false},"excerpt":{"rendered":"<p><span class=\"VIiyi\" lang=\"fr\"><span class=\"JLqJ4b ChMk0b\" data-language-for-alternatives=\"fr\" data-language-to-translate-into=\"en\" data-phrase-index=\"0\">Enregistreur de temp\u00e9rature\u00a0 et de lumi\u00e8re 4G pour le transport de marchandises.<\/span><\/span><\/p>\n","protected":false},"featured_media":29862,"template":"","meta":{"_crdt_document":""},"product_brand":[],"product_cat":[172,173],"product_tag":[],"class_list":{"0":"post-21993","1":"product","2":"type-product","3":"status-publish","4":"has-post-thumbnail","6":"product_cat-einweg-logger","7":"product_cat-temperatur","9":"first","10":"instock","11":"taxable","12":"shipping-taxable","13":"product-type-simple"},"yoast_head":"<!-- This site is optimized with the Yoast SEO plugin v27.3 - https:\/\/yoast.com\/product\/yoast-seo-wordpress\/ -->\n<title>Einweg-Echtzeit Datenlogger Glog5 - Sysmatec<\/title>\n<meta name=\"description\" content=\"4G-Temperaturrekorder f\u00fcr den einmaligen Gebrauch. Es funktioniert im Mobilfunknetz. Es kann auch Licht aufzeichnen.\" \/>\n<meta name=\"robots\" content=\"index, follow, max-snippet:-1, max-image-preview:large, max-video-preview:-1\" \/>\n<link rel=\"canonical\" href=\"https:\/\/sysmatec.ch\/de\/Produkt\/einweg-echtzeit-datenlogger-glog5\/\" \/>\n<meta property=\"og:locale\" content=\"de_DE\" \/>\n<meta property=\"og:type\" content=\"article\" \/>\n<meta property=\"og:title\" content=\"Einweg-Echtzeit Datenlogger Glog5 - Sysmatec\" \/>\n<meta property=\"og:description\" content=\"4G-Temperaturrekorder f\u00fcr den einmaligen Gebrauch. Es funktioniert im Mobilfunknetz. Es kann auch Licht aufzeichnen.\" \/>\n<meta property=\"og:url\" content=\"https:\/\/sysmatec.ch\/de\/Produkt\/einweg-echtzeit-datenlogger-glog5\/\" \/>\n<meta property=\"og:site_name\" content=\"Sysmatec\" \/>\n<meta property=\"article:modified_time\" content=\"2024-07-28T10:23:04+00:00\" \/>\n<meta property=\"og:image\" content=\"https:\/\/sysmatec.ch\/wp-content\/uploads\/2021\/02\/Enregistreur4G_Glog5Elitech.jpg\" \/>\n\t<meta property=\"og:image:width\" content=\"488\" \/>\n\t<meta property=\"og:image:height\" content=\"536\" \/>\n\t<meta property=\"og:image:type\" content=\"image\/jpeg\" \/>\n<meta name=\"twitter:card\" content=\"summary_large_image\" \/>\n<meta name=\"twitter:label1\" content=\"Gesch\u00e4tzte Lesezeit\" \/>\n\t<meta name=\"twitter:data1\" content=\"2\u00a0Minuten\" \/>\n<script type=\"application\/ld+json\" class=\"yoast-schema-graph\">{\"@context\":\"https:\\\/\\\/schema.org\",\"@graph\":[{\"@type\":\"WebPage\",\"@id\":\"https:\\\/\\\/sysmatec.ch\\\/de\\\/Produkt\\\/einweg-echtzeit-datenlogger-glog5\\\/\",\"url\":\"https:\\\/\\\/sysmatec.ch\\\/de\\\/Produkt\\\/einweg-echtzeit-datenlogger-glog5\\\/\",\"name\":\"Einweg-Echtzeit Datenlogger Glog5 - Sysmatec\",\"isPartOf\":{\"@id\":\"https:\\\/\\\/sysmatec.ch\\\/de\\\/#website\"},\"primaryImageOfPage\":{\"@id\":\"https:\\\/\\\/sysmatec.ch\\\/de\\\/Produkt\\\/einweg-echtzeit-datenlogger-glog5\\\/#primaryimage\"},\"image\":{\"@id\":\"https:\\\/\\\/sysmatec.ch\\\/de\\\/Produkt\\\/einweg-echtzeit-datenlogger-glog5\\\/#primaryimage\"},\"thumbnailUrl\":\"https:\\\/\\\/sysmatec.ch\\\/wp-content\\\/uploads\\\/2021\\\/02\\\/Enregistreur4G_Glog5Elitech.jpg\",\"datePublished\":\"2021-02-01T10:49:51+00:00\",\"dateModified\":\"2024-07-28T10:23:04+00:00\",\"description\":\"4G-Temperaturrekorder f\u00fcr den einmaligen Gebrauch. Es funktioniert im Mobilfunknetz. Es kann auch Licht aufzeichnen.\",\"breadcrumb\":{\"@id\":\"https:\\\/\\\/sysmatec.ch\\\/de\\\/Produkt\\\/einweg-echtzeit-datenlogger-glog5\\\/#breadcrumb\"},\"inLanguage\":\"de\",\"potentialAction\":[{\"@type\":\"ReadAction\",\"target\":[\"https:\\\/\\\/sysmatec.ch\\\/de\\\/Produkt\\\/einweg-echtzeit-datenlogger-glog5\\\/\"]}]},{\"@type\":\"ImageObject\",\"inLanguage\":\"de\",\"@id\":\"https:\\\/\\\/sysmatec.ch\\\/de\\\/Produkt\\\/einweg-echtzeit-datenlogger-glog5\\\/#primaryimage\",\"url\":\"https:\\\/\\\/sysmatec.ch\\\/wp-content\\\/uploads\\\/2021\\\/02\\\/Enregistreur4G_Glog5Elitech.jpg\",\"contentUrl\":\"https:\\\/\\\/sysmatec.ch\\\/wp-content\\\/uploads\\\/2021\\\/02\\\/Enregistreur4G_Glog5Elitech.jpg\",\"width\":488,\"height\":536},{\"@type\":\"BreadcrumbList\",\"@id\":\"https:\\\/\\\/sysmatec.ch\\\/de\\\/Produkt\\\/einweg-echtzeit-datenlogger-glog5\\\/#breadcrumb\",\"itemListElement\":[{\"@type\":\"ListItem\",\"position\":1,\"name\":\"Accueil\",\"item\":\"https:\\\/\\\/sysmatec.ch\\\/de\\\/\"},{\"@type\":\"ListItem\",\"position\":2,\"name\":\"Die Aktivit\u00e4t von Sysmatec\",\"item\":\"https:\\\/\\\/sysmatec.ch\\\/de\\\/\"},{\"@type\":\"ListItem\",\"position\":3,\"name\":\"Einweg-Echtzeit Datenlogger Glog5\"}]},{\"@type\":\"WebSite\",\"@id\":\"https:\\\/\\\/sysmatec.ch\\\/de\\\/#website\",\"url\":\"https:\\\/\\\/sysmatec.ch\\\/de\\\/\",\"name\":\"Sysmatec\",\"description\":\"Equipement de laboratoire et logiciels\",\"publisher\":{\"@id\":\"https:\\\/\\\/sysmatec.ch\\\/de\\\/#organization\"},\"potentialAction\":[{\"@type\":\"SearchAction\",\"target\":{\"@type\":\"EntryPoint\",\"urlTemplate\":\"https:\\\/\\\/sysmatec.ch\\\/de\\\/?s={search_term_string}\"},\"query-input\":{\"@type\":\"PropertyValueSpecification\",\"valueRequired\":true,\"valueName\":\"search_term_string\"}}],\"inLanguage\":\"de\"},{\"@type\":\"Organization\",\"@id\":\"https:\\\/\\\/sysmatec.ch\\\/de\\\/#organization\",\"name\":\"Sysmatec\",\"url\":\"https:\\\/\\\/sysmatec.ch\\\/de\\\/\",\"logo\":{\"@type\":\"ImageObject\",\"inLanguage\":\"de\",\"@id\":\"https:\\\/\\\/sysmatec.ch\\\/de\\\/#\\\/schema\\\/logo\\\/image\\\/\",\"url\":\"https:\\\/\\\/sysmatec.ch\\\/wp-content\\\/uploads\\\/2018\\\/11\\\/LogoSysmatec.jpg\",\"contentUrl\":\"https:\\\/\\\/sysmatec.ch\\\/wp-content\\\/uploads\\\/2018\\\/11\\\/LogoSysmatec.jpg\",\"width\":301,\"height\":297,\"caption\":\"Sysmatec\"},\"image\":{\"@id\":\"https:\\\/\\\/sysmatec.ch\\\/de\\\/#\\\/schema\\\/logo\\\/image\\\/\"}}]}<\/script>\n<!-- \/ Yoast SEO plugin. -->","yoast_head_json":{"title":"Einweg-Echtzeit Datenlogger Glog5 - Sysmatec","description":"4G-Temperaturrekorder f\u00fcr den einmaligen Gebrauch. Es funktioniert im Mobilfunknetz. Es kann auch Licht aufzeichnen.","robots":{"index":"index","follow":"follow","max-snippet":"max-snippet:-1","max-image-preview":"max-image-preview:large","max-video-preview":"max-video-preview:-1"},"canonical":"https:\/\/sysmatec.ch\/de\/Produkt\/einweg-echtzeit-datenlogger-glog5\/","og_locale":"de_DE","og_type":"article","og_title":"Einweg-Echtzeit Datenlogger Glog5 - Sysmatec","og_description":"4G-Temperaturrekorder f\u00fcr den einmaligen Gebrauch. Es funktioniert im Mobilfunknetz. Es kann auch Licht aufzeichnen.","og_url":"https:\/\/sysmatec.ch\/de\/Produkt\/einweg-echtzeit-datenlogger-glog5\/","og_site_name":"Sysmatec","article_modified_time":"2024-07-28T10:23:04+00:00","og_image":[{"width":488,"height":536,"url":"https:\/\/sysmatec.ch\/wp-content\/uploads\/2021\/02\/Enregistreur4G_Glog5Elitech.jpg","type":"image\/jpeg"}],"twitter_card":"summary_large_image","twitter_misc":{"Gesch\u00e4tzte Lesezeit":"2\u00a0Minuten"},"schema":{"@context":"https:\/\/schema.org","@graph":[{"@type":"WebPage","@id":"https:\/\/sysmatec.ch\/de\/Produkt\/einweg-echtzeit-datenlogger-glog5\/","url":"https:\/\/sysmatec.ch\/de\/Produkt\/einweg-echtzeit-datenlogger-glog5\/","name":"Einweg-Echtzeit Datenlogger Glog5 - Sysmatec","isPartOf":{"@id":"https:\/\/sysmatec.ch\/de\/#website"},"primaryImageOfPage":{"@id":"https:\/\/sysmatec.ch\/de\/Produkt\/einweg-echtzeit-datenlogger-glog5\/#primaryimage"},"image":{"@id":"https:\/\/sysmatec.ch\/de\/Produkt\/einweg-echtzeit-datenlogger-glog5\/#primaryimage"},"thumbnailUrl":"https:\/\/sysmatec.ch\/wp-content\/uploads\/2021\/02\/Enregistreur4G_Glog5Elitech.jpg","datePublished":"2021-02-01T10:49:51+00:00","dateModified":"2024-07-28T10:23:04+00:00","description":"4G-Temperaturrekorder f\u00fcr den einmaligen Gebrauch. Es funktioniert im Mobilfunknetz. Es kann auch Licht aufzeichnen.","breadcrumb":{"@id":"https:\/\/sysmatec.ch\/de\/Produkt\/einweg-echtzeit-datenlogger-glog5\/#breadcrumb"},"inLanguage":"de","potentialAction":[{"@type":"ReadAction","target":["https:\/\/sysmatec.ch\/de\/Produkt\/einweg-echtzeit-datenlogger-glog5\/"]}]},{"@type":"ImageObject","inLanguage":"de","@id":"https:\/\/sysmatec.ch\/de\/Produkt\/einweg-echtzeit-datenlogger-glog5\/#primaryimage","url":"https:\/\/sysmatec.ch\/wp-content\/uploads\/2021\/02\/Enregistreur4G_Glog5Elitech.jpg","contentUrl":"https:\/\/sysmatec.ch\/wp-content\/uploads\/2021\/02\/Enregistreur4G_Glog5Elitech.jpg","width":488,"height":536},{"@type":"BreadcrumbList","@id":"https:\/\/sysmatec.ch\/de\/Produkt\/einweg-echtzeit-datenlogger-glog5\/#breadcrumb","itemListElement":[{"@type":"ListItem","position":1,"name":"Accueil","item":"https:\/\/sysmatec.ch\/de\/"},{"@type":"ListItem","position":2,"name":"Die Aktivit\u00e4t von Sysmatec","item":"https:\/\/sysmatec.ch\/de\/"},{"@type":"ListItem","position":3,"name":"Einweg-Echtzeit Datenlogger Glog5"}]},{"@type":"WebSite","@id":"https:\/\/sysmatec.ch\/de\/#website","url":"https:\/\/sysmatec.ch\/de\/","name":"Sysmatec","description":"Equipement de laboratoire et logiciels","publisher":{"@id":"https:\/\/sysmatec.ch\/de\/#organization"},"potentialAction":[{"@type":"SearchAction","target":{"@type":"EntryPoint","urlTemplate":"https:\/\/sysmatec.ch\/de\/?s={search_term_string}"},"query-input":{"@type":"PropertyValueSpecification","valueRequired":true,"valueName":"search_term_string"}}],"inLanguage":"de"},{"@type":"Organization","@id":"https:\/\/sysmatec.ch\/de\/#organization","name":"Sysmatec","url":"https:\/\/sysmatec.ch\/de\/","logo":{"@type":"ImageObject","inLanguage":"de","@id":"https:\/\/sysmatec.ch\/de\/#\/schema\/logo\/image\/","url":"https:\/\/sysmatec.ch\/wp-content\/uploads\/2018\/11\/LogoSysmatec.jpg","contentUrl":"https:\/\/sysmatec.ch\/wp-content\/uploads\/2018\/11\/LogoSysmatec.jpg","width":301,"height":297,"caption":"Sysmatec"},"image":{"@id":"https:\/\/sysmatec.ch\/de\/#\/schema\/logo\/image\/"}}]}},"_links":{"self":[{"href":"https:\/\/sysmatec.ch\/de\/wp-json\/wp\/v2\/product\/21993","targetHints":{"allow":["GET"]}}],"collection":[{"href":"https:\/\/sysmatec.ch\/de\/wp-json\/wp\/v2\/product"}],"about":[{"href":"https:\/\/sysmatec.ch\/de\/wp-json\/wp\/v2\/types\/product"}],"wp:featuredmedia":[{"embeddable":true,"href":"https:\/\/sysmatec.ch\/de\/wp-json\/wp\/v2\/media\/29862"}],"wp:attachment":[{"href":"https:\/\/sysmatec.ch\/de\/wp-json\/wp\/v2\/media?parent=21993"}],"wp:term":[{"taxonomy":"product_brand","embeddable":true,"href":"https:\/\/sysmatec.ch\/de\/wp-json\/wp\/v2\/product_brand?post=21993"},{"taxonomy":"product_cat","embeddable":true,"href":"https:\/\/sysmatec.ch\/de\/wp-json\/wp\/v2\/product_cat?post=21993"},{"taxonomy":"product_tag","embeddable":true,"href":"https:\/\/sysmatec.ch\/de\/wp-json\/wp\/v2\/product_tag?post=21993"}],"curies":[{"name":"wp","href":"https:\/\/api.w.org\/{rel}","templated":true}]}}