{"id":21979,"date":"2021-01-31T15:18:10","date_gmt":"2021-01-31T14:18:10","guid":{"rendered":"https:\/\/sysmatec.ch\/?post_type=product&#038;p=21979"},"modified":"2021-12-02T17:43:33","modified_gmt":"2021-12-02T16:43:33","slug":"einweg-4g-echtzeit-datenlogger-glog4","status":"publish","type":"product","link":"https:\/\/sysmatec.ch\/de\/Produkt\/einweg-4g-echtzeit-datenlogger-glog4\/","title":{"rendered":"Einweg-4G-Echtzeit-Datenlogger Glog4"},"content":{"rendered":"<p><span class=\"VIiyi\" lang=\"de\"><span class=\"JLqJ4b ChMk0b\" data-language-for-alternatives=\"de\" data-language-to-translate-into=\"en\" data-phrase-index=\"0\">Dieser Temperaturdatenlogger ist ein vernetztes Ger\u00e4t und wurde f\u00fcr den Ferntransport zur \u00dcberwachung der K\u00fchlkettentemperatur entwickelt.<\/span> <span class=\"JLqJ4b ChMk0b\" data-language-for-alternatives=\"de\" data-language-to-translate-into=\"en\" data-phrase-index=\"1\">Es kann die Temperaturaufzeichnung ohne Einstellungen starten, automatisch Temperaturdaten hochladen und die Temperatur\u00e4nderungen w\u00e4hrend des Transports \u00fcberwachen, um die Fernfracht zu \u00fcberwachen.<\/span><\/span><\/p>\n<ul>\n<li><span class=\"VIiyi\" lang=\"de\"><span class=\"JLqJ4b ChMk0b\" data-language-for-alternatives=\"de\" data-language-to-translate-into=\"en\" data-phrase-index=\"0\">Kostenloser Konfigurationsstart, einfach zu bedienen<\/span> <\/span><\/li>\n<li><span class=\"VIiyi\" lang=\"de\"><span class=\"JLqJ4b ChMk0b\" data-language-for-alternatives=\"de\" data-language-to-translate-into=\"en\" data-phrase-index=\"2\">Unterst\u00fctzt die 4G-Kommunikation und l\u00e4dt automatisch Temperaturdaten hoch<\/span><\/span><\/li>\n<li><span class=\"VIiyi\" lang=\"de\"><span class=\"JLqJ4b ChMk0b\" data-language-for-alternatives=\"de\" data-language-to-translate-into=\"en\" data-phrase-index=\"4\">Wenn die Temperatur den Grenzwert \u00fcberschreitet, kann das Ger\u00e4t automatisch E-Mails und Kurzzeitalarme senden<\/span><\/span><\/li>\n<li><span class=\"VIiyi\" lang=\"de\"><span class=\"JLqJ4b ChMk0b\" data-language-for-alternatives=\"de\" data-language-to-translate-into=\"en\" data-phrase-index=\"6\">Der Benutzer kann den erstellten Bericht jederzeit \u00fcber die Website-Plattform anzeigen und rechtzeitig \u00fcber die Temperatur- und Standortinformationen des Produkts informiert werden.<\/span> <\/span><\/li>\n<li><span class=\"VIiyi\" lang=\"de\"><span class=\"JLqJ4b ChMk0b\" data-language-for-alternatives=\"de\" data-language-to-translate-into=\"en\" data-phrase-index=\"8\">usgestattet mit einem Lichtsensor zur \u00dcberwachung der T\u00fcr\u00f6ffnung<\/span><\/span><\/li>\n<\/ul>\n<table class=\"tg\">\n<tbody>\n<tr>\n<td class=\"tg-s268\" width=\"222\">Batterielebensdauer<\/td>\n<td class=\"tg-s268\" width=\"424\"><span class=\"VIiyi\" lang=\"de\"><span class=\"JLqJ4b ChMk0b\" data-language-for-alternatives=\"de\" data-language-to-translate-into=\"en\" data-phrase-index=\"0\">Bis zu 40 Tage +\/- 3 Betriebstage basierend auf dem Protokollierungsintervall von 60 Minuten und den Temperaturbedingungen<\/span><\/span><\/td>\n<\/tr>\n<tr>\n<td class=\"tg-s268\">Mobilnetz<\/td>\n<td class=\"tg-s268\">850\/900\/1800\/1900 GPRS<\/td>\n<\/tr>\n<tr>\n<td class=\"tg-s268\">Speicher<\/td>\n<td class=\"tg-s268\">10000 Werte<\/td>\n<\/tr>\n<tr>\n<td class=\"tg-0lax\">Temperaturebereich<\/td>\n<td class=\"tg-0lax\">-23\u00b0 C bis70\u00b0 C<\/td>\n<\/tr>\n<tr>\n<td class=\"tg-0lax\">Temperature Genauigkeit<\/td>\n<td class=\"tg-0lax\">\u00b10.5\u2103\uff08-20\u2103 bis 40\u2103\uff09\uff0csonst\uff1a\u00b11\u2103<\/td>\n<\/tr>\n<tr>\n<td class=\"tg-0lax\">Belichtung<\/td>\n<td class=\"tg-0lax\">0 lx bis 10000 lx<\/td>\n<\/tr>\n<tr>\n<td class=\"tg-0lax\">Belichtungsgenauigkeit<\/td>\n<td class=\"tg-0lax\">\u00b110%<\/td>\n<\/tr>\n<tr>\n<td class=\"tg-0lax\">Dimension<\/td>\n<td class=\"tg-0lax\">80 mm x 50 mm x 22 mm<\/td>\n<\/tr>\n<\/tbody>\n<\/table>\n","protected":false},"excerpt":{"rendered":"<p><span class=\"VIiyi\" lang=\"de\"><span class=\"JLqJ4b ChMk0b\" data-language-for-alternatives=\"de\" data-language-to-translate-into=\"en\" data-phrase-index=\"0\">4G Temperaturdatenlogger, Echtzeitdatenlogger f\u00fcr den Transport von Waren.<\/span><\/span><\/p>\n","protected":false},"featured_media":21986,"template":"","meta":{"_crdt_document":""},"product_brand":[],"product_cat":[172,173],"product_tag":[],"class_list":{"0":"post-21979","1":"product","2":"type-product","3":"status-publish","4":"has-post-thumbnail","6":"product_cat-einweg-logger","7":"product_cat-temperatur","9":"first","10":"instock","11":"taxable","12":"shipping-taxable","13":"product-type-simple"},"yoast_head":"<!-- This site is optimized with the Yoast SEO plugin v27.4 - https:\/\/yoast.com\/product\/yoast-seo-wordpress\/ -->\n<title>Einweg-4G-Echtzeit-Datenlogger Glog4 - Sysmatec<\/title>\n<meta name=\"description\" content=\"Einweg-4G-Temperaturlogger f\u00fcr den Transport. Es funktioniert im Mobilfunknetz. Es kann auch Licht registrieren.\" \/>\n<meta name=\"robots\" content=\"index, follow, max-snippet:-1, max-image-preview:large, max-video-preview:-1\" \/>\n<link rel=\"canonical\" href=\"https:\/\/sysmatec.ch\/de\/produit\/einweg-4g-echtzeit-datenlogger-glog4\/\" \/>\n<meta property=\"og:locale\" content=\"de_DE\" \/>\n<meta property=\"og:type\" content=\"article\" \/>\n<meta property=\"og:title\" content=\"Einweg-4G-Echtzeit-Datenlogger Glog4 - Sysmatec\" \/>\n<meta property=\"og:description\" content=\"Einweg-4G-Temperaturlogger f\u00fcr den Transport. Es funktioniert im Mobilfunknetz. Es kann auch Licht registrieren.\" \/>\n<meta property=\"og:url\" content=\"https:\/\/sysmatec.ch\/de\/produit\/einweg-4g-echtzeit-datenlogger-glog4\/\" \/>\n<meta property=\"og:site_name\" content=\"Sysmatec\" \/>\n<meta property=\"article:modified_time\" content=\"2021-12-02T16:43:33+00:00\" \/>\n<meta property=\"og:image\" content=\"https:\/\/sysmatec.ch\/wp-content\/uploads\/2021\/01\/TemperatureDataloggerGlog2-1.jpg\" \/>\n\t<meta property=\"og:image:width\" content=\"239\" \/>\n\t<meta property=\"og:image:height\" content=\"249\" \/>\n\t<meta property=\"og:image:type\" content=\"image\/jpeg\" \/>\n<meta name=\"twitter:card\" content=\"summary_large_image\" \/>\n<meta name=\"twitter:label1\" content=\"Gesch\u00e4tzte Lesezeit\" \/>\n\t<meta name=\"twitter:data1\" content=\"1\u00a0Minute\" \/>\n<script type=\"application\/ld+json\" class=\"yoast-schema-graph\">{\"@context\":\"https:\\\/\\\/schema.org\",\"@graph\":[{\"@type\":\"WebPage\",\"@id\":\"https:\\\/\\\/sysmatec.ch\\\/de\\\/produit\\\/einweg-4g-echtzeit-datenlogger-glog4\\\/\",\"url\":\"https:\\\/\\\/sysmatec.ch\\\/de\\\/produit\\\/einweg-4g-echtzeit-datenlogger-glog4\\\/\",\"name\":\"Einweg-4G-Echtzeit-Datenlogger Glog4 - Sysmatec\",\"isPartOf\":{\"@id\":\"https:\\\/\\\/sysmatec.ch\\\/de\\\/#website\"},\"primaryImageOfPage\":{\"@id\":\"https:\\\/\\\/sysmatec.ch\\\/de\\\/produit\\\/einweg-4g-echtzeit-datenlogger-glog4\\\/#primaryimage\"},\"image\":{\"@id\":\"https:\\\/\\\/sysmatec.ch\\\/de\\\/produit\\\/einweg-4g-echtzeit-datenlogger-glog4\\\/#primaryimage\"},\"thumbnailUrl\":\"https:\\\/\\\/sysmatec.ch\\\/wp-content\\\/uploads\\\/2021\\\/01\\\/TemperatureDataloggerGlog2-1.jpg\",\"datePublished\":\"2021-01-31T14:18:10+00:00\",\"dateModified\":\"2021-12-02T16:43:33+00:00\",\"description\":\"Einweg-4G-Temperaturlogger f\u00fcr den Transport. Es funktioniert im Mobilfunknetz. Es kann auch Licht registrieren.\",\"breadcrumb\":{\"@id\":\"https:\\\/\\\/sysmatec.ch\\\/de\\\/produit\\\/einweg-4g-echtzeit-datenlogger-glog4\\\/#breadcrumb\"},\"inLanguage\":\"de\",\"potentialAction\":[{\"@type\":\"ReadAction\",\"target\":[\"https:\\\/\\\/sysmatec.ch\\\/de\\\/produit\\\/einweg-4g-echtzeit-datenlogger-glog4\\\/\"]}]},{\"@type\":\"ImageObject\",\"inLanguage\":\"de\",\"@id\":\"https:\\\/\\\/sysmatec.ch\\\/de\\\/produit\\\/einweg-4g-echtzeit-datenlogger-glog4\\\/#primaryimage\",\"url\":\"https:\\\/\\\/sysmatec.ch\\\/wp-content\\\/uploads\\\/2021\\\/01\\\/TemperatureDataloggerGlog2-1.jpg\",\"contentUrl\":\"https:\\\/\\\/sysmatec.ch\\\/wp-content\\\/uploads\\\/2021\\\/01\\\/TemperatureDataloggerGlog2-1.jpg\",\"width\":239,\"height\":249},{\"@type\":\"BreadcrumbList\",\"@id\":\"https:\\\/\\\/sysmatec.ch\\\/de\\\/produit\\\/einweg-4g-echtzeit-datenlogger-glog4\\\/#breadcrumb\",\"itemListElement\":[{\"@type\":\"ListItem\",\"position\":1,\"name\":\"Accueil\",\"item\":\"https:\\\/\\\/sysmatec.ch\\\/de\\\/\"},{\"@type\":\"ListItem\",\"position\":2,\"name\":\"Die Aktivit\u00e4t von Sysmatec\",\"item\":\"https:\\\/\\\/sysmatec.ch\\\/de\\\/\"},{\"@type\":\"ListItem\",\"position\":3,\"name\":\"Einweg-4G-Echtzeit-Datenlogger Glog4\"}]},{\"@type\":\"WebSite\",\"@id\":\"https:\\\/\\\/sysmatec.ch\\\/de\\\/#website\",\"url\":\"https:\\\/\\\/sysmatec.ch\\\/de\\\/\",\"name\":\"Sysmatec\",\"description\":\"Equipement de laboratoire et logiciels\",\"publisher\":{\"@id\":\"https:\\\/\\\/sysmatec.ch\\\/de\\\/#organization\"},\"potentialAction\":[{\"@type\":\"SearchAction\",\"target\":{\"@type\":\"EntryPoint\",\"urlTemplate\":\"https:\\\/\\\/sysmatec.ch\\\/de\\\/?s={search_term_string}\"},\"query-input\":{\"@type\":\"PropertyValueSpecification\",\"valueRequired\":true,\"valueName\":\"search_term_string\"}}],\"inLanguage\":\"de\"},{\"@type\":\"Organization\",\"@id\":\"https:\\\/\\\/sysmatec.ch\\\/de\\\/#organization\",\"name\":\"Sysmatec\",\"url\":\"https:\\\/\\\/sysmatec.ch\\\/de\\\/\",\"logo\":{\"@type\":\"ImageObject\",\"inLanguage\":\"de\",\"@id\":\"https:\\\/\\\/sysmatec.ch\\\/de\\\/#\\\/schema\\\/logo\\\/image\\\/\",\"url\":\"https:\\\/\\\/sysmatec.ch\\\/wp-content\\\/uploads\\\/2018\\\/11\\\/LogoSysmatec.jpg\",\"contentUrl\":\"https:\\\/\\\/sysmatec.ch\\\/wp-content\\\/uploads\\\/2018\\\/11\\\/LogoSysmatec.jpg\",\"width\":301,\"height\":297,\"caption\":\"Sysmatec\"},\"image\":{\"@id\":\"https:\\\/\\\/sysmatec.ch\\\/de\\\/#\\\/schema\\\/logo\\\/image\\\/\"}}]}<\/script>\n<!-- \/ Yoast SEO plugin. -->","yoast_head_json":{"title":"Einweg-4G-Echtzeit-Datenlogger Glog4 - Sysmatec","description":"Einweg-4G-Temperaturlogger f\u00fcr den Transport. Es funktioniert im Mobilfunknetz. Es kann auch Licht registrieren.","robots":{"index":"index","follow":"follow","max-snippet":"max-snippet:-1","max-image-preview":"max-image-preview:large","max-video-preview":"max-video-preview:-1"},"canonical":"https:\/\/sysmatec.ch\/de\/produit\/einweg-4g-echtzeit-datenlogger-glog4\/","og_locale":"de_DE","og_type":"article","og_title":"Einweg-4G-Echtzeit-Datenlogger Glog4 - Sysmatec","og_description":"Einweg-4G-Temperaturlogger f\u00fcr den Transport. Es funktioniert im Mobilfunknetz. Es kann auch Licht registrieren.","og_url":"https:\/\/sysmatec.ch\/de\/produit\/einweg-4g-echtzeit-datenlogger-glog4\/","og_site_name":"Sysmatec","article_modified_time":"2021-12-02T16:43:33+00:00","og_image":[{"width":239,"height":249,"url":"https:\/\/sysmatec.ch\/wp-content\/uploads\/2021\/01\/TemperatureDataloggerGlog2-1.jpg","type":"image\/jpeg"}],"twitter_card":"summary_large_image","twitter_misc":{"Gesch\u00e4tzte Lesezeit":"1\u00a0Minute"},"schema":{"@context":"https:\/\/schema.org","@graph":[{"@type":"WebPage","@id":"https:\/\/sysmatec.ch\/de\/produit\/einweg-4g-echtzeit-datenlogger-glog4\/","url":"https:\/\/sysmatec.ch\/de\/produit\/einweg-4g-echtzeit-datenlogger-glog4\/","name":"Einweg-4G-Echtzeit-Datenlogger Glog4 - Sysmatec","isPartOf":{"@id":"https:\/\/sysmatec.ch\/de\/#website"},"primaryImageOfPage":{"@id":"https:\/\/sysmatec.ch\/de\/produit\/einweg-4g-echtzeit-datenlogger-glog4\/#primaryimage"},"image":{"@id":"https:\/\/sysmatec.ch\/de\/produit\/einweg-4g-echtzeit-datenlogger-glog4\/#primaryimage"},"thumbnailUrl":"https:\/\/sysmatec.ch\/wp-content\/uploads\/2021\/01\/TemperatureDataloggerGlog2-1.jpg","datePublished":"2021-01-31T14:18:10+00:00","dateModified":"2021-12-02T16:43:33+00:00","description":"Einweg-4G-Temperaturlogger f\u00fcr den Transport. Es funktioniert im Mobilfunknetz. Es kann auch Licht registrieren.","breadcrumb":{"@id":"https:\/\/sysmatec.ch\/de\/produit\/einweg-4g-echtzeit-datenlogger-glog4\/#breadcrumb"},"inLanguage":"de","potentialAction":[{"@type":"ReadAction","target":["https:\/\/sysmatec.ch\/de\/produit\/einweg-4g-echtzeit-datenlogger-glog4\/"]}]},{"@type":"ImageObject","inLanguage":"de","@id":"https:\/\/sysmatec.ch\/de\/produit\/einweg-4g-echtzeit-datenlogger-glog4\/#primaryimage","url":"https:\/\/sysmatec.ch\/wp-content\/uploads\/2021\/01\/TemperatureDataloggerGlog2-1.jpg","contentUrl":"https:\/\/sysmatec.ch\/wp-content\/uploads\/2021\/01\/TemperatureDataloggerGlog2-1.jpg","width":239,"height":249},{"@type":"BreadcrumbList","@id":"https:\/\/sysmatec.ch\/de\/produit\/einweg-4g-echtzeit-datenlogger-glog4\/#breadcrumb","itemListElement":[{"@type":"ListItem","position":1,"name":"Accueil","item":"https:\/\/sysmatec.ch\/de\/"},{"@type":"ListItem","position":2,"name":"Die Aktivit\u00e4t von Sysmatec","item":"https:\/\/sysmatec.ch\/de\/"},{"@type":"ListItem","position":3,"name":"Einweg-4G-Echtzeit-Datenlogger Glog4"}]},{"@type":"WebSite","@id":"https:\/\/sysmatec.ch\/de\/#website","url":"https:\/\/sysmatec.ch\/de\/","name":"Sysmatec","description":"Equipement de laboratoire et logiciels","publisher":{"@id":"https:\/\/sysmatec.ch\/de\/#organization"},"potentialAction":[{"@type":"SearchAction","target":{"@type":"EntryPoint","urlTemplate":"https:\/\/sysmatec.ch\/de\/?s={search_term_string}"},"query-input":{"@type":"PropertyValueSpecification","valueRequired":true,"valueName":"search_term_string"}}],"inLanguage":"de"},{"@type":"Organization","@id":"https:\/\/sysmatec.ch\/de\/#organization","name":"Sysmatec","url":"https:\/\/sysmatec.ch\/de\/","logo":{"@type":"ImageObject","inLanguage":"de","@id":"https:\/\/sysmatec.ch\/de\/#\/schema\/logo\/image\/","url":"https:\/\/sysmatec.ch\/wp-content\/uploads\/2018\/11\/LogoSysmatec.jpg","contentUrl":"https:\/\/sysmatec.ch\/wp-content\/uploads\/2018\/11\/LogoSysmatec.jpg","width":301,"height":297,"caption":"Sysmatec"},"image":{"@id":"https:\/\/sysmatec.ch\/de\/#\/schema\/logo\/image\/"}}]}},"_links":{"self":[{"href":"https:\/\/sysmatec.ch\/de\/wp-json\/wp\/v2\/product\/21979","targetHints":{"allow":["GET"]}}],"collection":[{"href":"https:\/\/sysmatec.ch\/de\/wp-json\/wp\/v2\/product"}],"about":[{"href":"https:\/\/sysmatec.ch\/de\/wp-json\/wp\/v2\/types\/product"}],"wp:featuredmedia":[{"embeddable":true,"href":"https:\/\/sysmatec.ch\/de\/wp-json\/wp\/v2\/media\/21986"}],"wp:attachment":[{"href":"https:\/\/sysmatec.ch\/de\/wp-json\/wp\/v2\/media?parent=21979"}],"wp:term":[{"taxonomy":"product_brand","embeddable":true,"href":"https:\/\/sysmatec.ch\/de\/wp-json\/wp\/v2\/product_brand?post=21979"},{"taxonomy":"product_cat","embeddable":true,"href":"https:\/\/sysmatec.ch\/de\/wp-json\/wp\/v2\/product_cat?post=21979"},{"taxonomy":"product_tag","embeddable":true,"href":"https:\/\/sysmatec.ch\/de\/wp-json\/wp\/v2\/product_tag?post=21979"}],"curies":[{"name":"wp","href":"https:\/\/api.w.org\/{rel}","templated":true}]}}