{"id":2197,"date":"2019-01-13T19:16:04","date_gmt":"2019-01-13T18:16:04","guid":{"rendered":"https:\/\/sysmatec.ch\/produit\/pipette-monocanal-de-la-serie-comfort\/"},"modified":"2022-03-09T18:01:59","modified_gmt":"2022-03-09T17:01:59","slug":"einkanal-pipette-serie-comfort","status":"publish","type":"product","link":"https:\/\/sysmatec.ch\/de\/Produkt\/einkanal-pipette-serie-comfort\/","title":{"rendered":"Einkanal Pipette Serie &#8218;Comfort&#8216;"},"content":{"rendered":"<p>Eine der Hauptsachen f\u00fcr Schmerzen und Verletzungen durch einseitige, repetitive Beanspruchung als Folge des Pipettierens ist die erhebliche Arbeitsbelastung des Daumens. Die CappAero Confort wirkt diesen Verletzungsrisiken gegen, da sie die Arbeitsbelastung des Daumens um bis 70 % im Vergleich zu herk\u00f6mmlichen manuellen Pipetten reduziert.<\/p>\n<p>Diese Ergebnis wurde erzielt, indem ein eigener Griff f\u00fcr den Abwurf der Pipettenspitze eingef\u00fchrt wurde, der somit einen betr\u00e4chtlichen teil der Arbeitsbelastung vom Daumen auf die \u00fcbrige Finger verlagert, sowie durch eine Reduktion des n\u00f6tige Krafteinsatzes des Daumen beim Ansaugen und Dispensieren. Dadurch wird insgesamt die Arbeitsbelastung des Daumens auf ein Minimum gesenkt.<\/p>\n<table border=\"1\" width=\"381\" cellspacing=\"0\" cellpadding=\"0\">\n<tbody>\n<tr>\n<td>Standard Line<\/td>\n<td>Soft Line<\/td>\n<td>Volum<\/td>\n<td>Farbekode<\/td>\n<\/tr>\n<tr>\n<td>10-1AZ<\/td>\n<td>SL10-1AZ<\/td>\n<td>0,5-10 ul<\/td>\n<td>violet<\/td>\n<\/tr>\n<tr>\n<td>50-1AZ<\/td>\n<td>SL50-1CZ<\/td>\n<td>5-50 ul<\/td>\n<td>rot<\/td>\n<\/tr>\n<tr>\n<td>100-1AZ<\/td>\n<td>SL100-1CZ<\/td>\n<td>10-100 ul<\/td>\n<td>orange<\/td>\n<\/tr>\n<tr>\n<td>200-1AZ<\/td>\n<td>SL200-1CZ<\/td>\n<td>20-200 ul<\/td>\n<td>gelb<\/td>\n<\/tr>\n<tr>\n<td>1000-1AZ<\/td>\n<td>SL1000-1CZ<\/td>\n<td>100-1000 ul<\/td>\n<td>blau<\/td>\n<\/tr>\n<tr>\n<td>5000-1AZ<\/td>\n<td>SL5000-1CZ<\/td>\n<td>1-5 ml<\/td>\n<td>gr\u00fcn<\/td>\n<\/tr>\n<\/tbody>\n<\/table>\n<p>Pipettespitze sind auf der Seite <a href=\"https:\/\/sysmatec.ch\/German\/dA8_Verbrauchsmaterial.html\">Verbrauchsmaterial<\/a> vorgestellt.<\/p>\n","protected":false},"excerpt":{"rendered":"<p><span class=\"VIiyi\" lang=\"de\"><span class=\"JLqJ4b ChMk0b\" data-language-for-alternatives=\"de\" data-language-to-translate-into=\"fr\" data-phrase-index=\"3\" data-number-of-phrases=\"4\">Einkanalpipette mit Hebel.<\/span><\/span><\/p>\n","protected":false},"featured_media":1281,"template":"","meta":{"_crdt_document":""},"product_brand":[],"product_cat":[129],"product_tag":[],"class_list":{"0":"post-2197","1":"product","2":"type-product","3":"status-publish","4":"has-post-thumbnail","6":"product_cat-pipette-de","8":"first","9":"instock","10":"taxable","11":"shipping-taxable","12":"product-type-simple"},"yoast_head":"<!-- This site is optimized with the Yoast SEO plugin v27.3 - https:\/\/yoast.com\/product\/yoast-seo-wordpress\/ -->\n<title>Einkanal Pipette Serie &#039;Comfort&#039; - Sysmatec<\/title>\n<meta name=\"description\" content=\"Einkanalpipette zur Verringerung der Erm\u00fcdung bei langem Gebrauch dank eines Hebels zum Abwerfen der Spitzen. Das Volumen reicht von 0,5-10 ul bis 1-5 ml.\" \/>\n<meta name=\"robots\" content=\"index, follow, max-snippet:-1, max-image-preview:large, max-video-preview:-1\" \/>\n<link rel=\"canonical\" href=\"https:\/\/sysmatec.ch\/de\/produit\/einkanal-pipette-serie-comfort\/\" \/>\n<meta property=\"og:locale\" content=\"de_DE\" \/>\n<meta property=\"og:type\" content=\"article\" \/>\n<meta property=\"og:title\" content=\"Einkanal Pipette Serie &#039;Comfort&#039; - Sysmatec\" \/>\n<meta property=\"og:description\" content=\"Einkanalpipette zur Verringerung der Erm\u00fcdung bei langem Gebrauch dank eines Hebels zum Abwerfen der Spitzen. Das Volumen reicht von 0,5-10 ul bis 1-5 ml.\" \/>\n<meta property=\"og:url\" content=\"https:\/\/sysmatec.ch\/de\/produit\/einkanal-pipette-serie-comfort\/\" \/>\n<meta property=\"og:site_name\" content=\"Sysmatec\" \/>\n<meta property=\"article:modified_time\" content=\"2022-03-09T17:01:59+00:00\" \/>\n<meta property=\"og:image\" content=\"https:\/\/sysmatec.ch\/wp-content\/uploads\/2019\/01\/Pipette_CappComfort.gif\" \/>\n\t<meta property=\"og:image:width\" content=\"133\" \/>\n\t<meta property=\"og:image:height\" content=\"200\" \/>\n\t<meta property=\"og:image:type\" content=\"image\/gif\" \/>\n<meta name=\"twitter:card\" content=\"summary_large_image\" \/>\n<meta name=\"twitter:label1\" content=\"Gesch\u00e4tzte Lesezeit\" \/>\n\t<meta name=\"twitter:data1\" content=\"1\u00a0Minute\" \/>\n<script type=\"application\/ld+json\" class=\"yoast-schema-graph\">{\"@context\":\"https:\\\/\\\/schema.org\",\"@graph\":[{\"@type\":\"WebPage\",\"@id\":\"https:\\\/\\\/sysmatec.ch\\\/de\\\/produit\\\/einkanal-pipette-serie-comfort\\\/\",\"url\":\"https:\\\/\\\/sysmatec.ch\\\/de\\\/produit\\\/einkanal-pipette-serie-comfort\\\/\",\"name\":\"Einkanal Pipette Serie 'Comfort' - Sysmatec\",\"isPartOf\":{\"@id\":\"https:\\\/\\\/sysmatec.ch\\\/de\\\/#website\"},\"primaryImageOfPage\":{\"@id\":\"https:\\\/\\\/sysmatec.ch\\\/de\\\/produit\\\/einkanal-pipette-serie-comfort\\\/#primaryimage\"},\"image\":{\"@id\":\"https:\\\/\\\/sysmatec.ch\\\/de\\\/produit\\\/einkanal-pipette-serie-comfort\\\/#primaryimage\"},\"thumbnailUrl\":\"https:\\\/\\\/sysmatec.ch\\\/wp-content\\\/uploads\\\/2019\\\/01\\\/Pipette_CappComfort.gif\",\"datePublished\":\"2019-01-13T18:16:04+00:00\",\"dateModified\":\"2022-03-09T17:01:59+00:00\",\"description\":\"Einkanalpipette zur Verringerung der Erm\u00fcdung bei langem Gebrauch dank eines Hebels zum Abwerfen der Spitzen. Das Volumen reicht von 0,5-10 ul bis 1-5 ml.\",\"breadcrumb\":{\"@id\":\"https:\\\/\\\/sysmatec.ch\\\/de\\\/produit\\\/einkanal-pipette-serie-comfort\\\/#breadcrumb\"},\"inLanguage\":\"de\",\"potentialAction\":[{\"@type\":\"ReadAction\",\"target\":[\"https:\\\/\\\/sysmatec.ch\\\/de\\\/produit\\\/einkanal-pipette-serie-comfort\\\/\"]}]},{\"@type\":\"ImageObject\",\"inLanguage\":\"de\",\"@id\":\"https:\\\/\\\/sysmatec.ch\\\/de\\\/produit\\\/einkanal-pipette-serie-comfort\\\/#primaryimage\",\"url\":\"https:\\\/\\\/sysmatec.ch\\\/wp-content\\\/uploads\\\/2019\\\/01\\\/Pipette_CappComfort.gif\",\"contentUrl\":\"https:\\\/\\\/sysmatec.ch\\\/wp-content\\\/uploads\\\/2019\\\/01\\\/Pipette_CappComfort.gif\",\"width\":133,\"height\":200},{\"@type\":\"BreadcrumbList\",\"@id\":\"https:\\\/\\\/sysmatec.ch\\\/de\\\/produit\\\/einkanal-pipette-serie-comfort\\\/#breadcrumb\",\"itemListElement\":[{\"@type\":\"ListItem\",\"position\":1,\"name\":\"Accueil\",\"item\":\"https:\\\/\\\/sysmatec.ch\\\/de\\\/\"},{\"@type\":\"ListItem\",\"position\":2,\"name\":\"Die Aktivit\u00e4t von Sysmatec\",\"item\":\"https:\\\/\\\/sysmatec.ch\\\/de\\\/\"},{\"@type\":\"ListItem\",\"position\":3,\"name\":\"Einkanal Pipette Serie &#8218;Comfort&#8216;\"}]},{\"@type\":\"WebSite\",\"@id\":\"https:\\\/\\\/sysmatec.ch\\\/de\\\/#website\",\"url\":\"https:\\\/\\\/sysmatec.ch\\\/de\\\/\",\"name\":\"Sysmatec\",\"description\":\"Equipement de laboratoire et logiciels\",\"publisher\":{\"@id\":\"https:\\\/\\\/sysmatec.ch\\\/de\\\/#organization\"},\"potentialAction\":[{\"@type\":\"SearchAction\",\"target\":{\"@type\":\"EntryPoint\",\"urlTemplate\":\"https:\\\/\\\/sysmatec.ch\\\/de\\\/?s={search_term_string}\"},\"query-input\":{\"@type\":\"PropertyValueSpecification\",\"valueRequired\":true,\"valueName\":\"search_term_string\"}}],\"inLanguage\":\"de\"},{\"@type\":\"Organization\",\"@id\":\"https:\\\/\\\/sysmatec.ch\\\/de\\\/#organization\",\"name\":\"Sysmatec\",\"url\":\"https:\\\/\\\/sysmatec.ch\\\/de\\\/\",\"logo\":{\"@type\":\"ImageObject\",\"inLanguage\":\"de\",\"@id\":\"https:\\\/\\\/sysmatec.ch\\\/de\\\/#\\\/schema\\\/logo\\\/image\\\/\",\"url\":\"https:\\\/\\\/sysmatec.ch\\\/wp-content\\\/uploads\\\/2018\\\/11\\\/LogoSysmatec.jpg\",\"contentUrl\":\"https:\\\/\\\/sysmatec.ch\\\/wp-content\\\/uploads\\\/2018\\\/11\\\/LogoSysmatec.jpg\",\"width\":301,\"height\":297,\"caption\":\"Sysmatec\"},\"image\":{\"@id\":\"https:\\\/\\\/sysmatec.ch\\\/de\\\/#\\\/schema\\\/logo\\\/image\\\/\"}}]}<\/script>\n<!-- \/ Yoast SEO plugin. -->","yoast_head_json":{"title":"Einkanal Pipette Serie 'Comfort' - Sysmatec","description":"Einkanalpipette zur Verringerung der Erm\u00fcdung bei langem Gebrauch dank eines Hebels zum Abwerfen der Spitzen. Das Volumen reicht von 0,5-10 ul bis 1-5 ml.","robots":{"index":"index","follow":"follow","max-snippet":"max-snippet:-1","max-image-preview":"max-image-preview:large","max-video-preview":"max-video-preview:-1"},"canonical":"https:\/\/sysmatec.ch\/de\/produit\/einkanal-pipette-serie-comfort\/","og_locale":"de_DE","og_type":"article","og_title":"Einkanal Pipette Serie 'Comfort' - Sysmatec","og_description":"Einkanalpipette zur Verringerung der Erm\u00fcdung bei langem Gebrauch dank eines Hebels zum Abwerfen der Spitzen. Das Volumen reicht von 0,5-10 ul bis 1-5 ml.","og_url":"https:\/\/sysmatec.ch\/de\/produit\/einkanal-pipette-serie-comfort\/","og_site_name":"Sysmatec","article_modified_time":"2022-03-09T17:01:59+00:00","og_image":[{"width":133,"height":200,"url":"https:\/\/sysmatec.ch\/wp-content\/uploads\/2019\/01\/Pipette_CappComfort.gif","type":"image\/gif"}],"twitter_card":"summary_large_image","twitter_misc":{"Gesch\u00e4tzte Lesezeit":"1\u00a0Minute"},"schema":{"@context":"https:\/\/schema.org","@graph":[{"@type":"WebPage","@id":"https:\/\/sysmatec.ch\/de\/produit\/einkanal-pipette-serie-comfort\/","url":"https:\/\/sysmatec.ch\/de\/produit\/einkanal-pipette-serie-comfort\/","name":"Einkanal Pipette Serie 'Comfort' - Sysmatec","isPartOf":{"@id":"https:\/\/sysmatec.ch\/de\/#website"},"primaryImageOfPage":{"@id":"https:\/\/sysmatec.ch\/de\/produit\/einkanal-pipette-serie-comfort\/#primaryimage"},"image":{"@id":"https:\/\/sysmatec.ch\/de\/produit\/einkanal-pipette-serie-comfort\/#primaryimage"},"thumbnailUrl":"https:\/\/sysmatec.ch\/wp-content\/uploads\/2019\/01\/Pipette_CappComfort.gif","datePublished":"2019-01-13T18:16:04+00:00","dateModified":"2022-03-09T17:01:59+00:00","description":"Einkanalpipette zur Verringerung der Erm\u00fcdung bei langem Gebrauch dank eines Hebels zum Abwerfen der Spitzen. Das Volumen reicht von 0,5-10 ul bis 1-5 ml.","breadcrumb":{"@id":"https:\/\/sysmatec.ch\/de\/produit\/einkanal-pipette-serie-comfort\/#breadcrumb"},"inLanguage":"de","potentialAction":[{"@type":"ReadAction","target":["https:\/\/sysmatec.ch\/de\/produit\/einkanal-pipette-serie-comfort\/"]}]},{"@type":"ImageObject","inLanguage":"de","@id":"https:\/\/sysmatec.ch\/de\/produit\/einkanal-pipette-serie-comfort\/#primaryimage","url":"https:\/\/sysmatec.ch\/wp-content\/uploads\/2019\/01\/Pipette_CappComfort.gif","contentUrl":"https:\/\/sysmatec.ch\/wp-content\/uploads\/2019\/01\/Pipette_CappComfort.gif","width":133,"height":200},{"@type":"BreadcrumbList","@id":"https:\/\/sysmatec.ch\/de\/produit\/einkanal-pipette-serie-comfort\/#breadcrumb","itemListElement":[{"@type":"ListItem","position":1,"name":"Accueil","item":"https:\/\/sysmatec.ch\/de\/"},{"@type":"ListItem","position":2,"name":"Die Aktivit\u00e4t von Sysmatec","item":"https:\/\/sysmatec.ch\/de\/"},{"@type":"ListItem","position":3,"name":"Einkanal Pipette Serie &#8218;Comfort&#8216;"}]},{"@type":"WebSite","@id":"https:\/\/sysmatec.ch\/de\/#website","url":"https:\/\/sysmatec.ch\/de\/","name":"Sysmatec","description":"Equipement de laboratoire et logiciels","publisher":{"@id":"https:\/\/sysmatec.ch\/de\/#organization"},"potentialAction":[{"@type":"SearchAction","target":{"@type":"EntryPoint","urlTemplate":"https:\/\/sysmatec.ch\/de\/?s={search_term_string}"},"query-input":{"@type":"PropertyValueSpecification","valueRequired":true,"valueName":"search_term_string"}}],"inLanguage":"de"},{"@type":"Organization","@id":"https:\/\/sysmatec.ch\/de\/#organization","name":"Sysmatec","url":"https:\/\/sysmatec.ch\/de\/","logo":{"@type":"ImageObject","inLanguage":"de","@id":"https:\/\/sysmatec.ch\/de\/#\/schema\/logo\/image\/","url":"https:\/\/sysmatec.ch\/wp-content\/uploads\/2018\/11\/LogoSysmatec.jpg","contentUrl":"https:\/\/sysmatec.ch\/wp-content\/uploads\/2018\/11\/LogoSysmatec.jpg","width":301,"height":297,"caption":"Sysmatec"},"image":{"@id":"https:\/\/sysmatec.ch\/de\/#\/schema\/logo\/image\/"}}]}},"_links":{"self":[{"href":"https:\/\/sysmatec.ch\/de\/wp-json\/wp\/v2\/product\/2197","targetHints":{"allow":["GET"]}}],"collection":[{"href":"https:\/\/sysmatec.ch\/de\/wp-json\/wp\/v2\/product"}],"about":[{"href":"https:\/\/sysmatec.ch\/de\/wp-json\/wp\/v2\/types\/product"}],"wp:featuredmedia":[{"embeddable":true,"href":"https:\/\/sysmatec.ch\/de\/wp-json\/wp\/v2\/media\/1281"}],"wp:attachment":[{"href":"https:\/\/sysmatec.ch\/de\/wp-json\/wp\/v2\/media?parent=2197"}],"wp:term":[{"taxonomy":"product_brand","embeddable":true,"href":"https:\/\/sysmatec.ch\/de\/wp-json\/wp\/v2\/product_brand?post=2197"},{"taxonomy":"product_cat","embeddable":true,"href":"https:\/\/sysmatec.ch\/de\/wp-json\/wp\/v2\/product_cat?post=2197"},{"taxonomy":"product_tag","embeddable":true,"href":"https:\/\/sysmatec.ch\/de\/wp-json\/wp\/v2\/product_tag?post=2197"}],"curies":[{"name":"wp","href":"https:\/\/api.w.org\/{rel}","templated":true}]}}