{"id":21957,"date":"2021-01-19T20:22:41","date_gmt":"2021-01-19T19:22:41","guid":{"rendered":"https:\/\/sysmatec.ch\/?post_type=product&#038;p=21957"},"modified":"2021-12-02T18:56:23","modified_gmt":"2021-12-02T17:56:23","slug":"pcr-und-qpcr-platten-96-x-0-1-ml-und-96-x-0-2-ml-myplate-pcr","status":"publish","type":"product","link":"https:\/\/sysmatec.ch\/de\/Produkt\/pcr-und-qpcr-platten-96-x-0-1-ml-und-96-x-0-2-ml-myplate-pcr\/","title":{"rendered":"PCR und qPCR Platten 96 x 0.1 mL und 96 x 0.2 mL myPlate PCR"},"content":{"rendered":"<p>Optimales Format \u2013 passt in verschiedene Thermocycler<br \/>\nOptische Messung \u2013 hohe Transparenz der PCRPlatten erlaubt den Einsatz f\u00fcr Applikationen, bei<br \/>\ndenen das optische qPCR-Signal vom Boden der Platte kommt<br \/>\nMaximale Probenr\u00fcckgewinnung \u2013 der V-Boden erm\u00f6glicht durch seine zugespitzte Form eine<br \/>\nvereinfachte Probenaufnahme<br \/>\nGeringe Bindung \u2013 Reduzierung der Anhaftung von Proteinen auf ein Minimum<br \/>\nSterile Handhabung &#8211; jede Charge wird unter strengen sterilen Bedingungen gefertigt<br \/>\nVerschlie\u00dfbar \u2013 mit Einwegkleber zum sicheren Verschlie\u00dfen der PCR-Platte<br \/>\nVersionen \u2013 erh\u00e4ltlich als Niedrigprofil-PCR-Platte mit 0.1mL Well-Kapazit\u00e4t und als Standardprofil-PCR-Platte mit 0,2mL Well-Kapazit\u00e4t<br \/>\nKompatibilit\u00e4tstabelle auf Anfrage erh\u00e4ltlich<\/p>\n<p>Metallfrei<\/p>\n<p>Steriliseribar bei 121 \u00b0C, 15 Minuten<\/p>\n<h2 class=\"vc_custom_heading\">PCR und qPCR Platten Spezifikation<\/h2>\n<div class=\"vc_separator wpb_content_element vc_separator_align_center vc_sep_width_50 vc_sep_pos_align_left vc_separator_no_text vc_sep_color_white vc_custom_1530196657581 vc_custom_1530196657581\"><\/div>\n<div class=\"wpb_text_column wpb_content_element \">\n<div class=\"wpb_wrapper\">\n<table id=\"tablepress-DE-pcr-plates\" class=\"tablepress tablepress-id-DE-pcr-plates\">\n<thead>\n<tr class=\"row-1\">\n<th class=\"column-1\">Volumen<\/th>\n<th class=\"column-2\">H\u00f6he<\/th>\n<th class=\"column-3\">Farbe<\/th>\n<th class=\"column-4\">Sterilisiert<\/th>\n<th class=\"column-5\">Verpackung<\/th>\n<th class=\"column-6\">VE<\/th>\n<th class=\"column-7\">Kat.-Nr.<\/th>\n<\/tr>\n<\/thead>\n<tbody>\n<tr class=\"row-2\">\n<td class=\"column-1\">96 x 0,1 mL (PCR und qPCR)<br \/>\nohne Rahmen<\/td>\n<td class=\"column-2\">16,6 mm<\/td>\n<td class=\"column-3\">klar<\/td>\n<td class=\"column-4\"><\/td>\n<td class=\"column-5\">Beutel<\/td>\n<td class=\"column-6\">8&#215;25<\/td>\n<td class=\"column-7\">3-046-00-0<\/td>\n<\/tr>\n<tr class=\"row-3\">\n<td class=\"column-1\">96 x 0,1 mL (qPCR)<br \/>\nmit Halbrahmen<\/td>\n<td class=\"column-2\">16.6 mm<\/td>\n<td class=\"column-3\">milchig<\/td>\n<td class=\"column-4\"><\/td>\n<td class=\"column-5\">Beutel<\/td>\n<td class=\"column-6\">5x5x10<\/td>\n<td class=\"column-7\">3-046-01-0<\/td>\n<\/tr>\n<tr class=\"row-4\">\n<td class=\"column-1\">96 x 0.1 mL (qPCR)<br \/>\nmit Halbrahmen<\/td>\n<td class=\"column-2\">16.0 mm<\/td>\n<td class=\"column-3\">milchig<\/td>\n<td class=\"column-4\"><\/td>\n<td class=\"column-5\">Beutel<\/td>\n<td class=\"column-6\">5x5x10<\/td>\n<td class=\"column-7\">3-046-02-0<\/td>\n<\/tr>\n<tr class=\"row-5\">\n<td class=\"column-1\">96 x 0.1 mL (qPCR)<br \/>\nmit Halbrahmen<\/td>\n<td class=\"column-2\">16.0 mm<\/td>\n<td class=\"column-3\">wei\u00df<\/td>\n<td class=\"column-4\"><\/td>\n<td class=\"column-5\">Beutel<\/td>\n<td class=\"column-6\">5x5x10<\/td>\n<td class=\"column-7\">3-046-03-9<\/td>\n<\/tr>\n<tr class=\"row-6\">\n<td class=\"column-1\">96 x 0.2 mL (PCR)<br \/>\nohne Rahmen<\/td>\n<td class=\"column-2\">21.00 mm<\/td>\n<td class=\"column-3\">klar<\/td>\n<td class=\"column-4\"><\/td>\n<td class=\"column-5\">Beutel<\/td>\n<td class=\"column-6\">8&#215;25<\/td>\n<td class=\"column-7\">3-045-00-0<\/td>\n<\/tr>\n<tr class=\"row-7\">\n<td class=\"column-1\">96 x 0.2 mL (PCR)<br \/>\nohne Rahmen<\/td>\n<td class=\"column-2\">21.0 mm<\/td>\n<td class=\"column-3\">klar<\/td>\n<td class=\"column-4\"><\/td>\n<td class=\"column-5\">Beutel<\/td>\n<td class=\"column-6\">5x5x10<\/td>\n<td class=\"column-7\">3-047-01-0<\/td>\n<\/tr>\n<tr class=\"row-8\">\n<td class=\"column-1\">96 x 0.2 mL (qPCR)<br \/>\nmit Halbrahmen<\/td>\n<td class=\"column-2\">21.0 mm<\/td>\n<td class=\"column-3\">klar<\/td>\n<td class=\"column-4\"><\/td>\n<td class=\"column-5\">Beutel<\/td>\n<td class=\"column-6\">5x5x10<\/td>\n<td class=\"column-7\">3-047-02-0<\/td>\n<\/tr>\n<tr class=\"row-9\">\n<td class=\"column-1\">96 x 0.2 mL (qPCR)<br \/>\nmit Halbrahmen<\/td>\n<td class=\"column-2\">21.0 mm<\/td>\n<td class=\"column-3\">klar<\/td>\n<td class=\"column-4\"><\/td>\n<td class=\"column-5\">Beutel<\/td>\n<td class=\"column-6\">5x5x10<\/td>\n<td class=\"column-7\">3-047-03-0<\/td>\n<\/tr>\n<\/tbody>\n<\/table>\n<\/div>\n<\/div>\n","protected":false},"excerpt":{"rendered":"<p><span class=\"JLqJ4b ChMk0b\" data-language-for-alternatives=\"de\" data-language-to-translate-into=\"en\" data-phrase-index=\"0\">PCR- und qPCR-Platten, 96 x 0,1 ml und 96 x 0,2 ml, metallfrei.<\/span> <span class=\"JLqJ4b ChMk0b\" data-language-for-alternatives=\"de\" data-language-to-translate-into=\"en\" data-phrase-index=\"1\">Sie sind sterilisierbar.<\/span> <span class=\"JLqJ4b ChMk0b\" data-language-for-alternatives=\"de\" data-language-to-translate-into=\"en\" data-phrase-index=\"2\">Sie haben eine verringerte Proteinretention.<\/span><\/p>\n","protected":false},"featured_media":21961,"template":"","meta":{"_crdt_document":""},"product_brand":[],"product_cat":[279,388],"product_tag":[],"class_list":{"0":"post-21957","1":"product","2":"type-product","3":"status-publish","4":"has-post-thumbnail","6":"product_cat-verbrauchsmaterial","7":"product_cat-verteilung","9":"first","10":"instock","11":"taxable","12":"shipping-taxable","13":"product-type-simple"},"yoast_head":"<!-- This site is optimized with the Yoast SEO plugin v27.4 - https:\/\/yoast.com\/product\/yoast-seo-wordpress\/ -->\n<title>PCR und qPCR Platten 96 x 0.1 mL und 96 x 0.2 mL myPlate PCR - Sysmatec<\/title>\n<meta name=\"description\" content=\"PCR- und qPCR-Platten, 96 x 0,1 ml und 96 x 0,2 ml, metallfrei, sterilisierbar, geringe Retention\" \/>\n<meta name=\"robots\" content=\"index, follow, max-snippet:-1, max-image-preview:large, max-video-preview:-1\" \/>\n<link rel=\"canonical\" href=\"https:\/\/sysmatec.ch\/de\/produit\/pcr-und-qpcr-platten-96-x-0-1-ml-und-96-x-0-2-ml-myplate-pcr\/\" \/>\n<meta property=\"og:locale\" content=\"de_DE\" \/>\n<meta property=\"og:type\" content=\"article\" \/>\n<meta property=\"og:title\" content=\"PCR und qPCR Platten 96 x 0.1 mL und 96 x 0.2 mL myPlate PCR - Sysmatec\" \/>\n<meta property=\"og:description\" content=\"PCR- und qPCR-Platten, 96 x 0,1 ml und 96 x 0,2 ml, metallfrei, sterilisierbar, geringe Retention\" \/>\n<meta property=\"og:url\" content=\"https:\/\/sysmatec.ch\/de\/produit\/pcr-und-qpcr-platten-96-x-0-1-ml-und-96-x-0-2-ml-myplate-pcr\/\" \/>\n<meta property=\"og:site_name\" content=\"Sysmatec\" \/>\n<meta property=\"article:modified_time\" content=\"2021-12-02T17:56:23+00:00\" \/>\n<meta property=\"og:image\" content=\"https:\/\/sysmatec.ch\/wp-content\/uploads\/2021\/01\/PCRPlate_Ahn.jpg\" \/>\n\t<meta property=\"og:image:width\" content=\"394\" \/>\n\t<meta property=\"og:image:height\" content=\"428\" \/>\n\t<meta property=\"og:image:type\" content=\"image\/jpeg\" \/>\n<meta name=\"twitter:card\" content=\"summary_large_image\" \/>\n<meta name=\"twitter:label1\" content=\"Gesch\u00e4tzte Lesezeit\" \/>\n\t<meta name=\"twitter:data1\" content=\"1\u00a0Minute\" \/>\n<script type=\"application\/ld+json\" class=\"yoast-schema-graph\">{\"@context\":\"https:\\\/\\\/schema.org\",\"@graph\":[{\"@type\":\"WebPage\",\"@id\":\"https:\\\/\\\/sysmatec.ch\\\/de\\\/produit\\\/pcr-und-qpcr-platten-96-x-0-1-ml-und-96-x-0-2-ml-myplate-pcr\\\/\",\"url\":\"https:\\\/\\\/sysmatec.ch\\\/de\\\/produit\\\/pcr-und-qpcr-platten-96-x-0-1-ml-und-96-x-0-2-ml-myplate-pcr\\\/\",\"name\":\"PCR und qPCR Platten 96 x 0.1 mL und 96 x 0.2 mL myPlate PCR - Sysmatec\",\"isPartOf\":{\"@id\":\"https:\\\/\\\/sysmatec.ch\\\/de\\\/#website\"},\"primaryImageOfPage\":{\"@id\":\"https:\\\/\\\/sysmatec.ch\\\/de\\\/produit\\\/pcr-und-qpcr-platten-96-x-0-1-ml-und-96-x-0-2-ml-myplate-pcr\\\/#primaryimage\"},\"image\":{\"@id\":\"https:\\\/\\\/sysmatec.ch\\\/de\\\/produit\\\/pcr-und-qpcr-platten-96-x-0-1-ml-und-96-x-0-2-ml-myplate-pcr\\\/#primaryimage\"},\"thumbnailUrl\":\"https:\\\/\\\/sysmatec.ch\\\/wp-content\\\/uploads\\\/2021\\\/01\\\/PCRPlate_Ahn.jpg\",\"datePublished\":\"2021-01-19T19:22:41+00:00\",\"dateModified\":\"2021-12-02T17:56:23+00:00\",\"description\":\"PCR- und qPCR-Platten, 96 x 0,1 ml und 96 x 0,2 ml, metallfrei, sterilisierbar, geringe Retention\",\"breadcrumb\":{\"@id\":\"https:\\\/\\\/sysmatec.ch\\\/de\\\/produit\\\/pcr-und-qpcr-platten-96-x-0-1-ml-und-96-x-0-2-ml-myplate-pcr\\\/#breadcrumb\"},\"inLanguage\":\"de\",\"potentialAction\":[{\"@type\":\"ReadAction\",\"target\":[\"https:\\\/\\\/sysmatec.ch\\\/de\\\/produit\\\/pcr-und-qpcr-platten-96-x-0-1-ml-und-96-x-0-2-ml-myplate-pcr\\\/\"]}]},{\"@type\":\"ImageObject\",\"inLanguage\":\"de\",\"@id\":\"https:\\\/\\\/sysmatec.ch\\\/de\\\/produit\\\/pcr-und-qpcr-platten-96-x-0-1-ml-und-96-x-0-2-ml-myplate-pcr\\\/#primaryimage\",\"url\":\"https:\\\/\\\/sysmatec.ch\\\/wp-content\\\/uploads\\\/2021\\\/01\\\/PCRPlate_Ahn.jpg\",\"contentUrl\":\"https:\\\/\\\/sysmatec.ch\\\/wp-content\\\/uploads\\\/2021\\\/01\\\/PCRPlate_Ahn.jpg\",\"width\":394,\"height\":428},{\"@type\":\"BreadcrumbList\",\"@id\":\"https:\\\/\\\/sysmatec.ch\\\/de\\\/produit\\\/pcr-und-qpcr-platten-96-x-0-1-ml-und-96-x-0-2-ml-myplate-pcr\\\/#breadcrumb\",\"itemListElement\":[{\"@type\":\"ListItem\",\"position\":1,\"name\":\"Accueil\",\"item\":\"https:\\\/\\\/sysmatec.ch\\\/de\\\/\"},{\"@type\":\"ListItem\",\"position\":2,\"name\":\"Die Aktivit\u00e4t von Sysmatec\",\"item\":\"https:\\\/\\\/sysmatec.ch\\\/de\\\/\"},{\"@type\":\"ListItem\",\"position\":3,\"name\":\"PCR und qPCR Platten 96 x 0.1 mL und 96 x 0.2 mL myPlate PCR\"}]},{\"@type\":\"WebSite\",\"@id\":\"https:\\\/\\\/sysmatec.ch\\\/de\\\/#website\",\"url\":\"https:\\\/\\\/sysmatec.ch\\\/de\\\/\",\"name\":\"Sysmatec\",\"description\":\"Equipement de laboratoire et logiciels\",\"publisher\":{\"@id\":\"https:\\\/\\\/sysmatec.ch\\\/de\\\/#organization\"},\"potentialAction\":[{\"@type\":\"SearchAction\",\"target\":{\"@type\":\"EntryPoint\",\"urlTemplate\":\"https:\\\/\\\/sysmatec.ch\\\/de\\\/?s={search_term_string}\"},\"query-input\":{\"@type\":\"PropertyValueSpecification\",\"valueRequired\":true,\"valueName\":\"search_term_string\"}}],\"inLanguage\":\"de\"},{\"@type\":\"Organization\",\"@id\":\"https:\\\/\\\/sysmatec.ch\\\/de\\\/#organization\",\"name\":\"Sysmatec\",\"url\":\"https:\\\/\\\/sysmatec.ch\\\/de\\\/\",\"logo\":{\"@type\":\"ImageObject\",\"inLanguage\":\"de\",\"@id\":\"https:\\\/\\\/sysmatec.ch\\\/de\\\/#\\\/schema\\\/logo\\\/image\\\/\",\"url\":\"https:\\\/\\\/sysmatec.ch\\\/wp-content\\\/uploads\\\/2018\\\/11\\\/LogoSysmatec.jpg\",\"contentUrl\":\"https:\\\/\\\/sysmatec.ch\\\/wp-content\\\/uploads\\\/2018\\\/11\\\/LogoSysmatec.jpg\",\"width\":301,\"height\":297,\"caption\":\"Sysmatec\"},\"image\":{\"@id\":\"https:\\\/\\\/sysmatec.ch\\\/de\\\/#\\\/schema\\\/logo\\\/image\\\/\"}}]}<\/script>\n<!-- \/ Yoast SEO plugin. -->","yoast_head_json":{"title":"PCR und qPCR Platten 96 x 0.1 mL und 96 x 0.2 mL myPlate PCR - Sysmatec","description":"PCR- und qPCR-Platten, 96 x 0,1 ml und 96 x 0,2 ml, metallfrei, sterilisierbar, geringe Retention","robots":{"index":"index","follow":"follow","max-snippet":"max-snippet:-1","max-image-preview":"max-image-preview:large","max-video-preview":"max-video-preview:-1"},"canonical":"https:\/\/sysmatec.ch\/de\/produit\/pcr-und-qpcr-platten-96-x-0-1-ml-und-96-x-0-2-ml-myplate-pcr\/","og_locale":"de_DE","og_type":"article","og_title":"PCR und qPCR Platten 96 x 0.1 mL und 96 x 0.2 mL myPlate PCR - Sysmatec","og_description":"PCR- und qPCR-Platten, 96 x 0,1 ml und 96 x 0,2 ml, metallfrei, sterilisierbar, geringe Retention","og_url":"https:\/\/sysmatec.ch\/de\/produit\/pcr-und-qpcr-platten-96-x-0-1-ml-und-96-x-0-2-ml-myplate-pcr\/","og_site_name":"Sysmatec","article_modified_time":"2021-12-02T17:56:23+00:00","og_image":[{"width":394,"height":428,"url":"https:\/\/sysmatec.ch\/wp-content\/uploads\/2021\/01\/PCRPlate_Ahn.jpg","type":"image\/jpeg"}],"twitter_card":"summary_large_image","twitter_misc":{"Gesch\u00e4tzte Lesezeit":"1\u00a0Minute"},"schema":{"@context":"https:\/\/schema.org","@graph":[{"@type":"WebPage","@id":"https:\/\/sysmatec.ch\/de\/produit\/pcr-und-qpcr-platten-96-x-0-1-ml-und-96-x-0-2-ml-myplate-pcr\/","url":"https:\/\/sysmatec.ch\/de\/produit\/pcr-und-qpcr-platten-96-x-0-1-ml-und-96-x-0-2-ml-myplate-pcr\/","name":"PCR und qPCR Platten 96 x 0.1 mL und 96 x 0.2 mL myPlate PCR - Sysmatec","isPartOf":{"@id":"https:\/\/sysmatec.ch\/de\/#website"},"primaryImageOfPage":{"@id":"https:\/\/sysmatec.ch\/de\/produit\/pcr-und-qpcr-platten-96-x-0-1-ml-und-96-x-0-2-ml-myplate-pcr\/#primaryimage"},"image":{"@id":"https:\/\/sysmatec.ch\/de\/produit\/pcr-und-qpcr-platten-96-x-0-1-ml-und-96-x-0-2-ml-myplate-pcr\/#primaryimage"},"thumbnailUrl":"https:\/\/sysmatec.ch\/wp-content\/uploads\/2021\/01\/PCRPlate_Ahn.jpg","datePublished":"2021-01-19T19:22:41+00:00","dateModified":"2021-12-02T17:56:23+00:00","description":"PCR- und qPCR-Platten, 96 x 0,1 ml und 96 x 0,2 ml, metallfrei, sterilisierbar, geringe Retention","breadcrumb":{"@id":"https:\/\/sysmatec.ch\/de\/produit\/pcr-und-qpcr-platten-96-x-0-1-ml-und-96-x-0-2-ml-myplate-pcr\/#breadcrumb"},"inLanguage":"de","potentialAction":[{"@type":"ReadAction","target":["https:\/\/sysmatec.ch\/de\/produit\/pcr-und-qpcr-platten-96-x-0-1-ml-und-96-x-0-2-ml-myplate-pcr\/"]}]},{"@type":"ImageObject","inLanguage":"de","@id":"https:\/\/sysmatec.ch\/de\/produit\/pcr-und-qpcr-platten-96-x-0-1-ml-und-96-x-0-2-ml-myplate-pcr\/#primaryimage","url":"https:\/\/sysmatec.ch\/wp-content\/uploads\/2021\/01\/PCRPlate_Ahn.jpg","contentUrl":"https:\/\/sysmatec.ch\/wp-content\/uploads\/2021\/01\/PCRPlate_Ahn.jpg","width":394,"height":428},{"@type":"BreadcrumbList","@id":"https:\/\/sysmatec.ch\/de\/produit\/pcr-und-qpcr-platten-96-x-0-1-ml-und-96-x-0-2-ml-myplate-pcr\/#breadcrumb","itemListElement":[{"@type":"ListItem","position":1,"name":"Accueil","item":"https:\/\/sysmatec.ch\/de\/"},{"@type":"ListItem","position":2,"name":"Die Aktivit\u00e4t von Sysmatec","item":"https:\/\/sysmatec.ch\/de\/"},{"@type":"ListItem","position":3,"name":"PCR und qPCR Platten 96 x 0.1 mL und 96 x 0.2 mL myPlate PCR"}]},{"@type":"WebSite","@id":"https:\/\/sysmatec.ch\/de\/#website","url":"https:\/\/sysmatec.ch\/de\/","name":"Sysmatec","description":"Equipement de laboratoire et logiciels","publisher":{"@id":"https:\/\/sysmatec.ch\/de\/#organization"},"potentialAction":[{"@type":"SearchAction","target":{"@type":"EntryPoint","urlTemplate":"https:\/\/sysmatec.ch\/de\/?s={search_term_string}"},"query-input":{"@type":"PropertyValueSpecification","valueRequired":true,"valueName":"search_term_string"}}],"inLanguage":"de"},{"@type":"Organization","@id":"https:\/\/sysmatec.ch\/de\/#organization","name":"Sysmatec","url":"https:\/\/sysmatec.ch\/de\/","logo":{"@type":"ImageObject","inLanguage":"de","@id":"https:\/\/sysmatec.ch\/de\/#\/schema\/logo\/image\/","url":"https:\/\/sysmatec.ch\/wp-content\/uploads\/2018\/11\/LogoSysmatec.jpg","contentUrl":"https:\/\/sysmatec.ch\/wp-content\/uploads\/2018\/11\/LogoSysmatec.jpg","width":301,"height":297,"caption":"Sysmatec"},"image":{"@id":"https:\/\/sysmatec.ch\/de\/#\/schema\/logo\/image\/"}}]}},"_links":{"self":[{"href":"https:\/\/sysmatec.ch\/de\/wp-json\/wp\/v2\/product\/21957","targetHints":{"allow":["GET"]}}],"collection":[{"href":"https:\/\/sysmatec.ch\/de\/wp-json\/wp\/v2\/product"}],"about":[{"href":"https:\/\/sysmatec.ch\/de\/wp-json\/wp\/v2\/types\/product"}],"wp:featuredmedia":[{"embeddable":true,"href":"https:\/\/sysmatec.ch\/de\/wp-json\/wp\/v2\/media\/21961"}],"wp:attachment":[{"href":"https:\/\/sysmatec.ch\/de\/wp-json\/wp\/v2\/media?parent=21957"}],"wp:term":[{"taxonomy":"product_brand","embeddable":true,"href":"https:\/\/sysmatec.ch\/de\/wp-json\/wp\/v2\/product_brand?post=21957"},{"taxonomy":"product_cat","embeddable":true,"href":"https:\/\/sysmatec.ch\/de\/wp-json\/wp\/v2\/product_cat?post=21957"},{"taxonomy":"product_tag","embeddable":true,"href":"https:\/\/sysmatec.ch\/de\/wp-json\/wp\/v2\/product_tag?post=21957"}],"curies":[{"name":"wp","href":"https:\/\/api.w.org\/{rel}","templated":true}]}}