{"id":21950,"date":"2021-01-18T20:28:08","date_gmt":"2021-01-18T19:28:08","guid":{"rendered":"https:\/\/sysmatec.ch\/?post_type=product&#038;p=21950"},"modified":"2021-12-02T17:56:26","modified_gmt":"2021-12-02T16:56:26","slug":"pcr-und-qpcr-streifen-8-x-0-1ml-und-8-x-0-2-ml-mytube-pcr","status":"publish","type":"product","link":"https:\/\/sysmatec.ch\/de\/Produkt\/pcr-und-qpcr-streifen-8-x-0-1ml-und-8-x-0-2-ml-mytube-pcr\/","title":{"rendered":"PCR und qPCR Streifen 8 x 0.1mL und 8 x 0.2 mL myTube PCR"},"content":{"rendered":"<p>Optische Messung &#8211; hohe Transparenz der PCR-Streifen erlaubt den Einsatz f\u00fcr Anwendungen,<br \/>\nbei denen das optische qPCR-Signal vom Boden der R\u00f6hrchen kommt<\/p>\n<p>Kompatibilit\u00e4t &#8211; wir empfehlen die 0,1 mL PCR-Streifen besonders f\u00fcr Thermocycler mit Niedrigprofil und die 0,2 mL PCR-Streifen f\u00fcr Standard-Thermocycler, die R\u00f6hrchen mit normalem Profil erfordern \/ Kompatibilit\u00e4tstabelle auf Anfrage erh\u00e4ltlich<\/p>\n<p>Reduzierte Zykluszeit und optimale W\u00e4rme\u00fcbertragung &#8211; durch extra d\u00fcnne, gleichm\u00e4\u00dfige Wandst\u00e4rke der R\u00f6hrchen<\/p>\n<p>Geringe Bindung &#8211; Reduzierung der Anhaftung von Proteinen auf ein Minimum<\/p>\n<p>Sterile Handhabung &#8211; jede Charge wird unter strengen sterilen Bedingungen gefertigt<\/p>\n<p>Reproduzierbares Ergebnis \u2013 Verdampfungsrate unter 5%<\/p>\n<p>Versionen &#8211; erh\u00e4ltlich als 0.1 mL und 0.2 mL PCRStreifen ohne Deckel oder mit anh\u00e4ngendem<br \/>\nDeckel<\/p>\n<p>Metall frei<\/p>\n<p>Sterilisierbar<\/p>\n<h2 class=\"vc_custom_heading\">Spezifikation<\/h2>\n<div class=\"vc_separator wpb_content_element vc_separator_align_center vc_sep_width_50 vc_sep_pos_align_left vc_separator_no_text vc_sep_color_white vc_custom_1530196657581 vc_custom_1530196657581\"><\/div>\n<div class=\"wpb_text_column wpb_content_element \">\n<div class=\"wpb_wrapper\">\n<table id=\"tablepress-DE-pcr-strips\" class=\"tablepress tablepress-id-DE-pcr-strips\">\n<thead>\n<tr class=\"row-1\">\n<th class=\"column-1\">Volumen<\/th>\n<th class=\"column-2\">H\u00f6he<\/th>\n<th class=\"column-3\">Farbe<\/th>\n<th class=\"column-4\">Sterilisiert<\/th>\n<th class=\"column-5\">Verpackung<\/th>\n<th class=\"column-6\">VE<\/th>\n<th class=\"column-7\">Kat.-Nr.<\/th>\n<\/tr>\n<\/thead>\n<tbody>\n<tr class=\"row-2\">\n<td class=\"column-1\">8 x 0,1 mL, (PCR)<\/td>\n<td class=\"column-2\">16,0 mm<\/td>\n<td class=\"column-3\">klar<\/td>\n<td class=\"column-4\"><\/td>\n<td class=\"column-5\">Beutel<\/td>\n<td class=\"column-6\">15&#215;120<\/td>\n<td class=\"column-7\">3-036-00-0<\/td>\n<\/tr>\n<tr class=\"row-3\">\n<td class=\"column-1\">8 x 0,1 mL, (qPCR)<br \/>\nmit seperaten optischen flachen Kappen<\/td>\n<td class=\"column-2\">16,0 mm<\/td>\n<td class=\"column-3\">klar<\/td>\n<td class=\"column-4\"><\/td>\n<td class=\"column-5\">Beutel<\/td>\n<td class=\"column-6\">5x10x12<\/td>\n<td class=\"column-7\">3-036-01-0<\/td>\n<\/tr>\n<tr class=\"row-4\">\n<td class=\"column-1\">8 x 0,1 mL (PCR und qPCR)<br \/>\nmit Kappe<\/td>\n<td class=\"column-2\">16,6 mm<\/td>\n<td class=\"column-3\">klar<\/td>\n<td class=\"column-4\"><\/td>\n<td class=\"column-5\">Beutel<\/td>\n<td class=\"column-6\">8&#215;120<\/td>\n<td class=\"column-7\">3-036-02-0<\/td>\n<\/tr>\n<tr class=\"row-5\">\n<td class=\"column-1\">8 x 0,2 mL (qPCR)<br \/>\nmit separaten optischen flachen Kappen<\/td>\n<td class=\"column-2\">16.0 mm<\/td>\n<td class=\"column-3\">wei\u00df<\/td>\n<td class=\"column-4\"><\/td>\n<td class=\"column-5\">Beutel<\/td>\n<td class=\"column-6\">5x10x12<\/td>\n<td class=\"column-7\">3-036-03-9<\/td>\n<\/tr>\n<tr class=\"row-6\">\n<td class=\"column-1\">8 x 0,2 mL (PCR)<br \/>\nmit separaten flachen Kappen<\/td>\n<td class=\"column-2\">21,0 mm<\/td>\n<td class=\"column-3\">klar<\/td>\n<td class=\"column-4\"><\/td>\n<td class=\"column-5\">Beutel<\/td>\n<td class=\"column-6\">5x10x12<\/td>\n<td class=\"column-7\">3-037-01-0<\/td>\n<\/tr>\n<tr class=\"row-7\">\n<td class=\"column-1\">8 x 0.2 mL (PCR)<br \/>\nmit milchigen flachen Kappen<\/td>\n<td class=\"column-2\">21.0 mm<\/td>\n<td class=\"column-3\">klar<\/td>\n<td class=\"column-4\"><\/td>\n<td class=\"column-5\">Beutel<\/td>\n<td class=\"column-6\">5x10x12<\/td>\n<td class=\"column-7\">3-037-00-0<\/td>\n<\/tr>\n<tr class=\"row-8\">\n<td class=\"column-1\">8 x 0.2 mL (qPCR)<br \/>\nmit separaten optischen flachen Kappen<\/td>\n<td class=\"column-2\">21.0 mm<\/td>\n<td class=\"column-3\">klar<\/td>\n<td class=\"column-4\"><\/td>\n<td class=\"column-5\">Beutel<\/td>\n<td class=\"column-6\">5x10x12<\/td>\n<td class=\"column-7\">3-038-03-0<\/td>\n<\/tr>\n<tr class=\"row-9\">\n<td class=\"column-1\">8 x 0.2 mL (qPCR)<br \/>\nmit separaten optischen flachen Kappen<\/td>\n<td class=\"column-2\">21.0 mm<\/td>\n<td class=\"column-3\">wei\u00df<\/td>\n<td class=\"column-4\"><\/td>\n<td class=\"column-5\">Beutel<\/td>\n<td class=\"column-6\">5x10x12<\/td>\n<td class=\"column-7\">3-037-04-9<\/td>\n<\/tr>\n<\/tbody>\n<\/table>\n<\/div>\n<\/div>\n","protected":false},"excerpt":{"rendered":"<p><span class=\"VIiyi\" lang=\"de\"><span class=\"JLqJ4b ChMk0b\" data-language-for-alternatives=\"de\" data-language-to-translate-into=\"en\" data-phrase-index=\"0\" data-number-of-phrases=\"2\">PCR- und qPCR-Streifen 8 x 0.1 ml und 8 x 0.2 ml, mit geringer Bindungsoberfl\u00e4che, metallfrei, sterilisierbar.<\/span> <span class=\"JLqJ4b ChMk0b\" data-language-for-alternatives=\"de\" data-language-to-translate-into=\"en\" data-phrase-index=\"1\" data-number-of-phrases=\"2\">PCR-R\u00f6hrchen k\u00f6nnen steril geliefert werden.<\/span><\/span><\/p>\n","protected":false},"featured_media":21954,"template":"","meta":{"_crdt_document":""},"product_brand":[],"product_cat":[279,388],"product_tag":[],"class_list":{"0":"post-21950","1":"product","2":"type-product","3":"status-publish","4":"has-post-thumbnail","6":"product_cat-verbrauchsmaterial","7":"product_cat-verteilung","9":"first","10":"instock","11":"taxable","12":"shipping-taxable","13":"product-type-simple"},"yoast_head":"<!-- This site is optimized with the Yoast SEO plugin v27.4 - https:\/\/yoast.com\/product\/yoast-seo-wordpress\/ -->\n<title>PCR und qPCR Streifen 8 x 0.1mL und 8 x 0.2 mL myTube PCR - Sysmatec<\/title>\n<meta name=\"description\" content=\"8 x 0,1 ml und 8 x 0,2 ml PCR- und qPCR-Streifen, geringe Proteinretention, metallfrei, sterilisierbar bei 121 \u00b0C.\" \/>\n<meta name=\"robots\" content=\"index, follow, max-snippet:-1, max-image-preview:large, max-video-preview:-1\" \/>\n<link rel=\"canonical\" href=\"https:\/\/sysmatec.ch\/de\/produit\/pcr-und-qpcr-streifen-8-x-0-1ml-und-8-x-0-2-ml-mytube-pcr\/\" \/>\n<meta property=\"og:locale\" content=\"de_DE\" \/>\n<meta property=\"og:type\" content=\"article\" \/>\n<meta property=\"og:title\" content=\"PCR und qPCR Streifen 8 x 0.1mL und 8 x 0.2 mL myTube PCR - Sysmatec\" \/>\n<meta property=\"og:description\" content=\"8 x 0,1 ml und 8 x 0,2 ml PCR- und qPCR-Streifen, geringe Proteinretention, metallfrei, sterilisierbar bei 121 \u00b0C.\" \/>\n<meta property=\"og:url\" content=\"https:\/\/sysmatec.ch\/de\/produit\/pcr-und-qpcr-streifen-8-x-0-1ml-und-8-x-0-2-ml-mytube-pcr\/\" \/>\n<meta property=\"og:site_name\" content=\"Sysmatec\" \/>\n<meta property=\"article:modified_time\" content=\"2021-12-02T16:56:26+00:00\" \/>\n<meta property=\"og:image\" content=\"https:\/\/sysmatec.ch\/wp-content\/uploads\/2021\/01\/AhnPCRStrip.jpg\" \/>\n\t<meta property=\"og:image:width\" content=\"451\" \/>\n\t<meta property=\"og:image:height\" content=\"350\" \/>\n\t<meta property=\"og:image:type\" content=\"image\/jpeg\" \/>\n<meta name=\"twitter:card\" content=\"summary_large_image\" \/>\n<meta name=\"twitter:label1\" content=\"Gesch\u00e4tzte Lesezeit\" \/>\n\t<meta name=\"twitter:data1\" content=\"2\u00a0Minuten\" \/>\n<script type=\"application\/ld+json\" class=\"yoast-schema-graph\">{\"@context\":\"https:\\\/\\\/schema.org\",\"@graph\":[{\"@type\":\"WebPage\",\"@id\":\"https:\\\/\\\/sysmatec.ch\\\/de\\\/produit\\\/pcr-und-qpcr-streifen-8-x-0-1ml-und-8-x-0-2-ml-mytube-pcr\\\/\",\"url\":\"https:\\\/\\\/sysmatec.ch\\\/de\\\/produit\\\/pcr-und-qpcr-streifen-8-x-0-1ml-und-8-x-0-2-ml-mytube-pcr\\\/\",\"name\":\"PCR und qPCR Streifen 8 x 0.1mL und 8 x 0.2 mL myTube PCR - Sysmatec\",\"isPartOf\":{\"@id\":\"https:\\\/\\\/sysmatec.ch\\\/de\\\/#website\"},\"primaryImageOfPage\":{\"@id\":\"https:\\\/\\\/sysmatec.ch\\\/de\\\/produit\\\/pcr-und-qpcr-streifen-8-x-0-1ml-und-8-x-0-2-ml-mytube-pcr\\\/#primaryimage\"},\"image\":{\"@id\":\"https:\\\/\\\/sysmatec.ch\\\/de\\\/produit\\\/pcr-und-qpcr-streifen-8-x-0-1ml-und-8-x-0-2-ml-mytube-pcr\\\/#primaryimage\"},\"thumbnailUrl\":\"https:\\\/\\\/sysmatec.ch\\\/wp-content\\\/uploads\\\/2021\\\/01\\\/AhnPCRStrip.jpg\",\"datePublished\":\"2021-01-18T19:28:08+00:00\",\"dateModified\":\"2021-12-02T16:56:26+00:00\",\"description\":\"8 x 0,1 ml und 8 x 0,2 ml PCR- und qPCR-Streifen, geringe Proteinretention, metallfrei, sterilisierbar bei 121 \u00b0C.\",\"breadcrumb\":{\"@id\":\"https:\\\/\\\/sysmatec.ch\\\/de\\\/produit\\\/pcr-und-qpcr-streifen-8-x-0-1ml-und-8-x-0-2-ml-mytube-pcr\\\/#breadcrumb\"},\"inLanguage\":\"de\",\"potentialAction\":[{\"@type\":\"ReadAction\",\"target\":[\"https:\\\/\\\/sysmatec.ch\\\/de\\\/produit\\\/pcr-und-qpcr-streifen-8-x-0-1ml-und-8-x-0-2-ml-mytube-pcr\\\/\"]}]},{\"@type\":\"ImageObject\",\"inLanguage\":\"de\",\"@id\":\"https:\\\/\\\/sysmatec.ch\\\/de\\\/produit\\\/pcr-und-qpcr-streifen-8-x-0-1ml-und-8-x-0-2-ml-mytube-pcr\\\/#primaryimage\",\"url\":\"https:\\\/\\\/sysmatec.ch\\\/wp-content\\\/uploads\\\/2021\\\/01\\\/AhnPCRStrip.jpg\",\"contentUrl\":\"https:\\\/\\\/sysmatec.ch\\\/wp-content\\\/uploads\\\/2021\\\/01\\\/AhnPCRStrip.jpg\",\"width\":451,\"height\":350},{\"@type\":\"BreadcrumbList\",\"@id\":\"https:\\\/\\\/sysmatec.ch\\\/de\\\/produit\\\/pcr-und-qpcr-streifen-8-x-0-1ml-und-8-x-0-2-ml-mytube-pcr\\\/#breadcrumb\",\"itemListElement\":[{\"@type\":\"ListItem\",\"position\":1,\"name\":\"Accueil\",\"item\":\"https:\\\/\\\/sysmatec.ch\\\/de\\\/\"},{\"@type\":\"ListItem\",\"position\":2,\"name\":\"Die Aktivit\u00e4t von Sysmatec\",\"item\":\"https:\\\/\\\/sysmatec.ch\\\/de\\\/\"},{\"@type\":\"ListItem\",\"position\":3,\"name\":\"PCR und qPCR Streifen 8 x 0.1mL und 8 x 0.2 mL myTube PCR\"}]},{\"@type\":\"WebSite\",\"@id\":\"https:\\\/\\\/sysmatec.ch\\\/de\\\/#website\",\"url\":\"https:\\\/\\\/sysmatec.ch\\\/de\\\/\",\"name\":\"Sysmatec\",\"description\":\"Equipement de laboratoire et logiciels\",\"publisher\":{\"@id\":\"https:\\\/\\\/sysmatec.ch\\\/de\\\/#organization\"},\"potentialAction\":[{\"@type\":\"SearchAction\",\"target\":{\"@type\":\"EntryPoint\",\"urlTemplate\":\"https:\\\/\\\/sysmatec.ch\\\/de\\\/?s={search_term_string}\"},\"query-input\":{\"@type\":\"PropertyValueSpecification\",\"valueRequired\":true,\"valueName\":\"search_term_string\"}}],\"inLanguage\":\"de\"},{\"@type\":\"Organization\",\"@id\":\"https:\\\/\\\/sysmatec.ch\\\/de\\\/#organization\",\"name\":\"Sysmatec\",\"url\":\"https:\\\/\\\/sysmatec.ch\\\/de\\\/\",\"logo\":{\"@type\":\"ImageObject\",\"inLanguage\":\"de\",\"@id\":\"https:\\\/\\\/sysmatec.ch\\\/de\\\/#\\\/schema\\\/logo\\\/image\\\/\",\"url\":\"https:\\\/\\\/sysmatec.ch\\\/wp-content\\\/uploads\\\/2018\\\/11\\\/LogoSysmatec.jpg\",\"contentUrl\":\"https:\\\/\\\/sysmatec.ch\\\/wp-content\\\/uploads\\\/2018\\\/11\\\/LogoSysmatec.jpg\",\"width\":301,\"height\":297,\"caption\":\"Sysmatec\"},\"image\":{\"@id\":\"https:\\\/\\\/sysmatec.ch\\\/de\\\/#\\\/schema\\\/logo\\\/image\\\/\"}}]}<\/script>\n<!-- \/ Yoast SEO plugin. -->","yoast_head_json":{"title":"PCR und qPCR Streifen 8 x 0.1mL und 8 x 0.2 mL myTube PCR - Sysmatec","description":"8 x 0,1 ml und 8 x 0,2 ml PCR- und qPCR-Streifen, geringe Proteinretention, metallfrei, sterilisierbar bei 121 \u00b0C.","robots":{"index":"index","follow":"follow","max-snippet":"max-snippet:-1","max-image-preview":"max-image-preview:large","max-video-preview":"max-video-preview:-1"},"canonical":"https:\/\/sysmatec.ch\/de\/produit\/pcr-und-qpcr-streifen-8-x-0-1ml-und-8-x-0-2-ml-mytube-pcr\/","og_locale":"de_DE","og_type":"article","og_title":"PCR und qPCR Streifen 8 x 0.1mL und 8 x 0.2 mL myTube PCR - Sysmatec","og_description":"8 x 0,1 ml und 8 x 0,2 ml PCR- und qPCR-Streifen, geringe Proteinretention, metallfrei, sterilisierbar bei 121 \u00b0C.","og_url":"https:\/\/sysmatec.ch\/de\/produit\/pcr-und-qpcr-streifen-8-x-0-1ml-und-8-x-0-2-ml-mytube-pcr\/","og_site_name":"Sysmatec","article_modified_time":"2021-12-02T16:56:26+00:00","og_image":[{"width":451,"height":350,"url":"https:\/\/sysmatec.ch\/wp-content\/uploads\/2021\/01\/AhnPCRStrip.jpg","type":"image\/jpeg"}],"twitter_card":"summary_large_image","twitter_misc":{"Gesch\u00e4tzte Lesezeit":"2\u00a0Minuten"},"schema":{"@context":"https:\/\/schema.org","@graph":[{"@type":"WebPage","@id":"https:\/\/sysmatec.ch\/de\/produit\/pcr-und-qpcr-streifen-8-x-0-1ml-und-8-x-0-2-ml-mytube-pcr\/","url":"https:\/\/sysmatec.ch\/de\/produit\/pcr-und-qpcr-streifen-8-x-0-1ml-und-8-x-0-2-ml-mytube-pcr\/","name":"PCR und qPCR Streifen 8 x 0.1mL und 8 x 0.2 mL myTube PCR - Sysmatec","isPartOf":{"@id":"https:\/\/sysmatec.ch\/de\/#website"},"primaryImageOfPage":{"@id":"https:\/\/sysmatec.ch\/de\/produit\/pcr-und-qpcr-streifen-8-x-0-1ml-und-8-x-0-2-ml-mytube-pcr\/#primaryimage"},"image":{"@id":"https:\/\/sysmatec.ch\/de\/produit\/pcr-und-qpcr-streifen-8-x-0-1ml-und-8-x-0-2-ml-mytube-pcr\/#primaryimage"},"thumbnailUrl":"https:\/\/sysmatec.ch\/wp-content\/uploads\/2021\/01\/AhnPCRStrip.jpg","datePublished":"2021-01-18T19:28:08+00:00","dateModified":"2021-12-02T16:56:26+00:00","description":"8 x 0,1 ml und 8 x 0,2 ml PCR- und qPCR-Streifen, geringe Proteinretention, metallfrei, sterilisierbar bei 121 \u00b0C.","breadcrumb":{"@id":"https:\/\/sysmatec.ch\/de\/produit\/pcr-und-qpcr-streifen-8-x-0-1ml-und-8-x-0-2-ml-mytube-pcr\/#breadcrumb"},"inLanguage":"de","potentialAction":[{"@type":"ReadAction","target":["https:\/\/sysmatec.ch\/de\/produit\/pcr-und-qpcr-streifen-8-x-0-1ml-und-8-x-0-2-ml-mytube-pcr\/"]}]},{"@type":"ImageObject","inLanguage":"de","@id":"https:\/\/sysmatec.ch\/de\/produit\/pcr-und-qpcr-streifen-8-x-0-1ml-und-8-x-0-2-ml-mytube-pcr\/#primaryimage","url":"https:\/\/sysmatec.ch\/wp-content\/uploads\/2021\/01\/AhnPCRStrip.jpg","contentUrl":"https:\/\/sysmatec.ch\/wp-content\/uploads\/2021\/01\/AhnPCRStrip.jpg","width":451,"height":350},{"@type":"BreadcrumbList","@id":"https:\/\/sysmatec.ch\/de\/produit\/pcr-und-qpcr-streifen-8-x-0-1ml-und-8-x-0-2-ml-mytube-pcr\/#breadcrumb","itemListElement":[{"@type":"ListItem","position":1,"name":"Accueil","item":"https:\/\/sysmatec.ch\/de\/"},{"@type":"ListItem","position":2,"name":"Die Aktivit\u00e4t von Sysmatec","item":"https:\/\/sysmatec.ch\/de\/"},{"@type":"ListItem","position":3,"name":"PCR und qPCR Streifen 8 x 0.1mL und 8 x 0.2 mL myTube PCR"}]},{"@type":"WebSite","@id":"https:\/\/sysmatec.ch\/de\/#website","url":"https:\/\/sysmatec.ch\/de\/","name":"Sysmatec","description":"Equipement de laboratoire et logiciels","publisher":{"@id":"https:\/\/sysmatec.ch\/de\/#organization"},"potentialAction":[{"@type":"SearchAction","target":{"@type":"EntryPoint","urlTemplate":"https:\/\/sysmatec.ch\/de\/?s={search_term_string}"},"query-input":{"@type":"PropertyValueSpecification","valueRequired":true,"valueName":"search_term_string"}}],"inLanguage":"de"},{"@type":"Organization","@id":"https:\/\/sysmatec.ch\/de\/#organization","name":"Sysmatec","url":"https:\/\/sysmatec.ch\/de\/","logo":{"@type":"ImageObject","inLanguage":"de","@id":"https:\/\/sysmatec.ch\/de\/#\/schema\/logo\/image\/","url":"https:\/\/sysmatec.ch\/wp-content\/uploads\/2018\/11\/LogoSysmatec.jpg","contentUrl":"https:\/\/sysmatec.ch\/wp-content\/uploads\/2018\/11\/LogoSysmatec.jpg","width":301,"height":297,"caption":"Sysmatec"},"image":{"@id":"https:\/\/sysmatec.ch\/de\/#\/schema\/logo\/image\/"}}]}},"_links":{"self":[{"href":"https:\/\/sysmatec.ch\/de\/wp-json\/wp\/v2\/product\/21950","targetHints":{"allow":["GET"]}}],"collection":[{"href":"https:\/\/sysmatec.ch\/de\/wp-json\/wp\/v2\/product"}],"about":[{"href":"https:\/\/sysmatec.ch\/de\/wp-json\/wp\/v2\/types\/product"}],"wp:featuredmedia":[{"embeddable":true,"href":"https:\/\/sysmatec.ch\/de\/wp-json\/wp\/v2\/media\/21954"}],"wp:attachment":[{"href":"https:\/\/sysmatec.ch\/de\/wp-json\/wp\/v2\/media?parent=21950"}],"wp:term":[{"taxonomy":"product_brand","embeddable":true,"href":"https:\/\/sysmatec.ch\/de\/wp-json\/wp\/v2\/product_brand?post=21950"},{"taxonomy":"product_cat","embeddable":true,"href":"https:\/\/sysmatec.ch\/de\/wp-json\/wp\/v2\/product_cat?post=21950"},{"taxonomy":"product_tag","embeddable":true,"href":"https:\/\/sysmatec.ch\/de\/wp-json\/wp\/v2\/product_tag?post=21950"}],"curies":[{"name":"wp","href":"https:\/\/api.w.org\/{rel}","templated":true}]}}