{"id":2195,"date":"2019-01-13T19:19:09","date_gmt":"2019-01-13T18:19:09","guid":{"rendered":"https:\/\/sysmatec.ch\/produit\/pipettes-electroniques-captronic\/"},"modified":"2022-03-09T17:54:38","modified_gmt":"2022-03-09T16:54:38","slug":"elektronische-pipette-captronic","status":"publish","type":"product","link":"https:\/\/sysmatec.ch\/de\/Produkt\/elektronische-pipette-captronic\/","title":{"rendered":"Elektronische Pipette Captronic"},"content":{"rendered":"<p>Die elektronische Pipette Captronic existieren in &#8218;ein-Kanal&#8216; und &#8218;8-Kan\u00e4le&#8216; Ausf\u00fchrung.<\/p>\n<p>Sie besitzt mehrere Pipettierungsmode: vorw\u00e4rts und r\u00fcckwerts Pipettieren, mehrfach Verteilung, mischen\/verd\u00fcnnen, sequentiel verteilen. Bis zu 9 verschieden Programme k\u00f6nnen gespeichert werden.<\/p>\n<p>Die &#8218;Ein-Kanal&#8216; Pipette deckt den Bereich von 2 ul bis 1000 ul, die &#8218;8-Kanal&#8216; Pipette deckt den Bereich von 2 ul bis 200 ul.<\/p>\n<p>Sie ist mit 2 Lithium Batterien und 1 tragbares Ladeger\u00e4t geliefert.<\/p>\n<p>Sie ist sehr genau:<\/p>\n<ul>\n<li>Sie ist mit einem hoch genauen Schrittmotor und einen selbst Positionnierungssystem ausger\u00fcstet.<\/li>\n<li>Sie wird an jeden Schritt der Konstruktionsphase gepr\u00fcft.<\/li>\n<\/ul>\n<p>Einfach zu ben\u00fctzen<\/p>\n<ul>\n<li>Die Bedienungsoberfl\u00e4che auf der Anzeige ist sehr einfach zu ben\u00fctzen. Der Ben\u00fctzer wird bei jedem Schritt der Programmierung durchgef\u00fchrt.<\/li>\n<li>Die Anzeige bleibt immer gut sehbar, so dass man jeden Schritt de Pipettierenphase verfolgen kann.<\/li>\n<\/ul>\n<p>Pipettespitze sind auf der Seite <a href=\"https:\/\/sysmatec.ch\/German\/dA8_Verbrauchsmaterial.html\">Verbrauchsmaterial<\/a> vorgestellt.<\/p>\n","protected":false},"excerpt":{"rendered":"<p><span class=\"VIiyi\" lang=\"de\"><span class=\"JLqJ4b ChMk0b\" data-language-for-alternatives=\"de\" data-language-to-translate-into=\"fr\" data-phrase-index=\"2\" data-number-of-phrases=\"3\">Elektronische 1- oder 8-Kanal-Pipette.<\/span><\/span><\/p>\n","protected":false},"featured_media":1283,"template":"","meta":{"_crdt_document":""},"product_brand":[],"product_cat":[129],"product_tag":[],"class_list":{"0":"post-2195","1":"product","2":"type-product","3":"status-publish","4":"has-post-thumbnail","6":"product_cat-pipette-de","8":"first","9":"instock","10":"taxable","11":"shipping-taxable","12":"product-type-simple"},"yoast_head":"<!-- This site is optimized with the Yoast SEO plugin v27.3 - https:\/\/yoast.com\/product\/yoast-seo-wordpress\/ -->\n<title>Elektronische Pipette Captronic - Sysmatec<\/title>\n<meta name=\"description\" content=\"Elektronische Einkanal-Pipette f\u00fcr Volumina zwischen 2 und 1000 uL und eine Achtkanal-Version f\u00fcr Volumina von 2 bis 200 ml.\" \/>\n<meta name=\"robots\" content=\"index, follow, max-snippet:-1, max-image-preview:large, max-video-preview:-1\" \/>\n<link rel=\"canonical\" href=\"https:\/\/sysmatec.ch\/de\/produit\/elektronische-pipette-captronic\/\" \/>\n<meta property=\"og:locale\" content=\"de_DE\" \/>\n<meta property=\"og:type\" content=\"article\" \/>\n<meta property=\"og:title\" content=\"Elektronische Pipette Captronic - Sysmatec\" \/>\n<meta property=\"og:description\" content=\"Elektronische Einkanal-Pipette f\u00fcr Volumina zwischen 2 und 1000 uL und eine Achtkanal-Version f\u00fcr Volumina von 2 bis 200 ml.\" \/>\n<meta property=\"og:url\" content=\"https:\/\/sysmatec.ch\/de\/produit\/elektronische-pipette-captronic\/\" \/>\n<meta property=\"og:site_name\" content=\"Sysmatec\" \/>\n<meta property=\"article:modified_time\" content=\"2022-03-09T16:54:38+00:00\" \/>\n<meta property=\"og:image\" content=\"https:\/\/sysmatec.ch\/wp-content\/uploads\/2019\/01\/Pipette_CappElectronic1.gif\" \/>\n\t<meta property=\"og:image:width\" content=\"124\" \/>\n\t<meta property=\"og:image:height\" content=\"166\" \/>\n\t<meta property=\"og:image:type\" content=\"image\/gif\" \/>\n<meta name=\"twitter:card\" content=\"summary_large_image\" \/>\n<meta name=\"twitter:label1\" content=\"Gesch\u00e4tzte Lesezeit\" \/>\n\t<meta name=\"twitter:data1\" content=\"1\u00a0Minute\" \/>\n<script type=\"application\/ld+json\" class=\"yoast-schema-graph\">{\"@context\":\"https:\\\/\\\/schema.org\",\"@graph\":[{\"@type\":\"WebPage\",\"@id\":\"https:\\\/\\\/sysmatec.ch\\\/de\\\/produit\\\/elektronische-pipette-captronic\\\/\",\"url\":\"https:\\\/\\\/sysmatec.ch\\\/de\\\/produit\\\/elektronische-pipette-captronic\\\/\",\"name\":\"Elektronische Pipette Captronic - Sysmatec\",\"isPartOf\":{\"@id\":\"https:\\\/\\\/sysmatec.ch\\\/de\\\/#website\"},\"primaryImageOfPage\":{\"@id\":\"https:\\\/\\\/sysmatec.ch\\\/de\\\/produit\\\/elektronische-pipette-captronic\\\/#primaryimage\"},\"image\":{\"@id\":\"https:\\\/\\\/sysmatec.ch\\\/de\\\/produit\\\/elektronische-pipette-captronic\\\/#primaryimage\"},\"thumbnailUrl\":\"https:\\\/\\\/sysmatec.ch\\\/wp-content\\\/uploads\\\/2019\\\/01\\\/Pipette_CappElectronic1.gif\",\"datePublished\":\"2019-01-13T18:19:09+00:00\",\"dateModified\":\"2022-03-09T16:54:38+00:00\",\"description\":\"Elektronische Einkanal-Pipette f\u00fcr Volumina zwischen 2 und 1000 uL und eine Achtkanal-Version f\u00fcr Volumina von 2 bis 200 ml.\",\"breadcrumb\":{\"@id\":\"https:\\\/\\\/sysmatec.ch\\\/de\\\/produit\\\/elektronische-pipette-captronic\\\/#breadcrumb\"},\"inLanguage\":\"de\",\"potentialAction\":[{\"@type\":\"ReadAction\",\"target\":[\"https:\\\/\\\/sysmatec.ch\\\/de\\\/produit\\\/elektronische-pipette-captronic\\\/\"]}]},{\"@type\":\"ImageObject\",\"inLanguage\":\"de\",\"@id\":\"https:\\\/\\\/sysmatec.ch\\\/de\\\/produit\\\/elektronische-pipette-captronic\\\/#primaryimage\",\"url\":\"https:\\\/\\\/sysmatec.ch\\\/wp-content\\\/uploads\\\/2019\\\/01\\\/Pipette_CappElectronic1.gif\",\"contentUrl\":\"https:\\\/\\\/sysmatec.ch\\\/wp-content\\\/uploads\\\/2019\\\/01\\\/Pipette_CappElectronic1.gif\",\"width\":124,\"height\":166},{\"@type\":\"BreadcrumbList\",\"@id\":\"https:\\\/\\\/sysmatec.ch\\\/de\\\/produit\\\/elektronische-pipette-captronic\\\/#breadcrumb\",\"itemListElement\":[{\"@type\":\"ListItem\",\"position\":1,\"name\":\"Accueil\",\"item\":\"https:\\\/\\\/sysmatec.ch\\\/de\\\/\"},{\"@type\":\"ListItem\",\"position\":2,\"name\":\"Die Aktivit\u00e4t von Sysmatec\",\"item\":\"https:\\\/\\\/sysmatec.ch\\\/de\\\/\"},{\"@type\":\"ListItem\",\"position\":3,\"name\":\"Elektronische Pipette Captronic\"}]},{\"@type\":\"WebSite\",\"@id\":\"https:\\\/\\\/sysmatec.ch\\\/de\\\/#website\",\"url\":\"https:\\\/\\\/sysmatec.ch\\\/de\\\/\",\"name\":\"Sysmatec\",\"description\":\"Equipement de laboratoire et logiciels\",\"publisher\":{\"@id\":\"https:\\\/\\\/sysmatec.ch\\\/de\\\/#organization\"},\"potentialAction\":[{\"@type\":\"SearchAction\",\"target\":{\"@type\":\"EntryPoint\",\"urlTemplate\":\"https:\\\/\\\/sysmatec.ch\\\/de\\\/?s={search_term_string}\"},\"query-input\":{\"@type\":\"PropertyValueSpecification\",\"valueRequired\":true,\"valueName\":\"search_term_string\"}}],\"inLanguage\":\"de\"},{\"@type\":\"Organization\",\"@id\":\"https:\\\/\\\/sysmatec.ch\\\/de\\\/#organization\",\"name\":\"Sysmatec\",\"url\":\"https:\\\/\\\/sysmatec.ch\\\/de\\\/\",\"logo\":{\"@type\":\"ImageObject\",\"inLanguage\":\"de\",\"@id\":\"https:\\\/\\\/sysmatec.ch\\\/de\\\/#\\\/schema\\\/logo\\\/image\\\/\",\"url\":\"https:\\\/\\\/sysmatec.ch\\\/wp-content\\\/uploads\\\/2018\\\/11\\\/LogoSysmatec.jpg\",\"contentUrl\":\"https:\\\/\\\/sysmatec.ch\\\/wp-content\\\/uploads\\\/2018\\\/11\\\/LogoSysmatec.jpg\",\"width\":301,\"height\":297,\"caption\":\"Sysmatec\"},\"image\":{\"@id\":\"https:\\\/\\\/sysmatec.ch\\\/de\\\/#\\\/schema\\\/logo\\\/image\\\/\"}}]}<\/script>\n<!-- \/ Yoast SEO plugin. -->","yoast_head_json":{"title":"Elektronische Pipette Captronic - Sysmatec","description":"Elektronische Einkanal-Pipette f\u00fcr Volumina zwischen 2 und 1000 uL und eine Achtkanal-Version f\u00fcr Volumina von 2 bis 200 ml.","robots":{"index":"index","follow":"follow","max-snippet":"max-snippet:-1","max-image-preview":"max-image-preview:large","max-video-preview":"max-video-preview:-1"},"canonical":"https:\/\/sysmatec.ch\/de\/produit\/elektronische-pipette-captronic\/","og_locale":"de_DE","og_type":"article","og_title":"Elektronische Pipette Captronic - Sysmatec","og_description":"Elektronische Einkanal-Pipette f\u00fcr Volumina zwischen 2 und 1000 uL und eine Achtkanal-Version f\u00fcr Volumina von 2 bis 200 ml.","og_url":"https:\/\/sysmatec.ch\/de\/produit\/elektronische-pipette-captronic\/","og_site_name":"Sysmatec","article_modified_time":"2022-03-09T16:54:38+00:00","og_image":[{"width":124,"height":166,"url":"https:\/\/sysmatec.ch\/wp-content\/uploads\/2019\/01\/Pipette_CappElectronic1.gif","type":"image\/gif"}],"twitter_card":"summary_large_image","twitter_misc":{"Gesch\u00e4tzte Lesezeit":"1\u00a0Minute"},"schema":{"@context":"https:\/\/schema.org","@graph":[{"@type":"WebPage","@id":"https:\/\/sysmatec.ch\/de\/produit\/elektronische-pipette-captronic\/","url":"https:\/\/sysmatec.ch\/de\/produit\/elektronische-pipette-captronic\/","name":"Elektronische Pipette Captronic - Sysmatec","isPartOf":{"@id":"https:\/\/sysmatec.ch\/de\/#website"},"primaryImageOfPage":{"@id":"https:\/\/sysmatec.ch\/de\/produit\/elektronische-pipette-captronic\/#primaryimage"},"image":{"@id":"https:\/\/sysmatec.ch\/de\/produit\/elektronische-pipette-captronic\/#primaryimage"},"thumbnailUrl":"https:\/\/sysmatec.ch\/wp-content\/uploads\/2019\/01\/Pipette_CappElectronic1.gif","datePublished":"2019-01-13T18:19:09+00:00","dateModified":"2022-03-09T16:54:38+00:00","description":"Elektronische Einkanal-Pipette f\u00fcr Volumina zwischen 2 und 1000 uL und eine Achtkanal-Version f\u00fcr Volumina von 2 bis 200 ml.","breadcrumb":{"@id":"https:\/\/sysmatec.ch\/de\/produit\/elektronische-pipette-captronic\/#breadcrumb"},"inLanguage":"de","potentialAction":[{"@type":"ReadAction","target":["https:\/\/sysmatec.ch\/de\/produit\/elektronische-pipette-captronic\/"]}]},{"@type":"ImageObject","inLanguage":"de","@id":"https:\/\/sysmatec.ch\/de\/produit\/elektronische-pipette-captronic\/#primaryimage","url":"https:\/\/sysmatec.ch\/wp-content\/uploads\/2019\/01\/Pipette_CappElectronic1.gif","contentUrl":"https:\/\/sysmatec.ch\/wp-content\/uploads\/2019\/01\/Pipette_CappElectronic1.gif","width":124,"height":166},{"@type":"BreadcrumbList","@id":"https:\/\/sysmatec.ch\/de\/produit\/elektronische-pipette-captronic\/#breadcrumb","itemListElement":[{"@type":"ListItem","position":1,"name":"Accueil","item":"https:\/\/sysmatec.ch\/de\/"},{"@type":"ListItem","position":2,"name":"Die Aktivit\u00e4t von Sysmatec","item":"https:\/\/sysmatec.ch\/de\/"},{"@type":"ListItem","position":3,"name":"Elektronische Pipette Captronic"}]},{"@type":"WebSite","@id":"https:\/\/sysmatec.ch\/de\/#website","url":"https:\/\/sysmatec.ch\/de\/","name":"Sysmatec","description":"Equipement de laboratoire et logiciels","publisher":{"@id":"https:\/\/sysmatec.ch\/de\/#organization"},"potentialAction":[{"@type":"SearchAction","target":{"@type":"EntryPoint","urlTemplate":"https:\/\/sysmatec.ch\/de\/?s={search_term_string}"},"query-input":{"@type":"PropertyValueSpecification","valueRequired":true,"valueName":"search_term_string"}}],"inLanguage":"de"},{"@type":"Organization","@id":"https:\/\/sysmatec.ch\/de\/#organization","name":"Sysmatec","url":"https:\/\/sysmatec.ch\/de\/","logo":{"@type":"ImageObject","inLanguage":"de","@id":"https:\/\/sysmatec.ch\/de\/#\/schema\/logo\/image\/","url":"https:\/\/sysmatec.ch\/wp-content\/uploads\/2018\/11\/LogoSysmatec.jpg","contentUrl":"https:\/\/sysmatec.ch\/wp-content\/uploads\/2018\/11\/LogoSysmatec.jpg","width":301,"height":297,"caption":"Sysmatec"},"image":{"@id":"https:\/\/sysmatec.ch\/de\/#\/schema\/logo\/image\/"}}]}},"_links":{"self":[{"href":"https:\/\/sysmatec.ch\/de\/wp-json\/wp\/v2\/product\/2195","targetHints":{"allow":["GET"]}}],"collection":[{"href":"https:\/\/sysmatec.ch\/de\/wp-json\/wp\/v2\/product"}],"about":[{"href":"https:\/\/sysmatec.ch\/de\/wp-json\/wp\/v2\/types\/product"}],"wp:featuredmedia":[{"embeddable":true,"href":"https:\/\/sysmatec.ch\/de\/wp-json\/wp\/v2\/media\/1283"}],"wp:attachment":[{"href":"https:\/\/sysmatec.ch\/de\/wp-json\/wp\/v2\/media?parent=2195"}],"wp:term":[{"taxonomy":"product_brand","embeddable":true,"href":"https:\/\/sysmatec.ch\/de\/wp-json\/wp\/v2\/product_brand?post=2195"},{"taxonomy":"product_cat","embeddable":true,"href":"https:\/\/sysmatec.ch\/de\/wp-json\/wp\/v2\/product_cat?post=2195"},{"taxonomy":"product_tag","embeddable":true,"href":"https:\/\/sysmatec.ch\/de\/wp-json\/wp\/v2\/product_tag?post=2195"}],"curies":[{"name":"wp","href":"https:\/\/api.w.org\/{rel}","templated":true}]}}