{"id":21943,"date":"2021-01-17T20:44:42","date_gmt":"2021-01-17T19:44:42","guid":{"rendered":"https:\/\/sysmatec.ch\/?post_type=product&#038;p=21943"},"modified":"2021-12-02T19:00:54","modified_gmt":"2021-12-02T18:00:54","slug":"pcr-roehrchen-0-1ml-und-0-2-ml","status":"publish","type":"product","link":"https:\/\/sysmatec.ch\/de\/Produkt\/pcr-roehrchen-0-1ml-und-0-2-ml\/","title":{"rendered":"PCR-R\u00f6hrchen 0.1mL und 0.2 mL"},"content":{"rendered":"<p>Kein Risiko der Probenverunreinigung und Verlust der Probe &#8211; qualitativ hochwertiges Rohmaterial entspricht den Reinheitsstandards und verf\u00fcgt \u00fcber eine sehr gute mechanische und chemische Best\u00e4ndigkeit<br \/>\nMaximale Probenr\u00fcckgewinnung &#8211; der V-Boden erm\u00f6glicht durch seine zugespitzte Form eine vereinfachte Probenaufnahme<br \/>\nReduzierte Zykluszeit und optimale W\u00e4rme\u00fcbertragung &#8211; garantiert durch extra d\u00fcnne,\u00a0 gleichm\u00e4\u00dfige Wandst\u00e4rke des R\u00f6hrchens<br \/>\nGeringe Bindung &#8211; Reduzierung der Anhaftung von Proteinen auf ein Minimum<br \/>\nOptische Messung &#8211; hohe Transparenz der PCR-R\u00f6hrchen erlaubt den Einsatz f\u00fcr Anwendungen, in denen das optische qPCR Signal vom Boden der R\u00f6hrchen kommt<br \/>\nZentrifugenspezifikationen:<br \/>\nbis zu 18.000 x g &#8211; Winkelrotor<br \/>\nbis zu 500 x g &#8211; Ausschwingrotor<br \/>\nM\u00fcheloses und sicheres Arbeiten &#8211; ergonomisches Flachdeckel-Design erm\u00f6glicht das \u00d6ffnen und Schlie\u00dfen mit einer Hand<br \/>\nSterile Handhabung &#8211; jede Charge wird unter strengen sterilen Bedingungen gefertigt<br \/>\nVersionen &#8211; in zwei Gr\u00f6\u00dfen lieferbar 0,1 mL und 0,2 mL<\/p>\n<p>Metal frei<\/p>\n<p>Sterilisierbar bis 121 \u00b0C, 15 Min.<\/p>\n<h2>PCR-R\u00f6hrchen Bestellinformation<\/h2>\n<table id=\"tablepress-DE-pcr-tubes\" class=\"tablepress tablepress-id-DE-pcr-tubes\">\n<thead>\n<tr class=\"row-1\">\n<th class=\"column-1\">Volumen<\/th>\n<th class=\"column-2\">H\u00f6he<\/th>\n<th class=\"column-3\">Farbe<\/th>\n<th class=\"column-4\">Sterilisiert<\/th>\n<th class=\"column-5\">Verpackung<\/th>\n<th class=\"column-6\">VE<\/th>\n<th class=\"column-7\">Kat.-Nr.<\/th>\n<\/tr>\n<\/thead>\n<tbody>\n<tr class=\"row-2\">\n<td class=\"column-1\">0,1 mL, Flachkappen<\/td>\n<td class=\"column-2\">16,6 mm<\/td>\n<td class=\"column-3\">klar<\/td>\n<td class=\"column-4\"><\/td>\n<td class=\"column-5\">Beutel<\/td>\n<td class=\"column-6\">20&#215;1000<\/td>\n<td class=\"column-7\">3-000-80-0<\/td>\n<\/tr>\n<tr class=\"row-3\">\n<td class=\"column-1\" rowspan=\"2\">0,2 mL, Flachkappen<\/td>\n<td class=\"column-2\">21,5 mm<\/td>\n<td class=\"column-3\">klar<\/td>\n<td class=\"column-4\"><\/td>\n<td class=\"column-5\">Beutel<\/td>\n<td class=\"column-6\">10&#215;1000<\/td>\n<td class=\"column-7\">3-010-80-0<\/td>\n<\/tr>\n<tr class=\"row-4\">\n<td class=\"column-2\">21,5 mm<\/td>\n<td class=\"column-3\">klar<\/td>\n<td class=\"column-4\"><img decoding=\"async\" class=\"emoji\" draggable=\"false\" src=\"https:\/\/s.w.org\/images\/core\/emoji\/11\/svg\/2714.svg\" alt=\"\u2714\ufe0f\" \/><\/td>\n<td class=\"column-5\">Beutel<\/td>\n<td class=\"column-6\">10&#215;1000<\/td>\n<td class=\"column-7\">3-011-80-0<\/td>\n<\/tr>\n<\/tbody>\n<\/table>\n","protected":false},"excerpt":{"rendered":"<p>PCR-R\u00f6hrchen 0.1mL und 0.2 mL, Reduzierung der Anhaftung<br \/>\nvon Proteinen auf ein Minimum, Metalfrei, sterilisierbar. Die PCR-R\u00f6hrchen k\u00f6nnen steril geliefert werden.<\/p>\n","protected":false},"featured_media":21947,"template":"","meta":{"_crdt_document":""},"product_brand":[],"product_cat":[279,388],"product_tag":[],"class_list":{"0":"post-21943","1":"product","2":"type-product","3":"status-publish","4":"has-post-thumbnail","6":"product_cat-verbrauchsmaterial","7":"product_cat-verteilung","9":"first","10":"instock","11":"taxable","12":"shipping-taxable","13":"product-type-simple"},"yoast_head":"<!-- This site is optimized with the Yoast SEO plugin v27.4 - https:\/\/yoast.com\/product\/yoast-seo-wordpress\/ -->\n<title>PCR-R\u00f6hrchen 0.1mL und 0.2 mL - Sysmatec<\/title>\n<meta name=\"description\" content=\"0.1 ml und 0.2 ml PCR-Gef\u00e4\u00dfe, mit geringer Adh\u00e4sionsoberfl\u00e4che, metallfrei, sterilisierbar. Kann in einer Zentrifuge verwendet werden.\" \/>\n<meta name=\"robots\" content=\"index, follow, max-snippet:-1, max-image-preview:large, max-video-preview:-1\" \/>\n<link rel=\"canonical\" href=\"https:\/\/sysmatec.ch\/de\/produit\/pcr-roehrchen-0-1ml-und-0-2-ml\/\" \/>\n<meta property=\"og:locale\" content=\"de_DE\" \/>\n<meta property=\"og:type\" content=\"article\" \/>\n<meta property=\"og:title\" content=\"PCR-R\u00f6hrchen 0.1mL und 0.2 mL - Sysmatec\" \/>\n<meta property=\"og:description\" content=\"0.1 ml und 0.2 ml PCR-Gef\u00e4\u00dfe, mit geringer Adh\u00e4sionsoberfl\u00e4che, metallfrei, sterilisierbar. Kann in einer Zentrifuge verwendet werden.\" \/>\n<meta property=\"og:url\" content=\"https:\/\/sysmatec.ch\/de\/produit\/pcr-roehrchen-0-1ml-und-0-2-ml\/\" \/>\n<meta property=\"og:site_name\" content=\"Sysmatec\" \/>\n<meta property=\"article:modified_time\" content=\"2021-12-02T18:00:54+00:00\" \/>\n<meta property=\"og:image\" content=\"https:\/\/sysmatec.ch\/wp-content\/uploads\/2021\/01\/AhnPCRTubeMytube.jpg\" \/>\n\t<meta property=\"og:image:width\" content=\"375\" \/>\n\t<meta property=\"og:image:height\" content=\"411\" \/>\n\t<meta property=\"og:image:type\" content=\"image\/jpeg\" \/>\n<meta name=\"twitter:card\" content=\"summary_large_image\" \/>\n<meta name=\"twitter:label1\" content=\"Gesch\u00e4tzte Lesezeit\" \/>\n\t<meta name=\"twitter:data1\" content=\"1\u00a0Minute\" \/>\n<script type=\"application\/ld+json\" class=\"yoast-schema-graph\">{\"@context\":\"https:\\\/\\\/schema.org\",\"@graph\":[{\"@type\":\"WebPage\",\"@id\":\"https:\\\/\\\/sysmatec.ch\\\/de\\\/produit\\\/pcr-roehrchen-0-1ml-und-0-2-ml\\\/\",\"url\":\"https:\\\/\\\/sysmatec.ch\\\/de\\\/produit\\\/pcr-roehrchen-0-1ml-und-0-2-ml\\\/\",\"name\":\"PCR-R\u00f6hrchen 0.1mL und 0.2 mL - Sysmatec\",\"isPartOf\":{\"@id\":\"https:\\\/\\\/sysmatec.ch\\\/de\\\/#website\"},\"primaryImageOfPage\":{\"@id\":\"https:\\\/\\\/sysmatec.ch\\\/de\\\/produit\\\/pcr-roehrchen-0-1ml-und-0-2-ml\\\/#primaryimage\"},\"image\":{\"@id\":\"https:\\\/\\\/sysmatec.ch\\\/de\\\/produit\\\/pcr-roehrchen-0-1ml-und-0-2-ml\\\/#primaryimage\"},\"thumbnailUrl\":\"https:\\\/\\\/sysmatec.ch\\\/wp-content\\\/uploads\\\/2021\\\/01\\\/AhnPCRTubeMytube.jpg\",\"datePublished\":\"2021-01-17T19:44:42+00:00\",\"dateModified\":\"2021-12-02T18:00:54+00:00\",\"description\":\"0.1 ml und 0.2 ml PCR-Gef\u00e4\u00dfe, mit geringer Adh\u00e4sionsoberfl\u00e4che, metallfrei, sterilisierbar. Kann in einer Zentrifuge verwendet werden.\",\"breadcrumb\":{\"@id\":\"https:\\\/\\\/sysmatec.ch\\\/de\\\/produit\\\/pcr-roehrchen-0-1ml-und-0-2-ml\\\/#breadcrumb\"},\"inLanguage\":\"de\",\"potentialAction\":[{\"@type\":\"ReadAction\",\"target\":[\"https:\\\/\\\/sysmatec.ch\\\/de\\\/produit\\\/pcr-roehrchen-0-1ml-und-0-2-ml\\\/\"]}]},{\"@type\":\"ImageObject\",\"inLanguage\":\"de\",\"@id\":\"https:\\\/\\\/sysmatec.ch\\\/de\\\/produit\\\/pcr-roehrchen-0-1ml-und-0-2-ml\\\/#primaryimage\",\"url\":\"https:\\\/\\\/sysmatec.ch\\\/wp-content\\\/uploads\\\/2021\\\/01\\\/AhnPCRTubeMytube.jpg\",\"contentUrl\":\"https:\\\/\\\/sysmatec.ch\\\/wp-content\\\/uploads\\\/2021\\\/01\\\/AhnPCRTubeMytube.jpg\",\"width\":375,\"height\":411},{\"@type\":\"BreadcrumbList\",\"@id\":\"https:\\\/\\\/sysmatec.ch\\\/de\\\/produit\\\/pcr-roehrchen-0-1ml-und-0-2-ml\\\/#breadcrumb\",\"itemListElement\":[{\"@type\":\"ListItem\",\"position\":1,\"name\":\"Accueil\",\"item\":\"https:\\\/\\\/sysmatec.ch\\\/de\\\/\"},{\"@type\":\"ListItem\",\"position\":2,\"name\":\"Die Aktivit\u00e4t von Sysmatec\",\"item\":\"https:\\\/\\\/sysmatec.ch\\\/de\\\/\"},{\"@type\":\"ListItem\",\"position\":3,\"name\":\"PCR-R\u00f6hrchen 0.1mL und 0.2 mL\"}]},{\"@type\":\"WebSite\",\"@id\":\"https:\\\/\\\/sysmatec.ch\\\/de\\\/#website\",\"url\":\"https:\\\/\\\/sysmatec.ch\\\/de\\\/\",\"name\":\"Sysmatec\",\"description\":\"Equipement de laboratoire et logiciels\",\"publisher\":{\"@id\":\"https:\\\/\\\/sysmatec.ch\\\/de\\\/#organization\"},\"potentialAction\":[{\"@type\":\"SearchAction\",\"target\":{\"@type\":\"EntryPoint\",\"urlTemplate\":\"https:\\\/\\\/sysmatec.ch\\\/de\\\/?s={search_term_string}\"},\"query-input\":{\"@type\":\"PropertyValueSpecification\",\"valueRequired\":true,\"valueName\":\"search_term_string\"}}],\"inLanguage\":\"de\"},{\"@type\":\"Organization\",\"@id\":\"https:\\\/\\\/sysmatec.ch\\\/de\\\/#organization\",\"name\":\"Sysmatec\",\"url\":\"https:\\\/\\\/sysmatec.ch\\\/de\\\/\",\"logo\":{\"@type\":\"ImageObject\",\"inLanguage\":\"de\",\"@id\":\"https:\\\/\\\/sysmatec.ch\\\/de\\\/#\\\/schema\\\/logo\\\/image\\\/\",\"url\":\"https:\\\/\\\/sysmatec.ch\\\/wp-content\\\/uploads\\\/2018\\\/11\\\/LogoSysmatec.jpg\",\"contentUrl\":\"https:\\\/\\\/sysmatec.ch\\\/wp-content\\\/uploads\\\/2018\\\/11\\\/LogoSysmatec.jpg\",\"width\":301,\"height\":297,\"caption\":\"Sysmatec\"},\"image\":{\"@id\":\"https:\\\/\\\/sysmatec.ch\\\/de\\\/#\\\/schema\\\/logo\\\/image\\\/\"}}]}<\/script>\n<!-- \/ Yoast SEO plugin. -->","yoast_head_json":{"title":"PCR-R\u00f6hrchen 0.1mL und 0.2 mL - Sysmatec","description":"0.1 ml und 0.2 ml PCR-Gef\u00e4\u00dfe, mit geringer Adh\u00e4sionsoberfl\u00e4che, metallfrei, sterilisierbar. Kann in einer Zentrifuge verwendet werden.","robots":{"index":"index","follow":"follow","max-snippet":"max-snippet:-1","max-image-preview":"max-image-preview:large","max-video-preview":"max-video-preview:-1"},"canonical":"https:\/\/sysmatec.ch\/de\/produit\/pcr-roehrchen-0-1ml-und-0-2-ml\/","og_locale":"de_DE","og_type":"article","og_title":"PCR-R\u00f6hrchen 0.1mL und 0.2 mL - Sysmatec","og_description":"0.1 ml und 0.2 ml PCR-Gef\u00e4\u00dfe, mit geringer Adh\u00e4sionsoberfl\u00e4che, metallfrei, sterilisierbar. Kann in einer Zentrifuge verwendet werden.","og_url":"https:\/\/sysmatec.ch\/de\/produit\/pcr-roehrchen-0-1ml-und-0-2-ml\/","og_site_name":"Sysmatec","article_modified_time":"2021-12-02T18:00:54+00:00","og_image":[{"width":375,"height":411,"url":"https:\/\/sysmatec.ch\/wp-content\/uploads\/2021\/01\/AhnPCRTubeMytube.jpg","type":"image\/jpeg"}],"twitter_card":"summary_large_image","twitter_misc":{"Gesch\u00e4tzte Lesezeit":"1\u00a0Minute"},"schema":{"@context":"https:\/\/schema.org","@graph":[{"@type":"WebPage","@id":"https:\/\/sysmatec.ch\/de\/produit\/pcr-roehrchen-0-1ml-und-0-2-ml\/","url":"https:\/\/sysmatec.ch\/de\/produit\/pcr-roehrchen-0-1ml-und-0-2-ml\/","name":"PCR-R\u00f6hrchen 0.1mL und 0.2 mL - Sysmatec","isPartOf":{"@id":"https:\/\/sysmatec.ch\/de\/#website"},"primaryImageOfPage":{"@id":"https:\/\/sysmatec.ch\/de\/produit\/pcr-roehrchen-0-1ml-und-0-2-ml\/#primaryimage"},"image":{"@id":"https:\/\/sysmatec.ch\/de\/produit\/pcr-roehrchen-0-1ml-und-0-2-ml\/#primaryimage"},"thumbnailUrl":"https:\/\/sysmatec.ch\/wp-content\/uploads\/2021\/01\/AhnPCRTubeMytube.jpg","datePublished":"2021-01-17T19:44:42+00:00","dateModified":"2021-12-02T18:00:54+00:00","description":"0.1 ml und 0.2 ml PCR-Gef\u00e4\u00dfe, mit geringer Adh\u00e4sionsoberfl\u00e4che, metallfrei, sterilisierbar. Kann in einer Zentrifuge verwendet werden.","breadcrumb":{"@id":"https:\/\/sysmatec.ch\/de\/produit\/pcr-roehrchen-0-1ml-und-0-2-ml\/#breadcrumb"},"inLanguage":"de","potentialAction":[{"@type":"ReadAction","target":["https:\/\/sysmatec.ch\/de\/produit\/pcr-roehrchen-0-1ml-und-0-2-ml\/"]}]},{"@type":"ImageObject","inLanguage":"de","@id":"https:\/\/sysmatec.ch\/de\/produit\/pcr-roehrchen-0-1ml-und-0-2-ml\/#primaryimage","url":"https:\/\/sysmatec.ch\/wp-content\/uploads\/2021\/01\/AhnPCRTubeMytube.jpg","contentUrl":"https:\/\/sysmatec.ch\/wp-content\/uploads\/2021\/01\/AhnPCRTubeMytube.jpg","width":375,"height":411},{"@type":"BreadcrumbList","@id":"https:\/\/sysmatec.ch\/de\/produit\/pcr-roehrchen-0-1ml-und-0-2-ml\/#breadcrumb","itemListElement":[{"@type":"ListItem","position":1,"name":"Accueil","item":"https:\/\/sysmatec.ch\/de\/"},{"@type":"ListItem","position":2,"name":"Die Aktivit\u00e4t von Sysmatec","item":"https:\/\/sysmatec.ch\/de\/"},{"@type":"ListItem","position":3,"name":"PCR-R\u00f6hrchen 0.1mL und 0.2 mL"}]},{"@type":"WebSite","@id":"https:\/\/sysmatec.ch\/de\/#website","url":"https:\/\/sysmatec.ch\/de\/","name":"Sysmatec","description":"Equipement de laboratoire et logiciels","publisher":{"@id":"https:\/\/sysmatec.ch\/de\/#organization"},"potentialAction":[{"@type":"SearchAction","target":{"@type":"EntryPoint","urlTemplate":"https:\/\/sysmatec.ch\/de\/?s={search_term_string}"},"query-input":{"@type":"PropertyValueSpecification","valueRequired":true,"valueName":"search_term_string"}}],"inLanguage":"de"},{"@type":"Organization","@id":"https:\/\/sysmatec.ch\/de\/#organization","name":"Sysmatec","url":"https:\/\/sysmatec.ch\/de\/","logo":{"@type":"ImageObject","inLanguage":"de","@id":"https:\/\/sysmatec.ch\/de\/#\/schema\/logo\/image\/","url":"https:\/\/sysmatec.ch\/wp-content\/uploads\/2018\/11\/LogoSysmatec.jpg","contentUrl":"https:\/\/sysmatec.ch\/wp-content\/uploads\/2018\/11\/LogoSysmatec.jpg","width":301,"height":297,"caption":"Sysmatec"},"image":{"@id":"https:\/\/sysmatec.ch\/de\/#\/schema\/logo\/image\/"}}]}},"_links":{"self":[{"href":"https:\/\/sysmatec.ch\/de\/wp-json\/wp\/v2\/product\/21943","targetHints":{"allow":["GET"]}}],"collection":[{"href":"https:\/\/sysmatec.ch\/de\/wp-json\/wp\/v2\/product"}],"about":[{"href":"https:\/\/sysmatec.ch\/de\/wp-json\/wp\/v2\/types\/product"}],"wp:featuredmedia":[{"embeddable":true,"href":"https:\/\/sysmatec.ch\/de\/wp-json\/wp\/v2\/media\/21947"}],"wp:attachment":[{"href":"https:\/\/sysmatec.ch\/de\/wp-json\/wp\/v2\/media?parent=21943"}],"wp:term":[{"taxonomy":"product_brand","embeddable":true,"href":"https:\/\/sysmatec.ch\/de\/wp-json\/wp\/v2\/product_brand?post=21943"},{"taxonomy":"product_cat","embeddable":true,"href":"https:\/\/sysmatec.ch\/de\/wp-json\/wp\/v2\/product_cat?post=21943"},{"taxonomy":"product_tag","embeddable":true,"href":"https:\/\/sysmatec.ch\/de\/wp-json\/wp\/v2\/product_tag?post=21943"}],"curies":[{"name":"wp","href":"https:\/\/api.w.org\/{rel}","templated":true}]}}