{"id":21936,"date":"2021-01-17T12:13:48","date_gmt":"2021-01-17T11:13:49","guid":{"rendered":"https:\/\/sysmatec.ch\/?post_type=product&#038;p=21936"},"modified":"2021-12-02T19:12:26","modified_gmt":"2021-12-02T18:12:26","slug":"co2-datenlogger-cp11","status":"publish","type":"product","link":"https:\/\/sysmatec.ch\/de\/Produkt\/co2-datenlogger-cp11\/","title":{"rendered":"CO2 Datenlogger CP11"},"content":{"rendered":"<p>Der CO2 Datenlogger CO2 Display\u00a0 ist ein preiswertes Multimessger\u00e4t welches gleichzeitig CO2, Feuchte und Temperatur misst und aufzeichnet. Mit der mitgelieferten ROTRONIC SW21 Software kann das Messger\u00e4t nach Kundenw\u00fcnschen eingestellt werden, Daten runtergeladen, gespeichert und analysiert werden.<\/p>\n<h2>CO2 Datenlogger Anwendungen<\/h2>\n<p>Raumluftqualit\u00e4t, \u00dcberwachung von Tiefgaragen, Leck\u00fcberwachung von Abf\u00fcllanlagen.<\/p>\n<h2>CO2 Datenlogger Merkmale<\/h2>\n<p>\u2022 Misst und loggt CO2, relative Feuchte und Temperatur<br \/>\n\u2022 Berechnet den Taupunkt<br \/>\n\u2022 Speichert bis zu 18 000 CO2-, Feuchte- und Temperatur-Messwerte<br \/>\n\u2022 Maximal-, Minimal- und Durchschnittswert-Anzeige<br \/>\n\u2022 Einstellbarer, akustischer CO2-Alarm<br \/>\n\u2022 Display mit Hintergrundbeleuchtung<br \/>\n\u2022 Einstellbare Auto Power Off Funktion<br \/>\n\u2022 Mini-USB Schnittstelle<\/p>\n<table id=\"product-attribute-specs-table\" class=\"data-table\">\n<tbody>\n<tr class=\"first odd\">\n<th class=\"label\">GENAUIGKEIT @ 23\u00b15 \u00b0C<\/th>\n<td class=\"data last\">\u00b130 ppm \u00b15 % des Messwertes, \u00b12 %rF (10&#8230;90 %rF), andere \u00b1 5 %rF, \u00b10.3 K<\/td>\n<\/tr>\n<tr class=\"even\">\n<th class=\"label\">MESSBEREICH<\/th>\n<td class=\"data last\">0\u20265000 ppm, 0.1&#8230;99.95 %RH, -20&#8230;60 \u00b0C<\/td>\n<\/tr>\n<tr class=\"odd\">\n<th class=\"label\">EINSATZBEREICH<\/th>\n<td class=\"data last\">0&#8230;50 \u00b0C \/ 0.1&#8230;99.9 %rF nicht kondensierend<\/td>\n<\/tr>\n<tr class=\"even\">\n<th class=\"label\">MESSPRINZIP<\/th>\n<td class=\"data last\">Infrarot (NDIR) mit Autokalibrierung (ABC)<\/td>\n<\/tr>\n<tr class=\"odd\">\n<th class=\"label\">JUSTIERPUNKTE<\/th>\n<td class=\"data last\">0, 400 ppm und 35, 80 %rF<\/td>\n<\/tr>\n<tr class=\"even\">\n<th class=\"label\">DRUCKABH\u00c4NGIGKEIT<\/th>\n<td class=\"data last\">+1.6 % Ablesung pro kPa<\/td>\n<\/tr>\n<tr class=\"odd\">\n<th class=\"label\">NULLPUNKTDRIFT<\/th>\n<td class=\"data last\">&lt;10 ppm\/Jahr<\/td>\n<\/tr>\n<tr class=\"even\">\n<th class=\"label\">STROMVERSORGUNG<\/th>\n<td class=\"data last\">4 x AA Batterie \/ optionales Netzger\u00e4t AC1214<\/td>\n<\/tr>\n<tr class=\"odd\">\n<th class=\"label\">BATTERIELEBENSDAUER<\/th>\n<td class=\"data last\">50 h<\/td>\n<\/tr>\n<tr class=\"even\">\n<th class=\"label\">MESSWERTSPEICHER<\/th>\n<td class=\"data last\">18 000 Werte mit Zeitstempel, automatische Aufzeichnung (%rF \/ \u00b0C \/ ppm), 99 Einzelwerte mit Zeitstempel, manuelle Aufzeichnung, (%rF \/ \u00b0C \/ TP \/ FFKT \/ ppm)<\/td>\n<\/tr>\n<tr class=\"odd\">\n<th class=\"label\">AUFW\u00c4RMZEIT<\/th>\n<td class=\"data last\">&lt;1 min<\/td>\n<\/tr>\n<tr class=\"even\">\n<th class=\"label\">LANGZEITSTABILIT\u00c4T<\/th>\n<td class=\"data last\">&lt; 1.5 %rF pro Jahr<\/td>\n<\/tr>\n<tr class=\"odd\">\n<th class=\"label\">FEUCHTESENSOR<\/th>\n<td class=\"data last\">ROTRONIC HYGROMER\u00ae IN-1<\/td>\n<\/tr>\n<tr class=\"even\">\n<th class=\"label\">TEMPERATURSENSOR<\/th>\n<td class=\"data last\">Thermistor<\/td>\n<\/tr>\n<tr class=\"odd\">\n<th class=\"label\">ANSPRECHZEIT<\/th>\n<td class=\"data last\">&lt;10 sec @ 30 cc\/min Durchfluss, &lt;3 min Diffusionszeit<\/td>\n<\/tr>\n<tr class=\"even\">\n<th class=\"label\">ANSPRECHZEIT T 63 FEUCHTESENSOR<\/th>\n<td class=\"data last\">&lt;30 s, ohne Filter<\/td>\n<\/tr>\n<tr class=\"odd\">\n<th class=\"label\">BERECHNUNGEN<\/th>\n<td class=\"data last\">Taupunkt, Feuchtkugeltemperatur<\/td>\n<\/tr>\n<tr class=\"even\">\n<th class=\"label\">STROMVERBRAUCH<\/th>\n<td class=\"data last\">40 mA (typisch)<\/td>\n<\/tr>\n<tr class=\"odd\">\n<th class=\"label\">ANGEZEIGTE MESSGR\u00d6SSEN<\/th>\n<td class=\"data last\">CO2, relative Feuchte und Temperatur<\/td>\n<\/tr>\n<tr class=\"even\">\n<th class=\"label\">UHR<\/th>\n<td class=\"data last\">Real Time Clock<\/td>\n<\/tr>\n<tr class=\"odd\">\n<th class=\"label\">ALARM FUNKTION<\/th>\n<td class=\"data last\">Adjustable for CO2 measurement<\/td>\n<\/tr>\n<tr class=\"even\">\n<th class=\"label\">GEH\u00c4USE<\/th>\n<td class=\"data last\">ABS<\/td>\n<\/tr>\n<tr class=\"odd\">\n<th class=\"label\">SCHUTZART<\/th>\n<td class=\"data last\">IP30<\/td>\n<\/tr>\n<tr class=\"even\">\n<th class=\"label\">CE \/ EMC KONFORM<\/th>\n<td class=\"data last\">2004\/108\/EG<\/td>\n<\/tr>\n<tr class=\"odd\">\n<th class=\"label\">UNTERHALT<\/th>\n<td class=\"data last\">Kein Unterhalt (Standard Indoor Anwendungen)<\/td>\n<\/tr>\n<tr class=\"even\">\n<th class=\"label\">ABMESSUNGEN<\/th>\n<td class=\"data last\">76,7 x 41,8 x 233,9 mm<\/td>\n<\/tr>\n<tr class=\"last odd\">\n<th class=\"label\">GEWICHT<\/th>\n<td class=\"data last\">290 g<\/td>\n<\/tr>\n<\/tbody>\n<\/table>\n","protected":false},"excerpt":{"rendered":"<p>CO2-Datenlogger, Messung von CO2, Temperatur und Feuchte in R\u00e4umen,\u00a0 mit Display und Alarme, f\u00fcr eine bessere Luftqualit\u00e4t<\/p>\n","protected":false},"featured_media":21940,"template":"","meta":{"_crdt_document":""},"product_brand":[],"product_cat":[185,248,374],"product_tag":[],"class_list":{"0":"post-21936","1":"product","2":"type-product","3":"status-publish","4":"has-post-thumbnail","6":"product_cat-analyzer-de","7":"product_cat-co2-de","8":"product_cat-gas-de","10":"first","11":"instock","12":"taxable","13":"shipping-taxable","14":"product-type-simple"},"yoast_head":"<!-- This site is optimized with the Yoast SEO plugin v27.3 - https:\/\/yoast.com\/product\/yoast-seo-wordpress\/ -->\n<title>CO2 Datenlogger CP11 - Sysmatec<\/title>\n<meta name=\"description\" content=\"CO2-Detektor mit Aufzeichnungsfunktion. Ideal zur Kontrolle der Luftqualit\u00e4t in Geb\u00e4uden. Misst auch Temperatur und Feuchte.\" \/>\n<meta name=\"robots\" content=\"index, follow, max-snippet:-1, max-image-preview:large, max-video-preview:-1\" \/>\n<link rel=\"canonical\" href=\"https:\/\/sysmatec.ch\/de\/produit\/co2-datenlogger-cp11\/\" \/>\n<meta property=\"og:locale\" content=\"de_DE\" \/>\n<meta property=\"og:type\" content=\"article\" \/>\n<meta property=\"og:title\" content=\"CO2 Datenlogger CP11 - Sysmatec\" \/>\n<meta property=\"og:description\" content=\"CO2-Detektor mit Aufzeichnungsfunktion. Ideal zur Kontrolle der Luftqualit\u00e4t in Geb\u00e4uden. Misst auch Temperatur und Feuchte.\" \/>\n<meta property=\"og:url\" content=\"https:\/\/sysmatec.ch\/de\/produit\/co2-datenlogger-cp11\/\" \/>\n<meta property=\"og:site_name\" content=\"Sysmatec\" \/>\n<meta property=\"article:modified_time\" content=\"2021-12-02T18:12:26+00:00\" \/>\n<meta property=\"og:image\" content=\"https:\/\/sysmatec.ch\/wp-content\/uploads\/2021\/01\/RotronicCP11.jpg\" \/>\n\t<meta property=\"og:image:width\" content=\"1108\" \/>\n\t<meta property=\"og:image:height\" content=\"2367\" \/>\n\t<meta property=\"og:image:type\" content=\"image\/jpeg\" \/>\n<meta name=\"twitter:card\" content=\"summary_large_image\" \/>\n<meta name=\"twitter:label1\" content=\"Gesch\u00e4tzte Lesezeit\" \/>\n\t<meta name=\"twitter:data1\" content=\"2\u00a0Minuten\" \/>\n<script type=\"application\/ld+json\" class=\"yoast-schema-graph\">{\"@context\":\"https:\\\/\\\/schema.org\",\"@graph\":[{\"@type\":\"WebPage\",\"@id\":\"https:\\\/\\\/sysmatec.ch\\\/de\\\/produit\\\/co2-datenlogger-cp11\\\/\",\"url\":\"https:\\\/\\\/sysmatec.ch\\\/de\\\/produit\\\/co2-datenlogger-cp11\\\/\",\"name\":\"CO2 Datenlogger CP11 - Sysmatec\",\"isPartOf\":{\"@id\":\"https:\\\/\\\/sysmatec.ch\\\/de\\\/#website\"},\"primaryImageOfPage\":{\"@id\":\"https:\\\/\\\/sysmatec.ch\\\/de\\\/produit\\\/co2-datenlogger-cp11\\\/#primaryimage\"},\"image\":{\"@id\":\"https:\\\/\\\/sysmatec.ch\\\/de\\\/produit\\\/co2-datenlogger-cp11\\\/#primaryimage\"},\"thumbnailUrl\":\"https:\\\/\\\/sysmatec.ch\\\/wp-content\\\/uploads\\\/2021\\\/01\\\/RotronicCP11.jpg\",\"datePublished\":\"2021-01-17T11:13:49+00:00\",\"dateModified\":\"2021-12-02T18:12:26+00:00\",\"description\":\"CO2-Detektor mit Aufzeichnungsfunktion. Ideal zur Kontrolle der Luftqualit\u00e4t in Geb\u00e4uden. Misst auch Temperatur und Feuchte.\",\"breadcrumb\":{\"@id\":\"https:\\\/\\\/sysmatec.ch\\\/de\\\/produit\\\/co2-datenlogger-cp11\\\/#breadcrumb\"},\"inLanguage\":\"de\",\"potentialAction\":[{\"@type\":\"ReadAction\",\"target\":[\"https:\\\/\\\/sysmatec.ch\\\/de\\\/produit\\\/co2-datenlogger-cp11\\\/\"]}]},{\"@type\":\"ImageObject\",\"inLanguage\":\"de\",\"@id\":\"https:\\\/\\\/sysmatec.ch\\\/de\\\/produit\\\/co2-datenlogger-cp11\\\/#primaryimage\",\"url\":\"https:\\\/\\\/sysmatec.ch\\\/wp-content\\\/uploads\\\/2021\\\/01\\\/RotronicCP11.jpg\",\"contentUrl\":\"https:\\\/\\\/sysmatec.ch\\\/wp-content\\\/uploads\\\/2021\\\/01\\\/RotronicCP11.jpg\",\"width\":1108,\"height\":2367},{\"@type\":\"BreadcrumbList\",\"@id\":\"https:\\\/\\\/sysmatec.ch\\\/de\\\/produit\\\/co2-datenlogger-cp11\\\/#breadcrumb\",\"itemListElement\":[{\"@type\":\"ListItem\",\"position\":1,\"name\":\"Accueil\",\"item\":\"https:\\\/\\\/sysmatec.ch\\\/de\\\/\"},{\"@type\":\"ListItem\",\"position\":2,\"name\":\"Die Aktivit\u00e4t von Sysmatec\",\"item\":\"https:\\\/\\\/sysmatec.ch\\\/de\\\/\"},{\"@type\":\"ListItem\",\"position\":3,\"name\":\"CO2 Datenlogger CP11\"}]},{\"@type\":\"WebSite\",\"@id\":\"https:\\\/\\\/sysmatec.ch\\\/de\\\/#website\",\"url\":\"https:\\\/\\\/sysmatec.ch\\\/de\\\/\",\"name\":\"Sysmatec\",\"description\":\"Equipement de laboratoire et logiciels\",\"publisher\":{\"@id\":\"https:\\\/\\\/sysmatec.ch\\\/de\\\/#organization\"},\"potentialAction\":[{\"@type\":\"SearchAction\",\"target\":{\"@type\":\"EntryPoint\",\"urlTemplate\":\"https:\\\/\\\/sysmatec.ch\\\/de\\\/?s={search_term_string}\"},\"query-input\":{\"@type\":\"PropertyValueSpecification\",\"valueRequired\":true,\"valueName\":\"search_term_string\"}}],\"inLanguage\":\"de\"},{\"@type\":\"Organization\",\"@id\":\"https:\\\/\\\/sysmatec.ch\\\/de\\\/#organization\",\"name\":\"Sysmatec\",\"url\":\"https:\\\/\\\/sysmatec.ch\\\/de\\\/\",\"logo\":{\"@type\":\"ImageObject\",\"inLanguage\":\"de\",\"@id\":\"https:\\\/\\\/sysmatec.ch\\\/de\\\/#\\\/schema\\\/logo\\\/image\\\/\",\"url\":\"https:\\\/\\\/sysmatec.ch\\\/wp-content\\\/uploads\\\/2018\\\/11\\\/LogoSysmatec.jpg\",\"contentUrl\":\"https:\\\/\\\/sysmatec.ch\\\/wp-content\\\/uploads\\\/2018\\\/11\\\/LogoSysmatec.jpg\",\"width\":301,\"height\":297,\"caption\":\"Sysmatec\"},\"image\":{\"@id\":\"https:\\\/\\\/sysmatec.ch\\\/de\\\/#\\\/schema\\\/logo\\\/image\\\/\"}}]}<\/script>\n<!-- \/ Yoast SEO plugin. -->","yoast_head_json":{"title":"CO2 Datenlogger CP11 - Sysmatec","description":"CO2-Detektor mit Aufzeichnungsfunktion. Ideal zur Kontrolle der Luftqualit\u00e4t in Geb\u00e4uden. Misst auch Temperatur und Feuchte.","robots":{"index":"index","follow":"follow","max-snippet":"max-snippet:-1","max-image-preview":"max-image-preview:large","max-video-preview":"max-video-preview:-1"},"canonical":"https:\/\/sysmatec.ch\/de\/produit\/co2-datenlogger-cp11\/","og_locale":"de_DE","og_type":"article","og_title":"CO2 Datenlogger CP11 - Sysmatec","og_description":"CO2-Detektor mit Aufzeichnungsfunktion. Ideal zur Kontrolle der Luftqualit\u00e4t in Geb\u00e4uden. Misst auch Temperatur und Feuchte.","og_url":"https:\/\/sysmatec.ch\/de\/produit\/co2-datenlogger-cp11\/","og_site_name":"Sysmatec","article_modified_time":"2021-12-02T18:12:26+00:00","og_image":[{"width":1108,"height":2367,"url":"https:\/\/sysmatec.ch\/wp-content\/uploads\/2021\/01\/RotronicCP11.jpg","type":"image\/jpeg"}],"twitter_card":"summary_large_image","twitter_misc":{"Gesch\u00e4tzte Lesezeit":"2\u00a0Minuten"},"schema":{"@context":"https:\/\/schema.org","@graph":[{"@type":"WebPage","@id":"https:\/\/sysmatec.ch\/de\/produit\/co2-datenlogger-cp11\/","url":"https:\/\/sysmatec.ch\/de\/produit\/co2-datenlogger-cp11\/","name":"CO2 Datenlogger CP11 - Sysmatec","isPartOf":{"@id":"https:\/\/sysmatec.ch\/de\/#website"},"primaryImageOfPage":{"@id":"https:\/\/sysmatec.ch\/de\/produit\/co2-datenlogger-cp11\/#primaryimage"},"image":{"@id":"https:\/\/sysmatec.ch\/de\/produit\/co2-datenlogger-cp11\/#primaryimage"},"thumbnailUrl":"https:\/\/sysmatec.ch\/wp-content\/uploads\/2021\/01\/RotronicCP11.jpg","datePublished":"2021-01-17T11:13:49+00:00","dateModified":"2021-12-02T18:12:26+00:00","description":"CO2-Detektor mit Aufzeichnungsfunktion. Ideal zur Kontrolle der Luftqualit\u00e4t in Geb\u00e4uden. Misst auch Temperatur und Feuchte.","breadcrumb":{"@id":"https:\/\/sysmatec.ch\/de\/produit\/co2-datenlogger-cp11\/#breadcrumb"},"inLanguage":"de","potentialAction":[{"@type":"ReadAction","target":["https:\/\/sysmatec.ch\/de\/produit\/co2-datenlogger-cp11\/"]}]},{"@type":"ImageObject","inLanguage":"de","@id":"https:\/\/sysmatec.ch\/de\/produit\/co2-datenlogger-cp11\/#primaryimage","url":"https:\/\/sysmatec.ch\/wp-content\/uploads\/2021\/01\/RotronicCP11.jpg","contentUrl":"https:\/\/sysmatec.ch\/wp-content\/uploads\/2021\/01\/RotronicCP11.jpg","width":1108,"height":2367},{"@type":"BreadcrumbList","@id":"https:\/\/sysmatec.ch\/de\/produit\/co2-datenlogger-cp11\/#breadcrumb","itemListElement":[{"@type":"ListItem","position":1,"name":"Accueil","item":"https:\/\/sysmatec.ch\/de\/"},{"@type":"ListItem","position":2,"name":"Die Aktivit\u00e4t von Sysmatec","item":"https:\/\/sysmatec.ch\/de\/"},{"@type":"ListItem","position":3,"name":"CO2 Datenlogger CP11"}]},{"@type":"WebSite","@id":"https:\/\/sysmatec.ch\/de\/#website","url":"https:\/\/sysmatec.ch\/de\/","name":"Sysmatec","description":"Equipement de laboratoire et logiciels","publisher":{"@id":"https:\/\/sysmatec.ch\/de\/#organization"},"potentialAction":[{"@type":"SearchAction","target":{"@type":"EntryPoint","urlTemplate":"https:\/\/sysmatec.ch\/de\/?s={search_term_string}"},"query-input":{"@type":"PropertyValueSpecification","valueRequired":true,"valueName":"search_term_string"}}],"inLanguage":"de"},{"@type":"Organization","@id":"https:\/\/sysmatec.ch\/de\/#organization","name":"Sysmatec","url":"https:\/\/sysmatec.ch\/de\/","logo":{"@type":"ImageObject","inLanguage":"de","@id":"https:\/\/sysmatec.ch\/de\/#\/schema\/logo\/image\/","url":"https:\/\/sysmatec.ch\/wp-content\/uploads\/2018\/11\/LogoSysmatec.jpg","contentUrl":"https:\/\/sysmatec.ch\/wp-content\/uploads\/2018\/11\/LogoSysmatec.jpg","width":301,"height":297,"caption":"Sysmatec"},"image":{"@id":"https:\/\/sysmatec.ch\/de\/#\/schema\/logo\/image\/"}}]}},"_links":{"self":[{"href":"https:\/\/sysmatec.ch\/de\/wp-json\/wp\/v2\/product\/21936","targetHints":{"allow":["GET"]}}],"collection":[{"href":"https:\/\/sysmatec.ch\/de\/wp-json\/wp\/v2\/product"}],"about":[{"href":"https:\/\/sysmatec.ch\/de\/wp-json\/wp\/v2\/types\/product"}],"wp:featuredmedia":[{"embeddable":true,"href":"https:\/\/sysmatec.ch\/de\/wp-json\/wp\/v2\/media\/21940"}],"wp:attachment":[{"href":"https:\/\/sysmatec.ch\/de\/wp-json\/wp\/v2\/media?parent=21936"}],"wp:term":[{"taxonomy":"product_brand","embeddable":true,"href":"https:\/\/sysmatec.ch\/de\/wp-json\/wp\/v2\/product_brand?post=21936"},{"taxonomy":"product_cat","embeddable":true,"href":"https:\/\/sysmatec.ch\/de\/wp-json\/wp\/v2\/product_cat?post=21936"},{"taxonomy":"product_tag","embeddable":true,"href":"https:\/\/sysmatec.ch\/de\/wp-json\/wp\/v2\/product_tag?post=21936"}],"curies":[{"name":"wp","href":"https:\/\/api.w.org\/{rel}","templated":true}]}}