{"id":21928,"date":"2021-01-17T11:32:18","date_gmt":"2021-01-17T10:32:25","guid":{"rendered":"https:\/\/sysmatec.ch\/?post_type=product&#038;p=21928"},"modified":"2021-12-02T20:31:47","modified_gmt":"2021-12-02T19:31:47","slug":"co2-datenlogger-co2-display","status":"publish","type":"product","link":"https:\/\/sysmatec.ch\/de\/Produkt\/co2-datenlogger-co2-display\/","title":{"rendered":"CO2 Datenlogger CO2 Display"},"content":{"rendered":"<p>Der CO2 Datenlogger CO2 Display\u00a0 ist ein preiswertes Multimessger\u00e4t welches gleichzeitig CO2, Feuchte und Temperatur misst und aufzeichnet. Mit der Software SW21 kann das Messger\u00e4t nach den Kundenw\u00fcnschen eingestellt werden. Das Ger\u00e4t kann direkt mit Tasten konfiguriert und gespeicherte Daten k\u00f6nnen auf einen USB-Stick heruntergeladen und mit der kostenlosen ROTRONIC Software SW21 analysiert werden.<\/p>\n<h2>CO2 Datenlogger Anwendungen<\/h2>\n<p>Indoor Air Quality: Schulzimmer, Kinderg\u00e4rten, Meeting R\u00e4ume, Grossraumb\u00fcros, Shopping Center, Fitness Studios<\/p>\n<h2>CO2 Datenlogger Merkmale<\/h2>\n<p>\u2022 Misst und speichert CO<sub>2<\/sub>, relative Feuchte und Temperatur<br \/>\n\u2022 Speichert bis zu 18&#8217;000 CO<sub>2<\/sub>-, Feuchte- und Temperatur-Messwerte<br \/>\n\u2022 Anzeige von Datum und Zeit<br \/>\n\u2022 Einstellbarer, visueller CO<sub>2<\/sub>-Indikator<br \/>\n\u2022 Grosse, gut ablesbare Anzeige<br \/>\n\u2022 Anschluss von USB-Stick f\u00fcr Datendownload<\/p>\n<table id=\"product-attribute-specs-table\" class=\"data-table\">\n<tbody>\n<tr class=\"first odd\">\n<th class=\"label\">GENAUIGKEIT @ 23\u00b15 \u00b0C<\/th>\n<td class=\"data last\">\u00b130 ppm \u00b15 % des Messwertes, &lt;2.5 %rF (10&#8230;90 %rF), \u00b10.3 \u00b0K<\/td>\n<\/tr>\n<tr class=\"even\">\n<th class=\"label\">MESSBEREICH<\/th>\n<td class=\"data last\">0\u20265000 ppm \/ 0&#8230;100 %RH \/ -20&#8230;60 \u00b0C<\/td>\n<\/tr>\n<tr class=\"odd\">\n<th class=\"label\">EINSATZBEREICH<\/th>\n<td class=\"data last\">0&#8230;50 \u00b0C \/ 0&#8230;95 %rF nicht kondensierend<\/td>\n<\/tr>\n<tr class=\"even\">\n<th class=\"label\">MESSPRINZIP<\/th>\n<td class=\"data last\">Infrarot (NDIR) mit Autokalibrierung (ABC)<\/td>\n<\/tr>\n<tr class=\"odd\">\n<th class=\"label\">JUSTIERPUNKTE<\/th>\n<td class=\"data last\">0, 400 ppm und 35, 80 %rF<\/td>\n<\/tr>\n<tr class=\"even\">\n<th class=\"label\">DRUCKABH\u00c4NGIGKEIT<\/th>\n<td class=\"data last\">+1.6 % Ablesung pro kPa<\/td>\n<\/tr>\n<tr class=\"odd\">\n<th class=\"label\">NULLPUNKTDRIFT<\/th>\n<td class=\"data last\">&lt;10 ppm\/Jahr<\/td>\n<\/tr>\n<tr class=\"even\">\n<th class=\"label\">STROMVERSORGUNG \/ VERBRAUCH<\/th>\n<td class=\"data last\">AC adapter 12 VDC<\/td>\n<\/tr>\n<tr class=\"odd\">\n<th class=\"label\">AUFW\u00c4RMZEIT<\/th>\n<td class=\"data last\">&lt;1 min<\/td>\n<\/tr>\n<tr class=\"even\">\n<th class=\"label\">LANGZEITSTABILIT\u00c4T<\/th>\n<td class=\"data last\">&lt; 1.5 %rF pro Jahr<\/td>\n<\/tr>\n<tr class=\"odd\">\n<th class=\"label\">FEUCHTESENSOR<\/th>\n<td class=\"data last\">ROTRONIC HYGROMER\u00ae IN-1<\/td>\n<\/tr>\n<tr class=\"even\">\n<th class=\"label\">TEMPERATURSENSOR<\/th>\n<td class=\"data last\">NTC<\/td>\n<\/tr>\n<tr class=\"odd\">\n<th class=\"label\">ANSPRECHZEIT<\/th>\n<td class=\"data last\">CO2 : &lt;3 min Diffusionszeit \/ T\u00b0: 4s<\/td>\n<\/tr>\n<tr class=\"even\">\n<th class=\"label\">ANSPRECHZEIT T 63 FEUCHTESENSOR<\/th>\n<td class=\"data last\">&lt;30 s, ohne Filter<\/td>\n<\/tr>\n<tr class=\"odd\">\n<th class=\"label\">STROMVERBRAUCH<\/th>\n<td class=\"data last\">700 mA (max)<\/td>\n<\/tr>\n<tr class=\"even\">\n<th class=\"label\">ANGEZEIGTE MESSGR\u00d6SSEN<\/th>\n<td class=\"data last\">CO2, relative Feuchte und Temperatur<\/td>\n<\/tr>\n<tr class=\"odd\">\n<th class=\"label\">ALARMINDIKATOREN (BEI MODELLEN MIT DISPLAY)<\/th>\n<td class=\"data last\">Einstellbar f\u00fcr CO2-Messung<\/td>\n<\/tr>\n<tr class=\"even\">\n<th class=\"label\">UHR<\/th>\n<td class=\"data last\">Real Time Clock<\/td>\n<\/tr>\n<tr class=\"odd\">\n<th class=\"label\">SPEICHERGR\u00d6SSE<\/th>\n<td class=\"data last\">18\u2018000 Werte mit Zeitstempel, automatische Aufzeichnung (%rF \/ \u00b0C \/ ppm)<\/td>\n<\/tr>\n<tr class=\"even\">\n<th class=\"label\">GEH\u00c4USE<\/th>\n<td class=\"data last\">ABS<\/td>\n<\/tr>\n<tr class=\"odd\">\n<th class=\"label\">CE \/ EMC KONFORM<\/th>\n<td class=\"data last\">2004\/108\/EG<\/td>\n<\/tr>\n<tr class=\"even\">\n<th class=\"label\">UNTERHALT<\/th>\n<td class=\"data last\">Kein Unterhalt (Standard Indoor Anwendungen)<\/td>\n<\/tr>\n<tr class=\"odd\">\n<th class=\"label\">ABMESSUNGEN<\/th>\n<td class=\"data last\">330 x 250 x 50 mm<\/td>\n<\/tr>\n<tr class=\"last even\">\n<th class=\"label\">GEWICHT<\/th>\n<td class=\"data last\">1400 g<\/td>\n<\/tr>\n<\/tbody>\n<\/table>\n","protected":false},"excerpt":{"rendered":"<p>CO2-Datenlogger, Messung von CO2, Temperatur und Feuchte in R\u00e4umen,\u00a0 mit Display und Alarme, f\u00fcr eine bessere Luftqualit\u00e4t.<\/p>\n","protected":false},"featured_media":21933,"template":"","meta":{"_crdt_document":""},"product_brand":[],"product_cat":[185,248,374],"product_tag":[],"class_list":{"0":"post-21928","1":"product","2":"type-product","3":"status-publish","4":"has-post-thumbnail","6":"product_cat-analyzer-de","7":"product_cat-co2-de","8":"product_cat-gas-de","10":"first","11":"instock","12":"taxable","13":"shipping-taxable","14":"product-type-simple"},"yoast_head":"<!-- This site is optimized with the Yoast SEO plugin v27.4 - https:\/\/yoast.com\/product\/yoast-seo-wordpress\/ -->\n<title>CO2 Datenlogger CO2 Display - Sysmatec<\/title>\n<meta name=\"description\" content=\"CO2-Detektor mit Aufzeichnungsfunktion. Ideal zur Kontrolle der Luftqualit\u00e4t in Geb\u00e4uden. Wandversion.\" \/>\n<meta name=\"robots\" content=\"index, follow, max-snippet:-1, max-image-preview:large, max-video-preview:-1\" \/>\n<link rel=\"canonical\" href=\"https:\/\/sysmatec.ch\/de\/produit\/co2-datenlogger-co2-display\/\" \/>\n<meta property=\"og:locale\" content=\"de_DE\" \/>\n<meta property=\"og:type\" content=\"article\" \/>\n<meta property=\"og:title\" content=\"CO2 Datenlogger CO2 Display - Sysmatec\" \/>\n<meta property=\"og:description\" content=\"CO2-Detektor mit Aufzeichnungsfunktion. Ideal zur Kontrolle der Luftqualit\u00e4t in Geb\u00e4uden. Wandversion.\" \/>\n<meta property=\"og:url\" content=\"https:\/\/sysmatec.ch\/de\/produit\/co2-datenlogger-co2-display\/\" \/>\n<meta property=\"og:site_name\" content=\"Sysmatec\" \/>\n<meta property=\"article:modified_time\" content=\"2021-12-02T19:31:47+00:00\" \/>\n<meta property=\"og:image\" content=\"https:\/\/sysmatec.ch\/wp-content\/uploads\/2021\/01\/RotronicCO2Display.jpg\" \/>\n\t<meta property=\"og:image:width\" content=\"969\" \/>\n\t<meta property=\"og:image:height\" content=\"729\" \/>\n\t<meta property=\"og:image:type\" content=\"image\/jpeg\" \/>\n<meta name=\"twitter:card\" content=\"summary_large_image\" \/>\n<meta name=\"twitter:label1\" content=\"Gesch\u00e4tzte Lesezeit\" \/>\n\t<meta name=\"twitter:data1\" content=\"2\u00a0Minuten\" \/>\n<script type=\"application\/ld+json\" class=\"yoast-schema-graph\">{\"@context\":\"https:\\\/\\\/schema.org\",\"@graph\":[{\"@type\":\"WebPage\",\"@id\":\"https:\\\/\\\/sysmatec.ch\\\/de\\\/produit\\\/co2-datenlogger-co2-display\\\/\",\"url\":\"https:\\\/\\\/sysmatec.ch\\\/de\\\/produit\\\/co2-datenlogger-co2-display\\\/\",\"name\":\"CO2 Datenlogger CO2 Display - Sysmatec\",\"isPartOf\":{\"@id\":\"https:\\\/\\\/sysmatec.ch\\\/de\\\/#website\"},\"primaryImageOfPage\":{\"@id\":\"https:\\\/\\\/sysmatec.ch\\\/de\\\/produit\\\/co2-datenlogger-co2-display\\\/#primaryimage\"},\"image\":{\"@id\":\"https:\\\/\\\/sysmatec.ch\\\/de\\\/produit\\\/co2-datenlogger-co2-display\\\/#primaryimage\"},\"thumbnailUrl\":\"https:\\\/\\\/sysmatec.ch\\\/wp-content\\\/uploads\\\/2021\\\/01\\\/RotronicCO2Display.jpg\",\"datePublished\":\"2021-01-17T10:32:25+00:00\",\"dateModified\":\"2021-12-02T19:31:47+00:00\",\"description\":\"CO2-Detektor mit Aufzeichnungsfunktion. Ideal zur Kontrolle der Luftqualit\u00e4t in Geb\u00e4uden. Wandversion.\",\"breadcrumb\":{\"@id\":\"https:\\\/\\\/sysmatec.ch\\\/de\\\/produit\\\/co2-datenlogger-co2-display\\\/#breadcrumb\"},\"inLanguage\":\"de\",\"potentialAction\":[{\"@type\":\"ReadAction\",\"target\":[\"https:\\\/\\\/sysmatec.ch\\\/de\\\/produit\\\/co2-datenlogger-co2-display\\\/\"]}]},{\"@type\":\"ImageObject\",\"inLanguage\":\"de\",\"@id\":\"https:\\\/\\\/sysmatec.ch\\\/de\\\/produit\\\/co2-datenlogger-co2-display\\\/#primaryimage\",\"url\":\"https:\\\/\\\/sysmatec.ch\\\/wp-content\\\/uploads\\\/2021\\\/01\\\/RotronicCO2Display.jpg\",\"contentUrl\":\"https:\\\/\\\/sysmatec.ch\\\/wp-content\\\/uploads\\\/2021\\\/01\\\/RotronicCO2Display.jpg\",\"width\":969,\"height\":729},{\"@type\":\"BreadcrumbList\",\"@id\":\"https:\\\/\\\/sysmatec.ch\\\/de\\\/produit\\\/co2-datenlogger-co2-display\\\/#breadcrumb\",\"itemListElement\":[{\"@type\":\"ListItem\",\"position\":1,\"name\":\"Accueil\",\"item\":\"https:\\\/\\\/sysmatec.ch\\\/de\\\/\"},{\"@type\":\"ListItem\",\"position\":2,\"name\":\"Die Aktivit\u00e4t von Sysmatec\",\"item\":\"https:\\\/\\\/sysmatec.ch\\\/de\\\/\"},{\"@type\":\"ListItem\",\"position\":3,\"name\":\"CO2 Datenlogger CO2 Display\"}]},{\"@type\":\"WebSite\",\"@id\":\"https:\\\/\\\/sysmatec.ch\\\/de\\\/#website\",\"url\":\"https:\\\/\\\/sysmatec.ch\\\/de\\\/\",\"name\":\"Sysmatec\",\"description\":\"Equipement de laboratoire et logiciels\",\"publisher\":{\"@id\":\"https:\\\/\\\/sysmatec.ch\\\/de\\\/#organization\"},\"potentialAction\":[{\"@type\":\"SearchAction\",\"target\":{\"@type\":\"EntryPoint\",\"urlTemplate\":\"https:\\\/\\\/sysmatec.ch\\\/de\\\/?s={search_term_string}\"},\"query-input\":{\"@type\":\"PropertyValueSpecification\",\"valueRequired\":true,\"valueName\":\"search_term_string\"}}],\"inLanguage\":\"de\"},{\"@type\":\"Organization\",\"@id\":\"https:\\\/\\\/sysmatec.ch\\\/de\\\/#organization\",\"name\":\"Sysmatec\",\"url\":\"https:\\\/\\\/sysmatec.ch\\\/de\\\/\",\"logo\":{\"@type\":\"ImageObject\",\"inLanguage\":\"de\",\"@id\":\"https:\\\/\\\/sysmatec.ch\\\/de\\\/#\\\/schema\\\/logo\\\/image\\\/\",\"url\":\"https:\\\/\\\/sysmatec.ch\\\/wp-content\\\/uploads\\\/2018\\\/11\\\/LogoSysmatec.jpg\",\"contentUrl\":\"https:\\\/\\\/sysmatec.ch\\\/wp-content\\\/uploads\\\/2018\\\/11\\\/LogoSysmatec.jpg\",\"width\":301,\"height\":297,\"caption\":\"Sysmatec\"},\"image\":{\"@id\":\"https:\\\/\\\/sysmatec.ch\\\/de\\\/#\\\/schema\\\/logo\\\/image\\\/\"}}]}<\/script>\n<!-- \/ Yoast SEO plugin. -->","yoast_head_json":{"title":"CO2 Datenlogger CO2 Display - Sysmatec","description":"CO2-Detektor mit Aufzeichnungsfunktion. Ideal zur Kontrolle der Luftqualit\u00e4t in Geb\u00e4uden. Wandversion.","robots":{"index":"index","follow":"follow","max-snippet":"max-snippet:-1","max-image-preview":"max-image-preview:large","max-video-preview":"max-video-preview:-1"},"canonical":"https:\/\/sysmatec.ch\/de\/produit\/co2-datenlogger-co2-display\/","og_locale":"de_DE","og_type":"article","og_title":"CO2 Datenlogger CO2 Display - Sysmatec","og_description":"CO2-Detektor mit Aufzeichnungsfunktion. Ideal zur Kontrolle der Luftqualit\u00e4t in Geb\u00e4uden. Wandversion.","og_url":"https:\/\/sysmatec.ch\/de\/produit\/co2-datenlogger-co2-display\/","og_site_name":"Sysmatec","article_modified_time":"2021-12-02T19:31:47+00:00","og_image":[{"width":969,"height":729,"url":"https:\/\/sysmatec.ch\/wp-content\/uploads\/2021\/01\/RotronicCO2Display.jpg","type":"image\/jpeg"}],"twitter_card":"summary_large_image","twitter_misc":{"Gesch\u00e4tzte Lesezeit":"2\u00a0Minuten"},"schema":{"@context":"https:\/\/schema.org","@graph":[{"@type":"WebPage","@id":"https:\/\/sysmatec.ch\/de\/produit\/co2-datenlogger-co2-display\/","url":"https:\/\/sysmatec.ch\/de\/produit\/co2-datenlogger-co2-display\/","name":"CO2 Datenlogger CO2 Display - Sysmatec","isPartOf":{"@id":"https:\/\/sysmatec.ch\/de\/#website"},"primaryImageOfPage":{"@id":"https:\/\/sysmatec.ch\/de\/produit\/co2-datenlogger-co2-display\/#primaryimage"},"image":{"@id":"https:\/\/sysmatec.ch\/de\/produit\/co2-datenlogger-co2-display\/#primaryimage"},"thumbnailUrl":"https:\/\/sysmatec.ch\/wp-content\/uploads\/2021\/01\/RotronicCO2Display.jpg","datePublished":"2021-01-17T10:32:25+00:00","dateModified":"2021-12-02T19:31:47+00:00","description":"CO2-Detektor mit Aufzeichnungsfunktion. Ideal zur Kontrolle der Luftqualit\u00e4t in Geb\u00e4uden. Wandversion.","breadcrumb":{"@id":"https:\/\/sysmatec.ch\/de\/produit\/co2-datenlogger-co2-display\/#breadcrumb"},"inLanguage":"de","potentialAction":[{"@type":"ReadAction","target":["https:\/\/sysmatec.ch\/de\/produit\/co2-datenlogger-co2-display\/"]}]},{"@type":"ImageObject","inLanguage":"de","@id":"https:\/\/sysmatec.ch\/de\/produit\/co2-datenlogger-co2-display\/#primaryimage","url":"https:\/\/sysmatec.ch\/wp-content\/uploads\/2021\/01\/RotronicCO2Display.jpg","contentUrl":"https:\/\/sysmatec.ch\/wp-content\/uploads\/2021\/01\/RotronicCO2Display.jpg","width":969,"height":729},{"@type":"BreadcrumbList","@id":"https:\/\/sysmatec.ch\/de\/produit\/co2-datenlogger-co2-display\/#breadcrumb","itemListElement":[{"@type":"ListItem","position":1,"name":"Accueil","item":"https:\/\/sysmatec.ch\/de\/"},{"@type":"ListItem","position":2,"name":"Die Aktivit\u00e4t von Sysmatec","item":"https:\/\/sysmatec.ch\/de\/"},{"@type":"ListItem","position":3,"name":"CO2 Datenlogger CO2 Display"}]},{"@type":"WebSite","@id":"https:\/\/sysmatec.ch\/de\/#website","url":"https:\/\/sysmatec.ch\/de\/","name":"Sysmatec","description":"Equipement de laboratoire et logiciels","publisher":{"@id":"https:\/\/sysmatec.ch\/de\/#organization"},"potentialAction":[{"@type":"SearchAction","target":{"@type":"EntryPoint","urlTemplate":"https:\/\/sysmatec.ch\/de\/?s={search_term_string}"},"query-input":{"@type":"PropertyValueSpecification","valueRequired":true,"valueName":"search_term_string"}}],"inLanguage":"de"},{"@type":"Organization","@id":"https:\/\/sysmatec.ch\/de\/#organization","name":"Sysmatec","url":"https:\/\/sysmatec.ch\/de\/","logo":{"@type":"ImageObject","inLanguage":"de","@id":"https:\/\/sysmatec.ch\/de\/#\/schema\/logo\/image\/","url":"https:\/\/sysmatec.ch\/wp-content\/uploads\/2018\/11\/LogoSysmatec.jpg","contentUrl":"https:\/\/sysmatec.ch\/wp-content\/uploads\/2018\/11\/LogoSysmatec.jpg","width":301,"height":297,"caption":"Sysmatec"},"image":{"@id":"https:\/\/sysmatec.ch\/de\/#\/schema\/logo\/image\/"}}]}},"_links":{"self":[{"href":"https:\/\/sysmatec.ch\/de\/wp-json\/wp\/v2\/product\/21928","targetHints":{"allow":["GET"]}}],"collection":[{"href":"https:\/\/sysmatec.ch\/de\/wp-json\/wp\/v2\/product"}],"about":[{"href":"https:\/\/sysmatec.ch\/de\/wp-json\/wp\/v2\/types\/product"}],"wp:featuredmedia":[{"embeddable":true,"href":"https:\/\/sysmatec.ch\/de\/wp-json\/wp\/v2\/media\/21933"}],"wp:attachment":[{"href":"https:\/\/sysmatec.ch\/de\/wp-json\/wp\/v2\/media?parent=21928"}],"wp:term":[{"taxonomy":"product_brand","embeddable":true,"href":"https:\/\/sysmatec.ch\/de\/wp-json\/wp\/v2\/product_brand?post=21928"},{"taxonomy":"product_cat","embeddable":true,"href":"https:\/\/sysmatec.ch\/de\/wp-json\/wp\/v2\/product_cat?post=21928"},{"taxonomy":"product_tag","embeddable":true,"href":"https:\/\/sysmatec.ch\/de\/wp-json\/wp\/v2\/product_tag?post=21928"}],"curies":[{"name":"wp","href":"https:\/\/api.w.org\/{rel}","templated":true}]}}