{"id":21921,"date":"2021-01-16T20:57:45","date_gmt":"2021-01-16T19:57:45","guid":{"rendered":"https:\/\/sysmatec.ch\/?post_type=product&#038;p=21921"},"modified":"2021-12-02T20:40:46","modified_gmt":"2021-12-02T19:40:46","slug":"co2-datenlogger-cl11","status":"publish","type":"product","link":"https:\/\/sysmatec.ch\/de\/Produkt\/co2-datenlogger-cl11\/","title":{"rendered":"CO2 Datenlogger CL11"},"content":{"rendered":"<p>Der CO2 Datenlogger CL11 ist ein preiswertes Multimessger\u00e4t welches gleichzeitig CO2, Feuchte und Temperatur misst und aufzeichnet. Mit der Software SW21 kann das Messger\u00e4t nach den Kundenw\u00fcnschen eingestellt werden.<\/p>\n<p><span class=\"VIiyi\" lang=\"de\"><span class=\"JLqJ4b ChMk0b\" data-language-for-alternatives=\"de\" data-language-to-translate-into=\"en\" data-phrase-index=\"0\">Ein Wert von 1.000 ppm wird als hygienisch unbedenklich angesehen, w\u00e4hrend zwischen 1.000 und 2.000 ppm eine Bel\u00fcftung empfohlen wird und \u00fcber 2.000 ppm eine Bel\u00fcftung erforderlich ist.<\/span> <span class=\"JLqJ4b ChMk0b\" data-language-for-alternatives=\"de\" data-language-to-translate-into=\"en\" data-phrase-index=\"1\">Nat\u00fcrlich sollten niedrigere Werte angestrebt werden, wobei zu ber\u00fccksichtigen ist, dass die Au\u00dfenluft bereits 350 ppm bis 440 ppm Kohlendioxid enth\u00e4lt.<\/span><\/span><\/p>\n<p>Daten k\u00f6nnen runtergeladen, gespeichert und analysiert werden.<\/p>\n<h2>CO2 Datenlogger Technische Beschreibung<\/h2>\n<p>\u2022 Misst und loggt CO2, relative Feuchte und Temperatur<br \/>\n\u2022 ROTRONIC HYGROMER\u00ae IN-1 Feuchtesensor<br \/>\n\u2022 Speichert bis zu 40&#8217;000 CO2-, Feuchteund Temperatur-Messwerte<br \/>\n\u2022 Maximal-, Minimal- und Durchschnittswert-Anzeige<br \/>\n\u2022 Einstellbarer, akustischer und visueller CO2- Alarm<br \/>\n\u2022 Optionale externe Temperatursonde<br \/>\n\u2022 Inklusive Auslese- und Konfigurations-Software<\/p>\n<table id=\"product-attribute-specs-table\" class=\"data-table\">\n<tbody>\n<tr class=\"first odd\">\n<th class=\"label\">GENAUIGKEIT @ 23\u00b15 \u00b0C<\/th>\n<td class=\"data last\">\u00b130 ppm \u00b15 % des Messwertes, &lt;2.5 %rF (10&#8230;90 %rF), \u00b10,3 \u00b0K<\/td>\n<\/tr>\n<tr class=\"even\">\n<th class=\"label\">MESSBEREICH<\/th>\n<td class=\"data last\">0&#8230;5&#8217;000ppm; 0&#8230;100%RH; -20&#8230;60\u00b0C<\/td>\n<\/tr>\n<tr class=\"odd\">\n<th class=\"label\">EINSATZBEREICH<\/th>\n<td class=\"data last\">0&#8230;50 \u00b0C \/ 0&#8230;100 %rF nicht kondensierend<\/td>\n<\/tr>\n<tr class=\"even\">\n<th class=\"label\">MESSPRINZIP<\/th>\n<td class=\"data last\">Infrarot (NDIR) mit Autokalibrierung (ABC)<\/td>\n<\/tr>\n<tr class=\"odd\">\n<th class=\"label\">JUSTIERPUNKTE<\/th>\n<td class=\"data last\">400 ppm und 35, 80 %rF<\/td>\n<\/tr>\n<tr class=\"even\">\n<th class=\"label\">DRUCKABH\u00c4NGIGKEIT<\/th>\n<td class=\"data last\">+1,6 % Ablesung pro kPa<\/td>\n<\/tr>\n<tr class=\"odd\">\n<th class=\"label\">NULLPUNKTDRIFT<\/th>\n<td class=\"data last\">&lt;10 ppm\/Jahr<\/td>\n<\/tr>\n<tr class=\"even\">\n<th class=\"label\">STROMVERSORGUNG \/ VERBRAUCH<\/th>\n<td class=\"data last\">Via AC1214 AC adapter (included in the delivery package)<\/td>\n<\/tr>\n<tr class=\"odd\">\n<th class=\"label\">MESSWERTSPEICHER<\/th>\n<td class=\"data last\">Non dispersive infrared (NDIR) mit Automatic Baseline Correction (ABC)<\/td>\n<\/tr>\n<tr class=\"even\">\n<th class=\"label\">AUFW\u00c4RMZEIT<\/th>\n<td class=\"data last\">&lt;1 min<\/td>\n<\/tr>\n<tr class=\"odd\">\n<th class=\"label\">LANGZEITSTABILIT\u00c4T<\/th>\n<td class=\"data last\">&lt; 1.5 %rF pro Jahr<\/td>\n<\/tr>\n<tr class=\"even\">\n<th class=\"label\">FEUCHTESENSOR<\/th>\n<td class=\"data last\">ROTRONIC HYGROMER\u00ae IN-1<\/td>\n<\/tr>\n<tr class=\"odd\">\n<th class=\"label\">TEMPERATURSENSOR<\/th>\n<td class=\"data last\">Thermistor<\/td>\n<\/tr>\n<tr class=\"even\">\n<th class=\"label\">ANSPRECHZEIT<\/th>\n<td class=\"data last\">&lt;10 sec @ 30 cc\/min Durchfluss, &lt;3 min Diffusionszeit<\/td>\n<\/tr>\n<tr class=\"odd\">\n<th class=\"label\">ANSPRECHZEIT T 63 FEUCHTESENSOR<\/th>\n<td class=\"data last\">&lt;30 s, ohne Filter<\/td>\n<\/tr>\n<tr class=\"even\">\n<th class=\"label\">STROMVERBRAUCH<\/th>\n<td class=\"data last\">50 mA<\/td>\n<\/tr>\n<tr class=\"odd\">\n<th class=\"label\">ANGEZEIGTE MESSGR\u00d6SSEN<\/th>\n<td class=\"data last\">CO2, relative Feuchte und Temperatur<\/td>\n<\/tr>\n<tr class=\"even\">\n<th class=\"label\">ALARMINDIKATOREN (BEI MODELLEN MIT DISPLAY)<\/th>\n<td class=\"data last\">Einstellbar f\u00fcr CO2-Messung<\/td>\n<\/tr>\n<tr class=\"odd\">\n<th class=\"label\">ECHTZEITUHR MIT ST\u00dcTZBATTERIE<\/th>\n<td class=\"data last\">Ja<\/td>\n<\/tr>\n<tr class=\"even\">\n<th class=\"label\">AUSWERTESOFTWARE \/ KOMPATIBILIT\u00c4T<\/th>\n<td class=\"data last\">ROTRONIC SW21 kostenlos, HW4 kostenpflichtig<\/p>\n<p>Mini USB Stecker f\u00fcr die Kommunikation mit dem PC (Kabel nicht mitgeliefert)<\/td>\n<\/tr>\n<tr class=\"odd\">\n<th class=\"label\">GEH\u00c4USE<\/th>\n<td class=\"data last\">ABS<\/td>\n<\/tr>\n<tr class=\"even\">\n<th class=\"label\">SCHUTZART<\/th>\n<td class=\"data last\">IP30<\/td>\n<\/tr>\n<tr class=\"odd\">\n<th class=\"label\">UNTERHALT<\/th>\n<td class=\"data last\">Kein Unterhalt (Standard Indoor Anwendungen)<\/td>\n<\/tr>\n<tr class=\"even\">\n<th class=\"label\">ABMESSUNGEN<\/th>\n<td class=\"data last\">157 x 120 x 45 mm<\/td>\n<\/tr>\n<tr class=\"last odd\">\n<th class=\"label\">GEWICHT<\/th>\n<td class=\"data last\">Approx. 200 g<\/td>\n<\/tr>\n<\/tbody>\n<\/table>\n","protected":false},"excerpt":{"rendered":"<p>CO2-Datenlogger, Messung von CO2, Temperatur und Feuchte in R\u00e4umen,\u00a0 mit Display und Alarme, f\u00fcr eine bessere Luftqualit\u00e4t<\/p>\n","protected":false},"featured_media":21925,"template":"","meta":{"_crdt_document":""},"product_brand":[],"product_cat":[185,248,374],"product_tag":[],"class_list":{"0":"post-21921","1":"product","2":"type-product","3":"status-publish","4":"has-post-thumbnail","6":"product_cat-analyzer-de","7":"product_cat-co2-de","8":"product_cat-gas-de","10":"first","11":"instock","12":"taxable","13":"shipping-taxable","14":"product-type-simple"},"yoast_head":"<!-- This site is optimized with the Yoast SEO plugin v27.4 - https:\/\/yoast.com\/product\/yoast-seo-wordpress\/ -->\n<title>CO2 Datenlogger CL11 - Sysmatec<\/title>\n<meta name=\"description\" content=\"CO2-Detektor mit Aufzeichnungsfunktion. Ideal zur Kontrolle der Luftqualit\u00e4t in Geb\u00e4uden. mit externem Sensor.\" \/>\n<meta name=\"robots\" content=\"index, follow, max-snippet:-1, max-image-preview:large, max-video-preview:-1\" \/>\n<link rel=\"canonical\" href=\"https:\/\/sysmatec.ch\/de\/produit\/co2-datenlogger-cl11\/\" \/>\n<meta property=\"og:locale\" content=\"de_DE\" \/>\n<meta property=\"og:type\" content=\"article\" \/>\n<meta property=\"og:title\" content=\"CO2 Datenlogger CL11 - Sysmatec\" \/>\n<meta property=\"og:description\" content=\"CO2-Detektor mit Aufzeichnungsfunktion. Ideal zur Kontrolle der Luftqualit\u00e4t in Geb\u00e4uden. mit externem Sensor.\" \/>\n<meta property=\"og:url\" content=\"https:\/\/sysmatec.ch\/de\/produit\/co2-datenlogger-cl11\/\" \/>\n<meta property=\"og:site_name\" content=\"Sysmatec\" \/>\n<meta property=\"article:modified_time\" content=\"2021-12-02T19:40:46+00:00\" \/>\n<meta property=\"og:image\" content=\"https:\/\/sysmatec.ch\/wp-content\/uploads\/2021\/01\/RotronicCL11.jpg\" \/>\n\t<meta property=\"og:image:width\" content=\"1054\" \/>\n\t<meta property=\"og:image:height\" content=\"1151\" \/>\n\t<meta property=\"og:image:type\" content=\"image\/jpeg\" \/>\n<meta name=\"twitter:card\" content=\"summary_large_image\" \/>\n<meta name=\"twitter:label1\" content=\"Gesch\u00e4tzte Lesezeit\" \/>\n\t<meta name=\"twitter:data1\" content=\"2\u00a0Minuten\" \/>\n<script type=\"application\/ld+json\" class=\"yoast-schema-graph\">{\"@context\":\"https:\\\/\\\/schema.org\",\"@graph\":[{\"@type\":\"WebPage\",\"@id\":\"https:\\\/\\\/sysmatec.ch\\\/de\\\/produit\\\/co2-datenlogger-cl11\\\/\",\"url\":\"https:\\\/\\\/sysmatec.ch\\\/de\\\/produit\\\/co2-datenlogger-cl11\\\/\",\"name\":\"CO2 Datenlogger CL11 - Sysmatec\",\"isPartOf\":{\"@id\":\"https:\\\/\\\/sysmatec.ch\\\/de\\\/#website\"},\"primaryImageOfPage\":{\"@id\":\"https:\\\/\\\/sysmatec.ch\\\/de\\\/produit\\\/co2-datenlogger-cl11\\\/#primaryimage\"},\"image\":{\"@id\":\"https:\\\/\\\/sysmatec.ch\\\/de\\\/produit\\\/co2-datenlogger-cl11\\\/#primaryimage\"},\"thumbnailUrl\":\"https:\\\/\\\/sysmatec.ch\\\/wp-content\\\/uploads\\\/2021\\\/01\\\/RotronicCL11.jpg\",\"datePublished\":\"2021-01-16T19:57:45+00:00\",\"dateModified\":\"2021-12-02T19:40:46+00:00\",\"description\":\"CO2-Detektor mit Aufzeichnungsfunktion. Ideal zur Kontrolle der Luftqualit\u00e4t in Geb\u00e4uden. mit externem Sensor.\",\"breadcrumb\":{\"@id\":\"https:\\\/\\\/sysmatec.ch\\\/de\\\/produit\\\/co2-datenlogger-cl11\\\/#breadcrumb\"},\"inLanguage\":\"de\",\"potentialAction\":[{\"@type\":\"ReadAction\",\"target\":[\"https:\\\/\\\/sysmatec.ch\\\/de\\\/produit\\\/co2-datenlogger-cl11\\\/\"]}]},{\"@type\":\"ImageObject\",\"inLanguage\":\"de\",\"@id\":\"https:\\\/\\\/sysmatec.ch\\\/de\\\/produit\\\/co2-datenlogger-cl11\\\/#primaryimage\",\"url\":\"https:\\\/\\\/sysmatec.ch\\\/wp-content\\\/uploads\\\/2021\\\/01\\\/RotronicCL11.jpg\",\"contentUrl\":\"https:\\\/\\\/sysmatec.ch\\\/wp-content\\\/uploads\\\/2021\\\/01\\\/RotronicCL11.jpg\",\"width\":1054,\"height\":1151},{\"@type\":\"BreadcrumbList\",\"@id\":\"https:\\\/\\\/sysmatec.ch\\\/de\\\/produit\\\/co2-datenlogger-cl11\\\/#breadcrumb\",\"itemListElement\":[{\"@type\":\"ListItem\",\"position\":1,\"name\":\"Accueil\",\"item\":\"https:\\\/\\\/sysmatec.ch\\\/de\\\/\"},{\"@type\":\"ListItem\",\"position\":2,\"name\":\"Die Aktivit\u00e4t von Sysmatec\",\"item\":\"https:\\\/\\\/sysmatec.ch\\\/de\\\/\"},{\"@type\":\"ListItem\",\"position\":3,\"name\":\"CO2 Datenlogger CL11\"}]},{\"@type\":\"WebSite\",\"@id\":\"https:\\\/\\\/sysmatec.ch\\\/de\\\/#website\",\"url\":\"https:\\\/\\\/sysmatec.ch\\\/de\\\/\",\"name\":\"Sysmatec\",\"description\":\"Equipement de laboratoire et logiciels\",\"publisher\":{\"@id\":\"https:\\\/\\\/sysmatec.ch\\\/de\\\/#organization\"},\"potentialAction\":[{\"@type\":\"SearchAction\",\"target\":{\"@type\":\"EntryPoint\",\"urlTemplate\":\"https:\\\/\\\/sysmatec.ch\\\/de\\\/?s={search_term_string}\"},\"query-input\":{\"@type\":\"PropertyValueSpecification\",\"valueRequired\":true,\"valueName\":\"search_term_string\"}}],\"inLanguage\":\"de\"},{\"@type\":\"Organization\",\"@id\":\"https:\\\/\\\/sysmatec.ch\\\/de\\\/#organization\",\"name\":\"Sysmatec\",\"url\":\"https:\\\/\\\/sysmatec.ch\\\/de\\\/\",\"logo\":{\"@type\":\"ImageObject\",\"inLanguage\":\"de\",\"@id\":\"https:\\\/\\\/sysmatec.ch\\\/de\\\/#\\\/schema\\\/logo\\\/image\\\/\",\"url\":\"https:\\\/\\\/sysmatec.ch\\\/wp-content\\\/uploads\\\/2018\\\/11\\\/LogoSysmatec.jpg\",\"contentUrl\":\"https:\\\/\\\/sysmatec.ch\\\/wp-content\\\/uploads\\\/2018\\\/11\\\/LogoSysmatec.jpg\",\"width\":301,\"height\":297,\"caption\":\"Sysmatec\"},\"image\":{\"@id\":\"https:\\\/\\\/sysmatec.ch\\\/de\\\/#\\\/schema\\\/logo\\\/image\\\/\"}}]}<\/script>\n<!-- \/ Yoast SEO plugin. -->","yoast_head_json":{"title":"CO2 Datenlogger CL11 - Sysmatec","description":"CO2-Detektor mit Aufzeichnungsfunktion. Ideal zur Kontrolle der Luftqualit\u00e4t in Geb\u00e4uden. mit externem Sensor.","robots":{"index":"index","follow":"follow","max-snippet":"max-snippet:-1","max-image-preview":"max-image-preview:large","max-video-preview":"max-video-preview:-1"},"canonical":"https:\/\/sysmatec.ch\/de\/produit\/co2-datenlogger-cl11\/","og_locale":"de_DE","og_type":"article","og_title":"CO2 Datenlogger CL11 - Sysmatec","og_description":"CO2-Detektor mit Aufzeichnungsfunktion. Ideal zur Kontrolle der Luftqualit\u00e4t in Geb\u00e4uden. mit externem Sensor.","og_url":"https:\/\/sysmatec.ch\/de\/produit\/co2-datenlogger-cl11\/","og_site_name":"Sysmatec","article_modified_time":"2021-12-02T19:40:46+00:00","og_image":[{"width":1054,"height":1151,"url":"https:\/\/sysmatec.ch\/wp-content\/uploads\/2021\/01\/RotronicCL11.jpg","type":"image\/jpeg"}],"twitter_card":"summary_large_image","twitter_misc":{"Gesch\u00e4tzte Lesezeit":"2\u00a0Minuten"},"schema":{"@context":"https:\/\/schema.org","@graph":[{"@type":"WebPage","@id":"https:\/\/sysmatec.ch\/de\/produit\/co2-datenlogger-cl11\/","url":"https:\/\/sysmatec.ch\/de\/produit\/co2-datenlogger-cl11\/","name":"CO2 Datenlogger CL11 - Sysmatec","isPartOf":{"@id":"https:\/\/sysmatec.ch\/de\/#website"},"primaryImageOfPage":{"@id":"https:\/\/sysmatec.ch\/de\/produit\/co2-datenlogger-cl11\/#primaryimage"},"image":{"@id":"https:\/\/sysmatec.ch\/de\/produit\/co2-datenlogger-cl11\/#primaryimage"},"thumbnailUrl":"https:\/\/sysmatec.ch\/wp-content\/uploads\/2021\/01\/RotronicCL11.jpg","datePublished":"2021-01-16T19:57:45+00:00","dateModified":"2021-12-02T19:40:46+00:00","description":"CO2-Detektor mit Aufzeichnungsfunktion. Ideal zur Kontrolle der Luftqualit\u00e4t in Geb\u00e4uden. mit externem Sensor.","breadcrumb":{"@id":"https:\/\/sysmatec.ch\/de\/produit\/co2-datenlogger-cl11\/#breadcrumb"},"inLanguage":"de","potentialAction":[{"@type":"ReadAction","target":["https:\/\/sysmatec.ch\/de\/produit\/co2-datenlogger-cl11\/"]}]},{"@type":"ImageObject","inLanguage":"de","@id":"https:\/\/sysmatec.ch\/de\/produit\/co2-datenlogger-cl11\/#primaryimage","url":"https:\/\/sysmatec.ch\/wp-content\/uploads\/2021\/01\/RotronicCL11.jpg","contentUrl":"https:\/\/sysmatec.ch\/wp-content\/uploads\/2021\/01\/RotronicCL11.jpg","width":1054,"height":1151},{"@type":"BreadcrumbList","@id":"https:\/\/sysmatec.ch\/de\/produit\/co2-datenlogger-cl11\/#breadcrumb","itemListElement":[{"@type":"ListItem","position":1,"name":"Accueil","item":"https:\/\/sysmatec.ch\/de\/"},{"@type":"ListItem","position":2,"name":"Die Aktivit\u00e4t von Sysmatec","item":"https:\/\/sysmatec.ch\/de\/"},{"@type":"ListItem","position":3,"name":"CO2 Datenlogger CL11"}]},{"@type":"WebSite","@id":"https:\/\/sysmatec.ch\/de\/#website","url":"https:\/\/sysmatec.ch\/de\/","name":"Sysmatec","description":"Equipement de laboratoire et logiciels","publisher":{"@id":"https:\/\/sysmatec.ch\/de\/#organization"},"potentialAction":[{"@type":"SearchAction","target":{"@type":"EntryPoint","urlTemplate":"https:\/\/sysmatec.ch\/de\/?s={search_term_string}"},"query-input":{"@type":"PropertyValueSpecification","valueRequired":true,"valueName":"search_term_string"}}],"inLanguage":"de"},{"@type":"Organization","@id":"https:\/\/sysmatec.ch\/de\/#organization","name":"Sysmatec","url":"https:\/\/sysmatec.ch\/de\/","logo":{"@type":"ImageObject","inLanguage":"de","@id":"https:\/\/sysmatec.ch\/de\/#\/schema\/logo\/image\/","url":"https:\/\/sysmatec.ch\/wp-content\/uploads\/2018\/11\/LogoSysmatec.jpg","contentUrl":"https:\/\/sysmatec.ch\/wp-content\/uploads\/2018\/11\/LogoSysmatec.jpg","width":301,"height":297,"caption":"Sysmatec"},"image":{"@id":"https:\/\/sysmatec.ch\/de\/#\/schema\/logo\/image\/"}}]}},"_links":{"self":[{"href":"https:\/\/sysmatec.ch\/de\/wp-json\/wp\/v2\/product\/21921","targetHints":{"allow":["GET"]}}],"collection":[{"href":"https:\/\/sysmatec.ch\/de\/wp-json\/wp\/v2\/product"}],"about":[{"href":"https:\/\/sysmatec.ch\/de\/wp-json\/wp\/v2\/types\/product"}],"wp:featuredmedia":[{"embeddable":true,"href":"https:\/\/sysmatec.ch\/de\/wp-json\/wp\/v2\/media\/21925"}],"wp:attachment":[{"href":"https:\/\/sysmatec.ch\/de\/wp-json\/wp\/v2\/media?parent=21921"}],"wp:term":[{"taxonomy":"product_brand","embeddable":true,"href":"https:\/\/sysmatec.ch\/de\/wp-json\/wp\/v2\/product_brand?post=21921"},{"taxonomy":"product_cat","embeddable":true,"href":"https:\/\/sysmatec.ch\/de\/wp-json\/wp\/v2\/product_cat?post=21921"},{"taxonomy":"product_tag","embeddable":true,"href":"https:\/\/sysmatec.ch\/de\/wp-json\/wp\/v2\/product_tag?post=21921"}],"curies":[{"name":"wp","href":"https:\/\/api.w.org\/{rel}","templated":true}]}}