{"id":21912,"date":"2021-01-13T09:05:12","date_gmt":"2021-01-13T08:05:12","guid":{"rendered":"https:\/\/sysmatec.ch\/?post_type=product&#038;p=21912"},"modified":"2021-12-02T20:50:54","modified_gmt":"2021-12-02T19:50:54","slug":"co2-detektor-co2-guard","status":"publish","type":"product","link":"https:\/\/sysmatec.ch\/de\/Produkt\/co2-detektor-co2-guard\/","title":{"rendered":"CO2 Detektor CO2-Guard"},"content":{"rendered":"<p>Der CO2 Guard 10 zeigt zuverl\u00e4ssig die CO2-Konzentration als ein Ma\u00df f\u00fcr die Raumluftqualit\u00e4t an. Der mittels LEDs signalisierte aktuelle CO2-Gehalt hilft bei der Entscheidung \u00fcber Ma\u00dfnahmen zum Luftaustausch, beispielsweise das \u00d6ffnen von Fenstern.<\/p>\n<table width=\"259\">\n<tbody>\n<tr>\n<td width=\"40\">Led<\/td>\n<td width=\"139\">Bereich [ppm]<\/td>\n<td width=\"80\">Raumluft-Qualit\u00e4t<\/td>\n<\/tr>\n<tr>\n<td>rot<\/td>\n<td>\u00dcber 3000<\/td>\n<td>Sehr schlecht<\/td>\n<\/tr>\n<tr>\n<td>rot<\/td>\n<td>2000 bis 3000<\/td>\n<td>Schlecht<\/td>\n<\/tr>\n<tr>\n<td>orange<\/td>\n<td>1400 bis 2000<\/td>\n<td>Akzeptabel<\/td>\n<\/tr>\n<tr>\n<td>orange<\/td>\n<td>1000 bis 1400<\/td>\n<td>Durchschnittlich<\/td>\n<\/tr>\n<tr>\n<td>gr\u00fcn<\/td>\n<td>800 bis 1000<\/td>\n<td>Gut<\/td>\n<\/tr>\n<tr>\n<td>gr\u00fcn<\/td>\n<td>Unter 800<\/td>\n<td>Sehr gut<\/td>\n<\/tr>\n<\/tbody>\n<\/table>\n<p>Gro\u00dfer CO2-\u00dcberwachungsbereich<br \/>\nDie sechs Bereiche f\u00fcr den CO2-Wert decken alle g\u00e4ngigen Innenraum-Situationen ab. Von niedrigen CO2-Konzentrationen, wie sie f\u00fcr Wohnzwecke und im gewerblichen Bereich entsprechend EN 13779 typisch sind, bis zu hohen Konzentrationen in R\u00e4umen mit hoher Personendichte, wie z.B. in Schulklassen.<\/p>\n<p>Lange Batterielebensdauer<br \/>\nEin Satz von vier handels\u00fcblichen Alkaline-Batterien reicht bei Raumtemperatur f\u00fcr ca. sechs Monate. Das Geh\u00e4usekonzept im Snap-on-Design erm\u00f6glicht einen einfachen Tausch ohne Werkzeug.<\/p>\n<ul>\n<li type=\"disc\">Messprinzip NDIR-Zweistrahlverfahren (nicht-dispersive Infrarot-Technologie)<\/li>\n<li type=\"disc\">Messbereich 0&#8230;5000 ppm<\/li>\n<li type=\"disc\">Stromversorgung 4 Alkaline-Batterien AAA 1,5 V (im Lieferumfang enthalten) oder 4 wiederaufladbare Batterien2) 1,2 V (nicht im Lieferumfang enthalten)<\/li>\n<li type=\"disc\">Batterielebensdauer bei 23\u00b0C, typ.<br \/>\nAlkaline-Batterien 6 Monate (1,5 V, 1200 mAh)<br \/>\nWiederaufladbare Batterien 4 Monate (1,2 V, 1100 mAh)<\/li>\n<li type=\"disc\">Geh\u00e4use Polycarbonat (PC)<\/li>\n<li type=\"disc\">Schutzart IP30 (Wandmontage)<\/li>\n<li type=\"disc\">IP20 (Tischger\u00e4t)<\/li>\n<li type=\"disc\">Elektromagnetische Vertr\u00e4glichkeit EN 61326-1 EN 61326-2-3, FCC Part 15 ICES-003 Class B<\/li>\n<li type=\"disc\">Arbeitsbereich 0\u202650 \u00b0C, 0&#8230;95 %rF (nicht kondensierend)<\/li>\n<\/ul>\n","protected":false},"excerpt":{"rendered":"<p>CO2-Detektor f\u00fcr Messungen in R\u00e4ume.<\/p>\n","protected":false},"featured_media":21916,"template":"","meta":{"_crdt_document":""},"product_brand":[],"product_cat":[185,248,374],"product_tag":[],"class_list":{"0":"post-21912","1":"product","2":"type-product","3":"status-publish","4":"has-post-thumbnail","6":"product_cat-analyzer-de","7":"product_cat-co2-de","8":"product_cat-gas-de","10":"first","11":"instock","12":"taxable","13":"shipping-taxable","14":"product-type-simple"},"yoast_head":"<!-- This site is optimized with the Yoast SEO plugin v27.4 - https:\/\/yoast.com\/product\/yoast-seo-wordpress\/ -->\n<title>CO2 Detektor CO2-Guard - Sysmatec<\/title>\n<meta name=\"description\" content=\"Einfach zu bedienender CO2-Detektor zur Anzeige der Umgebungsluftqualit\u00e4t. Zur Befestigung an einer Wand oder auf einem Tisch.\" \/>\n<meta name=\"robots\" content=\"index, follow, max-snippet:-1, max-image-preview:large, max-video-preview:-1\" \/>\n<link rel=\"canonical\" href=\"https:\/\/sysmatec.ch\/de\/produit\/co2-detektor-co2-guard\/\" \/>\n<meta property=\"og:locale\" content=\"de_DE\" \/>\n<meta property=\"og:type\" content=\"article\" \/>\n<meta property=\"og:title\" content=\"CO2 Detektor CO2-Guard - Sysmatec\" \/>\n<meta property=\"og:description\" content=\"Einfach zu bedienender CO2-Detektor zur Anzeige der Umgebungsluftqualit\u00e4t. Zur Befestigung an einer Wand oder auf einem Tisch.\" \/>\n<meta property=\"og:url\" content=\"https:\/\/sysmatec.ch\/de\/produit\/co2-detektor-co2-guard\/\" \/>\n<meta property=\"og:site_name\" content=\"Sysmatec\" \/>\n<meta property=\"article:modified_time\" content=\"2021-12-02T19:50:54+00:00\" \/>\n<meta property=\"og:image\" content=\"https:\/\/sysmatec.ch\/wp-content\/uploads\/2021\/01\/DtecteurCO2Guard_EplusE.jpg\" \/>\n\t<meta property=\"og:image:width\" content=\"419\" \/>\n\t<meta property=\"og:image:height\" content=\"422\" \/>\n\t<meta property=\"og:image:type\" content=\"image\/jpeg\" \/>\n<meta name=\"twitter:card\" content=\"summary_large_image\" \/>\n<meta name=\"twitter:label1\" content=\"Gesch\u00e4tzte Lesezeit\" \/>\n\t<meta name=\"twitter:data1\" content=\"1\u00a0Minute\" \/>\n<script type=\"application\/ld+json\" class=\"yoast-schema-graph\">{\"@context\":\"https:\\\/\\\/schema.org\",\"@graph\":[{\"@type\":\"WebPage\",\"@id\":\"https:\\\/\\\/sysmatec.ch\\\/de\\\/produit\\\/co2-detektor-co2-guard\\\/\",\"url\":\"https:\\\/\\\/sysmatec.ch\\\/de\\\/produit\\\/co2-detektor-co2-guard\\\/\",\"name\":\"CO2 Detektor CO2-Guard - Sysmatec\",\"isPartOf\":{\"@id\":\"https:\\\/\\\/sysmatec.ch\\\/de\\\/#website\"},\"primaryImageOfPage\":{\"@id\":\"https:\\\/\\\/sysmatec.ch\\\/de\\\/produit\\\/co2-detektor-co2-guard\\\/#primaryimage\"},\"image\":{\"@id\":\"https:\\\/\\\/sysmatec.ch\\\/de\\\/produit\\\/co2-detektor-co2-guard\\\/#primaryimage\"},\"thumbnailUrl\":\"https:\\\/\\\/sysmatec.ch\\\/wp-content\\\/uploads\\\/2021\\\/01\\\/DtecteurCO2Guard_EplusE.jpg\",\"datePublished\":\"2021-01-13T08:05:12+00:00\",\"dateModified\":\"2021-12-02T19:50:54+00:00\",\"description\":\"Einfach zu bedienender CO2-Detektor zur Anzeige der Umgebungsluftqualit\u00e4t. Zur Befestigung an einer Wand oder auf einem Tisch.\",\"breadcrumb\":{\"@id\":\"https:\\\/\\\/sysmatec.ch\\\/de\\\/produit\\\/co2-detektor-co2-guard\\\/#breadcrumb\"},\"inLanguage\":\"de\",\"potentialAction\":[{\"@type\":\"ReadAction\",\"target\":[\"https:\\\/\\\/sysmatec.ch\\\/de\\\/produit\\\/co2-detektor-co2-guard\\\/\"]}]},{\"@type\":\"ImageObject\",\"inLanguage\":\"de\",\"@id\":\"https:\\\/\\\/sysmatec.ch\\\/de\\\/produit\\\/co2-detektor-co2-guard\\\/#primaryimage\",\"url\":\"https:\\\/\\\/sysmatec.ch\\\/wp-content\\\/uploads\\\/2021\\\/01\\\/DtecteurCO2Guard_EplusE.jpg\",\"contentUrl\":\"https:\\\/\\\/sysmatec.ch\\\/wp-content\\\/uploads\\\/2021\\\/01\\\/DtecteurCO2Guard_EplusE.jpg\",\"width\":419,\"height\":422},{\"@type\":\"BreadcrumbList\",\"@id\":\"https:\\\/\\\/sysmatec.ch\\\/de\\\/produit\\\/co2-detektor-co2-guard\\\/#breadcrumb\",\"itemListElement\":[{\"@type\":\"ListItem\",\"position\":1,\"name\":\"Accueil\",\"item\":\"https:\\\/\\\/sysmatec.ch\\\/de\\\/\"},{\"@type\":\"ListItem\",\"position\":2,\"name\":\"Die Aktivit\u00e4t von Sysmatec\",\"item\":\"https:\\\/\\\/sysmatec.ch\\\/de\\\/\"},{\"@type\":\"ListItem\",\"position\":3,\"name\":\"CO2 Detektor CO2-Guard\"}]},{\"@type\":\"WebSite\",\"@id\":\"https:\\\/\\\/sysmatec.ch\\\/de\\\/#website\",\"url\":\"https:\\\/\\\/sysmatec.ch\\\/de\\\/\",\"name\":\"Sysmatec\",\"description\":\"Equipement de laboratoire et logiciels\",\"publisher\":{\"@id\":\"https:\\\/\\\/sysmatec.ch\\\/de\\\/#organization\"},\"potentialAction\":[{\"@type\":\"SearchAction\",\"target\":{\"@type\":\"EntryPoint\",\"urlTemplate\":\"https:\\\/\\\/sysmatec.ch\\\/de\\\/?s={search_term_string}\"},\"query-input\":{\"@type\":\"PropertyValueSpecification\",\"valueRequired\":true,\"valueName\":\"search_term_string\"}}],\"inLanguage\":\"de\"},{\"@type\":\"Organization\",\"@id\":\"https:\\\/\\\/sysmatec.ch\\\/de\\\/#organization\",\"name\":\"Sysmatec\",\"url\":\"https:\\\/\\\/sysmatec.ch\\\/de\\\/\",\"logo\":{\"@type\":\"ImageObject\",\"inLanguage\":\"de\",\"@id\":\"https:\\\/\\\/sysmatec.ch\\\/de\\\/#\\\/schema\\\/logo\\\/image\\\/\",\"url\":\"https:\\\/\\\/sysmatec.ch\\\/wp-content\\\/uploads\\\/2018\\\/11\\\/LogoSysmatec.jpg\",\"contentUrl\":\"https:\\\/\\\/sysmatec.ch\\\/wp-content\\\/uploads\\\/2018\\\/11\\\/LogoSysmatec.jpg\",\"width\":301,\"height\":297,\"caption\":\"Sysmatec\"},\"image\":{\"@id\":\"https:\\\/\\\/sysmatec.ch\\\/de\\\/#\\\/schema\\\/logo\\\/image\\\/\"}}]}<\/script>\n<!-- \/ Yoast SEO plugin. -->","yoast_head_json":{"title":"CO2 Detektor CO2-Guard - Sysmatec","description":"Einfach zu bedienender CO2-Detektor zur Anzeige der Umgebungsluftqualit\u00e4t. Zur Befestigung an einer Wand oder auf einem Tisch.","robots":{"index":"index","follow":"follow","max-snippet":"max-snippet:-1","max-image-preview":"max-image-preview:large","max-video-preview":"max-video-preview:-1"},"canonical":"https:\/\/sysmatec.ch\/de\/produit\/co2-detektor-co2-guard\/","og_locale":"de_DE","og_type":"article","og_title":"CO2 Detektor CO2-Guard - Sysmatec","og_description":"Einfach zu bedienender CO2-Detektor zur Anzeige der Umgebungsluftqualit\u00e4t. Zur Befestigung an einer Wand oder auf einem Tisch.","og_url":"https:\/\/sysmatec.ch\/de\/produit\/co2-detektor-co2-guard\/","og_site_name":"Sysmatec","article_modified_time":"2021-12-02T19:50:54+00:00","og_image":[{"width":419,"height":422,"url":"https:\/\/sysmatec.ch\/wp-content\/uploads\/2021\/01\/DtecteurCO2Guard_EplusE.jpg","type":"image\/jpeg"}],"twitter_card":"summary_large_image","twitter_misc":{"Gesch\u00e4tzte Lesezeit":"1\u00a0Minute"},"schema":{"@context":"https:\/\/schema.org","@graph":[{"@type":"WebPage","@id":"https:\/\/sysmatec.ch\/de\/produit\/co2-detektor-co2-guard\/","url":"https:\/\/sysmatec.ch\/de\/produit\/co2-detektor-co2-guard\/","name":"CO2 Detektor CO2-Guard - Sysmatec","isPartOf":{"@id":"https:\/\/sysmatec.ch\/de\/#website"},"primaryImageOfPage":{"@id":"https:\/\/sysmatec.ch\/de\/produit\/co2-detektor-co2-guard\/#primaryimage"},"image":{"@id":"https:\/\/sysmatec.ch\/de\/produit\/co2-detektor-co2-guard\/#primaryimage"},"thumbnailUrl":"https:\/\/sysmatec.ch\/wp-content\/uploads\/2021\/01\/DtecteurCO2Guard_EplusE.jpg","datePublished":"2021-01-13T08:05:12+00:00","dateModified":"2021-12-02T19:50:54+00:00","description":"Einfach zu bedienender CO2-Detektor zur Anzeige der Umgebungsluftqualit\u00e4t. Zur Befestigung an einer Wand oder auf einem Tisch.","breadcrumb":{"@id":"https:\/\/sysmatec.ch\/de\/produit\/co2-detektor-co2-guard\/#breadcrumb"},"inLanguage":"de","potentialAction":[{"@type":"ReadAction","target":["https:\/\/sysmatec.ch\/de\/produit\/co2-detektor-co2-guard\/"]}]},{"@type":"ImageObject","inLanguage":"de","@id":"https:\/\/sysmatec.ch\/de\/produit\/co2-detektor-co2-guard\/#primaryimage","url":"https:\/\/sysmatec.ch\/wp-content\/uploads\/2021\/01\/DtecteurCO2Guard_EplusE.jpg","contentUrl":"https:\/\/sysmatec.ch\/wp-content\/uploads\/2021\/01\/DtecteurCO2Guard_EplusE.jpg","width":419,"height":422},{"@type":"BreadcrumbList","@id":"https:\/\/sysmatec.ch\/de\/produit\/co2-detektor-co2-guard\/#breadcrumb","itemListElement":[{"@type":"ListItem","position":1,"name":"Accueil","item":"https:\/\/sysmatec.ch\/de\/"},{"@type":"ListItem","position":2,"name":"Die Aktivit\u00e4t von Sysmatec","item":"https:\/\/sysmatec.ch\/de\/"},{"@type":"ListItem","position":3,"name":"CO2 Detektor CO2-Guard"}]},{"@type":"WebSite","@id":"https:\/\/sysmatec.ch\/de\/#website","url":"https:\/\/sysmatec.ch\/de\/","name":"Sysmatec","description":"Equipement de laboratoire et logiciels","publisher":{"@id":"https:\/\/sysmatec.ch\/de\/#organization"},"potentialAction":[{"@type":"SearchAction","target":{"@type":"EntryPoint","urlTemplate":"https:\/\/sysmatec.ch\/de\/?s={search_term_string}"},"query-input":{"@type":"PropertyValueSpecification","valueRequired":true,"valueName":"search_term_string"}}],"inLanguage":"de"},{"@type":"Organization","@id":"https:\/\/sysmatec.ch\/de\/#organization","name":"Sysmatec","url":"https:\/\/sysmatec.ch\/de\/","logo":{"@type":"ImageObject","inLanguage":"de","@id":"https:\/\/sysmatec.ch\/de\/#\/schema\/logo\/image\/","url":"https:\/\/sysmatec.ch\/wp-content\/uploads\/2018\/11\/LogoSysmatec.jpg","contentUrl":"https:\/\/sysmatec.ch\/wp-content\/uploads\/2018\/11\/LogoSysmatec.jpg","width":301,"height":297,"caption":"Sysmatec"},"image":{"@id":"https:\/\/sysmatec.ch\/de\/#\/schema\/logo\/image\/"}}]}},"_links":{"self":[{"href":"https:\/\/sysmatec.ch\/de\/wp-json\/wp\/v2\/product\/21912","targetHints":{"allow":["GET"]}}],"collection":[{"href":"https:\/\/sysmatec.ch\/de\/wp-json\/wp\/v2\/product"}],"about":[{"href":"https:\/\/sysmatec.ch\/de\/wp-json\/wp\/v2\/types\/product"}],"wp:featuredmedia":[{"embeddable":true,"href":"https:\/\/sysmatec.ch\/de\/wp-json\/wp\/v2\/media\/21916"}],"wp:attachment":[{"href":"https:\/\/sysmatec.ch\/de\/wp-json\/wp\/v2\/media?parent=21912"}],"wp:term":[{"taxonomy":"product_brand","embeddable":true,"href":"https:\/\/sysmatec.ch\/de\/wp-json\/wp\/v2\/product_brand?post=21912"},{"taxonomy":"product_cat","embeddable":true,"href":"https:\/\/sysmatec.ch\/de\/wp-json\/wp\/v2\/product_cat?post=21912"},{"taxonomy":"product_tag","embeddable":true,"href":"https:\/\/sysmatec.ch\/de\/wp-json\/wp\/v2\/product_tag?post=21912"}],"curies":[{"name":"wp","href":"https:\/\/api.w.org\/{rel}","templated":true}]}}