{"id":2189,"date":"2019-01-13T20:27:33","date_gmt":"2019-01-13T19:27:33","guid":{"rendered":"https:\/\/sysmatec.ch\/produit\/pipette-multicanaux-cappaero-96\/"},"modified":"2024-07-15T21:43:52","modified_gmt":"2024-07-15T19:43:52","slug":"mehrkanalpipette-cappaero-384-2","status":"publish","type":"product","link":"https:\/\/sysmatec.ch\/de\/Produkt\/mehrkanalpipette-cappaero-384-2\/","title":{"rendered":"Mehrkanalpipette CappAero 384"},"content":{"rendered":"<p>F\u00fcr 96-well Mikrotiterplatten qPCR, k\u00f6nnen Sie leicht eine 8 oder 12 Kan\u00e4le Pipette verwenden, da die Platte 8&#215;12 L\u00f6cher erh\u00e4lt.<\/p>\n<p>Bei Verwendung von 384-Well-Platten (16&#215;24 L\u00f6cher), k\u00f6nnten Sie Ihre Pipette 8 oder 12 Kan\u00e4le weiter ben\u00fctzen, aber man k\u00f6nnte nur jede 2. Loch gleichzeitig f\u00fcllen. Dieser Ansatz ist weder effizient noch bequem auf l\u00e4ngere Sicht.<\/p>\n<p>Die L\u00f6sung kann einfach sein, sie k\u00f6nnen eine manuelle Pipette f\u00fcr qPCR 384 Mikrotiterplatten ben\u00fczen! Mit einer 16 Kan\u00e4len-Pipette, k\u00f6nnen Sie zu einer Zeit auf einer Linie arbeiten. Mit einer 48 Kan\u00e4le-Pipette k\u00f6nnen Sie 3 Zeilen gleichzeitig behandeln und sogar mit derVersion 64 Kan\u00e4le k\u00f6nnen Sie 4 Zeilen gleichzeitig behandeln.<\/p>\n<p>3 Varianten: 16 Kan\u00e4le (3 Volumenbereiche : 0.2-2 ul, 0.5-10 ul und 5-50 ul), 48 oder 64 Kan\u00e4le<\/p>\n<p>bei 121 \u00b0 C autoklaviert<\/p>\n<p>Pipettenspitzen finden Sie auf der Seite \u201e<a href=\"https:\/\/sysmatec.ch\/consommable-distribution-de-liquide\/\">Verbrauchsmaterial<\/a>\u201c.<\/p>\n","protected":false},"excerpt":{"rendered":"<p>8, 12 oder 16 Kan\u00e4le Pipette<\/p>\n","protected":false},"featured_media":1289,"template":"","meta":{"_crdt_document":""},"product_brand":[],"product_cat":[129],"product_tag":[],"class_list":{"0":"post-2189","1":"product","2":"type-product","3":"status-publish","4":"has-post-thumbnail","6":"product_cat-pipette-de","8":"first","9":"instock","10":"taxable","11":"shipping-taxable","12":"product-type-simple"},"yoast_head":"<!-- This site is optimized with the Yoast SEO plugin v27.3 - https:\/\/yoast.com\/product\/yoast-seo-wordpress\/ -->\n<title>Mehrkanalpipette CappAero 384 - Sysmatec<\/title>\n<meta name=\"description\" content=\"Mehrkanalpipetten f\u00fcr 8, 12 oder 16 Kan\u00e4le, geeignet f\u00fcr 96-Well-Mikrotiterplatten. Speziell entwickelt f\u00fcr erm\u00fcdungsfreies F\u00fcllen.\" \/>\n<meta name=\"robots\" content=\"index, follow, max-snippet:-1, max-image-preview:large, max-video-preview:-1\" \/>\n<link rel=\"canonical\" href=\"https:\/\/sysmatec.ch\/de\/Produkt\/mehrkanalpipette-cappaero-384-2\/\" \/>\n<meta property=\"og:locale\" content=\"de_DE\" \/>\n<meta property=\"og:type\" content=\"article\" \/>\n<meta property=\"og:title\" content=\"Mehrkanalpipette CappAero 384 - Sysmatec\" \/>\n<meta property=\"og:description\" content=\"Mehrkanalpipetten f\u00fcr 8, 12 oder 16 Kan\u00e4le, geeignet f\u00fcr 96-Well-Mikrotiterplatten. Speziell entwickelt f\u00fcr erm\u00fcdungsfreies F\u00fcllen.\" \/>\n<meta property=\"og:url\" content=\"https:\/\/sysmatec.ch\/de\/Produkt\/mehrkanalpipette-cappaero-384-2\/\" \/>\n<meta property=\"og:site_name\" content=\"Sysmatec\" \/>\n<meta property=\"article:modified_time\" content=\"2024-07-15T19:43:52+00:00\" \/>\n<meta property=\"og:image\" content=\"https:\/\/sysmatec.ch\/wp-content\/uploads\/2019\/01\/Pipette_CappAeroMulti1.gif\" \/>\n\t<meta property=\"og:image:width\" content=\"160\" \/>\n\t<meta property=\"og:image:height\" content=\"96\" \/>\n\t<meta property=\"og:image:type\" content=\"image\/gif\" \/>\n<meta name=\"twitter:card\" content=\"summary_large_image\" \/>\n<meta name=\"twitter:label1\" content=\"Gesch\u00e4tzte Lesezeit\" \/>\n\t<meta name=\"twitter:data1\" content=\"1\u00a0Minute\" \/>\n<script type=\"application\/ld+json\" class=\"yoast-schema-graph\">{\"@context\":\"https:\\\/\\\/schema.org\",\"@graph\":[{\"@type\":\"WebPage\",\"@id\":\"https:\\\/\\\/sysmatec.ch\\\/de\\\/Produkt\\\/mehrkanalpipette-cappaero-384-2\\\/\",\"url\":\"https:\\\/\\\/sysmatec.ch\\\/de\\\/Produkt\\\/mehrkanalpipette-cappaero-384-2\\\/\",\"name\":\"Mehrkanalpipette CappAero 384 - Sysmatec\",\"isPartOf\":{\"@id\":\"https:\\\/\\\/sysmatec.ch\\\/de\\\/#website\"},\"primaryImageOfPage\":{\"@id\":\"https:\\\/\\\/sysmatec.ch\\\/de\\\/Produkt\\\/mehrkanalpipette-cappaero-384-2\\\/#primaryimage\"},\"image\":{\"@id\":\"https:\\\/\\\/sysmatec.ch\\\/de\\\/Produkt\\\/mehrkanalpipette-cappaero-384-2\\\/#primaryimage\"},\"thumbnailUrl\":\"https:\\\/\\\/sysmatec.ch\\\/wp-content\\\/uploads\\\/2019\\\/01\\\/Pipette_CappAeroMulti1.gif\",\"datePublished\":\"2019-01-13T19:27:33+00:00\",\"dateModified\":\"2024-07-15T19:43:52+00:00\",\"description\":\"Mehrkanalpipetten f\u00fcr 8, 12 oder 16 Kan\u00e4le, geeignet f\u00fcr 96-Well-Mikrotiterplatten. Speziell entwickelt f\u00fcr erm\u00fcdungsfreies F\u00fcllen.\",\"breadcrumb\":{\"@id\":\"https:\\\/\\\/sysmatec.ch\\\/de\\\/Produkt\\\/mehrkanalpipette-cappaero-384-2\\\/#breadcrumb\"},\"inLanguage\":\"de\",\"potentialAction\":[{\"@type\":\"ReadAction\",\"target\":[\"https:\\\/\\\/sysmatec.ch\\\/de\\\/Produkt\\\/mehrkanalpipette-cappaero-384-2\\\/\"]}]},{\"@type\":\"ImageObject\",\"inLanguage\":\"de\",\"@id\":\"https:\\\/\\\/sysmatec.ch\\\/de\\\/Produkt\\\/mehrkanalpipette-cappaero-384-2\\\/#primaryimage\",\"url\":\"https:\\\/\\\/sysmatec.ch\\\/wp-content\\\/uploads\\\/2019\\\/01\\\/Pipette_CappAeroMulti1.gif\",\"contentUrl\":\"https:\\\/\\\/sysmatec.ch\\\/wp-content\\\/uploads\\\/2019\\\/01\\\/Pipette_CappAeroMulti1.gif\",\"width\":160,\"height\":96},{\"@type\":\"BreadcrumbList\",\"@id\":\"https:\\\/\\\/sysmatec.ch\\\/de\\\/Produkt\\\/mehrkanalpipette-cappaero-384-2\\\/#breadcrumb\",\"itemListElement\":[{\"@type\":\"ListItem\",\"position\":1,\"name\":\"Accueil\",\"item\":\"https:\\\/\\\/sysmatec.ch\\\/de\\\/\"},{\"@type\":\"ListItem\",\"position\":2,\"name\":\"Die Aktivit\u00e4t von Sysmatec\",\"item\":\"https:\\\/\\\/sysmatec.ch\\\/de\\\/\"},{\"@type\":\"ListItem\",\"position\":3,\"name\":\"Mehrkanalpipette CappAero 384\"}]},{\"@type\":\"WebSite\",\"@id\":\"https:\\\/\\\/sysmatec.ch\\\/de\\\/#website\",\"url\":\"https:\\\/\\\/sysmatec.ch\\\/de\\\/\",\"name\":\"Sysmatec\",\"description\":\"Equipement de laboratoire et logiciels\",\"publisher\":{\"@id\":\"https:\\\/\\\/sysmatec.ch\\\/de\\\/#organization\"},\"potentialAction\":[{\"@type\":\"SearchAction\",\"target\":{\"@type\":\"EntryPoint\",\"urlTemplate\":\"https:\\\/\\\/sysmatec.ch\\\/de\\\/?s={search_term_string}\"},\"query-input\":{\"@type\":\"PropertyValueSpecification\",\"valueRequired\":true,\"valueName\":\"search_term_string\"}}],\"inLanguage\":\"de\"},{\"@type\":\"Organization\",\"@id\":\"https:\\\/\\\/sysmatec.ch\\\/de\\\/#organization\",\"name\":\"Sysmatec\",\"url\":\"https:\\\/\\\/sysmatec.ch\\\/de\\\/\",\"logo\":{\"@type\":\"ImageObject\",\"inLanguage\":\"de\",\"@id\":\"https:\\\/\\\/sysmatec.ch\\\/de\\\/#\\\/schema\\\/logo\\\/image\\\/\",\"url\":\"https:\\\/\\\/sysmatec.ch\\\/wp-content\\\/uploads\\\/2018\\\/11\\\/LogoSysmatec.jpg\",\"contentUrl\":\"https:\\\/\\\/sysmatec.ch\\\/wp-content\\\/uploads\\\/2018\\\/11\\\/LogoSysmatec.jpg\",\"width\":301,\"height\":297,\"caption\":\"Sysmatec\"},\"image\":{\"@id\":\"https:\\\/\\\/sysmatec.ch\\\/de\\\/#\\\/schema\\\/logo\\\/image\\\/\"}}]}<\/script>\n<!-- \/ Yoast SEO plugin. -->","yoast_head_json":{"title":"Mehrkanalpipette CappAero 384 - Sysmatec","description":"Mehrkanalpipetten f\u00fcr 8, 12 oder 16 Kan\u00e4le, geeignet f\u00fcr 96-Well-Mikrotiterplatten. Speziell entwickelt f\u00fcr erm\u00fcdungsfreies F\u00fcllen.","robots":{"index":"index","follow":"follow","max-snippet":"max-snippet:-1","max-image-preview":"max-image-preview:large","max-video-preview":"max-video-preview:-1"},"canonical":"https:\/\/sysmatec.ch\/de\/Produkt\/mehrkanalpipette-cappaero-384-2\/","og_locale":"de_DE","og_type":"article","og_title":"Mehrkanalpipette CappAero 384 - Sysmatec","og_description":"Mehrkanalpipetten f\u00fcr 8, 12 oder 16 Kan\u00e4le, geeignet f\u00fcr 96-Well-Mikrotiterplatten. Speziell entwickelt f\u00fcr erm\u00fcdungsfreies F\u00fcllen.","og_url":"https:\/\/sysmatec.ch\/de\/Produkt\/mehrkanalpipette-cappaero-384-2\/","og_site_name":"Sysmatec","article_modified_time":"2024-07-15T19:43:52+00:00","og_image":[{"width":160,"height":96,"url":"https:\/\/sysmatec.ch\/wp-content\/uploads\/2019\/01\/Pipette_CappAeroMulti1.gif","type":"image\/gif"}],"twitter_card":"summary_large_image","twitter_misc":{"Gesch\u00e4tzte Lesezeit":"1\u00a0Minute"},"schema":{"@context":"https:\/\/schema.org","@graph":[{"@type":"WebPage","@id":"https:\/\/sysmatec.ch\/de\/Produkt\/mehrkanalpipette-cappaero-384-2\/","url":"https:\/\/sysmatec.ch\/de\/Produkt\/mehrkanalpipette-cappaero-384-2\/","name":"Mehrkanalpipette CappAero 384 - Sysmatec","isPartOf":{"@id":"https:\/\/sysmatec.ch\/de\/#website"},"primaryImageOfPage":{"@id":"https:\/\/sysmatec.ch\/de\/Produkt\/mehrkanalpipette-cappaero-384-2\/#primaryimage"},"image":{"@id":"https:\/\/sysmatec.ch\/de\/Produkt\/mehrkanalpipette-cappaero-384-2\/#primaryimage"},"thumbnailUrl":"https:\/\/sysmatec.ch\/wp-content\/uploads\/2019\/01\/Pipette_CappAeroMulti1.gif","datePublished":"2019-01-13T19:27:33+00:00","dateModified":"2024-07-15T19:43:52+00:00","description":"Mehrkanalpipetten f\u00fcr 8, 12 oder 16 Kan\u00e4le, geeignet f\u00fcr 96-Well-Mikrotiterplatten. Speziell entwickelt f\u00fcr erm\u00fcdungsfreies F\u00fcllen.","breadcrumb":{"@id":"https:\/\/sysmatec.ch\/de\/Produkt\/mehrkanalpipette-cappaero-384-2\/#breadcrumb"},"inLanguage":"de","potentialAction":[{"@type":"ReadAction","target":["https:\/\/sysmatec.ch\/de\/Produkt\/mehrkanalpipette-cappaero-384-2\/"]}]},{"@type":"ImageObject","inLanguage":"de","@id":"https:\/\/sysmatec.ch\/de\/Produkt\/mehrkanalpipette-cappaero-384-2\/#primaryimage","url":"https:\/\/sysmatec.ch\/wp-content\/uploads\/2019\/01\/Pipette_CappAeroMulti1.gif","contentUrl":"https:\/\/sysmatec.ch\/wp-content\/uploads\/2019\/01\/Pipette_CappAeroMulti1.gif","width":160,"height":96},{"@type":"BreadcrumbList","@id":"https:\/\/sysmatec.ch\/de\/Produkt\/mehrkanalpipette-cappaero-384-2\/#breadcrumb","itemListElement":[{"@type":"ListItem","position":1,"name":"Accueil","item":"https:\/\/sysmatec.ch\/de\/"},{"@type":"ListItem","position":2,"name":"Die Aktivit\u00e4t von Sysmatec","item":"https:\/\/sysmatec.ch\/de\/"},{"@type":"ListItem","position":3,"name":"Mehrkanalpipette CappAero 384"}]},{"@type":"WebSite","@id":"https:\/\/sysmatec.ch\/de\/#website","url":"https:\/\/sysmatec.ch\/de\/","name":"Sysmatec","description":"Equipement de laboratoire et logiciels","publisher":{"@id":"https:\/\/sysmatec.ch\/de\/#organization"},"potentialAction":[{"@type":"SearchAction","target":{"@type":"EntryPoint","urlTemplate":"https:\/\/sysmatec.ch\/de\/?s={search_term_string}"},"query-input":{"@type":"PropertyValueSpecification","valueRequired":true,"valueName":"search_term_string"}}],"inLanguage":"de"},{"@type":"Organization","@id":"https:\/\/sysmatec.ch\/de\/#organization","name":"Sysmatec","url":"https:\/\/sysmatec.ch\/de\/","logo":{"@type":"ImageObject","inLanguage":"de","@id":"https:\/\/sysmatec.ch\/de\/#\/schema\/logo\/image\/","url":"https:\/\/sysmatec.ch\/wp-content\/uploads\/2018\/11\/LogoSysmatec.jpg","contentUrl":"https:\/\/sysmatec.ch\/wp-content\/uploads\/2018\/11\/LogoSysmatec.jpg","width":301,"height":297,"caption":"Sysmatec"},"image":{"@id":"https:\/\/sysmatec.ch\/de\/#\/schema\/logo\/image\/"}}]}},"_links":{"self":[{"href":"https:\/\/sysmatec.ch\/de\/wp-json\/wp\/v2\/product\/2189","targetHints":{"allow":["GET"]}}],"collection":[{"href":"https:\/\/sysmatec.ch\/de\/wp-json\/wp\/v2\/product"}],"about":[{"href":"https:\/\/sysmatec.ch\/de\/wp-json\/wp\/v2\/types\/product"}],"wp:featuredmedia":[{"embeddable":true,"href":"https:\/\/sysmatec.ch\/de\/wp-json\/wp\/v2\/media\/1289"}],"wp:attachment":[{"href":"https:\/\/sysmatec.ch\/de\/wp-json\/wp\/v2\/media?parent=2189"}],"wp:term":[{"taxonomy":"product_brand","embeddable":true,"href":"https:\/\/sysmatec.ch\/de\/wp-json\/wp\/v2\/product_brand?post=2189"},{"taxonomy":"product_cat","embeddable":true,"href":"https:\/\/sysmatec.ch\/de\/wp-json\/wp\/v2\/product_cat?post=2189"},{"taxonomy":"product_tag","embeddable":true,"href":"https:\/\/sysmatec.ch\/de\/wp-json\/wp\/v2\/product_tag?post=2189"}],"curies":[{"name":"wp","href":"https:\/\/api.w.org\/{rel}","templated":true}]}}