{"id":2187,"date":"2019-01-13T20:34:13","date_gmt":"2019-01-13T19:34:13","guid":{"rendered":"https:\/\/sysmatec.ch\/produit\/pompe-peristaltique-liquimaster\/"},"modified":"2022-03-09T17:32:24","modified_gmt":"2022-03-09T16:32:24","slug":"capp-liquimaster-schlauchquetschpumpe","status":"publish","type":"product","link":"https:\/\/sysmatec.ch\/de\/Produkt\/capp-liquimaster-schlauchquetschpumpe\/","title":{"rendered":"Capp LiquiMaster Schlauchquetschpumpe"},"content":{"rendered":"<p>Die LiquiMaster ist eine benutzerfreundliche, programmierbare peristaltische Pumpe konzipiert f\u00fcr dosieren, verd\u00fcnnen, pipettieren oder Platten f\u00fcllen bis zu 5-mal schneller als mit konventionellen Mitteln.<\/p>\n<p>Verschiedene Schl\u00e4uche, von 0,3 mm bis 4 mm Durchmesser, erlauben einen Dosierung von 20 ul bis 1000 ml. Bis zu 25 Rezepte k\u00f6nnen gespeichert werden.<\/p>\n<p>Erh\u00e4ltlich mit verschiedenen Pipettieren Module (1- und 8-Kan\u00e4le), ist die LiquiMaster Pumpe eine einfach zu bedienende Ger\u00e4t, automatische Kalibrierung durchf\u00fchren. Sowohl Einzel-und Multi-Kan\u00e4le-Module sind voll autoklavierbar. Die 8-Kan\u00e4le Version ist ideal f\u00fcr die automatische Dosierung in 96-Well-Mikroplatten wie im ELISA-Verfahren.<\/p>\n","protected":false},"excerpt":{"rendered":"<p>Pipettes<\/p>\n","protected":false},"featured_media":1291,"template":"","meta":{"_crdt_document":""},"product_brand":[],"product_cat":[129],"product_tag":[],"class_list":{"0":"post-2187","1":"product","2":"type-product","3":"status-publish","4":"has-post-thumbnail","6":"product_cat-pipette-de","8":"first","9":"instock","10":"taxable","11":"shipping-taxable","12":"product-type-simple"},"yoast_head":"<!-- This site is optimized with the Yoast SEO plugin v27.3 - https:\/\/yoast.com\/product\/yoast-seo-wordpress\/ -->\n<title>Capp LiquiMaster Schlauchquetschpumpe - Sysmatec<\/title>\n<meta name=\"description\" content=\"Dosierschlauchpumpe. Kombiniert wird es mit einer Dispensiereinheit mit definiertem Fl\u00fcssigkeitsvolumen, erh\u00e4ltlich f\u00fcr einen oder acht Kan\u00e4le.\" \/>\n<meta name=\"robots\" content=\"index, follow, max-snippet:-1, max-image-preview:large, max-video-preview:-1\" \/>\n<link rel=\"canonical\" href=\"https:\/\/sysmatec.ch\/de\/produit\/capp-liquimaster-schlauchquetschpumpe\/\" \/>\n<meta property=\"og:locale\" content=\"de_DE\" \/>\n<meta property=\"og:type\" content=\"article\" \/>\n<meta property=\"og:title\" content=\"Capp LiquiMaster Schlauchquetschpumpe - Sysmatec\" \/>\n<meta property=\"og:description\" content=\"Dosierschlauchpumpe. Kombiniert wird es mit einer Dispensiereinheit mit definiertem Fl\u00fcssigkeitsvolumen, erh\u00e4ltlich f\u00fcr einen oder acht Kan\u00e4le.\" \/>\n<meta property=\"og:url\" content=\"https:\/\/sysmatec.ch\/de\/produit\/capp-liquimaster-schlauchquetschpumpe\/\" \/>\n<meta property=\"og:site_name\" content=\"Sysmatec\" \/>\n<meta property=\"article:modified_time\" content=\"2022-03-09T16:32:24+00:00\" \/>\n<meta property=\"og:image\" content=\"https:\/\/sysmatec.ch\/wp-content\/uploads\/2019\/01\/Pipette_CappLiquiMaster.jpg\" \/>\n\t<meta property=\"og:image:width\" content=\"132\" \/>\n\t<meta property=\"og:image:height\" content=\"201\" \/>\n\t<meta property=\"og:image:type\" content=\"image\/jpeg\" \/>\n<meta name=\"twitter:card\" content=\"summary_large_image\" \/>\n<script type=\"application\/ld+json\" class=\"yoast-schema-graph\">{\"@context\":\"https:\\\/\\\/schema.org\",\"@graph\":[{\"@type\":\"WebPage\",\"@id\":\"https:\\\/\\\/sysmatec.ch\\\/de\\\/produit\\\/capp-liquimaster-schlauchquetschpumpe\\\/\",\"url\":\"https:\\\/\\\/sysmatec.ch\\\/de\\\/produit\\\/capp-liquimaster-schlauchquetschpumpe\\\/\",\"name\":\"Capp LiquiMaster Schlauchquetschpumpe - Sysmatec\",\"isPartOf\":{\"@id\":\"https:\\\/\\\/sysmatec.ch\\\/de\\\/#website\"},\"primaryImageOfPage\":{\"@id\":\"https:\\\/\\\/sysmatec.ch\\\/de\\\/produit\\\/capp-liquimaster-schlauchquetschpumpe\\\/#primaryimage\"},\"image\":{\"@id\":\"https:\\\/\\\/sysmatec.ch\\\/de\\\/produit\\\/capp-liquimaster-schlauchquetschpumpe\\\/#primaryimage\"},\"thumbnailUrl\":\"https:\\\/\\\/sysmatec.ch\\\/wp-content\\\/uploads\\\/2019\\\/01\\\/Pipette_CappLiquiMaster.jpg\",\"datePublished\":\"2019-01-13T19:34:13+00:00\",\"dateModified\":\"2022-03-09T16:32:24+00:00\",\"description\":\"Dosierschlauchpumpe. Kombiniert wird es mit einer Dispensiereinheit mit definiertem Fl\u00fcssigkeitsvolumen, erh\u00e4ltlich f\u00fcr einen oder acht Kan\u00e4le.\",\"breadcrumb\":{\"@id\":\"https:\\\/\\\/sysmatec.ch\\\/de\\\/produit\\\/capp-liquimaster-schlauchquetschpumpe\\\/#breadcrumb\"},\"inLanguage\":\"de\",\"potentialAction\":[{\"@type\":\"ReadAction\",\"target\":[\"https:\\\/\\\/sysmatec.ch\\\/de\\\/produit\\\/capp-liquimaster-schlauchquetschpumpe\\\/\"]}]},{\"@type\":\"ImageObject\",\"inLanguage\":\"de\",\"@id\":\"https:\\\/\\\/sysmatec.ch\\\/de\\\/produit\\\/capp-liquimaster-schlauchquetschpumpe\\\/#primaryimage\",\"url\":\"https:\\\/\\\/sysmatec.ch\\\/wp-content\\\/uploads\\\/2019\\\/01\\\/Pipette_CappLiquiMaster.jpg\",\"contentUrl\":\"https:\\\/\\\/sysmatec.ch\\\/wp-content\\\/uploads\\\/2019\\\/01\\\/Pipette_CappLiquiMaster.jpg\",\"width\":132,\"height\":201},{\"@type\":\"BreadcrumbList\",\"@id\":\"https:\\\/\\\/sysmatec.ch\\\/de\\\/produit\\\/capp-liquimaster-schlauchquetschpumpe\\\/#breadcrumb\",\"itemListElement\":[{\"@type\":\"ListItem\",\"position\":1,\"name\":\"Accueil\",\"item\":\"https:\\\/\\\/sysmatec.ch\\\/de\\\/\"},{\"@type\":\"ListItem\",\"position\":2,\"name\":\"Die Aktivit\u00e4t von Sysmatec\",\"item\":\"https:\\\/\\\/sysmatec.ch\\\/de\\\/\"},{\"@type\":\"ListItem\",\"position\":3,\"name\":\"Capp LiquiMaster Schlauchquetschpumpe\"}]},{\"@type\":\"WebSite\",\"@id\":\"https:\\\/\\\/sysmatec.ch\\\/de\\\/#website\",\"url\":\"https:\\\/\\\/sysmatec.ch\\\/de\\\/\",\"name\":\"Sysmatec\",\"description\":\"Equipement de laboratoire et logiciels\",\"publisher\":{\"@id\":\"https:\\\/\\\/sysmatec.ch\\\/de\\\/#organization\"},\"potentialAction\":[{\"@type\":\"SearchAction\",\"target\":{\"@type\":\"EntryPoint\",\"urlTemplate\":\"https:\\\/\\\/sysmatec.ch\\\/de\\\/?s={search_term_string}\"},\"query-input\":{\"@type\":\"PropertyValueSpecification\",\"valueRequired\":true,\"valueName\":\"search_term_string\"}}],\"inLanguage\":\"de\"},{\"@type\":\"Organization\",\"@id\":\"https:\\\/\\\/sysmatec.ch\\\/de\\\/#organization\",\"name\":\"Sysmatec\",\"url\":\"https:\\\/\\\/sysmatec.ch\\\/de\\\/\",\"logo\":{\"@type\":\"ImageObject\",\"inLanguage\":\"de\",\"@id\":\"https:\\\/\\\/sysmatec.ch\\\/de\\\/#\\\/schema\\\/logo\\\/image\\\/\",\"url\":\"https:\\\/\\\/sysmatec.ch\\\/wp-content\\\/uploads\\\/2018\\\/11\\\/LogoSysmatec.jpg\",\"contentUrl\":\"https:\\\/\\\/sysmatec.ch\\\/wp-content\\\/uploads\\\/2018\\\/11\\\/LogoSysmatec.jpg\",\"width\":301,\"height\":297,\"caption\":\"Sysmatec\"},\"image\":{\"@id\":\"https:\\\/\\\/sysmatec.ch\\\/de\\\/#\\\/schema\\\/logo\\\/image\\\/\"}}]}<\/script>\n<!-- \/ Yoast SEO plugin. -->","yoast_head_json":{"title":"Capp LiquiMaster Schlauchquetschpumpe - Sysmatec","description":"Dosierschlauchpumpe. Kombiniert wird es mit einer Dispensiereinheit mit definiertem Fl\u00fcssigkeitsvolumen, erh\u00e4ltlich f\u00fcr einen oder acht Kan\u00e4le.","robots":{"index":"index","follow":"follow","max-snippet":"max-snippet:-1","max-image-preview":"max-image-preview:large","max-video-preview":"max-video-preview:-1"},"canonical":"https:\/\/sysmatec.ch\/de\/produit\/capp-liquimaster-schlauchquetschpumpe\/","og_locale":"de_DE","og_type":"article","og_title":"Capp LiquiMaster Schlauchquetschpumpe - Sysmatec","og_description":"Dosierschlauchpumpe. Kombiniert wird es mit einer Dispensiereinheit mit definiertem Fl\u00fcssigkeitsvolumen, erh\u00e4ltlich f\u00fcr einen oder acht Kan\u00e4le.","og_url":"https:\/\/sysmatec.ch\/de\/produit\/capp-liquimaster-schlauchquetschpumpe\/","og_site_name":"Sysmatec","article_modified_time":"2022-03-09T16:32:24+00:00","og_image":[{"width":132,"height":201,"url":"https:\/\/sysmatec.ch\/wp-content\/uploads\/2019\/01\/Pipette_CappLiquiMaster.jpg","type":"image\/jpeg"}],"twitter_card":"summary_large_image","schema":{"@context":"https:\/\/schema.org","@graph":[{"@type":"WebPage","@id":"https:\/\/sysmatec.ch\/de\/produit\/capp-liquimaster-schlauchquetschpumpe\/","url":"https:\/\/sysmatec.ch\/de\/produit\/capp-liquimaster-schlauchquetschpumpe\/","name":"Capp LiquiMaster Schlauchquetschpumpe - Sysmatec","isPartOf":{"@id":"https:\/\/sysmatec.ch\/de\/#website"},"primaryImageOfPage":{"@id":"https:\/\/sysmatec.ch\/de\/produit\/capp-liquimaster-schlauchquetschpumpe\/#primaryimage"},"image":{"@id":"https:\/\/sysmatec.ch\/de\/produit\/capp-liquimaster-schlauchquetschpumpe\/#primaryimage"},"thumbnailUrl":"https:\/\/sysmatec.ch\/wp-content\/uploads\/2019\/01\/Pipette_CappLiquiMaster.jpg","datePublished":"2019-01-13T19:34:13+00:00","dateModified":"2022-03-09T16:32:24+00:00","description":"Dosierschlauchpumpe. Kombiniert wird es mit einer Dispensiereinheit mit definiertem Fl\u00fcssigkeitsvolumen, erh\u00e4ltlich f\u00fcr einen oder acht Kan\u00e4le.","breadcrumb":{"@id":"https:\/\/sysmatec.ch\/de\/produit\/capp-liquimaster-schlauchquetschpumpe\/#breadcrumb"},"inLanguage":"de","potentialAction":[{"@type":"ReadAction","target":["https:\/\/sysmatec.ch\/de\/produit\/capp-liquimaster-schlauchquetschpumpe\/"]}]},{"@type":"ImageObject","inLanguage":"de","@id":"https:\/\/sysmatec.ch\/de\/produit\/capp-liquimaster-schlauchquetschpumpe\/#primaryimage","url":"https:\/\/sysmatec.ch\/wp-content\/uploads\/2019\/01\/Pipette_CappLiquiMaster.jpg","contentUrl":"https:\/\/sysmatec.ch\/wp-content\/uploads\/2019\/01\/Pipette_CappLiquiMaster.jpg","width":132,"height":201},{"@type":"BreadcrumbList","@id":"https:\/\/sysmatec.ch\/de\/produit\/capp-liquimaster-schlauchquetschpumpe\/#breadcrumb","itemListElement":[{"@type":"ListItem","position":1,"name":"Accueil","item":"https:\/\/sysmatec.ch\/de\/"},{"@type":"ListItem","position":2,"name":"Die Aktivit\u00e4t von Sysmatec","item":"https:\/\/sysmatec.ch\/de\/"},{"@type":"ListItem","position":3,"name":"Capp LiquiMaster Schlauchquetschpumpe"}]},{"@type":"WebSite","@id":"https:\/\/sysmatec.ch\/de\/#website","url":"https:\/\/sysmatec.ch\/de\/","name":"Sysmatec","description":"Equipement de laboratoire et logiciels","publisher":{"@id":"https:\/\/sysmatec.ch\/de\/#organization"},"potentialAction":[{"@type":"SearchAction","target":{"@type":"EntryPoint","urlTemplate":"https:\/\/sysmatec.ch\/de\/?s={search_term_string}"},"query-input":{"@type":"PropertyValueSpecification","valueRequired":true,"valueName":"search_term_string"}}],"inLanguage":"de"},{"@type":"Organization","@id":"https:\/\/sysmatec.ch\/de\/#organization","name":"Sysmatec","url":"https:\/\/sysmatec.ch\/de\/","logo":{"@type":"ImageObject","inLanguage":"de","@id":"https:\/\/sysmatec.ch\/de\/#\/schema\/logo\/image\/","url":"https:\/\/sysmatec.ch\/wp-content\/uploads\/2018\/11\/LogoSysmatec.jpg","contentUrl":"https:\/\/sysmatec.ch\/wp-content\/uploads\/2018\/11\/LogoSysmatec.jpg","width":301,"height":297,"caption":"Sysmatec"},"image":{"@id":"https:\/\/sysmatec.ch\/de\/#\/schema\/logo\/image\/"}}]}},"_links":{"self":[{"href":"https:\/\/sysmatec.ch\/de\/wp-json\/wp\/v2\/product\/2187","targetHints":{"allow":["GET"]}}],"collection":[{"href":"https:\/\/sysmatec.ch\/de\/wp-json\/wp\/v2\/product"}],"about":[{"href":"https:\/\/sysmatec.ch\/de\/wp-json\/wp\/v2\/types\/product"}],"wp:featuredmedia":[{"embeddable":true,"href":"https:\/\/sysmatec.ch\/de\/wp-json\/wp\/v2\/media\/1291"}],"wp:attachment":[{"href":"https:\/\/sysmatec.ch\/de\/wp-json\/wp\/v2\/media?parent=2187"}],"wp:term":[{"taxonomy":"product_brand","embeddable":true,"href":"https:\/\/sysmatec.ch\/de\/wp-json\/wp\/v2\/product_brand?post=2187"},{"taxonomy":"product_cat","embeddable":true,"href":"https:\/\/sysmatec.ch\/de\/wp-json\/wp\/v2\/product_cat?post=2187"},{"taxonomy":"product_tag","embeddable":true,"href":"https:\/\/sysmatec.ch\/de\/wp-json\/wp\/v2\/product_tag?post=2187"}],"curies":[{"name":"wp","href":"https:\/\/api.w.org\/{rel}","templated":true}]}}