{"id":21868,"date":"2021-01-07T13:04:51","date_gmt":"2021-01-07T12:04:51","guid":{"rendered":"https:\/\/sysmatec.ch\/?post_type=product&#038;p=21868"},"modified":"2021-12-02T21:43:48","modified_gmt":"2021-12-02T20:43:48","slug":"einwegueberziehschuhe-40300","status":"publish","type":"product","link":"https:\/\/sysmatec.ch\/de\/Produkt\/einwegueberziehschuhe-40300\/","title":{"rendered":"Einweg\u00fcberziehschuhe 40300"},"content":{"rendered":"<h2><span class=\"text-info\">Notwendige Grundvoraussetzungen f\u00fcr reinraumtaugliche \u00dcberziehschuhe<\/span><\/h2>\n<ul>\n<li>Partikelr\u00fcckhalteverm\u00f6gen und Barriereeigenschaften<\/li>\n<li>Sterilit\u00e4t, bei Bedarf, Sterilit\u00e4ts-\/Bestrahlungszertifikat<\/li>\n<li>antistatische Ausr\u00fcstung mit m\u00f6glichst geringer Partikelfreisetzung<\/li>\n<li>Rei\u00dffestigkeit<\/li>\n<li>rutschhemmende Wirkung<\/li>\n<li>Sauberkeit bei Anlieferung und eine reinraumtaugliche Verpackung (Polybeutel)<\/li>\n<li>vorhandene Dokumentation, Modellspezifikationen, technisches Datenblatt zum eingesetzten Material<\/li>\n<li>PSA-Richtlinien, falls gefordert<\/li>\n<li>Farbe: Blau, Gr\u00fcn, Weiss<\/li>\n<li>Material: CPE<\/li>\n<li class=\"col-sm-3 variation-datacell\">kn\u00f6chelhohe Ausf\u00fchrung<\/li>\n<li class=\"col-sm-2 variation-datacell\">Gr\u00f6sse: universal, 41 cm lang<\/li>\n<\/ul>\n","protected":false},"excerpt":{"rendered":"<p>Einweg\u00fcberziehschuhe<\/p>\n","protected":false},"featured_media":21865,"template":"","meta":{"_crdt_document":""},"product_brand":[],"product_cat":[381,279],"product_tag":[],"class_list":{"0":"post-21868","1":"product","2":"type-product","3":"status-publish","4":"has-post-thumbnail","6":"product_cat-schutz","7":"product_cat-verbrauchsmaterial","9":"first","10":"instock","11":"taxable","12":"shipping-taxable","13":"product-type-simple"},"yoast_head":"<!-- This site is optimized with the Yoast SEO plugin v27.4 - https:\/\/yoast.com\/product\/yoast-seo-wordpress\/ -->\n<title>Einweg\u00fcberziehschuhe 40300 - Sysmatec<\/title>\n<meta name=\"description\" content=\"Einweg-\u00dcberschuh, abriebfest, rutschfest, gut geeignet f\u00fcr Reinr\u00e4ume, Einheitsgr\u00f6\u00dfe. In verschiedenen Farben erh\u00e4ltlich.\" \/>\n<meta name=\"robots\" content=\"index, follow, max-snippet:-1, max-image-preview:large, max-video-preview:-1\" \/>\n<link rel=\"canonical\" href=\"https:\/\/sysmatec.ch\/de\/produit\/einwegueberziehschuhe-40300\/\" \/>\n<meta property=\"og:locale\" content=\"de_DE\" \/>\n<meta property=\"og:type\" content=\"article\" \/>\n<meta property=\"og:title\" content=\"Einweg\u00fcberziehschuhe 40300 - Sysmatec\" \/>\n<meta property=\"og:description\" content=\"Einweg-\u00dcberschuh, abriebfest, rutschfest, gut geeignet f\u00fcr Reinr\u00e4ume, Einheitsgr\u00f6\u00dfe. In verschiedenen Farben erh\u00e4ltlich.\" \/>\n<meta property=\"og:url\" content=\"https:\/\/sysmatec.ch\/de\/produit\/einwegueberziehschuhe-40300\/\" \/>\n<meta property=\"og:site_name\" content=\"Sysmatec\" \/>\n<meta property=\"article:modified_time\" content=\"2021-12-02T20:43:48+00:00\" \/>\n<meta property=\"og:image\" content=\"https:\/\/sysmatec.ch\/wp-content\/uploads\/2021\/01\/Einwegu\u2560eberziehschuhe-Art.-40350.jpg\" \/>\n\t<meta property=\"og:image:width\" content=\"1181\" \/>\n\t<meta property=\"og:image:height\" content=\"1016\" \/>\n\t<meta property=\"og:image:type\" content=\"image\/jpeg\" \/>\n<meta name=\"twitter:card\" content=\"summary_large_image\" \/>\n<meta name=\"twitter:label1\" content=\"Gesch\u00e4tzte Lesezeit\" \/>\n\t<meta name=\"twitter:data1\" content=\"1\u00a0Minute\" \/>\n<script type=\"application\/ld+json\" class=\"yoast-schema-graph\">{\"@context\":\"https:\\\/\\\/schema.org\",\"@graph\":[{\"@type\":\"WebPage\",\"@id\":\"https:\\\/\\\/sysmatec.ch\\\/de\\\/produit\\\/einwegueberziehschuhe-40300\\\/\",\"url\":\"https:\\\/\\\/sysmatec.ch\\\/de\\\/produit\\\/einwegueberziehschuhe-40300\\\/\",\"name\":\"Einweg\u00fcberziehschuhe 40300 - Sysmatec\",\"isPartOf\":{\"@id\":\"https:\\\/\\\/sysmatec.ch\\\/de\\\/#website\"},\"primaryImageOfPage\":{\"@id\":\"https:\\\/\\\/sysmatec.ch\\\/de\\\/produit\\\/einwegueberziehschuhe-40300\\\/#primaryimage\"},\"image\":{\"@id\":\"https:\\\/\\\/sysmatec.ch\\\/de\\\/produit\\\/einwegueberziehschuhe-40300\\\/#primaryimage\"},\"thumbnailUrl\":\"https:\\\/\\\/sysmatec.ch\\\/wp-content\\\/uploads\\\/2021\\\/01\\\/Einwegu\u2560eberziehschuhe-Art.-40350.jpg\",\"datePublished\":\"2021-01-07T12:04:51+00:00\",\"dateModified\":\"2021-12-02T20:43:48+00:00\",\"description\":\"Einweg-\u00dcberschuh, abriebfest, rutschfest, gut geeignet f\u00fcr Reinr\u00e4ume, Einheitsgr\u00f6\u00dfe. In verschiedenen Farben erh\u00e4ltlich.\",\"breadcrumb\":{\"@id\":\"https:\\\/\\\/sysmatec.ch\\\/de\\\/produit\\\/einwegueberziehschuhe-40300\\\/#breadcrumb\"},\"inLanguage\":\"de\",\"potentialAction\":[{\"@type\":\"ReadAction\",\"target\":[\"https:\\\/\\\/sysmatec.ch\\\/de\\\/produit\\\/einwegueberziehschuhe-40300\\\/\"]}]},{\"@type\":\"ImageObject\",\"inLanguage\":\"de\",\"@id\":\"https:\\\/\\\/sysmatec.ch\\\/de\\\/produit\\\/einwegueberziehschuhe-40300\\\/#primaryimage\",\"url\":\"https:\\\/\\\/sysmatec.ch\\\/wp-content\\\/uploads\\\/2021\\\/01\\\/Einwegu\u2560eberziehschuhe-Art.-40350.jpg\",\"contentUrl\":\"https:\\\/\\\/sysmatec.ch\\\/wp-content\\\/uploads\\\/2021\\\/01\\\/Einwegu\u2560eberziehschuhe-Art.-40350.jpg\",\"width\":1181,\"height\":1016},{\"@type\":\"BreadcrumbList\",\"@id\":\"https:\\\/\\\/sysmatec.ch\\\/de\\\/produit\\\/einwegueberziehschuhe-40300\\\/#breadcrumb\",\"itemListElement\":[{\"@type\":\"ListItem\",\"position\":1,\"name\":\"Accueil\",\"item\":\"https:\\\/\\\/sysmatec.ch\\\/de\\\/\"},{\"@type\":\"ListItem\",\"position\":2,\"name\":\"Die Aktivit\u00e4t von Sysmatec\",\"item\":\"https:\\\/\\\/sysmatec.ch\\\/de\\\/\"},{\"@type\":\"ListItem\",\"position\":3,\"name\":\"Einweg\u00fcberziehschuhe 40300\"}]},{\"@type\":\"WebSite\",\"@id\":\"https:\\\/\\\/sysmatec.ch\\\/de\\\/#website\",\"url\":\"https:\\\/\\\/sysmatec.ch\\\/de\\\/\",\"name\":\"Sysmatec\",\"description\":\"Equipement de laboratoire et logiciels\",\"publisher\":{\"@id\":\"https:\\\/\\\/sysmatec.ch\\\/de\\\/#organization\"},\"potentialAction\":[{\"@type\":\"SearchAction\",\"target\":{\"@type\":\"EntryPoint\",\"urlTemplate\":\"https:\\\/\\\/sysmatec.ch\\\/de\\\/?s={search_term_string}\"},\"query-input\":{\"@type\":\"PropertyValueSpecification\",\"valueRequired\":true,\"valueName\":\"search_term_string\"}}],\"inLanguage\":\"de\"},{\"@type\":\"Organization\",\"@id\":\"https:\\\/\\\/sysmatec.ch\\\/de\\\/#organization\",\"name\":\"Sysmatec\",\"url\":\"https:\\\/\\\/sysmatec.ch\\\/de\\\/\",\"logo\":{\"@type\":\"ImageObject\",\"inLanguage\":\"de\",\"@id\":\"https:\\\/\\\/sysmatec.ch\\\/de\\\/#\\\/schema\\\/logo\\\/image\\\/\",\"url\":\"https:\\\/\\\/sysmatec.ch\\\/wp-content\\\/uploads\\\/2018\\\/11\\\/LogoSysmatec.jpg\",\"contentUrl\":\"https:\\\/\\\/sysmatec.ch\\\/wp-content\\\/uploads\\\/2018\\\/11\\\/LogoSysmatec.jpg\",\"width\":301,\"height\":297,\"caption\":\"Sysmatec\"},\"image\":{\"@id\":\"https:\\\/\\\/sysmatec.ch\\\/de\\\/#\\\/schema\\\/logo\\\/image\\\/\"}}]}<\/script>\n<!-- \/ Yoast SEO plugin. -->","yoast_head_json":{"title":"Einweg\u00fcberziehschuhe 40300 - Sysmatec","description":"Einweg-\u00dcberschuh, abriebfest, rutschfest, gut geeignet f\u00fcr Reinr\u00e4ume, Einheitsgr\u00f6\u00dfe. In verschiedenen Farben erh\u00e4ltlich.","robots":{"index":"index","follow":"follow","max-snippet":"max-snippet:-1","max-image-preview":"max-image-preview:large","max-video-preview":"max-video-preview:-1"},"canonical":"https:\/\/sysmatec.ch\/de\/produit\/einwegueberziehschuhe-40300\/","og_locale":"de_DE","og_type":"article","og_title":"Einweg\u00fcberziehschuhe 40300 - Sysmatec","og_description":"Einweg-\u00dcberschuh, abriebfest, rutschfest, gut geeignet f\u00fcr Reinr\u00e4ume, Einheitsgr\u00f6\u00dfe. In verschiedenen Farben erh\u00e4ltlich.","og_url":"https:\/\/sysmatec.ch\/de\/produit\/einwegueberziehschuhe-40300\/","og_site_name":"Sysmatec","article_modified_time":"2021-12-02T20:43:48+00:00","og_image":[{"width":1181,"height":1016,"url":"https:\/\/sysmatec.ch\/wp-content\/uploads\/2021\/01\/Einwegu\u2560eberziehschuhe-Art.-40350.jpg","type":"image\/jpeg"}],"twitter_card":"summary_large_image","twitter_misc":{"Gesch\u00e4tzte Lesezeit":"1\u00a0Minute"},"schema":{"@context":"https:\/\/schema.org","@graph":[{"@type":"WebPage","@id":"https:\/\/sysmatec.ch\/de\/produit\/einwegueberziehschuhe-40300\/","url":"https:\/\/sysmatec.ch\/de\/produit\/einwegueberziehschuhe-40300\/","name":"Einweg\u00fcberziehschuhe 40300 - Sysmatec","isPartOf":{"@id":"https:\/\/sysmatec.ch\/de\/#website"},"primaryImageOfPage":{"@id":"https:\/\/sysmatec.ch\/de\/produit\/einwegueberziehschuhe-40300\/#primaryimage"},"image":{"@id":"https:\/\/sysmatec.ch\/de\/produit\/einwegueberziehschuhe-40300\/#primaryimage"},"thumbnailUrl":"https:\/\/sysmatec.ch\/wp-content\/uploads\/2021\/01\/Einwegu\u2560eberziehschuhe-Art.-40350.jpg","datePublished":"2021-01-07T12:04:51+00:00","dateModified":"2021-12-02T20:43:48+00:00","description":"Einweg-\u00dcberschuh, abriebfest, rutschfest, gut geeignet f\u00fcr Reinr\u00e4ume, Einheitsgr\u00f6\u00dfe. In verschiedenen Farben erh\u00e4ltlich.","breadcrumb":{"@id":"https:\/\/sysmatec.ch\/de\/produit\/einwegueberziehschuhe-40300\/#breadcrumb"},"inLanguage":"de","potentialAction":[{"@type":"ReadAction","target":["https:\/\/sysmatec.ch\/de\/produit\/einwegueberziehschuhe-40300\/"]}]},{"@type":"ImageObject","inLanguage":"de","@id":"https:\/\/sysmatec.ch\/de\/produit\/einwegueberziehschuhe-40300\/#primaryimage","url":"https:\/\/sysmatec.ch\/wp-content\/uploads\/2021\/01\/Einwegu\u2560eberziehschuhe-Art.-40350.jpg","contentUrl":"https:\/\/sysmatec.ch\/wp-content\/uploads\/2021\/01\/Einwegu\u2560eberziehschuhe-Art.-40350.jpg","width":1181,"height":1016},{"@type":"BreadcrumbList","@id":"https:\/\/sysmatec.ch\/de\/produit\/einwegueberziehschuhe-40300\/#breadcrumb","itemListElement":[{"@type":"ListItem","position":1,"name":"Accueil","item":"https:\/\/sysmatec.ch\/de\/"},{"@type":"ListItem","position":2,"name":"Die Aktivit\u00e4t von Sysmatec","item":"https:\/\/sysmatec.ch\/de\/"},{"@type":"ListItem","position":3,"name":"Einweg\u00fcberziehschuhe 40300"}]},{"@type":"WebSite","@id":"https:\/\/sysmatec.ch\/de\/#website","url":"https:\/\/sysmatec.ch\/de\/","name":"Sysmatec","description":"Equipement de laboratoire et logiciels","publisher":{"@id":"https:\/\/sysmatec.ch\/de\/#organization"},"potentialAction":[{"@type":"SearchAction","target":{"@type":"EntryPoint","urlTemplate":"https:\/\/sysmatec.ch\/de\/?s={search_term_string}"},"query-input":{"@type":"PropertyValueSpecification","valueRequired":true,"valueName":"search_term_string"}}],"inLanguage":"de"},{"@type":"Organization","@id":"https:\/\/sysmatec.ch\/de\/#organization","name":"Sysmatec","url":"https:\/\/sysmatec.ch\/de\/","logo":{"@type":"ImageObject","inLanguage":"de","@id":"https:\/\/sysmatec.ch\/de\/#\/schema\/logo\/image\/","url":"https:\/\/sysmatec.ch\/wp-content\/uploads\/2018\/11\/LogoSysmatec.jpg","contentUrl":"https:\/\/sysmatec.ch\/wp-content\/uploads\/2018\/11\/LogoSysmatec.jpg","width":301,"height":297,"caption":"Sysmatec"},"image":{"@id":"https:\/\/sysmatec.ch\/de\/#\/schema\/logo\/image\/"}}]}},"_links":{"self":[{"href":"https:\/\/sysmatec.ch\/de\/wp-json\/wp\/v2\/product\/21868","targetHints":{"allow":["GET"]}}],"collection":[{"href":"https:\/\/sysmatec.ch\/de\/wp-json\/wp\/v2\/product"}],"about":[{"href":"https:\/\/sysmatec.ch\/de\/wp-json\/wp\/v2\/types\/product"}],"wp:featuredmedia":[{"embeddable":true,"href":"https:\/\/sysmatec.ch\/de\/wp-json\/wp\/v2\/media\/21865"}],"wp:attachment":[{"href":"https:\/\/sysmatec.ch\/de\/wp-json\/wp\/v2\/media?parent=21868"}],"wp:term":[{"taxonomy":"product_brand","embeddable":true,"href":"https:\/\/sysmatec.ch\/de\/wp-json\/wp\/v2\/product_brand?post=21868"},{"taxonomy":"product_cat","embeddable":true,"href":"https:\/\/sysmatec.ch\/de\/wp-json\/wp\/v2\/product_cat?post=21868"},{"taxonomy":"product_tag","embeddable":true,"href":"https:\/\/sysmatec.ch\/de\/wp-json\/wp\/v2\/product_tag?post=21868"}],"curies":[{"name":"wp","href":"https:\/\/api.w.org\/{rel}","templated":true}]}}