{"id":2182,"date":"2019-01-13T20:42:22","date_gmt":"2019-01-13T19:42:22","guid":{"rendered":"https:\/\/sysmatec.ch\/produit\/pipette-disributrice-mecanique-capp-r10\/"},"modified":"2022-03-09T16:34:57","modified_gmt":"2022-03-09T15:34:57","slug":"mechanischer-repetiver-dispenser-stepper-capp-r10","status":"publish","type":"product","link":"https:\/\/sysmatec.ch\/de\/Produkt\/mechanischer-repetiver-dispenser-stepper-capp-r10\/","title":{"rendered":"Mechanischer Repetiver Dispenser (Stepper) Capp R10"},"content":{"rendered":"<ul>\n<li>Gute Ergonomie f\u00fcr Ihre Laborarbeit, mit h\u00f6chste Pr\u00e4zision<\/li>\n<li>Einfachere Handhabung<\/li>\n<li>Flexibel: 12 Spitzengr\u00f6\u00dfen, 10 Volumeneinstellungen und 120 Programmschritte<\/li>\n<li>Handlich, mit einer perfekten ergonomischen Design. Ein-Schritt-Betrieb f\u00e8r den Volumenwahl, Beladung und Abgabe von Fl\u00fcssigkeiten<\/li>\n<li>Praktisch: der leicht zu bewegen Dosierung Taste in Kombination mit dem geringen Gewicht des Ger\u00e4tes macht lange Dosierung Serie bequem<\/li>\n<li>Hohe Kompatibilit\u00e4t: R10 ist nicht nur mit Capp Harmony Spritzen, sondern auch mit Tipps von vielen g\u00e4ngigen Marken kompatibel<\/li>\n<li>Zuverl\u00e4ssig &amp; wartungsfrei durch seine robuste Bauweise<\/li>\n<li>Hohe Best\u00e4ndigkeit gegen\u00fcber einer Vielzahl von Chemikalien<\/li>\n<\/ul>\n<table border=\"1\" width=\"427\" cellspacing=\"0\" cellpadding=\"0\">\n<tbody>\n<tr>\n<td>Spritzevolum (mL)<\/td>\n<td>Bulk<\/td>\n<td>Steril (einzeln verpackt)<\/td>\n<td>Stck.\/Packung<\/td>\n<\/tr>\n<tr>\n<td>0.05<\/td>\n<td>RS-01-C<\/td>\n<td>RS-01S-C<\/td>\n<td>100<\/td>\n<\/tr>\n<tr>\n<td>0.1<\/td>\n<td>RS-11-C<\/td>\n<td>RS-11S-C<\/td>\n<td>100<\/td>\n<\/tr>\n<tr>\n<td>0.2<\/td>\n<td>RS-12-C<\/td>\n<td>RS-12S-C<\/td>\n<td>100<\/td>\n<\/tr>\n<tr>\n<td>0.5<\/td>\n<td>RS-02-C<\/td>\n<td>RS-02S-C<\/td>\n<td>100<\/td>\n<\/tr>\n<tr>\n<td>1<\/td>\n<td>RS-13-C<\/td>\n<td>RS-13S-C<\/td>\n<td>100<\/td>\n<\/tr>\n<tr>\n<td>1.25<\/td>\n<td>RS-03-C<\/td>\n<td>RS-03S-C<\/td>\n<td>100<\/td>\n<\/tr>\n<tr>\n<td>2.5<\/td>\n<td>RS-04-C<\/td>\n<td>RS-04S-C<\/td>\n<td>100<\/td>\n<\/tr>\n<tr>\n<td>5<\/td>\n<td>RS-05-C<\/td>\n<td>RS-05S-C<\/td>\n<td>100<\/td>\n<\/tr>\n<tr>\n<td>10<\/td>\n<td>RS-14-C<\/td>\n<td>RS-14S-C<\/td>\n<td>100<\/td>\n<\/tr>\n<tr>\n<td>12.5<\/td>\n<td>RS-06-C<\/td>\n<td>RS-06S-C<\/td>\n<td>100<\/td>\n<\/tr>\n<tr>\n<td>25<\/td>\n<td>RS-07-C<\/td>\n<td>RS-07S-C<\/td>\n<td>25<\/td>\n<\/tr>\n<tr>\n<td>50<\/td>\n<td>RS-08-C<\/td>\n<td>RS-08S-C<\/td>\n<td>25<\/td>\n<\/tr>\n<\/tbody>\n<\/table>\n","protected":false},"excerpt":{"rendered":"<p>Mechanischer Repetiver Dispenser (Stepper)<\/p>\n","protected":false},"featured_media":1297,"template":"","meta":{"_crdt_document":""},"product_brand":[],"product_cat":[129],"product_tag":[],"class_list":{"0":"post-2182","1":"product","2":"type-product","3":"status-publish","4":"has-post-thumbnail","6":"product_cat-pipette-de","8":"first","9":"instock","10":"taxable","11":"shipping-taxable","12":"product-type-simple"},"yoast_head":"<!-- This site is optimized with the Yoast SEO plugin v27.3 - https:\/\/yoast.com\/product\/yoast-seo-wordpress\/ -->\n<title>Mechanischer Repetiver Dispenser (Stepper) Capp R10 - Sysmatec<\/title>\n<meta name=\"description\" content=\"Mechanische Dosierpipette. Ideal f\u00fcr sich wiederholende Erg\u00e4nzungen. Chemikalienbest\u00e4ndig. F\u00fcr Volumenspritzen von 0,05 bis 50 ml.\" \/>\n<meta name=\"robots\" content=\"index, follow, max-snippet:-1, max-image-preview:large, max-video-preview:-1\" \/>\n<link rel=\"canonical\" href=\"https:\/\/sysmatec.ch\/de\/produit\/mechanischer-repetiver-dispenser-stepper-capp-r10\/\" \/>\n<meta property=\"og:locale\" content=\"de_DE\" \/>\n<meta property=\"og:type\" content=\"article\" \/>\n<meta property=\"og:title\" content=\"Mechanischer Repetiver Dispenser (Stepper) Capp R10 - Sysmatec\" \/>\n<meta property=\"og:description\" content=\"Mechanische Dosierpipette. Ideal f\u00fcr sich wiederholende Erg\u00e4nzungen. Chemikalienbest\u00e4ndig. F\u00fcr Volumenspritzen von 0,05 bis 50 ml.\" \/>\n<meta property=\"og:url\" content=\"https:\/\/sysmatec.ch\/de\/produit\/mechanischer-repetiver-dispenser-stepper-capp-r10\/\" \/>\n<meta property=\"og:site_name\" content=\"Sysmatec\" \/>\n<meta property=\"article:modified_time\" content=\"2022-03-09T15:34:57+00:00\" \/>\n<meta property=\"og:image\" content=\"https:\/\/sysmatec.ch\/wp-content\/uploads\/2019\/01\/Pipette_CappRepeaterR10.jpg\" \/>\n\t<meta property=\"og:image:width\" content=\"65\" \/>\n\t<meta property=\"og:image:height\" content=\"232\" \/>\n\t<meta property=\"og:image:type\" content=\"image\/jpeg\" \/>\n<meta name=\"twitter:card\" content=\"summary_large_image\" \/>\n<meta name=\"twitter:label1\" content=\"Gesch\u00e4tzte Lesezeit\" \/>\n\t<meta name=\"twitter:data1\" content=\"1\u00a0Minute\" \/>\n<script type=\"application\/ld+json\" class=\"yoast-schema-graph\">{\"@context\":\"https:\\\/\\\/schema.org\",\"@graph\":[{\"@type\":\"WebPage\",\"@id\":\"https:\\\/\\\/sysmatec.ch\\\/de\\\/produit\\\/mechanischer-repetiver-dispenser-stepper-capp-r10\\\/\",\"url\":\"https:\\\/\\\/sysmatec.ch\\\/de\\\/produit\\\/mechanischer-repetiver-dispenser-stepper-capp-r10\\\/\",\"name\":\"Mechanischer Repetiver Dispenser (Stepper) Capp R10 - Sysmatec\",\"isPartOf\":{\"@id\":\"https:\\\/\\\/sysmatec.ch\\\/de\\\/#website\"},\"primaryImageOfPage\":{\"@id\":\"https:\\\/\\\/sysmatec.ch\\\/de\\\/produit\\\/mechanischer-repetiver-dispenser-stepper-capp-r10\\\/#primaryimage\"},\"image\":{\"@id\":\"https:\\\/\\\/sysmatec.ch\\\/de\\\/produit\\\/mechanischer-repetiver-dispenser-stepper-capp-r10\\\/#primaryimage\"},\"thumbnailUrl\":\"https:\\\/\\\/sysmatec.ch\\\/wp-content\\\/uploads\\\/2019\\\/01\\\/Pipette_CappRepeaterR10.jpg\",\"datePublished\":\"2019-01-13T19:42:22+00:00\",\"dateModified\":\"2022-03-09T15:34:57+00:00\",\"description\":\"Mechanische Dosierpipette. Ideal f\u00fcr sich wiederholende Erg\u00e4nzungen. Chemikalienbest\u00e4ndig. F\u00fcr Volumenspritzen von 0,05 bis 50 ml.\",\"breadcrumb\":{\"@id\":\"https:\\\/\\\/sysmatec.ch\\\/de\\\/produit\\\/mechanischer-repetiver-dispenser-stepper-capp-r10\\\/#breadcrumb\"},\"inLanguage\":\"de\",\"potentialAction\":[{\"@type\":\"ReadAction\",\"target\":[\"https:\\\/\\\/sysmatec.ch\\\/de\\\/produit\\\/mechanischer-repetiver-dispenser-stepper-capp-r10\\\/\"]}]},{\"@type\":\"ImageObject\",\"inLanguage\":\"de\",\"@id\":\"https:\\\/\\\/sysmatec.ch\\\/de\\\/produit\\\/mechanischer-repetiver-dispenser-stepper-capp-r10\\\/#primaryimage\",\"url\":\"https:\\\/\\\/sysmatec.ch\\\/wp-content\\\/uploads\\\/2019\\\/01\\\/Pipette_CappRepeaterR10.jpg\",\"contentUrl\":\"https:\\\/\\\/sysmatec.ch\\\/wp-content\\\/uploads\\\/2019\\\/01\\\/Pipette_CappRepeaterR10.jpg\",\"width\":65,\"height\":232},{\"@type\":\"BreadcrumbList\",\"@id\":\"https:\\\/\\\/sysmatec.ch\\\/de\\\/produit\\\/mechanischer-repetiver-dispenser-stepper-capp-r10\\\/#breadcrumb\",\"itemListElement\":[{\"@type\":\"ListItem\",\"position\":1,\"name\":\"Accueil\",\"item\":\"https:\\\/\\\/sysmatec.ch\\\/de\\\/\"},{\"@type\":\"ListItem\",\"position\":2,\"name\":\"Die Aktivit\u00e4t von Sysmatec\",\"item\":\"https:\\\/\\\/sysmatec.ch\\\/de\\\/\"},{\"@type\":\"ListItem\",\"position\":3,\"name\":\"Mechanischer Repetiver Dispenser (Stepper) Capp R10\"}]},{\"@type\":\"WebSite\",\"@id\":\"https:\\\/\\\/sysmatec.ch\\\/de\\\/#website\",\"url\":\"https:\\\/\\\/sysmatec.ch\\\/de\\\/\",\"name\":\"Sysmatec\",\"description\":\"Equipement de laboratoire et logiciels\",\"publisher\":{\"@id\":\"https:\\\/\\\/sysmatec.ch\\\/de\\\/#organization\"},\"potentialAction\":[{\"@type\":\"SearchAction\",\"target\":{\"@type\":\"EntryPoint\",\"urlTemplate\":\"https:\\\/\\\/sysmatec.ch\\\/de\\\/?s={search_term_string}\"},\"query-input\":{\"@type\":\"PropertyValueSpecification\",\"valueRequired\":true,\"valueName\":\"search_term_string\"}}],\"inLanguage\":\"de\"},{\"@type\":\"Organization\",\"@id\":\"https:\\\/\\\/sysmatec.ch\\\/de\\\/#organization\",\"name\":\"Sysmatec\",\"url\":\"https:\\\/\\\/sysmatec.ch\\\/de\\\/\",\"logo\":{\"@type\":\"ImageObject\",\"inLanguage\":\"de\",\"@id\":\"https:\\\/\\\/sysmatec.ch\\\/de\\\/#\\\/schema\\\/logo\\\/image\\\/\",\"url\":\"https:\\\/\\\/sysmatec.ch\\\/wp-content\\\/uploads\\\/2018\\\/11\\\/LogoSysmatec.jpg\",\"contentUrl\":\"https:\\\/\\\/sysmatec.ch\\\/wp-content\\\/uploads\\\/2018\\\/11\\\/LogoSysmatec.jpg\",\"width\":301,\"height\":297,\"caption\":\"Sysmatec\"},\"image\":{\"@id\":\"https:\\\/\\\/sysmatec.ch\\\/de\\\/#\\\/schema\\\/logo\\\/image\\\/\"}}]}<\/script>\n<!-- \/ Yoast SEO plugin. -->","yoast_head_json":{"title":"Mechanischer Repetiver Dispenser (Stepper) Capp R10 - Sysmatec","description":"Mechanische Dosierpipette. Ideal f\u00fcr sich wiederholende Erg\u00e4nzungen. Chemikalienbest\u00e4ndig. F\u00fcr Volumenspritzen von 0,05 bis 50 ml.","robots":{"index":"index","follow":"follow","max-snippet":"max-snippet:-1","max-image-preview":"max-image-preview:large","max-video-preview":"max-video-preview:-1"},"canonical":"https:\/\/sysmatec.ch\/de\/produit\/mechanischer-repetiver-dispenser-stepper-capp-r10\/","og_locale":"de_DE","og_type":"article","og_title":"Mechanischer Repetiver Dispenser (Stepper) Capp R10 - Sysmatec","og_description":"Mechanische Dosierpipette. Ideal f\u00fcr sich wiederholende Erg\u00e4nzungen. Chemikalienbest\u00e4ndig. F\u00fcr Volumenspritzen von 0,05 bis 50 ml.","og_url":"https:\/\/sysmatec.ch\/de\/produit\/mechanischer-repetiver-dispenser-stepper-capp-r10\/","og_site_name":"Sysmatec","article_modified_time":"2022-03-09T15:34:57+00:00","og_image":[{"width":65,"height":232,"url":"https:\/\/sysmatec.ch\/wp-content\/uploads\/2019\/01\/Pipette_CappRepeaterR10.jpg","type":"image\/jpeg"}],"twitter_card":"summary_large_image","twitter_misc":{"Gesch\u00e4tzte Lesezeit":"1\u00a0Minute"},"schema":{"@context":"https:\/\/schema.org","@graph":[{"@type":"WebPage","@id":"https:\/\/sysmatec.ch\/de\/produit\/mechanischer-repetiver-dispenser-stepper-capp-r10\/","url":"https:\/\/sysmatec.ch\/de\/produit\/mechanischer-repetiver-dispenser-stepper-capp-r10\/","name":"Mechanischer Repetiver Dispenser (Stepper) Capp R10 - Sysmatec","isPartOf":{"@id":"https:\/\/sysmatec.ch\/de\/#website"},"primaryImageOfPage":{"@id":"https:\/\/sysmatec.ch\/de\/produit\/mechanischer-repetiver-dispenser-stepper-capp-r10\/#primaryimage"},"image":{"@id":"https:\/\/sysmatec.ch\/de\/produit\/mechanischer-repetiver-dispenser-stepper-capp-r10\/#primaryimage"},"thumbnailUrl":"https:\/\/sysmatec.ch\/wp-content\/uploads\/2019\/01\/Pipette_CappRepeaterR10.jpg","datePublished":"2019-01-13T19:42:22+00:00","dateModified":"2022-03-09T15:34:57+00:00","description":"Mechanische Dosierpipette. Ideal f\u00fcr sich wiederholende Erg\u00e4nzungen. Chemikalienbest\u00e4ndig. F\u00fcr Volumenspritzen von 0,05 bis 50 ml.","breadcrumb":{"@id":"https:\/\/sysmatec.ch\/de\/produit\/mechanischer-repetiver-dispenser-stepper-capp-r10\/#breadcrumb"},"inLanguage":"de","potentialAction":[{"@type":"ReadAction","target":["https:\/\/sysmatec.ch\/de\/produit\/mechanischer-repetiver-dispenser-stepper-capp-r10\/"]}]},{"@type":"ImageObject","inLanguage":"de","@id":"https:\/\/sysmatec.ch\/de\/produit\/mechanischer-repetiver-dispenser-stepper-capp-r10\/#primaryimage","url":"https:\/\/sysmatec.ch\/wp-content\/uploads\/2019\/01\/Pipette_CappRepeaterR10.jpg","contentUrl":"https:\/\/sysmatec.ch\/wp-content\/uploads\/2019\/01\/Pipette_CappRepeaterR10.jpg","width":65,"height":232},{"@type":"BreadcrumbList","@id":"https:\/\/sysmatec.ch\/de\/produit\/mechanischer-repetiver-dispenser-stepper-capp-r10\/#breadcrumb","itemListElement":[{"@type":"ListItem","position":1,"name":"Accueil","item":"https:\/\/sysmatec.ch\/de\/"},{"@type":"ListItem","position":2,"name":"Die Aktivit\u00e4t von Sysmatec","item":"https:\/\/sysmatec.ch\/de\/"},{"@type":"ListItem","position":3,"name":"Mechanischer Repetiver Dispenser (Stepper) Capp R10"}]},{"@type":"WebSite","@id":"https:\/\/sysmatec.ch\/de\/#website","url":"https:\/\/sysmatec.ch\/de\/","name":"Sysmatec","description":"Equipement de laboratoire et logiciels","publisher":{"@id":"https:\/\/sysmatec.ch\/de\/#organization"},"potentialAction":[{"@type":"SearchAction","target":{"@type":"EntryPoint","urlTemplate":"https:\/\/sysmatec.ch\/de\/?s={search_term_string}"},"query-input":{"@type":"PropertyValueSpecification","valueRequired":true,"valueName":"search_term_string"}}],"inLanguage":"de"},{"@type":"Organization","@id":"https:\/\/sysmatec.ch\/de\/#organization","name":"Sysmatec","url":"https:\/\/sysmatec.ch\/de\/","logo":{"@type":"ImageObject","inLanguage":"de","@id":"https:\/\/sysmatec.ch\/de\/#\/schema\/logo\/image\/","url":"https:\/\/sysmatec.ch\/wp-content\/uploads\/2018\/11\/LogoSysmatec.jpg","contentUrl":"https:\/\/sysmatec.ch\/wp-content\/uploads\/2018\/11\/LogoSysmatec.jpg","width":301,"height":297,"caption":"Sysmatec"},"image":{"@id":"https:\/\/sysmatec.ch\/de\/#\/schema\/logo\/image\/"}}]}},"_links":{"self":[{"href":"https:\/\/sysmatec.ch\/de\/wp-json\/wp\/v2\/product\/2182","targetHints":{"allow":["GET"]}}],"collection":[{"href":"https:\/\/sysmatec.ch\/de\/wp-json\/wp\/v2\/product"}],"about":[{"href":"https:\/\/sysmatec.ch\/de\/wp-json\/wp\/v2\/types\/product"}],"wp:featuredmedia":[{"embeddable":true,"href":"https:\/\/sysmatec.ch\/de\/wp-json\/wp\/v2\/media\/1297"}],"wp:attachment":[{"href":"https:\/\/sysmatec.ch\/de\/wp-json\/wp\/v2\/media?parent=2182"}],"wp:term":[{"taxonomy":"product_brand","embeddable":true,"href":"https:\/\/sysmatec.ch\/de\/wp-json\/wp\/v2\/product_brand?post=2182"},{"taxonomy":"product_cat","embeddable":true,"href":"https:\/\/sysmatec.ch\/de\/wp-json\/wp\/v2\/product_cat?post=2182"},{"taxonomy":"product_tag","embeddable":true,"href":"https:\/\/sysmatec.ch\/de\/wp-json\/wp\/v2\/product_tag?post=2182"}],"curies":[{"name":"wp","href":"https:\/\/api.w.org\/{rel}","templated":true}]}}