{"id":2180,"date":"2019-01-13T20:46:01","date_gmt":"2019-01-13T19:46:01","guid":{"rendered":"https:\/\/sysmatec.ch\/produit\/reservoirs-de-reactif-capporigami\/"},"modified":"2022-03-09T16:22:06","modified_gmt":"2022-03-09T15:22:06","slug":"reservoir-de-reactif-capporigami","status":"publish","type":"product","link":"https:\/\/sysmatec.ch\/de\/Produkt\/reservoir-de-reactif-capporigami\/","title":{"rendered":"CappOrigami Reagenz Vorratsbeh\u00e4lter"},"content":{"rendered":"<p>Die innovative Reagenz-Vorratsbeh\u00e4lter wurden entwickelt , um Reagenz-Abf\u00e4lle zu minimieren. Sie sind aus robuste Polypropylen hergestellt. Sie sind als flache Bl\u00e4tter geliefert.<\/p>\n<p>Verf\u00fcgbar sind: 30 ml Vorratsbeh\u00e4lter f\u00fcr 8-Kanal Pipetten und 40 ml Vorratsbeh\u00e4lter f\u00fcr 12-Kanal Pipetten.<\/p>\n<p>Der scharfe V-Form vereinfacht das Pipettieren, verhindert die Bildung der Blasen in die Pipettenspitzen. Sie erm\u00f6glicht eine genauere Datenmengen Reagenz zu f\u00fcllen und so vermeidet die teure Abf\u00e4lle.<\/p>\n","protected":false},"excerpt":{"rendered":"<p>Reagenzienbeh\u00e4lter.<\/p>\n","protected":false},"featured_media":1299,"template":"","meta":{"_crdt_document":""},"product_brand":[],"product_cat":[129],"product_tag":[],"class_list":{"0":"post-2180","1":"product","2":"type-product","3":"status-publish","4":"has-post-thumbnail","6":"product_cat-pipette-de","8":"first","9":"instock","10":"taxable","11":"shipping-taxable","12":"product-type-simple"},"yoast_head":"<!-- This site is optimized with the Yoast SEO plugin v27.3 - https:\/\/yoast.com\/product\/yoast-seo-wordpress\/ -->\n<title>CappOrigami Reagenz Vorratsbeh\u00e4lter - Sysmatec<\/title>\n<meta name=\"description\" content=\"Reagenzienbeh\u00e4lter aus Polypropylen. Dank seiner V-Form spart er Reagenzien. Fassungsverm\u00f6gen 30 oder 40 ml.\" \/>\n<meta name=\"robots\" content=\"index, follow, max-snippet:-1, max-image-preview:large, max-video-preview:-1\" \/>\n<link rel=\"canonical\" href=\"https:\/\/sysmatec.ch\/de\/produit\/reservoir-de-reactif-capporigami\/\" \/>\n<meta property=\"og:locale\" content=\"de_DE\" \/>\n<meta property=\"og:type\" content=\"article\" \/>\n<meta property=\"og:title\" content=\"CappOrigami Reagenz Vorratsbeh\u00e4lter - Sysmatec\" \/>\n<meta property=\"og:description\" content=\"Reagenzienbeh\u00e4lter aus Polypropylen. Dank seiner V-Form spart er Reagenzien. Fassungsverm\u00f6gen 30 oder 40 ml.\" \/>\n<meta property=\"og:url\" content=\"https:\/\/sysmatec.ch\/de\/produit\/reservoir-de-reactif-capporigami\/\" \/>\n<meta property=\"og:site_name\" content=\"Sysmatec\" \/>\n<meta property=\"article:modified_time\" content=\"2022-03-09T15:22:06+00:00\" \/>\n<meta property=\"og:image\" content=\"https:\/\/sysmatec.ch\/wp-content\/uploads\/2019\/01\/Pipette_CappOrigami.jpg\" \/>\n\t<meta property=\"og:image:width\" content=\"154\" \/>\n\t<meta property=\"og:image:height\" content=\"74\" \/>\n\t<meta property=\"og:image:type\" content=\"image\/jpeg\" \/>\n<meta name=\"twitter:card\" content=\"summary_large_image\" \/>\n<script type=\"application\/ld+json\" class=\"yoast-schema-graph\">{\"@context\":\"https:\\\/\\\/schema.org\",\"@graph\":[{\"@type\":\"WebPage\",\"@id\":\"https:\\\/\\\/sysmatec.ch\\\/de\\\/produit\\\/reservoir-de-reactif-capporigami\\\/\",\"url\":\"https:\\\/\\\/sysmatec.ch\\\/de\\\/produit\\\/reservoir-de-reactif-capporigami\\\/\",\"name\":\"CappOrigami Reagenz Vorratsbeh\u00e4lter - Sysmatec\",\"isPartOf\":{\"@id\":\"https:\\\/\\\/sysmatec.ch\\\/de\\\/#website\"},\"primaryImageOfPage\":{\"@id\":\"https:\\\/\\\/sysmatec.ch\\\/de\\\/produit\\\/reservoir-de-reactif-capporigami\\\/#primaryimage\"},\"image\":{\"@id\":\"https:\\\/\\\/sysmatec.ch\\\/de\\\/produit\\\/reservoir-de-reactif-capporigami\\\/#primaryimage\"},\"thumbnailUrl\":\"https:\\\/\\\/sysmatec.ch\\\/wp-content\\\/uploads\\\/2019\\\/01\\\/Pipette_CappOrigami.jpg\",\"datePublished\":\"2019-01-13T19:46:01+00:00\",\"dateModified\":\"2022-03-09T15:22:06+00:00\",\"description\":\"Reagenzienbeh\u00e4lter aus Polypropylen. Dank seiner V-Form spart er Reagenzien. Fassungsverm\u00f6gen 30 oder 40 ml.\",\"breadcrumb\":{\"@id\":\"https:\\\/\\\/sysmatec.ch\\\/de\\\/produit\\\/reservoir-de-reactif-capporigami\\\/#breadcrumb\"},\"inLanguage\":\"de\",\"potentialAction\":[{\"@type\":\"ReadAction\",\"target\":[\"https:\\\/\\\/sysmatec.ch\\\/de\\\/produit\\\/reservoir-de-reactif-capporigami\\\/\"]}]},{\"@type\":\"ImageObject\",\"inLanguage\":\"de\",\"@id\":\"https:\\\/\\\/sysmatec.ch\\\/de\\\/produit\\\/reservoir-de-reactif-capporigami\\\/#primaryimage\",\"url\":\"https:\\\/\\\/sysmatec.ch\\\/wp-content\\\/uploads\\\/2019\\\/01\\\/Pipette_CappOrigami.jpg\",\"contentUrl\":\"https:\\\/\\\/sysmatec.ch\\\/wp-content\\\/uploads\\\/2019\\\/01\\\/Pipette_CappOrigami.jpg\",\"width\":154,\"height\":74},{\"@type\":\"BreadcrumbList\",\"@id\":\"https:\\\/\\\/sysmatec.ch\\\/de\\\/produit\\\/reservoir-de-reactif-capporigami\\\/#breadcrumb\",\"itemListElement\":[{\"@type\":\"ListItem\",\"position\":1,\"name\":\"Accueil\",\"item\":\"https:\\\/\\\/sysmatec.ch\\\/de\\\/\"},{\"@type\":\"ListItem\",\"position\":2,\"name\":\"Die Aktivit\u00e4t von Sysmatec\",\"item\":\"https:\\\/\\\/sysmatec.ch\\\/de\\\/\"},{\"@type\":\"ListItem\",\"position\":3,\"name\":\"CappOrigami Reagenz Vorratsbeh\u00e4lter\"}]},{\"@type\":\"WebSite\",\"@id\":\"https:\\\/\\\/sysmatec.ch\\\/de\\\/#website\",\"url\":\"https:\\\/\\\/sysmatec.ch\\\/de\\\/\",\"name\":\"Sysmatec\",\"description\":\"Equipement de laboratoire et logiciels\",\"publisher\":{\"@id\":\"https:\\\/\\\/sysmatec.ch\\\/de\\\/#organization\"},\"potentialAction\":[{\"@type\":\"SearchAction\",\"target\":{\"@type\":\"EntryPoint\",\"urlTemplate\":\"https:\\\/\\\/sysmatec.ch\\\/de\\\/?s={search_term_string}\"},\"query-input\":{\"@type\":\"PropertyValueSpecification\",\"valueRequired\":true,\"valueName\":\"search_term_string\"}}],\"inLanguage\":\"de\"},{\"@type\":\"Organization\",\"@id\":\"https:\\\/\\\/sysmatec.ch\\\/de\\\/#organization\",\"name\":\"Sysmatec\",\"url\":\"https:\\\/\\\/sysmatec.ch\\\/de\\\/\",\"logo\":{\"@type\":\"ImageObject\",\"inLanguage\":\"de\",\"@id\":\"https:\\\/\\\/sysmatec.ch\\\/de\\\/#\\\/schema\\\/logo\\\/image\\\/\",\"url\":\"https:\\\/\\\/sysmatec.ch\\\/wp-content\\\/uploads\\\/2018\\\/11\\\/LogoSysmatec.jpg\",\"contentUrl\":\"https:\\\/\\\/sysmatec.ch\\\/wp-content\\\/uploads\\\/2018\\\/11\\\/LogoSysmatec.jpg\",\"width\":301,\"height\":297,\"caption\":\"Sysmatec\"},\"image\":{\"@id\":\"https:\\\/\\\/sysmatec.ch\\\/de\\\/#\\\/schema\\\/logo\\\/image\\\/\"}}]}<\/script>\n<!-- \/ Yoast SEO plugin. -->","yoast_head_json":{"title":"CappOrigami Reagenz Vorratsbeh\u00e4lter - Sysmatec","description":"Reagenzienbeh\u00e4lter aus Polypropylen. Dank seiner V-Form spart er Reagenzien. Fassungsverm\u00f6gen 30 oder 40 ml.","robots":{"index":"index","follow":"follow","max-snippet":"max-snippet:-1","max-image-preview":"max-image-preview:large","max-video-preview":"max-video-preview:-1"},"canonical":"https:\/\/sysmatec.ch\/de\/produit\/reservoir-de-reactif-capporigami\/","og_locale":"de_DE","og_type":"article","og_title":"CappOrigami Reagenz Vorratsbeh\u00e4lter - Sysmatec","og_description":"Reagenzienbeh\u00e4lter aus Polypropylen. Dank seiner V-Form spart er Reagenzien. Fassungsverm\u00f6gen 30 oder 40 ml.","og_url":"https:\/\/sysmatec.ch\/de\/produit\/reservoir-de-reactif-capporigami\/","og_site_name":"Sysmatec","article_modified_time":"2022-03-09T15:22:06+00:00","og_image":[{"width":154,"height":74,"url":"https:\/\/sysmatec.ch\/wp-content\/uploads\/2019\/01\/Pipette_CappOrigami.jpg","type":"image\/jpeg"}],"twitter_card":"summary_large_image","schema":{"@context":"https:\/\/schema.org","@graph":[{"@type":"WebPage","@id":"https:\/\/sysmatec.ch\/de\/produit\/reservoir-de-reactif-capporigami\/","url":"https:\/\/sysmatec.ch\/de\/produit\/reservoir-de-reactif-capporigami\/","name":"CappOrigami Reagenz Vorratsbeh\u00e4lter - Sysmatec","isPartOf":{"@id":"https:\/\/sysmatec.ch\/de\/#website"},"primaryImageOfPage":{"@id":"https:\/\/sysmatec.ch\/de\/produit\/reservoir-de-reactif-capporigami\/#primaryimage"},"image":{"@id":"https:\/\/sysmatec.ch\/de\/produit\/reservoir-de-reactif-capporigami\/#primaryimage"},"thumbnailUrl":"https:\/\/sysmatec.ch\/wp-content\/uploads\/2019\/01\/Pipette_CappOrigami.jpg","datePublished":"2019-01-13T19:46:01+00:00","dateModified":"2022-03-09T15:22:06+00:00","description":"Reagenzienbeh\u00e4lter aus Polypropylen. Dank seiner V-Form spart er Reagenzien. Fassungsverm\u00f6gen 30 oder 40 ml.","breadcrumb":{"@id":"https:\/\/sysmatec.ch\/de\/produit\/reservoir-de-reactif-capporigami\/#breadcrumb"},"inLanguage":"de","potentialAction":[{"@type":"ReadAction","target":["https:\/\/sysmatec.ch\/de\/produit\/reservoir-de-reactif-capporigami\/"]}]},{"@type":"ImageObject","inLanguage":"de","@id":"https:\/\/sysmatec.ch\/de\/produit\/reservoir-de-reactif-capporigami\/#primaryimage","url":"https:\/\/sysmatec.ch\/wp-content\/uploads\/2019\/01\/Pipette_CappOrigami.jpg","contentUrl":"https:\/\/sysmatec.ch\/wp-content\/uploads\/2019\/01\/Pipette_CappOrigami.jpg","width":154,"height":74},{"@type":"BreadcrumbList","@id":"https:\/\/sysmatec.ch\/de\/produit\/reservoir-de-reactif-capporigami\/#breadcrumb","itemListElement":[{"@type":"ListItem","position":1,"name":"Accueil","item":"https:\/\/sysmatec.ch\/de\/"},{"@type":"ListItem","position":2,"name":"Die Aktivit\u00e4t von Sysmatec","item":"https:\/\/sysmatec.ch\/de\/"},{"@type":"ListItem","position":3,"name":"CappOrigami Reagenz Vorratsbeh\u00e4lter"}]},{"@type":"WebSite","@id":"https:\/\/sysmatec.ch\/de\/#website","url":"https:\/\/sysmatec.ch\/de\/","name":"Sysmatec","description":"Equipement de laboratoire et logiciels","publisher":{"@id":"https:\/\/sysmatec.ch\/de\/#organization"},"potentialAction":[{"@type":"SearchAction","target":{"@type":"EntryPoint","urlTemplate":"https:\/\/sysmatec.ch\/de\/?s={search_term_string}"},"query-input":{"@type":"PropertyValueSpecification","valueRequired":true,"valueName":"search_term_string"}}],"inLanguage":"de"},{"@type":"Organization","@id":"https:\/\/sysmatec.ch\/de\/#organization","name":"Sysmatec","url":"https:\/\/sysmatec.ch\/de\/","logo":{"@type":"ImageObject","inLanguage":"de","@id":"https:\/\/sysmatec.ch\/de\/#\/schema\/logo\/image\/","url":"https:\/\/sysmatec.ch\/wp-content\/uploads\/2018\/11\/LogoSysmatec.jpg","contentUrl":"https:\/\/sysmatec.ch\/wp-content\/uploads\/2018\/11\/LogoSysmatec.jpg","width":301,"height":297,"caption":"Sysmatec"},"image":{"@id":"https:\/\/sysmatec.ch\/de\/#\/schema\/logo\/image\/"}}]}},"_links":{"self":[{"href":"https:\/\/sysmatec.ch\/de\/wp-json\/wp\/v2\/product\/2180","targetHints":{"allow":["GET"]}}],"collection":[{"href":"https:\/\/sysmatec.ch\/de\/wp-json\/wp\/v2\/product"}],"about":[{"href":"https:\/\/sysmatec.ch\/de\/wp-json\/wp\/v2\/types\/product"}],"wp:featuredmedia":[{"embeddable":true,"href":"https:\/\/sysmatec.ch\/de\/wp-json\/wp\/v2\/media\/1299"}],"wp:attachment":[{"href":"https:\/\/sysmatec.ch\/de\/wp-json\/wp\/v2\/media?parent=2180"}],"wp:term":[{"taxonomy":"product_brand","embeddable":true,"href":"https:\/\/sysmatec.ch\/de\/wp-json\/wp\/v2\/product_brand?post=2180"},{"taxonomy":"product_cat","embeddable":true,"href":"https:\/\/sysmatec.ch\/de\/wp-json\/wp\/v2\/product_cat?post=2180"},{"taxonomy":"product_tag","embeddable":true,"href":"https:\/\/sysmatec.ch\/de\/wp-json\/wp\/v2\/product_tag?post=2180"}],"curies":[{"name":"wp","href":"https:\/\/api.w.org\/{rel}","templated":true}]}}