{"id":21762,"date":"2021-01-05T10:25:48","date_gmt":"2021-01-05T09:25:50","guid":{"rendered":"https:\/\/sysmatec.ch\/?post_type=product&#038;p=21762"},"modified":"2021-12-03T21:57:32","modified_gmt":"2021-12-03T20:57:32","slug":"sterile-gesichtsmaske-mit-elastischen-ohrschlaufen-kimtech-m3","status":"publish","type":"product","link":"https:\/\/sysmatec.ch\/de\/Produkt\/sterile-gesichtsmaske-mit-elastischen-ohrschlaufen-kimtech-m3\/","title":{"rendered":"Sterile Gesichtsmaske mit elastischen Ohrschlaufen KIMTECH\u2122 M3"},"content":{"rendered":"<p>Diese Einwegmundschutz\u00a0 sind steril und latexfrei.<\/p>\n<ul>\n<li>Materialart (Mundschutz): Spr\u00fchschicht\/Film, Spinnvlies<\/li>\n<li>Breite (\u00b1 5 mm): 18 cm<\/li>\n<li>H\u00f6he (\u00b1 5 mm): 9.5 cm<\/li>\n<li>Materialien (Mundschutz): Polyethylen (PE)<\/li>\n<li>Au\u00dfenlage: Polypropylen (PP)<\/li>\n<li>Filtermedium: BICOSOF (PE)<\/li>\n<li>Plissierung: dreimalig<\/li>\n<li>Art der Befestigung: Ohrschlaufen, Rundstrick<\/li>\n<li>Materialien (Befestigung): Polyester (PES)<\/li>\n<li>Material Nasensteg\/-b\u00fcgel: vollst\u00e4ndig geschlossener, formbarer Aluminiumstreifen<\/li>\n<li>N\u00e4hte: thermisch gebunden<\/li>\n<li>Partikelfiltrationseffizienz (PFE): 86\u00a0 %, ASTM F1215-89<\/li>\n<li>Bakterienfiltrationseffizienz (BFE): 94 %, MIL-M-36954C<\/li>\n<li>Atmungsaktivit\u00e4t \/ Differenzdruck (\u2206P): 2.12 mm H2O bei 8 L\/min, MIL-M-36954C<\/li>\n<li>Sterilit\u00e4t SAL-Wert 10-6 ANSI \/ AAMI \/ ISO 11137<\/li>\n<li>Farbe (Mundschutz\/B\u00e4nderung): wei\u00df\/wei\u00df<\/li>\n<li>Verpackung: Beutel \u00e0 20 St\u00fcck, einzelverpackt<\/li>\n<\/ul>\n<p>Ref. 44810<\/p>\n","protected":false},"excerpt":{"rendered":"<p>Steriler Einwegmundschutz, taschenf\u00f6rmig mit zwei gestrickten Kopfb\u00e4ndern<\/p>\n","protected":false},"featured_media":21769,"template":"","meta":{"_crdt_document":""},"product_brand":[],"product_cat":[381,279],"product_tag":[],"class_list":{"0":"post-21762","1":"product","2":"type-product","3":"status-publish","4":"has-post-thumbnail","6":"product_cat-schutz","7":"product_cat-verbrauchsmaterial","9":"first","10":"instock","11":"taxable","12":"shipping-taxable","13":"product-type-simple"},"yoast_head":"<!-- This site is optimized with the Yoast SEO plugin v27.3 - https:\/\/yoast.com\/product\/yoast-seo-wordpress\/ -->\n<title>Sterile Gesichtsmaske mit elastischen Ohrschlaufen KIMTECH\u2122 M3 - Sysmatec<\/title>\n<meta name=\"description\" content=\"Masque facial st\u00e9rile avec boucles de fixation \u00e9lastique, \u00e0 usage unique. Plissage 3 couches. Renforc\u00e9 au niveau du nez.\" \/>\n<meta name=\"robots\" content=\"index, follow, max-snippet:-1, max-image-preview:large, max-video-preview:-1\" \/>\n<link rel=\"canonical\" href=\"https:\/\/sysmatec.ch\/de\/produit\/sterile-gesichtsmaske-mit-elastischen-ohrschlaufen-kimtech-m3\/\" \/>\n<meta property=\"og:locale\" content=\"de_DE\" \/>\n<meta property=\"og:type\" content=\"article\" \/>\n<meta property=\"og:title\" content=\"Sterile Gesichtsmaske mit elastischen Ohrschlaufen KIMTECH\u2122 M3 - Sysmatec\" \/>\n<meta property=\"og:description\" content=\"Masque facial st\u00e9rile avec boucles de fixation \u00e9lastique, \u00e0 usage unique. Plissage 3 couches. Renforc\u00e9 au niveau du nez.\" \/>\n<meta property=\"og:url\" content=\"https:\/\/sysmatec.ch\/de\/produit\/sterile-gesichtsmaske-mit-elastischen-ohrschlaufen-kimtech-m3\/\" \/>\n<meta property=\"og:site_name\" content=\"Sysmatec\" \/>\n<meta property=\"article:modified_time\" content=\"2021-12-03T20:57:32+00:00\" \/>\n<meta property=\"og:image\" content=\"https:\/\/sysmatec.ch\/wp-content\/uploads\/2021\/01\/DastexEinwegmundschutz44810.jpg\" \/>\n\t<meta property=\"og:image:width\" content=\"1181\" \/>\n\t<meta property=\"og:image:height\" content=\"975\" \/>\n\t<meta property=\"og:image:type\" content=\"image\/jpeg\" \/>\n<meta name=\"twitter:card\" content=\"summary_large_image\" \/>\n<script type=\"application\/ld+json\" class=\"yoast-schema-graph\">{\"@context\":\"https:\\\/\\\/schema.org\",\"@graph\":[{\"@type\":\"WebPage\",\"@id\":\"https:\\\/\\\/sysmatec.ch\\\/de\\\/produit\\\/sterile-gesichtsmaske-mit-elastischen-ohrschlaufen-kimtech-m3\\\/\",\"url\":\"https:\\\/\\\/sysmatec.ch\\\/de\\\/produit\\\/sterile-gesichtsmaske-mit-elastischen-ohrschlaufen-kimtech-m3\\\/\",\"name\":\"Sterile Gesichtsmaske mit elastischen Ohrschlaufen KIMTECH\u2122 M3 - Sysmatec\",\"isPartOf\":{\"@id\":\"https:\\\/\\\/sysmatec.ch\\\/de\\\/#website\"},\"primaryImageOfPage\":{\"@id\":\"https:\\\/\\\/sysmatec.ch\\\/de\\\/produit\\\/sterile-gesichtsmaske-mit-elastischen-ohrschlaufen-kimtech-m3\\\/#primaryimage\"},\"image\":{\"@id\":\"https:\\\/\\\/sysmatec.ch\\\/de\\\/produit\\\/sterile-gesichtsmaske-mit-elastischen-ohrschlaufen-kimtech-m3\\\/#primaryimage\"},\"thumbnailUrl\":\"https:\\\/\\\/sysmatec.ch\\\/wp-content\\\/uploads\\\/2021\\\/01\\\/DastexEinwegmundschutz44810.jpg\",\"datePublished\":\"2021-01-05T09:25:50+00:00\",\"dateModified\":\"2021-12-03T20:57:32+00:00\",\"description\":\"Masque facial st\u00e9rile avec boucles de fixation \u00e9lastique, \u00e0 usage unique. Plissage 3 couches. Renforc\u00e9 au niveau du nez.\",\"breadcrumb\":{\"@id\":\"https:\\\/\\\/sysmatec.ch\\\/de\\\/produit\\\/sterile-gesichtsmaske-mit-elastischen-ohrschlaufen-kimtech-m3\\\/#breadcrumb\"},\"inLanguage\":\"de\",\"potentialAction\":[{\"@type\":\"ReadAction\",\"target\":[\"https:\\\/\\\/sysmatec.ch\\\/de\\\/produit\\\/sterile-gesichtsmaske-mit-elastischen-ohrschlaufen-kimtech-m3\\\/\"]}]},{\"@type\":\"ImageObject\",\"inLanguage\":\"de\",\"@id\":\"https:\\\/\\\/sysmatec.ch\\\/de\\\/produit\\\/sterile-gesichtsmaske-mit-elastischen-ohrschlaufen-kimtech-m3\\\/#primaryimage\",\"url\":\"https:\\\/\\\/sysmatec.ch\\\/wp-content\\\/uploads\\\/2021\\\/01\\\/DastexEinwegmundschutz44810.jpg\",\"contentUrl\":\"https:\\\/\\\/sysmatec.ch\\\/wp-content\\\/uploads\\\/2021\\\/01\\\/DastexEinwegmundschutz44810.jpg\",\"width\":1181,\"height\":975},{\"@type\":\"BreadcrumbList\",\"@id\":\"https:\\\/\\\/sysmatec.ch\\\/de\\\/produit\\\/sterile-gesichtsmaske-mit-elastischen-ohrschlaufen-kimtech-m3\\\/#breadcrumb\",\"itemListElement\":[{\"@type\":\"ListItem\",\"position\":1,\"name\":\"Accueil\",\"item\":\"https:\\\/\\\/sysmatec.ch\\\/de\\\/\"},{\"@type\":\"ListItem\",\"position\":2,\"name\":\"Die Aktivit\u00e4t von Sysmatec\",\"item\":\"https:\\\/\\\/sysmatec.ch\\\/de\\\/\"},{\"@type\":\"ListItem\",\"position\":3,\"name\":\"Sterile Gesichtsmaske mit elastischen Ohrschlaufen KIMTECH\u2122 M3\"}]},{\"@type\":\"WebSite\",\"@id\":\"https:\\\/\\\/sysmatec.ch\\\/de\\\/#website\",\"url\":\"https:\\\/\\\/sysmatec.ch\\\/de\\\/\",\"name\":\"Sysmatec\",\"description\":\"Equipement de laboratoire et logiciels\",\"publisher\":{\"@id\":\"https:\\\/\\\/sysmatec.ch\\\/de\\\/#organization\"},\"potentialAction\":[{\"@type\":\"SearchAction\",\"target\":{\"@type\":\"EntryPoint\",\"urlTemplate\":\"https:\\\/\\\/sysmatec.ch\\\/de\\\/?s={search_term_string}\"},\"query-input\":{\"@type\":\"PropertyValueSpecification\",\"valueRequired\":true,\"valueName\":\"search_term_string\"}}],\"inLanguage\":\"de\"},{\"@type\":\"Organization\",\"@id\":\"https:\\\/\\\/sysmatec.ch\\\/de\\\/#organization\",\"name\":\"Sysmatec\",\"url\":\"https:\\\/\\\/sysmatec.ch\\\/de\\\/\",\"logo\":{\"@type\":\"ImageObject\",\"inLanguage\":\"de\",\"@id\":\"https:\\\/\\\/sysmatec.ch\\\/de\\\/#\\\/schema\\\/logo\\\/image\\\/\",\"url\":\"https:\\\/\\\/sysmatec.ch\\\/wp-content\\\/uploads\\\/2018\\\/11\\\/LogoSysmatec.jpg\",\"contentUrl\":\"https:\\\/\\\/sysmatec.ch\\\/wp-content\\\/uploads\\\/2018\\\/11\\\/LogoSysmatec.jpg\",\"width\":301,\"height\":297,\"caption\":\"Sysmatec\"},\"image\":{\"@id\":\"https:\\\/\\\/sysmatec.ch\\\/de\\\/#\\\/schema\\\/logo\\\/image\\\/\"}}]}<\/script>\n<!-- \/ Yoast SEO plugin. -->","yoast_head_json":{"title":"Sterile Gesichtsmaske mit elastischen Ohrschlaufen KIMTECH\u2122 M3 - Sysmatec","description":"Masque facial st\u00e9rile avec boucles de fixation \u00e9lastique, \u00e0 usage unique. Plissage 3 couches. Renforc\u00e9 au niveau du nez.","robots":{"index":"index","follow":"follow","max-snippet":"max-snippet:-1","max-image-preview":"max-image-preview:large","max-video-preview":"max-video-preview:-1"},"canonical":"https:\/\/sysmatec.ch\/de\/produit\/sterile-gesichtsmaske-mit-elastischen-ohrschlaufen-kimtech-m3\/","og_locale":"de_DE","og_type":"article","og_title":"Sterile Gesichtsmaske mit elastischen Ohrschlaufen KIMTECH\u2122 M3 - Sysmatec","og_description":"Masque facial st\u00e9rile avec boucles de fixation \u00e9lastique, \u00e0 usage unique. Plissage 3 couches. Renforc\u00e9 au niveau du nez.","og_url":"https:\/\/sysmatec.ch\/de\/produit\/sterile-gesichtsmaske-mit-elastischen-ohrschlaufen-kimtech-m3\/","og_site_name":"Sysmatec","article_modified_time":"2021-12-03T20:57:32+00:00","og_image":[{"width":1181,"height":975,"url":"https:\/\/sysmatec.ch\/wp-content\/uploads\/2021\/01\/DastexEinwegmundschutz44810.jpg","type":"image\/jpeg"}],"twitter_card":"summary_large_image","schema":{"@context":"https:\/\/schema.org","@graph":[{"@type":"WebPage","@id":"https:\/\/sysmatec.ch\/de\/produit\/sterile-gesichtsmaske-mit-elastischen-ohrschlaufen-kimtech-m3\/","url":"https:\/\/sysmatec.ch\/de\/produit\/sterile-gesichtsmaske-mit-elastischen-ohrschlaufen-kimtech-m3\/","name":"Sterile Gesichtsmaske mit elastischen Ohrschlaufen KIMTECH\u2122 M3 - Sysmatec","isPartOf":{"@id":"https:\/\/sysmatec.ch\/de\/#website"},"primaryImageOfPage":{"@id":"https:\/\/sysmatec.ch\/de\/produit\/sterile-gesichtsmaske-mit-elastischen-ohrschlaufen-kimtech-m3\/#primaryimage"},"image":{"@id":"https:\/\/sysmatec.ch\/de\/produit\/sterile-gesichtsmaske-mit-elastischen-ohrschlaufen-kimtech-m3\/#primaryimage"},"thumbnailUrl":"https:\/\/sysmatec.ch\/wp-content\/uploads\/2021\/01\/DastexEinwegmundschutz44810.jpg","datePublished":"2021-01-05T09:25:50+00:00","dateModified":"2021-12-03T20:57:32+00:00","description":"Masque facial st\u00e9rile avec boucles de fixation \u00e9lastique, \u00e0 usage unique. Plissage 3 couches. Renforc\u00e9 au niveau du nez.","breadcrumb":{"@id":"https:\/\/sysmatec.ch\/de\/produit\/sterile-gesichtsmaske-mit-elastischen-ohrschlaufen-kimtech-m3\/#breadcrumb"},"inLanguage":"de","potentialAction":[{"@type":"ReadAction","target":["https:\/\/sysmatec.ch\/de\/produit\/sterile-gesichtsmaske-mit-elastischen-ohrschlaufen-kimtech-m3\/"]}]},{"@type":"ImageObject","inLanguage":"de","@id":"https:\/\/sysmatec.ch\/de\/produit\/sterile-gesichtsmaske-mit-elastischen-ohrschlaufen-kimtech-m3\/#primaryimage","url":"https:\/\/sysmatec.ch\/wp-content\/uploads\/2021\/01\/DastexEinwegmundschutz44810.jpg","contentUrl":"https:\/\/sysmatec.ch\/wp-content\/uploads\/2021\/01\/DastexEinwegmundschutz44810.jpg","width":1181,"height":975},{"@type":"BreadcrumbList","@id":"https:\/\/sysmatec.ch\/de\/produit\/sterile-gesichtsmaske-mit-elastischen-ohrschlaufen-kimtech-m3\/#breadcrumb","itemListElement":[{"@type":"ListItem","position":1,"name":"Accueil","item":"https:\/\/sysmatec.ch\/de\/"},{"@type":"ListItem","position":2,"name":"Die Aktivit\u00e4t von Sysmatec","item":"https:\/\/sysmatec.ch\/de\/"},{"@type":"ListItem","position":3,"name":"Sterile Gesichtsmaske mit elastischen Ohrschlaufen KIMTECH\u2122 M3"}]},{"@type":"WebSite","@id":"https:\/\/sysmatec.ch\/de\/#website","url":"https:\/\/sysmatec.ch\/de\/","name":"Sysmatec","description":"Equipement de laboratoire et logiciels","publisher":{"@id":"https:\/\/sysmatec.ch\/de\/#organization"},"potentialAction":[{"@type":"SearchAction","target":{"@type":"EntryPoint","urlTemplate":"https:\/\/sysmatec.ch\/de\/?s={search_term_string}"},"query-input":{"@type":"PropertyValueSpecification","valueRequired":true,"valueName":"search_term_string"}}],"inLanguage":"de"},{"@type":"Organization","@id":"https:\/\/sysmatec.ch\/de\/#organization","name":"Sysmatec","url":"https:\/\/sysmatec.ch\/de\/","logo":{"@type":"ImageObject","inLanguage":"de","@id":"https:\/\/sysmatec.ch\/de\/#\/schema\/logo\/image\/","url":"https:\/\/sysmatec.ch\/wp-content\/uploads\/2018\/11\/LogoSysmatec.jpg","contentUrl":"https:\/\/sysmatec.ch\/wp-content\/uploads\/2018\/11\/LogoSysmatec.jpg","width":301,"height":297,"caption":"Sysmatec"},"image":{"@id":"https:\/\/sysmatec.ch\/de\/#\/schema\/logo\/image\/"}}]}},"_links":{"self":[{"href":"https:\/\/sysmatec.ch\/de\/wp-json\/wp\/v2\/product\/21762","targetHints":{"allow":["GET"]}}],"collection":[{"href":"https:\/\/sysmatec.ch\/de\/wp-json\/wp\/v2\/product"}],"about":[{"href":"https:\/\/sysmatec.ch\/de\/wp-json\/wp\/v2\/types\/product"}],"wp:featuredmedia":[{"embeddable":true,"href":"https:\/\/sysmatec.ch\/de\/wp-json\/wp\/v2\/media\/21769"}],"wp:attachment":[{"href":"https:\/\/sysmatec.ch\/de\/wp-json\/wp\/v2\/media?parent=21762"}],"wp:term":[{"taxonomy":"product_brand","embeddable":true,"href":"https:\/\/sysmatec.ch\/de\/wp-json\/wp\/v2\/product_brand?post=21762"},{"taxonomy":"product_cat","embeddable":true,"href":"https:\/\/sysmatec.ch\/de\/wp-json\/wp\/v2\/product_cat?post=21762"},{"taxonomy":"product_tag","embeddable":true,"href":"https:\/\/sysmatec.ch\/de\/wp-json\/wp\/v2\/product_tag?post=21762"}],"curies":[{"name":"wp","href":"https:\/\/api.w.org\/{rel}","templated":true}]}}