{"id":2175,"date":"2019-01-13T20:54:20","date_gmt":"2019-01-13T19:54:20","guid":{"rendered":"https:\/\/sysmatec.ch\/produit\/distributeur-pour-flacons-capp-forte\/"},"modified":"2022-03-09T16:13:15","modified_gmt":"2022-03-09T15:13:15","slug":"flaschendispenser-flaschenverteiler-capp-forte","status":"publish","type":"product","link":"https:\/\/sysmatec.ch\/de\/Produkt\/flaschendispenser-flaschenverteiler-capp-forte\/","title":{"rendered":"Flaschendispenser \/ Flaschenverteiler Capp Forte"},"content":{"rendered":"<p>Aus hoch chemikalienbest\u00e4ndigen Materialien wie PTFE, PFA, Borosilikat und Platin hergestellt, ist dieser Flaschendispenser die ideale Wahl f\u00fcr die Dosierung von Basen, S\u00e4uren und L\u00f6sungsmitteln. Nach dem Verdr\u00e4ngerprinzip, bei dem der fest sitzende Kolben die W\u00e4nde des Glaszylinders abwischt und die Fl\u00fcssigkeit vollst\u00e4ndig entfernt, kann CAPPForte f\u00fcr schwer zu handhabende Medien wie kristallisierende, viskose, sch\u00e4umende oder verdampfende Fl\u00fcssigkeiten verwendet werden. Autoklavierbar bei 121 \u00b0 C, kann auch f\u00fcr sterile Anwendungen verwendet werden. Durch das Sperren des 3-Wege-Ventils wird die Dosierfunktion deaktiviert und ein unbeabsichtigter Reagenzienverlust verhindert. Zus\u00e4tzlich kann das System evakuiert werden, ohne die Einheit aus der Flasche zu entfernen. Ddie transparente Kunststoffh\u00fclle sch\u00fctzt den Benutzer vor Schnittverletzungen und Spritzer im Falle eines versehentlichen Glasbruchs. Sowohl Rechts- als auch Linksh\u00e4nder k\u00f6nnen die gew\u00fcnschte Volum schnell und genau einstellen. Das Teleskop-Saugrohr ist leicht einstellbar und passt Reagenzflaschen ohne zu schneiden. Drei PP-Adapter f\u00fcr die gebr\u00e4uchlichsten Flaschengr\u00f6\u00dfen sind im Lieferumfang enthalten.<\/p>\n<table border=\"1\" width=\"501\" cellspacing=\"0\" cellpadding=\"0\">\n<tbody>\n<tr>\n<td>Volum (mL) \/ Modell<\/td>\n<td>Volum Schritte (mL)<\/td>\n<td>Gewinde<\/td>\n<td>Adapters GL<\/td>\n<td>Gernauigkeit (%)<\/td>\n<\/tr>\n<tr>\n<td>0.25 &#8211; 2.50 \/ F2-1<\/td>\n<td>0.05<\/td>\n<td>GL32<\/td>\n<td>28, 40, 45<\/td>\n<td>&lt;=0.1<\/td>\n<\/tr>\n<tr>\n<td>0.50 &#8211; 50 \/ F5-1<\/td>\n<td>0.10<\/td>\n<td>GL32<\/td>\n<td>28, 40, 45<\/td>\n<td>&lt;=0.1<\/td>\n<\/tr>\n<tr>\n<td>1.00 &#8211; 10.00 \/ F10-1<\/td>\n<td>0.20<\/td>\n<td>GL32<\/td>\n<td>28, 40, 45<\/td>\n<td>&lt;=0.1<\/td>\n<\/tr>\n<tr>\n<td>2.50 &#8211; 25.00 \/ F25-1<\/td>\n<td>0.50<\/td>\n<td>GL32<\/td>\n<td>38, 40,38\/32<\/td>\n<td>&lt;=0.1<\/td>\n<\/tr>\n<tr>\n<td>5.00 &#8211; 50.00 \/ F50-1<\/td>\n<td>1.00<\/td>\n<td>GL32<\/td>\n<td>38, 40,38\/32<\/td>\n<td>&lt;=0.1<\/td>\n<\/tr>\n<\/tbody>\n<\/table>\n","protected":false},"excerpt":{"rendered":"<p>Fl\u00fcssigkeitsspender f\u00fcr Flaschen.<\/p>\n","protected":false},"featured_media":1303,"template":"","meta":{"_crdt_document":""},"product_brand":[],"product_cat":[129],"product_tag":[],"class_list":{"0":"post-2175","1":"product","2":"type-product","3":"status-publish","4":"has-post-thumbnail","6":"product_cat-pipette-de","8":"first","9":"instock","10":"taxable","11":"shipping-taxable","12":"product-type-simple"},"yoast_head":"<!-- This site is optimized with the Yoast SEO plugin v27.3 - https:\/\/yoast.com\/product\/yoast-seo-wordpress\/ -->\n<title>Flaschendispenser \/ Flaschenverteiler Capp Forte - Sysmatec<\/title>\n<meta name=\"description\" content=\"Fl\u00fcssigkeitsspender f\u00fcr Flaschen. Hergestellt aus chemikalienbest\u00e4ndigen Materialien. Verschiedene Modelle f\u00fcr Abgabevolumina von 0,25 bis 50 ml.\" \/>\n<meta name=\"robots\" content=\"index, follow, max-snippet:-1, max-image-preview:large, max-video-preview:-1\" \/>\n<link rel=\"canonical\" href=\"https:\/\/sysmatec.ch\/de\/produit\/flaschendispenser-flaschenverteiler-capp-forte\/\" \/>\n<meta property=\"og:locale\" content=\"de_DE\" \/>\n<meta property=\"og:type\" content=\"article\" \/>\n<meta property=\"og:title\" content=\"Flaschendispenser \/ Flaschenverteiler Capp Forte - Sysmatec\" \/>\n<meta property=\"og:description\" content=\"Fl\u00fcssigkeitsspender f\u00fcr Flaschen. Hergestellt aus chemikalienbest\u00e4ndigen Materialien. Verschiedene Modelle f\u00fcr Abgabevolumina von 0,25 bis 50 ml.\" \/>\n<meta property=\"og:url\" content=\"https:\/\/sysmatec.ch\/de\/produit\/flaschendispenser-flaschenverteiler-capp-forte\/\" \/>\n<meta property=\"og:site_name\" content=\"Sysmatec\" \/>\n<meta property=\"article:modified_time\" content=\"2022-03-09T15:13:15+00:00\" \/>\n<meta property=\"og:image\" content=\"https:\/\/sysmatec.ch\/wp-content\/uploads\/2019\/01\/Pipette_CappForte.jpg\" \/>\n\t<meta property=\"og:image:width\" content=\"184\" \/>\n\t<meta property=\"og:image:height\" content=\"348\" \/>\n\t<meta property=\"og:image:type\" content=\"image\/jpeg\" \/>\n<meta name=\"twitter:card\" content=\"summary_large_image\" \/>\n<meta name=\"twitter:label1\" content=\"Gesch\u00e4tzte Lesezeit\" \/>\n\t<meta name=\"twitter:data1\" content=\"1\u00a0Minute\" \/>\n<script type=\"application\/ld+json\" class=\"yoast-schema-graph\">{\"@context\":\"https:\\\/\\\/schema.org\",\"@graph\":[{\"@type\":\"WebPage\",\"@id\":\"https:\\\/\\\/sysmatec.ch\\\/de\\\/produit\\\/flaschendispenser-flaschenverteiler-capp-forte\\\/\",\"url\":\"https:\\\/\\\/sysmatec.ch\\\/de\\\/produit\\\/flaschendispenser-flaschenverteiler-capp-forte\\\/\",\"name\":\"Flaschendispenser \\\/ Flaschenverteiler Capp Forte - Sysmatec\",\"isPartOf\":{\"@id\":\"https:\\\/\\\/sysmatec.ch\\\/de\\\/#website\"},\"primaryImageOfPage\":{\"@id\":\"https:\\\/\\\/sysmatec.ch\\\/de\\\/produit\\\/flaschendispenser-flaschenverteiler-capp-forte\\\/#primaryimage\"},\"image\":{\"@id\":\"https:\\\/\\\/sysmatec.ch\\\/de\\\/produit\\\/flaschendispenser-flaschenverteiler-capp-forte\\\/#primaryimage\"},\"thumbnailUrl\":\"https:\\\/\\\/sysmatec.ch\\\/wp-content\\\/uploads\\\/2019\\\/01\\\/Pipette_CappForte.jpg\",\"datePublished\":\"2019-01-13T19:54:20+00:00\",\"dateModified\":\"2022-03-09T15:13:15+00:00\",\"description\":\"Fl\u00fcssigkeitsspender f\u00fcr Flaschen. Hergestellt aus chemikalienbest\u00e4ndigen Materialien. Verschiedene Modelle f\u00fcr Abgabevolumina von 0,25 bis 50 ml.\",\"breadcrumb\":{\"@id\":\"https:\\\/\\\/sysmatec.ch\\\/de\\\/produit\\\/flaschendispenser-flaschenverteiler-capp-forte\\\/#breadcrumb\"},\"inLanguage\":\"de\",\"potentialAction\":[{\"@type\":\"ReadAction\",\"target\":[\"https:\\\/\\\/sysmatec.ch\\\/de\\\/produit\\\/flaschendispenser-flaschenverteiler-capp-forte\\\/\"]}]},{\"@type\":\"ImageObject\",\"inLanguage\":\"de\",\"@id\":\"https:\\\/\\\/sysmatec.ch\\\/de\\\/produit\\\/flaschendispenser-flaschenverteiler-capp-forte\\\/#primaryimage\",\"url\":\"https:\\\/\\\/sysmatec.ch\\\/wp-content\\\/uploads\\\/2019\\\/01\\\/Pipette_CappForte.jpg\",\"contentUrl\":\"https:\\\/\\\/sysmatec.ch\\\/wp-content\\\/uploads\\\/2019\\\/01\\\/Pipette_CappForte.jpg\",\"width\":184,\"height\":348},{\"@type\":\"BreadcrumbList\",\"@id\":\"https:\\\/\\\/sysmatec.ch\\\/de\\\/produit\\\/flaschendispenser-flaschenverteiler-capp-forte\\\/#breadcrumb\",\"itemListElement\":[{\"@type\":\"ListItem\",\"position\":1,\"name\":\"Accueil\",\"item\":\"https:\\\/\\\/sysmatec.ch\\\/de\\\/\"},{\"@type\":\"ListItem\",\"position\":2,\"name\":\"Die Aktivit\u00e4t von Sysmatec\",\"item\":\"https:\\\/\\\/sysmatec.ch\\\/de\\\/\"},{\"@type\":\"ListItem\",\"position\":3,\"name\":\"Flaschendispenser \\\/ Flaschenverteiler Capp Forte\"}]},{\"@type\":\"WebSite\",\"@id\":\"https:\\\/\\\/sysmatec.ch\\\/de\\\/#website\",\"url\":\"https:\\\/\\\/sysmatec.ch\\\/de\\\/\",\"name\":\"Sysmatec\",\"description\":\"Equipement de laboratoire et logiciels\",\"publisher\":{\"@id\":\"https:\\\/\\\/sysmatec.ch\\\/de\\\/#organization\"},\"potentialAction\":[{\"@type\":\"SearchAction\",\"target\":{\"@type\":\"EntryPoint\",\"urlTemplate\":\"https:\\\/\\\/sysmatec.ch\\\/de\\\/?s={search_term_string}\"},\"query-input\":{\"@type\":\"PropertyValueSpecification\",\"valueRequired\":true,\"valueName\":\"search_term_string\"}}],\"inLanguage\":\"de\"},{\"@type\":\"Organization\",\"@id\":\"https:\\\/\\\/sysmatec.ch\\\/de\\\/#organization\",\"name\":\"Sysmatec\",\"url\":\"https:\\\/\\\/sysmatec.ch\\\/de\\\/\",\"logo\":{\"@type\":\"ImageObject\",\"inLanguage\":\"de\",\"@id\":\"https:\\\/\\\/sysmatec.ch\\\/de\\\/#\\\/schema\\\/logo\\\/image\\\/\",\"url\":\"https:\\\/\\\/sysmatec.ch\\\/wp-content\\\/uploads\\\/2018\\\/11\\\/LogoSysmatec.jpg\",\"contentUrl\":\"https:\\\/\\\/sysmatec.ch\\\/wp-content\\\/uploads\\\/2018\\\/11\\\/LogoSysmatec.jpg\",\"width\":301,\"height\":297,\"caption\":\"Sysmatec\"},\"image\":{\"@id\":\"https:\\\/\\\/sysmatec.ch\\\/de\\\/#\\\/schema\\\/logo\\\/image\\\/\"}}]}<\/script>\n<!-- \/ Yoast SEO plugin. -->","yoast_head_json":{"title":"Flaschendispenser \/ Flaschenverteiler Capp Forte - Sysmatec","description":"Fl\u00fcssigkeitsspender f\u00fcr Flaschen. Hergestellt aus chemikalienbest\u00e4ndigen Materialien. Verschiedene Modelle f\u00fcr Abgabevolumina von 0,25 bis 50 ml.","robots":{"index":"index","follow":"follow","max-snippet":"max-snippet:-1","max-image-preview":"max-image-preview:large","max-video-preview":"max-video-preview:-1"},"canonical":"https:\/\/sysmatec.ch\/de\/produit\/flaschendispenser-flaschenverteiler-capp-forte\/","og_locale":"de_DE","og_type":"article","og_title":"Flaschendispenser \/ Flaschenverteiler Capp Forte - Sysmatec","og_description":"Fl\u00fcssigkeitsspender f\u00fcr Flaschen. Hergestellt aus chemikalienbest\u00e4ndigen Materialien. Verschiedene Modelle f\u00fcr Abgabevolumina von 0,25 bis 50 ml.","og_url":"https:\/\/sysmatec.ch\/de\/produit\/flaschendispenser-flaschenverteiler-capp-forte\/","og_site_name":"Sysmatec","article_modified_time":"2022-03-09T15:13:15+00:00","og_image":[{"width":184,"height":348,"url":"https:\/\/sysmatec.ch\/wp-content\/uploads\/2019\/01\/Pipette_CappForte.jpg","type":"image\/jpeg"}],"twitter_card":"summary_large_image","twitter_misc":{"Gesch\u00e4tzte Lesezeit":"1\u00a0Minute"},"schema":{"@context":"https:\/\/schema.org","@graph":[{"@type":"WebPage","@id":"https:\/\/sysmatec.ch\/de\/produit\/flaschendispenser-flaschenverteiler-capp-forte\/","url":"https:\/\/sysmatec.ch\/de\/produit\/flaschendispenser-flaschenverteiler-capp-forte\/","name":"Flaschendispenser \/ Flaschenverteiler Capp Forte - Sysmatec","isPartOf":{"@id":"https:\/\/sysmatec.ch\/de\/#website"},"primaryImageOfPage":{"@id":"https:\/\/sysmatec.ch\/de\/produit\/flaschendispenser-flaschenverteiler-capp-forte\/#primaryimage"},"image":{"@id":"https:\/\/sysmatec.ch\/de\/produit\/flaschendispenser-flaschenverteiler-capp-forte\/#primaryimage"},"thumbnailUrl":"https:\/\/sysmatec.ch\/wp-content\/uploads\/2019\/01\/Pipette_CappForte.jpg","datePublished":"2019-01-13T19:54:20+00:00","dateModified":"2022-03-09T15:13:15+00:00","description":"Fl\u00fcssigkeitsspender f\u00fcr Flaschen. Hergestellt aus chemikalienbest\u00e4ndigen Materialien. Verschiedene Modelle f\u00fcr Abgabevolumina von 0,25 bis 50 ml.","breadcrumb":{"@id":"https:\/\/sysmatec.ch\/de\/produit\/flaschendispenser-flaschenverteiler-capp-forte\/#breadcrumb"},"inLanguage":"de","potentialAction":[{"@type":"ReadAction","target":["https:\/\/sysmatec.ch\/de\/produit\/flaschendispenser-flaschenverteiler-capp-forte\/"]}]},{"@type":"ImageObject","inLanguage":"de","@id":"https:\/\/sysmatec.ch\/de\/produit\/flaschendispenser-flaschenverteiler-capp-forte\/#primaryimage","url":"https:\/\/sysmatec.ch\/wp-content\/uploads\/2019\/01\/Pipette_CappForte.jpg","contentUrl":"https:\/\/sysmatec.ch\/wp-content\/uploads\/2019\/01\/Pipette_CappForte.jpg","width":184,"height":348},{"@type":"BreadcrumbList","@id":"https:\/\/sysmatec.ch\/de\/produit\/flaschendispenser-flaschenverteiler-capp-forte\/#breadcrumb","itemListElement":[{"@type":"ListItem","position":1,"name":"Accueil","item":"https:\/\/sysmatec.ch\/de\/"},{"@type":"ListItem","position":2,"name":"Die Aktivit\u00e4t von Sysmatec","item":"https:\/\/sysmatec.ch\/de\/"},{"@type":"ListItem","position":3,"name":"Flaschendispenser \/ Flaschenverteiler Capp Forte"}]},{"@type":"WebSite","@id":"https:\/\/sysmatec.ch\/de\/#website","url":"https:\/\/sysmatec.ch\/de\/","name":"Sysmatec","description":"Equipement de laboratoire et logiciels","publisher":{"@id":"https:\/\/sysmatec.ch\/de\/#organization"},"potentialAction":[{"@type":"SearchAction","target":{"@type":"EntryPoint","urlTemplate":"https:\/\/sysmatec.ch\/de\/?s={search_term_string}"},"query-input":{"@type":"PropertyValueSpecification","valueRequired":true,"valueName":"search_term_string"}}],"inLanguage":"de"},{"@type":"Organization","@id":"https:\/\/sysmatec.ch\/de\/#organization","name":"Sysmatec","url":"https:\/\/sysmatec.ch\/de\/","logo":{"@type":"ImageObject","inLanguage":"de","@id":"https:\/\/sysmatec.ch\/de\/#\/schema\/logo\/image\/","url":"https:\/\/sysmatec.ch\/wp-content\/uploads\/2018\/11\/LogoSysmatec.jpg","contentUrl":"https:\/\/sysmatec.ch\/wp-content\/uploads\/2018\/11\/LogoSysmatec.jpg","width":301,"height":297,"caption":"Sysmatec"},"image":{"@id":"https:\/\/sysmatec.ch\/de\/#\/schema\/logo\/image\/"}}]}},"_links":{"self":[{"href":"https:\/\/sysmatec.ch\/de\/wp-json\/wp\/v2\/product\/2175","targetHints":{"allow":["GET"]}}],"collection":[{"href":"https:\/\/sysmatec.ch\/de\/wp-json\/wp\/v2\/product"}],"about":[{"href":"https:\/\/sysmatec.ch\/de\/wp-json\/wp\/v2\/types\/product"}],"wp:featuredmedia":[{"embeddable":true,"href":"https:\/\/sysmatec.ch\/de\/wp-json\/wp\/v2\/media\/1303"}],"wp:attachment":[{"href":"https:\/\/sysmatec.ch\/de\/wp-json\/wp\/v2\/media?parent=2175"}],"wp:term":[{"taxonomy":"product_brand","embeddable":true,"href":"https:\/\/sysmatec.ch\/de\/wp-json\/wp\/v2\/product_brand?post=2175"},{"taxonomy":"product_cat","embeddable":true,"href":"https:\/\/sysmatec.ch\/de\/wp-json\/wp\/v2\/product_cat?post=2175"},{"taxonomy":"product_tag","embeddable":true,"href":"https:\/\/sysmatec.ch\/de\/wp-json\/wp\/v2\/product_tag?post=2175"}],"curies":[{"name":"wp","href":"https:\/\/api.w.org\/{rel}","templated":true}]}}