{"id":2173,"date":"2019-01-13T20:55:30","date_gmt":"2019-01-13T19:55:30","guid":{"rendered":"https:\/\/sysmatec.ch\/produit\/controleur-de-pipette-capp-tempo\/"},"modified":"2022-03-09T16:06:10","modified_gmt":"2022-03-09T15:06:10","slug":"pipette-kontroller-capp-tempo","status":"publish","type":"product","link":"https:\/\/sysmatec.ch\/de\/Produkt\/pipette-kontroller-capp-tempo\/","title":{"rendered":"Pipette Kontroller Capp Tempo"},"content":{"rendered":"<p>Die Capp Tempo hat eine LED-Anzeige f\u00fcr ultimative Benutzerfreundlichkeit und eone patentierte elektronische Bremse System (EBS). Die LED-Anzeige gibt dem Benutzer relevanten Informationen \u00fcber Aufnahmegeschwindigkeit, Dosierung Geschwindigkeit und Akkulaufzeit. Die EBS ist einzigartig f\u00fcr Capp Tempo und erm\u00f6glicht Benutzern, mit maximaler Geschwindigkeit und Genauigkeit zu pipettieren. Die St\u00e4nder und Wandhalter sind in der Box mit dem Tempo Capp Pipette Controller enthalten.<\/p>\n<p>LED-Anzeige<\/p>\n<ul>\n<li>Das Display zeigt Aufnahm- und Spendegeschwindigkeiten.<\/li>\n<li>Zeigt die verbleibende Lebensdauer der Batterie und blinkt, wenn die Energie niedrig ist.<\/li>\n<li>Schaltet nach 20 Sekunden der Nichtbenutzung aus, um die Batterie zu schonen.<\/li>\n<\/ul>\n<p>Einstellbare Geschwindigkeiten<\/p>\n<ul>\n<li>Leistungsstarker Motor f\u00fcllt 25 ml in 12 Sekunden<\/li>\n<li>Separate Einstellungen f\u00fcr Aufnahm- und Spende- Modi.<\/li>\n<li>Sechs verschiedene Geschwindigkeitseinstellungen f\u00fcr Aufnahm- und Spende- Modi<\/li>\n<\/ul>\n<p>Elektronische Bremse System (EBS)<\/p>\n<ul>\n<li>EBS maximiert die Geschwindigkeit und Genauigkeit<\/li>\n<li>EBS erlaubt die beste Genauigkeit in der letzten Sekunde indem die Zugabegeschwindigkeit reduziert wird<\/li>\n<li>Nur ein zweites Mal um auf die maximale Geschwindigkeit zur\u00fcck zu kommen<\/li>\n<\/ul>\n<p>Stromversorgung<\/p>\n<ul>\n<li type=\"disc\">Lithium-Ionen-Batterie, bietet volle Ladung 8 Stunden Dauereinsatz<\/li>\n<li type=\"disc\">Der Akku kann aufgeladen werden, w\u00e4hrend Pipette verwendet wird<\/li>\n<\/ul>\n<p>Existiert mit 4 Farben: blau, gr\u00fcn, rot, violett<\/p>\n<p>Pipette sind auf der Seite <a href=\"https:\/\/sysmatec.ch\/German\/dA8_Verbrauchsmaterial.html\">Verbrauchsmaterial<\/a> vorgestellt.<\/p>\n","protected":false},"excerpt":{"rendered":"<p><span class=\"VIiyi\" lang=\"de\"><span class=\"JLqJ4b ChMk0b\" data-language-for-alternatives=\"de\" data-language-to-translate-into=\"fr\" data-phrase-index=\"4\" data-number-of-phrases=\"5\">Elektronische Pipettierhilfe.<\/span><\/span><\/p>\n","protected":false},"featured_media":1307,"template":"","meta":{"_crdt_document":""},"product_brand":[],"product_cat":[129],"product_tag":[],"class_list":{"0":"post-2173","1":"product","2":"type-product","3":"status-publish","4":"has-post-thumbnail","6":"product_cat-pipette-de","8":"first","9":"instock","10":"taxable","11":"shipping-taxable","12":"product-type-simple"},"yoast_head":"<!-- This site is optimized with the Yoast SEO plugin v27.3 - https:\/\/yoast.com\/product\/yoast-seo-wordpress\/ -->\n<title>Pipette Kontroller Capp Tempo - Sysmatec<\/title>\n<meta name=\"description\" content=\"Elektronische Pipettierhilfe. Ansaug- und Abgabegeschwindigkeiten sind konfigurierbar. Es hat oben einen LED-Bildschirm.\" \/>\n<meta name=\"robots\" content=\"index, follow, max-snippet:-1, max-image-preview:large, max-video-preview:-1\" \/>\n<link rel=\"canonical\" href=\"https:\/\/sysmatec.ch\/de\/produit\/pipette-kontroller-capp-tempo\/\" \/>\n<meta property=\"og:locale\" content=\"de_DE\" \/>\n<meta property=\"og:type\" content=\"article\" \/>\n<meta property=\"og:title\" content=\"Pipette Kontroller Capp Tempo - Sysmatec\" \/>\n<meta property=\"og:description\" content=\"Elektronische Pipettierhilfe. Ansaug- und Abgabegeschwindigkeiten sind konfigurierbar. Es hat oben einen LED-Bildschirm.\" \/>\n<meta property=\"og:url\" content=\"https:\/\/sysmatec.ch\/de\/produit\/pipette-kontroller-capp-tempo\/\" \/>\n<meta property=\"og:site_name\" content=\"Sysmatec\" \/>\n<meta property=\"article:modified_time\" content=\"2022-03-09T15:06:10+00:00\" \/>\n<meta property=\"og:image\" content=\"https:\/\/sysmatec.ch\/wp-content\/uploads\/2019\/01\/Pipette_CappTempo.jpg\" \/>\n\t<meta property=\"og:image:width\" content=\"183\" \/>\n\t<meta property=\"og:image:height\" content=\"140\" \/>\n\t<meta property=\"og:image:type\" content=\"image\/jpeg\" \/>\n<meta name=\"twitter:card\" content=\"summary_large_image\" \/>\n<meta name=\"twitter:label1\" content=\"Gesch\u00e4tzte Lesezeit\" \/>\n\t<meta name=\"twitter:data1\" content=\"1\u00a0Minute\" \/>\n<script type=\"application\/ld+json\" class=\"yoast-schema-graph\">{\"@context\":\"https:\\\/\\\/schema.org\",\"@graph\":[{\"@type\":\"WebPage\",\"@id\":\"https:\\\/\\\/sysmatec.ch\\\/de\\\/produit\\\/pipette-kontroller-capp-tempo\\\/\",\"url\":\"https:\\\/\\\/sysmatec.ch\\\/de\\\/produit\\\/pipette-kontroller-capp-tempo\\\/\",\"name\":\"Pipette Kontroller Capp Tempo - Sysmatec\",\"isPartOf\":{\"@id\":\"https:\\\/\\\/sysmatec.ch\\\/de\\\/#website\"},\"primaryImageOfPage\":{\"@id\":\"https:\\\/\\\/sysmatec.ch\\\/de\\\/produit\\\/pipette-kontroller-capp-tempo\\\/#primaryimage\"},\"image\":{\"@id\":\"https:\\\/\\\/sysmatec.ch\\\/de\\\/produit\\\/pipette-kontroller-capp-tempo\\\/#primaryimage\"},\"thumbnailUrl\":\"https:\\\/\\\/sysmatec.ch\\\/wp-content\\\/uploads\\\/2019\\\/01\\\/Pipette_CappTempo.jpg\",\"datePublished\":\"2019-01-13T19:55:30+00:00\",\"dateModified\":\"2022-03-09T15:06:10+00:00\",\"description\":\"Elektronische Pipettierhilfe. Ansaug- und Abgabegeschwindigkeiten sind konfigurierbar. Es hat oben einen LED-Bildschirm.\",\"breadcrumb\":{\"@id\":\"https:\\\/\\\/sysmatec.ch\\\/de\\\/produit\\\/pipette-kontroller-capp-tempo\\\/#breadcrumb\"},\"inLanguage\":\"de\",\"potentialAction\":[{\"@type\":\"ReadAction\",\"target\":[\"https:\\\/\\\/sysmatec.ch\\\/de\\\/produit\\\/pipette-kontroller-capp-tempo\\\/\"]}]},{\"@type\":\"ImageObject\",\"inLanguage\":\"de\",\"@id\":\"https:\\\/\\\/sysmatec.ch\\\/de\\\/produit\\\/pipette-kontroller-capp-tempo\\\/#primaryimage\",\"url\":\"https:\\\/\\\/sysmatec.ch\\\/wp-content\\\/uploads\\\/2019\\\/01\\\/Pipette_CappTempo.jpg\",\"contentUrl\":\"https:\\\/\\\/sysmatec.ch\\\/wp-content\\\/uploads\\\/2019\\\/01\\\/Pipette_CappTempo.jpg\",\"width\":183,\"height\":140},{\"@type\":\"BreadcrumbList\",\"@id\":\"https:\\\/\\\/sysmatec.ch\\\/de\\\/produit\\\/pipette-kontroller-capp-tempo\\\/#breadcrumb\",\"itemListElement\":[{\"@type\":\"ListItem\",\"position\":1,\"name\":\"Accueil\",\"item\":\"https:\\\/\\\/sysmatec.ch\\\/de\\\/\"},{\"@type\":\"ListItem\",\"position\":2,\"name\":\"Die Aktivit\u00e4t von Sysmatec\",\"item\":\"https:\\\/\\\/sysmatec.ch\\\/de\\\/\"},{\"@type\":\"ListItem\",\"position\":3,\"name\":\"Pipette Kontroller Capp Tempo\"}]},{\"@type\":\"WebSite\",\"@id\":\"https:\\\/\\\/sysmatec.ch\\\/de\\\/#website\",\"url\":\"https:\\\/\\\/sysmatec.ch\\\/de\\\/\",\"name\":\"Sysmatec\",\"description\":\"Equipement de laboratoire et logiciels\",\"publisher\":{\"@id\":\"https:\\\/\\\/sysmatec.ch\\\/de\\\/#organization\"},\"potentialAction\":[{\"@type\":\"SearchAction\",\"target\":{\"@type\":\"EntryPoint\",\"urlTemplate\":\"https:\\\/\\\/sysmatec.ch\\\/de\\\/?s={search_term_string}\"},\"query-input\":{\"@type\":\"PropertyValueSpecification\",\"valueRequired\":true,\"valueName\":\"search_term_string\"}}],\"inLanguage\":\"de\"},{\"@type\":\"Organization\",\"@id\":\"https:\\\/\\\/sysmatec.ch\\\/de\\\/#organization\",\"name\":\"Sysmatec\",\"url\":\"https:\\\/\\\/sysmatec.ch\\\/de\\\/\",\"logo\":{\"@type\":\"ImageObject\",\"inLanguage\":\"de\",\"@id\":\"https:\\\/\\\/sysmatec.ch\\\/de\\\/#\\\/schema\\\/logo\\\/image\\\/\",\"url\":\"https:\\\/\\\/sysmatec.ch\\\/wp-content\\\/uploads\\\/2018\\\/11\\\/LogoSysmatec.jpg\",\"contentUrl\":\"https:\\\/\\\/sysmatec.ch\\\/wp-content\\\/uploads\\\/2018\\\/11\\\/LogoSysmatec.jpg\",\"width\":301,\"height\":297,\"caption\":\"Sysmatec\"},\"image\":{\"@id\":\"https:\\\/\\\/sysmatec.ch\\\/de\\\/#\\\/schema\\\/logo\\\/image\\\/\"}}]}<\/script>\n<!-- \/ Yoast SEO plugin. -->","yoast_head_json":{"title":"Pipette Kontroller Capp Tempo - Sysmatec","description":"Elektronische Pipettierhilfe. Ansaug- und Abgabegeschwindigkeiten sind konfigurierbar. Es hat oben einen LED-Bildschirm.","robots":{"index":"index","follow":"follow","max-snippet":"max-snippet:-1","max-image-preview":"max-image-preview:large","max-video-preview":"max-video-preview:-1"},"canonical":"https:\/\/sysmatec.ch\/de\/produit\/pipette-kontroller-capp-tempo\/","og_locale":"de_DE","og_type":"article","og_title":"Pipette Kontroller Capp Tempo - Sysmatec","og_description":"Elektronische Pipettierhilfe. Ansaug- und Abgabegeschwindigkeiten sind konfigurierbar. Es hat oben einen LED-Bildschirm.","og_url":"https:\/\/sysmatec.ch\/de\/produit\/pipette-kontroller-capp-tempo\/","og_site_name":"Sysmatec","article_modified_time":"2022-03-09T15:06:10+00:00","og_image":[{"width":183,"height":140,"url":"https:\/\/sysmatec.ch\/wp-content\/uploads\/2019\/01\/Pipette_CappTempo.jpg","type":"image\/jpeg"}],"twitter_card":"summary_large_image","twitter_misc":{"Gesch\u00e4tzte Lesezeit":"1\u00a0Minute"},"schema":{"@context":"https:\/\/schema.org","@graph":[{"@type":"WebPage","@id":"https:\/\/sysmatec.ch\/de\/produit\/pipette-kontroller-capp-tempo\/","url":"https:\/\/sysmatec.ch\/de\/produit\/pipette-kontroller-capp-tempo\/","name":"Pipette Kontroller Capp Tempo - Sysmatec","isPartOf":{"@id":"https:\/\/sysmatec.ch\/de\/#website"},"primaryImageOfPage":{"@id":"https:\/\/sysmatec.ch\/de\/produit\/pipette-kontroller-capp-tempo\/#primaryimage"},"image":{"@id":"https:\/\/sysmatec.ch\/de\/produit\/pipette-kontroller-capp-tempo\/#primaryimage"},"thumbnailUrl":"https:\/\/sysmatec.ch\/wp-content\/uploads\/2019\/01\/Pipette_CappTempo.jpg","datePublished":"2019-01-13T19:55:30+00:00","dateModified":"2022-03-09T15:06:10+00:00","description":"Elektronische Pipettierhilfe. Ansaug- und Abgabegeschwindigkeiten sind konfigurierbar. Es hat oben einen LED-Bildschirm.","breadcrumb":{"@id":"https:\/\/sysmatec.ch\/de\/produit\/pipette-kontroller-capp-tempo\/#breadcrumb"},"inLanguage":"de","potentialAction":[{"@type":"ReadAction","target":["https:\/\/sysmatec.ch\/de\/produit\/pipette-kontroller-capp-tempo\/"]}]},{"@type":"ImageObject","inLanguage":"de","@id":"https:\/\/sysmatec.ch\/de\/produit\/pipette-kontroller-capp-tempo\/#primaryimage","url":"https:\/\/sysmatec.ch\/wp-content\/uploads\/2019\/01\/Pipette_CappTempo.jpg","contentUrl":"https:\/\/sysmatec.ch\/wp-content\/uploads\/2019\/01\/Pipette_CappTempo.jpg","width":183,"height":140},{"@type":"BreadcrumbList","@id":"https:\/\/sysmatec.ch\/de\/produit\/pipette-kontroller-capp-tempo\/#breadcrumb","itemListElement":[{"@type":"ListItem","position":1,"name":"Accueil","item":"https:\/\/sysmatec.ch\/de\/"},{"@type":"ListItem","position":2,"name":"Die Aktivit\u00e4t von Sysmatec","item":"https:\/\/sysmatec.ch\/de\/"},{"@type":"ListItem","position":3,"name":"Pipette Kontroller Capp Tempo"}]},{"@type":"WebSite","@id":"https:\/\/sysmatec.ch\/de\/#website","url":"https:\/\/sysmatec.ch\/de\/","name":"Sysmatec","description":"Equipement de laboratoire et logiciels","publisher":{"@id":"https:\/\/sysmatec.ch\/de\/#organization"},"potentialAction":[{"@type":"SearchAction","target":{"@type":"EntryPoint","urlTemplate":"https:\/\/sysmatec.ch\/de\/?s={search_term_string}"},"query-input":{"@type":"PropertyValueSpecification","valueRequired":true,"valueName":"search_term_string"}}],"inLanguage":"de"},{"@type":"Organization","@id":"https:\/\/sysmatec.ch\/de\/#organization","name":"Sysmatec","url":"https:\/\/sysmatec.ch\/de\/","logo":{"@type":"ImageObject","inLanguage":"de","@id":"https:\/\/sysmatec.ch\/de\/#\/schema\/logo\/image\/","url":"https:\/\/sysmatec.ch\/wp-content\/uploads\/2018\/11\/LogoSysmatec.jpg","contentUrl":"https:\/\/sysmatec.ch\/wp-content\/uploads\/2018\/11\/LogoSysmatec.jpg","width":301,"height":297,"caption":"Sysmatec"},"image":{"@id":"https:\/\/sysmatec.ch\/de\/#\/schema\/logo\/image\/"}}]}},"_links":{"self":[{"href":"https:\/\/sysmatec.ch\/de\/wp-json\/wp\/v2\/product\/2173","targetHints":{"allow":["GET"]}}],"collection":[{"href":"https:\/\/sysmatec.ch\/de\/wp-json\/wp\/v2\/product"}],"about":[{"href":"https:\/\/sysmatec.ch\/de\/wp-json\/wp\/v2\/types\/product"}],"wp:featuredmedia":[{"embeddable":true,"href":"https:\/\/sysmatec.ch\/de\/wp-json\/wp\/v2\/media\/1307"}],"wp:attachment":[{"href":"https:\/\/sysmatec.ch\/de\/wp-json\/wp\/v2\/media?parent=2173"}],"wp:term":[{"taxonomy":"product_brand","embeddable":true,"href":"https:\/\/sysmatec.ch\/de\/wp-json\/wp\/v2\/product_brand?post=2173"},{"taxonomy":"product_cat","embeddable":true,"href":"https:\/\/sysmatec.ch\/de\/wp-json\/wp\/v2\/product_cat?post=2173"},{"taxonomy":"product_tag","embeddable":true,"href":"https:\/\/sysmatec.ch\/de\/wp-json\/wp\/v2\/product_tag?post=2173"}],"curies":[{"name":"wp","href":"https:\/\/api.w.org\/{rel}","templated":true}]}}