{"id":21704,"date":"2021-01-04T19:02:37","date_gmt":"2021-01-04T18:02:37","guid":{"rendered":"https:\/\/sysmatec.ch\/?post_type=product&#038;p=21704"},"modified":"2021-12-04T09:53:58","modified_gmt":"2021-12-04T08:53:58","slug":"steriler-einwegmundschutz-kimtech-m3","status":"publish","type":"product","link":"https:\/\/sysmatec.ch\/de\/Produkt\/steriler-einwegmundschutz-kimtech-m3\/","title":{"rendered":"Steriler Einwegmundschutz KIMTECH\u2122 M3"},"content":{"rendered":"<p>Diese Einwegmundschutz\u00a0 sind steril und latexfrei.\u00a0 Sie werden unter kontrollierten Bedingungen dreifach im PE-Beutel verpackt .<\/p>\n<ul>\n<li>Materialart (Mundschutz): Spr\u00fchschicht\/Film, Spinnvlies<\/li>\n<li>Breite (\u00b1 5 mm): 25 cm<\/li>\n<li>H\u00f6he (\u00b1 5 mm): 10 cm<\/li>\n<li>Materialien (Mundschutz): Polyethylen (PE)<\/li>\n<li>Au\u00dfenlage: Polypropylen (PP)<\/li>\n<li>Filtermedium: BICOSOFTM (PE)<\/li>\n<li>Plissierung: einmalig \/ taschenf\u00f6rmig, &#8222;Entenschnabel-f\u00f6rmig&#8220;<\/li>\n<li>Art der Befestigung: 2 Kopfb\u00e4nder, Rundstrick<\/li>\n<li>Materialien (Befestigung): Polyester (PES)<\/li>\n<li>Material Nasensteg\/-b\u00fcgel: vollst\u00e4ndig geschlossener, formbarer Aluminiumstreifen<\/li>\n<li>N\u00e4hte: thermisch gebunden<\/li>\n<li>Partikelfiltrationseffizienz (PFE): 97,2 %, ASTM F1215-89<\/li>\n<li>Bakterienfiltrationseffizienz (BFE): 96.0 %, MIL-M-36954C<\/li>\n<li>Atmungsaktivit\u00e4t \/ Differenzdruck (\u2206P): 1.88 00 H2O, MIL-M-36954C<\/li>\n<li>Sterilit\u00e4t, SAL-Wert (Sterility Assurance Level): 10-6 ANSI \/ AAMI \/ ISO 11137<\/li>\n<li>Farbe (Mundschutz\/B\u00e4nderung): wei\u00df\/wei\u00df<\/li>\n<li>Verpackung: Beutel \u00e0 20 St\u00fcck, einzelverpackt, im Umbeutel<\/li>\n<\/ul>\n<p>Ref. 44910<\/p>\n","protected":false},"excerpt":{"rendered":"<p>Steriler Einwegmundschutz, taschenf\u00f6rmig\u00a0mit zwei gestrickten Kopfb\u00e4ndern<\/p>\n","protected":false},"featured_media":21716,"template":"","meta":{"_crdt_document":""},"product_brand":[],"product_cat":[381,279],"product_tag":[],"class_list":{"0":"post-21704","1":"product","2":"type-product","3":"status-publish","4":"has-post-thumbnail","6":"product_cat-schutz","7":"product_cat-verbrauchsmaterial","9":"first","10":"instock","11":"taxable","12":"shipping-taxable","13":"product-type-simple"},"yoast_head":"<!-- This site is optimized with the Yoast SEO plugin v27.4 - https:\/\/yoast.com\/product\/yoast-seo-wordpress\/ -->\n<title>Steriler Einwegmundschutz KIMTECH\u2122 M3 - Sysmatec<\/title>\n<meta name=\"description\" content=\"Kimtech M3 Einwegmaske, taschenf\u00f6rmig mit Bindeb\u00e4ndern, steril, taschenf\u00f6rmig, sehr hohe Filtrationseffizienz.\" \/>\n<meta name=\"robots\" content=\"index, follow, max-snippet:-1, max-image-preview:large, max-video-preview:-1\" \/>\n<link rel=\"canonical\" href=\"https:\/\/sysmatec.ch\/de\/produit\/steriler-einwegmundschutz-kimtech-m3\/\" \/>\n<meta property=\"og:locale\" content=\"de_DE\" \/>\n<meta property=\"og:type\" content=\"article\" \/>\n<meta property=\"og:title\" content=\"Steriler Einwegmundschutz KIMTECH\u2122 M3 - Sysmatec\" \/>\n<meta property=\"og:description\" content=\"Kimtech M3 Einwegmaske, taschenf\u00f6rmig mit Bindeb\u00e4ndern, steril, taschenf\u00f6rmig, sehr hohe Filtrationseffizienz.\" \/>\n<meta property=\"og:url\" content=\"https:\/\/sysmatec.ch\/de\/produit\/steriler-einwegmundschutz-kimtech-m3\/\" \/>\n<meta property=\"og:site_name\" content=\"Sysmatec\" \/>\n<meta property=\"article:modified_time\" content=\"2021-12-04T08:53:58+00:00\" \/>\n<meta property=\"og:image\" content=\"https:\/\/sysmatec.ch\/wp-content\/uploads\/2021\/01\/DastexEinwegmundschutz4491043910.jpg\" \/>\n\t<meta property=\"og:image:width\" content=\"866\" \/>\n\t<meta property=\"og:image:height\" content=\"1181\" \/>\n\t<meta property=\"og:image:type\" content=\"image\/jpeg\" \/>\n<meta name=\"twitter:card\" content=\"summary_large_image\" \/>\n<meta name=\"twitter:label1\" content=\"Gesch\u00e4tzte Lesezeit\" \/>\n\t<meta name=\"twitter:data1\" content=\"1\u00a0Minute\" \/>\n<script type=\"application\/ld+json\" class=\"yoast-schema-graph\">{\"@context\":\"https:\\\/\\\/schema.org\",\"@graph\":[{\"@type\":\"WebPage\",\"@id\":\"https:\\\/\\\/sysmatec.ch\\\/de\\\/produit\\\/steriler-einwegmundschutz-kimtech-m3\\\/\",\"url\":\"https:\\\/\\\/sysmatec.ch\\\/de\\\/produit\\\/steriler-einwegmundschutz-kimtech-m3\\\/\",\"name\":\"Steriler Einwegmundschutz KIMTECH\u2122 M3 - Sysmatec\",\"isPartOf\":{\"@id\":\"https:\\\/\\\/sysmatec.ch\\\/de\\\/#website\"},\"primaryImageOfPage\":{\"@id\":\"https:\\\/\\\/sysmatec.ch\\\/de\\\/produit\\\/steriler-einwegmundschutz-kimtech-m3\\\/#primaryimage\"},\"image\":{\"@id\":\"https:\\\/\\\/sysmatec.ch\\\/de\\\/produit\\\/steriler-einwegmundschutz-kimtech-m3\\\/#primaryimage\"},\"thumbnailUrl\":\"https:\\\/\\\/sysmatec.ch\\\/wp-content\\\/uploads\\\/2021\\\/01\\\/DastexEinwegmundschutz4491043910.jpg\",\"datePublished\":\"2021-01-04T18:02:37+00:00\",\"dateModified\":\"2021-12-04T08:53:58+00:00\",\"description\":\"Kimtech M3 Einwegmaske, taschenf\u00f6rmig mit Bindeb\u00e4ndern, steril, taschenf\u00f6rmig, sehr hohe Filtrationseffizienz.\",\"breadcrumb\":{\"@id\":\"https:\\\/\\\/sysmatec.ch\\\/de\\\/produit\\\/steriler-einwegmundschutz-kimtech-m3\\\/#breadcrumb\"},\"inLanguage\":\"de\",\"potentialAction\":[{\"@type\":\"ReadAction\",\"target\":[\"https:\\\/\\\/sysmatec.ch\\\/de\\\/produit\\\/steriler-einwegmundschutz-kimtech-m3\\\/\"]}]},{\"@type\":\"ImageObject\",\"inLanguage\":\"de\",\"@id\":\"https:\\\/\\\/sysmatec.ch\\\/de\\\/produit\\\/steriler-einwegmundschutz-kimtech-m3\\\/#primaryimage\",\"url\":\"https:\\\/\\\/sysmatec.ch\\\/wp-content\\\/uploads\\\/2021\\\/01\\\/DastexEinwegmundschutz4491043910.jpg\",\"contentUrl\":\"https:\\\/\\\/sysmatec.ch\\\/wp-content\\\/uploads\\\/2021\\\/01\\\/DastexEinwegmundschutz4491043910.jpg\",\"width\":866,\"height\":1181},{\"@type\":\"BreadcrumbList\",\"@id\":\"https:\\\/\\\/sysmatec.ch\\\/de\\\/produit\\\/steriler-einwegmundschutz-kimtech-m3\\\/#breadcrumb\",\"itemListElement\":[{\"@type\":\"ListItem\",\"position\":1,\"name\":\"Accueil\",\"item\":\"https:\\\/\\\/sysmatec.ch\\\/de\\\/\"},{\"@type\":\"ListItem\",\"position\":2,\"name\":\"Die Aktivit\u00e4t von Sysmatec\",\"item\":\"https:\\\/\\\/sysmatec.ch\\\/de\\\/\"},{\"@type\":\"ListItem\",\"position\":3,\"name\":\"Steriler Einwegmundschutz KIMTECH\u2122 M3\"}]},{\"@type\":\"WebSite\",\"@id\":\"https:\\\/\\\/sysmatec.ch\\\/de\\\/#website\",\"url\":\"https:\\\/\\\/sysmatec.ch\\\/de\\\/\",\"name\":\"Sysmatec\",\"description\":\"Equipement de laboratoire et logiciels\",\"publisher\":{\"@id\":\"https:\\\/\\\/sysmatec.ch\\\/de\\\/#organization\"},\"potentialAction\":[{\"@type\":\"SearchAction\",\"target\":{\"@type\":\"EntryPoint\",\"urlTemplate\":\"https:\\\/\\\/sysmatec.ch\\\/de\\\/?s={search_term_string}\"},\"query-input\":{\"@type\":\"PropertyValueSpecification\",\"valueRequired\":true,\"valueName\":\"search_term_string\"}}],\"inLanguage\":\"de\"},{\"@type\":\"Organization\",\"@id\":\"https:\\\/\\\/sysmatec.ch\\\/de\\\/#organization\",\"name\":\"Sysmatec\",\"url\":\"https:\\\/\\\/sysmatec.ch\\\/de\\\/\",\"logo\":{\"@type\":\"ImageObject\",\"inLanguage\":\"de\",\"@id\":\"https:\\\/\\\/sysmatec.ch\\\/de\\\/#\\\/schema\\\/logo\\\/image\\\/\",\"url\":\"https:\\\/\\\/sysmatec.ch\\\/wp-content\\\/uploads\\\/2018\\\/11\\\/LogoSysmatec.jpg\",\"contentUrl\":\"https:\\\/\\\/sysmatec.ch\\\/wp-content\\\/uploads\\\/2018\\\/11\\\/LogoSysmatec.jpg\",\"width\":301,\"height\":297,\"caption\":\"Sysmatec\"},\"image\":{\"@id\":\"https:\\\/\\\/sysmatec.ch\\\/de\\\/#\\\/schema\\\/logo\\\/image\\\/\"}}]}<\/script>\n<!-- \/ Yoast SEO plugin. -->","yoast_head_json":{"title":"Steriler Einwegmundschutz KIMTECH\u2122 M3 - Sysmatec","description":"Kimtech M3 Einwegmaske, taschenf\u00f6rmig mit Bindeb\u00e4ndern, steril, taschenf\u00f6rmig, sehr hohe Filtrationseffizienz.","robots":{"index":"index","follow":"follow","max-snippet":"max-snippet:-1","max-image-preview":"max-image-preview:large","max-video-preview":"max-video-preview:-1"},"canonical":"https:\/\/sysmatec.ch\/de\/produit\/steriler-einwegmundschutz-kimtech-m3\/","og_locale":"de_DE","og_type":"article","og_title":"Steriler Einwegmundschutz KIMTECH\u2122 M3 - Sysmatec","og_description":"Kimtech M3 Einwegmaske, taschenf\u00f6rmig mit Bindeb\u00e4ndern, steril, taschenf\u00f6rmig, sehr hohe Filtrationseffizienz.","og_url":"https:\/\/sysmatec.ch\/de\/produit\/steriler-einwegmundschutz-kimtech-m3\/","og_site_name":"Sysmatec","article_modified_time":"2021-12-04T08:53:58+00:00","og_image":[{"width":866,"height":1181,"url":"https:\/\/sysmatec.ch\/wp-content\/uploads\/2021\/01\/DastexEinwegmundschutz4491043910.jpg","type":"image\/jpeg"}],"twitter_card":"summary_large_image","twitter_misc":{"Gesch\u00e4tzte Lesezeit":"1\u00a0Minute"},"schema":{"@context":"https:\/\/schema.org","@graph":[{"@type":"WebPage","@id":"https:\/\/sysmatec.ch\/de\/produit\/steriler-einwegmundschutz-kimtech-m3\/","url":"https:\/\/sysmatec.ch\/de\/produit\/steriler-einwegmundschutz-kimtech-m3\/","name":"Steriler Einwegmundschutz KIMTECH\u2122 M3 - Sysmatec","isPartOf":{"@id":"https:\/\/sysmatec.ch\/de\/#website"},"primaryImageOfPage":{"@id":"https:\/\/sysmatec.ch\/de\/produit\/steriler-einwegmundschutz-kimtech-m3\/#primaryimage"},"image":{"@id":"https:\/\/sysmatec.ch\/de\/produit\/steriler-einwegmundschutz-kimtech-m3\/#primaryimage"},"thumbnailUrl":"https:\/\/sysmatec.ch\/wp-content\/uploads\/2021\/01\/DastexEinwegmundschutz4491043910.jpg","datePublished":"2021-01-04T18:02:37+00:00","dateModified":"2021-12-04T08:53:58+00:00","description":"Kimtech M3 Einwegmaske, taschenf\u00f6rmig mit Bindeb\u00e4ndern, steril, taschenf\u00f6rmig, sehr hohe Filtrationseffizienz.","breadcrumb":{"@id":"https:\/\/sysmatec.ch\/de\/produit\/steriler-einwegmundschutz-kimtech-m3\/#breadcrumb"},"inLanguage":"de","potentialAction":[{"@type":"ReadAction","target":["https:\/\/sysmatec.ch\/de\/produit\/steriler-einwegmundschutz-kimtech-m3\/"]}]},{"@type":"ImageObject","inLanguage":"de","@id":"https:\/\/sysmatec.ch\/de\/produit\/steriler-einwegmundschutz-kimtech-m3\/#primaryimage","url":"https:\/\/sysmatec.ch\/wp-content\/uploads\/2021\/01\/DastexEinwegmundschutz4491043910.jpg","contentUrl":"https:\/\/sysmatec.ch\/wp-content\/uploads\/2021\/01\/DastexEinwegmundschutz4491043910.jpg","width":866,"height":1181},{"@type":"BreadcrumbList","@id":"https:\/\/sysmatec.ch\/de\/produit\/steriler-einwegmundschutz-kimtech-m3\/#breadcrumb","itemListElement":[{"@type":"ListItem","position":1,"name":"Accueil","item":"https:\/\/sysmatec.ch\/de\/"},{"@type":"ListItem","position":2,"name":"Die Aktivit\u00e4t von Sysmatec","item":"https:\/\/sysmatec.ch\/de\/"},{"@type":"ListItem","position":3,"name":"Steriler Einwegmundschutz KIMTECH\u2122 M3"}]},{"@type":"WebSite","@id":"https:\/\/sysmatec.ch\/de\/#website","url":"https:\/\/sysmatec.ch\/de\/","name":"Sysmatec","description":"Equipement de laboratoire et logiciels","publisher":{"@id":"https:\/\/sysmatec.ch\/de\/#organization"},"potentialAction":[{"@type":"SearchAction","target":{"@type":"EntryPoint","urlTemplate":"https:\/\/sysmatec.ch\/de\/?s={search_term_string}"},"query-input":{"@type":"PropertyValueSpecification","valueRequired":true,"valueName":"search_term_string"}}],"inLanguage":"de"},{"@type":"Organization","@id":"https:\/\/sysmatec.ch\/de\/#organization","name":"Sysmatec","url":"https:\/\/sysmatec.ch\/de\/","logo":{"@type":"ImageObject","inLanguage":"de","@id":"https:\/\/sysmatec.ch\/de\/#\/schema\/logo\/image\/","url":"https:\/\/sysmatec.ch\/wp-content\/uploads\/2018\/11\/LogoSysmatec.jpg","contentUrl":"https:\/\/sysmatec.ch\/wp-content\/uploads\/2018\/11\/LogoSysmatec.jpg","width":301,"height":297,"caption":"Sysmatec"},"image":{"@id":"https:\/\/sysmatec.ch\/de\/#\/schema\/logo\/image\/"}}]}},"_links":{"self":[{"href":"https:\/\/sysmatec.ch\/de\/wp-json\/wp\/v2\/product\/21704","targetHints":{"allow":["GET"]}}],"collection":[{"href":"https:\/\/sysmatec.ch\/de\/wp-json\/wp\/v2\/product"}],"about":[{"href":"https:\/\/sysmatec.ch\/de\/wp-json\/wp\/v2\/types\/product"}],"wp:featuredmedia":[{"embeddable":true,"href":"https:\/\/sysmatec.ch\/de\/wp-json\/wp\/v2\/media\/21716"}],"wp:attachment":[{"href":"https:\/\/sysmatec.ch\/de\/wp-json\/wp\/v2\/media?parent=21704"}],"wp:term":[{"taxonomy":"product_brand","embeddable":true,"href":"https:\/\/sysmatec.ch\/de\/wp-json\/wp\/v2\/product_brand?post=21704"},{"taxonomy":"product_cat","embeddable":true,"href":"https:\/\/sysmatec.ch\/de\/wp-json\/wp\/v2\/product_cat?post=21704"},{"taxonomy":"product_tag","embeddable":true,"href":"https:\/\/sysmatec.ch\/de\/wp-json\/wp\/v2\/product_tag?post=21704"}],"curies":[{"name":"wp","href":"https:\/\/api.w.org\/{rel}","templated":true}]}}