{"id":2170,"date":"2019-01-13T20:59:26","date_gmt":"2019-01-13T19:59:26","guid":{"rendered":"https:\/\/sysmatec.ch\/produit\/seringue-analytique-digitale-evol\/"},"modified":"2022-03-08T20:35:50","modified_gmt":"2022-03-08T19:35:50","slug":"digitale-analytische-spritze-evol","status":"publish","type":"product","link":"https:\/\/sysmatec.ch\/de\/Produkt\/digitale-analytische-spritze-evol\/","title":{"rendered":"Digitale analytische Spritze eVol"},"content":{"rendered":"<p>eVol\u00ae ist die Kopplung von zwei f\u00fcr ihre Pr\u00e4zision bekannten Bauteile: ein digital gesteuerter Antrieb und die durch XCHANGE\u00ae unterst\u00fctzte analytische Spritze.<\/p>\n<p>XCHANGE\u00ae Spritzen lassen sich leicht und schnell austauschen und sind spezifisch f\u00fcr individuelle Fl\u00fcssigkeiten einsetzbar. Somit wird die Kreuzkontaminierung von Reagenzien vermieden.<\/p>\n<ul>\n<li type=\"disc\">eVol\u00ae ist ergonomisch, komfortabel und einfach zu bedienen.<\/li>\n<li type=\"disc\">eVol\u00ae ist einfach zu kalibrieren. Die Kalibrationsfaktoren der einzelnen Spritzen sind speicherbar und erlauben somit ein Arbeiten gem\u00e4\u00df den strengen Laborrichtlinien (GLP, GMP, FDA).<\/li>\n<li type=\"disc\">eVol\u00ae ist f\u00fcr den Einsatz fl\u00fcchtiger Proben geeignet.<\/li>\n<li type=\"disc\">eVol\u00ae ist programmierbar und kann einen Arbeitsablauf im Labor (bis zu 98 Schritte) speichern.<\/li>\n<li type=\"disc\">eVol\u00ae ist f\u00fcr die Direktinjektion auf eine Chromatographie-S\u00e4ule bei gleichm\u00e4\u00dfiger Flussrate geeignet.<\/li>\n<li type=\"disc\">eVol\u00ae&#8217;s Nadel aus Edelstahl erm\u00f6glicht die direkte Injektion durch ein Septum.<\/li>\n<li type=\"disc\">M\u00f6glicher Passwortschutz zur besseren Standardisierung von Arbeitsprozessen.<\/li>\n<li type=\"disc\">Variable Arbeitsgeschwindigkeit.<\/li>\n<\/ul>\n<table border=\"1\" width=\"502\" cellspacing=\"0\" cellpadding=\"0\">\n<tbody>\n<tr>\n<td>Spritzevolume (uL) \/ Modell<\/td>\n<td>Volumbereich (uL)<\/td>\n<td>Nadell\u00e4nge (mm)<\/td>\n<td>Nadel AD (mm)<\/td>\n<td>Nadel ID (mm)<\/td>\n<\/tr>\n<tr>\n<td>5<\/td>\n<td>0.2-5<\/td>\n<td>50<\/td>\n<td>0.5<\/td>\n<td>0.12<\/td>\n<\/tr>\n<tr>\n<td>50<\/td>\n<td>2-50<\/td>\n<td>50<\/td>\n<td>0.5<\/td>\n<td>0.2<\/td>\n<\/tr>\n<tr>\n<td>100<\/td>\n<td>4-100<\/td>\n<td>50<\/td>\n<td>0.5<\/td>\n<td>0.2<\/td>\n<\/tr>\n<tr>\n<td>500<\/td>\n<td>20-500<\/td>\n<td>50<\/td>\n<td>0.63<\/td>\n<td>0.32<\/td>\n<\/tr>\n<tr>\n<td>1000<\/td>\n<td>4-1000<\/td>\n<td>50<\/td>\n<td>0.63<\/td>\n<td>0.32<\/td>\n<\/tr>\n<\/tbody>\n<\/table>\n","protected":false},"excerpt":{"rendered":"<p><span class=\"VIiyi\" lang=\"de\"><span class=\"JLqJ4b ChMk0b\" data-language-for-alternatives=\"de\" data-language-to-translate-into=\"fr\" data-phrase-index=\"4\" data-number-of-phrases=\"5\">Hochpr\u00e4zise motorisierte Spritze.<\/span><\/span><\/p>\n","protected":false},"featured_media":1305,"template":"","meta":{"_crdt_document":""},"product_brand":[],"product_cat":[129],"product_tag":[],"class_list":{"0":"post-2170","1":"product","2":"type-product","3":"status-publish","4":"has-post-thumbnail","6":"product_cat-pipette-de","8":"first","9":"instock","10":"taxable","11":"shipping-taxable","12":"product-type-simple"},"yoast_head":"<!-- This site is optimized with the Yoast SEO plugin v27.3 - https:\/\/yoast.com\/product\/yoast-seo-wordpress\/ -->\n<title>Digitale analytische Spritze eVol - Sysmatec<\/title>\n<meta name=\"description\" content=\"Motorisierte analytische Spritze. Es ist programmierbar und f\u00fcr fl\u00fcchtige Produkte geeignet. Spritzenvolumen von 5 bis 1000 \u00b5L.\" \/>\n<meta name=\"robots\" content=\"index, follow, max-snippet:-1, max-image-preview:large, max-video-preview:-1\" \/>\n<link rel=\"canonical\" href=\"https:\/\/sysmatec.ch\/de\/produit\/digitale-analytische-spritze-evol\/\" \/>\n<meta property=\"og:locale\" content=\"de_DE\" \/>\n<meta property=\"og:type\" content=\"article\" \/>\n<meta property=\"og:title\" content=\"Digitale analytische Spritze eVol - Sysmatec\" \/>\n<meta property=\"og:description\" content=\"Motorisierte analytische Spritze. Es ist programmierbar und f\u00fcr fl\u00fcchtige Produkte geeignet. Spritzenvolumen von 5 bis 1000 \u00b5L.\" \/>\n<meta property=\"og:url\" content=\"https:\/\/sysmatec.ch\/de\/produit\/digitale-analytische-spritze-evol\/\" \/>\n<meta property=\"og:site_name\" content=\"Sysmatec\" \/>\n<meta property=\"article:modified_time\" content=\"2022-03-08T19:35:50+00:00\" \/>\n<meta property=\"og:image\" content=\"https:\/\/sysmatec.ch\/wp-content\/uploads\/2019\/01\/Pipette_SGEEvol.jpg\" \/>\n\t<meta property=\"og:image:width\" content=\"177\" \/>\n\t<meta property=\"og:image:height\" content=\"242\" \/>\n\t<meta property=\"og:image:type\" content=\"image\/jpeg\" \/>\n<meta name=\"twitter:card\" content=\"summary_large_image\" \/>\n<meta name=\"twitter:label1\" content=\"Gesch\u00e4tzte Lesezeit\" \/>\n\t<meta name=\"twitter:data1\" content=\"1\u00a0Minute\" \/>\n<script type=\"application\/ld+json\" class=\"yoast-schema-graph\">{\"@context\":\"https:\\\/\\\/schema.org\",\"@graph\":[{\"@type\":\"WebPage\",\"@id\":\"https:\\\/\\\/sysmatec.ch\\\/de\\\/produit\\\/digitale-analytische-spritze-evol\\\/\",\"url\":\"https:\\\/\\\/sysmatec.ch\\\/de\\\/produit\\\/digitale-analytische-spritze-evol\\\/\",\"name\":\"Digitale analytische Spritze eVol - Sysmatec\",\"isPartOf\":{\"@id\":\"https:\\\/\\\/sysmatec.ch\\\/de\\\/#website\"},\"primaryImageOfPage\":{\"@id\":\"https:\\\/\\\/sysmatec.ch\\\/de\\\/produit\\\/digitale-analytische-spritze-evol\\\/#primaryimage\"},\"image\":{\"@id\":\"https:\\\/\\\/sysmatec.ch\\\/de\\\/produit\\\/digitale-analytische-spritze-evol\\\/#primaryimage\"},\"thumbnailUrl\":\"https:\\\/\\\/sysmatec.ch\\\/wp-content\\\/uploads\\\/2019\\\/01\\\/Pipette_SGEEvol.jpg\",\"datePublished\":\"2019-01-13T19:59:26+00:00\",\"dateModified\":\"2022-03-08T19:35:50+00:00\",\"description\":\"Motorisierte analytische Spritze. Es ist programmierbar und f\u00fcr fl\u00fcchtige Produkte geeignet. Spritzenvolumen von 5 bis 1000 \u00b5L.\",\"breadcrumb\":{\"@id\":\"https:\\\/\\\/sysmatec.ch\\\/de\\\/produit\\\/digitale-analytische-spritze-evol\\\/#breadcrumb\"},\"inLanguage\":\"de\",\"potentialAction\":[{\"@type\":\"ReadAction\",\"target\":[\"https:\\\/\\\/sysmatec.ch\\\/de\\\/produit\\\/digitale-analytische-spritze-evol\\\/\"]}]},{\"@type\":\"ImageObject\",\"inLanguage\":\"de\",\"@id\":\"https:\\\/\\\/sysmatec.ch\\\/de\\\/produit\\\/digitale-analytische-spritze-evol\\\/#primaryimage\",\"url\":\"https:\\\/\\\/sysmatec.ch\\\/wp-content\\\/uploads\\\/2019\\\/01\\\/Pipette_SGEEvol.jpg\",\"contentUrl\":\"https:\\\/\\\/sysmatec.ch\\\/wp-content\\\/uploads\\\/2019\\\/01\\\/Pipette_SGEEvol.jpg\",\"width\":177,\"height\":242},{\"@type\":\"BreadcrumbList\",\"@id\":\"https:\\\/\\\/sysmatec.ch\\\/de\\\/produit\\\/digitale-analytische-spritze-evol\\\/#breadcrumb\",\"itemListElement\":[{\"@type\":\"ListItem\",\"position\":1,\"name\":\"Accueil\",\"item\":\"https:\\\/\\\/sysmatec.ch\\\/de\\\/\"},{\"@type\":\"ListItem\",\"position\":2,\"name\":\"Die Aktivit\u00e4t von Sysmatec\",\"item\":\"https:\\\/\\\/sysmatec.ch\\\/de\\\/\"},{\"@type\":\"ListItem\",\"position\":3,\"name\":\"Digitale analytische Spritze eVol\"}]},{\"@type\":\"WebSite\",\"@id\":\"https:\\\/\\\/sysmatec.ch\\\/de\\\/#website\",\"url\":\"https:\\\/\\\/sysmatec.ch\\\/de\\\/\",\"name\":\"Sysmatec\",\"description\":\"Equipement de laboratoire et logiciels\",\"publisher\":{\"@id\":\"https:\\\/\\\/sysmatec.ch\\\/de\\\/#organization\"},\"potentialAction\":[{\"@type\":\"SearchAction\",\"target\":{\"@type\":\"EntryPoint\",\"urlTemplate\":\"https:\\\/\\\/sysmatec.ch\\\/de\\\/?s={search_term_string}\"},\"query-input\":{\"@type\":\"PropertyValueSpecification\",\"valueRequired\":true,\"valueName\":\"search_term_string\"}}],\"inLanguage\":\"de\"},{\"@type\":\"Organization\",\"@id\":\"https:\\\/\\\/sysmatec.ch\\\/de\\\/#organization\",\"name\":\"Sysmatec\",\"url\":\"https:\\\/\\\/sysmatec.ch\\\/de\\\/\",\"logo\":{\"@type\":\"ImageObject\",\"inLanguage\":\"de\",\"@id\":\"https:\\\/\\\/sysmatec.ch\\\/de\\\/#\\\/schema\\\/logo\\\/image\\\/\",\"url\":\"https:\\\/\\\/sysmatec.ch\\\/wp-content\\\/uploads\\\/2018\\\/11\\\/LogoSysmatec.jpg\",\"contentUrl\":\"https:\\\/\\\/sysmatec.ch\\\/wp-content\\\/uploads\\\/2018\\\/11\\\/LogoSysmatec.jpg\",\"width\":301,\"height\":297,\"caption\":\"Sysmatec\"},\"image\":{\"@id\":\"https:\\\/\\\/sysmatec.ch\\\/de\\\/#\\\/schema\\\/logo\\\/image\\\/\"}}]}<\/script>\n<!-- \/ Yoast SEO plugin. -->","yoast_head_json":{"title":"Digitale analytische Spritze eVol - Sysmatec","description":"Motorisierte analytische Spritze. Es ist programmierbar und f\u00fcr fl\u00fcchtige Produkte geeignet. Spritzenvolumen von 5 bis 1000 \u00b5L.","robots":{"index":"index","follow":"follow","max-snippet":"max-snippet:-1","max-image-preview":"max-image-preview:large","max-video-preview":"max-video-preview:-1"},"canonical":"https:\/\/sysmatec.ch\/de\/produit\/digitale-analytische-spritze-evol\/","og_locale":"de_DE","og_type":"article","og_title":"Digitale analytische Spritze eVol - Sysmatec","og_description":"Motorisierte analytische Spritze. Es ist programmierbar und f\u00fcr fl\u00fcchtige Produkte geeignet. Spritzenvolumen von 5 bis 1000 \u00b5L.","og_url":"https:\/\/sysmatec.ch\/de\/produit\/digitale-analytische-spritze-evol\/","og_site_name":"Sysmatec","article_modified_time":"2022-03-08T19:35:50+00:00","og_image":[{"width":177,"height":242,"url":"https:\/\/sysmatec.ch\/wp-content\/uploads\/2019\/01\/Pipette_SGEEvol.jpg","type":"image\/jpeg"}],"twitter_card":"summary_large_image","twitter_misc":{"Gesch\u00e4tzte Lesezeit":"1\u00a0Minute"},"schema":{"@context":"https:\/\/schema.org","@graph":[{"@type":"WebPage","@id":"https:\/\/sysmatec.ch\/de\/produit\/digitale-analytische-spritze-evol\/","url":"https:\/\/sysmatec.ch\/de\/produit\/digitale-analytische-spritze-evol\/","name":"Digitale analytische Spritze eVol - Sysmatec","isPartOf":{"@id":"https:\/\/sysmatec.ch\/de\/#website"},"primaryImageOfPage":{"@id":"https:\/\/sysmatec.ch\/de\/produit\/digitale-analytische-spritze-evol\/#primaryimage"},"image":{"@id":"https:\/\/sysmatec.ch\/de\/produit\/digitale-analytische-spritze-evol\/#primaryimage"},"thumbnailUrl":"https:\/\/sysmatec.ch\/wp-content\/uploads\/2019\/01\/Pipette_SGEEvol.jpg","datePublished":"2019-01-13T19:59:26+00:00","dateModified":"2022-03-08T19:35:50+00:00","description":"Motorisierte analytische Spritze. Es ist programmierbar und f\u00fcr fl\u00fcchtige Produkte geeignet. Spritzenvolumen von 5 bis 1000 \u00b5L.","breadcrumb":{"@id":"https:\/\/sysmatec.ch\/de\/produit\/digitale-analytische-spritze-evol\/#breadcrumb"},"inLanguage":"de","potentialAction":[{"@type":"ReadAction","target":["https:\/\/sysmatec.ch\/de\/produit\/digitale-analytische-spritze-evol\/"]}]},{"@type":"ImageObject","inLanguage":"de","@id":"https:\/\/sysmatec.ch\/de\/produit\/digitale-analytische-spritze-evol\/#primaryimage","url":"https:\/\/sysmatec.ch\/wp-content\/uploads\/2019\/01\/Pipette_SGEEvol.jpg","contentUrl":"https:\/\/sysmatec.ch\/wp-content\/uploads\/2019\/01\/Pipette_SGEEvol.jpg","width":177,"height":242},{"@type":"BreadcrumbList","@id":"https:\/\/sysmatec.ch\/de\/produit\/digitale-analytische-spritze-evol\/#breadcrumb","itemListElement":[{"@type":"ListItem","position":1,"name":"Accueil","item":"https:\/\/sysmatec.ch\/de\/"},{"@type":"ListItem","position":2,"name":"Die Aktivit\u00e4t von Sysmatec","item":"https:\/\/sysmatec.ch\/de\/"},{"@type":"ListItem","position":3,"name":"Digitale analytische Spritze eVol"}]},{"@type":"WebSite","@id":"https:\/\/sysmatec.ch\/de\/#website","url":"https:\/\/sysmatec.ch\/de\/","name":"Sysmatec","description":"Equipement de laboratoire et logiciels","publisher":{"@id":"https:\/\/sysmatec.ch\/de\/#organization"},"potentialAction":[{"@type":"SearchAction","target":{"@type":"EntryPoint","urlTemplate":"https:\/\/sysmatec.ch\/de\/?s={search_term_string}"},"query-input":{"@type":"PropertyValueSpecification","valueRequired":true,"valueName":"search_term_string"}}],"inLanguage":"de"},{"@type":"Organization","@id":"https:\/\/sysmatec.ch\/de\/#organization","name":"Sysmatec","url":"https:\/\/sysmatec.ch\/de\/","logo":{"@type":"ImageObject","inLanguage":"de","@id":"https:\/\/sysmatec.ch\/de\/#\/schema\/logo\/image\/","url":"https:\/\/sysmatec.ch\/wp-content\/uploads\/2018\/11\/LogoSysmatec.jpg","contentUrl":"https:\/\/sysmatec.ch\/wp-content\/uploads\/2018\/11\/LogoSysmatec.jpg","width":301,"height":297,"caption":"Sysmatec"},"image":{"@id":"https:\/\/sysmatec.ch\/de\/#\/schema\/logo\/image\/"}}]}},"_links":{"self":[{"href":"https:\/\/sysmatec.ch\/de\/wp-json\/wp\/v2\/product\/2170","targetHints":{"allow":["GET"]}}],"collection":[{"href":"https:\/\/sysmatec.ch\/de\/wp-json\/wp\/v2\/product"}],"about":[{"href":"https:\/\/sysmatec.ch\/de\/wp-json\/wp\/v2\/types\/product"}],"wp:featuredmedia":[{"embeddable":true,"href":"https:\/\/sysmatec.ch\/de\/wp-json\/wp\/v2\/media\/1305"}],"wp:attachment":[{"href":"https:\/\/sysmatec.ch\/de\/wp-json\/wp\/v2\/media?parent=2170"}],"wp:term":[{"taxonomy":"product_brand","embeddable":true,"href":"https:\/\/sysmatec.ch\/de\/wp-json\/wp\/v2\/product_brand?post=2170"},{"taxonomy":"product_cat","embeddable":true,"href":"https:\/\/sysmatec.ch\/de\/wp-json\/wp\/v2\/product_cat?post=2170"},{"taxonomy":"product_tag","embeddable":true,"href":"https:\/\/sysmatec.ch\/de\/wp-json\/wp\/v2\/product_tag?post=2170"}],"curies":[{"name":"wp","href":"https:\/\/api.w.org\/{rel}","templated":true}]}}