{"id":21659,"date":"2021-01-03T16:39:19","date_gmt":"2021-01-03T15:39:19","guid":{"rendered":"https:\/\/sysmatec.ch\/?post_type=product&#038;p=21659"},"modified":"2021-12-04T10:22:19","modified_gmt":"2021-12-04T09:22:19","slug":"covid-19-sars-cov-2-antigen-nasopharyngeal-schnelltest","status":"publish","type":"product","link":"https:\/\/sysmatec.ch\/de\/Produkt\/covid-19-sars-cov-2-antigen-nasopharyngeal-schnelltest\/","title":{"rendered":"Covid 19 (SARS-CoV-2) Antigen Nasopharyngeal Schnelltest"},"content":{"rendered":"<p>Der Covid 19 (SARS-CoV-2) -Antigen-Schnelltest (Nasopharyngealabstrich) ist ein schneller chromatographischer Immunoassay zum qualitativen Nachweis von SARS-CoV-2-Antigenen in Nasopharyngealabstrichproben von Personen mit Verdacht auf SARS-CoV-2.<\/p>\n<p>Ein Antigen ist im Allgemeinen in Proben der oberen Atemwege w\u00e4hrend der akuten Phase der Covid 19 Infektion nachweisbar. Positive Ergebnisse weisen auf das Vorhandensein viraler Antigene hin, aber eine klinische Korrelation mit der Anamnese und anderen diagnostischen Informationen ist erforderlich, um den Infektionsstatus zu bestimmen. Positive Ergebnisse schlie\u00dfen eine bakterielle Infektion oder eine Koinfektion mit anderen Viren nicht aus.<\/p>\n<h2>Covid 19 Antigen Test Prinzip<\/h2>\n<p>Der SARS-CoV-2-Antik\u00f6rper ist in der Testlinienregion beschichtet. W\u00e4hrend des Tests reagiert die Probe im Test mit SARS-CoV-2-Antik\u00f6rper-beschichteten Partikeln. Das Gemisch wandert dann durch Kapillarwirkung auf der Membran nach oben und reagiert mit dem SARS-CoV-2-Antik\u00f6rper im Testlinienbereich. Wenn die Probe SARS-CoV-2-Antigene enth\u00e4lt, erscheint dadurch eine farbige Linie im Testlinienbereich. Wenn die Probe enth\u00e4lt keine Antigene gegen SARS-CoV-2, es erscheint keine farbige Linie in der Testlinienregion, was auf ein negatives Ergebnis hinweist. Um als prozedurale Kontrolle zu dienen, erscheint immer eine farbige Linie im Kontrolllinienbereich, die anzeigt, dass das richtige Probenvolumen hinzugef\u00fcgt wurde und ein Docht der Membran aufgetreten ist.<\/p>\n<h2>Antigen Test Vergleich mit einem kommerziellen Referenz-PCR-Test<\/h2>\n<p>(an 204 Proben)<\/p>\n<table width=\"490\">\n<tbody>\n<tr>\n<td width=\"170\">Methode<\/td>\n<td width=\"80\"><\/td>\n<td colspan=\"2\" width=\"160\">PCR<\/td>\n<td width=\"80\"><span style=\"display: inline !important; float: none; background-color: #ffffff; color: #333333; cursor: text; font-family: 'Source Sans Pro','HelveticaNeue-Light','Helvetica Neue Light','Helvetica Neue',Helvetica,Arial,'Lucida Grande',sans-serif; font-size: 16px; font-style: normal; font-variant: normal; font-weight: 400; letter-spacing: normal; orphans: 2; text-align: left; text-decoration: none; text-indent: 0px; text-transform: none; -webkit-text-stroke-width: 0px; white-space: normal; word-spacing: 0px;\">Total<\/span><\/td>\n<\/tr>\n<tr>\n<td><\/td>\n<td><\/td>\n<td>Positiv<\/td>\n<td>Negativ<\/td>\n<td><\/td>\n<\/tr>\n<tr>\n<td>COVID-19 IgG\/IgM<\/td>\n<td>Positiv<\/td>\n<td>80<\/td>\n<td>1<\/td>\n<td>81<\/td>\n<\/tr>\n<tr>\n<td><span style=\"display: inline !important; float: none; background-color: #ffffff; color: #333333; cursor: text; font-family: 'Source Sans Pro','HelveticaNeue-Light','Helvetica Neue Light','Helvetica Neue',Helvetica,Arial,'Lucida Grande',sans-serif; font-size: 16px; font-style: normal; font-variant: normal; font-weight: 400; letter-spacing: normal; orphans: 2; text-align: left; text-decoration: none; text-indent: 0px; text-transform: none; -webkit-text-stroke-width: 0px; white-space: normal; word-spacing: 0px;\">Schnellstest<\/span><\/td>\n<td>Negativ<\/td>\n<td>3<\/td>\n<td>120<\/td>\n<td>123<\/td>\n<\/tr>\n<tr>\n<td>Total<\/td>\n<td><\/td>\n<td>83<\/td>\n<td>121<\/td>\n<td>204<\/td>\n<\/tr>\n<\/tbody>\n<\/table>\n<h2>Covid 19 Antigen M<span class=\"JLqJ4b ChMk0b\" data-language-for-alternatives=\"de\" data-language-to-translate-into=\"en\" data-phrase-index=\"0\">aterialen<\/span><\/h2>\n<p><span class=\"JLqJ4b ChMk0b\" data-language-for-alternatives=\"de\" data-language-to-translate-into=\"en\" data-phrase-index=\"2\">Mitgelieferte Materialien im Selbsttest: 20 Testkassetten, 20 sterile Tupfer, 20 Extraktionspuffer, 20 Extraktionsr\u00f6hrchen und -spitzen, Workstation, Verfahrenskarte<\/span> <span class=\"JLqJ4b ChMk0b\" data-language-for-alternatives=\"de\" data-language-to-translate-into=\"en\" data-phrase-index=\"4\">Erforderliche,<\/span><\/p>\n<p><span class=\"JLqJ4b ChMk0b\" data-language-for-alternatives=\"de\" data-language-to-translate-into=\"en\" data-phrase-index=\"4\">Nicht mitgelieferte Materialien: Timer<\/span><\/p>\n<p><span class=\"JLqJ4b ChMk0b\" data-language-for-alternatives=\"fr\" data-language-to-translate-into=\"en\" data-phrase-index=\"6\">Ref. C61RT1037,\u00a0 20 Test<\/span><\/p>\n<p>&nbsp;<\/p>\n","protected":false},"excerpt":{"rendered":"<p><span class=\"JLqJ4b ChMk0b\" data-language-for-alternatives=\"de\" data-language-to-translate-into=\"en\" data-phrase-index=\"0\">Der Covid 19 (SARS-CoV-2) -Antigen-Schnelltest ist ein schneller chromatographischer Immunoassay zum qualitativen Nachweis von SARS-CoV-2-Antigenen<\/span> <span class=\"JLqJ4b ChMk0b\" data-language-for-alternatives=\"de\" data-language-to-translate-into=\"en\" data-phrase-index=\"2\">im menschlichen Nasopharynx vorhanden. Selbsttest.<\/span><\/p>\n","protected":false},"featured_media":21664,"template":"","meta":{"_crdt_document":""},"product_brand":[],"product_cat":[418],"product_tag":[],"class_list":{"0":"post-21659","1":"product","2":"type-product","3":"status-publish","4":"has-post-thumbnail","6":"product_cat-covid19-de","8":"first","9":"instock","10":"taxable","11":"shipping-taxable","12":"purchasable","13":"product-type-simple"},"yoast_head":"<!-- This site is optimized with the Yoast SEO plugin v27.3 - https:\/\/yoast.com\/product\/yoast-seo-wordpress\/ -->\n<title>Covid 19 (SARS-CoV-2) Antigen Nasopharyngeal Schnelltest - Sysmatec<\/title>\n<meta name=\"description\" content=\"Covid 19 Schnelltest, Coronavirus (SARS-CoV-2) -Antigen-Schnelltest, chromatographischer Immunoassay, qualitativen Nachweis von SARS-CoV-2, Selbsttest\" \/>\n<meta name=\"robots\" content=\"index, follow, max-snippet:-1, max-image-preview:large, max-video-preview:-1\" \/>\n<link rel=\"canonical\" href=\"https:\/\/sysmatec.ch\/de\/produit\/covid-19-sars-cov-2-antigen-nasopharyngeal-schnelltest\/\" \/>\n<meta property=\"og:locale\" content=\"de_DE\" \/>\n<meta property=\"og:type\" content=\"article\" \/>\n<meta property=\"og:title\" content=\"Covid 19 (SARS-CoV-2) Antigen Nasopharyngeal Schnelltest - Sysmatec\" \/>\n<meta property=\"og:description\" content=\"Covid 19 Schnelltest, Coronavirus (SARS-CoV-2) -Antigen-Schnelltest, chromatographischer Immunoassay, qualitativen Nachweis von SARS-CoV-2, Selbsttest\" \/>\n<meta property=\"og:url\" content=\"https:\/\/sysmatec.ch\/de\/produit\/covid-19-sars-cov-2-antigen-nasopharyngeal-schnelltest\/\" \/>\n<meta property=\"og:site_name\" content=\"Sysmatec\" \/>\n<meta property=\"article:modified_time\" content=\"2021-12-04T09:22:19+00:00\" \/>\n<meta property=\"og:image\" content=\"https:\/\/sysmatec.ch\/wp-content\/uploads\/2021\/01\/TodyRapidCovid19.jpg\" \/>\n\t<meta property=\"og:image:width\" content=\"1000\" \/>\n\t<meta property=\"og:image:height\" content=\"750\" \/>\n\t<meta property=\"og:image:type\" content=\"image\/jpeg\" \/>\n<meta name=\"twitter:card\" content=\"summary_large_image\" \/>\n<meta name=\"twitter:label1\" content=\"Gesch\u00e4tzte Lesezeit\" \/>\n\t<meta name=\"twitter:data1\" content=\"2\u00a0Minuten\" \/>\n<script type=\"application\/ld+json\" class=\"yoast-schema-graph\">{\"@context\":\"https:\\\/\\\/schema.org\",\"@graph\":[{\"@type\":\"WebPage\",\"@id\":\"https:\\\/\\\/sysmatec.ch\\\/de\\\/produit\\\/covid-19-sars-cov-2-antigen-nasopharyngeal-schnelltest\\\/\",\"url\":\"https:\\\/\\\/sysmatec.ch\\\/de\\\/produit\\\/covid-19-sars-cov-2-antigen-nasopharyngeal-schnelltest\\\/\",\"name\":\"Covid 19 (SARS-CoV-2) Antigen Nasopharyngeal Schnelltest - Sysmatec\",\"isPartOf\":{\"@id\":\"https:\\\/\\\/sysmatec.ch\\\/de\\\/#website\"},\"primaryImageOfPage\":{\"@id\":\"https:\\\/\\\/sysmatec.ch\\\/de\\\/produit\\\/covid-19-sars-cov-2-antigen-nasopharyngeal-schnelltest\\\/#primaryimage\"},\"image\":{\"@id\":\"https:\\\/\\\/sysmatec.ch\\\/de\\\/produit\\\/covid-19-sars-cov-2-antigen-nasopharyngeal-schnelltest\\\/#primaryimage\"},\"thumbnailUrl\":\"https:\\\/\\\/sysmatec.ch\\\/wp-content\\\/uploads\\\/2021\\\/01\\\/TodyRapidCovid19.jpg\",\"datePublished\":\"2021-01-03T15:39:19+00:00\",\"dateModified\":\"2021-12-04T09:22:19+00:00\",\"description\":\"Covid 19 Schnelltest, Coronavirus (SARS-CoV-2) -Antigen-Schnelltest, chromatographischer Immunoassay, qualitativen Nachweis von SARS-CoV-2, Selbsttest\",\"breadcrumb\":{\"@id\":\"https:\\\/\\\/sysmatec.ch\\\/de\\\/produit\\\/covid-19-sars-cov-2-antigen-nasopharyngeal-schnelltest\\\/#breadcrumb\"},\"inLanguage\":\"de\",\"potentialAction\":[{\"@type\":\"ReadAction\",\"target\":[\"https:\\\/\\\/sysmatec.ch\\\/de\\\/produit\\\/covid-19-sars-cov-2-antigen-nasopharyngeal-schnelltest\\\/\"]}]},{\"@type\":\"ImageObject\",\"inLanguage\":\"de\",\"@id\":\"https:\\\/\\\/sysmatec.ch\\\/de\\\/produit\\\/covid-19-sars-cov-2-antigen-nasopharyngeal-schnelltest\\\/#primaryimage\",\"url\":\"https:\\\/\\\/sysmatec.ch\\\/wp-content\\\/uploads\\\/2021\\\/01\\\/TodyRapidCovid19.jpg\",\"contentUrl\":\"https:\\\/\\\/sysmatec.ch\\\/wp-content\\\/uploads\\\/2021\\\/01\\\/TodyRapidCovid19.jpg\",\"width\":1000,\"height\":750},{\"@type\":\"BreadcrumbList\",\"@id\":\"https:\\\/\\\/sysmatec.ch\\\/de\\\/produit\\\/covid-19-sars-cov-2-antigen-nasopharyngeal-schnelltest\\\/#breadcrumb\",\"itemListElement\":[{\"@type\":\"ListItem\",\"position\":1,\"name\":\"Accueil\",\"item\":\"https:\\\/\\\/sysmatec.ch\\\/de\\\/\"},{\"@type\":\"ListItem\",\"position\":2,\"name\":\"Die Aktivit\u00e4t von Sysmatec\",\"item\":\"https:\\\/\\\/sysmatec.ch\\\/de\\\/\"},{\"@type\":\"ListItem\",\"position\":3,\"name\":\"Covid 19 (SARS-CoV-2) Antigen Nasopharyngeal Schnelltest\"}]},{\"@type\":\"WebSite\",\"@id\":\"https:\\\/\\\/sysmatec.ch\\\/de\\\/#website\",\"url\":\"https:\\\/\\\/sysmatec.ch\\\/de\\\/\",\"name\":\"Sysmatec\",\"description\":\"Equipement de laboratoire et logiciels\",\"publisher\":{\"@id\":\"https:\\\/\\\/sysmatec.ch\\\/de\\\/#organization\"},\"potentialAction\":[{\"@type\":\"SearchAction\",\"target\":{\"@type\":\"EntryPoint\",\"urlTemplate\":\"https:\\\/\\\/sysmatec.ch\\\/de\\\/?s={search_term_string}\"},\"query-input\":{\"@type\":\"PropertyValueSpecification\",\"valueRequired\":true,\"valueName\":\"search_term_string\"}}],\"inLanguage\":\"de\"},{\"@type\":\"Organization\",\"@id\":\"https:\\\/\\\/sysmatec.ch\\\/de\\\/#organization\",\"name\":\"Sysmatec\",\"url\":\"https:\\\/\\\/sysmatec.ch\\\/de\\\/\",\"logo\":{\"@type\":\"ImageObject\",\"inLanguage\":\"de\",\"@id\":\"https:\\\/\\\/sysmatec.ch\\\/de\\\/#\\\/schema\\\/logo\\\/image\\\/\",\"url\":\"https:\\\/\\\/sysmatec.ch\\\/wp-content\\\/uploads\\\/2018\\\/11\\\/LogoSysmatec.jpg\",\"contentUrl\":\"https:\\\/\\\/sysmatec.ch\\\/wp-content\\\/uploads\\\/2018\\\/11\\\/LogoSysmatec.jpg\",\"width\":301,\"height\":297,\"caption\":\"Sysmatec\"},\"image\":{\"@id\":\"https:\\\/\\\/sysmatec.ch\\\/de\\\/#\\\/schema\\\/logo\\\/image\\\/\"}}]}<\/script>\n<!-- \/ Yoast SEO plugin. -->","yoast_head_json":{"title":"Covid 19 (SARS-CoV-2) Antigen Nasopharyngeal Schnelltest - Sysmatec","description":"Covid 19 Schnelltest, Coronavirus (SARS-CoV-2) -Antigen-Schnelltest, chromatographischer Immunoassay, qualitativen Nachweis von SARS-CoV-2, Selbsttest","robots":{"index":"index","follow":"follow","max-snippet":"max-snippet:-1","max-image-preview":"max-image-preview:large","max-video-preview":"max-video-preview:-1"},"canonical":"https:\/\/sysmatec.ch\/de\/produit\/covid-19-sars-cov-2-antigen-nasopharyngeal-schnelltest\/","og_locale":"de_DE","og_type":"article","og_title":"Covid 19 (SARS-CoV-2) Antigen Nasopharyngeal Schnelltest - Sysmatec","og_description":"Covid 19 Schnelltest, Coronavirus (SARS-CoV-2) -Antigen-Schnelltest, chromatographischer Immunoassay, qualitativen Nachweis von SARS-CoV-2, Selbsttest","og_url":"https:\/\/sysmatec.ch\/de\/produit\/covid-19-sars-cov-2-antigen-nasopharyngeal-schnelltest\/","og_site_name":"Sysmatec","article_modified_time":"2021-12-04T09:22:19+00:00","og_image":[{"width":1000,"height":750,"url":"https:\/\/sysmatec.ch\/wp-content\/uploads\/2021\/01\/TodyRapidCovid19.jpg","type":"image\/jpeg"}],"twitter_card":"summary_large_image","twitter_misc":{"Gesch\u00e4tzte Lesezeit":"2\u00a0Minuten"},"schema":{"@context":"https:\/\/schema.org","@graph":[{"@type":"WebPage","@id":"https:\/\/sysmatec.ch\/de\/produit\/covid-19-sars-cov-2-antigen-nasopharyngeal-schnelltest\/","url":"https:\/\/sysmatec.ch\/de\/produit\/covid-19-sars-cov-2-antigen-nasopharyngeal-schnelltest\/","name":"Covid 19 (SARS-CoV-2) Antigen Nasopharyngeal Schnelltest - Sysmatec","isPartOf":{"@id":"https:\/\/sysmatec.ch\/de\/#website"},"primaryImageOfPage":{"@id":"https:\/\/sysmatec.ch\/de\/produit\/covid-19-sars-cov-2-antigen-nasopharyngeal-schnelltest\/#primaryimage"},"image":{"@id":"https:\/\/sysmatec.ch\/de\/produit\/covid-19-sars-cov-2-antigen-nasopharyngeal-schnelltest\/#primaryimage"},"thumbnailUrl":"https:\/\/sysmatec.ch\/wp-content\/uploads\/2021\/01\/TodyRapidCovid19.jpg","datePublished":"2021-01-03T15:39:19+00:00","dateModified":"2021-12-04T09:22:19+00:00","description":"Covid 19 Schnelltest, Coronavirus (SARS-CoV-2) -Antigen-Schnelltest, chromatographischer Immunoassay, qualitativen Nachweis von SARS-CoV-2, Selbsttest","breadcrumb":{"@id":"https:\/\/sysmatec.ch\/de\/produit\/covid-19-sars-cov-2-antigen-nasopharyngeal-schnelltest\/#breadcrumb"},"inLanguage":"de","potentialAction":[{"@type":"ReadAction","target":["https:\/\/sysmatec.ch\/de\/produit\/covid-19-sars-cov-2-antigen-nasopharyngeal-schnelltest\/"]}]},{"@type":"ImageObject","inLanguage":"de","@id":"https:\/\/sysmatec.ch\/de\/produit\/covid-19-sars-cov-2-antigen-nasopharyngeal-schnelltest\/#primaryimage","url":"https:\/\/sysmatec.ch\/wp-content\/uploads\/2021\/01\/TodyRapidCovid19.jpg","contentUrl":"https:\/\/sysmatec.ch\/wp-content\/uploads\/2021\/01\/TodyRapidCovid19.jpg","width":1000,"height":750},{"@type":"BreadcrumbList","@id":"https:\/\/sysmatec.ch\/de\/produit\/covid-19-sars-cov-2-antigen-nasopharyngeal-schnelltest\/#breadcrumb","itemListElement":[{"@type":"ListItem","position":1,"name":"Accueil","item":"https:\/\/sysmatec.ch\/de\/"},{"@type":"ListItem","position":2,"name":"Die Aktivit\u00e4t von Sysmatec","item":"https:\/\/sysmatec.ch\/de\/"},{"@type":"ListItem","position":3,"name":"Covid 19 (SARS-CoV-2) Antigen Nasopharyngeal Schnelltest"}]},{"@type":"WebSite","@id":"https:\/\/sysmatec.ch\/de\/#website","url":"https:\/\/sysmatec.ch\/de\/","name":"Sysmatec","description":"Equipement de laboratoire et logiciels","publisher":{"@id":"https:\/\/sysmatec.ch\/de\/#organization"},"potentialAction":[{"@type":"SearchAction","target":{"@type":"EntryPoint","urlTemplate":"https:\/\/sysmatec.ch\/de\/?s={search_term_string}"},"query-input":{"@type":"PropertyValueSpecification","valueRequired":true,"valueName":"search_term_string"}}],"inLanguage":"de"},{"@type":"Organization","@id":"https:\/\/sysmatec.ch\/de\/#organization","name":"Sysmatec","url":"https:\/\/sysmatec.ch\/de\/","logo":{"@type":"ImageObject","inLanguage":"de","@id":"https:\/\/sysmatec.ch\/de\/#\/schema\/logo\/image\/","url":"https:\/\/sysmatec.ch\/wp-content\/uploads\/2018\/11\/LogoSysmatec.jpg","contentUrl":"https:\/\/sysmatec.ch\/wp-content\/uploads\/2018\/11\/LogoSysmatec.jpg","width":301,"height":297,"caption":"Sysmatec"},"image":{"@id":"https:\/\/sysmatec.ch\/de\/#\/schema\/logo\/image\/"}}]}},"_links":{"self":[{"href":"https:\/\/sysmatec.ch\/de\/wp-json\/wp\/v2\/product\/21659","targetHints":{"allow":["GET"]}}],"collection":[{"href":"https:\/\/sysmatec.ch\/de\/wp-json\/wp\/v2\/product"}],"about":[{"href":"https:\/\/sysmatec.ch\/de\/wp-json\/wp\/v2\/types\/product"}],"wp:featuredmedia":[{"embeddable":true,"href":"https:\/\/sysmatec.ch\/de\/wp-json\/wp\/v2\/media\/21664"}],"wp:attachment":[{"href":"https:\/\/sysmatec.ch\/de\/wp-json\/wp\/v2\/media?parent=21659"}],"wp:term":[{"taxonomy":"product_brand","embeddable":true,"href":"https:\/\/sysmatec.ch\/de\/wp-json\/wp\/v2\/product_brand?post=21659"},{"taxonomy":"product_cat","embeddable":true,"href":"https:\/\/sysmatec.ch\/de\/wp-json\/wp\/v2\/product_cat?post=21659"},{"taxonomy":"product_tag","embeddable":true,"href":"https:\/\/sysmatec.ch\/de\/wp-json\/wp\/v2\/product_tag?post=21659"}],"curies":[{"name":"wp","href":"https:\/\/api.w.org\/{rel}","templated":true}]}}