{"id":21637,"date":"2021-01-01T18:44:25","date_gmt":"2021-01-01T17:44:25","guid":{"rendered":"https:\/\/sysmatec.ch\/?post_type=product&#038;p=21637"},"modified":"2022-05-15T20:40:07","modified_gmt":"2022-05-15T18:40:07","slug":"transport-datenlogger-fur-schock-und-klima-msr175plus-mit-gps-tracking","status":"publish","type":"product","link":"https:\/\/sysmatec.ch\/de\/Produkt\/transport-datenlogger-fur-schock-und-klima-msr175plus-mit-gps-tracking\/","title":{"rendered":"Transport-Datenlogger f\u00fcr Schock und Klima, MSR175plus mit GPS-Tracking"},"content":{"rendered":"<h2>Wichtige Transportdaten aufzeichnen\u00a0\u2013 \u00fcber Monate hinweg<\/h2>\n<p>Der Speicher des MSR175plus-Datenloggers von 2 Millionen Messwerten reicht, um tage- bzw. monatelang Daten aufzuzeichnen; \u00fcber 1\u2018000 Schock- oder Stoss-Ereignisse k\u00f6nnen registriert werden. Die beiden Beschleunigungssensoren erfassen Schocks in den Messbereichen von \u00b115 g und \u00b1200 mit einer Messrate von bis zu 6400 mal pro Sekunde. Zus\u00e4tzlich misst und speichert der robuste Mini-Datenlogger Temperaturverl\u00e4ufe, Luftfeuchtigkeit, Luftdruck und Licht. Der via USB aufladbare 2400 mAh-Lithium-Polymer-Akku sorgt \u2013 selbst mit aktiviertem GPS-Tracking \u2013 f\u00fcr eine lange Laufzeit des Loggers.<\/p>\n<h2>Mittels GPS-Tracking kritische Transportereignisse lokalisieren<\/h2>\n<p>Wo und wann genau fand w\u00e4hrend des Transports oder der Lagerung ein Ereignis statt, das ausserhalb der voreingestellten Toleranzgrenze liegt? Damit Sie diese Frage rasch und beweiskr\u00e4ftig beantworten k\u00f6nnen, ist der MSR175plus mit einem GPS\/GNSS (Global Navigation Satellite System)-Empf\u00e4nger ausgestattet. Die satellitengest\u00fctzten Positionsdaten werden vom Datenlogger gespeichert und so l\u00e4sst sich im Schadenfall der Standort eines Transportguts rasch ermitteln und dokumentieren.<\/p>\n<h2>GPS Datenlogger technische Daten (Ref. 175B56T6H3P5AA5L2G)<\/h2>\n<ul>\n<li>Ideal zum Messen von St\u00f6\u00dfen, Beschleunigungen und Vibrationen<\/li>\n<li>Abmessung und Gewicht: PC-Geh\u00e4use, IP67, 47 x 16 x 54 mm (T x H x B), ca. 28 g<\/li>\n<li>Medien: Luft, verschiedene Fl\u00fcssigkeiten<\/li>\n<li>Speicherkapazit\u00e4t: mehr als 4 Millionen Messungen, gen\u00fcgend f\u00fcr ca 1000 St\u00f6ssen zu speichern<\/li>\n<li>GNSS-Positionsdaten: GPS (optional: GLONASS, Galileo, Beidou)<\/li>\n<li>Taste: Messung \/ Statusanzeige starten<\/li>\n<li>3-Achsen-Beschleunigungsmesser: 2 interne 3-Achsen-Beschleunigungsmesser Messbereich: \u00b1 15 g und \u00b1 100 g (-20 bis + 65 \u00b0 C), der Sensor arbeitet bis zu 200 g, die beide Sensoren messen in parallel<\/li>\n<li>Genauigkeit: 15 g Sensor: \u00b1 0,15 g (+25 \u00b0 C); 100 g Sensor: bis zu 15 g \u00b1 2 g, bis zu 100 g \u00b1 5 g (bei +25 \u00b0 C)<\/li>\n<li>Mess- \/ Aufzeichnungsrate: bis zu 6400 \/ s (\u00b1 15%) f\u00fcr den +\/-200 g Beschleunigungssensor, bis 1600 \/ s f\u00fcr den +\/- 15 g Sensor<\/li>\n<li>Versorgungsspannung: 2400 mAh LiPo-Akku, \u00fcber USB-Anschluss wiederaufladbar, Aufnahmezeit bis zu 8 Monate mit GPS-Funktion, bis zu 2 Jahre ohne GPS-Funktion<\/li>\n<li>PC-Software: Kostenlose MSR ShockViewer Basic-Version oder MSR ShockViewer Pro kostenpflichtige Version<\/li>\n<li>Schnittstelle: USB<\/li>\n<li>Betriebsbedingungen: Temperatur von -20 bis +65 \u00b0 C.<\/li>\n<li>IP65<\/li>\n<li>erf\u00fcllt den RTCA DO-160G-Standard<\/li>\n<\/ul>\n","protected":false},"excerpt":{"rendered":"<p>Schock-Transport-Logger mit 2 Beschleunigungssensoren\u00a0 \u00b115 g und\u00a0 \u00b1200 g, Temperatur-, Feuchte-, Luftdruck- und Lichtsensor, 2 Mio. Messwerte Speicherkapazit\u00e4t, GPS\/GNSS-Empf\u00e4nger<\/p>\n","protected":false},"featured_media":21647,"template":"","meta":{"_crdt_document":""},"product_brand":[],"product_cat":[288,168,169,175,206,173],"product_tag":[],"class_list":{"0":"post-21637","1":"product","2":"type-product","3":"status-publish","4":"has-post-thumbnail","6":"product_cat-beschleunigung","7":"product_cat-datenlogger","8":"product_cat-druck","9":"product_cat-feuchte","10":"product_cat-licht","11":"product_cat-temperatur","13":"first","14":"instock","15":"taxable","16":"shipping-taxable","17":"purchasable","18":"product-type-simple"},"yoast_head":"<!-- This site is optimized with the Yoast SEO plugin v27.4 - https:\/\/yoast.com\/product\/yoast-seo-wordpress\/ -->\n<title>Transport-Datenlogger f\u00fcr Schock und Klima, MSR175plus mit GPS-Tracking - Sysmatec<\/title>\n<meta name=\"description\" content=\"Schock-Transport-Logger mit 2 Beschleunigungssensoren\u00a0 \u00b115 g und\u00a0 \u00b1200 g, Temperatur-, Feuchte-, Luftdruck- und Lichtsensor, 2 Mio. Messwerte Speicherkapazit\u00e4t, GPS\/GNSS-Empf\u00e4nger\" \/>\n<meta name=\"robots\" content=\"index, follow, max-snippet:-1, max-image-preview:large, max-video-preview:-1\" \/>\n<link rel=\"canonical\" href=\"https:\/\/sysmatec.ch\/de\/produit\/transport-datenlogger-fur-schock-und-klima-msr175plus-mit-gps-tracking\/\" \/>\n<meta property=\"og:locale\" content=\"de_DE\" \/>\n<meta property=\"og:type\" content=\"article\" \/>\n<meta property=\"og:title\" content=\"Transport-Datenlogger f\u00fcr Schock und Klima, MSR175plus mit GPS-Tracking - Sysmatec\" \/>\n<meta property=\"og:description\" content=\"Schock-Transport-Logger mit 2 Beschleunigungssensoren\u00a0 \u00b115 g und\u00a0 \u00b1200 g, Temperatur-, Feuchte-, Luftdruck- und Lichtsensor, 2 Mio. Messwerte Speicherkapazit\u00e4t, GPS\/GNSS-Empf\u00e4nger\" \/>\n<meta property=\"og:url\" content=\"https:\/\/sysmatec.ch\/de\/produit\/transport-datenlogger-fur-schock-und-klima-msr175plus-mit-gps-tracking\/\" \/>\n<meta property=\"og:site_name\" content=\"Sysmatec\" \/>\n<meta property=\"article:modified_time\" content=\"2022-05-15T18:40:07+00:00\" \/>\n<meta property=\"og:image\" content=\"https:\/\/sysmatec.ch\/wp-content\/uploads\/2021\/01\/MSR175GPS-2.jpg\" \/>\n\t<meta property=\"og:image:width\" content=\"500\" \/>\n\t<meta property=\"og:image:height\" content=\"500\" \/>\n\t<meta property=\"og:image:type\" content=\"image\/jpeg\" \/>\n<meta name=\"twitter:card\" content=\"summary_large_image\" \/>\n<meta name=\"twitter:label1\" content=\"Gesch\u00e4tzte Lesezeit\" \/>\n\t<meta name=\"twitter:data1\" content=\"2\u00a0Minuten\" \/>\n<script type=\"application\/ld+json\" class=\"yoast-schema-graph\">{\"@context\":\"https:\\\/\\\/schema.org\",\"@graph\":[{\"@type\":\"WebPage\",\"@id\":\"https:\\\/\\\/sysmatec.ch\\\/de\\\/produit\\\/transport-datenlogger-fur-schock-und-klima-msr175plus-mit-gps-tracking\\\/\",\"url\":\"https:\\\/\\\/sysmatec.ch\\\/de\\\/produit\\\/transport-datenlogger-fur-schock-und-klima-msr175plus-mit-gps-tracking\\\/\",\"name\":\"Transport-Datenlogger f\u00fcr Schock und Klima, MSR175plus mit GPS-Tracking - Sysmatec\",\"isPartOf\":{\"@id\":\"https:\\\/\\\/sysmatec.ch\\\/de\\\/#website\"},\"primaryImageOfPage\":{\"@id\":\"https:\\\/\\\/sysmatec.ch\\\/de\\\/produit\\\/transport-datenlogger-fur-schock-und-klima-msr175plus-mit-gps-tracking\\\/#primaryimage\"},\"image\":{\"@id\":\"https:\\\/\\\/sysmatec.ch\\\/de\\\/produit\\\/transport-datenlogger-fur-schock-und-klima-msr175plus-mit-gps-tracking\\\/#primaryimage\"},\"thumbnailUrl\":\"https:\\\/\\\/sysmatec.ch\\\/wp-content\\\/uploads\\\/2021\\\/01\\\/MSR175GPS-2.jpg\",\"datePublished\":\"2021-01-01T17:44:25+00:00\",\"dateModified\":\"2022-05-15T18:40:07+00:00\",\"description\":\"Schock-Transport-Logger mit 2 Beschleunigungssensoren\u00a0 \u00b115 g und\u00a0 \u00b1200 g, Temperatur-, Feuchte-, Luftdruck- und Lichtsensor, 2 Mio. Messwerte Speicherkapazit\u00e4t, GPS\\\/GNSS-Empf\u00e4nger\",\"breadcrumb\":{\"@id\":\"https:\\\/\\\/sysmatec.ch\\\/de\\\/produit\\\/transport-datenlogger-fur-schock-und-klima-msr175plus-mit-gps-tracking\\\/#breadcrumb\"},\"inLanguage\":\"de\",\"potentialAction\":[{\"@type\":\"ReadAction\",\"target\":[\"https:\\\/\\\/sysmatec.ch\\\/de\\\/produit\\\/transport-datenlogger-fur-schock-und-klima-msr175plus-mit-gps-tracking\\\/\"]}]},{\"@type\":\"ImageObject\",\"inLanguage\":\"de\",\"@id\":\"https:\\\/\\\/sysmatec.ch\\\/de\\\/produit\\\/transport-datenlogger-fur-schock-und-klima-msr175plus-mit-gps-tracking\\\/#primaryimage\",\"url\":\"https:\\\/\\\/sysmatec.ch\\\/wp-content\\\/uploads\\\/2021\\\/01\\\/MSR175GPS-2.jpg\",\"contentUrl\":\"https:\\\/\\\/sysmatec.ch\\\/wp-content\\\/uploads\\\/2021\\\/01\\\/MSR175GPS-2.jpg\",\"width\":500,\"height\":500},{\"@type\":\"BreadcrumbList\",\"@id\":\"https:\\\/\\\/sysmatec.ch\\\/de\\\/produit\\\/transport-datenlogger-fur-schock-und-klima-msr175plus-mit-gps-tracking\\\/#breadcrumb\",\"itemListElement\":[{\"@type\":\"ListItem\",\"position\":1,\"name\":\"Accueil\",\"item\":\"https:\\\/\\\/sysmatec.ch\\\/de\\\/\"},{\"@type\":\"ListItem\",\"position\":2,\"name\":\"Die Aktivit\u00e4t von Sysmatec\",\"item\":\"https:\\\/\\\/sysmatec.ch\\\/de\\\/\"},{\"@type\":\"ListItem\",\"position\":3,\"name\":\"Transport-Datenlogger f\u00fcr Schock und Klima, MSR175plus mit GPS-Tracking\"}]},{\"@type\":\"WebSite\",\"@id\":\"https:\\\/\\\/sysmatec.ch\\\/de\\\/#website\",\"url\":\"https:\\\/\\\/sysmatec.ch\\\/de\\\/\",\"name\":\"Sysmatec\",\"description\":\"Equipement de laboratoire et logiciels\",\"publisher\":{\"@id\":\"https:\\\/\\\/sysmatec.ch\\\/de\\\/#organization\"},\"potentialAction\":[{\"@type\":\"SearchAction\",\"target\":{\"@type\":\"EntryPoint\",\"urlTemplate\":\"https:\\\/\\\/sysmatec.ch\\\/de\\\/?s={search_term_string}\"},\"query-input\":{\"@type\":\"PropertyValueSpecification\",\"valueRequired\":true,\"valueName\":\"search_term_string\"}}],\"inLanguage\":\"de\"},{\"@type\":\"Organization\",\"@id\":\"https:\\\/\\\/sysmatec.ch\\\/de\\\/#organization\",\"name\":\"Sysmatec\",\"url\":\"https:\\\/\\\/sysmatec.ch\\\/de\\\/\",\"logo\":{\"@type\":\"ImageObject\",\"inLanguage\":\"de\",\"@id\":\"https:\\\/\\\/sysmatec.ch\\\/de\\\/#\\\/schema\\\/logo\\\/image\\\/\",\"url\":\"https:\\\/\\\/sysmatec.ch\\\/wp-content\\\/uploads\\\/2018\\\/11\\\/LogoSysmatec.jpg\",\"contentUrl\":\"https:\\\/\\\/sysmatec.ch\\\/wp-content\\\/uploads\\\/2018\\\/11\\\/LogoSysmatec.jpg\",\"width\":301,\"height\":297,\"caption\":\"Sysmatec\"},\"image\":{\"@id\":\"https:\\\/\\\/sysmatec.ch\\\/de\\\/#\\\/schema\\\/logo\\\/image\\\/\"}}]}<\/script>\n<!-- \/ Yoast SEO plugin. -->","yoast_head_json":{"title":"Transport-Datenlogger f\u00fcr Schock und Klima, MSR175plus mit GPS-Tracking - Sysmatec","description":"Schock-Transport-Logger mit 2 Beschleunigungssensoren\u00a0 \u00b115 g und\u00a0 \u00b1200 g, Temperatur-, Feuchte-, Luftdruck- und Lichtsensor, 2 Mio. Messwerte Speicherkapazit\u00e4t, GPS\/GNSS-Empf\u00e4nger","robots":{"index":"index","follow":"follow","max-snippet":"max-snippet:-1","max-image-preview":"max-image-preview:large","max-video-preview":"max-video-preview:-1"},"canonical":"https:\/\/sysmatec.ch\/de\/produit\/transport-datenlogger-fur-schock-und-klima-msr175plus-mit-gps-tracking\/","og_locale":"de_DE","og_type":"article","og_title":"Transport-Datenlogger f\u00fcr Schock und Klima, MSR175plus mit GPS-Tracking - Sysmatec","og_description":"Schock-Transport-Logger mit 2 Beschleunigungssensoren\u00a0 \u00b115 g und\u00a0 \u00b1200 g, Temperatur-, Feuchte-, Luftdruck- und Lichtsensor, 2 Mio. Messwerte Speicherkapazit\u00e4t, GPS\/GNSS-Empf\u00e4nger","og_url":"https:\/\/sysmatec.ch\/de\/produit\/transport-datenlogger-fur-schock-und-klima-msr175plus-mit-gps-tracking\/","og_site_name":"Sysmatec","article_modified_time":"2022-05-15T18:40:07+00:00","og_image":[{"width":500,"height":500,"url":"https:\/\/sysmatec.ch\/wp-content\/uploads\/2021\/01\/MSR175GPS-2.jpg","type":"image\/jpeg"}],"twitter_card":"summary_large_image","twitter_misc":{"Gesch\u00e4tzte Lesezeit":"2\u00a0Minuten"},"schema":{"@context":"https:\/\/schema.org","@graph":[{"@type":"WebPage","@id":"https:\/\/sysmatec.ch\/de\/produit\/transport-datenlogger-fur-schock-und-klima-msr175plus-mit-gps-tracking\/","url":"https:\/\/sysmatec.ch\/de\/produit\/transport-datenlogger-fur-schock-und-klima-msr175plus-mit-gps-tracking\/","name":"Transport-Datenlogger f\u00fcr Schock und Klima, MSR175plus mit GPS-Tracking - Sysmatec","isPartOf":{"@id":"https:\/\/sysmatec.ch\/de\/#website"},"primaryImageOfPage":{"@id":"https:\/\/sysmatec.ch\/de\/produit\/transport-datenlogger-fur-schock-und-klima-msr175plus-mit-gps-tracking\/#primaryimage"},"image":{"@id":"https:\/\/sysmatec.ch\/de\/produit\/transport-datenlogger-fur-schock-und-klima-msr175plus-mit-gps-tracking\/#primaryimage"},"thumbnailUrl":"https:\/\/sysmatec.ch\/wp-content\/uploads\/2021\/01\/MSR175GPS-2.jpg","datePublished":"2021-01-01T17:44:25+00:00","dateModified":"2022-05-15T18:40:07+00:00","description":"Schock-Transport-Logger mit 2 Beschleunigungssensoren\u00a0 \u00b115 g und\u00a0 \u00b1200 g, Temperatur-, Feuchte-, Luftdruck- und Lichtsensor, 2 Mio. Messwerte Speicherkapazit\u00e4t, GPS\/GNSS-Empf\u00e4nger","breadcrumb":{"@id":"https:\/\/sysmatec.ch\/de\/produit\/transport-datenlogger-fur-schock-und-klima-msr175plus-mit-gps-tracking\/#breadcrumb"},"inLanguage":"de","potentialAction":[{"@type":"ReadAction","target":["https:\/\/sysmatec.ch\/de\/produit\/transport-datenlogger-fur-schock-und-klima-msr175plus-mit-gps-tracking\/"]}]},{"@type":"ImageObject","inLanguage":"de","@id":"https:\/\/sysmatec.ch\/de\/produit\/transport-datenlogger-fur-schock-und-klima-msr175plus-mit-gps-tracking\/#primaryimage","url":"https:\/\/sysmatec.ch\/wp-content\/uploads\/2021\/01\/MSR175GPS-2.jpg","contentUrl":"https:\/\/sysmatec.ch\/wp-content\/uploads\/2021\/01\/MSR175GPS-2.jpg","width":500,"height":500},{"@type":"BreadcrumbList","@id":"https:\/\/sysmatec.ch\/de\/produit\/transport-datenlogger-fur-schock-und-klima-msr175plus-mit-gps-tracking\/#breadcrumb","itemListElement":[{"@type":"ListItem","position":1,"name":"Accueil","item":"https:\/\/sysmatec.ch\/de\/"},{"@type":"ListItem","position":2,"name":"Die Aktivit\u00e4t von Sysmatec","item":"https:\/\/sysmatec.ch\/de\/"},{"@type":"ListItem","position":3,"name":"Transport-Datenlogger f\u00fcr Schock und Klima, MSR175plus mit GPS-Tracking"}]},{"@type":"WebSite","@id":"https:\/\/sysmatec.ch\/de\/#website","url":"https:\/\/sysmatec.ch\/de\/","name":"Sysmatec","description":"Equipement de laboratoire et logiciels","publisher":{"@id":"https:\/\/sysmatec.ch\/de\/#organization"},"potentialAction":[{"@type":"SearchAction","target":{"@type":"EntryPoint","urlTemplate":"https:\/\/sysmatec.ch\/de\/?s={search_term_string}"},"query-input":{"@type":"PropertyValueSpecification","valueRequired":true,"valueName":"search_term_string"}}],"inLanguage":"de"},{"@type":"Organization","@id":"https:\/\/sysmatec.ch\/de\/#organization","name":"Sysmatec","url":"https:\/\/sysmatec.ch\/de\/","logo":{"@type":"ImageObject","inLanguage":"de","@id":"https:\/\/sysmatec.ch\/de\/#\/schema\/logo\/image\/","url":"https:\/\/sysmatec.ch\/wp-content\/uploads\/2018\/11\/LogoSysmatec.jpg","contentUrl":"https:\/\/sysmatec.ch\/wp-content\/uploads\/2018\/11\/LogoSysmatec.jpg","width":301,"height":297,"caption":"Sysmatec"},"image":{"@id":"https:\/\/sysmatec.ch\/de\/#\/schema\/logo\/image\/"}}]}},"_links":{"self":[{"href":"https:\/\/sysmatec.ch\/de\/wp-json\/wp\/v2\/product\/21637","targetHints":{"allow":["GET"]}}],"collection":[{"href":"https:\/\/sysmatec.ch\/de\/wp-json\/wp\/v2\/product"}],"about":[{"href":"https:\/\/sysmatec.ch\/de\/wp-json\/wp\/v2\/types\/product"}],"wp:featuredmedia":[{"embeddable":true,"href":"https:\/\/sysmatec.ch\/de\/wp-json\/wp\/v2\/media\/21647"}],"wp:attachment":[{"href":"https:\/\/sysmatec.ch\/de\/wp-json\/wp\/v2\/media?parent=21637"}],"wp:term":[{"taxonomy":"product_brand","embeddable":true,"href":"https:\/\/sysmatec.ch\/de\/wp-json\/wp\/v2\/product_brand?post=21637"},{"taxonomy":"product_cat","embeddable":true,"href":"https:\/\/sysmatec.ch\/de\/wp-json\/wp\/v2\/product_cat?post=21637"},{"taxonomy":"product_tag","embeddable":true,"href":"https:\/\/sysmatec.ch\/de\/wp-json\/wp\/v2\/product_tag?post=21637"}],"curies":[{"name":"wp","href":"https:\/\/api.w.org\/{rel}","templated":true}]}}