{"id":2157,"date":"2019-01-14T11:07:40","date_gmt":"2019-01-14T10:07:40","guid":{"rendered":"https:\/\/sysmatec.ch\/produit\/seringue-pour-pousse-seringue-serie-1000\/"},"modified":"2022-03-08T08:21:18","modified_gmt":"2022-03-08T07:21:18","slug":"glass-spritze-serie-1000","status":"publish","type":"product","link":"https:\/\/sysmatec.ch\/de\/Produkt\/glass-spritze-serie-1000\/","title":{"rendered":"Glass Spritze Serie 1000"},"content":{"rendered":"<p>Sie sind gas- und fl\u00fcssigkeitsdicht. Sie existieren f\u00fcr Volumen von 1 mL bis zu bis 2000 mL. Der Lauf ist aus Borosilikatglas gefertigt. Der Kolben ist aus PTFE beschichtetem Aluminium hergestellt und mit einer Pr\u00e4zision PTFE Dichtung ausgestattet. Die Flexibilit\u00e4t der Dichtung erm\u00f6glicht den Austausch von Glaszylinder und Kolben zwischen Spritzen mit der gleichen Kapazit\u00e4t. Alle Teile in Kontakt mit den Proben werden aus inerten Materialien wie Glas und PTFE produziert. Diese Spritzen haben eine Genauigkeit von \u00b1 1% des Nennvolumens. Sie sind mit Flansch (f\u00fcr eine bessere Haltung auf der Spritzenpumpe) und Luer-Lock ausgestattet.<\/p>\n<table border=\"1\" width=\"212\" cellspacing=\"0\" cellpadding=\"0\">\n<tbody>\n<tr>\n<td>Ref. Nummer<\/td>\n<td>Volum (mL)<\/td>\n<\/tr>\n<tr>\n<td>HA-82525<\/td>\n<td>25<\/td>\n<\/tr>\n<tr>\n<td>HA-85020<\/td>\n<td>50<\/td>\n<\/tr>\n<tr>\n<td>HA-86311<\/td>\n<td>500<\/td>\n<\/tr>\n<tr>\n<td>HA-86312<\/td>\n<td>1000<\/td>\n<\/tr>\n<tr>\n<td>HA-86313<\/td>\n<td>1500<\/td>\n<\/tr>\n<tr>\n<td>HA-86314<\/td>\n<td>2000<\/td>\n<\/tr>\n<\/tbody>\n<\/table>\n","protected":false},"excerpt":{"rendered":"<p>Glass Spritze f\u00fcr Spritzenpumpe<\/p>\n","protected":false},"featured_media":1317,"template":"","meta":{"_crdt_document":""},"product_brand":[],"product_cat":[127],"product_tag":[],"class_list":{"0":"post-2157","1":"product","2":"type-product","3":"status-publish","4":"has-post-thumbnail","6":"product_cat-spritze","8":"first","9":"instock","10":"taxable","11":"shipping-taxable","12":"product-type-simple"},"yoast_head":"<!-- This site is optimized with the Yoast SEO plugin v27.3 - https:\/\/yoast.com\/product\/yoast-seo-wordpress\/ -->\n<title>Glass Spritze Serie 1000 - Sysmatec<\/title>\n<meta name=\"description\" content=\"Gas- und fl\u00fcssigkeitsdichte Glasspritze. Verf\u00fcgbare Volumina von 25 bis 2000 ml. PTFE-Dichtung.\" \/>\n<meta name=\"robots\" content=\"index, follow, max-snippet:-1, max-image-preview:large, max-video-preview:-1\" \/>\n<link rel=\"canonical\" href=\"https:\/\/sysmatec.ch\/de\/produit\/glass-spritze-serie-1000\/\" \/>\n<meta property=\"og:locale\" content=\"de_DE\" \/>\n<meta property=\"og:type\" content=\"article\" \/>\n<meta property=\"og:title\" content=\"Glass Spritze Serie 1000 - Sysmatec\" \/>\n<meta property=\"og:description\" content=\"Gas- und fl\u00fcssigkeitsdichte Glasspritze. Verf\u00fcgbare Volumina von 25 bis 2000 ml. PTFE-Dichtung.\" \/>\n<meta property=\"og:url\" content=\"https:\/\/sysmatec.ch\/de\/produit\/glass-spritze-serie-1000\/\" \/>\n<meta property=\"og:site_name\" content=\"Sysmatec\" \/>\n<meta property=\"article:modified_time\" content=\"2022-03-08T07:21:18+00:00\" \/>\n<meta property=\"og:image\" content=\"https:\/\/sysmatec.ch\/wp-content\/uploads\/2019\/01\/Seringue_HamiltonType1000.jpg\" \/>\n\t<meta property=\"og:image:width\" content=\"170\" \/>\n\t<meta property=\"og:image:height\" content=\"127\" \/>\n\t<meta property=\"og:image:type\" content=\"image\/jpeg\" \/>\n<meta name=\"twitter:card\" content=\"summary_large_image\" \/>\n<meta name=\"twitter:label1\" content=\"Gesch\u00e4tzte Lesezeit\" \/>\n\t<meta name=\"twitter:data1\" content=\"1\u00a0Minute\" \/>\n<script type=\"application\/ld+json\" class=\"yoast-schema-graph\">{\"@context\":\"https:\\\/\\\/schema.org\",\"@graph\":[{\"@type\":\"WebPage\",\"@id\":\"https:\\\/\\\/sysmatec.ch\\\/de\\\/produit\\\/glass-spritze-serie-1000\\\/\",\"url\":\"https:\\\/\\\/sysmatec.ch\\\/de\\\/produit\\\/glass-spritze-serie-1000\\\/\",\"name\":\"Glass Spritze Serie 1000 - Sysmatec\",\"isPartOf\":{\"@id\":\"https:\\\/\\\/sysmatec.ch\\\/de\\\/#website\"},\"primaryImageOfPage\":{\"@id\":\"https:\\\/\\\/sysmatec.ch\\\/de\\\/produit\\\/glass-spritze-serie-1000\\\/#primaryimage\"},\"image\":{\"@id\":\"https:\\\/\\\/sysmatec.ch\\\/de\\\/produit\\\/glass-spritze-serie-1000\\\/#primaryimage\"},\"thumbnailUrl\":\"https:\\\/\\\/sysmatec.ch\\\/wp-content\\\/uploads\\\/2019\\\/01\\\/Seringue_HamiltonType1000.jpg\",\"datePublished\":\"2019-01-14T10:07:40+00:00\",\"dateModified\":\"2022-03-08T07:21:18+00:00\",\"description\":\"Gas- und fl\u00fcssigkeitsdichte Glasspritze. Verf\u00fcgbare Volumina von 25 bis 2000 ml. PTFE-Dichtung.\",\"breadcrumb\":{\"@id\":\"https:\\\/\\\/sysmatec.ch\\\/de\\\/produit\\\/glass-spritze-serie-1000\\\/#breadcrumb\"},\"inLanguage\":\"de\",\"potentialAction\":[{\"@type\":\"ReadAction\",\"target\":[\"https:\\\/\\\/sysmatec.ch\\\/de\\\/produit\\\/glass-spritze-serie-1000\\\/\"]}]},{\"@type\":\"ImageObject\",\"inLanguage\":\"de\",\"@id\":\"https:\\\/\\\/sysmatec.ch\\\/de\\\/produit\\\/glass-spritze-serie-1000\\\/#primaryimage\",\"url\":\"https:\\\/\\\/sysmatec.ch\\\/wp-content\\\/uploads\\\/2019\\\/01\\\/Seringue_HamiltonType1000.jpg\",\"contentUrl\":\"https:\\\/\\\/sysmatec.ch\\\/wp-content\\\/uploads\\\/2019\\\/01\\\/Seringue_HamiltonType1000.jpg\",\"width\":170,\"height\":127},{\"@type\":\"BreadcrumbList\",\"@id\":\"https:\\\/\\\/sysmatec.ch\\\/de\\\/produit\\\/glass-spritze-serie-1000\\\/#breadcrumb\",\"itemListElement\":[{\"@type\":\"ListItem\",\"position\":1,\"name\":\"Accueil\",\"item\":\"https:\\\/\\\/sysmatec.ch\\\/de\\\/\"},{\"@type\":\"ListItem\",\"position\":2,\"name\":\"Die Aktivit\u00e4t von Sysmatec\",\"item\":\"https:\\\/\\\/sysmatec.ch\\\/de\\\/\"},{\"@type\":\"ListItem\",\"position\":3,\"name\":\"Glass Spritze Serie 1000\"}]},{\"@type\":\"WebSite\",\"@id\":\"https:\\\/\\\/sysmatec.ch\\\/de\\\/#website\",\"url\":\"https:\\\/\\\/sysmatec.ch\\\/de\\\/\",\"name\":\"Sysmatec\",\"description\":\"Equipement de laboratoire et logiciels\",\"publisher\":{\"@id\":\"https:\\\/\\\/sysmatec.ch\\\/de\\\/#organization\"},\"potentialAction\":[{\"@type\":\"SearchAction\",\"target\":{\"@type\":\"EntryPoint\",\"urlTemplate\":\"https:\\\/\\\/sysmatec.ch\\\/de\\\/?s={search_term_string}\"},\"query-input\":{\"@type\":\"PropertyValueSpecification\",\"valueRequired\":true,\"valueName\":\"search_term_string\"}}],\"inLanguage\":\"de\"},{\"@type\":\"Organization\",\"@id\":\"https:\\\/\\\/sysmatec.ch\\\/de\\\/#organization\",\"name\":\"Sysmatec\",\"url\":\"https:\\\/\\\/sysmatec.ch\\\/de\\\/\",\"logo\":{\"@type\":\"ImageObject\",\"inLanguage\":\"de\",\"@id\":\"https:\\\/\\\/sysmatec.ch\\\/de\\\/#\\\/schema\\\/logo\\\/image\\\/\",\"url\":\"https:\\\/\\\/sysmatec.ch\\\/wp-content\\\/uploads\\\/2018\\\/11\\\/LogoSysmatec.jpg\",\"contentUrl\":\"https:\\\/\\\/sysmatec.ch\\\/wp-content\\\/uploads\\\/2018\\\/11\\\/LogoSysmatec.jpg\",\"width\":301,\"height\":297,\"caption\":\"Sysmatec\"},\"image\":{\"@id\":\"https:\\\/\\\/sysmatec.ch\\\/de\\\/#\\\/schema\\\/logo\\\/image\\\/\"}}]}<\/script>\n<!-- \/ Yoast SEO plugin. -->","yoast_head_json":{"title":"Glass Spritze Serie 1000 - Sysmatec","description":"Gas- und fl\u00fcssigkeitsdichte Glasspritze. Verf\u00fcgbare Volumina von 25 bis 2000 ml. PTFE-Dichtung.","robots":{"index":"index","follow":"follow","max-snippet":"max-snippet:-1","max-image-preview":"max-image-preview:large","max-video-preview":"max-video-preview:-1"},"canonical":"https:\/\/sysmatec.ch\/de\/produit\/glass-spritze-serie-1000\/","og_locale":"de_DE","og_type":"article","og_title":"Glass Spritze Serie 1000 - Sysmatec","og_description":"Gas- und fl\u00fcssigkeitsdichte Glasspritze. Verf\u00fcgbare Volumina von 25 bis 2000 ml. PTFE-Dichtung.","og_url":"https:\/\/sysmatec.ch\/de\/produit\/glass-spritze-serie-1000\/","og_site_name":"Sysmatec","article_modified_time":"2022-03-08T07:21:18+00:00","og_image":[{"width":170,"height":127,"url":"https:\/\/sysmatec.ch\/wp-content\/uploads\/2019\/01\/Seringue_HamiltonType1000.jpg","type":"image\/jpeg"}],"twitter_card":"summary_large_image","twitter_misc":{"Gesch\u00e4tzte Lesezeit":"1\u00a0Minute"},"schema":{"@context":"https:\/\/schema.org","@graph":[{"@type":"WebPage","@id":"https:\/\/sysmatec.ch\/de\/produit\/glass-spritze-serie-1000\/","url":"https:\/\/sysmatec.ch\/de\/produit\/glass-spritze-serie-1000\/","name":"Glass Spritze Serie 1000 - Sysmatec","isPartOf":{"@id":"https:\/\/sysmatec.ch\/de\/#website"},"primaryImageOfPage":{"@id":"https:\/\/sysmatec.ch\/de\/produit\/glass-spritze-serie-1000\/#primaryimage"},"image":{"@id":"https:\/\/sysmatec.ch\/de\/produit\/glass-spritze-serie-1000\/#primaryimage"},"thumbnailUrl":"https:\/\/sysmatec.ch\/wp-content\/uploads\/2019\/01\/Seringue_HamiltonType1000.jpg","datePublished":"2019-01-14T10:07:40+00:00","dateModified":"2022-03-08T07:21:18+00:00","description":"Gas- und fl\u00fcssigkeitsdichte Glasspritze. Verf\u00fcgbare Volumina von 25 bis 2000 ml. PTFE-Dichtung.","breadcrumb":{"@id":"https:\/\/sysmatec.ch\/de\/produit\/glass-spritze-serie-1000\/#breadcrumb"},"inLanguage":"de","potentialAction":[{"@type":"ReadAction","target":["https:\/\/sysmatec.ch\/de\/produit\/glass-spritze-serie-1000\/"]}]},{"@type":"ImageObject","inLanguage":"de","@id":"https:\/\/sysmatec.ch\/de\/produit\/glass-spritze-serie-1000\/#primaryimage","url":"https:\/\/sysmatec.ch\/wp-content\/uploads\/2019\/01\/Seringue_HamiltonType1000.jpg","contentUrl":"https:\/\/sysmatec.ch\/wp-content\/uploads\/2019\/01\/Seringue_HamiltonType1000.jpg","width":170,"height":127},{"@type":"BreadcrumbList","@id":"https:\/\/sysmatec.ch\/de\/produit\/glass-spritze-serie-1000\/#breadcrumb","itemListElement":[{"@type":"ListItem","position":1,"name":"Accueil","item":"https:\/\/sysmatec.ch\/de\/"},{"@type":"ListItem","position":2,"name":"Die Aktivit\u00e4t von Sysmatec","item":"https:\/\/sysmatec.ch\/de\/"},{"@type":"ListItem","position":3,"name":"Glass Spritze Serie 1000"}]},{"@type":"WebSite","@id":"https:\/\/sysmatec.ch\/de\/#website","url":"https:\/\/sysmatec.ch\/de\/","name":"Sysmatec","description":"Equipement de laboratoire et logiciels","publisher":{"@id":"https:\/\/sysmatec.ch\/de\/#organization"},"potentialAction":[{"@type":"SearchAction","target":{"@type":"EntryPoint","urlTemplate":"https:\/\/sysmatec.ch\/de\/?s={search_term_string}"},"query-input":{"@type":"PropertyValueSpecification","valueRequired":true,"valueName":"search_term_string"}}],"inLanguage":"de"},{"@type":"Organization","@id":"https:\/\/sysmatec.ch\/de\/#organization","name":"Sysmatec","url":"https:\/\/sysmatec.ch\/de\/","logo":{"@type":"ImageObject","inLanguage":"de","@id":"https:\/\/sysmatec.ch\/de\/#\/schema\/logo\/image\/","url":"https:\/\/sysmatec.ch\/wp-content\/uploads\/2018\/11\/LogoSysmatec.jpg","contentUrl":"https:\/\/sysmatec.ch\/wp-content\/uploads\/2018\/11\/LogoSysmatec.jpg","width":301,"height":297,"caption":"Sysmatec"},"image":{"@id":"https:\/\/sysmatec.ch\/de\/#\/schema\/logo\/image\/"}}]}},"_links":{"self":[{"href":"https:\/\/sysmatec.ch\/de\/wp-json\/wp\/v2\/product\/2157","targetHints":{"allow":["GET"]}}],"collection":[{"href":"https:\/\/sysmatec.ch\/de\/wp-json\/wp\/v2\/product"}],"about":[{"href":"https:\/\/sysmatec.ch\/de\/wp-json\/wp\/v2\/types\/product"}],"wp:featuredmedia":[{"embeddable":true,"href":"https:\/\/sysmatec.ch\/de\/wp-json\/wp\/v2\/media\/1317"}],"wp:attachment":[{"href":"https:\/\/sysmatec.ch\/de\/wp-json\/wp\/v2\/media?parent=2157"}],"wp:term":[{"taxonomy":"product_brand","embeddable":true,"href":"https:\/\/sysmatec.ch\/de\/wp-json\/wp\/v2\/product_brand?post=2157"},{"taxonomy":"product_cat","embeddable":true,"href":"https:\/\/sysmatec.ch\/de\/wp-json\/wp\/v2\/product_cat?post=2157"},{"taxonomy":"product_tag","embeddable":true,"href":"https:\/\/sysmatec.ch\/de\/wp-json\/wp\/v2\/product_tag?post=2157"}],"curies":[{"name":"wp","href":"https:\/\/api.w.org\/{rel}","templated":true}]}}