{"id":2154,"date":"2019-01-14T11:22:31","date_gmt":"2019-01-14T10:22:31","guid":{"rendered":"https:\/\/sysmatec.ch\/produit\/millipore-direct-q3\/"},"modified":"2022-03-08T08:16:04","modified_gmt":"2022-03-08T07:16:04","slug":"reinstwasser-mit-millipore-direct-q3","status":"publish","type":"product","link":"https:\/\/sysmatec.ch\/de\/Produkt\/reinstwasser-mit-millipore-direct-q3\/","title":{"rendered":"Reinstwasser mit Millipore Direct-Q3"},"content":{"rendered":"<p>Wasseraufbereitungssystem f\u00fcr reinstwasser und reinwasser (Typ I und Typ III) direkt von Hahnwasser.<\/p>\n<p>Beschreibung<\/p>\n<p>Das Direct-Q 3 ist ein kompaktes System, das alle wesentlichen Aufbereitungstechnologie in einem Modul enth\u00e4lt und \u00fcberall in Ihrem Labor unterzubringen ist. Die Wasserparameter (Resistivit\u00e4t, Temperatur) sind auf einem grossen Display angezeigt. Durch die Abgabe einer voreingestellte Typ I-Wassermenge bleiben die H\u00e4nde frei, so dass Sie Ihre Arbeit vortsetzen k\u00f6nnen.<\/p>\n<p>F\u00fcr Anwendungen, die sehr tiefe organische Kontaminant verlangen, kann das Ger\u00e4t mit einer UV Lampe ausger\u00fcstet werden. Das produziertes Wasser kann dann HPLC, GC, ILC oder TOC Analyse ben\u00fctzt werden (TOC&lt; 5 ppb).<\/p>\n<p>Mit dem BioPak Filter kann das Direct-Q 3 System Pyrogen-frei, RNase-frei Wasser produzieren, das f\u00fcr Zellkultur und Zellular Biologie geeignet ist.<\/p>\n<p>Anwendung<\/p>\n<p>&#8211; Typ I Wasser f\u00fcr die Herstellung von mobilen Phase bei der HPLC, Probeverd\u00fcnnung, die Herstellung von Puffern und N\u00e4hrmedien f\u00fcr Zellkulturen, die Herstlellung chemischer L\u00f6sungen zur Verwendung mit Titrierapparate, Spektrofotometern und Elektrophoresesytem.<\/p>\n<p>&#8211; Typ III Wasser f\u00fcr nicht kritische Anwendungen wie Waschen und Sp\u00fclen von Glasartikel.<\/p>\n<p>Technische Angaben<\/p>\n<p>&#8211; Produziert Typ I Reinstwasser (18.2 MOhms\u00b7cm Resistivit\u00e4t bei 25 \u00b0C und &lt; 10 ppb Total Organic Carbon) ab Hahnwasser wann Sie es brauchen.<\/p>\n<p>&#8211; Existiert mit einer eingebauter 185 und 254 nm UV Lampe f\u00fcr die Produktion von noch niedrigem TOC Wasser.<\/p>\n<p>&#8211; Produziert Typ III (Umkehrosmose) Wasser f\u00fcr nicht kritische Anwendungen mit einem Durchfluss von 2.4 L\/hr bei 15 \u00b0C. Dieses Wasser wird in einem integriertem Beh\u00e4lter gelagert.<\/p>\n<p>&#8211; Der Unterhalt reduziert sich auf dem Membranaustauch 1 bis 2 Mal pro Jahr.<\/p>\n<p>&#8211; Ideal f\u00fcr Labor die keine Wasseraufbereitungsanalage besitzen und ca 1 bis 10 l an Reinstwasser pro Tag brauchen.<\/p>\n<p>&#8211; Eine Alarme meldet eine Wasserqualit\u00e4tsverminderung.<\/p>\n<p>&#8211; Dispensing adapted to different size laboratory glassware.<\/p>\n<p>&#8211; Durch die Abgabe von voreingestellten Wassermenge bleiben die H\u00e4nde frei, so dass Sie Ihre Arbeit fortsetzen k\u00f6nnen.<\/p>\n<p>&#8211; CE konform (89\/336\/CEE und 73\/23\/CEE).<\/p>\n<p>Technishe Angaben f\u00fcr Reinstwasser (Typ I) in normalen Bedingungen<\/p>\n<table border=\"1\" width=\"100%\" cellspacing=\"0\" cellpadding=\"2\">\n<tbody>\n<tr>\n<td valign=\"top\">Resistivit\u00e4t, MOhms\u00b7cm bei 25 \u00b0C<\/td>\n<td>18.2<\/td>\n<\/tr>\n<tr>\n<td>TOC (Direct-Q 3 System)<\/td>\n<td>&lt;10 ppb<\/td>\n<\/tr>\n<tr>\n<td>TOC (Direct-Q 3 UV System mit 185\/\/254 nm UV lamp)<\/td>\n<td>&lt;5 ppb<\/td>\n<\/tr>\n<tr>\n<td valign=\"top\">Partikeln (Gr\u00f6sse &gt; 0.22 \u00b5m)**<\/td>\n<td>&lt;1 Particulate\/mL<\/td>\n<\/tr>\n<tr>\n<td>Bacterien**<\/td>\n<td>&lt;1 cfu\/mL<\/td>\n<\/tr>\n<tr>\n<td valign=\"top\">Endotoxin***<\/td>\n<td>&lt;0.01 EU\/mL<\/td>\n<\/tr>\n<tr>\n<td valign=\"top\">RNase***<\/td>\n<td>&lt;0.003 ng\/mL<\/td>\n<\/tr>\n<tr>\n<td valign=\"top\">Durchfluss<\/td>\n<td>&gt;0.5 L\/ min<\/td>\n<\/tr>\n<\/tbody>\n<\/table>\n<p>** Mit Millipak Express 20 (0.22 \u00b5m) Membranefilter oder mit BioPak Ultrafiltrationspatrone<\/p>\n<p>***Nur mit BioPak Ultrafiltrationspatrone<\/p>\n<p>Technishe Angaben f\u00fcr Reinwasser (Typ III) in normalen Bedingungen<\/p>\n<table border=\"1\" width=\"100%\" cellspacing=\"0\" cellpadding=\"2\">\n<tbody>\n<tr>\n<td valign=\"top\">Ionic Rejection, %<\/td>\n<td>&gt;94 %<\/td>\n<\/tr>\n<tr>\n<td valign=\"top\">Organic Rejection for MW &gt; 200, %<\/td>\n<td>&gt;99 %<\/td>\n<\/tr>\n<tr>\n<td valign=\"top\">Bacterien and Partikeln, %<\/td>\n<td>&gt;99 %<\/td>\n<\/tr>\n<tr>\n<td valign=\"top\">Durchfluss<\/td>\n<td>2,4 l\/h \u00e0 15 \u00b0C typisch<\/td>\n<\/tr>\n<\/tbody>\n<\/table>\n<p>System<\/p>\n<table border=\"1\" width=\"100%\" cellspacing=\"0\" cellpadding=\"2\">\n<tbody>\n<tr>\n<td valign=\"top\">Direct-Q 3 System Gewicht im Betrieb, kg<\/td>\n<td>17.6<\/td>\n<\/tr>\n<tr>\n<td valign=\"top\">Direct-Q 3 System Gewicht im Betrieb mit 185\/\/254 nm UV Lampe, kg<\/td>\n<td>18.2<\/td>\n<\/tr>\n<tr>\n<td valign=\"top\">Mass<\/td>\n<td>H\u00f6he x Breite x Tiefe: 54 cm x 29 cm x 42 cm<\/td>\n<\/tr>\n<tr>\n<td valign=\"top\">Beh\u00e4ltersvolum<\/td>\n<td>6,5 l (Erweiterung bis zu 30 l m\u00f6glich)<\/td>\n<\/tr>\n<tr>\n<td valign=\"top\">Spannung<\/td>\n<td>100-230 V \/50-60 Hz<\/td>\n<\/tr>\n<tr>\n<td valign=\"top\">Eingangswasserverbindung<\/td>\n<td>1\/2&#8243;-Gaz M<\/td>\n<\/tr>\n<tr>\n<td valign=\"top\">Eingangswasserdruck<\/td>\n<td>0,5 bis 6 Bar<\/td>\n<\/tr>\n<\/tbody>\n<\/table>\n","protected":false},"excerpt":{"rendered":"<p>Reinstwasser Typ I und III<\/p>\n","protected":false},"featured_media":1319,"template":"","meta":{"_crdt_document":""},"product_brand":[],"product_cat":[125],"product_tag":[],"class_list":{"0":"post-2154","1":"product","2":"type-product","3":"status-publish","4":"has-post-thumbnail","6":"product_cat-reinstwasser","8":"first","9":"instock","10":"taxable","11":"shipping-taxable","12":"product-type-simple"},"yoast_head":"<!-- This site is optimized with the Yoast SEO plugin v27.3 - https:\/\/yoast.com\/product\/yoast-seo-wordpress\/ -->\n<title>Reinstwasser mit Millipore Direct-Q3 - Sysmatec<\/title>\n<meta name=\"description\" content=\"Wasseraufbereitungssystem mit Umkehrosmose, Aktivkohle und Ionenaustausch zur Gewinnung von Reinstwasser Typ I und III.\" \/>\n<meta name=\"robots\" content=\"index, follow, max-snippet:-1, max-image-preview:large, max-video-preview:-1\" \/>\n<link rel=\"canonical\" href=\"https:\/\/sysmatec.ch\/de\/produit\/reinstwasser-mit-millipore-direct-q3\/\" \/>\n<meta property=\"og:locale\" content=\"de_DE\" \/>\n<meta property=\"og:type\" content=\"article\" \/>\n<meta property=\"og:title\" content=\"Reinstwasser mit Millipore Direct-Q3 - Sysmatec\" \/>\n<meta property=\"og:description\" content=\"Wasseraufbereitungssystem mit Umkehrosmose, Aktivkohle und Ionenaustausch zur Gewinnung von Reinstwasser Typ I und III.\" \/>\n<meta property=\"og:url\" content=\"https:\/\/sysmatec.ch\/de\/produit\/reinstwasser-mit-millipore-direct-q3\/\" \/>\n<meta property=\"og:site_name\" content=\"Sysmatec\" \/>\n<meta property=\"article:modified_time\" content=\"2022-03-08T07:16:04+00:00\" \/>\n<meta property=\"og:image\" content=\"https:\/\/sysmatec.ch\/wp-content\/uploads\/2019\/01\/EauUltrapure_MilliporeDirectQ3.jpg\" \/>\n\t<meta property=\"og:image:width\" content=\"150\" \/>\n\t<meta property=\"og:image:height\" content=\"200\" \/>\n\t<meta property=\"og:image:type\" content=\"image\/jpeg\" \/>\n<meta name=\"twitter:card\" content=\"summary_large_image\" \/>\n<meta name=\"twitter:label1\" content=\"Gesch\u00e4tzte Lesezeit\" \/>\n\t<meta name=\"twitter:data1\" content=\"2\u00a0Minuten\" \/>\n<script type=\"application\/ld+json\" class=\"yoast-schema-graph\">{\"@context\":\"https:\\\/\\\/schema.org\",\"@graph\":[{\"@type\":\"WebPage\",\"@id\":\"https:\\\/\\\/sysmatec.ch\\\/de\\\/produit\\\/reinstwasser-mit-millipore-direct-q3\\\/\",\"url\":\"https:\\\/\\\/sysmatec.ch\\\/de\\\/produit\\\/reinstwasser-mit-millipore-direct-q3\\\/\",\"name\":\"Reinstwasser mit Millipore Direct-Q3 - Sysmatec\",\"isPartOf\":{\"@id\":\"https:\\\/\\\/sysmatec.ch\\\/de\\\/#website\"},\"primaryImageOfPage\":{\"@id\":\"https:\\\/\\\/sysmatec.ch\\\/de\\\/produit\\\/reinstwasser-mit-millipore-direct-q3\\\/#primaryimage\"},\"image\":{\"@id\":\"https:\\\/\\\/sysmatec.ch\\\/de\\\/produit\\\/reinstwasser-mit-millipore-direct-q3\\\/#primaryimage\"},\"thumbnailUrl\":\"https:\\\/\\\/sysmatec.ch\\\/wp-content\\\/uploads\\\/2019\\\/01\\\/EauUltrapure_MilliporeDirectQ3.jpg\",\"datePublished\":\"2019-01-14T10:22:31+00:00\",\"dateModified\":\"2022-03-08T07:16:04+00:00\",\"description\":\"Wasseraufbereitungssystem mit Umkehrosmose, Aktivkohle und Ionenaustausch zur Gewinnung von Reinstwasser Typ I und III.\",\"breadcrumb\":{\"@id\":\"https:\\\/\\\/sysmatec.ch\\\/de\\\/produit\\\/reinstwasser-mit-millipore-direct-q3\\\/#breadcrumb\"},\"inLanguage\":\"de\",\"potentialAction\":[{\"@type\":\"ReadAction\",\"target\":[\"https:\\\/\\\/sysmatec.ch\\\/de\\\/produit\\\/reinstwasser-mit-millipore-direct-q3\\\/\"]}]},{\"@type\":\"ImageObject\",\"inLanguage\":\"de\",\"@id\":\"https:\\\/\\\/sysmatec.ch\\\/de\\\/produit\\\/reinstwasser-mit-millipore-direct-q3\\\/#primaryimage\",\"url\":\"https:\\\/\\\/sysmatec.ch\\\/wp-content\\\/uploads\\\/2019\\\/01\\\/EauUltrapure_MilliporeDirectQ3.jpg\",\"contentUrl\":\"https:\\\/\\\/sysmatec.ch\\\/wp-content\\\/uploads\\\/2019\\\/01\\\/EauUltrapure_MilliporeDirectQ3.jpg\",\"width\":150,\"height\":200},{\"@type\":\"BreadcrumbList\",\"@id\":\"https:\\\/\\\/sysmatec.ch\\\/de\\\/produit\\\/reinstwasser-mit-millipore-direct-q3\\\/#breadcrumb\",\"itemListElement\":[{\"@type\":\"ListItem\",\"position\":1,\"name\":\"Accueil\",\"item\":\"https:\\\/\\\/sysmatec.ch\\\/de\\\/\"},{\"@type\":\"ListItem\",\"position\":2,\"name\":\"Die Aktivit\u00e4t von Sysmatec\",\"item\":\"https:\\\/\\\/sysmatec.ch\\\/de\\\/\"},{\"@type\":\"ListItem\",\"position\":3,\"name\":\"Reinstwasser mit Millipore Direct-Q3\"}]},{\"@type\":\"WebSite\",\"@id\":\"https:\\\/\\\/sysmatec.ch\\\/de\\\/#website\",\"url\":\"https:\\\/\\\/sysmatec.ch\\\/de\\\/\",\"name\":\"Sysmatec\",\"description\":\"Equipement de laboratoire et logiciels\",\"publisher\":{\"@id\":\"https:\\\/\\\/sysmatec.ch\\\/de\\\/#organization\"},\"potentialAction\":[{\"@type\":\"SearchAction\",\"target\":{\"@type\":\"EntryPoint\",\"urlTemplate\":\"https:\\\/\\\/sysmatec.ch\\\/de\\\/?s={search_term_string}\"},\"query-input\":{\"@type\":\"PropertyValueSpecification\",\"valueRequired\":true,\"valueName\":\"search_term_string\"}}],\"inLanguage\":\"de\"},{\"@type\":\"Organization\",\"@id\":\"https:\\\/\\\/sysmatec.ch\\\/de\\\/#organization\",\"name\":\"Sysmatec\",\"url\":\"https:\\\/\\\/sysmatec.ch\\\/de\\\/\",\"logo\":{\"@type\":\"ImageObject\",\"inLanguage\":\"de\",\"@id\":\"https:\\\/\\\/sysmatec.ch\\\/de\\\/#\\\/schema\\\/logo\\\/image\\\/\",\"url\":\"https:\\\/\\\/sysmatec.ch\\\/wp-content\\\/uploads\\\/2018\\\/11\\\/LogoSysmatec.jpg\",\"contentUrl\":\"https:\\\/\\\/sysmatec.ch\\\/wp-content\\\/uploads\\\/2018\\\/11\\\/LogoSysmatec.jpg\",\"width\":301,\"height\":297,\"caption\":\"Sysmatec\"},\"image\":{\"@id\":\"https:\\\/\\\/sysmatec.ch\\\/de\\\/#\\\/schema\\\/logo\\\/image\\\/\"}}]}<\/script>\n<!-- \/ Yoast SEO plugin. -->","yoast_head_json":{"title":"Reinstwasser mit Millipore Direct-Q3 - Sysmatec","description":"Wasseraufbereitungssystem mit Umkehrosmose, Aktivkohle und Ionenaustausch zur Gewinnung von Reinstwasser Typ I und III.","robots":{"index":"index","follow":"follow","max-snippet":"max-snippet:-1","max-image-preview":"max-image-preview:large","max-video-preview":"max-video-preview:-1"},"canonical":"https:\/\/sysmatec.ch\/de\/produit\/reinstwasser-mit-millipore-direct-q3\/","og_locale":"de_DE","og_type":"article","og_title":"Reinstwasser mit Millipore Direct-Q3 - Sysmatec","og_description":"Wasseraufbereitungssystem mit Umkehrosmose, Aktivkohle und Ionenaustausch zur Gewinnung von Reinstwasser Typ I und III.","og_url":"https:\/\/sysmatec.ch\/de\/produit\/reinstwasser-mit-millipore-direct-q3\/","og_site_name":"Sysmatec","article_modified_time":"2022-03-08T07:16:04+00:00","og_image":[{"width":150,"height":200,"url":"https:\/\/sysmatec.ch\/wp-content\/uploads\/2019\/01\/EauUltrapure_MilliporeDirectQ3.jpg","type":"image\/jpeg"}],"twitter_card":"summary_large_image","twitter_misc":{"Gesch\u00e4tzte Lesezeit":"2\u00a0Minuten"},"schema":{"@context":"https:\/\/schema.org","@graph":[{"@type":"WebPage","@id":"https:\/\/sysmatec.ch\/de\/produit\/reinstwasser-mit-millipore-direct-q3\/","url":"https:\/\/sysmatec.ch\/de\/produit\/reinstwasser-mit-millipore-direct-q3\/","name":"Reinstwasser mit Millipore Direct-Q3 - Sysmatec","isPartOf":{"@id":"https:\/\/sysmatec.ch\/de\/#website"},"primaryImageOfPage":{"@id":"https:\/\/sysmatec.ch\/de\/produit\/reinstwasser-mit-millipore-direct-q3\/#primaryimage"},"image":{"@id":"https:\/\/sysmatec.ch\/de\/produit\/reinstwasser-mit-millipore-direct-q3\/#primaryimage"},"thumbnailUrl":"https:\/\/sysmatec.ch\/wp-content\/uploads\/2019\/01\/EauUltrapure_MilliporeDirectQ3.jpg","datePublished":"2019-01-14T10:22:31+00:00","dateModified":"2022-03-08T07:16:04+00:00","description":"Wasseraufbereitungssystem mit Umkehrosmose, Aktivkohle und Ionenaustausch zur Gewinnung von Reinstwasser Typ I und III.","breadcrumb":{"@id":"https:\/\/sysmatec.ch\/de\/produit\/reinstwasser-mit-millipore-direct-q3\/#breadcrumb"},"inLanguage":"de","potentialAction":[{"@type":"ReadAction","target":["https:\/\/sysmatec.ch\/de\/produit\/reinstwasser-mit-millipore-direct-q3\/"]}]},{"@type":"ImageObject","inLanguage":"de","@id":"https:\/\/sysmatec.ch\/de\/produit\/reinstwasser-mit-millipore-direct-q3\/#primaryimage","url":"https:\/\/sysmatec.ch\/wp-content\/uploads\/2019\/01\/EauUltrapure_MilliporeDirectQ3.jpg","contentUrl":"https:\/\/sysmatec.ch\/wp-content\/uploads\/2019\/01\/EauUltrapure_MilliporeDirectQ3.jpg","width":150,"height":200},{"@type":"BreadcrumbList","@id":"https:\/\/sysmatec.ch\/de\/produit\/reinstwasser-mit-millipore-direct-q3\/#breadcrumb","itemListElement":[{"@type":"ListItem","position":1,"name":"Accueil","item":"https:\/\/sysmatec.ch\/de\/"},{"@type":"ListItem","position":2,"name":"Die Aktivit\u00e4t von Sysmatec","item":"https:\/\/sysmatec.ch\/de\/"},{"@type":"ListItem","position":3,"name":"Reinstwasser mit Millipore Direct-Q3"}]},{"@type":"WebSite","@id":"https:\/\/sysmatec.ch\/de\/#website","url":"https:\/\/sysmatec.ch\/de\/","name":"Sysmatec","description":"Equipement de laboratoire et logiciels","publisher":{"@id":"https:\/\/sysmatec.ch\/de\/#organization"},"potentialAction":[{"@type":"SearchAction","target":{"@type":"EntryPoint","urlTemplate":"https:\/\/sysmatec.ch\/de\/?s={search_term_string}"},"query-input":{"@type":"PropertyValueSpecification","valueRequired":true,"valueName":"search_term_string"}}],"inLanguage":"de"},{"@type":"Organization","@id":"https:\/\/sysmatec.ch\/de\/#organization","name":"Sysmatec","url":"https:\/\/sysmatec.ch\/de\/","logo":{"@type":"ImageObject","inLanguage":"de","@id":"https:\/\/sysmatec.ch\/de\/#\/schema\/logo\/image\/","url":"https:\/\/sysmatec.ch\/wp-content\/uploads\/2018\/11\/LogoSysmatec.jpg","contentUrl":"https:\/\/sysmatec.ch\/wp-content\/uploads\/2018\/11\/LogoSysmatec.jpg","width":301,"height":297,"caption":"Sysmatec"},"image":{"@id":"https:\/\/sysmatec.ch\/de\/#\/schema\/logo\/image\/"}}]}},"_links":{"self":[{"href":"https:\/\/sysmatec.ch\/de\/wp-json\/wp\/v2\/product\/2154","targetHints":{"allow":["GET"]}}],"collection":[{"href":"https:\/\/sysmatec.ch\/de\/wp-json\/wp\/v2\/product"}],"about":[{"href":"https:\/\/sysmatec.ch\/de\/wp-json\/wp\/v2\/types\/product"}],"wp:featuredmedia":[{"embeddable":true,"href":"https:\/\/sysmatec.ch\/de\/wp-json\/wp\/v2\/media\/1319"}],"wp:attachment":[{"href":"https:\/\/sysmatec.ch\/de\/wp-json\/wp\/v2\/media?parent=2154"}],"wp:term":[{"taxonomy":"product_brand","embeddable":true,"href":"https:\/\/sysmatec.ch\/de\/wp-json\/wp\/v2\/product_brand?post=2154"},{"taxonomy":"product_cat","embeddable":true,"href":"https:\/\/sysmatec.ch\/de\/wp-json\/wp\/v2\/product_cat?post=2154"},{"taxonomy":"product_tag","embeddable":true,"href":"https:\/\/sysmatec.ch\/de\/wp-json\/wp\/v2\/product_tag?post=2154"}],"curies":[{"name":"wp","href":"https:\/\/api.w.org\/{rel}","templated":true}]}}