{"id":2150,"date":"2019-01-14T11:26:53","date_gmt":"2019-01-14T10:26:53","guid":{"rendered":"https:\/\/sysmatec.ch\/produit\/millipore-simplicity\/"},"modified":"2022-03-08T08:12:38","modified_gmt":"2022-03-08T07:12:38","slug":"simplicity-reinstwassersysteme","status":"publish","type":"product","link":"https:\/\/sysmatec.ch\/de\/Produkt\/simplicity-reinstwassersysteme\/","title":{"rendered":"Simplicity\u00ae Reinstwassersysteme"},"content":{"rendered":"<p>Reinstwasser des Typs I f\u00fcr Wissenschaftler, die weniger als 5 Liter am Tag ben\u00f6tigen.<\/p>\n<p>Das tragbare Simplicity Wasseraufbereitungs system kann \u00fcberall in Ihrem Labor aufgestellt werden. Es ben\u00f6tigt keine spezielle Installation, keinen Speisewasseranschluss und erzeugt aus vorbehandeltem Wasser (Elix\u00ae System, destilliertes, entionisiertes oder durch Umkehrosmose behandeltes Wasser) Reinstwasser auf Befehl.<\/p>\n<p>Das Reinstwasser des Simplicity Systems wird zum sofortigen Gebrauch hergestellt und unterliegt somit weniger Einfl\u00fcssen zur Verunreinigung und Verschlechterung der Wasserqualit\u00e4t als Flaschenwasser. Das Simplicity Wassersystem hat ein grafisches Farbdisplay, welches alle Systemparameter, wie die Wasserqualit\u00e4t und den Wasserstand im Tank auf einen Blick deutlich anzeigt. Das System informiert Sie automatisch, wenn die Aufbereitungs packs ausgetauscht werden m\u00fcssen. Mit seinem integrierten, abnehmbaren Tank ist das Simplicity System zu Ihrer Arbeitserleichterung konzipiert. Das Simplicity UV System verf\u00fcgt \u00fcber eine integrierte UV-Lampe mit doppelter Wellenl\u00e4nge (185 und 254 nm), um die organischen Verunreinigungen in Ihrem Reinstwasser auf &lt; 5 ppb zu verringern. Das Reinstwasser eignet sich so f\u00fcr sensible Anwendungen, wie die HPLC-, GC- und TOC-Analyse.<\/p>\n<p>Die Wartung beschr\u00e4nkt sich auf einen Packwechsel ein- oder zweimal im Jahr, basiert auf den angezeigten Wider standswert des erzeugten Reinstwassers.<\/p>\n<p>Technishe Angaben f\u00fcr Reinstwasser (Typ I) in normalen Bedingungen<\/p>\n<table border=\"1\" width=\"100%\" cellspacing=\"0\" cellpadding=\"2\">\n<tbody>\n<tr>\n<td valign=\"top\"><\/td>\n<td>Simplicity<\/td>\n<td>Simplicity UV<\/td>\n<\/tr>\n<tr>\n<td>Widerstand, MOmhs\u00b7cm bei 25 \u00b0C<\/td>\n<td>18.2<\/td>\n<td>18.2<\/td>\n<\/tr>\n<tr>\n<td>TOC<\/td>\n<td>&lt;15 ppb<\/td>\n<td>&lt;5 ppb<\/td>\n<\/tr>\n<tr>\n<td>Durchfluss<\/td>\n<td>&gt;0,5 l\/min<\/td>\n<td>&gt;0,5 l\/min<\/td>\n<\/tr>\n<tr>\n<td valign=\"top\">Endfilter<\/td>\n<td>0,05 um<\/td>\n<td>0,05 um<\/td>\n<\/tr>\n<tr>\n<td>H\u00f6he<\/td>\n<td>51 cm<\/td>\n<td>51 cm<\/td>\n<\/tr>\n<\/tbody>\n<\/table>\n","protected":false},"excerpt":{"rendered":"<p>Reinstwasser Typ I und III<\/p>\n","protected":false},"featured_media":1321,"template":"","meta":{"_crdt_document":""},"product_brand":[],"product_cat":[125],"product_tag":[],"class_list":{"0":"post-2150","1":"product","2":"type-product","3":"status-publish","4":"has-post-thumbnail","6":"product_cat-reinstwasser","8":"first","9":"instock","10":"taxable","11":"shipping-taxable","12":"product-type-simple"},"yoast_head":"<!-- This site is optimized with the Yoast SEO plugin v27.3 - https:\/\/yoast.com\/product\/yoast-seo-wordpress\/ -->\n<title>Simplicity\u00ae Reinstwassersysteme - Sysmatec<\/title>\n<meta name=\"description\" content=\"Wasseraufbereitungssystem mit Umkehrosmose, Aktivkohle und Ionenaustausch zur Gewinnung von Reinstwasser Typ I und III.\" \/>\n<meta name=\"robots\" content=\"index, follow, max-snippet:-1, max-image-preview:large, max-video-preview:-1\" \/>\n<link rel=\"canonical\" href=\"https:\/\/sysmatec.ch\/de\/produit\/simplicity-reinstwassersysteme\/\" \/>\n<meta property=\"og:locale\" content=\"de_DE\" \/>\n<meta property=\"og:type\" content=\"article\" \/>\n<meta property=\"og:title\" content=\"Simplicity\u00ae Reinstwassersysteme - Sysmatec\" \/>\n<meta property=\"og:description\" content=\"Wasseraufbereitungssystem mit Umkehrosmose, Aktivkohle und Ionenaustausch zur Gewinnung von Reinstwasser Typ I und III.\" \/>\n<meta property=\"og:url\" content=\"https:\/\/sysmatec.ch\/de\/produit\/simplicity-reinstwassersysteme\/\" \/>\n<meta property=\"og:site_name\" content=\"Sysmatec\" \/>\n<meta property=\"article:modified_time\" content=\"2022-03-08T07:12:38+00:00\" \/>\n<meta property=\"og:image\" content=\"https:\/\/sysmatec.ch\/wp-content\/uploads\/2019\/01\/EauUltrapure_MilliporeSimplicity.jpg\" \/>\n\t<meta property=\"og:image:width\" content=\"150\" \/>\n\t<meta property=\"og:image:height\" content=\"200\" \/>\n\t<meta property=\"og:image:type\" content=\"image\/jpeg\" \/>\n<meta name=\"twitter:card\" content=\"summary_large_image\" \/>\n<meta name=\"twitter:label1\" content=\"Gesch\u00e4tzte Lesezeit\" \/>\n\t<meta name=\"twitter:data1\" content=\"1\u00a0Minute\" \/>\n<script type=\"application\/ld+json\" class=\"yoast-schema-graph\">{\"@context\":\"https:\\\/\\\/schema.org\",\"@graph\":[{\"@type\":\"WebPage\",\"@id\":\"https:\\\/\\\/sysmatec.ch\\\/de\\\/produit\\\/simplicity-reinstwassersysteme\\\/\",\"url\":\"https:\\\/\\\/sysmatec.ch\\\/de\\\/produit\\\/simplicity-reinstwassersysteme\\\/\",\"name\":\"Simplicity\u00ae Reinstwassersysteme - Sysmatec\",\"isPartOf\":{\"@id\":\"https:\\\/\\\/sysmatec.ch\\\/de\\\/#website\"},\"primaryImageOfPage\":{\"@id\":\"https:\\\/\\\/sysmatec.ch\\\/de\\\/produit\\\/simplicity-reinstwassersysteme\\\/#primaryimage\"},\"image\":{\"@id\":\"https:\\\/\\\/sysmatec.ch\\\/de\\\/produit\\\/simplicity-reinstwassersysteme\\\/#primaryimage\"},\"thumbnailUrl\":\"https:\\\/\\\/sysmatec.ch\\\/wp-content\\\/uploads\\\/2019\\\/01\\\/EauUltrapure_MilliporeSimplicity.jpg\",\"datePublished\":\"2019-01-14T10:26:53+00:00\",\"dateModified\":\"2022-03-08T07:12:38+00:00\",\"description\":\"Wasseraufbereitungssystem mit Umkehrosmose, Aktivkohle und Ionenaustausch zur Gewinnung von Reinstwasser Typ I und III.\",\"breadcrumb\":{\"@id\":\"https:\\\/\\\/sysmatec.ch\\\/de\\\/produit\\\/simplicity-reinstwassersysteme\\\/#breadcrumb\"},\"inLanguage\":\"de\",\"potentialAction\":[{\"@type\":\"ReadAction\",\"target\":[\"https:\\\/\\\/sysmatec.ch\\\/de\\\/produit\\\/simplicity-reinstwassersysteme\\\/\"]}]},{\"@type\":\"ImageObject\",\"inLanguage\":\"de\",\"@id\":\"https:\\\/\\\/sysmatec.ch\\\/de\\\/produit\\\/simplicity-reinstwassersysteme\\\/#primaryimage\",\"url\":\"https:\\\/\\\/sysmatec.ch\\\/wp-content\\\/uploads\\\/2019\\\/01\\\/EauUltrapure_MilliporeSimplicity.jpg\",\"contentUrl\":\"https:\\\/\\\/sysmatec.ch\\\/wp-content\\\/uploads\\\/2019\\\/01\\\/EauUltrapure_MilliporeSimplicity.jpg\",\"width\":150,\"height\":200},{\"@type\":\"BreadcrumbList\",\"@id\":\"https:\\\/\\\/sysmatec.ch\\\/de\\\/produit\\\/simplicity-reinstwassersysteme\\\/#breadcrumb\",\"itemListElement\":[{\"@type\":\"ListItem\",\"position\":1,\"name\":\"Accueil\",\"item\":\"https:\\\/\\\/sysmatec.ch\\\/de\\\/\"},{\"@type\":\"ListItem\",\"position\":2,\"name\":\"Die Aktivit\u00e4t von Sysmatec\",\"item\":\"https:\\\/\\\/sysmatec.ch\\\/de\\\/\"},{\"@type\":\"ListItem\",\"position\":3,\"name\":\"Simplicity\u00ae Reinstwassersysteme\"}]},{\"@type\":\"WebSite\",\"@id\":\"https:\\\/\\\/sysmatec.ch\\\/de\\\/#website\",\"url\":\"https:\\\/\\\/sysmatec.ch\\\/de\\\/\",\"name\":\"Sysmatec\",\"description\":\"Equipement de laboratoire et logiciels\",\"publisher\":{\"@id\":\"https:\\\/\\\/sysmatec.ch\\\/de\\\/#organization\"},\"potentialAction\":[{\"@type\":\"SearchAction\",\"target\":{\"@type\":\"EntryPoint\",\"urlTemplate\":\"https:\\\/\\\/sysmatec.ch\\\/de\\\/?s={search_term_string}\"},\"query-input\":{\"@type\":\"PropertyValueSpecification\",\"valueRequired\":true,\"valueName\":\"search_term_string\"}}],\"inLanguage\":\"de\"},{\"@type\":\"Organization\",\"@id\":\"https:\\\/\\\/sysmatec.ch\\\/de\\\/#organization\",\"name\":\"Sysmatec\",\"url\":\"https:\\\/\\\/sysmatec.ch\\\/de\\\/\",\"logo\":{\"@type\":\"ImageObject\",\"inLanguage\":\"de\",\"@id\":\"https:\\\/\\\/sysmatec.ch\\\/de\\\/#\\\/schema\\\/logo\\\/image\\\/\",\"url\":\"https:\\\/\\\/sysmatec.ch\\\/wp-content\\\/uploads\\\/2018\\\/11\\\/LogoSysmatec.jpg\",\"contentUrl\":\"https:\\\/\\\/sysmatec.ch\\\/wp-content\\\/uploads\\\/2018\\\/11\\\/LogoSysmatec.jpg\",\"width\":301,\"height\":297,\"caption\":\"Sysmatec\"},\"image\":{\"@id\":\"https:\\\/\\\/sysmatec.ch\\\/de\\\/#\\\/schema\\\/logo\\\/image\\\/\"}}]}<\/script>\n<!-- \/ Yoast SEO plugin. -->","yoast_head_json":{"title":"Simplicity\u00ae Reinstwassersysteme - Sysmatec","description":"Wasseraufbereitungssystem mit Umkehrosmose, Aktivkohle und Ionenaustausch zur Gewinnung von Reinstwasser Typ I und III.","robots":{"index":"index","follow":"follow","max-snippet":"max-snippet:-1","max-image-preview":"max-image-preview:large","max-video-preview":"max-video-preview:-1"},"canonical":"https:\/\/sysmatec.ch\/de\/produit\/simplicity-reinstwassersysteme\/","og_locale":"de_DE","og_type":"article","og_title":"Simplicity\u00ae Reinstwassersysteme - Sysmatec","og_description":"Wasseraufbereitungssystem mit Umkehrosmose, Aktivkohle und Ionenaustausch zur Gewinnung von Reinstwasser Typ I und III.","og_url":"https:\/\/sysmatec.ch\/de\/produit\/simplicity-reinstwassersysteme\/","og_site_name":"Sysmatec","article_modified_time":"2022-03-08T07:12:38+00:00","og_image":[{"width":150,"height":200,"url":"https:\/\/sysmatec.ch\/wp-content\/uploads\/2019\/01\/EauUltrapure_MilliporeSimplicity.jpg","type":"image\/jpeg"}],"twitter_card":"summary_large_image","twitter_misc":{"Gesch\u00e4tzte Lesezeit":"1\u00a0Minute"},"schema":{"@context":"https:\/\/schema.org","@graph":[{"@type":"WebPage","@id":"https:\/\/sysmatec.ch\/de\/produit\/simplicity-reinstwassersysteme\/","url":"https:\/\/sysmatec.ch\/de\/produit\/simplicity-reinstwassersysteme\/","name":"Simplicity\u00ae Reinstwassersysteme - Sysmatec","isPartOf":{"@id":"https:\/\/sysmatec.ch\/de\/#website"},"primaryImageOfPage":{"@id":"https:\/\/sysmatec.ch\/de\/produit\/simplicity-reinstwassersysteme\/#primaryimage"},"image":{"@id":"https:\/\/sysmatec.ch\/de\/produit\/simplicity-reinstwassersysteme\/#primaryimage"},"thumbnailUrl":"https:\/\/sysmatec.ch\/wp-content\/uploads\/2019\/01\/EauUltrapure_MilliporeSimplicity.jpg","datePublished":"2019-01-14T10:26:53+00:00","dateModified":"2022-03-08T07:12:38+00:00","description":"Wasseraufbereitungssystem mit Umkehrosmose, Aktivkohle und Ionenaustausch zur Gewinnung von Reinstwasser Typ I und III.","breadcrumb":{"@id":"https:\/\/sysmatec.ch\/de\/produit\/simplicity-reinstwassersysteme\/#breadcrumb"},"inLanguage":"de","potentialAction":[{"@type":"ReadAction","target":["https:\/\/sysmatec.ch\/de\/produit\/simplicity-reinstwassersysteme\/"]}]},{"@type":"ImageObject","inLanguage":"de","@id":"https:\/\/sysmatec.ch\/de\/produit\/simplicity-reinstwassersysteme\/#primaryimage","url":"https:\/\/sysmatec.ch\/wp-content\/uploads\/2019\/01\/EauUltrapure_MilliporeSimplicity.jpg","contentUrl":"https:\/\/sysmatec.ch\/wp-content\/uploads\/2019\/01\/EauUltrapure_MilliporeSimplicity.jpg","width":150,"height":200},{"@type":"BreadcrumbList","@id":"https:\/\/sysmatec.ch\/de\/produit\/simplicity-reinstwassersysteme\/#breadcrumb","itemListElement":[{"@type":"ListItem","position":1,"name":"Accueil","item":"https:\/\/sysmatec.ch\/de\/"},{"@type":"ListItem","position":2,"name":"Die Aktivit\u00e4t von Sysmatec","item":"https:\/\/sysmatec.ch\/de\/"},{"@type":"ListItem","position":3,"name":"Simplicity\u00ae Reinstwassersysteme"}]},{"@type":"WebSite","@id":"https:\/\/sysmatec.ch\/de\/#website","url":"https:\/\/sysmatec.ch\/de\/","name":"Sysmatec","description":"Equipement de laboratoire et logiciels","publisher":{"@id":"https:\/\/sysmatec.ch\/de\/#organization"},"potentialAction":[{"@type":"SearchAction","target":{"@type":"EntryPoint","urlTemplate":"https:\/\/sysmatec.ch\/de\/?s={search_term_string}"},"query-input":{"@type":"PropertyValueSpecification","valueRequired":true,"valueName":"search_term_string"}}],"inLanguage":"de"},{"@type":"Organization","@id":"https:\/\/sysmatec.ch\/de\/#organization","name":"Sysmatec","url":"https:\/\/sysmatec.ch\/de\/","logo":{"@type":"ImageObject","inLanguage":"de","@id":"https:\/\/sysmatec.ch\/de\/#\/schema\/logo\/image\/","url":"https:\/\/sysmatec.ch\/wp-content\/uploads\/2018\/11\/LogoSysmatec.jpg","contentUrl":"https:\/\/sysmatec.ch\/wp-content\/uploads\/2018\/11\/LogoSysmatec.jpg","width":301,"height":297,"caption":"Sysmatec"},"image":{"@id":"https:\/\/sysmatec.ch\/de\/#\/schema\/logo\/image\/"}}]}},"_links":{"self":[{"href":"https:\/\/sysmatec.ch\/de\/wp-json\/wp\/v2\/product\/2150","targetHints":{"allow":["GET"]}}],"collection":[{"href":"https:\/\/sysmatec.ch\/de\/wp-json\/wp\/v2\/product"}],"about":[{"href":"https:\/\/sysmatec.ch\/de\/wp-json\/wp\/v2\/types\/product"}],"wp:featuredmedia":[{"embeddable":true,"href":"https:\/\/sysmatec.ch\/de\/wp-json\/wp\/v2\/media\/1321"}],"wp:attachment":[{"href":"https:\/\/sysmatec.ch\/de\/wp-json\/wp\/v2\/media?parent=2150"}],"wp:term":[{"taxonomy":"product_brand","embeddable":true,"href":"https:\/\/sysmatec.ch\/de\/wp-json\/wp\/v2\/product_brand?post=2150"},{"taxonomy":"product_cat","embeddable":true,"href":"https:\/\/sysmatec.ch\/de\/wp-json\/wp\/v2\/product_cat?post=2150"},{"taxonomy":"product_tag","embeddable":true,"href":"https:\/\/sysmatec.ch\/de\/wp-json\/wp\/v2\/product_tag?post=2150"}],"curies":[{"name":"wp","href":"https:\/\/api.w.org\/{rel}","templated":true}]}}