{"id":21469,"date":"2020-05-23T21:16:18","date_gmt":"2020-05-23T19:16:19","guid":{"rendered":"https:\/\/sysmatec.ch\/?post_type=product&#038;p=21469"},"modified":"2021-12-04T18:02:02","modified_gmt":"2021-12-04T17:02:02","slug":"covid-19-sars-cov-2-total-ab-igm-igg-elisa-kit","status":"publish","type":"product","link":"https:\/\/sysmatec.ch\/de\/Produkt\/covid-19-sars-cov-2-total-ab-igm-igg-elisa-kit\/","title":{"rendered":"Covid 19 (SARS-CoV-2) Total Ab (IgM\/IgG) Elisa Kit"},"content":{"rendered":"<p>Der COVID-19 (SARS-CoV-2) -IgM\/IgG-ELISA dient zur qualitativen Bestimmung von Antik\u00f6rpern der IgG-Klasse gegen SARS-CoV-2 in Humanserum oder -plasma (Citrat, Heparin) zur Unterst\u00fctzung der Diagnose der COVID-19-Krankheit und stellt diese dar eine Erg\u00e4nzung zum direkten Nachweis von Krankheitserregern.<\/p>\n<h2><span class=\"VIiyi\" lang=\"de\"><span class=\"JLqJ4b ChMk0b\" data-language-for-alternatives=\"de\" data-language-to-translate-into=\"fr\" data-phrase-index=\"2\" data-number-of-phrases=\"3\">Covid-Antigentest 19<\/span><\/span>\u00a0 Prinzip<\/h2>\n<p>Doppelantigen-Sandwich-Assay. Gesamtdauer des Assays: 70 Minuten Polystyrol-Mikrotiterplattenstreifen, die mit in Insektenzellen exprimierten rekombinanten SARS-CoV-2-Antigenen (rekombinantes N-Protein, S2-ECD und S1-RBD) vorbeschichtet sind. Die Serum- oder Plasmaprobe des Patienten wird hinzugef\u00fcgt, und w\u00e4hrend des ersten Inkubationsschritts werden die spezifischen SARS-CoV-2-Antik\u00f6rper in den Vertiefungen eingefangen, falls vorhanden. Die Mikrotiterplatten werden dann gewaschen, um ungebundene Serumproteine \u200b\u200bzu entfernen. Ein zweiter Satz rekombinanter Antigene (rekombinantes N-Protein, S2-ECD und S1-RBD), die an das Enzym Meerrettichperoxidase (HRP-Konjugat) konjugiert sind und dieselben Epitope wie die vorbeschichteten Antigene exprimieren, wird zugegeben und w\u00e4hrend der zweiten Inkubation werden sie an den eingefangenen Antik\u00f6rper binden. Die Mikrotiterplatten werden gewaschen, um ungebundenes Konjugat zu entfernen, und Chromogenl\u00f6sungen werden in die Vertiefungen gegeben. In Vertiefungen, die den &#8222;Sandwich&#8220; -Immunokomplex Antigen-Antik\u00f6rper-Antigen (HRP) enthalten, werden die farblosen Chromogene durch das gebundene HRP-Konjugat zu einem blau gef\u00e4rbten Produkt hydrolysiert. Die blaue Farbe wird gelb, nachdem die Reaktion mit Schwefels\u00e4ure gestoppt wurde. Die Menge der Farbintensit\u00e4t kann gemessen werden und ist proportional zur Menge des in den Vertiefungen eingefangenen Antik\u00f6rpers bzw. zur Probe. Vertiefungen mit SARS-CoV-2-negativen Proben bleiben farblos.<\/p>\n<h2>Mitgeliefertes Material mit dem <span class=\"VIiyi\" lang=\"de\"><span class=\"JLqJ4b ChMk0b\" data-language-for-alternatives=\"de\" data-language-to-translate-into=\"fr\" data-phrase-index=\"2\" data-number-of-phrases=\"3\">Covid-19 Antigentest<\/span><\/span><\/h2>\n<ul>\n<li>Mikrotiterplatte: 12 auseinanderbrechende 8-Well-Snap-Off-Streifen, die mit SARS-CoV-2-Antigenen beschichtet sind; in wiederverschlie\u00dfbarer Aluminiumfolie.<\/li>\n<li>IgM-IgG Probenverd\u00fcnnungspuffer<\/li>\n<li>Stop-L\u00f6sung<\/li>\n<li>Waschpuffer (20x konz.)<\/li>\n<li>Konjugierte<\/li>\n<li>TMB-Substratl\u00f6sung<\/li>\n<li>Positive Kontrolle<\/li>\n<li>Cut-off Kontrolle<\/li>\n<li>Negative Kontrolle<\/li>\n<\/ul>\n","protected":false},"excerpt":{"rendered":"<p>Covid 19 (SARS-CoV-2) Total Ab (IgM\/IgG) Elisa Kit<\/p>\n","protected":false},"featured_media":21473,"template":"","meta":{"_crdt_document":""},"product_brand":[],"product_cat":[418],"product_tag":[],"class_list":{"0":"post-21469","1":"product","2":"type-product","3":"status-publish","4":"has-post-thumbnail","6":"product_cat-covid19-de","8":"first","9":"instock","10":"taxable","11":"shipping-taxable","12":"product-type-simple"},"yoast_head":"<!-- This site is optimized with the Yoast SEO plugin v27.4 - https:\/\/yoast.com\/product\/yoast-seo-wordpress\/ -->\n<title>Covid 19 (SARS-CoV-2) Total Ab (IgM\/IgG) Elisa Kit - Sysmatec<\/title>\n<meta name=\"description\" content=\"Schnelltest zum Nachweis von Covid-19-Antigenen, SARS-CoV-2, Immunoassay nach Elisa-Test, f\u00fcr Profis.\" \/>\n<meta name=\"robots\" content=\"index, follow, max-snippet:-1, max-image-preview:large, max-video-preview:-1\" \/>\n<link rel=\"canonical\" href=\"https:\/\/sysmatec.ch\/de\/produit\/covid-19-sars-cov-2-total-ab-igm-igg-elisa-kit\/\" \/>\n<meta property=\"og:locale\" content=\"de_DE\" \/>\n<meta property=\"og:type\" content=\"article\" \/>\n<meta property=\"og:title\" content=\"Covid 19 (SARS-CoV-2) Total Ab (IgM\/IgG) Elisa Kit - Sysmatec\" \/>\n<meta property=\"og:description\" content=\"Schnelltest zum Nachweis von Covid-19-Antigenen, SARS-CoV-2, Immunoassay nach Elisa-Test, f\u00fcr Profis.\" \/>\n<meta property=\"og:url\" content=\"https:\/\/sysmatec.ch\/de\/produit\/covid-19-sars-cov-2-total-ab-igm-igg-elisa-kit\/\" \/>\n<meta property=\"og:site_name\" content=\"Sysmatec\" \/>\n<meta property=\"article:modified_time\" content=\"2021-12-04T17:02:02+00:00\" \/>\n<meta property=\"og:image\" content=\"https:\/\/sysmatec.ch\/wp-content\/uploads\/2020\/05\/TestCovid19ElisaIgMG_Tody1.jpg\" \/>\n\t<meta property=\"og:image:width\" content=\"320\" \/>\n\t<meta property=\"og:image:height\" content=\"260\" \/>\n\t<meta property=\"og:image:type\" content=\"image\/jpeg\" \/>\n<meta name=\"twitter:card\" content=\"summary_large_image\" \/>\n<meta name=\"twitter:label1\" content=\"Gesch\u00e4tzte Lesezeit\" \/>\n\t<meta name=\"twitter:data1\" content=\"2\u00a0Minuten\" \/>\n<script type=\"application\/ld+json\" class=\"yoast-schema-graph\">{\"@context\":\"https:\\\/\\\/schema.org\",\"@graph\":[{\"@type\":\"WebPage\",\"@id\":\"https:\\\/\\\/sysmatec.ch\\\/de\\\/produit\\\/covid-19-sars-cov-2-total-ab-igm-igg-elisa-kit\\\/\",\"url\":\"https:\\\/\\\/sysmatec.ch\\\/de\\\/produit\\\/covid-19-sars-cov-2-total-ab-igm-igg-elisa-kit\\\/\",\"name\":\"Covid 19 (SARS-CoV-2) Total Ab (IgM\\\/IgG) Elisa Kit - Sysmatec\",\"isPartOf\":{\"@id\":\"https:\\\/\\\/sysmatec.ch\\\/de\\\/#website\"},\"primaryImageOfPage\":{\"@id\":\"https:\\\/\\\/sysmatec.ch\\\/de\\\/produit\\\/covid-19-sars-cov-2-total-ab-igm-igg-elisa-kit\\\/#primaryimage\"},\"image\":{\"@id\":\"https:\\\/\\\/sysmatec.ch\\\/de\\\/produit\\\/covid-19-sars-cov-2-total-ab-igm-igg-elisa-kit\\\/#primaryimage\"},\"thumbnailUrl\":\"https:\\\/\\\/sysmatec.ch\\\/wp-content\\\/uploads\\\/2020\\\/05\\\/TestCovid19ElisaIgMG_Tody1.jpg\",\"datePublished\":\"2020-05-23T19:16:19+00:00\",\"dateModified\":\"2021-12-04T17:02:02+00:00\",\"description\":\"Schnelltest zum Nachweis von Covid-19-Antigenen, SARS-CoV-2, Immunoassay nach Elisa-Test, f\u00fcr Profis.\",\"breadcrumb\":{\"@id\":\"https:\\\/\\\/sysmatec.ch\\\/de\\\/produit\\\/covid-19-sars-cov-2-total-ab-igm-igg-elisa-kit\\\/#breadcrumb\"},\"inLanguage\":\"de\",\"potentialAction\":[{\"@type\":\"ReadAction\",\"target\":[\"https:\\\/\\\/sysmatec.ch\\\/de\\\/produit\\\/covid-19-sars-cov-2-total-ab-igm-igg-elisa-kit\\\/\"]}]},{\"@type\":\"ImageObject\",\"inLanguage\":\"de\",\"@id\":\"https:\\\/\\\/sysmatec.ch\\\/de\\\/produit\\\/covid-19-sars-cov-2-total-ab-igm-igg-elisa-kit\\\/#primaryimage\",\"url\":\"https:\\\/\\\/sysmatec.ch\\\/wp-content\\\/uploads\\\/2020\\\/05\\\/TestCovid19ElisaIgMG_Tody1.jpg\",\"contentUrl\":\"https:\\\/\\\/sysmatec.ch\\\/wp-content\\\/uploads\\\/2020\\\/05\\\/TestCovid19ElisaIgMG_Tody1.jpg\",\"width\":320,\"height\":260},{\"@type\":\"BreadcrumbList\",\"@id\":\"https:\\\/\\\/sysmatec.ch\\\/de\\\/produit\\\/covid-19-sars-cov-2-total-ab-igm-igg-elisa-kit\\\/#breadcrumb\",\"itemListElement\":[{\"@type\":\"ListItem\",\"position\":1,\"name\":\"Accueil\",\"item\":\"https:\\\/\\\/sysmatec.ch\\\/de\\\/\"},{\"@type\":\"ListItem\",\"position\":2,\"name\":\"Die Aktivit\u00e4t von Sysmatec\",\"item\":\"https:\\\/\\\/sysmatec.ch\\\/de\\\/\"},{\"@type\":\"ListItem\",\"position\":3,\"name\":\"Covid 19 (SARS-CoV-2) Total Ab (IgM\\\/IgG) Elisa Kit\"}]},{\"@type\":\"WebSite\",\"@id\":\"https:\\\/\\\/sysmatec.ch\\\/de\\\/#website\",\"url\":\"https:\\\/\\\/sysmatec.ch\\\/de\\\/\",\"name\":\"Sysmatec\",\"description\":\"Equipement de laboratoire et logiciels\",\"publisher\":{\"@id\":\"https:\\\/\\\/sysmatec.ch\\\/de\\\/#organization\"},\"potentialAction\":[{\"@type\":\"SearchAction\",\"target\":{\"@type\":\"EntryPoint\",\"urlTemplate\":\"https:\\\/\\\/sysmatec.ch\\\/de\\\/?s={search_term_string}\"},\"query-input\":{\"@type\":\"PropertyValueSpecification\",\"valueRequired\":true,\"valueName\":\"search_term_string\"}}],\"inLanguage\":\"de\"},{\"@type\":\"Organization\",\"@id\":\"https:\\\/\\\/sysmatec.ch\\\/de\\\/#organization\",\"name\":\"Sysmatec\",\"url\":\"https:\\\/\\\/sysmatec.ch\\\/de\\\/\",\"logo\":{\"@type\":\"ImageObject\",\"inLanguage\":\"de\",\"@id\":\"https:\\\/\\\/sysmatec.ch\\\/de\\\/#\\\/schema\\\/logo\\\/image\\\/\",\"url\":\"https:\\\/\\\/sysmatec.ch\\\/wp-content\\\/uploads\\\/2018\\\/11\\\/LogoSysmatec.jpg\",\"contentUrl\":\"https:\\\/\\\/sysmatec.ch\\\/wp-content\\\/uploads\\\/2018\\\/11\\\/LogoSysmatec.jpg\",\"width\":301,\"height\":297,\"caption\":\"Sysmatec\"},\"image\":{\"@id\":\"https:\\\/\\\/sysmatec.ch\\\/de\\\/#\\\/schema\\\/logo\\\/image\\\/\"}}]}<\/script>\n<!-- \/ Yoast SEO plugin. -->","yoast_head_json":{"title":"Covid 19 (SARS-CoV-2) Total Ab (IgM\/IgG) Elisa Kit - Sysmatec","description":"Schnelltest zum Nachweis von Covid-19-Antigenen, SARS-CoV-2, Immunoassay nach Elisa-Test, f\u00fcr Profis.","robots":{"index":"index","follow":"follow","max-snippet":"max-snippet:-1","max-image-preview":"max-image-preview:large","max-video-preview":"max-video-preview:-1"},"canonical":"https:\/\/sysmatec.ch\/de\/produit\/covid-19-sars-cov-2-total-ab-igm-igg-elisa-kit\/","og_locale":"de_DE","og_type":"article","og_title":"Covid 19 (SARS-CoV-2) Total Ab (IgM\/IgG) Elisa Kit - Sysmatec","og_description":"Schnelltest zum Nachweis von Covid-19-Antigenen, SARS-CoV-2, Immunoassay nach Elisa-Test, f\u00fcr Profis.","og_url":"https:\/\/sysmatec.ch\/de\/produit\/covid-19-sars-cov-2-total-ab-igm-igg-elisa-kit\/","og_site_name":"Sysmatec","article_modified_time":"2021-12-04T17:02:02+00:00","og_image":[{"width":320,"height":260,"url":"https:\/\/sysmatec.ch\/wp-content\/uploads\/2020\/05\/TestCovid19ElisaIgMG_Tody1.jpg","type":"image\/jpeg"}],"twitter_card":"summary_large_image","twitter_misc":{"Gesch\u00e4tzte Lesezeit":"2\u00a0Minuten"},"schema":{"@context":"https:\/\/schema.org","@graph":[{"@type":"WebPage","@id":"https:\/\/sysmatec.ch\/de\/produit\/covid-19-sars-cov-2-total-ab-igm-igg-elisa-kit\/","url":"https:\/\/sysmatec.ch\/de\/produit\/covid-19-sars-cov-2-total-ab-igm-igg-elisa-kit\/","name":"Covid 19 (SARS-CoV-2) Total Ab (IgM\/IgG) Elisa Kit - Sysmatec","isPartOf":{"@id":"https:\/\/sysmatec.ch\/de\/#website"},"primaryImageOfPage":{"@id":"https:\/\/sysmatec.ch\/de\/produit\/covid-19-sars-cov-2-total-ab-igm-igg-elisa-kit\/#primaryimage"},"image":{"@id":"https:\/\/sysmatec.ch\/de\/produit\/covid-19-sars-cov-2-total-ab-igm-igg-elisa-kit\/#primaryimage"},"thumbnailUrl":"https:\/\/sysmatec.ch\/wp-content\/uploads\/2020\/05\/TestCovid19ElisaIgMG_Tody1.jpg","datePublished":"2020-05-23T19:16:19+00:00","dateModified":"2021-12-04T17:02:02+00:00","description":"Schnelltest zum Nachweis von Covid-19-Antigenen, SARS-CoV-2, Immunoassay nach Elisa-Test, f\u00fcr Profis.","breadcrumb":{"@id":"https:\/\/sysmatec.ch\/de\/produit\/covid-19-sars-cov-2-total-ab-igm-igg-elisa-kit\/#breadcrumb"},"inLanguage":"de","potentialAction":[{"@type":"ReadAction","target":["https:\/\/sysmatec.ch\/de\/produit\/covid-19-sars-cov-2-total-ab-igm-igg-elisa-kit\/"]}]},{"@type":"ImageObject","inLanguage":"de","@id":"https:\/\/sysmatec.ch\/de\/produit\/covid-19-sars-cov-2-total-ab-igm-igg-elisa-kit\/#primaryimage","url":"https:\/\/sysmatec.ch\/wp-content\/uploads\/2020\/05\/TestCovid19ElisaIgMG_Tody1.jpg","contentUrl":"https:\/\/sysmatec.ch\/wp-content\/uploads\/2020\/05\/TestCovid19ElisaIgMG_Tody1.jpg","width":320,"height":260},{"@type":"BreadcrumbList","@id":"https:\/\/sysmatec.ch\/de\/produit\/covid-19-sars-cov-2-total-ab-igm-igg-elisa-kit\/#breadcrumb","itemListElement":[{"@type":"ListItem","position":1,"name":"Accueil","item":"https:\/\/sysmatec.ch\/de\/"},{"@type":"ListItem","position":2,"name":"Die Aktivit\u00e4t von Sysmatec","item":"https:\/\/sysmatec.ch\/de\/"},{"@type":"ListItem","position":3,"name":"Covid 19 (SARS-CoV-2) Total Ab (IgM\/IgG) Elisa Kit"}]},{"@type":"WebSite","@id":"https:\/\/sysmatec.ch\/de\/#website","url":"https:\/\/sysmatec.ch\/de\/","name":"Sysmatec","description":"Equipement de laboratoire et logiciels","publisher":{"@id":"https:\/\/sysmatec.ch\/de\/#organization"},"potentialAction":[{"@type":"SearchAction","target":{"@type":"EntryPoint","urlTemplate":"https:\/\/sysmatec.ch\/de\/?s={search_term_string}"},"query-input":{"@type":"PropertyValueSpecification","valueRequired":true,"valueName":"search_term_string"}}],"inLanguage":"de"},{"@type":"Organization","@id":"https:\/\/sysmatec.ch\/de\/#organization","name":"Sysmatec","url":"https:\/\/sysmatec.ch\/de\/","logo":{"@type":"ImageObject","inLanguage":"de","@id":"https:\/\/sysmatec.ch\/de\/#\/schema\/logo\/image\/","url":"https:\/\/sysmatec.ch\/wp-content\/uploads\/2018\/11\/LogoSysmatec.jpg","contentUrl":"https:\/\/sysmatec.ch\/wp-content\/uploads\/2018\/11\/LogoSysmatec.jpg","width":301,"height":297,"caption":"Sysmatec"},"image":{"@id":"https:\/\/sysmatec.ch\/de\/#\/schema\/logo\/image\/"}}]}},"_links":{"self":[{"href":"https:\/\/sysmatec.ch\/de\/wp-json\/wp\/v2\/product\/21469","targetHints":{"allow":["GET"]}}],"collection":[{"href":"https:\/\/sysmatec.ch\/de\/wp-json\/wp\/v2\/product"}],"about":[{"href":"https:\/\/sysmatec.ch\/de\/wp-json\/wp\/v2\/types\/product"}],"wp:featuredmedia":[{"embeddable":true,"href":"https:\/\/sysmatec.ch\/de\/wp-json\/wp\/v2\/media\/21473"}],"wp:attachment":[{"href":"https:\/\/sysmatec.ch\/de\/wp-json\/wp\/v2\/media?parent=21469"}],"wp:term":[{"taxonomy":"product_brand","embeddable":true,"href":"https:\/\/sysmatec.ch\/de\/wp-json\/wp\/v2\/product_brand?post=21469"},{"taxonomy":"product_cat","embeddable":true,"href":"https:\/\/sysmatec.ch\/de\/wp-json\/wp\/v2\/product_cat?post=21469"},{"taxonomy":"product_tag","embeddable":true,"href":"https:\/\/sysmatec.ch\/de\/wp-json\/wp\/v2\/product_tag?post=21469"}],"curies":[{"name":"wp","href":"https:\/\/api.w.org\/{rel}","templated":true}]}}