{"id":21456,"date":"2020-05-23T15:34:30","date_gmt":"2020-05-23T13:34:31","guid":{"rendered":"https:\/\/sysmatec.ch\/?post_type=product&#038;p=21456"},"modified":"2021-12-04T18:20:44","modified_gmt":"2021-12-04T17:20:44","slug":"covid-19-sars-cov-2-igg-elisa-kit","status":"publish","type":"product","link":"https:\/\/sysmatec.ch\/de\/Produkt\/covid-19-sars-cov-2-igg-elisa-kit\/","title":{"rendered":"Covid 19 (SARS-CoV-2) IgG Elisa Kit"},"content":{"rendered":"<p>Der COVID-19 (SARS-CoV-2) -IgG-ELISA dient zur qualitativen Bestimmung von Antik\u00f6rpern der IgG-Klasse gegen SARS-CoV-2 in Humanserum oder -plasma (Citrat, Heparin) zur Unterst\u00fctzung der Diagnose der COVID-19-Krankheit und stellt diese dar eine Erg\u00e4nzung zum direkten Nachweis von Krankheitserregern.<\/p>\n<h2><span class=\"VIiyi\" lang=\"de\"><span class=\"JLqJ4b ChMk0b\" data-language-for-alternatives=\"de\" data-language-to-translate-into=\"fr\" data-phrase-index=\"2\" data-number-of-phrases=\"3\">Prinzip des Covid-19-Antigentests<\/span><\/span><\/h2>\n<p>Die qualitative immunenzymatische Bestimmung spezifischer Antik\u00f6rper basiert auf der ELISA-Technik (Enzyme-linked Immunosorbent Assay). Mikrotiterplatten werden mit spezifischen Antigenen beschichtet, um entsprechende Antik\u00f6rper der Probe zu binden. Nach dem Waschen der Vertiefungen, um alles ungebundene Probenmaterial zu entfernen, wird ein mit Meerrettichperoxidase (HRP) markiertes Konjugat zugegeben. Dieses Konjugat bindet an die eingefangenen Antik\u00f6rper. In einem zweiten Waschschritt wird ungebundenes Konjugat entfernt. Der durch das gebundene Konjugat gebildete Immunkomplex wird durch Zugabe von Tetramethylbenzidin (TMB) -Substrat sichtbar gemacht, das ein blaues Reaktionsprodukt ergibt. Die Intensit\u00e4t dieses Produkts ist proportional zur Menge spezifischer Antik\u00f6rper in der Probe. Schwefels\u00e4ure wird zugegeben, um die Reaktion zu stoppen. Dies erzeugt eine gelbe Endpunktfarbe. Die Absorption bei 450\/620 nm wird unter Verwendung eines ELISA-Mikrotiterplattenleseger\u00e4ts abgelesen.<\/p>\n<h2>Mitgeliefertes Material mit dem Covid 19 Test<\/h2>\n<ul>\n<li>Mikrotiterplatte: 12 auseinanderbrechende 8-Well-Snap-Off-Streifen, die mit SARS-CoV-2-Antigenen beschichtet sind; in wiederverschlie\u00dfbarer Aluminiumfolie.<\/li>\n<li>IgG-Probenverd\u00fcnnungspuffer<\/li>\n<li>Stop-L\u00f6sung<\/li>\n<li>Waschpuffer (20x konz.)<\/li>\n<li>Konjugierte<\/li>\n<li>TMB-Substratl\u00f6sung<\/li>\n<li>Positive Kontrolle<\/li>\n<li>Cut-off Kontrolle<\/li>\n<li>Negative Kontrolle<\/li>\n<\/ul>\n","protected":false},"excerpt":{"rendered":"<p>Coronavirus (SARS-CoV-2) IgG Elisa Kit<\/p>\n","protected":false},"featured_media":21460,"template":"","meta":{"_crdt_document":""},"product_brand":[],"product_cat":[418],"product_tag":[],"class_list":{"0":"post-21456","1":"product","2":"type-product","3":"status-publish","4":"has-post-thumbnail","6":"product_cat-covid19-de","8":"first","9":"instock","10":"taxable","11":"shipping-taxable","12":"product-type-simple"},"yoast_head":"<!-- This site is optimized with the Yoast SEO plugin v27.3 - https:\/\/yoast.com\/product\/yoast-seo-wordpress\/ -->\n<title>Covid 19 (SARS-CoV-2) IgG Elisa Kit - Sysmatec<\/title>\n<meta name=\"description\" content=\"Schnelltest f\u00fcr Anti-Covid 19 IgG, SARS-CoV-2, Immunoassay mit Elisa Test. Test mit Plattenleser, f\u00fcr Profis.\" \/>\n<meta name=\"robots\" content=\"index, follow, max-snippet:-1, max-image-preview:large, max-video-preview:-1\" \/>\n<link rel=\"canonical\" href=\"https:\/\/sysmatec.ch\/de\/produit\/covid-19-sars-cov-2-igg-elisa-kit\/\" \/>\n<meta property=\"og:locale\" content=\"de_DE\" \/>\n<meta property=\"og:type\" content=\"article\" \/>\n<meta property=\"og:title\" content=\"Covid 19 (SARS-CoV-2) IgG Elisa Kit - Sysmatec\" \/>\n<meta property=\"og:description\" content=\"Schnelltest f\u00fcr Anti-Covid 19 IgG, SARS-CoV-2, Immunoassay mit Elisa Test. Test mit Plattenleser, f\u00fcr Profis.\" \/>\n<meta property=\"og:url\" content=\"https:\/\/sysmatec.ch\/de\/produit\/covid-19-sars-cov-2-igg-elisa-kit\/\" \/>\n<meta property=\"og:site_name\" content=\"Sysmatec\" \/>\n<meta property=\"article:modified_time\" content=\"2021-12-04T17:20:44+00:00\" \/>\n<meta property=\"og:image\" content=\"https:\/\/sysmatec.ch\/wp-content\/uploads\/2020\/05\/TestCovid19ElisaIgG_Tody1.jpg\" \/>\n\t<meta property=\"og:image:width\" content=\"320\" \/>\n\t<meta property=\"og:image:height\" content=\"260\" \/>\n\t<meta property=\"og:image:type\" content=\"image\/jpeg\" \/>\n<meta name=\"twitter:card\" content=\"summary_large_image\" \/>\n<meta name=\"twitter:label1\" content=\"Gesch\u00e4tzte Lesezeit\" \/>\n\t<meta name=\"twitter:data1\" content=\"1\u00a0Minute\" \/>\n<script type=\"application\/ld+json\" class=\"yoast-schema-graph\">{\"@context\":\"https:\\\/\\\/schema.org\",\"@graph\":[{\"@type\":\"WebPage\",\"@id\":\"https:\\\/\\\/sysmatec.ch\\\/de\\\/produit\\\/covid-19-sars-cov-2-igg-elisa-kit\\\/\",\"url\":\"https:\\\/\\\/sysmatec.ch\\\/de\\\/produit\\\/covid-19-sars-cov-2-igg-elisa-kit\\\/\",\"name\":\"Covid 19 (SARS-CoV-2) IgG Elisa Kit - Sysmatec\",\"isPartOf\":{\"@id\":\"https:\\\/\\\/sysmatec.ch\\\/de\\\/#website\"},\"primaryImageOfPage\":{\"@id\":\"https:\\\/\\\/sysmatec.ch\\\/de\\\/produit\\\/covid-19-sars-cov-2-igg-elisa-kit\\\/#primaryimage\"},\"image\":{\"@id\":\"https:\\\/\\\/sysmatec.ch\\\/de\\\/produit\\\/covid-19-sars-cov-2-igg-elisa-kit\\\/#primaryimage\"},\"thumbnailUrl\":\"https:\\\/\\\/sysmatec.ch\\\/wp-content\\\/uploads\\\/2020\\\/05\\\/TestCovid19ElisaIgG_Tody1.jpg\",\"datePublished\":\"2020-05-23T13:34:31+00:00\",\"dateModified\":\"2021-12-04T17:20:44+00:00\",\"description\":\"Schnelltest f\u00fcr Anti-Covid 19 IgG, SARS-CoV-2, Immunoassay mit Elisa Test. Test mit Plattenleser, f\u00fcr Profis.\",\"breadcrumb\":{\"@id\":\"https:\\\/\\\/sysmatec.ch\\\/de\\\/produit\\\/covid-19-sars-cov-2-igg-elisa-kit\\\/#breadcrumb\"},\"inLanguage\":\"de\",\"potentialAction\":[{\"@type\":\"ReadAction\",\"target\":[\"https:\\\/\\\/sysmatec.ch\\\/de\\\/produit\\\/covid-19-sars-cov-2-igg-elisa-kit\\\/\"]}]},{\"@type\":\"ImageObject\",\"inLanguage\":\"de\",\"@id\":\"https:\\\/\\\/sysmatec.ch\\\/de\\\/produit\\\/covid-19-sars-cov-2-igg-elisa-kit\\\/#primaryimage\",\"url\":\"https:\\\/\\\/sysmatec.ch\\\/wp-content\\\/uploads\\\/2020\\\/05\\\/TestCovid19ElisaIgG_Tody1.jpg\",\"contentUrl\":\"https:\\\/\\\/sysmatec.ch\\\/wp-content\\\/uploads\\\/2020\\\/05\\\/TestCovid19ElisaIgG_Tody1.jpg\",\"width\":320,\"height\":260},{\"@type\":\"BreadcrumbList\",\"@id\":\"https:\\\/\\\/sysmatec.ch\\\/de\\\/produit\\\/covid-19-sars-cov-2-igg-elisa-kit\\\/#breadcrumb\",\"itemListElement\":[{\"@type\":\"ListItem\",\"position\":1,\"name\":\"Accueil\",\"item\":\"https:\\\/\\\/sysmatec.ch\\\/de\\\/\"},{\"@type\":\"ListItem\",\"position\":2,\"name\":\"Die Aktivit\u00e4t von Sysmatec\",\"item\":\"https:\\\/\\\/sysmatec.ch\\\/de\\\/\"},{\"@type\":\"ListItem\",\"position\":3,\"name\":\"Covid 19 (SARS-CoV-2) IgG Elisa Kit\"}]},{\"@type\":\"WebSite\",\"@id\":\"https:\\\/\\\/sysmatec.ch\\\/de\\\/#website\",\"url\":\"https:\\\/\\\/sysmatec.ch\\\/de\\\/\",\"name\":\"Sysmatec\",\"description\":\"Equipement de laboratoire et logiciels\",\"publisher\":{\"@id\":\"https:\\\/\\\/sysmatec.ch\\\/de\\\/#organization\"},\"potentialAction\":[{\"@type\":\"SearchAction\",\"target\":{\"@type\":\"EntryPoint\",\"urlTemplate\":\"https:\\\/\\\/sysmatec.ch\\\/de\\\/?s={search_term_string}\"},\"query-input\":{\"@type\":\"PropertyValueSpecification\",\"valueRequired\":true,\"valueName\":\"search_term_string\"}}],\"inLanguage\":\"de\"},{\"@type\":\"Organization\",\"@id\":\"https:\\\/\\\/sysmatec.ch\\\/de\\\/#organization\",\"name\":\"Sysmatec\",\"url\":\"https:\\\/\\\/sysmatec.ch\\\/de\\\/\",\"logo\":{\"@type\":\"ImageObject\",\"inLanguage\":\"de\",\"@id\":\"https:\\\/\\\/sysmatec.ch\\\/de\\\/#\\\/schema\\\/logo\\\/image\\\/\",\"url\":\"https:\\\/\\\/sysmatec.ch\\\/wp-content\\\/uploads\\\/2018\\\/11\\\/LogoSysmatec.jpg\",\"contentUrl\":\"https:\\\/\\\/sysmatec.ch\\\/wp-content\\\/uploads\\\/2018\\\/11\\\/LogoSysmatec.jpg\",\"width\":301,\"height\":297,\"caption\":\"Sysmatec\"},\"image\":{\"@id\":\"https:\\\/\\\/sysmatec.ch\\\/de\\\/#\\\/schema\\\/logo\\\/image\\\/\"}}]}<\/script>\n<!-- \/ Yoast SEO plugin. -->","yoast_head_json":{"title":"Covid 19 (SARS-CoV-2) IgG Elisa Kit - Sysmatec","description":"Schnelltest f\u00fcr Anti-Covid 19 IgG, SARS-CoV-2, Immunoassay mit Elisa Test. Test mit Plattenleser, f\u00fcr Profis.","robots":{"index":"index","follow":"follow","max-snippet":"max-snippet:-1","max-image-preview":"max-image-preview:large","max-video-preview":"max-video-preview:-1"},"canonical":"https:\/\/sysmatec.ch\/de\/produit\/covid-19-sars-cov-2-igg-elisa-kit\/","og_locale":"de_DE","og_type":"article","og_title":"Covid 19 (SARS-CoV-2) IgG Elisa Kit - Sysmatec","og_description":"Schnelltest f\u00fcr Anti-Covid 19 IgG, SARS-CoV-2, Immunoassay mit Elisa Test. Test mit Plattenleser, f\u00fcr Profis.","og_url":"https:\/\/sysmatec.ch\/de\/produit\/covid-19-sars-cov-2-igg-elisa-kit\/","og_site_name":"Sysmatec","article_modified_time":"2021-12-04T17:20:44+00:00","og_image":[{"width":320,"height":260,"url":"https:\/\/sysmatec.ch\/wp-content\/uploads\/2020\/05\/TestCovid19ElisaIgG_Tody1.jpg","type":"image\/jpeg"}],"twitter_card":"summary_large_image","twitter_misc":{"Gesch\u00e4tzte Lesezeit":"1\u00a0Minute"},"schema":{"@context":"https:\/\/schema.org","@graph":[{"@type":"WebPage","@id":"https:\/\/sysmatec.ch\/de\/produit\/covid-19-sars-cov-2-igg-elisa-kit\/","url":"https:\/\/sysmatec.ch\/de\/produit\/covid-19-sars-cov-2-igg-elisa-kit\/","name":"Covid 19 (SARS-CoV-2) IgG Elisa Kit - Sysmatec","isPartOf":{"@id":"https:\/\/sysmatec.ch\/de\/#website"},"primaryImageOfPage":{"@id":"https:\/\/sysmatec.ch\/de\/produit\/covid-19-sars-cov-2-igg-elisa-kit\/#primaryimage"},"image":{"@id":"https:\/\/sysmatec.ch\/de\/produit\/covid-19-sars-cov-2-igg-elisa-kit\/#primaryimage"},"thumbnailUrl":"https:\/\/sysmatec.ch\/wp-content\/uploads\/2020\/05\/TestCovid19ElisaIgG_Tody1.jpg","datePublished":"2020-05-23T13:34:31+00:00","dateModified":"2021-12-04T17:20:44+00:00","description":"Schnelltest f\u00fcr Anti-Covid 19 IgG, SARS-CoV-2, Immunoassay mit Elisa Test. Test mit Plattenleser, f\u00fcr Profis.","breadcrumb":{"@id":"https:\/\/sysmatec.ch\/de\/produit\/covid-19-sars-cov-2-igg-elisa-kit\/#breadcrumb"},"inLanguage":"de","potentialAction":[{"@type":"ReadAction","target":["https:\/\/sysmatec.ch\/de\/produit\/covid-19-sars-cov-2-igg-elisa-kit\/"]}]},{"@type":"ImageObject","inLanguage":"de","@id":"https:\/\/sysmatec.ch\/de\/produit\/covid-19-sars-cov-2-igg-elisa-kit\/#primaryimage","url":"https:\/\/sysmatec.ch\/wp-content\/uploads\/2020\/05\/TestCovid19ElisaIgG_Tody1.jpg","contentUrl":"https:\/\/sysmatec.ch\/wp-content\/uploads\/2020\/05\/TestCovid19ElisaIgG_Tody1.jpg","width":320,"height":260},{"@type":"BreadcrumbList","@id":"https:\/\/sysmatec.ch\/de\/produit\/covid-19-sars-cov-2-igg-elisa-kit\/#breadcrumb","itemListElement":[{"@type":"ListItem","position":1,"name":"Accueil","item":"https:\/\/sysmatec.ch\/de\/"},{"@type":"ListItem","position":2,"name":"Die Aktivit\u00e4t von Sysmatec","item":"https:\/\/sysmatec.ch\/de\/"},{"@type":"ListItem","position":3,"name":"Covid 19 (SARS-CoV-2) IgG Elisa Kit"}]},{"@type":"WebSite","@id":"https:\/\/sysmatec.ch\/de\/#website","url":"https:\/\/sysmatec.ch\/de\/","name":"Sysmatec","description":"Equipement de laboratoire et logiciels","publisher":{"@id":"https:\/\/sysmatec.ch\/de\/#organization"},"potentialAction":[{"@type":"SearchAction","target":{"@type":"EntryPoint","urlTemplate":"https:\/\/sysmatec.ch\/de\/?s={search_term_string}"},"query-input":{"@type":"PropertyValueSpecification","valueRequired":true,"valueName":"search_term_string"}}],"inLanguage":"de"},{"@type":"Organization","@id":"https:\/\/sysmatec.ch\/de\/#organization","name":"Sysmatec","url":"https:\/\/sysmatec.ch\/de\/","logo":{"@type":"ImageObject","inLanguage":"de","@id":"https:\/\/sysmatec.ch\/de\/#\/schema\/logo\/image\/","url":"https:\/\/sysmatec.ch\/wp-content\/uploads\/2018\/11\/LogoSysmatec.jpg","contentUrl":"https:\/\/sysmatec.ch\/wp-content\/uploads\/2018\/11\/LogoSysmatec.jpg","width":301,"height":297,"caption":"Sysmatec"},"image":{"@id":"https:\/\/sysmatec.ch\/de\/#\/schema\/logo\/image\/"}}]}},"_links":{"self":[{"href":"https:\/\/sysmatec.ch\/de\/wp-json\/wp\/v2\/product\/21456","targetHints":{"allow":["GET"]}}],"collection":[{"href":"https:\/\/sysmatec.ch\/de\/wp-json\/wp\/v2\/product"}],"about":[{"href":"https:\/\/sysmatec.ch\/de\/wp-json\/wp\/v2\/types\/product"}],"wp:featuredmedia":[{"embeddable":true,"href":"https:\/\/sysmatec.ch\/de\/wp-json\/wp\/v2\/media\/21460"}],"wp:attachment":[{"href":"https:\/\/sysmatec.ch\/de\/wp-json\/wp\/v2\/media?parent=21456"}],"wp:term":[{"taxonomy":"product_brand","embeddable":true,"href":"https:\/\/sysmatec.ch\/de\/wp-json\/wp\/v2\/product_brand?post=21456"},{"taxonomy":"product_cat","embeddable":true,"href":"https:\/\/sysmatec.ch\/de\/wp-json\/wp\/v2\/product_cat?post=21456"},{"taxonomy":"product_tag","embeddable":true,"href":"https:\/\/sysmatec.ch\/de\/wp-json\/wp\/v2\/product_tag?post=21456"}],"curies":[{"name":"wp","href":"https:\/\/api.w.org\/{rel}","templated":true}]}}